{"id":32761,"date":"2025-04-23T17:21:23","date_gmt":"2025-04-23T15:21:23","guid":{"rendered":"https:\/\/cem-instruments.de\/de\/?page_id=32761"},"modified":"2025-04-23T22:48:40","modified_gmt":"2025-04-23T20:48:40","slug":"karriere","status":"publish","type":"page","link":"https:\/\/cem-instruments.de\/de\/karriere\/","title":{"rendered":"Karriere"},"content":{"rendered":"\t\t<div data-elementor-type=\"wp-page\" data-elementor-id=\"32761\" class=\"elementor elementor-32761\" data-elementor-post-type=\"page\">\n\t\t\t\t<div class=\"wd-negative-gap elementor-element elementor-element-6eae88f e-flex e-con-boxed e-con e-parent\" data-id=\"6eae88f\" data-element_type=\"container\">\n\t\t\t\t\t<div class=\"e-con-inner\">\n\t\t\t\t<div class=\"elementor-element elementor-element-2bfa7e4 wd-width-100 elementor-widget elementor-widget-wd_title\" data-id=\"2bfa7e4\" data-element_type=\"widget\" data-widget_type=\"wd_title.default\">\n\t\t\t\t<div class=\"elementor-widget-container\">\n\t\t\t\t\t\t\t<div class=\"title-wrapper wd-set-mb reset-last-child wd-title-color-default wd-title-style-default wd-title-size-default text-center\">\n\n\t\t\t\t\t\t\t\t\t\t\t<div class=\"title-subtitle subtitle-color-default subtitle-style-default wd-fontsize-xs\">\n\t\t\t\t\tStellenausschreibung\t\t\t\t<\/div>\n\t\t\t\n\t\t\t<div class=\"liner-continer\">\n\t\t\t\t<h4 class=\"woodmart-title-container title wd-fontsize-l\">Mitarbeiter im Vertrieb \/ Projektmanagement (m\/w\/d), D\u00fcsseldorf, Neuss<\/h4> \n\t\t\t\t\t\t\t<\/div>\n\n\t\t\t\t\t<\/div>\n\t\t\t\t\t\t<\/div>\n\t\t\t\t<\/div>\n\t\t\t\t\t<\/div>\n\t\t\t\t<\/div>\n\t\t<div class=\"elementor-element elementor-element-c4229c3 e-flex e-con-boxed e-con e-parent\" data-id=\"c4229c3\" data-element_type=\"container\">\n\t\t\t\t\t<div class=\"e-con-inner\">\n\t\t\t\t<div class=\"elementor-element elementor-element-f02cd92 elementor-widget elementor-widget-wd_text_block\" data-id=\"f02cd92\" data-element_type=\"widget\" data-widget_type=\"wd_text_block.default\">\n\t\t\t\t<div class=\"elementor-widget-container\">\n\t\t\t\t\t\t\t<div class=\"wd-text-block reset-last-child text-left\">\n\t\t\t\n\t\t\t<p>\u00a0<\/p><p><strong>\u00dcber CEM Test Instruments GmbH<\/strong><\/p><p>Wir sind ein Elektronikunternehmen und bieten unseren Kunden eine breite Auswahl an professionellen Messger\u00e4ten und Instrumenten an. Unser Hauptsitz befindet sich seit \u00fcber 30 Jahren in Shenzhen, China. Als deutsche Niederlassung \u2013 CEM Test Instruments GmbH \u2013 betreuen wir Kunden und Partner in ganz Europa.<\/p><p>Unser Standort: D\u00fcsseldorf<\/p><p>\u2e3b<\/p><p><strong>Ihre Aufgaben<\/strong><\/p><p>Als B2B Sales Representative unterst\u00fctzen Sie unser Vertriebsteam in Deutschland und bauen langfristige Partnerschaften mit Kunden und Gesch\u00e4ftspartnern auf. Dar\u00fcber hinaus wirken Sie aktiv an Marketingaktivit\u00e4ten mit und beteiligen sich an spannenden Projekten.<\/p><p>\u2e3b<\/p><p><strong>Ihre Verantwortlichkeiten<\/strong><\/p><p>\u2022\u00a0\u00a0\u00a0\u00a0Aktive Identifikation, Ansprache und Akquise neuer B2B-Kunden, Partner und Reseller in europ\u00e4ischen M\u00e4rkten<br \/>\u2022\u00a0\u00a0\u00a0\u00a0Pflege und Ausbau bestehender Kundenbeziehungen mithilfe unseres CRM-Systems<br \/>\u2022\u00a0\u00a0\u00a0\u00a0Regelm\u00e4\u00dfiges, eigenverantwortliches Reporting<br \/>\u2022\u00a0\u00a0\u00a0\u00a0Mitarbeit bei Marketingma\u00dfnahmen und -kampagnen<br \/>\u2022\u00a0\u00a0\u00a0\u00a0Teilnahme an internen Events, Kongressen und Fachmessen sowie Unterst\u00fctzung bei Messeauftritten<\/p><p>\u2e3b<\/p><p><strong>Ihr Profil<\/strong><\/p><p>\u2022\u00a0\u00a0\u00a0\u00a0Abgeschlossene technische oder kaufm\u00e4nnische Ausbildung (z.\u202fB. Techniker, Studium oder vergleichbare Qualifikation)<br \/>\u2022\u00a0\u00a0\u00a0\u00a0Mindestens 1 Jahre Erfahrung im B2B-Vertrieb, idealerweise im Baumarkt- oder Elektronik-Fachhandelsumfeld<br \/>\u2022\u00a0\u00a0\u00a0\u00a0Ausgepr\u00e4gte Kommunikationsst\u00e4rke in Wort und Schrift<br \/>\u2022\u00a0\u00a0\u00a0\u00a0Freude an der Pflege und dem Aufbau von Kundenbeziehungen<br \/>\u2022\u00a0\u00a0\u00a0\u00a0Flie\u00dfende Deutsch- und Englischkenntnisse<br \/>\u2022\u00a0\u00a0\u00a0\u00a0Offene, motivierte und positive Pers\u00f6nlichkeit<\/p><p>\u2e3b<\/p><p><strong>Was wir bieten<\/strong><\/p><p>\u2022\u00a0\u00a0\u00a0\u00a0Eine sichere Position in einem wachsenden, dynamischen Unternehmen mit Start-up-Charakter<br \/>\u2022\u00a0\u00a0\u00a0\u00a0Attraktives Festgehalt plus erfolgsabh\u00e4ngige Provision<br \/>\u2022\u00a0\u00a0\u00a0\u00a030 Urlaubstage<br \/>\u2022\u00a0\u00a0\u00a0\u00a0Modernes Starterpaket (Smartphone, Laptop usw.)<br \/>\u2022\u00a0\u00a0\u00a0\u00a0Flexible Arbeitszeitmodelle inkl. Homeoffice und Mobile Working<br \/>\u2022\u00a0\u00a0\u00a0\u00a0Offene Unternehmenskultur mit flachen Hierarchien und schnellen Entscheidungswegen<\/p><p>\u2e3b<\/p><p>Jetzt bewerben!<\/p><p>Wir freuen uns auf Ihre Bewerbung per E-Mail! Bitte geben Sie dabei auch kurz an, wann Sie fr\u00fchestens starten k\u00f6nnen und welche Gehaltsvorstellung Sie haben.<\/p><p><strong><a style=\"color: blue\">E-Mail: info@cem-instruments.de<\/a><\/strong><\/p>\n\t\t\t\t\t<\/div>\n\t\t\t\t\t\t<\/div>\n\t\t\t\t<\/div>\n\t\t\t\t\t<\/div>\n\t\t\t\t<\/div>\n\t\t\t\t<\/div>\n\t\t","protected":false},"excerpt":{"rendered":"<p>Stellenausschreibung Mitarbeiter im Vertrieb \/ Projektmanagement (m\/w\/d), D\u00fcsseldorf, Neuss \u00a0 \u00dcber CEM Test Instruments GmbH Wir sind ein Elektronikunternehmen und<\/p>\n","protected":false},"author":5,"featured_media":0,"parent":0,"menu_order":0,"comment_status":"closed","ping_status":"closed","template":"","meta":{"_cloudinary_featured_overwrite":false,"footnotes":""},"class_list":["post-32761","page","type-page","status-publish","hentry"],"yoast_head":"<!-- This site is optimized with the Yoast SEO plugin v24.3 - https:\/\/yoast.com\/wordpress\/plugins\/seo\/ -->\n<title>Karriere - CEM Test Instruments GmbH<\/title>\n<meta name=\"robots\" content=\"index, follow, max-snippet:-1, max-image-preview:large, max-video-preview:-1\" \/>\n<link rel=\"canonical\" href=\"https:\/\/cem-instruments.de\/de\/karriere\/\" \/>\n<meta property=\"og:locale\" content=\"de_DE\" \/>\n<meta property=\"og:type\" content=\"article\" \/>\n<meta property=\"og:title\" content=\"Karriere - CEM Test Instruments GmbH\" \/>\n<meta property=\"og:description\" content=\"Stellenausschreibung Mitarbeiter im Vertrieb \/ Projektmanagement (m\/w\/d), D\u00fcsseldorf, Neuss \u00a0 \u00dcber CEM Test Instruments GmbH Wir sind ein Elektronikunternehmen und\" \/>\n<meta property=\"og:url\" content=\"https:\/\/cem-instruments.de\/de\/karriere\/\" \/>\n<meta property=\"og:site_name\" content=\"CEM Test Instruments GmbH\" \/>\n<meta property=\"article:modified_time\" content=\"2025-04-23T20:48:40+00:00\" \/>\n<meta name=\"twitter:card\" content=\"summary_large_image\" \/>\n<meta name=\"twitter:label1\" content=\"Gesch\u00e4tzte Lesezeit\" \/>\n\t<meta name=\"twitter:data1\" content=\"2\u00a0Minuten\" \/>\n<script type=\"application\/ld+json\" class=\"yoast-schema-graph\">{\"@context\":\"https:\/\/schema.org\",\"@graph\":[{\"@type\":\"WebPage\",\"@id\":\"https:\/\/cem-instruments.de\/de\/karriere\/\",\"url\":\"https:\/\/cem-instruments.de\/de\/karriere\/\",\"name\":\"Karriere - CEM Test Instruments GmbH\",\"isPartOf\":{\"@id\":\"https:\/\/cem-instruments.de\/de\/#website\"},\"datePublished\":\"2025-04-23T15:21:23+00:00\",\"dateModified\":\"2025-04-23T20:48:40+00:00\",\"breadcrumb\":{\"@id\":\"https:\/\/cem-instruments.de\/de\/karriere\/#breadcrumb\"},\"inLanguage\":\"de\",\"potentialAction\":[{\"@type\":\"ReadAction\",\"target\":[\"https:\/\/cem-instruments.de\/de\/karriere\/\"]}]},{\"@type\":\"BreadcrumbList\",\"@id\":\"https:\/\/cem-instruments.de\/de\/karriere\/#breadcrumb\",\"itemListElement\":[{\"@type\":\"ListItem\",\"position\":1,\"name\":\"Home\",\"item\":\"https:\/\/cem-instruments.de\/de\/\"},{\"@type\":\"ListItem\",\"position\":2,\"name\":\"Karriere\"}]},{\"@type\":\"WebSite\",\"@id\":\"https:\/\/cem-instruments.de\/de\/#website\",\"url\":\"https:\/\/cem-instruments.de\/de\/\",\"name\":\"CEM Test Instruments GmbH\",\"description\":\"CEM Test Instruments GmbH\",\"publisher\":{\"@id\":\"https:\/\/cem-instruments.de\/de\/#organization\"},\"alternateName\":\"best partner for electronic instruments\",\"potentialAction\":[{\"@type\":\"SearchAction\",\"target\":{\"@type\":\"EntryPoint\",\"urlTemplate\":\"https:\/\/cem-instruments.de\/de\/?s={search_term_string}\"},\"query-input\":{\"@type\":\"PropertyValueSpecification\",\"valueRequired\":true,\"valueName\":\"search_term_string\"}}],\"inLanguage\":\"de\"},{\"@type\":\"Organization\",\"@id\":\"https:\/\/cem-instruments.de\/de\/#organization\",\"name\":\"CEM Test Instruments GmbH\",\"url\":\"https:\/\/cem-instruments.de\/de\/\",\"logo\":{\"@type\":\"ImageObject\",\"inLanguage\":\"de\",\"@id\":\"https:\/\/cem-instruments.de\/de\/#\/schema\/logo\/image\/\",\"url\":\"https:\/\/res.cloudinary.com\/dathdmgqz\/images\/f_auto,q_auto\/v1728637129\/cropped-2024-10-11-10_57_57-cem-instruments.de-\u2013-CEM-instruments-GmbH\/cropped-2024-10-11-10_57_57-cem-instruments.de-\u2013-CEM-instruments-GmbH.jpg?_i=AA\",\"contentUrl\":\"https:\/\/res.cloudinary.com\/dathdmgqz\/images\/f_auto,q_auto\/v1728637129\/cropped-2024-10-11-10_57_57-cem-instruments.de-\u2013-CEM-instruments-GmbH\/cropped-2024-10-11-10_57_57-cem-instruments.de-\u2013-CEM-instruments-GmbH.jpg?_i=AA\",\"width\":512,\"height\":512,\"caption\":\"CEM Test Instruments GmbH\"},\"image\":{\"@id\":\"https:\/\/cem-instruments.de\/de\/#\/schema\/logo\/image\/\"}}]}<\/script>\n<!-- \/ Yoast SEO plugin. -->","yoast_head_json":{"title":"Karriere - CEM Test Instruments GmbH","robots":{"index":"index","follow":"follow","max-snippet":"max-snippet:-1","max-image-preview":"max-image-preview:large","max-video-preview":"max-video-preview:-1"},"canonical":"https:\/\/cem-instruments.de\/de\/karriere\/","og_locale":"de_DE","og_type":"article","og_title":"Karriere - CEM Test Instruments GmbH","og_description":"Stellenausschreibung Mitarbeiter im Vertrieb \/ Projektmanagement (m\/w\/d), D\u00fcsseldorf, Neuss \u00a0 \u00dcber CEM Test Instruments GmbH Wir sind ein Elektronikunternehmen und","og_url":"https:\/\/cem-instruments.de\/de\/karriere\/","og_site_name":"CEM Test Instruments GmbH","article_modified_time":"2025-04-23T20:48:40+00:00","twitter_card":"summary_large_image","twitter_misc":{"Gesch\u00e4tzte Lesezeit":"2\u00a0Minuten"},"schema":{"@context":"https:\/\/schema.org","@graph":[{"@type":"WebPage","@id":"https:\/\/cem-instruments.de\/de\/karriere\/","url":"https:\/\/cem-instruments.de\/de\/karriere\/","name":"Karriere - CEM Test Instruments GmbH","isPartOf":{"@id":"https:\/\/cem-instruments.de\/de\/#website"},"datePublished":"2025-04-23T15:21:23+00:00","dateModified":"2025-04-23T20:48:40+00:00","breadcrumb":{"@id":"https:\/\/cem-instruments.de\/de\/karriere\/#breadcrumb"},"inLanguage":"de","potentialAction":[{"@type":"ReadAction","target":["https:\/\/cem-instruments.de\/de\/karriere\/"]}]},{"@type":"BreadcrumbList","@id":"https:\/\/cem-instruments.de\/de\/karriere\/#breadcrumb","itemListElement":[{"@type":"ListItem","position":1,"name":"Home","item":"https:\/\/cem-instruments.de\/de\/"},{"@type":"ListItem","position":2,"name":"Karriere"}]},{"@type":"WebSite","@id":"https:\/\/cem-instruments.de\/de\/#website","url":"https:\/\/cem-instruments.de\/de\/","name":"CEM Test Instruments GmbH","description":"CEM Test Instruments GmbH","publisher":{"@id":"https:\/\/cem-instruments.de\/de\/#organization"},"alternateName":"best partner for electronic instruments","potentialAction":[{"@type":"SearchAction","target":{"@type":"EntryPoint","urlTemplate":"https:\/\/cem-instruments.de\/de\/?s={search_term_string}"},"query-input":{"@type":"PropertyValueSpecification","valueRequired":true,"valueName":"search_term_string"}}],"inLanguage":"de"},{"@type":"Organization","@id":"https:\/\/cem-instruments.de\/de\/#organization","name":"CEM Test Instruments GmbH","url":"https:\/\/cem-instruments.de\/de\/","logo":{"@type":"ImageObject","inLanguage":"de","@id":"https:\/\/cem-instruments.de\/de\/#\/schema\/logo\/image\/","url":"https:\/\/res.cloudinary.com\/dathdmgqz\/images\/f_auto,q_auto\/v1728637129\/cropped-2024-10-11-10_57_57-cem-instruments.de-\u2013-CEM-instruments-GmbH\/cropped-2024-10-11-10_57_57-cem-instruments.de-\u2013-CEM-instruments-GmbH.jpg?_i=AA","contentUrl":"https:\/\/res.cloudinary.com\/dathdmgqz\/images\/f_auto,q_auto\/v1728637129\/cropped-2024-10-11-10_57_57-cem-instruments.de-\u2013-CEM-instruments-GmbH\/cropped-2024-10-11-10_57_57-cem-instruments.de-\u2013-CEM-instruments-GmbH.jpg?_i=AA","width":512,"height":512,"caption":"CEM Test Instruments GmbH"},"image":{"@id":"https:\/\/cem-instruments.de\/de\/#\/schema\/logo\/image\/"}}]}},"_links":{"self":[{"href":"https:\/\/cem-instruments.de\/de\/wp-json\/wp\/v2\/pages\/32761","targetHints":{"allow":["GET"]}}],"collection":[{"href":"https:\/\/cem-instruments.de\/de\/wp-json\/wp\/v2\/pages"}],"about":[{"href":"https:\/\/cem-instruments.de\/de\/wp-json\/wp\/v2\/types\/page"}],"author":[{"embeddable":true,"href":"https:\/\/cem-instruments.de\/de\/wp-json\/wp\/v2\/users\/5"}],"replies":[{"embeddable":true,"href":"https:\/\/cem-instruments.de\/de\/wp-json\/wp\/v2\/comments?post=32761"}],"version-history":[{"count":32,"href":"https:\/\/cem-instruments.de\/de\/wp-json\/wp\/v2\/pages\/32761\/revisions"}],"predecessor-version":[{"id":32808,"href":"https:\/\/cem-instruments.de\/de\/wp-json\/wp\/v2\/pages\/32761\/revisions\/32808"}],"wp:attachment":[{"href":"https:\/\/cem-instruments.de\/de\/wp-json\/wp\/v2\/media?parent=32761"}],"curies":[{"name":"wp","href":"https:\/\/api.w.org\/{rel}","templated":true}]}}