{"id":29449,"date":"2024-09-03T21:14:26","date_gmt":"2024-09-03T19:14:26","guid":{"rendered":"https:\/\/cem-instruments.de\/de\/?post_type=product&#038;p=29449"},"modified":"2025-01-25T16:17:56","modified_gmt":"2025-01-25T15:17:56","slug":"dt989-rms-digitalmultimeter","status":"publish","type":"product","link":"https:\/\/cem-instruments.de\/de\/product\/dt989-rms-digitalmultimeter\/","title":{"rendered":"DT-989\/989H Schwerlast True-RMS-Industrie-Multimeter mit TFT-Farb-LCD-Display"},"content":{"rendered":"\t\t<div data-elementor-type=\"wp-post\" data-elementor-id=\"29449\" class=\"elementor elementor-29449\" data-elementor-post-type=\"product\">\n\t\t\t\t<div class=\"wd-negative-gap elementor-element elementor-element-b3e2075 e-flex e-con-boxed e-con e-parent\" data-id=\"b3e2075\" data-element_type=\"container\">\n\t\t\t\t\t<div class=\"e-con-inner\">\n\t\t<div class=\"elementor-element elementor-element-e1c3221 e-con-full e-flex e-con e-child\" data-id=\"e1c3221\" data-element_type=\"container\">\n\t\t<div class=\"elementor-element elementor-element-fc06f35 e-con-full e-flex e-con e-child\" data-id=\"fc06f35\" data-element_type=\"container\">\n\t\t\t\t<div class=\"elementor-element elementor-element-93fced1 e-n-tabs-mobile elementor-widget elementor-widget-n-tabs\" data-id=\"93fced1\" data-element_type=\"widget\" data-settings=\"{&quot;tabs_justify_horizontal&quot;:&quot;start&quot;,&quot;horizontal_scroll&quot;:&quot;disable&quot;}\" data-widget_type=\"nested-tabs.default\">\n\t\t\t\t<div class=\"elementor-widget-container\">\n\t\t\t\t\t\t\t<div class=\"e-n-tabs\" data-widget-number=\"155176657\" aria-label=\"Tabs. Open items with Enter or Space, close with Escape and navigate using the Arrow keys.\">\n\t\t\t<div class=\"e-n-tabs-heading\" role=\"tablist\">\n\t\t\t\t\t<button id=\"e-n-tab-title-1551766571\" class=\"e-n-tab-title\" aria-selected=\"true\" data-tab-index=\"1\" role=\"tab\" tabindex=\"0\" aria-controls=\"e-n-tab-content-1551766571\" style=\"--n-tabs-title-order: 1;\">\n\t\t\t\t\t\t<span class=\"e-n-tab-title-text\">\n\t\t\t\tDescription\t\t\t<\/span>\n\t\t<\/button>\n\t\t\t\t<button id=\"e-n-tab-title-1551766572\" class=\"e-n-tab-title\" aria-selected=\"false\" data-tab-index=\"2\" role=\"tab\" tabindex=\"-1\" aria-controls=\"e-n-tab-content-1551766572\" style=\"--n-tabs-title-order: 2;\">\n\t\t\t\t\t\t<span class=\"e-n-tab-title-text\">\n\t\t\t\tSpecification\t\t\t<\/span>\n\t\t<\/button>\n\t\t\t\t<button id=\"e-n-tab-title-1551766573\" class=\"e-n-tab-title\" aria-selected=\"false\" data-tab-index=\"3\" role=\"tab\" tabindex=\"-1\" aria-controls=\"e-n-tab-content-1551766573\" style=\"--n-tabs-title-order: 3;\">\n\t\t\t\t\t\t<span class=\"e-n-tab-title-text\">\n\t\t\t\tResources\t\t\t<\/span>\n\t\t<\/button>\n\t\t\t\t\t<\/div>\n\t\t\t<div class=\"e-n-tabs-content\">\n\t\t\t\t<div id=\"e-n-tab-content-1551766571\" role=\"tabpanel\" aria-labelledby=\"e-n-tab-title-1551766571\" data-tab-index=\"1\" style=\"--n-tabs-title-order: 1;\" class=\"e-active elementor-element elementor-element-953b1ff e-con-full e-flex e-con e-child\" data-id=\"953b1ff\" data-element_type=\"container\">\n\t\t<div class=\"wd-negative-gap elementor-element elementor-element-b77c7d6 e-flex e-con-boxed e-con e-child\" data-id=\"b77c7d6\" data-element_type=\"container\">\n\t\t\t\t\t<div class=\"e-con-inner\">\n\t\t\t\t<div class=\"elementor-element elementor-element-7a7fa0b elementor-widget elementor-widget-wd_text_block\" data-id=\"7a7fa0b\" data-element_type=\"widget\" data-widget_type=\"wd_text_block.default\">\n\t\t\t\t<div class=\"elementor-widget-container\">\n\t\t\t\t\t\t\t<div class=\"wd-text-block reset-last-child text-left\">\n\t\t\t\n\t\t\t<p>Das 989 Schwerlast True-RMS-Industrie-Digitalmultimeter mit TFT-Farb-LCD-Display bietet schnelle A\/D-Wandlung, hohe Genauigkeit, integrierte Datenprotokollierung und Trendaufzeichnungsfunktionen. Es kann unterbrochene Probleme der Ausr\u00fcstung aufsp\u00fcren und \u00fcberwachen, ohne dass eine Person anwesend sein muss. Es ist einfach, Probleme bei Produktionsanlagen zu finden und zu l\u00f6sen, da es Bluetooth-Technologie unterst\u00fctzt und die Datentabellen speichert. Dank des doppelt geformten Kunststoffgeh\u00e4usedesigns bietet es eine wesentlich sicherere Messung.<\/p><h4><strong>Eigenschaften:<\/strong><\/h4>\n\t\t\t\t\t<\/div>\n\t\t\t\t\t\t<\/div>\n\t\t\t\t<\/div>\n\t\t\t\t\t<\/div>\n\t\t\t\t<\/div>\n\t\t\t\t<div class=\"elementor-element elementor-element-128d22f elementor-widget elementor-widget-wd_image_or_svg\" data-id=\"128d22f\" data-element_type=\"widget\" data-widget_type=\"wd_image_or_svg.default\">\n\t\t\t\t<div class=\"elementor-widget-container\">\n\t\t\t\t\t\n\t\t<div class=\"wd-image text-left\">\n\t\t\t\t\t\t\t\t<img width=\"762\" height=\"627\" data-public-id=\"989_yxihoi\/989_yxihoi.png\" fetchpriority=\"high\" decoding=\"async\" src=\"https:\/\/res.cloudinary.com\/dathdmgqz\/images\/w_762,h_627,c_scale\/f_auto,q_auto\/v1728462673\/989_yxihoi\/989_yxihoi.png?_i=AA\" class=\"attachment-full size-full wp-image-30568\" alt=\"\" data-format=\"png\" data-transformations=\"f_auto,q_auto\" data-version=\"1728462673\" data-seo=\"1\" data-responsive=\"1\" srcset=\"https:\/\/res.cloudinary.com\/dathdmgqz\/images\/w_762,h_627,c_scale\/f_auto,q_auto\/v1728462673\/989_yxihoi\/989_yxihoi.png?_i=AA 762w, https:\/\/res.cloudinary.com\/dathdmgqz\/images\/w_648,h_533,c_scale\/f_auto,q_auto\/v1728462673\/989_yxihoi\/989_yxihoi.png?_i=AA 648w, https:\/\/res.cloudinary.com\/dathdmgqz\/images\/w_448,h_368,c_scale\/f_auto,q_auto\/v1728462673\/989_yxihoi\/989_yxihoi.png?_i=AA 448w, https:\/\/res.cloudinary.com\/dathdmgqz\/images\/w_248,h_204,c_scale\/f_auto,q_auto\/v1728462673\/989_yxihoi\/989_yxihoi.png?_i=AA 248w\" sizes=\"(max-width: 762px) 100vw, 762px\" \/>\t\t\t\t\t<\/div>\n\n\t\t\t\t\t\t<\/div>\n\t\t\t\t<\/div>\n\t\t\t\t<\/div>\n\t\t<div id=\"e-n-tab-content-1551766572\" role=\"tabpanel\" aria-labelledby=\"e-n-tab-title-1551766572\" data-tab-index=\"2\" style=\"--n-tabs-title-order: 2;\" class=\" elementor-element elementor-element-1ad143a e-con-full e-flex e-con e-child\" data-id=\"1ad143a\" data-element_type=\"container\">\n\t\t\t\t<div class=\"elementor-element elementor-element-d9e5c37 elementor-widget elementor-widget-wd_image_or_svg\" data-id=\"d9e5c37\" data-element_type=\"widget\" data-widget_type=\"wd_image_or_svg.default\">\n\t\t\t\t<div class=\"elementor-widget-container\">\n\t\t\t\t\t\n\t\t<div class=\"wd-image text-left\">\n\t\t\t\t\t\t\t\t<img width=\"760\" height=\"454\" data-public-id=\"9892_ipkjkx\/9892_ipkjkx.png\" decoding=\"async\" src=\"https:\/\/res.cloudinary.com\/dathdmgqz\/images\/w_760,h_454,c_scale\/f_auto,q_auto\/v1728462673\/9892_ipkjkx\/9892_ipkjkx.png?_i=AA\" class=\"attachment-full size-full wp-image-30569\" alt=\"\" data-format=\"png\" data-transformations=\"f_auto,q_auto\" data-version=\"1728462673\" data-seo=\"1\" data-responsive=\"1\" srcset=\"https:\/\/res.cloudinary.com\/dathdmgqz\/images\/w_760,h_454,c_scale\/f_auto,q_auto\/v1728462673\/9892_ipkjkx\/9892_ipkjkx.png?_i=AA 760w, https:\/\/res.cloudinary.com\/dathdmgqz\/images\/w_648,h_387,c_scale\/f_auto,q_auto\/v1728462673\/9892_ipkjkx\/9892_ipkjkx.png?_i=AA 648w, https:\/\/res.cloudinary.com\/dathdmgqz\/images\/w_448,h_267,c_scale\/f_auto,q_auto\/v1728462673\/9892_ipkjkx\/9892_ipkjkx.png?_i=AA 448w, https:\/\/res.cloudinary.com\/dathdmgqz\/images\/w_248,h_148,c_scale\/f_auto,q_auto\/v1728462673\/9892_ipkjkx\/9892_ipkjkx.png?_i=AA 248w\" sizes=\"(max-width: 760px) 100vw, 760px\" \/>\t\t\t\t\t<\/div>\n\n\t\t\t\t\t\t<\/div>\n\t\t\t\t<\/div>\n\t\t\t\t<\/div>\n\t\t<div id=\"e-n-tab-content-1551766573\" role=\"tabpanel\" aria-labelledby=\"e-n-tab-title-1551766573\" data-tab-index=\"3\" style=\"--n-tabs-title-order: 3;\" class=\" elementor-element elementor-element-047ced8 e-con-full e-flex e-con e-child\" data-id=\"047ced8\" data-element_type=\"container\">\n\t\t<div class=\"elementor-element elementor-element-4b154d2 e-con-full e-flex e-con e-child\" data-id=\"4b154d2\" data-element_type=\"container\">\n\t\t\t\t<div class=\"elementor-element elementor-element-5f20ae2 elementor-widget elementor-widget-wd_list\" data-id=\"5f20ae2\" data-element_type=\"widget\" data-widget_type=\"wd_list.default\">\n\t\t\t\t<div class=\"elementor-widget-container\">\n\t\t\t\t\t\t\t<ul class=\"wd-list color-scheme- wd-fontsize-xs wd-type-icon wd-style-default text-left\">\n\t\t\t\t\t\t\t\t\t\t\t<li class=\"elementor-repeater-item-fe163c2\">\n\t\t\t\t\t\t\t\t\t\t\t<span class=\"wd-icon\"><svg class=\"e-font-icon-svg e-fas-star\" viewBox=\"0 0 576 512\" xmlns=\"http:\/\/www.w3.org\/2000\/svg\"><path d=\"M259.3 17.8L194 150.2 47.9 171.5c-26.2 3.8-36.7 36.1-17.7 54.6l105.7 103-25 145.5c-4.5 26.3 23.2 46 46.4 33.7L288 439.6l130.7 68.7c23.2 12.2 50.9-7.4 46.4-33.7l-25-145.5 105.7-103c19-18.5 8.5-50.8-17.7-54.6L382 150.2 316.7 17.8c-11.7-23.6-45.6-23.9-57.4 0z\"><\/path><\/svg><\/span>\t\t\t\t\t\n\t\t\t\t\t<span class=\"wd-list-content list-content\">\n\t\t\t\t\t\tapplication note\t\t\t\t\t<\/span>\n\n\t\t\t\t\t\t\t\t\t<\/li>\n\t\t\t\t\t<\/ul>\n\n\t\t\t\t\t\t<\/div>\n\t\t\t\t<\/div>\n\t\t\t\t<div class=\"elementor-element elementor-element-7c6518d elementor-widget elementor-widget-wd_list\" data-id=\"7c6518d\" data-element_type=\"widget\" data-widget_type=\"wd_list.default\">\n\t\t\t\t<div class=\"elementor-widget-container\">\n\t\t\t\t\t\t\t<ul class=\"wd-list color-scheme-custom wd-fontsize-xs wd-type-icon wd-style-default text-left\">\n\t\t\t\t\t\t\t\t\t\t\t<li class=\"elementor-repeater-item-fe163c2\">\n\t\t\t\t\t\t\t\t\t\t\t<span class=\"wd-icon\"><svg class=\"e-font-icon-svg e-fas-star\" viewBox=\"0 0 576 512\" xmlns=\"http:\/\/www.w3.org\/2000\/svg\"><path d=\"M259.3 17.8L194 150.2 47.9 171.5c-26.2 3.8-36.7 36.1-17.7 54.6l105.7 103-25 145.5c-4.5 26.3 23.2 46 46.4 33.7L288 439.6l130.7 68.7c23.2 12.2 50.9-7.4 46.4-33.7l-25-145.5 105.7-103c19-18.5 8.5-50.8-17.7-54.6L382 150.2 316.7 17.8c-11.7-23.6-45.6-23.9-57.4 0z\"><\/path><\/svg><\/span>\t\t\t\t\t\n\t\t\t\t\t<span class=\"wd-list-content list-content\">\n\t\t\t\t\t\tdatasheet\t\t\t\t\t<\/span>\n\n\t\t\t\t\t\t\t\t\t<\/li>\n\t\t\t\t\t\t\t\t\t\t\t<li class=\"elementor-repeater-item-66113ab\">\n\t\t\t\t\t\t\t\t\t\t\t<span class=\"wd-icon\"><svg class=\"e-font-icon-svg e-fas-star\" viewBox=\"0 0 576 512\" xmlns=\"http:\/\/www.w3.org\/2000\/svg\"><path d=\"M259.3 17.8L194 150.2 47.9 171.5c-26.2 3.8-36.7 36.1-17.7 54.6l105.7 103-25 145.5c-4.5 26.3 23.2 46 46.4 33.7L288 439.6l130.7 68.7c23.2 12.2 50.9-7.4 46.4-33.7l-25-145.5 105.7-103c19-18.5 8.5-50.8-17.7-54.6L382 150.2 316.7 17.8c-11.7-23.6-45.6-23.9-57.4 0z\"><\/path><\/svg><\/span>\t\t\t\t\t\n\t\t\t\t\t<span class=\"wd-list-content list-content\">\n\t\t\t\t\t\tuser manual\t\t\t\t\t<\/span>\n\n\t\t\t\t\t\n\t\t\t\t\t\t<a  href=\"https:\/\/cemtestinstrumentsgmbh357-my.sharepoint.com\/:b:\/g\/personal\/sh_li_cemtestinstrumentsgmbh357_onmicrosoft_com\/EUUbTZM0vxhLnl7HfJ2j3QABpnLpOXYlSawqbl4IW_QA0w?e=1CITfz\" class=\"wd-fill\" aria-label=\"List item link\" target=\"_blank\" rel=\"nofollow\"><\/a>\n\t\t\t\t\t\t\t\t\t<\/li>\n\t\t\t\t\t<\/ul>\n\n\t\t\t\t\t\t<\/div>\n\t\t\t\t<\/div>\n\t\t\t\t<\/div>\n\t\t<div class=\"elementor-element elementor-element-cd1ccfd e-con-full e-flex e-con e-child\" data-id=\"cd1ccfd\" data-element_type=\"container\">\n\t\t\t\t<\/div>\n\t\t\t\t<\/div>\n\t\t\t\t\t<\/div>\n\t\t<\/div>\n\t\t\t\t\t\t<\/div>\n\t\t\t\t<\/div>\n\t\t\t\t<\/div>\n\t\t\t\t<\/div>\n\t\t\t\t\t<\/div>\n\t\t\t\t<\/div>\n\t\t\t\t<\/div>\n\t\t","protected":false},"excerpt":{"rendered":"<p>Das 989 Schwerlast True-RMS-Industrie-Digitalmultimeter mit TFT-Farb-LCD-Display bietet schnelle A\/D-Wandlung, hohe Genauigkeit, integrierte Datenprotokollierung und Trendaufzeichnungsfunktionen. Es kann unterbrochene Probleme der Ausr\u00fcstung aufsp\u00fcren und \u00fcberwachen, ohne dass eine Person anwesend sein muss. Es ist einfach, Probleme bei Produktionsanlagen zu finden und zu l\u00f6sen, da es Bluetooth-Technologie unterst\u00fctzt und die Datentabellen speichert. Dank des doppelt geformten Kunststoffgeh\u00e4usedesigns bietet es eine wesentlich sicherere Messung.<\/p>\n","protected":false},"featured_media":29856,"template":"","meta":{"_cloudinary_featured_overwrite":false},"product_brand":[],"product_cat":[333,386],"product_tag":[],"class_list":{"0":"post-29449","1":"product","2":"type-product","3":"status-publish","4":"has-post-thumbnail","6":"product_cat-electrical_tools","7":"product_cat-digital_multimeters","9":"first","10":"instock","11":"shipping-taxable","12":"product-type-simple"},"yoast_head":"<!-- This site is optimized with the Yoast SEO plugin v24.3 - https:\/\/yoast.com\/wordpress\/plugins\/seo\/ -->\n<title>DT-989\/989H Schwerlast True-RMS-Industrie-Multimeter mit TFT-Farb-LCD-Display - CEM Test Instruments GmbH<\/title>\n<meta name=\"description\" content=\"Das 989 Schwerlast True-RMS-Industrie-Digitalmultimeter mit TFT-Farb-LCD-Display bietet schnelle A\/D-Wandlung, hohe Genauigkeit, integrierte Datenprotokollierung und Trendaufzeichnungsfunktionen. Es kann unterbrochene Probleme der Ausr\u00fcstung aufsp\u00fcren und \u00fcberwachen, ohne dass eine Person anwesend sein muss. Es ist einfach, Probleme bei Produktionsanlagen zu finden und zu l\u00f6sen, da es Bluetooth-Technologie unterst\u00fctzt und die Datentabellen speichert. Dank des doppelt geformten Kunststoffgeh\u00e4usedesigns bietet es eine wesentlich sicherere Messung.\" \/>\n<meta name=\"robots\" content=\"index, follow, max-snippet:-1, max-image-preview:large, max-video-preview:-1\" \/>\n<link rel=\"canonical\" href=\"https:\/\/cem-instruments.de\/de\/product\/dt989-rms-digitalmultimeter\/\" \/>\n<meta property=\"og:locale\" content=\"de_DE\" \/>\n<meta property=\"og:type\" content=\"article\" \/>\n<meta property=\"og:title\" content=\"DT-989\/989H Schwerlast True-RMS-Industrie-Multimeter mit TFT-Farb-LCD-Display - CEM Test Instruments GmbH\" \/>\n<meta property=\"og:description\" content=\"Das 989 Schwerlast True-RMS-Industrie-Digitalmultimeter mit TFT-Farb-LCD-Display bietet schnelle A\/D-Wandlung, hohe Genauigkeit, integrierte Datenprotokollierung und Trendaufzeichnungsfunktionen. Es kann unterbrochene Probleme der Ausr\u00fcstung aufsp\u00fcren und \u00fcberwachen, ohne dass eine Person anwesend sein muss. Es ist einfach, Probleme bei Produktionsanlagen zu finden und zu l\u00f6sen, da es Bluetooth-Technologie unterst\u00fctzt und die Datentabellen speichert. Dank des doppelt geformten Kunststoffgeh\u00e4usedesigns bietet es eine wesentlich sicherere Messung.\" \/>\n<meta property=\"og:url\" content=\"https:\/\/cem-instruments.de\/de\/product\/dt989-rms-digitalmultimeter\/\" \/>\n<meta property=\"og:site_name\" content=\"CEM Test Instruments GmbH\" \/>\n<meta property=\"article:modified_time\" content=\"2025-01-25T15:17:56+00:00\" \/>\n<meta property=\"og:image\" content=\"https:\/\/res.cloudinary.com\/dathdmgqz\/images\/f_auto,q_auto\/v1727712949\/eletrical tools pic\/DT-989\/dcwptcketpwsyvclp392\/dcwptcketpwsyvclp392.png?_i=AA\" \/>\n\t<meta property=\"og:image:width\" content=\"540\" \/>\n\t<meta property=\"og:image:height\" content=\"720\" \/>\n\t<meta property=\"og:image:type\" content=\"image\/png\" \/>\n<meta name=\"twitter:card\" content=\"summary_large_image\" \/>\n<meta name=\"twitter:label1\" content=\"Gesch\u00e4tzte Lesezeit\" \/>\n\t<meta name=\"twitter:data1\" content=\"2\u00a0Minuten\" \/>\n<script type=\"application\/ld+json\" class=\"yoast-schema-graph\">{\"@context\":\"https:\/\/schema.org\",\"@graph\":[{\"@type\":\"WebPage\",\"@id\":\"https:\/\/cem-instruments.de\/de\/product\/dt989-rms-digitalmultimeter\/\",\"url\":\"https:\/\/cem-instruments.de\/de\/product\/dt989-rms-digitalmultimeter\/\",\"name\":\"DT-989\/989H Schwerlast True-RMS-Industrie-Multimeter mit TFT-Farb-LCD-Display - CEM Test Instruments GmbH\",\"isPartOf\":{\"@id\":\"https:\/\/cem-instruments.de\/de\/#website\"},\"primaryImageOfPage\":{\"@id\":\"https:\/\/cem-instruments.de\/de\/product\/dt989-rms-digitalmultimeter\/#primaryimage\"},\"image\":{\"@id\":\"https:\/\/cem-instruments.de\/de\/product\/dt989-rms-digitalmultimeter\/#primaryimage\"},\"thumbnailUrl\":\"https:\/\/res.cloudinary.com\/dathdmgqz\/images\/f_auto,q_auto\/v1727712949\/eletrical tools pic\/DT-989\/dcwptcketpwsyvclp392\/dcwptcketpwsyvclp392.png?_i=AA\",\"datePublished\":\"2024-09-03T19:14:26+00:00\",\"dateModified\":\"2025-01-25T15:17:56+00:00\",\"description\":\"Das 989 Schwerlast True-RMS-Industrie-Digitalmultimeter mit TFT-Farb-LCD-Display bietet schnelle A\/D-Wandlung, hohe Genauigkeit, integrierte Datenprotokollierung und Trendaufzeichnungsfunktionen. Es kann unterbrochene Probleme der Ausr\u00fcstung aufsp\u00fcren und \u00fcberwachen, ohne dass eine Person anwesend sein muss. Es ist einfach, Probleme bei Produktionsanlagen zu finden und zu l\u00f6sen, da es Bluetooth-Technologie unterst\u00fctzt und die Datentabellen speichert. Dank des doppelt geformten Kunststoffgeh\u00e4usedesigns bietet es eine wesentlich sicherere Messung.\",\"breadcrumb\":{\"@id\":\"https:\/\/cem-instruments.de\/de\/product\/dt989-rms-digitalmultimeter\/#breadcrumb\"},\"inLanguage\":\"de\",\"potentialAction\":[{\"@type\":\"ReadAction\",\"target\":[\"https:\/\/cem-instruments.de\/de\/product\/dt989-rms-digitalmultimeter\/\"]}]},{\"@type\":\"ImageObject\",\"inLanguage\":\"de\",\"@id\":\"https:\/\/cem-instruments.de\/de\/product\/dt989-rms-digitalmultimeter\/#primaryimage\",\"url\":\"https:\/\/res.cloudinary.com\/dathdmgqz\/images\/f_auto,q_auto\/v1727712949\/eletrical tools pic\/DT-989\/dcwptcketpwsyvclp392\/dcwptcketpwsyvclp392.png?_i=AA\",\"contentUrl\":\"https:\/\/res.cloudinary.com\/dathdmgqz\/images\/f_auto,q_auto\/v1727712949\/eletrical tools pic\/DT-989\/dcwptcketpwsyvclp392\/dcwptcketpwsyvclp392.png?_i=AA\",\"width\":540,\"height\":720},{\"@type\":\"BreadcrumbList\",\"@id\":\"https:\/\/cem-instruments.de\/de\/product\/dt989-rms-digitalmultimeter\/#breadcrumb\",\"itemListElement\":[{\"@type\":\"ListItem\",\"position\":1,\"name\":\"Home\",\"item\":\"https:\/\/cem-instruments.de\/de\/\"},{\"@type\":\"ListItem\",\"position\":2,\"name\":\"Products\",\"item\":\"https:\/\/cem-instruments.de\/de\/shop\/\"},{\"@type\":\"ListItem\",\"position\":3,\"name\":\"DT-989\/989H Schwerlast True-RMS-Industrie-Multimeter mit TFT-Farb-LCD-Display\"}]},{\"@type\":\"WebSite\",\"@id\":\"https:\/\/cem-instruments.de\/de\/#website\",\"url\":\"https:\/\/cem-instruments.de\/de\/\",\"name\":\"CEM Test Instruments GmbH\",\"description\":\"CEM Test Instruments GmbH\",\"publisher\":{\"@id\":\"https:\/\/cem-instruments.de\/de\/#organization\"},\"alternateName\":\"best partner for electronic instruments\",\"potentialAction\":[{\"@type\":\"SearchAction\",\"target\":{\"@type\":\"EntryPoint\",\"urlTemplate\":\"https:\/\/cem-instruments.de\/de\/?s={search_term_string}\"},\"query-input\":{\"@type\":\"PropertyValueSpecification\",\"valueRequired\":true,\"valueName\":\"search_term_string\"}}],\"inLanguage\":\"de\"},{\"@type\":\"Organization\",\"@id\":\"https:\/\/cem-instruments.de\/de\/#organization\",\"name\":\"CEM Test Instruments GmbH\",\"url\":\"https:\/\/cem-instruments.de\/de\/\",\"logo\":{\"@type\":\"ImageObject\",\"inLanguage\":\"de\",\"@id\":\"https:\/\/cem-instruments.de\/de\/#\/schema\/logo\/image\/\",\"url\":\"https:\/\/res.cloudinary.com\/dathdmgqz\/images\/f_auto,q_auto\/v1728637129\/cropped-2024-10-11-10_57_57-cem-instruments.de-\u2013-CEM-instruments-GmbH\/cropped-2024-10-11-10_57_57-cem-instruments.de-\u2013-CEM-instruments-GmbH.jpg?_i=AA\",\"contentUrl\":\"https:\/\/res.cloudinary.com\/dathdmgqz\/images\/f_auto,q_auto\/v1728637129\/cropped-2024-10-11-10_57_57-cem-instruments.de-\u2013-CEM-instruments-GmbH\/cropped-2024-10-11-10_57_57-cem-instruments.de-\u2013-CEM-instruments-GmbH.jpg?_i=AA\",\"width\":512,\"height\":512,\"caption\":\"CEM Test Instruments GmbH\"},\"image\":{\"@id\":\"https:\/\/cem-instruments.de\/de\/#\/schema\/logo\/image\/\"}}]}<\/script>\n<!-- \/ Yoast SEO plugin. -->","yoast_head_json":{"title":"DT-989\/989H Schwerlast True-RMS-Industrie-Multimeter mit TFT-Farb-LCD-Display - CEM Test Instruments GmbH","description":"Das 989 Schwerlast True-RMS-Industrie-Digitalmultimeter mit TFT-Farb-LCD-Display bietet schnelle A\/D-Wandlung, hohe Genauigkeit, integrierte Datenprotokollierung und Trendaufzeichnungsfunktionen. Es kann unterbrochene Probleme der Ausr\u00fcstung aufsp\u00fcren und \u00fcberwachen, ohne dass eine Person anwesend sein muss. Es ist einfach, Probleme bei Produktionsanlagen zu finden und zu l\u00f6sen, da es Bluetooth-Technologie unterst\u00fctzt und die Datentabellen speichert. Dank des doppelt geformten Kunststoffgeh\u00e4usedesigns bietet es eine wesentlich sicherere Messung.","robots":{"index":"index","follow":"follow","max-snippet":"max-snippet:-1","max-image-preview":"max-image-preview:large","max-video-preview":"max-video-preview:-1"},"canonical":"https:\/\/cem-instruments.de\/de\/product\/dt989-rms-digitalmultimeter\/","og_locale":"de_DE","og_type":"article","og_title":"DT-989\/989H Schwerlast True-RMS-Industrie-Multimeter mit TFT-Farb-LCD-Display - CEM Test Instruments GmbH","og_description":"Das 989 Schwerlast True-RMS-Industrie-Digitalmultimeter mit TFT-Farb-LCD-Display bietet schnelle A\/D-Wandlung, hohe Genauigkeit, integrierte Datenprotokollierung und Trendaufzeichnungsfunktionen. Es kann unterbrochene Probleme der Ausr\u00fcstung aufsp\u00fcren und \u00fcberwachen, ohne dass eine Person anwesend sein muss. Es ist einfach, Probleme bei Produktionsanlagen zu finden und zu l\u00f6sen, da es Bluetooth-Technologie unterst\u00fctzt und die Datentabellen speichert. Dank des doppelt geformten Kunststoffgeh\u00e4usedesigns bietet es eine wesentlich sicherere Messung.","og_url":"https:\/\/cem-instruments.de\/de\/product\/dt989-rms-digitalmultimeter\/","og_site_name":"CEM Test Instruments GmbH","article_modified_time":"2025-01-25T15:17:56+00:00","og_image":[{"width":540,"height":720,"url":"https:\/\/res.cloudinary.com\/dathdmgqz\/images\/f_auto,q_auto\/v1727712949\/eletrical tools pic\/DT-989\/dcwptcketpwsyvclp392\/dcwptcketpwsyvclp392.png?_i=AA","type":"image\/png"}],"twitter_card":"summary_large_image","twitter_misc":{"Gesch\u00e4tzte Lesezeit":"2\u00a0Minuten"},"schema":{"@context":"https:\/\/schema.org","@graph":[{"@type":"WebPage","@id":"https:\/\/cem-instruments.de\/de\/product\/dt989-rms-digitalmultimeter\/","url":"https:\/\/cem-instruments.de\/de\/product\/dt989-rms-digitalmultimeter\/","name":"DT-989\/989H Schwerlast True-RMS-Industrie-Multimeter mit TFT-Farb-LCD-Display - CEM Test Instruments GmbH","isPartOf":{"@id":"https:\/\/cem-instruments.de\/de\/#website"},"primaryImageOfPage":{"@id":"https:\/\/cem-instruments.de\/de\/product\/dt989-rms-digitalmultimeter\/#primaryimage"},"image":{"@id":"https:\/\/cem-instruments.de\/de\/product\/dt989-rms-digitalmultimeter\/#primaryimage"},"thumbnailUrl":"https:\/\/res.cloudinary.com\/dathdmgqz\/images\/f_auto,q_auto\/v1727712949\/eletrical tools pic\/DT-989\/dcwptcketpwsyvclp392\/dcwptcketpwsyvclp392.png?_i=AA","datePublished":"2024-09-03T19:14:26+00:00","dateModified":"2025-01-25T15:17:56+00:00","description":"Das 989 Schwerlast True-RMS-Industrie-Digitalmultimeter mit TFT-Farb-LCD-Display bietet schnelle A\/D-Wandlung, hohe Genauigkeit, integrierte Datenprotokollierung und Trendaufzeichnungsfunktionen. Es kann unterbrochene Probleme der Ausr\u00fcstung aufsp\u00fcren und \u00fcberwachen, ohne dass eine Person anwesend sein muss. Es ist einfach, Probleme bei Produktionsanlagen zu finden und zu l\u00f6sen, da es Bluetooth-Technologie unterst\u00fctzt und die Datentabellen speichert. Dank des doppelt geformten Kunststoffgeh\u00e4usedesigns bietet es eine wesentlich sicherere Messung.","breadcrumb":{"@id":"https:\/\/cem-instruments.de\/de\/product\/dt989-rms-digitalmultimeter\/#breadcrumb"},"inLanguage":"de","potentialAction":[{"@type":"ReadAction","target":["https:\/\/cem-instruments.de\/de\/product\/dt989-rms-digitalmultimeter\/"]}]},{"@type":"ImageObject","inLanguage":"de","@id":"https:\/\/cem-instruments.de\/de\/product\/dt989-rms-digitalmultimeter\/#primaryimage","url":"https:\/\/res.cloudinary.com\/dathdmgqz\/images\/f_auto,q_auto\/v1727712949\/eletrical tools pic\/DT-989\/dcwptcketpwsyvclp392\/dcwptcketpwsyvclp392.png?_i=AA","contentUrl":"https:\/\/res.cloudinary.com\/dathdmgqz\/images\/f_auto,q_auto\/v1727712949\/eletrical tools pic\/DT-989\/dcwptcketpwsyvclp392\/dcwptcketpwsyvclp392.png?_i=AA","width":540,"height":720},{"@type":"BreadcrumbList","@id":"https:\/\/cem-instruments.de\/de\/product\/dt989-rms-digitalmultimeter\/#breadcrumb","itemListElement":[{"@type":"ListItem","position":1,"name":"Home","item":"https:\/\/cem-instruments.de\/de\/"},{"@type":"ListItem","position":2,"name":"Products","item":"https:\/\/cem-instruments.de\/de\/shop\/"},{"@type":"ListItem","position":3,"name":"DT-989\/989H Schwerlast True-RMS-Industrie-Multimeter mit TFT-Farb-LCD-Display"}]},{"@type":"WebSite","@id":"https:\/\/cem-instruments.de\/de\/#website","url":"https:\/\/cem-instruments.de\/de\/","name":"CEM Test Instruments GmbH","description":"CEM Test Instruments GmbH","publisher":{"@id":"https:\/\/cem-instruments.de\/de\/#organization"},"alternateName":"best partner for electronic instruments","potentialAction":[{"@type":"SearchAction","target":{"@type":"EntryPoint","urlTemplate":"https:\/\/cem-instruments.de\/de\/?s={search_term_string}"},"query-input":{"@type":"PropertyValueSpecification","valueRequired":true,"valueName":"search_term_string"}}],"inLanguage":"de"},{"@type":"Organization","@id":"https:\/\/cem-instruments.de\/de\/#organization","name":"CEM Test Instruments GmbH","url":"https:\/\/cem-instruments.de\/de\/","logo":{"@type":"ImageObject","inLanguage":"de","@id":"https:\/\/cem-instruments.de\/de\/#\/schema\/logo\/image\/","url":"https:\/\/res.cloudinary.com\/dathdmgqz\/images\/f_auto,q_auto\/v1728637129\/cropped-2024-10-11-10_57_57-cem-instruments.de-\u2013-CEM-instruments-GmbH\/cropped-2024-10-11-10_57_57-cem-instruments.de-\u2013-CEM-instruments-GmbH.jpg?_i=AA","contentUrl":"https:\/\/res.cloudinary.com\/dathdmgqz\/images\/f_auto,q_auto\/v1728637129\/cropped-2024-10-11-10_57_57-cem-instruments.de-\u2013-CEM-instruments-GmbH\/cropped-2024-10-11-10_57_57-cem-instruments.de-\u2013-CEM-instruments-GmbH.jpg?_i=AA","width":512,"height":512,"caption":"CEM Test Instruments GmbH"},"image":{"@id":"https:\/\/cem-instruments.de\/de\/#\/schema\/logo\/image\/"}}]}},"_links":{"self":[{"href":"https:\/\/cem-instruments.de\/de\/wp-json\/wp\/v2\/product\/29449","targetHints":{"allow":["GET"]}}],"collection":[{"href":"https:\/\/cem-instruments.de\/de\/wp-json\/wp\/v2\/product"}],"about":[{"href":"https:\/\/cem-instruments.de\/de\/wp-json\/wp\/v2\/types\/product"}],"version-history":[{"count":4,"href":"https:\/\/cem-instruments.de\/de\/wp-json\/wp\/v2\/product\/29449\/revisions"}],"predecessor-version":[{"id":32302,"href":"https:\/\/cem-instruments.de\/de\/wp-json\/wp\/v2\/product\/29449\/revisions\/32302"}],"wp:featuredmedia":[{"embeddable":true,"href":"https:\/\/cem-instruments.de\/de\/wp-json\/wp\/v2\/media\/29856"}],"wp:attachment":[{"href":"https:\/\/cem-instruments.de\/de\/wp-json\/wp\/v2\/media?parent=29449"}],"wp:term":[{"taxonomy":"product_brand","embeddable":true,"href":"https:\/\/cem-instruments.de\/de\/wp-json\/wp\/v2\/product_brand?post=29449"},{"taxonomy":"product_cat","embeddable":true,"href":"https:\/\/cem-instruments.de\/de\/wp-json\/wp\/v2\/product_cat?post=29449"},{"taxonomy":"product_tag","embeddable":true,"href":"https:\/\/cem-instruments.de\/de\/wp-json\/wp\/v2\/product_tag?post=29449"}],"curies":[{"name":"wp","href":"https:\/\/api.w.org\/{rel}","templated":true}]}}