{"id":29582,"date":"2024-09-16T13:15:17","date_gmt":"2024-09-16T11:15:17","guid":{"rendered":"https:\/\/cem-instruments.de\/de\/?post_type=product&#038;p=29582"},"modified":"2025-01-25T01:29:22","modified_gmt":"2025-01-25T00:29:22","slug":"dt3340-rms-zangenmessgeraete","status":"publish","type":"product","link":"https:\/\/cem-instruments.de\/de\/product\/dt3340-rms-zangenmessgeraete\/","title":{"rendered":"DT-3345\/3347\/3360 Serie 1000A AC, AC\/DC True-RMS-Zangenmessger\u00e4te"},"content":{"rendered":"\t\t<div data-elementor-type=\"wp-post\" data-elementor-id=\"29582\" class=\"elementor elementor-29582\" data-elementor-post-type=\"product\">\n\t\t\t\t<div class=\"wd-negative-gap elementor-element elementor-element-b399ed1 e-flex e-con-boxed e-con e-parent\" data-id=\"b399ed1\" data-element_type=\"container\">\n\t\t\t\t\t<div class=\"e-con-inner\">\n\t\t<div class=\"elementor-element elementor-element-54ea3e8 e-con-full e-flex e-con e-child\" data-id=\"54ea3e8\" data-element_type=\"container\">\n\t\t<div class=\"elementor-element elementor-element-7f2252c e-con-full e-flex e-con e-child\" data-id=\"7f2252c\" data-element_type=\"container\">\n\t\t<div class=\"elementor-element elementor-element-6268009 e-con-full e-flex e-con e-child\" data-id=\"6268009\" data-element_type=\"container\">\n\t\t\t\t<div class=\"elementor-element elementor-element-75d0c8d e-n-tabs-mobile elementor-widget elementor-widget-n-tabs\" data-id=\"75d0c8d\" data-element_type=\"widget\" data-settings=\"{&quot;tabs_justify_horizontal&quot;:&quot;start&quot;,&quot;horizontal_scroll&quot;:&quot;disable&quot;}\" data-widget_type=\"nested-tabs.default\">\n\t\t\t\t<div class=\"elementor-widget-container\">\n\t\t\t\t\t\t\t<div class=\"e-n-tabs\" data-widget-number=\"123538573\" aria-label=\"Tabs. Open items with Enter or Space, close with Escape and navigate using the Arrow keys.\">\n\t\t\t<div class=\"e-n-tabs-heading\" role=\"tablist\">\n\t\t\t\t\t<button id=\"e-n-tab-title-1235385731\" class=\"e-n-tab-title\" aria-selected=\"true\" data-tab-index=\"1\" role=\"tab\" tabindex=\"0\" aria-controls=\"e-n-tab-content-1235385731\" style=\"--n-tabs-title-order: 1;\">\n\t\t\t\t\t\t<span class=\"e-n-tab-title-text\">\n\t\t\t\tDescription\t\t\t<\/span>\n\t\t<\/button>\n\t\t\t\t<button id=\"e-n-tab-title-1235385732\" class=\"e-n-tab-title\" aria-selected=\"false\" data-tab-index=\"2\" role=\"tab\" tabindex=\"-1\" aria-controls=\"e-n-tab-content-1235385732\" style=\"--n-tabs-title-order: 2;\">\n\t\t\t\t\t\t<span class=\"e-n-tab-title-text\">\n\t\t\t\tSpecification\t\t\t<\/span>\n\t\t<\/button>\n\t\t\t\t<button id=\"e-n-tab-title-1235385733\" class=\"e-n-tab-title\" aria-selected=\"false\" data-tab-index=\"3\" role=\"tab\" tabindex=\"-1\" aria-controls=\"e-n-tab-content-1235385733\" style=\"--n-tabs-title-order: 3;\">\n\t\t\t\t\t\t<span class=\"e-n-tab-title-text\">\n\t\t\t\tResources\t\t\t<\/span>\n\t\t<\/button>\n\t\t\t\t\t<\/div>\n\t\t\t<div class=\"e-n-tabs-content\">\n\t\t\t\t<div id=\"e-n-tab-content-1235385731\" role=\"tabpanel\" aria-labelledby=\"e-n-tab-title-1235385731\" data-tab-index=\"1\" style=\"--n-tabs-title-order: 1;\" class=\"e-active elementor-element elementor-element-b85f175 e-con-full e-flex e-con e-child\" data-id=\"b85f175\" data-element_type=\"container\">\n\t\t<div class=\"wd-negative-gap elementor-element elementor-element-9e0042a e-flex e-con-boxed e-con e-child\" data-id=\"9e0042a\" data-element_type=\"container\">\n\t\t\t\t\t<div class=\"e-con-inner\">\n\t\t\t\t<div class=\"elementor-element elementor-element-e4711d8 elementor-widget elementor-widget-wd_text_block\" data-id=\"e4711d8\" data-element_type=\"widget\" data-widget_type=\"wd_text_block.default\">\n\t\t\t\t<div class=\"elementor-widget-container\">\n\t\t\t\t\t\t\t<div class=\"wd-text-block reset-last-child text-left\">\n\t\t\t\n\t\t\t<p>Die 3345\/3347\/3360 Serie professioneller True-RMS-Zangenmessger\u00e4te liefert pr\u00e4zise AC- und AC\/DC-Strom- sowie Spannungsmessungen, unabh\u00e4ngig von der Wellenform. Diese Messger\u00e4te eignen sich f\u00fcr die meisten industriellen und kommerziellen Anwendungen, bei denen nichtlineare Lasten die Strom- oder Spannungswellenform verzerren.<\/p><h4><strong>Eigenschaften:<\/strong><\/h4>\n\t\t\t\t\t<\/div>\n\t\t\t\t\t\t<\/div>\n\t\t\t\t<\/div>\n\t\t\t\t\t<\/div>\n\t\t\t\t<\/div>\n\t\t<div class=\"elementor-element elementor-element-4f741cd e-con-full e-flex e-con e-child\" data-id=\"4f741cd\" data-element_type=\"container\">\n\t\t\t\t<div class=\"elementor-element elementor-element-a09f2f6 elementor-widget elementor-widget-wd_image_or_svg\" data-id=\"a09f2f6\" data-element_type=\"widget\" data-widget_type=\"wd_image_or_svg.default\">\n\t\t\t\t<div class=\"elementor-widget-container\">\n\t\t\t\t\t\n\t\t<div class=\"wd-image text-left\">\n\t\t\t\t\t\t\t\t<img width=\"1268\" height=\"477\" data-public-id=\"eletrical tools pic\/DT-3347\/clq7msemk7vvd6wsruur\/clq7msemk7vvd6wsruur.png\" fetchpriority=\"high\" decoding=\"async\" src=\"https:\/\/res.cloudinary.com\/dathdmgqz\/images\/w_1268,h_477,c_scale\/f_auto,q_auto\/v1728292795\/eletrical tools pic\/DT-3347\/clq7msemk7vvd6wsruur\/clq7msemk7vvd6wsruur.png?_i=AA\" class=\"attachment-full size-full wp-image-30657\" alt=\"\" data-format=\"png\" data-transformations=\"f_auto,q_auto\" data-version=\"1728292795\" data-seo=\"1\" data-responsive=\"1\" srcset=\"https:\/\/res.cloudinary.com\/dathdmgqz\/images\/w_1268,h_477,c_scale\/f_auto,q_auto\/v1728292795\/eletrical tools pic\/DT-3347\/clq7msemk7vvd6wsruur\/clq7msemk7vvd6wsruur.png?_i=AA 1268w, https:\/\/res.cloudinary.com\/dathdmgqz\/images\/w_1248,h_469,c_scale\/f_auto,q_auto\/v1728292795\/eletrical tools pic\/DT-3347\/clq7msemk7vvd6wsruur\/clq7msemk7vvd6wsruur.png?_i=AA 1248w, https:\/\/res.cloudinary.com\/dathdmgqz\/images\/w_1048,h_394,c_scale\/f_auto,q_auto\/v1728292795\/eletrical tools pic\/DT-3347\/clq7msemk7vvd6wsruur\/clq7msemk7vvd6wsruur.png?_i=AA 1048w, https:\/\/res.cloudinary.com\/dathdmgqz\/images\/w_848,h_319,c_scale\/f_auto,q_auto\/v1728292795\/eletrical tools pic\/DT-3347\/clq7msemk7vvd6wsruur\/clq7msemk7vvd6wsruur.png?_i=AA 848w, https:\/\/res.cloudinary.com\/dathdmgqz\/images\/w_648,h_243,c_scale\/f_auto,q_auto\/v1728292795\/eletrical tools pic\/DT-3347\/clq7msemk7vvd6wsruur\/clq7msemk7vvd6wsruur.png?_i=AA 648w, https:\/\/res.cloudinary.com\/dathdmgqz\/images\/w_448,h_168,c_scale\/f_auto,q_auto\/v1728292795\/eletrical tools pic\/DT-3347\/clq7msemk7vvd6wsruur\/clq7msemk7vvd6wsruur.png?_i=AA 448w, https:\/\/res.cloudinary.com\/dathdmgqz\/images\/w_248,h_93,c_scale\/f_auto,q_auto\/v1728292795\/eletrical tools pic\/DT-3347\/clq7msemk7vvd6wsruur\/clq7msemk7vvd6wsruur.png?_i=AA 248w\" sizes=\"(max-width: 1268px) 100vw, 1268px\" \/>\t\t\t\t\t<\/div>\n\n\t\t\t\t\t\t<\/div>\n\t\t\t\t<\/div>\n\t\t\t\t<\/div>\n\t\t\t\t<\/div>\n\t\t<div id=\"e-n-tab-content-1235385732\" role=\"tabpanel\" aria-labelledby=\"e-n-tab-title-1235385732\" data-tab-index=\"2\" style=\"--n-tabs-title-order: 2;\" class=\" elementor-element elementor-element-b4c1a99 e-con-full e-flex e-con e-child\" data-id=\"b4c1a99\" data-element_type=\"container\">\n\t\t\t\t<div class=\"elementor-element elementor-element-f4c4c9d elementor-widget elementor-widget-wd_image_or_svg\" data-id=\"f4c4c9d\" data-element_type=\"widget\" data-widget_type=\"wd_image_or_svg.default\">\n\t\t\t\t<div class=\"elementor-widget-container\">\n\t\t\t\t\t\n\t\t<div class=\"wd-image text-left\">\n\t\t\t\t\t\t\t\t<img width=\"1268\" height=\"407\" data-public-id=\"eletrical tools pic\/DT-3347\/ynlhfxsl5asw4g6drnsu\/ynlhfxsl5asw4g6drnsu.png\" decoding=\"async\" src=\"https:\/\/res.cloudinary.com\/dathdmgqz\/images\/w_1268,h_407,c_scale\/f_auto,q_auto\/v1728292803\/eletrical tools pic\/DT-3347\/ynlhfxsl5asw4g6drnsu\/ynlhfxsl5asw4g6drnsu.png?_i=AA\" class=\"attachment-full size-full wp-image-31197\" alt=\"\" data-format=\"png\" data-transformations=\"f_auto,q_auto\" data-version=\"1728292803\" data-seo=\"1\" data-responsive=\"1\" srcset=\"https:\/\/res.cloudinary.com\/dathdmgqz\/images\/w_1268,h_407,c_scale\/f_auto,q_auto\/v1728292803\/eletrical tools pic\/DT-3347\/ynlhfxsl5asw4g6drnsu\/ynlhfxsl5asw4g6drnsu.png?_i=AA 1268w, https:\/\/res.cloudinary.com\/dathdmgqz\/images\/w_1248,h_400,c_scale\/f_auto,q_auto\/v1728292803\/eletrical tools pic\/DT-3347\/ynlhfxsl5asw4g6drnsu\/ynlhfxsl5asw4g6drnsu.png?_i=AA 1248w, https:\/\/res.cloudinary.com\/dathdmgqz\/images\/w_1048,h_336,c_scale\/f_auto,q_auto\/v1728292803\/eletrical tools pic\/DT-3347\/ynlhfxsl5asw4g6drnsu\/ynlhfxsl5asw4g6drnsu.png?_i=AA 1048w, https:\/\/res.cloudinary.com\/dathdmgqz\/images\/w_848,h_272,c_scale\/f_auto,q_auto\/v1728292803\/eletrical tools pic\/DT-3347\/ynlhfxsl5asw4g6drnsu\/ynlhfxsl5asw4g6drnsu.png?_i=AA 848w, https:\/\/res.cloudinary.com\/dathdmgqz\/images\/w_648,h_207,c_scale\/f_auto,q_auto\/v1728292803\/eletrical tools pic\/DT-3347\/ynlhfxsl5asw4g6drnsu\/ynlhfxsl5asw4g6drnsu.png?_i=AA 648w, https:\/\/res.cloudinary.com\/dathdmgqz\/images\/w_448,h_143,c_scale\/f_auto,q_auto\/v1728292803\/eletrical tools pic\/DT-3347\/ynlhfxsl5asw4g6drnsu\/ynlhfxsl5asw4g6drnsu.png?_i=AA 448w, https:\/\/res.cloudinary.com\/dathdmgqz\/images\/w_248,h_79,c_scale\/f_auto,q_auto\/v1728292803\/eletrical tools pic\/DT-3347\/ynlhfxsl5asw4g6drnsu\/ynlhfxsl5asw4g6drnsu.png?_i=AA 248w\" sizes=\"(max-width: 1268px) 100vw, 1268px\" \/>\t\t\t\t\t<\/div>\n\n\t\t\t\t\t\t<\/div>\n\t\t\t\t<\/div>\n\t\t\t\t<\/div>\n\t\t<div id=\"e-n-tab-content-1235385733\" role=\"tabpanel\" aria-labelledby=\"e-n-tab-title-1235385733\" data-tab-index=\"3\" style=\"--n-tabs-title-order: 3;\" class=\" elementor-element elementor-element-a523671 e-con-full e-flex e-con e-child\" data-id=\"a523671\" data-element_type=\"container\">\n\t\t<div class=\"elementor-element elementor-element-4f42b23 e-con-full e-flex e-con e-child\" data-id=\"4f42b23\" data-element_type=\"container\">\n\t\t\t\t<div class=\"elementor-element elementor-element-9ec030e elementor-widget elementor-widget-wd_list\" data-id=\"9ec030e\" data-element_type=\"widget\" data-widget_type=\"wd_list.default\">\n\t\t\t\t<div class=\"elementor-widget-container\">\n\t\t\t\t\t\t\t<ul class=\"wd-list color-scheme- wd-fontsize-xs wd-type-icon wd-style-default text-left\">\n\t\t\t\t\t\t\t\t\t\t\t<li class=\"elementor-repeater-item-fe163c2\">\n\t\t\t\t\t\t\t\t\t\t\t<span class=\"wd-icon\"><svg class=\"e-font-icon-svg e-fas-star\" viewBox=\"0 0 576 512\" xmlns=\"http:\/\/www.w3.org\/2000\/svg\"><path d=\"M259.3 17.8L194 150.2 47.9 171.5c-26.2 3.8-36.7 36.1-17.7 54.6l105.7 103-25 145.5c-4.5 26.3 23.2 46 46.4 33.7L288 439.6l130.7 68.7c23.2 12.2 50.9-7.4 46.4-33.7l-25-145.5 105.7-103c19-18.5 8.5-50.8-17.7-54.6L382 150.2 316.7 17.8c-11.7-23.6-45.6-23.9-57.4 0z\"><\/path><\/svg><\/span>\t\t\t\t\t\n\t\t\t\t\t<span class=\"wd-list-content list-content\">\n\t\t\t\t\t\tapplication note\t\t\t\t\t<\/span>\n\n\t\t\t\t\t\t\t\t\t<\/li>\n\t\t\t\t\t<\/ul>\n\n\t\t\t\t\t\t<\/div>\n\t\t\t\t<\/div>\n\t\t\t\t<div class=\"elementor-element elementor-element-ffa7045 elementor-widget elementor-widget-wd_list\" data-id=\"ffa7045\" data-element_type=\"widget\" data-widget_type=\"wd_list.default\">\n\t\t\t\t<div class=\"elementor-widget-container\">\n\t\t\t\t\t\t\t<ul class=\"wd-list color-scheme-custom wd-fontsize-xs wd-type-icon wd-style-default text-left\">\n\t\t\t\t\t\t\t\t\t\t\t<li class=\"elementor-repeater-item-fe163c2\">\n\t\t\t\t\t\t\t\t\t\t\t<span class=\"wd-icon\"><svg class=\"e-font-icon-svg e-fas-star\" viewBox=\"0 0 576 512\" xmlns=\"http:\/\/www.w3.org\/2000\/svg\"><path d=\"M259.3 17.8L194 150.2 47.9 171.5c-26.2 3.8-36.7 36.1-17.7 54.6l105.7 103-25 145.5c-4.5 26.3 23.2 46 46.4 33.7L288 439.6l130.7 68.7c23.2 12.2 50.9-7.4 46.4-33.7l-25-145.5 105.7-103c19-18.5 8.5-50.8-17.7-54.6L382 150.2 316.7 17.8c-11.7-23.6-45.6-23.9-57.4 0z\"><\/path><\/svg><\/span>\t\t\t\t\t\n\t\t\t\t\t<span class=\"wd-list-content list-content\">\n\t\t\t\t\t\tdatasheet\t\t\t\t\t<\/span>\n\n\t\t\t\t\t\t\t\t\t<\/li>\n\t\t\t\t\t\t\t\t\t\t\t<li class=\"elementor-repeater-item-66113ab\">\n\t\t\t\t\t\t\t\t\t\t\t<span class=\"wd-icon\"><svg class=\"e-font-icon-svg e-fas-star\" viewBox=\"0 0 576 512\" xmlns=\"http:\/\/www.w3.org\/2000\/svg\"><path d=\"M259.3 17.8L194 150.2 47.9 171.5c-26.2 3.8-36.7 36.1-17.7 54.6l105.7 103-25 145.5c-4.5 26.3 23.2 46 46.4 33.7L288 439.6l130.7 68.7c23.2 12.2 50.9-7.4 46.4-33.7l-25-145.5 105.7-103c19-18.5 8.5-50.8-17.7-54.6L382 150.2 316.7 17.8c-11.7-23.6-45.6-23.9-57.4 0z\"><\/path><\/svg><\/span>\t\t\t\t\t\n\t\t\t\t\t<span class=\"wd-list-content list-content\">\n\t\t\t\t\t\tuser manual\t\t\t\t\t<\/span>\n\n\t\t\t\t\t\n\t\t\t\t\t\t<a  href=\"https:\/\/cemtestinstrumentsgmbh357-my.sharepoint.com\/:b:\/g\/personal\/sh_li_cemtestinstrumentsgmbh357_onmicrosoft_com\/EWJdacV-22VDnQLfFWd-7JcBe03zyngi9vcAKqJf_pBnMQ?e=xdavC0\" class=\"wd-fill\" aria-label=\"List item link\" target=\"_blank\" rel=\"nofollow\"><\/a>\n\t\t\t\t\t\t\t\t\t<\/li>\n\t\t\t\t\t<\/ul>\n\n\t\t\t\t\t\t<\/div>\n\t\t\t\t<\/div>\n\t\t\t\t<\/div>\n\t\t<div class=\"elementor-element elementor-element-52afd46 e-con-full e-flex e-con e-child\" data-id=\"52afd46\" data-element_type=\"container\">\n\t\t\t\t<\/div>\n\t\t\t\t<\/div>\n\t\t\t\t\t<\/div>\n\t\t<\/div>\n\t\t\t\t\t\t<\/div>\n\t\t\t\t<\/div>\n\t\t\t\t<\/div>\n\t\t\t\t<\/div>\n\t\t\t\t<\/div>\n\t\t\t\t\t<\/div>\n\t\t\t\t<\/div>\n\t\t\t\t<\/div>\n\t\t","protected":false},"excerpt":{"rendered":"<p>Die 3345\/3347\/3360 Serie professioneller True-RMS-Zangenmessger\u00e4te liefert pr\u00e4zise AC- und AC\/DC-Strom- sowie Spannungsmessungen, unabh\u00e4ngig von der Wellenform. Diese Messger\u00e4te eignen sich f\u00fcr die meisten industriellen und kommerziellen Anwendungen, bei denen nichtlineare Lasten die Strom- oder Spannungswellenform verzerren.<\/p>\n","protected":false},"featured_media":29878,"template":"","meta":{"_cloudinary_featured_overwrite":false},"product_brand":[],"product_cat":[333,387],"product_tag":[],"class_list":{"0":"post-29582","1":"product","2":"type-product","3":"status-publish","4":"has-post-thumbnail","6":"product_cat-electrical_tools","7":"product_cat-clamp_meters","9":"first","10":"instock","11":"shipping-taxable","12":"product-type-simple"},"yoast_head":"<!-- This site is optimized with the Yoast SEO plugin v24.3 - https:\/\/yoast.com\/wordpress\/plugins\/seo\/ -->\n<title>DT-3345\/3347\/3360 Serie 1000A AC, AC\/DC True-RMS-Zangenmessger\u00e4te - CEM Test Instruments GmbH<\/title>\n<meta name=\"description\" content=\"Die 3345\/3347\/3360 Serie professioneller True-RMS-Zangenmessger\u00e4te liefert pr\u00e4zise AC- und AC\/DC-Strom- sowie Spannungsmessungen, unabh\u00e4ngig von der Wellenform. Diese Messger\u00e4te eignen sich f\u00fcr die meisten industriellen und kommerziellen Anwendungen, bei denen nichtlineare Lasten die Strom- oder Spannungswellenform verzerren.\" \/>\n<meta name=\"robots\" content=\"index, follow, max-snippet:-1, max-image-preview:large, max-video-preview:-1\" \/>\n<link rel=\"canonical\" href=\"https:\/\/cem-instruments.de\/de\/product\/dt3340-rms-zangenmessgeraete\/\" \/>\n<meta property=\"og:locale\" content=\"de_DE\" \/>\n<meta property=\"og:type\" content=\"article\" \/>\n<meta property=\"og:title\" content=\"DT-3345\/3347\/3360 Serie 1000A AC, AC\/DC True-RMS-Zangenmessger\u00e4te - CEM Test Instruments GmbH\" \/>\n<meta property=\"og:description\" content=\"Die 3345\/3347\/3360 Serie professioneller True-RMS-Zangenmessger\u00e4te liefert pr\u00e4zise AC- und AC\/DC-Strom- sowie Spannungsmessungen, unabh\u00e4ngig von der Wellenform. Diese Messger\u00e4te eignen sich f\u00fcr die meisten industriellen und kommerziellen Anwendungen, bei denen nichtlineare Lasten die Strom- oder Spannungswellenform verzerren.\" \/>\n<meta property=\"og:url\" content=\"https:\/\/cem-instruments.de\/de\/product\/dt3340-rms-zangenmessgeraete\/\" \/>\n<meta property=\"og:site_name\" content=\"CEM Test Instruments GmbH\" \/>\n<meta property=\"article:modified_time\" content=\"2025-01-25T00:29:22+00:00\" \/>\n<meta property=\"og:image\" content=\"https:\/\/res.cloudinary.com\/dathdmgqz\/images\/f_auto,q_auto\/v1727712931\/eletrical tools pic\/DT-3347\/uj7o4kmasuhuzhckp0ab\/uj7o4kmasuhuzhckp0ab.png?_i=AA\" \/>\n\t<meta property=\"og:image:width\" content=\"540\" \/>\n\t<meta property=\"og:image:height\" content=\"720\" \/>\n\t<meta property=\"og:image:type\" content=\"image\/png\" \/>\n<meta name=\"twitter:card\" content=\"summary_large_image\" \/>\n<meta name=\"twitter:label1\" content=\"Gesch\u00e4tzte Lesezeit\" \/>\n\t<meta name=\"twitter:data1\" content=\"2\u00a0Minuten\" \/>\n<script type=\"application\/ld+json\" class=\"yoast-schema-graph\">{\"@context\":\"https:\/\/schema.org\",\"@graph\":[{\"@type\":\"WebPage\",\"@id\":\"https:\/\/cem-instruments.de\/de\/product\/dt3340-rms-zangenmessgeraete\/\",\"url\":\"https:\/\/cem-instruments.de\/de\/product\/dt3340-rms-zangenmessgeraete\/\",\"name\":\"DT-3345\/3347\/3360 Serie 1000A AC, AC\/DC True-RMS-Zangenmessger\u00e4te - CEM Test Instruments GmbH\",\"isPartOf\":{\"@id\":\"https:\/\/cem-instruments.de\/de\/#website\"},\"primaryImageOfPage\":{\"@id\":\"https:\/\/cem-instruments.de\/de\/product\/dt3340-rms-zangenmessgeraete\/#primaryimage\"},\"image\":{\"@id\":\"https:\/\/cem-instruments.de\/de\/product\/dt3340-rms-zangenmessgeraete\/#primaryimage\"},\"thumbnailUrl\":\"https:\/\/res.cloudinary.com\/dathdmgqz\/images\/f_auto,q_auto\/v1727712931\/eletrical tools pic\/DT-3347\/uj7o4kmasuhuzhckp0ab\/uj7o4kmasuhuzhckp0ab.png?_i=AA\",\"datePublished\":\"2024-09-16T11:15:17+00:00\",\"dateModified\":\"2025-01-25T00:29:22+00:00\",\"description\":\"Die 3345\/3347\/3360 Serie professioneller True-RMS-Zangenmessger\u00e4te liefert pr\u00e4zise AC- und AC\/DC-Strom- sowie Spannungsmessungen, unabh\u00e4ngig von der Wellenform. Diese Messger\u00e4te eignen sich f\u00fcr die meisten industriellen und kommerziellen Anwendungen, bei denen nichtlineare Lasten die Strom- oder Spannungswellenform verzerren.\",\"breadcrumb\":{\"@id\":\"https:\/\/cem-instruments.de\/de\/product\/dt3340-rms-zangenmessgeraete\/#breadcrumb\"},\"inLanguage\":\"de\",\"potentialAction\":[{\"@type\":\"ReadAction\",\"target\":[\"https:\/\/cem-instruments.de\/de\/product\/dt3340-rms-zangenmessgeraete\/\"]}]},{\"@type\":\"ImageObject\",\"inLanguage\":\"de\",\"@id\":\"https:\/\/cem-instruments.de\/de\/product\/dt3340-rms-zangenmessgeraete\/#primaryimage\",\"url\":\"https:\/\/res.cloudinary.com\/dathdmgqz\/images\/f_auto,q_auto\/v1727712931\/eletrical tools pic\/DT-3347\/uj7o4kmasuhuzhckp0ab\/uj7o4kmasuhuzhckp0ab.png?_i=AA\",\"contentUrl\":\"https:\/\/res.cloudinary.com\/dathdmgqz\/images\/f_auto,q_auto\/v1727712931\/eletrical tools pic\/DT-3347\/uj7o4kmasuhuzhckp0ab\/uj7o4kmasuhuzhckp0ab.png?_i=AA\",\"width\":540,\"height\":720},{\"@type\":\"BreadcrumbList\",\"@id\":\"https:\/\/cem-instruments.de\/de\/product\/dt3340-rms-zangenmessgeraete\/#breadcrumb\",\"itemListElement\":[{\"@type\":\"ListItem\",\"position\":1,\"name\":\"Home\",\"item\":\"https:\/\/cem-instruments.de\/de\/\"},{\"@type\":\"ListItem\",\"position\":2,\"name\":\"Products\",\"item\":\"https:\/\/cem-instruments.de\/de\/shop\/\"},{\"@type\":\"ListItem\",\"position\":3,\"name\":\"DT-3345\/3347\/3360 Serie 1000A AC, AC\/DC True-RMS-Zangenmessger\u00e4te\"}]},{\"@type\":\"WebSite\",\"@id\":\"https:\/\/cem-instruments.de\/de\/#website\",\"url\":\"https:\/\/cem-instruments.de\/de\/\",\"name\":\"CEM Test Instruments GmbH\",\"description\":\"CEM Test Instruments GmbH\",\"publisher\":{\"@id\":\"https:\/\/cem-instruments.de\/de\/#organization\"},\"alternateName\":\"best partner for electronic instruments\",\"potentialAction\":[{\"@type\":\"SearchAction\",\"target\":{\"@type\":\"EntryPoint\",\"urlTemplate\":\"https:\/\/cem-instruments.de\/de\/?s={search_term_string}\"},\"query-input\":{\"@type\":\"PropertyValueSpecification\",\"valueRequired\":true,\"valueName\":\"search_term_string\"}}],\"inLanguage\":\"de\"},{\"@type\":\"Organization\",\"@id\":\"https:\/\/cem-instruments.de\/de\/#organization\",\"name\":\"CEM Test Instruments GmbH\",\"url\":\"https:\/\/cem-instruments.de\/de\/\",\"logo\":{\"@type\":\"ImageObject\",\"inLanguage\":\"de\",\"@id\":\"https:\/\/cem-instruments.de\/de\/#\/schema\/logo\/image\/\",\"url\":\"https:\/\/res.cloudinary.com\/dathdmgqz\/images\/f_auto,q_auto\/v1728637129\/cropped-2024-10-11-10_57_57-cem-instruments.de-\u2013-CEM-instruments-GmbH\/cropped-2024-10-11-10_57_57-cem-instruments.de-\u2013-CEM-instruments-GmbH.jpg?_i=AA\",\"contentUrl\":\"https:\/\/res.cloudinary.com\/dathdmgqz\/images\/f_auto,q_auto\/v1728637129\/cropped-2024-10-11-10_57_57-cem-instruments.de-\u2013-CEM-instruments-GmbH\/cropped-2024-10-11-10_57_57-cem-instruments.de-\u2013-CEM-instruments-GmbH.jpg?_i=AA\",\"width\":512,\"height\":512,\"caption\":\"CEM Test Instruments GmbH\"},\"image\":{\"@id\":\"https:\/\/cem-instruments.de\/de\/#\/schema\/logo\/image\/\"}}]}<\/script>\n<!-- \/ Yoast SEO plugin. -->","yoast_head_json":{"title":"DT-3345\/3347\/3360 Serie 1000A AC, AC\/DC True-RMS-Zangenmessger\u00e4te - CEM Test Instruments GmbH","description":"Die 3345\/3347\/3360 Serie professioneller True-RMS-Zangenmessger\u00e4te liefert pr\u00e4zise AC- und AC\/DC-Strom- sowie Spannungsmessungen, unabh\u00e4ngig von der Wellenform. Diese Messger\u00e4te eignen sich f\u00fcr die meisten industriellen und kommerziellen Anwendungen, bei denen nichtlineare Lasten die Strom- oder Spannungswellenform verzerren.","robots":{"index":"index","follow":"follow","max-snippet":"max-snippet:-1","max-image-preview":"max-image-preview:large","max-video-preview":"max-video-preview:-1"},"canonical":"https:\/\/cem-instruments.de\/de\/product\/dt3340-rms-zangenmessgeraete\/","og_locale":"de_DE","og_type":"article","og_title":"DT-3345\/3347\/3360 Serie 1000A AC, AC\/DC True-RMS-Zangenmessger\u00e4te - CEM Test Instruments GmbH","og_description":"Die 3345\/3347\/3360 Serie professioneller True-RMS-Zangenmessger\u00e4te liefert pr\u00e4zise AC- und AC\/DC-Strom- sowie Spannungsmessungen, unabh\u00e4ngig von der Wellenform. Diese Messger\u00e4te eignen sich f\u00fcr die meisten industriellen und kommerziellen Anwendungen, bei denen nichtlineare Lasten die Strom- oder Spannungswellenform verzerren.","og_url":"https:\/\/cem-instruments.de\/de\/product\/dt3340-rms-zangenmessgeraete\/","og_site_name":"CEM Test Instruments GmbH","article_modified_time":"2025-01-25T00:29:22+00:00","og_image":[{"width":540,"height":720,"url":"https:\/\/res.cloudinary.com\/dathdmgqz\/images\/f_auto,q_auto\/v1727712931\/eletrical tools pic\/DT-3347\/uj7o4kmasuhuzhckp0ab\/uj7o4kmasuhuzhckp0ab.png?_i=AA","type":"image\/png"}],"twitter_card":"summary_large_image","twitter_misc":{"Gesch\u00e4tzte Lesezeit":"2\u00a0Minuten"},"schema":{"@context":"https:\/\/schema.org","@graph":[{"@type":"WebPage","@id":"https:\/\/cem-instruments.de\/de\/product\/dt3340-rms-zangenmessgeraete\/","url":"https:\/\/cem-instruments.de\/de\/product\/dt3340-rms-zangenmessgeraete\/","name":"DT-3345\/3347\/3360 Serie 1000A AC, AC\/DC True-RMS-Zangenmessger\u00e4te - CEM Test Instruments GmbH","isPartOf":{"@id":"https:\/\/cem-instruments.de\/de\/#website"},"primaryImageOfPage":{"@id":"https:\/\/cem-instruments.de\/de\/product\/dt3340-rms-zangenmessgeraete\/#primaryimage"},"image":{"@id":"https:\/\/cem-instruments.de\/de\/product\/dt3340-rms-zangenmessgeraete\/#primaryimage"},"thumbnailUrl":"https:\/\/res.cloudinary.com\/dathdmgqz\/images\/f_auto,q_auto\/v1727712931\/eletrical tools pic\/DT-3347\/uj7o4kmasuhuzhckp0ab\/uj7o4kmasuhuzhckp0ab.png?_i=AA","datePublished":"2024-09-16T11:15:17+00:00","dateModified":"2025-01-25T00:29:22+00:00","description":"Die 3345\/3347\/3360 Serie professioneller True-RMS-Zangenmessger\u00e4te liefert pr\u00e4zise AC- und AC\/DC-Strom- sowie Spannungsmessungen, unabh\u00e4ngig von der Wellenform. Diese Messger\u00e4te eignen sich f\u00fcr die meisten industriellen und kommerziellen Anwendungen, bei denen nichtlineare Lasten die Strom- oder Spannungswellenform verzerren.","breadcrumb":{"@id":"https:\/\/cem-instruments.de\/de\/product\/dt3340-rms-zangenmessgeraete\/#breadcrumb"},"inLanguage":"de","potentialAction":[{"@type":"ReadAction","target":["https:\/\/cem-instruments.de\/de\/product\/dt3340-rms-zangenmessgeraete\/"]}]},{"@type":"ImageObject","inLanguage":"de","@id":"https:\/\/cem-instruments.de\/de\/product\/dt3340-rms-zangenmessgeraete\/#primaryimage","url":"https:\/\/res.cloudinary.com\/dathdmgqz\/images\/f_auto,q_auto\/v1727712931\/eletrical tools pic\/DT-3347\/uj7o4kmasuhuzhckp0ab\/uj7o4kmasuhuzhckp0ab.png?_i=AA","contentUrl":"https:\/\/res.cloudinary.com\/dathdmgqz\/images\/f_auto,q_auto\/v1727712931\/eletrical tools pic\/DT-3347\/uj7o4kmasuhuzhckp0ab\/uj7o4kmasuhuzhckp0ab.png?_i=AA","width":540,"height":720},{"@type":"BreadcrumbList","@id":"https:\/\/cem-instruments.de\/de\/product\/dt3340-rms-zangenmessgeraete\/#breadcrumb","itemListElement":[{"@type":"ListItem","position":1,"name":"Home","item":"https:\/\/cem-instruments.de\/de\/"},{"@type":"ListItem","position":2,"name":"Products","item":"https:\/\/cem-instruments.de\/de\/shop\/"},{"@type":"ListItem","position":3,"name":"DT-3345\/3347\/3360 Serie 1000A AC, AC\/DC True-RMS-Zangenmessger\u00e4te"}]},{"@type":"WebSite","@id":"https:\/\/cem-instruments.de\/de\/#website","url":"https:\/\/cem-instruments.de\/de\/","name":"CEM Test Instruments GmbH","description":"CEM Test Instruments GmbH","publisher":{"@id":"https:\/\/cem-instruments.de\/de\/#organization"},"alternateName":"best partner for electronic instruments","potentialAction":[{"@type":"SearchAction","target":{"@type":"EntryPoint","urlTemplate":"https:\/\/cem-instruments.de\/de\/?s={search_term_string}"},"query-input":{"@type":"PropertyValueSpecification","valueRequired":true,"valueName":"search_term_string"}}],"inLanguage":"de"},{"@type":"Organization","@id":"https:\/\/cem-instruments.de\/de\/#organization","name":"CEM Test Instruments GmbH","url":"https:\/\/cem-instruments.de\/de\/","logo":{"@type":"ImageObject","inLanguage":"de","@id":"https:\/\/cem-instruments.de\/de\/#\/schema\/logo\/image\/","url":"https:\/\/res.cloudinary.com\/dathdmgqz\/images\/f_auto,q_auto\/v1728637129\/cropped-2024-10-11-10_57_57-cem-instruments.de-\u2013-CEM-instruments-GmbH\/cropped-2024-10-11-10_57_57-cem-instruments.de-\u2013-CEM-instruments-GmbH.jpg?_i=AA","contentUrl":"https:\/\/res.cloudinary.com\/dathdmgqz\/images\/f_auto,q_auto\/v1728637129\/cropped-2024-10-11-10_57_57-cem-instruments.de-\u2013-CEM-instruments-GmbH\/cropped-2024-10-11-10_57_57-cem-instruments.de-\u2013-CEM-instruments-GmbH.jpg?_i=AA","width":512,"height":512,"caption":"CEM Test Instruments GmbH"},"image":{"@id":"https:\/\/cem-instruments.de\/de\/#\/schema\/logo\/image\/"}}]}},"_links":{"self":[{"href":"https:\/\/cem-instruments.de\/de\/wp-json\/wp\/v2\/product\/29582","targetHints":{"allow":["GET"]}}],"collection":[{"href":"https:\/\/cem-instruments.de\/de\/wp-json\/wp\/v2\/product"}],"about":[{"href":"https:\/\/cem-instruments.de\/de\/wp-json\/wp\/v2\/types\/product"}],"version-history":[{"count":5,"href":"https:\/\/cem-instruments.de\/de\/wp-json\/wp\/v2\/product\/29582\/revisions"}],"predecessor-version":[{"id":32270,"href":"https:\/\/cem-instruments.de\/de\/wp-json\/wp\/v2\/product\/29582\/revisions\/32270"}],"wp:featuredmedia":[{"embeddable":true,"href":"https:\/\/cem-instruments.de\/de\/wp-json\/wp\/v2\/media\/29878"}],"wp:attachment":[{"href":"https:\/\/cem-instruments.de\/de\/wp-json\/wp\/v2\/media?parent=29582"}],"wp:term":[{"taxonomy":"product_brand","embeddable":true,"href":"https:\/\/cem-instruments.de\/de\/wp-json\/wp\/v2\/product_brand?post=29582"},{"taxonomy":"product_cat","embeddable":true,"href":"https:\/\/cem-instruments.de\/de\/wp-json\/wp\/v2\/product_cat?post=29582"},{"taxonomy":"product_tag","embeddable":true,"href":"https:\/\/cem-instruments.de\/de\/wp-json\/wp\/v2\/product_tag?post=29582"}],"curies":[{"name":"wp","href":"https:\/\/api.w.org\/{rel}","templated":true}]}}