{"id":29589,"date":"2024-09-16T13:23:33","date_gmt":"2024-09-16T11:23:33","guid":{"rendered":"https:\/\/cem-instruments.de\/de\/?post_type=product&#038;p=29589"},"modified":"2025-01-25T16:47:48","modified_gmt":"2025-01-25T15:47:48","slug":"dt3391-rms-zangenmessgeraet","status":"publish","type":"product","link":"https:\/\/cem-instruments.de\/de\/product\/dt3391-rms-zangenmessgeraet\/","title":{"rendered":"DT-3390\/3391\/3391W\/3392\/3392W\/3392BT\/3395 1000A AC, AC\/DC Zangenmessger\u00e4te"},"content":{"rendered":"\t\t<div data-elementor-type=\"wp-post\" data-elementor-id=\"29589\" class=\"elementor elementor-29589\" data-elementor-post-type=\"product\">\n\t\t\t\t<div class=\"wd-negative-gap elementor-element elementor-element-ca597ae e-flex e-con-boxed e-con e-parent\" data-id=\"ca597ae\" data-element_type=\"container\">\n\t\t\t\t\t<div class=\"e-con-inner\">\n\t\t<div class=\"elementor-element elementor-element-f69f02d e-con-full e-flex e-con e-child\" data-id=\"f69f02d\" data-element_type=\"container\">\n\t\t<div class=\"elementor-element elementor-element-b5e7fd1 e-con-full e-flex e-con e-child\" data-id=\"b5e7fd1\" data-element_type=\"container\">\n\t\t\t\t<div class=\"elementor-element elementor-element-b3dba3e e-n-tabs-mobile elementor-widget elementor-widget-n-tabs\" data-id=\"b3dba3e\" data-element_type=\"widget\" data-settings=\"{&quot;tabs_justify_horizontal&quot;:&quot;start&quot;,&quot;horizontal_scroll&quot;:&quot;disable&quot;}\" data-widget_type=\"nested-tabs.default\">\n\t\t\t\t<div class=\"elementor-widget-container\">\n\t\t\t\t\t\t\t<div class=\"e-n-tabs\" data-widget-number=\"188594750\" aria-label=\"Tabs. Open items with Enter or Space, close with Escape and navigate using the Arrow keys.\">\n\t\t\t<div class=\"e-n-tabs-heading\" role=\"tablist\">\n\t\t\t\t\t<button id=\"e-n-tab-title-1885947501\" class=\"e-n-tab-title\" aria-selected=\"true\" data-tab-index=\"1\" role=\"tab\" tabindex=\"0\" aria-controls=\"e-n-tab-content-1885947501\" style=\"--n-tabs-title-order: 1;\">\n\t\t\t\t\t\t<span class=\"e-n-tab-title-text\">\n\t\t\t\tDescription\t\t\t<\/span>\n\t\t<\/button>\n\t\t\t\t<button id=\"e-n-tab-title-1885947502\" class=\"e-n-tab-title\" aria-selected=\"false\" data-tab-index=\"2\" role=\"tab\" tabindex=\"-1\" aria-controls=\"e-n-tab-content-1885947502\" style=\"--n-tabs-title-order: 2;\">\n\t\t\t\t\t\t<span class=\"e-n-tab-title-text\">\n\t\t\t\tSpecification\t\t\t<\/span>\n\t\t<\/button>\n\t\t\t\t<button id=\"e-n-tab-title-1885947503\" class=\"e-n-tab-title\" aria-selected=\"false\" data-tab-index=\"3\" role=\"tab\" tabindex=\"-1\" aria-controls=\"e-n-tab-content-1885947503\" style=\"--n-tabs-title-order: 3;\">\n\t\t\t\t\t\t<span class=\"e-n-tab-title-text\">\n\t\t\t\tResources\t\t\t<\/span>\n\t\t<\/button>\n\t\t\t\t\t<\/div>\n\t\t\t<div class=\"e-n-tabs-content\">\n\t\t\t\t<div id=\"e-n-tab-content-1885947501\" role=\"tabpanel\" aria-labelledby=\"e-n-tab-title-1885947501\" data-tab-index=\"1\" style=\"--n-tabs-title-order: 1;\" class=\"e-active elementor-element elementor-element-86abff0 e-con-full e-flex e-con e-child\" data-id=\"86abff0\" data-element_type=\"container\">\n\t\t<div class=\"wd-negative-gap elementor-element elementor-element-7baa789 e-flex e-con-boxed e-con e-child\" data-id=\"7baa789\" data-element_type=\"container\">\n\t\t\t\t\t<div class=\"e-con-inner\">\n\t\t\t\t<div class=\"elementor-element elementor-element-b66baa9 elementor-widget elementor-widget-wd_text_block\" data-id=\"b66baa9\" data-element_type=\"widget\" data-widget_type=\"wd_text_block.default\">\n\t\t\t\t<div class=\"elementor-widget-container\">\n\t\t\t\t\t\t\t<div class=\"wd-text-block reset-last-child text-left\">\n\t\t\t\n\t\t\t<p>Die 3391\/3392\/3395 Serie professioneller True-RMS-Zangenmessger\u00e4te liefert pr\u00e4zise AC- und AC\/DC-Strom- sowie Spannungsmessungen, unabh\u00e4ngig von der Wellenform. Diese Messger\u00e4te k\u00f6nnen in den meisten industriellen und kommerziellen Anwendungen eingesetzt werden, bei denen nichtlineare Lasten die Strom- oder Spannungswellenform verzerren.<\/p><h4><strong>Eigenschaften:<\/strong><\/h4>\n\t\t\t\t\t<\/div>\n\t\t\t\t\t\t<\/div>\n\t\t\t\t<\/div>\n\t\t\t\t\t<\/div>\n\t\t\t\t<\/div>\n\t\t<div class=\"elementor-element elementor-element-47c69ac e-con-full e-flex e-con e-child\" data-id=\"47c69ac\" data-element_type=\"container\">\n\t\t\t\t<div class=\"elementor-element elementor-element-840ad2b elementor-widget elementor-widget-wd_image_or_svg\" data-id=\"840ad2b\" data-element_type=\"widget\" data-widget_type=\"wd_image_or_svg.default\">\n\t\t\t\t<div class=\"elementor-widget-container\">\n\t\t\t\t\t\n\t\t<div class=\"wd-image text-left\">\n\t\t\t\t\t\t\t\t<img width=\"852\" height=\"481\" data-public-id=\"eletrical tools pic\/DT-3391\/d2ro2pft3tys1oulmpae\/d2ro2pft3tys1oulmpae.png\" fetchpriority=\"high\" decoding=\"async\" src=\"https:\/\/res.cloudinary.com\/dathdmgqz\/images\/w_852,h_481,c_scale\/f_auto,q_auto\/v1728292817\/eletrical tools pic\/DT-3391\/d2ro2pft3tys1oulmpae\/d2ro2pft3tys1oulmpae.png?_i=AA\" class=\"attachment-full size-full wp-image-30661\" alt=\"\" data-format=\"png\" data-transformations=\"f_auto,q_auto\" data-version=\"1728292817\" data-seo=\"1\" data-responsive=\"1\" srcset=\"https:\/\/res.cloudinary.com\/dathdmgqz\/images\/w_852,h_481,c_scale\/f_auto,q_auto\/v1728292817\/eletrical tools pic\/DT-3391\/d2ro2pft3tys1oulmpae\/d2ro2pft3tys1oulmpae.png?_i=AA 852w, https:\/\/res.cloudinary.com\/dathdmgqz\/images\/w_848,h_478,c_scale\/f_auto,q_auto\/v1728292817\/eletrical tools pic\/DT-3391\/d2ro2pft3tys1oulmpae\/d2ro2pft3tys1oulmpae.png?_i=AA 848w, https:\/\/res.cloudinary.com\/dathdmgqz\/images\/w_648,h_365,c_scale\/f_auto,q_auto\/v1728292817\/eletrical tools pic\/DT-3391\/d2ro2pft3tys1oulmpae\/d2ro2pft3tys1oulmpae.png?_i=AA 648w, https:\/\/res.cloudinary.com\/dathdmgqz\/images\/w_448,h_252,c_scale\/f_auto,q_auto\/v1728292817\/eletrical tools pic\/DT-3391\/d2ro2pft3tys1oulmpae\/d2ro2pft3tys1oulmpae.png?_i=AA 448w, https:\/\/res.cloudinary.com\/dathdmgqz\/images\/w_248,h_140,c_scale\/f_auto,q_auto\/v1728292817\/eletrical tools pic\/DT-3391\/d2ro2pft3tys1oulmpae\/d2ro2pft3tys1oulmpae.png?_i=AA 248w\" sizes=\"(max-width: 852px) 100vw, 852px\" \/>\t\t\t\t\t<\/div>\n\n\t\t\t\t\t\t<\/div>\n\t\t\t\t<\/div>\n\t\t\t\t<\/div>\n\t\t\t\t<\/div>\n\t\t<div id=\"e-n-tab-content-1885947502\" role=\"tabpanel\" aria-labelledby=\"e-n-tab-title-1885947502\" data-tab-index=\"2\" style=\"--n-tabs-title-order: 2;\" class=\" elementor-element elementor-element-7bb05d6 e-con-full e-flex e-con e-child\" data-id=\"7bb05d6\" data-element_type=\"container\">\n\t\t\t\t<div class=\"elementor-element elementor-element-a2ada2d elementor-widget elementor-widget-wd_image_or_svg\" data-id=\"a2ada2d\" data-element_type=\"widget\" data-widget_type=\"wd_image_or_svg.default\">\n\t\t\t\t<div class=\"elementor-widget-container\">\n\t\t\t\t\t\n\t\t<div class=\"wd-image text-left\">\n\t\t\t\t\t\t\t\t<img width=\"837\" height=\"339\" data-public-id=\"eletrical tools pic\/DT-3391\/bfw8anyc1iot1wfkrkbt\/bfw8anyc1iot1wfkrkbt.png\" decoding=\"async\" src=\"https:\/\/res.cloudinary.com\/dathdmgqz\/images\/w_837,h_339,c_scale\/f_auto,q_auto\/v1728292820\/eletrical tools pic\/DT-3391\/bfw8anyc1iot1wfkrkbt\/bfw8anyc1iot1wfkrkbt.png?_i=AA\" class=\"attachment-full size-full wp-image-30662\" alt=\"\" data-format=\"png\" data-transformations=\"f_auto,q_auto\" data-version=\"1728292820\" data-seo=\"1\" data-responsive=\"1\" srcset=\"https:\/\/res.cloudinary.com\/dathdmgqz\/images\/w_837,h_339,c_scale\/f_auto,q_auto\/v1728292820\/eletrical tools pic\/DT-3391\/bfw8anyc1iot1wfkrkbt\/bfw8anyc1iot1wfkrkbt.png?_i=AA 837w, https:\/\/res.cloudinary.com\/dathdmgqz\/images\/w_648,h_262,c_scale\/f_auto,q_auto\/v1728292820\/eletrical tools pic\/DT-3391\/bfw8anyc1iot1wfkrkbt\/bfw8anyc1iot1wfkrkbt.png?_i=AA 648w, https:\/\/res.cloudinary.com\/dathdmgqz\/images\/w_448,h_181,c_scale\/f_auto,q_auto\/v1728292820\/eletrical tools pic\/DT-3391\/bfw8anyc1iot1wfkrkbt\/bfw8anyc1iot1wfkrkbt.png?_i=AA 448w, https:\/\/res.cloudinary.com\/dathdmgqz\/images\/w_248,h_100,c_scale\/f_auto,q_auto\/v1728292820\/eletrical tools pic\/DT-3391\/bfw8anyc1iot1wfkrkbt\/bfw8anyc1iot1wfkrkbt.png?_i=AA 248w\" sizes=\"(max-width: 837px) 100vw, 837px\" \/>\t\t\t\t\t<\/div>\n\n\t\t\t\t\t\t<\/div>\n\t\t\t\t<\/div>\n\t\t\t\t<\/div>\n\t\t<div id=\"e-n-tab-content-1885947503\" role=\"tabpanel\" aria-labelledby=\"e-n-tab-title-1885947503\" data-tab-index=\"3\" style=\"--n-tabs-title-order: 3;\" class=\" elementor-element elementor-element-cdf1382 e-con-full e-flex e-con e-child\" data-id=\"cdf1382\" data-element_type=\"container\">\n\t\t<div class=\"elementor-element elementor-element-6e12480 e-con-full e-flex e-con e-child\" data-id=\"6e12480\" data-element_type=\"container\">\n\t\t\t\t<div class=\"elementor-element elementor-element-c3e456c elementor-widget elementor-widget-wd_list\" data-id=\"c3e456c\" data-element_type=\"widget\" data-widget_type=\"wd_list.default\">\n\t\t\t\t<div class=\"elementor-widget-container\">\n\t\t\t\t\t\t\t<ul class=\"wd-list color-scheme- wd-fontsize-xs wd-type-icon wd-style-default text-left\">\n\t\t\t\t\t\t\t\t\t\t\t<li class=\"elementor-repeater-item-fe163c2\">\n\t\t\t\t\t\t\t\t\t\t\t<span class=\"wd-icon\"><svg class=\"e-font-icon-svg e-fas-star\" viewBox=\"0 0 576 512\" xmlns=\"http:\/\/www.w3.org\/2000\/svg\"><path d=\"M259.3 17.8L194 150.2 47.9 171.5c-26.2 3.8-36.7 36.1-17.7 54.6l105.7 103-25 145.5c-4.5 26.3 23.2 46 46.4 33.7L288 439.6l130.7 68.7c23.2 12.2 50.9-7.4 46.4-33.7l-25-145.5 105.7-103c19-18.5 8.5-50.8-17.7-54.6L382 150.2 316.7 17.8c-11.7-23.6-45.6-23.9-57.4 0z\"><\/path><\/svg><\/span>\t\t\t\t\t\n\t\t\t\t\t<span class=\"wd-list-content list-content\">\n\t\t\t\t\t\tapplication note\t\t\t\t\t<\/span>\n\n\t\t\t\t\t\t\t\t\t<\/li>\n\t\t\t\t\t<\/ul>\n\n\t\t\t\t\t\t<\/div>\n\t\t\t\t<\/div>\n\t\t\t\t<div class=\"elementor-element elementor-element-d87912e elementor-widget elementor-widget-wd_list\" data-id=\"d87912e\" data-element_type=\"widget\" data-widget_type=\"wd_list.default\">\n\t\t\t\t<div class=\"elementor-widget-container\">\n\t\t\t\t\t\t\t<ul class=\"wd-list color-scheme-custom wd-fontsize-xs wd-type-icon wd-style-default text-left\">\n\t\t\t\t\t\t\t\t\t\t\t<li class=\"elementor-repeater-item-fe163c2\">\n\t\t\t\t\t\t\t\t\t\t\t<span class=\"wd-icon\"><svg class=\"e-font-icon-svg e-fas-star\" viewBox=\"0 0 576 512\" xmlns=\"http:\/\/www.w3.org\/2000\/svg\"><path d=\"M259.3 17.8L194 150.2 47.9 171.5c-26.2 3.8-36.7 36.1-17.7 54.6l105.7 103-25 145.5c-4.5 26.3 23.2 46 46.4 33.7L288 439.6l130.7 68.7c23.2 12.2 50.9-7.4 46.4-33.7l-25-145.5 105.7-103c19-18.5 8.5-50.8-17.7-54.6L382 150.2 316.7 17.8c-11.7-23.6-45.6-23.9-57.4 0z\"><\/path><\/svg><\/span>\t\t\t\t\t\n\t\t\t\t\t<span class=\"wd-list-content list-content\">\n\t\t\t\t\t\tdatasheet\t\t\t\t\t<\/span>\n\n\t\t\t\t\t\t\t\t\t<\/li>\n\t\t\t\t\t\t\t\t\t\t\t<li class=\"elementor-repeater-item-66113ab\">\n\t\t\t\t\t\t\t\t\t\t\t<span class=\"wd-icon\"><svg class=\"e-font-icon-svg e-fas-star\" viewBox=\"0 0 576 512\" xmlns=\"http:\/\/www.w3.org\/2000\/svg\"><path d=\"M259.3 17.8L194 150.2 47.9 171.5c-26.2 3.8-36.7 36.1-17.7 54.6l105.7 103-25 145.5c-4.5 26.3 23.2 46 46.4 33.7L288 439.6l130.7 68.7c23.2 12.2 50.9-7.4 46.4-33.7l-25-145.5 105.7-103c19-18.5 8.5-50.8-17.7-54.6L382 150.2 316.7 17.8c-11.7-23.6-45.6-23.9-57.4 0z\"><\/path><\/svg><\/span>\t\t\t\t\t\n\t\t\t\t\t<span class=\"wd-list-content list-content\">\n\t\t\t\t\t\tuser manual\t\t\t\t\t<\/span>\n\n\t\t\t\t\t\n\t\t\t\t\t\t<a  href=\"https:\/\/cemtestinstrumentsgmbh357-my.sharepoint.com\/:b:\/g\/personal\/sh_li_cemtestinstrumentsgmbh357_onmicrosoft_com\/EYNtCHs7ZlVKlVWRCS9WUPYBPQlHaM7HdBAiHnhdzpbddw?e=gq9kIz\" class=\"wd-fill\" aria-label=\"List item link\" target=\"_blank\" rel=\"nofollow\"><\/a>\n\t\t\t\t\t\t\t\t\t<\/li>\n\t\t\t\t\t<\/ul>\n\n\t\t\t\t\t\t<\/div>\n\t\t\t\t<\/div>\n\t\t\t\t<\/div>\n\t\t<div class=\"elementor-element elementor-element-5820728 e-con-full e-flex e-con e-child\" data-id=\"5820728\" data-element_type=\"container\">\n\t\t\t\t<\/div>\n\t\t\t\t<\/div>\n\t\t\t\t\t<\/div>\n\t\t<\/div>\n\t\t\t\t\t\t<\/div>\n\t\t\t\t<\/div>\n\t\t\t\t<\/div>\n\t\t\t\t<\/div>\n\t\t\t\t\t<\/div>\n\t\t\t\t<\/div>\n\t\t\t\t<\/div>\n\t\t","protected":false},"excerpt":{"rendered":"<p>Die 3391\/3392\/3395 Serie professioneller True-RMS-Zangenmessger\u00e4te liefert pr\u00e4zise AC- und AC\/DC-Strom- sowie Spannungsmessungen, unabh\u00e4ngig von der Wellenform. Diese Messger\u00e4te k\u00f6nnen in den meisten industriellen und kommerziellen Anwendungen eingesetzt werden, bei denen nichtlineare Lasten die Strom- oder Spannungswellenform verzerren.<\/p>\n<p>&nbsp;<\/p>\n","protected":false},"featured_media":29902,"template":"","meta":{"_cloudinary_featured_overwrite":false},"product_brand":[],"product_cat":[333,387],"product_tag":[],"class_list":{"0":"post-29589","1":"product","2":"type-product","3":"status-publish","4":"has-post-thumbnail","6":"product_cat-electrical_tools","7":"product_cat-clamp_meters","9":"first","10":"instock","11":"shipping-taxable","12":"product-type-simple"},"yoast_head":"<!-- This site is optimized with the Yoast SEO plugin v24.3 - https:\/\/yoast.com\/wordpress\/plugins\/seo\/ -->\n<title>DT-3390\/3391\/3391W\/3392\/3392W\/3392BT\/3395 1000A AC, AC\/DC Zangenmessger\u00e4te - CEM Test Instruments GmbH<\/title>\n<meta name=\"description\" content=\"Die 3391\/3392\/3395 Serie professioneller True-RMS-Zangenmessger\u00e4te liefert pr\u00e4zise AC- und AC\/DC-Strom- sowie Spannungsmessungen, unabh\u00e4ngig von der Wellenform. Diese Messger\u00e4te k\u00f6nnen in den meisten industriellen und kommerziellen Anwendungen eingesetzt werden, bei denen nichtlineare Lasten die Strom- oder Spannungswellenform verzerren.\" \/>\n<meta name=\"robots\" content=\"index, follow, max-snippet:-1, max-image-preview:large, max-video-preview:-1\" \/>\n<link rel=\"canonical\" href=\"https:\/\/cem-instruments.de\/de\/product\/dt3391-rms-zangenmessgeraet\/\" \/>\n<meta property=\"og:locale\" content=\"de_DE\" \/>\n<meta property=\"og:type\" content=\"article\" \/>\n<meta property=\"og:title\" content=\"DT-3390\/3391\/3391W\/3392\/3392W\/3392BT\/3395 1000A AC, AC\/DC Zangenmessger\u00e4te - CEM Test Instruments GmbH\" \/>\n<meta property=\"og:description\" content=\"Die 3391\/3392\/3395 Serie professioneller True-RMS-Zangenmessger\u00e4te liefert pr\u00e4zise AC- und AC\/DC-Strom- sowie Spannungsmessungen, unabh\u00e4ngig von der Wellenform. Diese Messger\u00e4te k\u00f6nnen in den meisten industriellen und kommerziellen Anwendungen eingesetzt werden, bei denen nichtlineare Lasten die Strom- oder Spannungswellenform verzerren.\" \/>\n<meta property=\"og:url\" content=\"https:\/\/cem-instruments.de\/de\/product\/dt3391-rms-zangenmessgeraet\/\" \/>\n<meta property=\"og:site_name\" content=\"CEM Test Instruments GmbH\" \/>\n<meta property=\"article:modified_time\" content=\"2025-01-25T15:47:48+00:00\" \/>\n<meta property=\"og:image\" content=\"https:\/\/res.cloudinary.com\/dathdmgqz\/images\/f_auto,q_auto\/v1727712932\/eletrical tools pic\/DT-3391\/jrl15ewp68heu6pfkaen\/jrl15ewp68heu6pfkaen.png?_i=AA\" \/>\n\t<meta property=\"og:image:width\" content=\"540\" \/>\n\t<meta property=\"og:image:height\" content=\"720\" \/>\n\t<meta property=\"og:image:type\" content=\"image\/png\" \/>\n<meta name=\"twitter:card\" content=\"summary_large_image\" \/>\n<meta name=\"twitter:label1\" content=\"Gesch\u00e4tzte Lesezeit\" \/>\n\t<meta name=\"twitter:data1\" content=\"2\u00a0Minuten\" \/>\n<script type=\"application\/ld+json\" class=\"yoast-schema-graph\">{\"@context\":\"https:\/\/schema.org\",\"@graph\":[{\"@type\":\"WebPage\",\"@id\":\"https:\/\/cem-instruments.de\/de\/product\/dt3391-rms-zangenmessgeraet\/\",\"url\":\"https:\/\/cem-instruments.de\/de\/product\/dt3391-rms-zangenmessgeraet\/\",\"name\":\"DT-3390\/3391\/3391W\/3392\/3392W\/3392BT\/3395 1000A AC, AC\/DC Zangenmessger\u00e4te - CEM Test Instruments GmbH\",\"isPartOf\":{\"@id\":\"https:\/\/cem-instruments.de\/de\/#website\"},\"primaryImageOfPage\":{\"@id\":\"https:\/\/cem-instruments.de\/de\/product\/dt3391-rms-zangenmessgeraet\/#primaryimage\"},\"image\":{\"@id\":\"https:\/\/cem-instruments.de\/de\/product\/dt3391-rms-zangenmessgeraet\/#primaryimage\"},\"thumbnailUrl\":\"https:\/\/res.cloudinary.com\/dathdmgqz\/images\/f_auto,q_auto\/v1727712932\/eletrical tools pic\/DT-3391\/jrl15ewp68heu6pfkaen\/jrl15ewp68heu6pfkaen.png?_i=AA\",\"datePublished\":\"2024-09-16T11:23:33+00:00\",\"dateModified\":\"2025-01-25T15:47:48+00:00\",\"description\":\"Die 3391\/3392\/3395 Serie professioneller True-RMS-Zangenmessger\u00e4te liefert pr\u00e4zise AC- und AC\/DC-Strom- sowie Spannungsmessungen, unabh\u00e4ngig von der Wellenform. Diese Messger\u00e4te k\u00f6nnen in den meisten industriellen und kommerziellen Anwendungen eingesetzt werden, bei denen nichtlineare Lasten die Strom- oder Spannungswellenform verzerren.\",\"breadcrumb\":{\"@id\":\"https:\/\/cem-instruments.de\/de\/product\/dt3391-rms-zangenmessgeraet\/#breadcrumb\"},\"inLanguage\":\"de\",\"potentialAction\":[{\"@type\":\"ReadAction\",\"target\":[\"https:\/\/cem-instruments.de\/de\/product\/dt3391-rms-zangenmessgeraet\/\"]}]},{\"@type\":\"ImageObject\",\"inLanguage\":\"de\",\"@id\":\"https:\/\/cem-instruments.de\/de\/product\/dt3391-rms-zangenmessgeraet\/#primaryimage\",\"url\":\"https:\/\/res.cloudinary.com\/dathdmgqz\/images\/f_auto,q_auto\/v1727712932\/eletrical tools pic\/DT-3391\/jrl15ewp68heu6pfkaen\/jrl15ewp68heu6pfkaen.png?_i=AA\",\"contentUrl\":\"https:\/\/res.cloudinary.com\/dathdmgqz\/images\/f_auto,q_auto\/v1727712932\/eletrical tools pic\/DT-3391\/jrl15ewp68heu6pfkaen\/jrl15ewp68heu6pfkaen.png?_i=AA\",\"width\":540,\"height\":720},{\"@type\":\"BreadcrumbList\",\"@id\":\"https:\/\/cem-instruments.de\/de\/product\/dt3391-rms-zangenmessgeraet\/#breadcrumb\",\"itemListElement\":[{\"@type\":\"ListItem\",\"position\":1,\"name\":\"Home\",\"item\":\"https:\/\/cem-instruments.de\/de\/\"},{\"@type\":\"ListItem\",\"position\":2,\"name\":\"Products\",\"item\":\"https:\/\/cem-instruments.de\/de\/shop\/\"},{\"@type\":\"ListItem\",\"position\":3,\"name\":\"DT-3390\/3391\/3391W\/3392\/3392W\/3392BT\/3395 1000A AC, AC\/DC Zangenmessger\u00e4te\"}]},{\"@type\":\"WebSite\",\"@id\":\"https:\/\/cem-instruments.de\/de\/#website\",\"url\":\"https:\/\/cem-instruments.de\/de\/\",\"name\":\"CEM Test Instruments GmbH\",\"description\":\"CEM Test Instruments GmbH\",\"publisher\":{\"@id\":\"https:\/\/cem-instruments.de\/de\/#organization\"},\"alternateName\":\"best partner for electronic instruments\",\"potentialAction\":[{\"@type\":\"SearchAction\",\"target\":{\"@type\":\"EntryPoint\",\"urlTemplate\":\"https:\/\/cem-instruments.de\/de\/?s={search_term_string}\"},\"query-input\":{\"@type\":\"PropertyValueSpecification\",\"valueRequired\":true,\"valueName\":\"search_term_string\"}}],\"inLanguage\":\"de\"},{\"@type\":\"Organization\",\"@id\":\"https:\/\/cem-instruments.de\/de\/#organization\",\"name\":\"CEM Test Instruments GmbH\",\"url\":\"https:\/\/cem-instruments.de\/de\/\",\"logo\":{\"@type\":\"ImageObject\",\"inLanguage\":\"de\",\"@id\":\"https:\/\/cem-instruments.de\/de\/#\/schema\/logo\/image\/\",\"url\":\"https:\/\/res.cloudinary.com\/dathdmgqz\/images\/f_auto,q_auto\/v1728637129\/cropped-2024-10-11-10_57_57-cem-instruments.de-\u2013-CEM-instruments-GmbH\/cropped-2024-10-11-10_57_57-cem-instruments.de-\u2013-CEM-instruments-GmbH.jpg?_i=AA\",\"contentUrl\":\"https:\/\/res.cloudinary.com\/dathdmgqz\/images\/f_auto,q_auto\/v1728637129\/cropped-2024-10-11-10_57_57-cem-instruments.de-\u2013-CEM-instruments-GmbH\/cropped-2024-10-11-10_57_57-cem-instruments.de-\u2013-CEM-instruments-GmbH.jpg?_i=AA\",\"width\":512,\"height\":512,\"caption\":\"CEM Test Instruments GmbH\"},\"image\":{\"@id\":\"https:\/\/cem-instruments.de\/de\/#\/schema\/logo\/image\/\"}}]}<\/script>\n<!-- \/ Yoast SEO plugin. -->","yoast_head_json":{"title":"DT-3390\/3391\/3391W\/3392\/3392W\/3392BT\/3395 1000A AC, AC\/DC Zangenmessger\u00e4te - CEM Test Instruments GmbH","description":"Die 3391\/3392\/3395 Serie professioneller True-RMS-Zangenmessger\u00e4te liefert pr\u00e4zise AC- und AC\/DC-Strom- sowie Spannungsmessungen, unabh\u00e4ngig von der Wellenform. Diese Messger\u00e4te k\u00f6nnen in den meisten industriellen und kommerziellen Anwendungen eingesetzt werden, bei denen nichtlineare Lasten die Strom- oder Spannungswellenform verzerren.","robots":{"index":"index","follow":"follow","max-snippet":"max-snippet:-1","max-image-preview":"max-image-preview:large","max-video-preview":"max-video-preview:-1"},"canonical":"https:\/\/cem-instruments.de\/de\/product\/dt3391-rms-zangenmessgeraet\/","og_locale":"de_DE","og_type":"article","og_title":"DT-3390\/3391\/3391W\/3392\/3392W\/3392BT\/3395 1000A AC, AC\/DC Zangenmessger\u00e4te - CEM Test Instruments GmbH","og_description":"Die 3391\/3392\/3395 Serie professioneller True-RMS-Zangenmessger\u00e4te liefert pr\u00e4zise AC- und AC\/DC-Strom- sowie Spannungsmessungen, unabh\u00e4ngig von der Wellenform. Diese Messger\u00e4te k\u00f6nnen in den meisten industriellen und kommerziellen Anwendungen eingesetzt werden, bei denen nichtlineare Lasten die Strom- oder Spannungswellenform verzerren.","og_url":"https:\/\/cem-instruments.de\/de\/product\/dt3391-rms-zangenmessgeraet\/","og_site_name":"CEM Test Instruments GmbH","article_modified_time":"2025-01-25T15:47:48+00:00","og_image":[{"width":540,"height":720,"url":"https:\/\/res.cloudinary.com\/dathdmgqz\/images\/f_auto,q_auto\/v1727712932\/eletrical tools pic\/DT-3391\/jrl15ewp68heu6pfkaen\/jrl15ewp68heu6pfkaen.png?_i=AA","type":"image\/png"}],"twitter_card":"summary_large_image","twitter_misc":{"Gesch\u00e4tzte Lesezeit":"2\u00a0Minuten"},"schema":{"@context":"https:\/\/schema.org","@graph":[{"@type":"WebPage","@id":"https:\/\/cem-instruments.de\/de\/product\/dt3391-rms-zangenmessgeraet\/","url":"https:\/\/cem-instruments.de\/de\/product\/dt3391-rms-zangenmessgeraet\/","name":"DT-3390\/3391\/3391W\/3392\/3392W\/3392BT\/3395 1000A AC, AC\/DC Zangenmessger\u00e4te - CEM Test Instruments GmbH","isPartOf":{"@id":"https:\/\/cem-instruments.de\/de\/#website"},"primaryImageOfPage":{"@id":"https:\/\/cem-instruments.de\/de\/product\/dt3391-rms-zangenmessgeraet\/#primaryimage"},"image":{"@id":"https:\/\/cem-instruments.de\/de\/product\/dt3391-rms-zangenmessgeraet\/#primaryimage"},"thumbnailUrl":"https:\/\/res.cloudinary.com\/dathdmgqz\/images\/f_auto,q_auto\/v1727712932\/eletrical tools pic\/DT-3391\/jrl15ewp68heu6pfkaen\/jrl15ewp68heu6pfkaen.png?_i=AA","datePublished":"2024-09-16T11:23:33+00:00","dateModified":"2025-01-25T15:47:48+00:00","description":"Die 3391\/3392\/3395 Serie professioneller True-RMS-Zangenmessger\u00e4te liefert pr\u00e4zise AC- und AC\/DC-Strom- sowie Spannungsmessungen, unabh\u00e4ngig von der Wellenform. Diese Messger\u00e4te k\u00f6nnen in den meisten industriellen und kommerziellen Anwendungen eingesetzt werden, bei denen nichtlineare Lasten die Strom- oder Spannungswellenform verzerren.","breadcrumb":{"@id":"https:\/\/cem-instruments.de\/de\/product\/dt3391-rms-zangenmessgeraet\/#breadcrumb"},"inLanguage":"de","potentialAction":[{"@type":"ReadAction","target":["https:\/\/cem-instruments.de\/de\/product\/dt3391-rms-zangenmessgeraet\/"]}]},{"@type":"ImageObject","inLanguage":"de","@id":"https:\/\/cem-instruments.de\/de\/product\/dt3391-rms-zangenmessgeraet\/#primaryimage","url":"https:\/\/res.cloudinary.com\/dathdmgqz\/images\/f_auto,q_auto\/v1727712932\/eletrical tools pic\/DT-3391\/jrl15ewp68heu6pfkaen\/jrl15ewp68heu6pfkaen.png?_i=AA","contentUrl":"https:\/\/res.cloudinary.com\/dathdmgqz\/images\/f_auto,q_auto\/v1727712932\/eletrical tools pic\/DT-3391\/jrl15ewp68heu6pfkaen\/jrl15ewp68heu6pfkaen.png?_i=AA","width":540,"height":720},{"@type":"BreadcrumbList","@id":"https:\/\/cem-instruments.de\/de\/product\/dt3391-rms-zangenmessgeraet\/#breadcrumb","itemListElement":[{"@type":"ListItem","position":1,"name":"Home","item":"https:\/\/cem-instruments.de\/de\/"},{"@type":"ListItem","position":2,"name":"Products","item":"https:\/\/cem-instruments.de\/de\/shop\/"},{"@type":"ListItem","position":3,"name":"DT-3390\/3391\/3391W\/3392\/3392W\/3392BT\/3395 1000A AC, AC\/DC Zangenmessger\u00e4te"}]},{"@type":"WebSite","@id":"https:\/\/cem-instruments.de\/de\/#website","url":"https:\/\/cem-instruments.de\/de\/","name":"CEM Test Instruments GmbH","description":"CEM Test Instruments GmbH","publisher":{"@id":"https:\/\/cem-instruments.de\/de\/#organization"},"alternateName":"best partner for electronic instruments","potentialAction":[{"@type":"SearchAction","target":{"@type":"EntryPoint","urlTemplate":"https:\/\/cem-instruments.de\/de\/?s={search_term_string}"},"query-input":{"@type":"PropertyValueSpecification","valueRequired":true,"valueName":"search_term_string"}}],"inLanguage":"de"},{"@type":"Organization","@id":"https:\/\/cem-instruments.de\/de\/#organization","name":"CEM Test Instruments GmbH","url":"https:\/\/cem-instruments.de\/de\/","logo":{"@type":"ImageObject","inLanguage":"de","@id":"https:\/\/cem-instruments.de\/de\/#\/schema\/logo\/image\/","url":"https:\/\/res.cloudinary.com\/dathdmgqz\/images\/f_auto,q_auto\/v1728637129\/cropped-2024-10-11-10_57_57-cem-instruments.de-\u2013-CEM-instruments-GmbH\/cropped-2024-10-11-10_57_57-cem-instruments.de-\u2013-CEM-instruments-GmbH.jpg?_i=AA","contentUrl":"https:\/\/res.cloudinary.com\/dathdmgqz\/images\/f_auto,q_auto\/v1728637129\/cropped-2024-10-11-10_57_57-cem-instruments.de-\u2013-CEM-instruments-GmbH\/cropped-2024-10-11-10_57_57-cem-instruments.de-\u2013-CEM-instruments-GmbH.jpg?_i=AA","width":512,"height":512,"caption":"CEM Test Instruments GmbH"},"image":{"@id":"https:\/\/cem-instruments.de\/de\/#\/schema\/logo\/image\/"}}]}},"_links":{"self":[{"href":"https:\/\/cem-instruments.de\/de\/wp-json\/wp\/v2\/product\/29589","targetHints":{"allow":["GET"]}}],"collection":[{"href":"https:\/\/cem-instruments.de\/de\/wp-json\/wp\/v2\/product"}],"about":[{"href":"https:\/\/cem-instruments.de\/de\/wp-json\/wp\/v2\/types\/product"}],"version-history":[{"count":6,"href":"https:\/\/cem-instruments.de\/de\/wp-json\/wp\/v2\/product\/29589\/revisions"}],"predecessor-version":[{"id":32348,"href":"https:\/\/cem-instruments.de\/de\/wp-json\/wp\/v2\/product\/29589\/revisions\/32348"}],"wp:featuredmedia":[{"embeddable":true,"href":"https:\/\/cem-instruments.de\/de\/wp-json\/wp\/v2\/media\/29902"}],"wp:attachment":[{"href":"https:\/\/cem-instruments.de\/de\/wp-json\/wp\/v2\/media?parent=29589"}],"wp:term":[{"taxonomy":"product_brand","embeddable":true,"href":"https:\/\/cem-instruments.de\/de\/wp-json\/wp\/v2\/product_brand?post=29589"},{"taxonomy":"product_cat","embeddable":true,"href":"https:\/\/cem-instruments.de\/de\/wp-json\/wp\/v2\/product_cat?post=29589"},{"taxonomy":"product_tag","embeddable":true,"href":"https:\/\/cem-instruments.de\/de\/wp-json\/wp\/v2\/product_tag?post=29589"}],"curies":[{"name":"wp","href":"https:\/\/api.w.org\/{rel}","templated":true}]}}