{"id":29595,"date":"2024-09-16T13:42:20","date_gmt":"2024-09-16T11:42:20","guid":{"rendered":"https:\/\/cem-instruments.de\/de\/?post_type=product&#038;p=29595"},"modified":"2025-01-25T01:22:57","modified_gmt":"2025-01-25T00:22:57","slug":"dt9810-stromtester","status":"publish","type":"product","link":"https:\/\/cem-instruments.de\/de\/product\/dt9810-stromtester\/","title":{"rendered":"DT-9810 Mini-AC-Leckstromtester"},"content":{"rendered":"\t\t<div data-elementor-type=\"wp-post\" data-elementor-id=\"29595\" class=\"elementor elementor-29595\" data-elementor-post-type=\"product\">\n\t\t\t\t<div class=\"wd-negative-gap elementor-element elementor-element-37665052 e-flex e-con-boxed e-con e-parent\" data-id=\"37665052\" data-element_type=\"container\">\n\t\t\t\t\t<div class=\"e-con-inner\">\n\t\t<div class=\"elementor-element elementor-element-fce0e04 e-con-full e-flex e-con e-child\" data-id=\"fce0e04\" data-element_type=\"container\">\n\t\t<div class=\"elementor-element elementor-element-aaa1000 e-con-full e-flex e-con e-child\" data-id=\"aaa1000\" data-element_type=\"container\">\n\t\t<div class=\"elementor-element elementor-element-184cb49 e-con-full e-flex e-con e-child\" data-id=\"184cb49\" data-element_type=\"container\">\n\t\t\t\t<div class=\"elementor-element elementor-element-fa5a729 e-n-tabs-mobile elementor-widget elementor-widget-n-tabs\" data-id=\"fa5a729\" data-element_type=\"widget\" data-settings=\"{&quot;tabs_justify_horizontal&quot;:&quot;start&quot;,&quot;horizontal_scroll&quot;:&quot;disable&quot;}\" data-widget_type=\"nested-tabs.default\">\n\t\t\t\t<div class=\"elementor-widget-container\">\n\t\t\t\t\t\t\t<div class=\"e-n-tabs\" data-widget-number=\"262514473\" aria-label=\"Tabs. Open items with Enter or Space, close with Escape and navigate using the Arrow keys.\">\n\t\t\t<div class=\"e-n-tabs-heading\" role=\"tablist\">\n\t\t\t\t\t<button id=\"e-n-tab-title-2625144731\" class=\"e-n-tab-title\" aria-selected=\"true\" data-tab-index=\"1\" role=\"tab\" tabindex=\"0\" aria-controls=\"e-n-tab-content-2625144731\" style=\"--n-tabs-title-order: 1;\">\n\t\t\t\t\t\t<span class=\"e-n-tab-title-text\">\n\t\t\t\tDescription\t\t\t<\/span>\n\t\t<\/button>\n\t\t\t\t<button id=\"e-n-tab-title-2625144732\" class=\"e-n-tab-title\" aria-selected=\"false\" data-tab-index=\"2\" role=\"tab\" tabindex=\"-1\" aria-controls=\"e-n-tab-content-2625144732\" style=\"--n-tabs-title-order: 2;\">\n\t\t\t\t\t\t<span class=\"e-n-tab-title-text\">\n\t\t\t\tSpecification\t\t\t<\/span>\n\t\t<\/button>\n\t\t\t\t<button id=\"e-n-tab-title-2625144733\" class=\"e-n-tab-title\" aria-selected=\"false\" data-tab-index=\"3\" role=\"tab\" tabindex=\"-1\" aria-controls=\"e-n-tab-content-2625144733\" style=\"--n-tabs-title-order: 3;\">\n\t\t\t\t\t\t<span class=\"e-n-tab-title-text\">\n\t\t\t\tResources\t\t\t<\/span>\n\t\t<\/button>\n\t\t\t\t\t<\/div>\n\t\t\t<div class=\"e-n-tabs-content\">\n\t\t\t\t<div id=\"e-n-tab-content-2625144731\" role=\"tabpanel\" aria-labelledby=\"e-n-tab-title-2625144731\" data-tab-index=\"1\" style=\"--n-tabs-title-order: 1;\" class=\"e-active elementor-element elementor-element-141917e e-con-full e-flex e-con e-child\" data-id=\"141917e\" data-element_type=\"container\">\n\t\t<div class=\"wd-negative-gap elementor-element elementor-element-540f197 e-flex e-con-boxed e-con e-child\" data-id=\"540f197\" data-element_type=\"container\">\n\t\t\t\t\t<div class=\"e-con-inner\">\n\t\t\t\t<div class=\"elementor-element elementor-element-ba8c47f elementor-widget elementor-widget-wd_text_block\" data-id=\"ba8c47f\" data-element_type=\"widget\" data-widget_type=\"wd_text_block.default\">\n\t\t\t\t<div class=\"elementor-widget-container\">\n\t\t\t\t\t\t\t<div class=\"wd-text-block reset-last-child text-left\">\n\t\t\t\n\t\t\t<ul><li>Abgeschirmte Transformatorzange mit einer \u00d6ffnung von 1,2\u02dd<\/li><li>100 \u03bcA hohe Aufl\u00f6sung<\/li><li>Minimale Beeinflussung durch externe Magnetfelder, bietet einen breiten Messbereich von sehr kleinen bis zu gro\u00dfen Str\u00f6men<\/li><li>Entwickelt nach Sicherheitsstandard IEC 61010-2-032: \u00dcberspannungskategorie CAT.III, 300V und Verschmutzungsgrad 2<\/li><li><div class=\"flex max-w-full flex-col flex-grow\"><div class=\"min-h-8 text-message flex w-full flex-col items-end gap-2 whitespace-normal break-words text-start [.text-message+&amp;]:mt-5\" dir=\"auto\" data-message-author-role=\"assistant\" data-message-id=\"5c897b27-4b34-4421-83cb-fab556587267\" data-message-model-slug=\"gpt-4o\"><div class=\"flex w-full flex-col gap-1 empty:hidden first:pt-[3px]\"><div class=\"markdown prose w-full break-words dark:prose-invert light\"><p>Datenhaltefunktion f\u00fcr einfaches Ablesen an schlecht beleuchteten oder schwer zug\u00e4nglichen Stellen<\/p><\/div><\/div><\/div><\/div><div class=\"mb-2 flex gap-3 empty:hidden -ml-2\"><div class=\"items-center justify-start rounded-xl p-1 flex\">\u00a0<\/div><\/div><\/li><\/ul>\n\t\t\t\t\t<\/div>\n\t\t\t\t\t\t<\/div>\n\t\t\t\t<\/div>\n\t\t\t\t\t<\/div>\n\t\t\t\t<\/div>\n\t\t\t\t<\/div>\n\t\t<div id=\"e-n-tab-content-2625144732\" role=\"tabpanel\" aria-labelledby=\"e-n-tab-title-2625144732\" data-tab-index=\"2\" style=\"--n-tabs-title-order: 2;\" class=\" elementor-element elementor-element-9a99b8e e-con-full e-flex e-con e-child\" data-id=\"9a99b8e\" data-element_type=\"container\">\n\t\t\t\t<div class=\"elementor-element elementor-element-26baec0 elementor-widget elementor-widget-wd_image_or_svg\" data-id=\"26baec0\" data-element_type=\"widget\" data-widget_type=\"wd_image_or_svg.default\">\n\t\t\t\t<div class=\"elementor-widget-container\">\n\t\t\t\t\t\n\t\t<div class=\"wd-image text-left\">\n\t\t\t\t\t\t\t\t<img width=\"357\" height=\"96\" data-public-id=\"eletrical tools pic\/DT-9810\/fcxo2ws00uevn8onrzjd\/fcxo2ws00uevn8onrzjd.png\" decoding=\"async\" src=\"https:\/\/res.cloudinary.com\/dathdmgqz\/images\/w_357,h_96,c_scale\/f_auto,q_auto\/v1728293030\/eletrical tools pic\/DT-9810\/fcxo2ws00uevn8onrzjd\/fcxo2ws00uevn8onrzjd.png?_i=AA\" class=\"attachment-full size-full wp-image-30671\" alt=\"\" data-format=\"png\" data-transformations=\"f_auto,q_auto\" data-version=\"1728293030\" data-seo=\"1\" data-responsive=\"1\" srcset=\"https:\/\/res.cloudinary.com\/dathdmgqz\/images\/w_357,h_96,c_scale\/f_auto,q_auto\/v1728293030\/eletrical tools pic\/DT-9810\/fcxo2ws00uevn8onrzjd\/fcxo2ws00uevn8onrzjd.png?_i=AA 357w, https:\/\/res.cloudinary.com\/dathdmgqz\/images\/w_248,h_66,c_scale\/f_auto,q_auto\/v1728293030\/eletrical tools pic\/DT-9810\/fcxo2ws00uevn8onrzjd\/fcxo2ws00uevn8onrzjd.png?_i=AA 248w\" sizes=\"(max-width: 357px) 100vw, 357px\" \/>\t\t\t\t\t<\/div>\n\n\t\t\t\t\t\t<\/div>\n\t\t\t\t<\/div>\n\t\t\t\t<\/div>\n\t\t<div id=\"e-n-tab-content-2625144733\" role=\"tabpanel\" aria-labelledby=\"e-n-tab-title-2625144733\" data-tab-index=\"3\" style=\"--n-tabs-title-order: 3;\" class=\" elementor-element elementor-element-b71aba1 e-con-full e-flex e-con e-child\" data-id=\"b71aba1\" data-element_type=\"container\">\n\t\t<div class=\"elementor-element elementor-element-74bcc3c e-con-full e-flex e-con e-child\" data-id=\"74bcc3c\" data-element_type=\"container\">\n\t\t\t\t<div class=\"elementor-element elementor-element-58fa693 elementor-widget elementor-widget-wd_list\" data-id=\"58fa693\" data-element_type=\"widget\" data-widget_type=\"wd_list.default\">\n\t\t\t\t<div class=\"elementor-widget-container\">\n\t\t\t\t\t\t\t<ul class=\"wd-list color-scheme- wd-fontsize-xs wd-type-icon wd-style-default text-left\">\n\t\t\t\t\t\t\t\t\t\t\t<li class=\"elementor-repeater-item-fe163c2\">\n\t\t\t\t\t\t\t\t\t\t\t<span class=\"wd-icon\"><svg class=\"e-font-icon-svg e-fas-star\" viewBox=\"0 0 576 512\" xmlns=\"http:\/\/www.w3.org\/2000\/svg\"><path d=\"M259.3 17.8L194 150.2 47.9 171.5c-26.2 3.8-36.7 36.1-17.7 54.6l105.7 103-25 145.5c-4.5 26.3 23.2 46 46.4 33.7L288 439.6l130.7 68.7c23.2 12.2 50.9-7.4 46.4-33.7l-25-145.5 105.7-103c19-18.5 8.5-50.8-17.7-54.6L382 150.2 316.7 17.8c-11.7-23.6-45.6-23.9-57.4 0z\"><\/path><\/svg><\/span>\t\t\t\t\t\n\t\t\t\t\t<span class=\"wd-list-content list-content\">\n\t\t\t\t\t\tapplication note\t\t\t\t\t<\/span>\n\n\t\t\t\t\t\t\t\t\t<\/li>\n\t\t\t\t\t<\/ul>\n\n\t\t\t\t\t\t<\/div>\n\t\t\t\t<\/div>\n\t\t\t\t<div class=\"elementor-element elementor-element-e3ef2f9 elementor-widget elementor-widget-wd_list\" data-id=\"e3ef2f9\" data-element_type=\"widget\" data-widget_type=\"wd_list.default\">\n\t\t\t\t<div class=\"elementor-widget-container\">\n\t\t\t\t\t\t\t<ul class=\"wd-list color-scheme-custom wd-fontsize-xs wd-type-icon wd-style-default text-left\">\n\t\t\t\t\t\t\t\t\t\t\t<li class=\"elementor-repeater-item-fe163c2\">\n\t\t\t\t\t\t\t\t\t\t\t<span class=\"wd-icon\"><svg class=\"e-font-icon-svg e-fas-star\" viewBox=\"0 0 576 512\" xmlns=\"http:\/\/www.w3.org\/2000\/svg\"><path d=\"M259.3 17.8L194 150.2 47.9 171.5c-26.2 3.8-36.7 36.1-17.7 54.6l105.7 103-25 145.5c-4.5 26.3 23.2 46 46.4 33.7L288 439.6l130.7 68.7c23.2 12.2 50.9-7.4 46.4-33.7l-25-145.5 105.7-103c19-18.5 8.5-50.8-17.7-54.6L382 150.2 316.7 17.8c-11.7-23.6-45.6-23.9-57.4 0z\"><\/path><\/svg><\/span>\t\t\t\t\t\n\t\t\t\t\t<span class=\"wd-list-content list-content\">\n\t\t\t\t\t\tdatasheet\t\t\t\t\t<\/span>\n\n\t\t\t\t\t\t\t\t\t<\/li>\n\t\t\t\t\t\t\t\t\t\t\t<li class=\"elementor-repeater-item-66113ab\">\n\t\t\t\t\t\t\t\t\t\t\t<span class=\"wd-icon\"><svg class=\"e-font-icon-svg e-fas-star\" viewBox=\"0 0 576 512\" xmlns=\"http:\/\/www.w3.org\/2000\/svg\"><path d=\"M259.3 17.8L194 150.2 47.9 171.5c-26.2 3.8-36.7 36.1-17.7 54.6l105.7 103-25 145.5c-4.5 26.3 23.2 46 46.4 33.7L288 439.6l130.7 68.7c23.2 12.2 50.9-7.4 46.4-33.7l-25-145.5 105.7-103c19-18.5 8.5-50.8-17.7-54.6L382 150.2 316.7 17.8c-11.7-23.6-45.6-23.9-57.4 0z\"><\/path><\/svg><\/span>\t\t\t\t\t\n\t\t\t\t\t<span class=\"wd-list-content list-content\">\n\t\t\t\t\t\tuser manual\t\t\t\t\t<\/span>\n\n\t\t\t\t\t\t\t\t\t<\/li>\n\t\t\t\t\t<\/ul>\n\n\t\t\t\t\t\t<\/div>\n\t\t\t\t<\/div>\n\t\t\t\t<\/div>\n\t\t<div class=\"elementor-element elementor-element-85af5a7 e-con-full e-flex e-con e-child\" data-id=\"85af5a7\" data-element_type=\"container\">\n\t\t\t\t<\/div>\n\t\t\t\t<\/div>\n\t\t\t\t\t<\/div>\n\t\t<\/div>\n\t\t\t\t\t\t<\/div>\n\t\t\t\t<\/div>\n\t\t\t\t<\/div>\n\t\t\t\t<\/div>\n\t\t\t\t<\/div>\n\t\t\t\t\t<\/div>\n\t\t\t\t<\/div>\n\t\t\t\t<\/div>\n\t\t","protected":false},"excerpt":{"rendered":"<p>Description Specification Resources Abgeschirmte Transformatorzange mit einer \u00d6ffnung von 1,2\u02dd 100 \u03bcA hohe Aufl\u00f6sung Minimale Beeinflussung durch externe Magnetfelder, bietet<\/p>\n","protected":false},"featured_media":30070,"template":"","meta":{"_cloudinary_featured_overwrite":false},"product_brand":[],"product_cat":[333,387],"product_tag":[],"class_list":{"0":"post-29595","1":"product","2":"type-product","3":"status-publish","4":"has-post-thumbnail","6":"product_cat-electrical_tools","7":"product_cat-clamp_meters","9":"first","10":"instock","11":"shipping-taxable","12":"product-type-simple"},"yoast_head":"<!-- This site is optimized with the Yoast SEO plugin v24.3 - https:\/\/yoast.com\/wordpress\/plugins\/seo\/ -->\n<title>DT-9810 Mini-AC-Leckstromtester - CEM Test Instruments GmbH<\/title>\n<meta name=\"description\" content=\"Abgeschirmte Transformatorzange mit einer \u00d6ffnung von 1,2\u02dd und einer hohen Aufl\u00f6sung von 100 \u03bcA Minimale Beeinflussung durch externe Magnetfelder, bietet einen breiten Messbereich von sehr kleinen bis zu gro\u00dfen Str\u00f6men Entwickelt nach Sicherheitsstandard IEC 61010-2-032: \u00dcberspannungskategorie CAT.III, 300V und Verschmutzungsgrad 2 Datenhaltefunktion f\u00fcr einfaches Ablesen an schlecht beleuchteten oder schwer zug\u00e4nglichen Stellen\" \/>\n<meta name=\"robots\" content=\"index, follow, max-snippet:-1, max-image-preview:large, max-video-preview:-1\" \/>\n<link rel=\"canonical\" href=\"https:\/\/cem-instruments.de\/de\/product\/dt9810-stromtester\/\" \/>\n<meta property=\"og:locale\" content=\"de_DE\" \/>\n<meta property=\"og:type\" content=\"article\" \/>\n<meta property=\"og:title\" content=\"DT-9810 Mini-AC-Leckstromtester - CEM Test Instruments GmbH\" \/>\n<meta property=\"og:description\" content=\"Abgeschirmte Transformatorzange mit einer \u00d6ffnung von 1,2\u02dd und einer hohen Aufl\u00f6sung von 100 \u03bcA Minimale Beeinflussung durch externe Magnetfelder, bietet einen breiten Messbereich von sehr kleinen bis zu gro\u00dfen Str\u00f6men Entwickelt nach Sicherheitsstandard IEC 61010-2-032: \u00dcberspannungskategorie CAT.III, 300V und Verschmutzungsgrad 2 Datenhaltefunktion f\u00fcr einfaches Ablesen an schlecht beleuchteten oder schwer zug\u00e4nglichen Stellen\" \/>\n<meta property=\"og:url\" content=\"https:\/\/cem-instruments.de\/de\/product\/dt9810-stromtester\/\" \/>\n<meta property=\"og:site_name\" content=\"CEM Test Instruments GmbH\" \/>\n<meta property=\"article:modified_time\" content=\"2025-01-25T00:22:57+00:00\" \/>\n<meta property=\"og:image\" content=\"https:\/\/res.cloudinary.com\/dathdmgqz\/images\/f_auto,q_auto\/v1727712946\/eletrical tools pic\/DT-9810\/zi40pw1oqxksz89kj8cb\/zi40pw1oqxksz89kj8cb.jpg?_i=AA\" \/>\n\t<meta property=\"og:image:width\" content=\"540\" \/>\n\t<meta property=\"og:image:height\" content=\"720\" \/>\n\t<meta property=\"og:image:type\" content=\"image\/jpeg\" \/>\n<meta name=\"twitter:card\" content=\"summary_large_image\" \/>\n<meta name=\"twitter:label1\" content=\"Gesch\u00e4tzte Lesezeit\" \/>\n\t<meta name=\"twitter:data1\" content=\"2\u00a0Minuten\" \/>\n<script type=\"application\/ld+json\" class=\"yoast-schema-graph\">{\"@context\":\"https:\/\/schema.org\",\"@graph\":[{\"@type\":\"WebPage\",\"@id\":\"https:\/\/cem-instruments.de\/de\/product\/dt9810-stromtester\/\",\"url\":\"https:\/\/cem-instruments.de\/de\/product\/dt9810-stromtester\/\",\"name\":\"DT-9810 Mini-AC-Leckstromtester - CEM Test Instruments GmbH\",\"isPartOf\":{\"@id\":\"https:\/\/cem-instruments.de\/de\/#website\"},\"primaryImageOfPage\":{\"@id\":\"https:\/\/cem-instruments.de\/de\/product\/dt9810-stromtester\/#primaryimage\"},\"image\":{\"@id\":\"https:\/\/cem-instruments.de\/de\/product\/dt9810-stromtester\/#primaryimage\"},\"thumbnailUrl\":\"https:\/\/res.cloudinary.com\/dathdmgqz\/images\/f_auto,q_auto\/v1727712946\/eletrical tools pic\/DT-9810\/zi40pw1oqxksz89kj8cb\/zi40pw1oqxksz89kj8cb.jpg?_i=AA\",\"datePublished\":\"2024-09-16T11:42:20+00:00\",\"dateModified\":\"2025-01-25T00:22:57+00:00\",\"description\":\"Abgeschirmte Transformatorzange mit einer \u00d6ffnung von 1,2\u02dd und einer hohen Aufl\u00f6sung von 100 \u03bcA Minimale Beeinflussung durch externe Magnetfelder, bietet einen breiten Messbereich von sehr kleinen bis zu gro\u00dfen Str\u00f6men Entwickelt nach Sicherheitsstandard IEC 61010-2-032: \u00dcberspannungskategorie CAT.III, 300V und Verschmutzungsgrad 2 Datenhaltefunktion f\u00fcr einfaches Ablesen an schlecht beleuchteten oder schwer zug\u00e4nglichen Stellen\",\"breadcrumb\":{\"@id\":\"https:\/\/cem-instruments.de\/de\/product\/dt9810-stromtester\/#breadcrumb\"},\"inLanguage\":\"de\",\"potentialAction\":[{\"@type\":\"ReadAction\",\"target\":[\"https:\/\/cem-instruments.de\/de\/product\/dt9810-stromtester\/\"]}]},{\"@type\":\"ImageObject\",\"inLanguage\":\"de\",\"@id\":\"https:\/\/cem-instruments.de\/de\/product\/dt9810-stromtester\/#primaryimage\",\"url\":\"https:\/\/res.cloudinary.com\/dathdmgqz\/images\/f_auto,q_auto\/v1727712946\/eletrical tools pic\/DT-9810\/zi40pw1oqxksz89kj8cb\/zi40pw1oqxksz89kj8cb.jpg?_i=AA\",\"contentUrl\":\"https:\/\/res.cloudinary.com\/dathdmgqz\/images\/f_auto,q_auto\/v1727712946\/eletrical tools pic\/DT-9810\/zi40pw1oqxksz89kj8cb\/zi40pw1oqxksz89kj8cb.jpg?_i=AA\",\"width\":540,\"height\":720},{\"@type\":\"BreadcrumbList\",\"@id\":\"https:\/\/cem-instruments.de\/de\/product\/dt9810-stromtester\/#breadcrumb\",\"itemListElement\":[{\"@type\":\"ListItem\",\"position\":1,\"name\":\"Home\",\"item\":\"https:\/\/cem-instruments.de\/de\/\"},{\"@type\":\"ListItem\",\"position\":2,\"name\":\"Products\",\"item\":\"https:\/\/cem-instruments.de\/de\/shop\/\"},{\"@type\":\"ListItem\",\"position\":3,\"name\":\"DT-9810 Mini-AC-Leckstromtester\"}]},{\"@type\":\"WebSite\",\"@id\":\"https:\/\/cem-instruments.de\/de\/#website\",\"url\":\"https:\/\/cem-instruments.de\/de\/\",\"name\":\"CEM Test Instruments GmbH\",\"description\":\"CEM Test Instruments GmbH\",\"publisher\":{\"@id\":\"https:\/\/cem-instruments.de\/de\/#organization\"},\"alternateName\":\"best partner for electronic instruments\",\"potentialAction\":[{\"@type\":\"SearchAction\",\"target\":{\"@type\":\"EntryPoint\",\"urlTemplate\":\"https:\/\/cem-instruments.de\/de\/?s={search_term_string}\"},\"query-input\":{\"@type\":\"PropertyValueSpecification\",\"valueRequired\":true,\"valueName\":\"search_term_string\"}}],\"inLanguage\":\"de\"},{\"@type\":\"Organization\",\"@id\":\"https:\/\/cem-instruments.de\/de\/#organization\",\"name\":\"CEM Test Instruments GmbH\",\"url\":\"https:\/\/cem-instruments.de\/de\/\",\"logo\":{\"@type\":\"ImageObject\",\"inLanguage\":\"de\",\"@id\":\"https:\/\/cem-instruments.de\/de\/#\/schema\/logo\/image\/\",\"url\":\"https:\/\/res.cloudinary.com\/dathdmgqz\/images\/f_auto,q_auto\/v1728637129\/cropped-2024-10-11-10_57_57-cem-instruments.de-\u2013-CEM-instruments-GmbH\/cropped-2024-10-11-10_57_57-cem-instruments.de-\u2013-CEM-instruments-GmbH.jpg?_i=AA\",\"contentUrl\":\"https:\/\/res.cloudinary.com\/dathdmgqz\/images\/f_auto,q_auto\/v1728637129\/cropped-2024-10-11-10_57_57-cem-instruments.de-\u2013-CEM-instruments-GmbH\/cropped-2024-10-11-10_57_57-cem-instruments.de-\u2013-CEM-instruments-GmbH.jpg?_i=AA\",\"width\":512,\"height\":512,\"caption\":\"CEM Test Instruments GmbH\"},\"image\":{\"@id\":\"https:\/\/cem-instruments.de\/de\/#\/schema\/logo\/image\/\"}}]}<\/script>\n<!-- \/ Yoast SEO plugin. -->","yoast_head_json":{"title":"DT-9810 Mini-AC-Leckstromtester - CEM Test Instruments GmbH","description":"Abgeschirmte Transformatorzange mit einer \u00d6ffnung von 1,2\u02dd und einer hohen Aufl\u00f6sung von 100 \u03bcA Minimale Beeinflussung durch externe Magnetfelder, bietet einen breiten Messbereich von sehr kleinen bis zu gro\u00dfen Str\u00f6men Entwickelt nach Sicherheitsstandard IEC 61010-2-032: \u00dcberspannungskategorie CAT.III, 300V und Verschmutzungsgrad 2 Datenhaltefunktion f\u00fcr einfaches Ablesen an schlecht beleuchteten oder schwer zug\u00e4nglichen Stellen","robots":{"index":"index","follow":"follow","max-snippet":"max-snippet:-1","max-image-preview":"max-image-preview:large","max-video-preview":"max-video-preview:-1"},"canonical":"https:\/\/cem-instruments.de\/de\/product\/dt9810-stromtester\/","og_locale":"de_DE","og_type":"article","og_title":"DT-9810 Mini-AC-Leckstromtester - CEM Test Instruments GmbH","og_description":"Abgeschirmte Transformatorzange mit einer \u00d6ffnung von 1,2\u02dd und einer hohen Aufl\u00f6sung von 100 \u03bcA Minimale Beeinflussung durch externe Magnetfelder, bietet einen breiten Messbereich von sehr kleinen bis zu gro\u00dfen Str\u00f6men Entwickelt nach Sicherheitsstandard IEC 61010-2-032: \u00dcberspannungskategorie CAT.III, 300V und Verschmutzungsgrad 2 Datenhaltefunktion f\u00fcr einfaches Ablesen an schlecht beleuchteten oder schwer zug\u00e4nglichen Stellen","og_url":"https:\/\/cem-instruments.de\/de\/product\/dt9810-stromtester\/","og_site_name":"CEM Test Instruments GmbH","article_modified_time":"2025-01-25T00:22:57+00:00","og_image":[{"width":540,"height":720,"url":"https:\/\/res.cloudinary.com\/dathdmgqz\/images\/f_auto,q_auto\/v1727712946\/eletrical tools pic\/DT-9810\/zi40pw1oqxksz89kj8cb\/zi40pw1oqxksz89kj8cb.jpg?_i=AA","type":"image\/jpeg"}],"twitter_card":"summary_large_image","twitter_misc":{"Gesch\u00e4tzte Lesezeit":"2\u00a0Minuten"},"schema":{"@context":"https:\/\/schema.org","@graph":[{"@type":"WebPage","@id":"https:\/\/cem-instruments.de\/de\/product\/dt9810-stromtester\/","url":"https:\/\/cem-instruments.de\/de\/product\/dt9810-stromtester\/","name":"DT-9810 Mini-AC-Leckstromtester - CEM Test Instruments GmbH","isPartOf":{"@id":"https:\/\/cem-instruments.de\/de\/#website"},"primaryImageOfPage":{"@id":"https:\/\/cem-instruments.de\/de\/product\/dt9810-stromtester\/#primaryimage"},"image":{"@id":"https:\/\/cem-instruments.de\/de\/product\/dt9810-stromtester\/#primaryimage"},"thumbnailUrl":"https:\/\/res.cloudinary.com\/dathdmgqz\/images\/f_auto,q_auto\/v1727712946\/eletrical tools pic\/DT-9810\/zi40pw1oqxksz89kj8cb\/zi40pw1oqxksz89kj8cb.jpg?_i=AA","datePublished":"2024-09-16T11:42:20+00:00","dateModified":"2025-01-25T00:22:57+00:00","description":"Abgeschirmte Transformatorzange mit einer \u00d6ffnung von 1,2\u02dd und einer hohen Aufl\u00f6sung von 100 \u03bcA Minimale Beeinflussung durch externe Magnetfelder, bietet einen breiten Messbereich von sehr kleinen bis zu gro\u00dfen Str\u00f6men Entwickelt nach Sicherheitsstandard IEC 61010-2-032: \u00dcberspannungskategorie CAT.III, 300V und Verschmutzungsgrad 2 Datenhaltefunktion f\u00fcr einfaches Ablesen an schlecht beleuchteten oder schwer zug\u00e4nglichen Stellen","breadcrumb":{"@id":"https:\/\/cem-instruments.de\/de\/product\/dt9810-stromtester\/#breadcrumb"},"inLanguage":"de","potentialAction":[{"@type":"ReadAction","target":["https:\/\/cem-instruments.de\/de\/product\/dt9810-stromtester\/"]}]},{"@type":"ImageObject","inLanguage":"de","@id":"https:\/\/cem-instruments.de\/de\/product\/dt9810-stromtester\/#primaryimage","url":"https:\/\/res.cloudinary.com\/dathdmgqz\/images\/f_auto,q_auto\/v1727712946\/eletrical tools pic\/DT-9810\/zi40pw1oqxksz89kj8cb\/zi40pw1oqxksz89kj8cb.jpg?_i=AA","contentUrl":"https:\/\/res.cloudinary.com\/dathdmgqz\/images\/f_auto,q_auto\/v1727712946\/eletrical tools pic\/DT-9810\/zi40pw1oqxksz89kj8cb\/zi40pw1oqxksz89kj8cb.jpg?_i=AA","width":540,"height":720},{"@type":"BreadcrumbList","@id":"https:\/\/cem-instruments.de\/de\/product\/dt9810-stromtester\/#breadcrumb","itemListElement":[{"@type":"ListItem","position":1,"name":"Home","item":"https:\/\/cem-instruments.de\/de\/"},{"@type":"ListItem","position":2,"name":"Products","item":"https:\/\/cem-instruments.de\/de\/shop\/"},{"@type":"ListItem","position":3,"name":"DT-9810 Mini-AC-Leckstromtester"}]},{"@type":"WebSite","@id":"https:\/\/cem-instruments.de\/de\/#website","url":"https:\/\/cem-instruments.de\/de\/","name":"CEM Test Instruments GmbH","description":"CEM Test Instruments GmbH","publisher":{"@id":"https:\/\/cem-instruments.de\/de\/#organization"},"alternateName":"best partner for electronic instruments","potentialAction":[{"@type":"SearchAction","target":{"@type":"EntryPoint","urlTemplate":"https:\/\/cem-instruments.de\/de\/?s={search_term_string}"},"query-input":{"@type":"PropertyValueSpecification","valueRequired":true,"valueName":"search_term_string"}}],"inLanguage":"de"},{"@type":"Organization","@id":"https:\/\/cem-instruments.de\/de\/#organization","name":"CEM Test Instruments GmbH","url":"https:\/\/cem-instruments.de\/de\/","logo":{"@type":"ImageObject","inLanguage":"de","@id":"https:\/\/cem-instruments.de\/de\/#\/schema\/logo\/image\/","url":"https:\/\/res.cloudinary.com\/dathdmgqz\/images\/f_auto,q_auto\/v1728637129\/cropped-2024-10-11-10_57_57-cem-instruments.de-\u2013-CEM-instruments-GmbH\/cropped-2024-10-11-10_57_57-cem-instruments.de-\u2013-CEM-instruments-GmbH.jpg?_i=AA","contentUrl":"https:\/\/res.cloudinary.com\/dathdmgqz\/images\/f_auto,q_auto\/v1728637129\/cropped-2024-10-11-10_57_57-cem-instruments.de-\u2013-CEM-instruments-GmbH\/cropped-2024-10-11-10_57_57-cem-instruments.de-\u2013-CEM-instruments-GmbH.jpg?_i=AA","width":512,"height":512,"caption":"CEM Test Instruments GmbH"},"image":{"@id":"https:\/\/cem-instruments.de\/de\/#\/schema\/logo\/image\/"}}]}},"_links":{"self":[{"href":"https:\/\/cem-instruments.de\/de\/wp-json\/wp\/v2\/product\/29595","targetHints":{"allow":["GET"]}}],"collection":[{"href":"https:\/\/cem-instruments.de\/de\/wp-json\/wp\/v2\/product"}],"about":[{"href":"https:\/\/cem-instruments.de\/de\/wp-json\/wp\/v2\/types\/product"}],"version-history":[{"count":5,"href":"https:\/\/cem-instruments.de\/de\/wp-json\/wp\/v2\/product\/29595\/revisions"}],"predecessor-version":[{"id":32255,"href":"https:\/\/cem-instruments.de\/de\/wp-json\/wp\/v2\/product\/29595\/revisions\/32255"}],"wp:featuredmedia":[{"embeddable":true,"href":"https:\/\/cem-instruments.de\/de\/wp-json\/wp\/v2\/media\/30070"}],"wp:attachment":[{"href":"https:\/\/cem-instruments.de\/de\/wp-json\/wp\/v2\/media?parent=29595"}],"wp:term":[{"taxonomy":"product_brand","embeddable":true,"href":"https:\/\/cem-instruments.de\/de\/wp-json\/wp\/v2\/product_brand?post=29595"},{"taxonomy":"product_cat","embeddable":true,"href":"https:\/\/cem-instruments.de\/de\/wp-json\/wp\/v2\/product_cat?post=29595"},{"taxonomy":"product_tag","embeddable":true,"href":"https:\/\/cem-instruments.de\/de\/wp-json\/wp\/v2\/product_tag?post=29595"}],"curies":[{"name":"wp","href":"https:\/\/api.w.org\/{rel}","templated":true}]}}