{"id":29643,"date":"2024-09-24T14:05:03","date_gmt":"2024-09-24T12:05:03","guid":{"rendered":"https:\/\/cem-instruments.de\/de\/?post_type=product&#038;p=29643"},"modified":"2026-02-27T18:13:27","modified_gmt":"2026-02-27T17:13:27","slug":"dt9935-lcr-messgeraet","status":"publish","type":"product","link":"https:\/\/cem-instruments.de\/de\/product\/dt9935-lcr-messgeraet\/","title":{"rendered":"DT-9935 Professionelles LCR-Messger\u00e4t"},"content":{"rendered":"\t\t<div data-elementor-type=\"wp-post\" data-elementor-id=\"29643\" class=\"elementor elementor-29643\" data-elementor-post-type=\"product\">\n\t\t\t\t<div class=\"wd-negative-gap elementor-element elementor-element-43493e31 e-flex e-con-boxed e-con e-parent\" data-id=\"43493e31\" data-element_type=\"container\">\n\t\t\t\t\t<div class=\"e-con-inner\">\n\t\t<div class=\"elementor-element elementor-element-66ada3c e-con-full e-flex e-con e-child\" data-id=\"66ada3c\" data-element_type=\"container\">\n\t\t<div class=\"elementor-element elementor-element-38a71ba e-con-full e-flex e-con e-child\" data-id=\"38a71ba\" data-element_type=\"container\">\n\t\t<div class=\"elementor-element elementor-element-05c2a2b e-con-full e-flex e-con e-child\" data-id=\"05c2a2b\" data-element_type=\"container\">\n\t\t\t\t<div class=\"elementor-element elementor-element-bbcd1d0 e-n-tabs-mobile elementor-widget elementor-widget-n-tabs\" data-id=\"bbcd1d0\" data-element_type=\"widget\" data-settings=\"{&quot;tabs_justify_horizontal&quot;:&quot;start&quot;,&quot;horizontal_scroll&quot;:&quot;disable&quot;}\" data-widget_type=\"nested-tabs.default\">\n\t\t\t\t<div class=\"elementor-widget-container\">\n\t\t\t\t\t\t\t<div class=\"e-n-tabs\" data-widget-number=\"196923856\" aria-label=\"Tabs. Open items with Enter or Space, close with Escape and navigate using the Arrow keys.\">\n\t\t\t<div class=\"e-n-tabs-heading\" role=\"tablist\">\n\t\t\t\t\t<button id=\"e-n-tab-title-1969238561\" class=\"e-n-tab-title\" aria-selected=\"true\" data-tab-index=\"1\" role=\"tab\" tabindex=\"0\" aria-controls=\"e-n-tab-content-1969238561\" style=\"--n-tabs-title-order: 1;\">\n\t\t\t\t\t\t<span class=\"e-n-tab-title-text\">\n\t\t\t\tDescription\t\t\t<\/span>\n\t\t<\/button>\n\t\t\t\t<button id=\"e-n-tab-title-1969238562\" class=\"e-n-tab-title\" aria-selected=\"false\" data-tab-index=\"2\" role=\"tab\" tabindex=\"-1\" aria-controls=\"e-n-tab-content-1969238562\" style=\"--n-tabs-title-order: 2;\">\n\t\t\t\t\t\t<span class=\"e-n-tab-title-text\">\n\t\t\t\tSpecification\t\t\t<\/span>\n\t\t<\/button>\n\t\t\t\t<button id=\"e-n-tab-title-1969238563\" class=\"e-n-tab-title\" aria-selected=\"false\" data-tab-index=\"3\" role=\"tab\" tabindex=\"-1\" aria-controls=\"e-n-tab-content-1969238563\" style=\"--n-tabs-title-order: 3;\">\n\t\t\t\t\t\t<span class=\"e-n-tab-title-text\">\n\t\t\t\tResources\t\t\t<\/span>\n\t\t<\/button>\n\t\t\t\t\t<\/div>\n\t\t\t<div class=\"e-n-tabs-content\">\n\t\t\t\t<div id=\"e-n-tab-content-1969238561\" role=\"tabpanel\" aria-labelledby=\"e-n-tab-title-1969238561\" data-tab-index=\"1\" style=\"--n-tabs-title-order: 1;\" class=\"e-active elementor-element elementor-element-e4ca68b e-con-full e-flex e-con e-child\" data-id=\"e4ca68b\" data-element_type=\"container\">\n\t\t<div class=\"wd-negative-gap elementor-element elementor-element-da93a50 e-flex e-con-boxed e-con e-child\" data-id=\"da93a50\" data-element_type=\"container\">\n\t\t\t\t\t<div class=\"e-con-inner\">\n\t\t\t\t<div class=\"elementor-element elementor-element-36e4f81 elementor-widget elementor-widget-wd_text_block\" data-id=\"36e4f81\" data-element_type=\"widget\" data-widget_type=\"wd_text_block.default\">\n\t\t\t\t<div class=\"elementor-widget-container\">\n\t\t\t\t\t\t\t<div class=\"wd-text-block reset-last-child text-left\">\n\t\t\t\n\t\t\t<p>Das 9935 LCR-Messger\u00e4t verf\u00fcgt \u00fcber eine innovative automatische Auswahltechnologie, die automatisch L, C und R sowie Q, D und \u03b8 misst, sobald das Messger\u00e4t eingeschaltet wird. Die Testfrequenz betr\u00e4gt bis zu 10 kHz und kann eine Testfrequenz von bis zu 100 kHz ausgeben. Es bietet hohe Pr\u00e4zision durch vier- oder f\u00fcnfpolige Kelvin-Messungen.<\/p>\n\t\t\t\t\t<\/div>\n\t\t\t\t\t\t<\/div>\n\t\t\t\t<\/div>\n\t\t\t\t\t<\/div>\n\t\t\t\t<\/div>\n\t\t\t\t<\/div>\n\t\t<div id=\"e-n-tab-content-1969238562\" role=\"tabpanel\" aria-labelledby=\"e-n-tab-title-1969238562\" data-tab-index=\"2\" style=\"--n-tabs-title-order: 2;\" class=\" elementor-element elementor-element-aac3ea8 e-con-full e-flex e-con e-child\" data-id=\"aac3ea8\" data-element_type=\"container\">\n\t\t\t\t<div class=\"elementor-element elementor-element-4d9963a elementor-widget elementor-widget-wd_image_or_svg\" data-id=\"4d9963a\" data-element_type=\"widget\" data-widget_type=\"wd_image_or_svg.default\">\n\t\t\t\t<div class=\"elementor-widget-container\">\n\t\t\t\t\t\n\t\t<div class=\"wd-image text-left\">\n\t\t\t\t\t\t\t\t<img width=\"547\" height=\"520\" data-public-id=\"eletrical tools pic\/DT-9935\/rxvealinwa9uz9ur7s0t\/rxvealinwa9uz9ur7s0t.png\" fetchpriority=\"high\" decoding=\"async\" src=\"https:\/\/res.cloudinary.com\/dathdmgqz\/images\/w_547,h_520,c_scale\/f_auto,q_auto\/v1728293067\/eletrical tools pic\/DT-9935\/rxvealinwa9uz9ur7s0t\/rxvealinwa9uz9ur7s0t.png?_i=AA\" class=\"attachment-full size-full wp-image-30703\" alt=\"\" data-format=\"png\" data-transformations=\"f_auto,q_auto\" data-version=\"1728293067\" data-seo=\"1\" data-responsive=\"1\" srcset=\"https:\/\/res.cloudinary.com\/dathdmgqz\/images\/w_547,h_520,c_scale\/f_auto,q_auto\/v1728293067\/eletrical tools pic\/DT-9935\/rxvealinwa9uz9ur7s0t\/rxvealinwa9uz9ur7s0t.png?_i=AA 547w, https:\/\/res.cloudinary.com\/dathdmgqz\/images\/w_448,h_425,c_scale\/f_auto,q_auto\/v1728293067\/eletrical tools pic\/DT-9935\/rxvealinwa9uz9ur7s0t\/rxvealinwa9uz9ur7s0t.png?_i=AA 448w, https:\/\/res.cloudinary.com\/dathdmgqz\/images\/w_248,h_235,c_scale\/f_auto,q_auto\/v1728293067\/eletrical tools pic\/DT-9935\/rxvealinwa9uz9ur7s0t\/rxvealinwa9uz9ur7s0t.png?_i=AA 248w\" sizes=\"(max-width: 547px) 100vw, 547px\" \/>\t\t\t\t\t<\/div>\n\n\t\t\t\t\t\t<\/div>\n\t\t\t\t<\/div>\n\t\t\t\t<\/div>\n\t\t<div id=\"e-n-tab-content-1969238563\" role=\"tabpanel\" aria-labelledby=\"e-n-tab-title-1969238563\" data-tab-index=\"3\" style=\"--n-tabs-title-order: 3;\" class=\" elementor-element elementor-element-c7040c4 e-con-full e-flex e-con e-child\" data-id=\"c7040c4\" data-element_type=\"container\">\n\t\t\t\t<div class=\"elementor-element elementor-element-60c44a5 elementor-widget elementor-widget-n-accordion\" data-id=\"60c44a5\" data-element_type=\"widget\" data-settings=\"{&quot;default_state&quot;:&quot;expanded&quot;,&quot;max_items_expended&quot;:&quot;one&quot;,&quot;n_accordion_animation_duration&quot;:{&quot;unit&quot;:&quot;ms&quot;,&quot;size&quot;:400,&quot;sizes&quot;:[]}}\" data-widget_type=\"nested-accordion.default\">\n\t\t\t\t<div class=\"elementor-widget-container\">\n\t\t\t\t\t\t\t<div class=\"e-n-accordion\" aria-label=\"Accordion. Open links with Enter or Space, close with Escape, and navigate with Arrow Keys\">\n\t\t\t\t\t\t<details id=\"e-n-accordion-item-1010\" class=\"e-n-accordion-item\" open>\n\t\t\t\t<summary class=\"e-n-accordion-item-title\" data-accordion-index=\"1\" tabindex=\"0\" aria-expanded=\"true\" aria-controls=\"e-n-accordion-item-1010\" >\n\t\t\t\t\t<span class='e-n-accordion-item-title-header'><div class=\"e-n-accordion-item-title-text\"> Data Sheet <\/div><\/span>\n\t\t\t\t\t\t\t<span class='e-n-accordion-item-title-icon'>\n\t\t\t<span class='e-opened' ><svg aria-hidden=\"true\" class=\"e-font-icon-svg e-fas-minus\" viewBox=\"0 0 448 512\" xmlns=\"http:\/\/www.w3.org\/2000\/svg\"><path d=\"M416 208H32c-17.67 0-32 14.33-32 32v32c0 17.67 14.33 32 32 32h384c17.67 0 32-14.33 32-32v-32c0-17.67-14.33-32-32-32z\"><\/path><\/svg><\/span>\n\t\t\t<span class='e-closed'><svg aria-hidden=\"true\" class=\"e-font-icon-svg e-fas-plus\" viewBox=\"0 0 448 512\" xmlns=\"http:\/\/www.w3.org\/2000\/svg\"><path d=\"M416 208H272V64c0-17.67-14.33-32-32-32h-32c-17.67 0-32 14.33-32 32v144H32c-17.67 0-32 14.33-32 32v32c0 17.67 14.33 32 32 32h144v144c0 17.67 14.33 32 32 32h32c17.67 0 32-14.33 32-32V304h144c17.67 0 32-14.33 32-32v-32c0-17.67-14.33-32-32-32z\"><\/path><\/svg><\/span>\n\t\t<\/span>\n\n\t\t\t\t\t\t<\/summary>\n\t\t\t\t<div role=\"region\" aria-labelledby=\"e-n-accordion-item-1010\" class=\"elementor-element elementor-element-a86524f e-con-full e-flex e-con e-child\" data-id=\"a86524f\" data-element_type=\"container\">\n\t\t\t\t<div class=\"elementor-element elementor-element-a14174b elementor-widget elementor-widget-wd_text_block\" data-id=\"a14174b\" data-element_type=\"widget\" data-widget_type=\"wd_text_block.default\">\n\t\t\t\t<div class=\"elementor-widget-container\">\n\t\t\t\t\t\t\t<div class=\"wd-text-block reset-last-child text-left\">\n\t\t\t\n\t\t\t<p>Datenblatt \u2013 Tschechien<br \/>Datenblatt \u2013 Englisch<br \/>Datenblatt \u2013 Franz\u00f6sisch<br \/>Datenblatt \u2013 Deutsch<br \/>Datenblatt \u2013 Italienisch<br \/>Datenblatt \u2013 Polnisch<br \/>Datenblatt \u2013 Spanisch<br \/>Datenblatt \u2013 Schwedisch<br \/>Datenblatt \u2013 T\u00fcrkisch<\/p>\n\t\t\t\t\t<\/div>\n\t\t\t\t\t\t<\/div>\n\t\t\t\t<\/div>\n\t\t\t\t<\/div>\n\t\t\t\t\t<\/details>\n\t\t\t\t\t\t<details id=\"e-n-accordion-item-1011\" class=\"e-n-accordion-item\" >\n\t\t\t\t<summary class=\"e-n-accordion-item-title\" data-accordion-index=\"2\" tabindex=\"-1\" aria-expanded=\"false\" aria-controls=\"e-n-accordion-item-1011\" >\n\t\t\t\t\t<span class='e-n-accordion-item-title-header'><div class=\"e-n-accordion-item-title-text\"> User Manual <\/div><\/span>\n\t\t\t\t\t\t\t<span class='e-n-accordion-item-title-icon'>\n\t\t\t<span class='e-opened' ><svg aria-hidden=\"true\" class=\"e-font-icon-svg e-fas-minus\" viewBox=\"0 0 448 512\" xmlns=\"http:\/\/www.w3.org\/2000\/svg\"><path d=\"M416 208H32c-17.67 0-32 14.33-32 32v32c0 17.67 14.33 32 32 32h384c17.67 0 32-14.33 32-32v-32c0-17.67-14.33-32-32-32z\"><\/path><\/svg><\/span>\n\t\t\t<span class='e-closed'><svg aria-hidden=\"true\" class=\"e-font-icon-svg e-fas-plus\" viewBox=\"0 0 448 512\" xmlns=\"http:\/\/www.w3.org\/2000\/svg\"><path d=\"M416 208H272V64c0-17.67-14.33-32-32-32h-32c-17.67 0-32 14.33-32 32v144H32c-17.67 0-32 14.33-32 32v32c0 17.67 14.33 32 32 32h144v144c0 17.67 14.33 32 32 32h32c17.67 0 32-14.33 32-32V304h144c17.67 0 32-14.33 32-32v-32c0-17.67-14.33-32-32-32z\"><\/path><\/svg><\/span>\n\t\t<\/span>\n\n\t\t\t\t\t\t<\/summary>\n\t\t\t\t<div role=\"region\" aria-labelledby=\"e-n-accordion-item-1011\" class=\"elementor-element elementor-element-f7a4020 e-con-full e-flex e-con e-child\" data-id=\"f7a4020\" data-element_type=\"container\">\n\t\t\t\t<div class=\"elementor-element elementor-element-7e34f1c elementor-widget elementor-widget-wd_text_block\" data-id=\"7e34f1c\" data-element_type=\"widget\" data-widget_type=\"wd_text_block.default\">\n\t\t\t\t<div class=\"elementor-widget-container\">\n\t\t\t\t\t\t\t<div class=\"wd-text-block reset-last-child text-left\">\n\t\t\t\n\t\t\t<p>Benutzerhandbuch \u2013 Tschechien<br \/>Benutzerhandbuch \u2013 Englisch<br \/>Benutzerhandbuch \u2013 Franz\u00f6sisch<br \/>Benutzerhandbuch \u2013 Deutsch<br \/>Benutzerhandbuch \u2013 Italienisch<br \/>Benutzerhandbuch \u2013 Polnisch<br \/>Benutzerhandbuch \u2013 Spanisch<br \/>Benutzerhandbuch \u2013 Schwedisch<br \/>Benutzerhandbuch \u2013 T\u00fcrkisch<\/p>\n\t\t\t\t\t<\/div>\n\t\t\t\t\t\t<\/div>\n\t\t\t\t<\/div>\n\t\t\t\t<\/div>\n\t\t\t\t\t<\/details>\n\t\t\t\t\t<\/div>\n\t\t\t\t\t\t<\/div>\n\t\t\t\t<\/div>\n\t\t\t\t<\/div>\n\t\t\t\t\t<\/div>\n\t\t<\/div>\n\t\t\t\t\t\t<\/div>\n\t\t\t\t<\/div>\n\t\t\t\t<\/div>\n\t\t\t\t<\/div>\n\t\t\t\t<\/div>\n\t\t\t\t\t<\/div>\n\t\t\t\t<\/div>\n\t\t\t\t<\/div>\n\t\t","protected":false},"excerpt":{"rendered":"<p>Das 9935 LCR-Messger\u00e4t verf\u00fcgt \u00fcber eine innovative automatische Auswahltechnologie, die automatisch L, C und R sowie Q, D und \u03b8 misst, sobald das Messger\u00e4t eingeschaltet wird. Die Testfrequenz betr\u00e4gt bis zu 10 kHz und kann eine Testfrequenz von bis zu 100 kHz ausgeben. Es bietet hohe Pr\u00e4zision durch vier- oder f\u00fcnfpolige Kelvin-Messungen.<\/p>\n","protected":false},"featured_media":30031,"template":"","meta":{"_cloudinary_featured_overwrite":false},"product_brand":[],"product_cat":[333,388],"product_tag":[],"class_list":{"0":"post-29643","1":"product","2":"type-product","3":"status-publish","4":"has-post-thumbnail","6":"product_cat-electrical_tools","7":"product_cat-basic_electrical_testers","9":"first","10":"instock","11":"shipping-taxable","12":"product-type-simple"},"yoast_head":"<!-- This site is optimized with the Yoast SEO plugin v24.3 - https:\/\/yoast.com\/wordpress\/plugins\/seo\/ -->\n<title>DT-9935 Professionelles LCR-Messger\u00e4t - CEM Test Instruments GmbH<\/title>\n<meta name=\"description\" content=\"Das 9935 LCR-Messger\u00e4t verf\u00fcgt \u00fcber eine innovative automatische Auswahltechnologie, die automatisch L, C und R sowie Q, D und \u03b8 misst, sobald das Messger\u00e4t eingeschaltet wird. Die Testfrequenz betr\u00e4gt bis zu 10 kHz und kann eine Testfrequenz von bis zu 100 kHz ausgeben. Es bietet hohe Pr\u00e4zision durch vier- oder f\u00fcnfpolige Kelvin-Messungen.\" \/>\n<meta name=\"robots\" content=\"index, follow, max-snippet:-1, max-image-preview:large, max-video-preview:-1\" \/>\n<link rel=\"canonical\" href=\"https:\/\/cem-instruments.de\/de\/product\/dt9935-lcr-messgeraet\/\" \/>\n<meta property=\"og:locale\" content=\"de_DE\" \/>\n<meta property=\"og:type\" content=\"article\" \/>\n<meta property=\"og:title\" content=\"DT-9935 Professionelles LCR-Messger\u00e4t - CEM Test Instruments GmbH\" \/>\n<meta property=\"og:description\" content=\"Das 9935 LCR-Messger\u00e4t verf\u00fcgt \u00fcber eine innovative automatische Auswahltechnologie, die automatisch L, C und R sowie Q, D und \u03b8 misst, sobald das Messger\u00e4t eingeschaltet wird. Die Testfrequenz betr\u00e4gt bis zu 10 kHz und kann eine Testfrequenz von bis zu 100 kHz ausgeben. Es bietet hohe Pr\u00e4zision durch vier- oder f\u00fcnfpolige Kelvin-Messungen.\" \/>\n<meta property=\"og:url\" content=\"https:\/\/cem-instruments.de\/de\/product\/dt9935-lcr-messgeraet\/\" \/>\n<meta property=\"og:site_name\" content=\"CEM Test Instruments GmbH\" \/>\n<meta property=\"article:modified_time\" content=\"2026-02-27T17:13:27+00:00\" \/>\n<meta property=\"og:image\" content=\"https:\/\/res.cloudinary.com\/dathdmgqz\/images\/f_auto,q_auto\/v1727712950\/eletrical tools pic\/DT-9935\/zray0jnaz7is2gtdyirn\/zray0jnaz7is2gtdyirn.jpg?_i=AA\" \/>\n\t<meta property=\"og:image:width\" content=\"540\" \/>\n\t<meta property=\"og:image:height\" content=\"720\" \/>\n\t<meta property=\"og:image:type\" content=\"image\/jpeg\" \/>\n<meta name=\"twitter:card\" content=\"summary_large_image\" \/>\n<meta name=\"twitter:label1\" content=\"Gesch\u00e4tzte Lesezeit\" \/>\n\t<meta name=\"twitter:data1\" content=\"2\u00a0Minuten\" \/>\n<script type=\"application\/ld+json\" class=\"yoast-schema-graph\">{\"@context\":\"https:\/\/schema.org\",\"@graph\":[{\"@type\":\"WebPage\",\"@id\":\"https:\/\/cem-instruments.de\/de\/product\/dt9935-lcr-messgeraet\/\",\"url\":\"https:\/\/cem-instruments.de\/de\/product\/dt9935-lcr-messgeraet\/\",\"name\":\"DT-9935 Professionelles LCR-Messger\u00e4t - CEM Test Instruments GmbH\",\"isPartOf\":{\"@id\":\"https:\/\/cem-instruments.de\/de\/#website\"},\"primaryImageOfPage\":{\"@id\":\"https:\/\/cem-instruments.de\/de\/product\/dt9935-lcr-messgeraet\/#primaryimage\"},\"image\":{\"@id\":\"https:\/\/cem-instruments.de\/de\/product\/dt9935-lcr-messgeraet\/#primaryimage\"},\"thumbnailUrl\":\"https:\/\/res.cloudinary.com\/dathdmgqz\/images\/f_auto,q_auto\/v1727712950\/eletrical tools pic\/DT-9935\/zray0jnaz7is2gtdyirn\/zray0jnaz7is2gtdyirn.jpg?_i=AA\",\"datePublished\":\"2024-09-24T12:05:03+00:00\",\"dateModified\":\"2026-02-27T17:13:27+00:00\",\"description\":\"Das 9935 LCR-Messger\u00e4t verf\u00fcgt \u00fcber eine innovative automatische Auswahltechnologie, die automatisch L, C und R sowie Q, D und \u03b8 misst, sobald das Messger\u00e4t eingeschaltet wird. Die Testfrequenz betr\u00e4gt bis zu 10 kHz und kann eine Testfrequenz von bis zu 100 kHz ausgeben. Es bietet hohe Pr\u00e4zision durch vier- oder f\u00fcnfpolige Kelvin-Messungen.\",\"breadcrumb\":{\"@id\":\"https:\/\/cem-instruments.de\/de\/product\/dt9935-lcr-messgeraet\/#breadcrumb\"},\"inLanguage\":\"de\",\"potentialAction\":[{\"@type\":\"ReadAction\",\"target\":[\"https:\/\/cem-instruments.de\/de\/product\/dt9935-lcr-messgeraet\/\"]}]},{\"@type\":\"ImageObject\",\"inLanguage\":\"de\",\"@id\":\"https:\/\/cem-instruments.de\/de\/product\/dt9935-lcr-messgeraet\/#primaryimage\",\"url\":\"https:\/\/res.cloudinary.com\/dathdmgqz\/images\/f_auto,q_auto\/v1727712950\/eletrical tools pic\/DT-9935\/zray0jnaz7is2gtdyirn\/zray0jnaz7is2gtdyirn.jpg?_i=AA\",\"contentUrl\":\"https:\/\/res.cloudinary.com\/dathdmgqz\/images\/f_auto,q_auto\/v1727712950\/eletrical tools pic\/DT-9935\/zray0jnaz7is2gtdyirn\/zray0jnaz7is2gtdyirn.jpg?_i=AA\",\"width\":540,\"height\":720},{\"@type\":\"BreadcrumbList\",\"@id\":\"https:\/\/cem-instruments.de\/de\/product\/dt9935-lcr-messgeraet\/#breadcrumb\",\"itemListElement\":[{\"@type\":\"ListItem\",\"position\":1,\"name\":\"Home\",\"item\":\"https:\/\/cem-instruments.de\/de\/\"},{\"@type\":\"ListItem\",\"position\":2,\"name\":\"Products\",\"item\":\"https:\/\/cem-instruments.de\/de\/shop\/\"},{\"@type\":\"ListItem\",\"position\":3,\"name\":\"DT-9935 Professionelles LCR-Messger\u00e4t\"}]},{\"@type\":\"WebSite\",\"@id\":\"https:\/\/cem-instruments.de\/de\/#website\",\"url\":\"https:\/\/cem-instruments.de\/de\/\",\"name\":\"CEM Test Instruments GmbH\",\"description\":\"CEM Test Instruments GmbH\",\"publisher\":{\"@id\":\"https:\/\/cem-instruments.de\/de\/#organization\"},\"alternateName\":\"best partner for electronic instruments\",\"potentialAction\":[{\"@type\":\"SearchAction\",\"target\":{\"@type\":\"EntryPoint\",\"urlTemplate\":\"https:\/\/cem-instruments.de\/de\/?s={search_term_string}\"},\"query-input\":{\"@type\":\"PropertyValueSpecification\",\"valueRequired\":true,\"valueName\":\"search_term_string\"}}],\"inLanguage\":\"de\"},{\"@type\":\"Organization\",\"@id\":\"https:\/\/cem-instruments.de\/de\/#organization\",\"name\":\"CEM Test Instruments GmbH\",\"url\":\"https:\/\/cem-instruments.de\/de\/\",\"logo\":{\"@type\":\"ImageObject\",\"inLanguage\":\"de\",\"@id\":\"https:\/\/cem-instruments.de\/de\/#\/schema\/logo\/image\/\",\"url\":\"https:\/\/res.cloudinary.com\/dathdmgqz\/images\/f_auto,q_auto\/v1728637129\/cropped-2024-10-11-10_57_57-cem-instruments.de-\u2013-CEM-instruments-GmbH\/cropped-2024-10-11-10_57_57-cem-instruments.de-\u2013-CEM-instruments-GmbH.jpg?_i=AA\",\"contentUrl\":\"https:\/\/res.cloudinary.com\/dathdmgqz\/images\/f_auto,q_auto\/v1728637129\/cropped-2024-10-11-10_57_57-cem-instruments.de-\u2013-CEM-instruments-GmbH\/cropped-2024-10-11-10_57_57-cem-instruments.de-\u2013-CEM-instruments-GmbH.jpg?_i=AA\",\"width\":512,\"height\":512,\"caption\":\"CEM Test Instruments GmbH\"},\"image\":{\"@id\":\"https:\/\/cem-instruments.de\/de\/#\/schema\/logo\/image\/\"}}]}<\/script>\n<!-- \/ Yoast SEO plugin. -->","yoast_head_json":{"title":"DT-9935 Professionelles LCR-Messger\u00e4t - CEM Test Instruments GmbH","description":"Das 9935 LCR-Messger\u00e4t verf\u00fcgt \u00fcber eine innovative automatische Auswahltechnologie, die automatisch L, C und R sowie Q, D und \u03b8 misst, sobald das Messger\u00e4t eingeschaltet wird. Die Testfrequenz betr\u00e4gt bis zu 10 kHz und kann eine Testfrequenz von bis zu 100 kHz ausgeben. Es bietet hohe Pr\u00e4zision durch vier- oder f\u00fcnfpolige Kelvin-Messungen.","robots":{"index":"index","follow":"follow","max-snippet":"max-snippet:-1","max-image-preview":"max-image-preview:large","max-video-preview":"max-video-preview:-1"},"canonical":"https:\/\/cem-instruments.de\/de\/product\/dt9935-lcr-messgeraet\/","og_locale":"de_DE","og_type":"article","og_title":"DT-9935 Professionelles LCR-Messger\u00e4t - CEM Test Instruments GmbH","og_description":"Das 9935 LCR-Messger\u00e4t verf\u00fcgt \u00fcber eine innovative automatische Auswahltechnologie, die automatisch L, C und R sowie Q, D und \u03b8 misst, sobald das Messger\u00e4t eingeschaltet wird. Die Testfrequenz betr\u00e4gt bis zu 10 kHz und kann eine Testfrequenz von bis zu 100 kHz ausgeben. Es bietet hohe Pr\u00e4zision durch vier- oder f\u00fcnfpolige Kelvin-Messungen.","og_url":"https:\/\/cem-instruments.de\/de\/product\/dt9935-lcr-messgeraet\/","og_site_name":"CEM Test Instruments GmbH","article_modified_time":"2026-02-27T17:13:27+00:00","og_image":[{"width":540,"height":720,"url":"https:\/\/res.cloudinary.com\/dathdmgqz\/images\/f_auto,q_auto\/v1727712950\/eletrical tools pic\/DT-9935\/zray0jnaz7is2gtdyirn\/zray0jnaz7is2gtdyirn.jpg?_i=AA","type":"image\/jpeg"}],"twitter_card":"summary_large_image","twitter_misc":{"Gesch\u00e4tzte Lesezeit":"2\u00a0Minuten"},"schema":{"@context":"https:\/\/schema.org","@graph":[{"@type":"WebPage","@id":"https:\/\/cem-instruments.de\/de\/product\/dt9935-lcr-messgeraet\/","url":"https:\/\/cem-instruments.de\/de\/product\/dt9935-lcr-messgeraet\/","name":"DT-9935 Professionelles LCR-Messger\u00e4t - CEM Test Instruments GmbH","isPartOf":{"@id":"https:\/\/cem-instruments.de\/de\/#website"},"primaryImageOfPage":{"@id":"https:\/\/cem-instruments.de\/de\/product\/dt9935-lcr-messgeraet\/#primaryimage"},"image":{"@id":"https:\/\/cem-instruments.de\/de\/product\/dt9935-lcr-messgeraet\/#primaryimage"},"thumbnailUrl":"https:\/\/res.cloudinary.com\/dathdmgqz\/images\/f_auto,q_auto\/v1727712950\/eletrical tools pic\/DT-9935\/zray0jnaz7is2gtdyirn\/zray0jnaz7is2gtdyirn.jpg?_i=AA","datePublished":"2024-09-24T12:05:03+00:00","dateModified":"2026-02-27T17:13:27+00:00","description":"Das 9935 LCR-Messger\u00e4t verf\u00fcgt \u00fcber eine innovative automatische Auswahltechnologie, die automatisch L, C und R sowie Q, D und \u03b8 misst, sobald das Messger\u00e4t eingeschaltet wird. Die Testfrequenz betr\u00e4gt bis zu 10 kHz und kann eine Testfrequenz von bis zu 100 kHz ausgeben. Es bietet hohe Pr\u00e4zision durch vier- oder f\u00fcnfpolige Kelvin-Messungen.","breadcrumb":{"@id":"https:\/\/cem-instruments.de\/de\/product\/dt9935-lcr-messgeraet\/#breadcrumb"},"inLanguage":"de","potentialAction":[{"@type":"ReadAction","target":["https:\/\/cem-instruments.de\/de\/product\/dt9935-lcr-messgeraet\/"]}]},{"@type":"ImageObject","inLanguage":"de","@id":"https:\/\/cem-instruments.de\/de\/product\/dt9935-lcr-messgeraet\/#primaryimage","url":"https:\/\/res.cloudinary.com\/dathdmgqz\/images\/f_auto,q_auto\/v1727712950\/eletrical tools pic\/DT-9935\/zray0jnaz7is2gtdyirn\/zray0jnaz7is2gtdyirn.jpg?_i=AA","contentUrl":"https:\/\/res.cloudinary.com\/dathdmgqz\/images\/f_auto,q_auto\/v1727712950\/eletrical tools pic\/DT-9935\/zray0jnaz7is2gtdyirn\/zray0jnaz7is2gtdyirn.jpg?_i=AA","width":540,"height":720},{"@type":"BreadcrumbList","@id":"https:\/\/cem-instruments.de\/de\/product\/dt9935-lcr-messgeraet\/#breadcrumb","itemListElement":[{"@type":"ListItem","position":1,"name":"Home","item":"https:\/\/cem-instruments.de\/de\/"},{"@type":"ListItem","position":2,"name":"Products","item":"https:\/\/cem-instruments.de\/de\/shop\/"},{"@type":"ListItem","position":3,"name":"DT-9935 Professionelles LCR-Messger\u00e4t"}]},{"@type":"WebSite","@id":"https:\/\/cem-instruments.de\/de\/#website","url":"https:\/\/cem-instruments.de\/de\/","name":"CEM Test Instruments GmbH","description":"CEM Test Instruments GmbH","publisher":{"@id":"https:\/\/cem-instruments.de\/de\/#organization"},"alternateName":"best partner for electronic instruments","potentialAction":[{"@type":"SearchAction","target":{"@type":"EntryPoint","urlTemplate":"https:\/\/cem-instruments.de\/de\/?s={search_term_string}"},"query-input":{"@type":"PropertyValueSpecification","valueRequired":true,"valueName":"search_term_string"}}],"inLanguage":"de"},{"@type":"Organization","@id":"https:\/\/cem-instruments.de\/de\/#organization","name":"CEM Test Instruments GmbH","url":"https:\/\/cem-instruments.de\/de\/","logo":{"@type":"ImageObject","inLanguage":"de","@id":"https:\/\/cem-instruments.de\/de\/#\/schema\/logo\/image\/","url":"https:\/\/res.cloudinary.com\/dathdmgqz\/images\/f_auto,q_auto\/v1728637129\/cropped-2024-10-11-10_57_57-cem-instruments.de-\u2013-CEM-instruments-GmbH\/cropped-2024-10-11-10_57_57-cem-instruments.de-\u2013-CEM-instruments-GmbH.jpg?_i=AA","contentUrl":"https:\/\/res.cloudinary.com\/dathdmgqz\/images\/f_auto,q_auto\/v1728637129\/cropped-2024-10-11-10_57_57-cem-instruments.de-\u2013-CEM-instruments-GmbH\/cropped-2024-10-11-10_57_57-cem-instruments.de-\u2013-CEM-instruments-GmbH.jpg?_i=AA","width":512,"height":512,"caption":"CEM Test Instruments GmbH"},"image":{"@id":"https:\/\/cem-instruments.de\/de\/#\/schema\/logo\/image\/"}}]}},"_links":{"self":[{"href":"https:\/\/cem-instruments.de\/de\/wp-json\/wp\/v2\/product\/29643","targetHints":{"allow":["GET"]}}],"collection":[{"href":"https:\/\/cem-instruments.de\/de\/wp-json\/wp\/v2\/product"}],"about":[{"href":"https:\/\/cem-instruments.de\/de\/wp-json\/wp\/v2\/types\/product"}],"version-history":[{"count":11,"href":"https:\/\/cem-instruments.de\/de\/wp-json\/wp\/v2\/product\/29643\/revisions"}],"predecessor-version":[{"id":33307,"href":"https:\/\/cem-instruments.de\/de\/wp-json\/wp\/v2\/product\/29643\/revisions\/33307"}],"wp:featuredmedia":[{"embeddable":true,"href":"https:\/\/cem-instruments.de\/de\/wp-json\/wp\/v2\/media\/30031"}],"wp:attachment":[{"href":"https:\/\/cem-instruments.de\/de\/wp-json\/wp\/v2\/media?parent=29643"}],"wp:term":[{"taxonomy":"product_brand","embeddable":true,"href":"https:\/\/cem-instruments.de\/de\/wp-json\/wp\/v2\/product_brand?post=29643"},{"taxonomy":"product_cat","embeddable":true,"href":"https:\/\/cem-instruments.de\/de\/wp-json\/wp\/v2\/product_cat?post=29643"},{"taxonomy":"product_tag","embeddable":true,"href":"https:\/\/cem-instruments.de\/de\/wp-json\/wp\/v2\/product_tag?post=29643"}],"curies":[{"name":"wp","href":"https:\/\/api.w.org\/{rel}","templated":true}]}}