{"id":30114,"date":"2024-10-07T11:13:31","date_gmt":"2024-10-07T09:13:31","guid":{"rendered":"https:\/\/cem-instruments.de\/de\/?post_type=product&#038;p=30114"},"modified":"2025-01-27T23:32:20","modified_gmt":"2025-01-27T22:32:20","slug":"dt-9582pv-stromzangen","status":"publish","type":"product","link":"https:\/\/cem-instruments.de\/de\/product\/dt-9582pv-stromzangen\/","title":{"rendered":"DT-9582PV CAT\u2162 1500V Solar PV Stromzangenmessger\u00e4t mit 120&#215;120 Infrarot-Thermografiekamera"},"content":{"rendered":"\t\t<div data-elementor-type=\"wp-post\" data-elementor-id=\"30114\" class=\"elementor elementor-30114\" data-elementor-post-type=\"product\">\n\t\t\t\t<div class=\"wd-negative-gap elementor-element elementor-element-e1ef910 e-flex e-con-boxed e-con e-parent\" data-id=\"e1ef910\" data-element_type=\"container\">\n\t\t\t\t\t<div class=\"e-con-inner\">\n\t\t<div class=\"elementor-element elementor-element-d51757a e-con-full e-flex e-con e-child\" data-id=\"d51757a\" data-element_type=\"container\">\n\t\t\t\t<div class=\"elementor-element elementor-element-8aa43b7 e-n-tabs-mobile elementor-widget elementor-widget-n-tabs\" data-id=\"8aa43b7\" data-element_type=\"widget\" data-settings=\"{&quot;tabs_justify_horizontal&quot;:&quot;start&quot;,&quot;horizontal_scroll&quot;:&quot;disable&quot;}\" data-widget_type=\"nested-tabs.default\">\n\t\t\t\t<div class=\"elementor-widget-container\">\n\t\t\t\t\t\t\t<div class=\"e-n-tabs\" data-widget-number=\"145376183\" aria-label=\"Tabs. Open items with Enter or Space, close with Escape and navigate using the Arrow keys.\">\n\t\t\t<div class=\"e-n-tabs-heading\" role=\"tablist\">\n\t\t\t\t\t<button id=\"e-n-tab-title-1453761831\" class=\"e-n-tab-title\" aria-selected=\"true\" data-tab-index=\"1\" role=\"tab\" tabindex=\"0\" aria-controls=\"e-n-tab-content-1453761831\" style=\"--n-tabs-title-order: 1;\">\n\t\t\t\t\t\t<span class=\"e-n-tab-title-text\">\n\t\t\t\tDescription\t\t\t<\/span>\n\t\t<\/button>\n\t\t\t\t<button id=\"e-n-tab-title-1453761832\" class=\"e-n-tab-title\" aria-selected=\"false\" data-tab-index=\"2\" role=\"tab\" tabindex=\"-1\" aria-controls=\"e-n-tab-content-1453761832\" style=\"--n-tabs-title-order: 2;\">\n\t\t\t\t\t\t<span class=\"e-n-tab-title-text\">\n\t\t\t\tSpecification\t\t\t<\/span>\n\t\t<\/button>\n\t\t\t\t<button id=\"e-n-tab-title-1453761833\" class=\"e-n-tab-title\" aria-selected=\"false\" data-tab-index=\"3\" role=\"tab\" tabindex=\"-1\" aria-controls=\"e-n-tab-content-1453761833\" style=\"--n-tabs-title-order: 3;\">\n\t\t\t\t\t\t<span class=\"e-n-tab-title-text\">\n\t\t\t\tResources\t\t\t<\/span>\n\t\t<\/button>\n\t\t\t\t\t<\/div>\n\t\t\t<div class=\"e-n-tabs-content\">\n\t\t\t\t<div id=\"e-n-tab-content-1453761831\" role=\"tabpanel\" aria-labelledby=\"e-n-tab-title-1453761831\" data-tab-index=\"1\" style=\"--n-tabs-title-order: 1;\" class=\"e-active elementor-element elementor-element-ca7b7f2 e-con-full e-flex e-con e-child\" data-id=\"ca7b7f2\" data-element_type=\"container\">\n\t\t<div class=\"wd-negative-gap elementor-element elementor-element-27b308c e-flex e-con-boxed e-con e-child\" data-id=\"27b308c\" data-element_type=\"container\">\n\t\t\t\t\t<div class=\"e-con-inner\">\n\t\t\t\t<div class=\"elementor-element elementor-element-96d0f2f elementor-widget elementor-widget-wd_text_block\" data-id=\"96d0f2f\" data-element_type=\"widget\" data-widget_type=\"wd_text_block.default\">\n\t\t\t\t<div class=\"elementor-widget-container\">\n\t\t\t\t\t\t\t<div class=\"wd-text-block reset-last-child text-left\">\n\t\t\t\n\t\t\t<p><strong>Funktionen<\/strong><\/p><ul><li>Eingebaute Thermografiekamera mit 120x120 Infrarotaufl\u00f6sung, die Hotspots schnell und sicher ohne Kontakt identifiziert<\/li><li>2,4\u201d TFT-Farb-LCD-Display mit 6000 Ziffern und 240x320 Pixeln f\u00fcr eine einfache und klare Anzeige von Bildern und Messwerten<\/li><li>True RMS Messung f\u00fcr ACV\/ACA\/LoZ bei ACV-Messungen<\/li><li>Tiefpassfilter f\u00fcr die genaue Messung von Signalen aus variablen Frequenzantrieben (VFD)<\/li><li>1,4\u201d (37 mm) Kiefer\u00f6ffnung<\/li><li>Flexible Stromsonde (320B\/320BS optional), die den Messbereich auf 3000 ACA erweitert<\/li><li>AC, AC+DC True RMS Messung &amp; 1 kHz ACV, ACA Bandbreite<\/li><li>Schnelle AD-Wandlung mit einer Abtastzeit von 10 Mal\/Sekunde<\/li><li>Peak Capture so schnell wie 500\u00b5S &amp; Einschaltstrom<\/li><li>Min\/Max\/Avg mit Zeitstempel (zeichnet Signalfluktuationen auf)<\/li><li>Mit Bluetooth-Verbindung zu Thermview+ Smartphone-App f\u00fcr Dokumentation, Berichterstattung und Teilen<\/li><li>Logging-Funktion mit Trendaufzeichnung zur einfachen \u00dcberpr\u00fcfung der aufgezeichneten Daten<\/li><li>Doppelt geformtes Kunststoffgeh\u00e4use f\u00fcr sicheres Testen und Taschenlampe f\u00fcr dunkle Orte<\/li><\/ul>\n\t\t\t\t\t<\/div>\n\t\t\t\t\t\t<\/div>\n\t\t\t\t<\/div>\n\t\t\t\t\t<\/div>\n\t\t\t\t<\/div>\n\t\t\t\t<\/div>\n\t\t<div id=\"e-n-tab-content-1453761832\" role=\"tabpanel\" aria-labelledby=\"e-n-tab-title-1453761832\" data-tab-index=\"2\" style=\"--n-tabs-title-order: 2;\" class=\" elementor-element elementor-element-c2ba88e e-con-full e-flex e-con e-child\" data-id=\"c2ba88e\" data-element_type=\"container\">\n\t\t\t\t<div class=\"elementor-element elementor-element-8a651db elementor-widget elementor-widget-wd_image_or_svg\" data-id=\"8a651db\" data-element_type=\"widget\" data-widget_type=\"wd_image_or_svg.default\">\n\t\t\t\t<div class=\"elementor-widget-container\">\n\t\t\t\t\t\n\t\t<div class=\"wd-image text-left\">\n\t\t\t\t\t\t\t\t<img width=\"600\" height=\"642\" data-public-id=\"specification_giognz\/specification_giognz.png\" fetchpriority=\"high\" decoding=\"async\" src=\"https:\/\/res.cloudinary.com\/dathdmgqz\/images\/w_600,h_642,c_scale\/f_auto,q_auto\/v1728295920\/specification_giognz\/specification_giognz.png?_i=AA\" class=\"attachment-full size-full wp-image-30132\" alt=\"\" data-format=\"png\" data-transformations=\"f_auto,q_auto\" data-version=\"1728295920\" data-seo=\"1\" data-responsive=\"1\" srcset=\"https:\/\/res.cloudinary.com\/dathdmgqz\/images\/w_600,h_642,c_scale\/f_auto,q_auto\/v1728295920\/specification_giognz\/specification_giognz.png?_i=AA 600w, https:\/\/res.cloudinary.com\/dathdmgqz\/images\/w_448,h_479,c_scale\/f_auto,q_auto\/v1728295920\/specification_giognz\/specification_giognz.png?_i=AA 448w, https:\/\/res.cloudinary.com\/dathdmgqz\/images\/w_248,h_265,c_scale\/f_auto,q_auto\/v1728295920\/specification_giognz\/specification_giognz.png?_i=AA 248w\" sizes=\"(max-width: 600px) 100vw, 600px\" \/>\t\t\t\t\t<\/div>\n\n\t\t\t\t\t\t<\/div>\n\t\t\t\t<\/div>\n\t\t\t\t<\/div>\n\t\t<div id=\"e-n-tab-content-1453761833\" role=\"tabpanel\" aria-labelledby=\"e-n-tab-title-1453761833\" data-tab-index=\"3\" style=\"--n-tabs-title-order: 3;\" class=\" elementor-element elementor-element-345a70f e-con-full e-flex e-con e-child\" data-id=\"345a70f\" data-element_type=\"container\">\n\t\t<div class=\"elementor-element elementor-element-4ac9a5e e-con-full e-flex e-con e-child\" data-id=\"4ac9a5e\" data-element_type=\"container\">\n\t\t\t\t<div class=\"elementor-element elementor-element-59295a4 elementor-widget elementor-widget-wd_list\" data-id=\"59295a4\" data-element_type=\"widget\" data-widget_type=\"wd_list.default\">\n\t\t\t\t<div class=\"elementor-widget-container\">\n\t\t\t\t\t\t\t<ul class=\"wd-list color-scheme- wd-fontsize-xs wd-type-icon wd-style-default text-left\">\n\t\t\t\t\t\t\t\t\t\t\t<li class=\"elementor-repeater-item-fe163c2\">\n\t\t\t\t\t\t\t\t\t\t\t<span class=\"wd-icon\"><svg class=\"e-font-icon-svg e-fas-star\" viewBox=\"0 0 576 512\" xmlns=\"http:\/\/www.w3.org\/2000\/svg\"><path d=\"M259.3 17.8L194 150.2 47.9 171.5c-26.2 3.8-36.7 36.1-17.7 54.6l105.7 103-25 145.5c-4.5 26.3 23.2 46 46.4 33.7L288 439.6l130.7 68.7c23.2 12.2 50.9-7.4 46.4-33.7l-25-145.5 105.7-103c19-18.5 8.5-50.8-17.7-54.6L382 150.2 316.7 17.8c-11.7-23.6-45.6-23.9-57.4 0z\"><\/path><\/svg><\/span>\t\t\t\t\t\n\t\t\t\t\t<span class=\"wd-list-content list-content\">\n\t\t\t\t\t\tapplication note\t\t\t\t\t<\/span>\n\n\t\t\t\t\t\t\t\t\t<\/li>\n\t\t\t\t\t<\/ul>\n\n\t\t\t\t\t\t<\/div>\n\t\t\t\t<\/div>\n\t\t\t\t<div class=\"elementor-element elementor-element-5f35aa9 elementor-widget elementor-widget-wd_list\" data-id=\"5f35aa9\" data-element_type=\"widget\" data-widget_type=\"wd_list.default\">\n\t\t\t\t<div class=\"elementor-widget-container\">\n\t\t\t\t\t\t\t<ul class=\"wd-list color-scheme-custom wd-fontsize-xs wd-type-icon wd-style-default text-left\">\n\t\t\t\t\t\t\t\t\t\t\t<li class=\"elementor-repeater-item-fe163c2\">\n\t\t\t\t\t\t\t\t\t\t\t<span class=\"wd-icon\"><svg class=\"e-font-icon-svg e-fas-star\" viewBox=\"0 0 576 512\" xmlns=\"http:\/\/www.w3.org\/2000\/svg\"><path d=\"M259.3 17.8L194 150.2 47.9 171.5c-26.2 3.8-36.7 36.1-17.7 54.6l105.7 103-25 145.5c-4.5 26.3 23.2 46 46.4 33.7L288 439.6l130.7 68.7c23.2 12.2 50.9-7.4 46.4-33.7l-25-145.5 105.7-103c19-18.5 8.5-50.8-17.7-54.6L382 150.2 316.7 17.8c-11.7-23.6-45.6-23.9-57.4 0z\"><\/path><\/svg><\/span>\t\t\t\t\t\n\t\t\t\t\t<span class=\"wd-list-content list-content\">\n\t\t\t\t\t\tdatasheet\t\t\t\t\t<\/span>\n\n\t\t\t\t\t\n\t\t\t\t\t\t<a  href=\"https:\/\/cemtestinstrumentsgmbh357-my.sharepoint.com\/:b:\/g\/personal\/sh_li_cemtestinstrumentsgmbh357_onmicrosoft_com\/EZzV53cMoVFIvBtAqd8Aur4B6K-aKfmgiqjtnuKTbLRJ7A?e=CookhW\" class=\"wd-fill\" aria-label=\"List item link\" target=\"_blank\" rel=\"nofollow\"><\/a>\n\t\t\t\t\t\t\t\t\t<\/li>\n\t\t\t\t\t\t\t\t\t\t\t<li class=\"elementor-repeater-item-66113ab\">\n\t\t\t\t\t\t\t\t\t\t\t<span class=\"wd-icon\"><svg class=\"e-font-icon-svg e-fas-star\" viewBox=\"0 0 576 512\" xmlns=\"http:\/\/www.w3.org\/2000\/svg\"><path d=\"M259.3 17.8L194 150.2 47.9 171.5c-26.2 3.8-36.7 36.1-17.7 54.6l105.7 103-25 145.5c-4.5 26.3 23.2 46 46.4 33.7L288 439.6l130.7 68.7c23.2 12.2 50.9-7.4 46.4-33.7l-25-145.5 105.7-103c19-18.5 8.5-50.8-17.7-54.6L382 150.2 316.7 17.8c-11.7-23.6-45.6-23.9-57.4 0z\"><\/path><\/svg><\/span>\t\t\t\t\t\n\t\t\t\t\t<span class=\"wd-list-content list-content\">\n\t\t\t\t\t\tuser manual\t\t\t\t\t<\/span>\n\n\t\t\t\t\t\n\t\t\t\t\t\t<a  href=\"https:\/\/cemtestinstrumentsgmbh357-my.sharepoint.com\/:b:\/g\/personal\/sh_li_cemtestinstrumentsgmbh357_onmicrosoft_com\/EWIpSzgG_NtPl1d-PcsWNR8BLf7SyBlH7YZIdrdpNnCFMw?e=ZAebA7\" class=\"wd-fill\" aria-label=\"List item link\" target=\"_blank\" rel=\"nofollow\"><\/a>\n\t\t\t\t\t\t\t\t\t<\/li>\n\t\t\t\t\t<\/ul>\n\n\t\t\t\t\t\t<\/div>\n\t\t\t\t<\/div>\n\t\t\t\t<\/div>\n\t\t<div class=\"elementor-element elementor-element-cbb2d99 e-con-full e-flex e-con e-child\" data-id=\"cbb2d99\" data-element_type=\"container\">\n\t\t\t\t<\/div>\n\t\t\t\t<\/div>\n\t\t\t\t\t<\/div>\n\t\t<\/div>\n\t\t\t\t\t\t<\/div>\n\t\t\t\t<\/div>\n\t\t\t\t<\/div>\n\t\t\t\t\t<\/div>\n\t\t\t\t<\/div>\n\t\t\t\t<\/div>\n\t\t","protected":false},"excerpt":{"rendered":"<p>Description Specification Resources Funktionen Eingebaute Thermografiekamera mit 120&#215;120 Infrarotaufl\u00f6sung, die Hotspots schnell und sicher ohne Kontakt identifiziert 2,4\u201d TFT-Farb-LCD-Display mit<\/p>\n","protected":false},"featured_media":30115,"template":"","meta":{"_cloudinary_featured_overwrite":false},"product_brand":[],"product_cat":[341,393],"product_tag":[],"class_list":{"0":"post-30114","1":"product","2":"type-product","3":"status-publish","4":"has-post-thumbnail","6":"product_cat-solar_energy_tools","7":"product_cat-solar_pv_multimeter","9":"first","10":"instock","11":"shipping-taxable","12":"product-type-simple"},"yoast_head":"<!-- This site is optimized with the Yoast SEO plugin v24.3 - https:\/\/yoast.com\/wordpress\/plugins\/seo\/ -->\n<title>DT-9582PV CAT\u2162 1500V Solar PV Stromzangenmessger\u00e4t mit 120x120 Infrarot-Thermografiekamera - CEM Test Instruments GmbH<\/title>\n<meta name=\"robots\" content=\"index, follow, max-snippet:-1, max-image-preview:large, max-video-preview:-1\" \/>\n<link rel=\"canonical\" href=\"https:\/\/cem-instruments.de\/de\/product\/dt-9582pv-stromzangen\/\" \/>\n<meta property=\"og:locale\" content=\"de_DE\" \/>\n<meta property=\"og:type\" content=\"article\" \/>\n<meta property=\"og:title\" content=\"DT-9582PV CAT\u2162 1500V Solar PV Stromzangenmessger\u00e4t mit 120x120 Infrarot-Thermografiekamera - CEM Test Instruments GmbH\" \/>\n<meta property=\"og:description\" content=\"Description Specification Resources Funktionen Eingebaute Thermografiekamera mit 120&#215;120 Infrarotaufl\u00f6sung, die Hotspots schnell und sicher ohne Kontakt identifiziert 2,4\u201d TFT-Farb-LCD-Display mit\" \/>\n<meta property=\"og:url\" content=\"https:\/\/cem-instruments.de\/de\/product\/dt-9582pv-stromzangen\/\" \/>\n<meta property=\"og:site_name\" content=\"CEM Test Instruments GmbH\" \/>\n<meta property=\"article:modified_time\" content=\"2025-01-27T22:32:20+00:00\" \/>\n<meta property=\"og:image\" content=\"https:\/\/res.cloudinary.com\/dathdmgqz\/images\/f_auto,q_auto\/v1727343744\/Solar energy tools\/DT-9582PV\/xmkg0wojg3xmyxaklhap\/xmkg0wojg3xmyxaklhap.jpg?_i=AA\" \/>\n\t<meta property=\"og:image:width\" content=\"540\" \/>\n\t<meta property=\"og:image:height\" content=\"720\" \/>\n\t<meta property=\"og:image:type\" content=\"image\/jpeg\" \/>\n<meta name=\"twitter:card\" content=\"summary_large_image\" \/>\n<meta name=\"twitter:label1\" content=\"Gesch\u00e4tzte Lesezeit\" \/>\n\t<meta name=\"twitter:data1\" content=\"2\u00a0Minuten\" \/>\n<script type=\"application\/ld+json\" class=\"yoast-schema-graph\">{\"@context\":\"https:\/\/schema.org\",\"@graph\":[{\"@type\":\"WebPage\",\"@id\":\"https:\/\/cem-instruments.de\/de\/product\/dt-9582pv-stromzangen\/\",\"url\":\"https:\/\/cem-instruments.de\/de\/product\/dt-9582pv-stromzangen\/\",\"name\":\"DT-9582PV CAT\u2162 1500V Solar PV Stromzangenmessger\u00e4t mit 120x120 Infrarot-Thermografiekamera - CEM Test Instruments GmbH\",\"isPartOf\":{\"@id\":\"https:\/\/cem-instruments.de\/de\/#website\"},\"primaryImageOfPage\":{\"@id\":\"https:\/\/cem-instruments.de\/de\/product\/dt-9582pv-stromzangen\/#primaryimage\"},\"image\":{\"@id\":\"https:\/\/cem-instruments.de\/de\/product\/dt-9582pv-stromzangen\/#primaryimage\"},\"thumbnailUrl\":\"https:\/\/res.cloudinary.com\/dathdmgqz\/images\/f_auto,q_auto\/v1727343744\/Solar energy tools\/DT-9582PV\/xmkg0wojg3xmyxaklhap\/xmkg0wojg3xmyxaklhap.jpg?_i=AA\",\"datePublished\":\"2024-10-07T09:13:31+00:00\",\"dateModified\":\"2025-01-27T22:32:20+00:00\",\"breadcrumb\":{\"@id\":\"https:\/\/cem-instruments.de\/de\/product\/dt-9582pv-stromzangen\/#breadcrumb\"},\"inLanguage\":\"de\",\"potentialAction\":[{\"@type\":\"ReadAction\",\"target\":[\"https:\/\/cem-instruments.de\/de\/product\/dt-9582pv-stromzangen\/\"]}]},{\"@type\":\"ImageObject\",\"inLanguage\":\"de\",\"@id\":\"https:\/\/cem-instruments.de\/de\/product\/dt-9582pv-stromzangen\/#primaryimage\",\"url\":\"https:\/\/res.cloudinary.com\/dathdmgqz\/images\/f_auto,q_auto\/v1727343744\/Solar energy tools\/DT-9582PV\/xmkg0wojg3xmyxaklhap\/xmkg0wojg3xmyxaklhap.jpg?_i=AA\",\"contentUrl\":\"https:\/\/res.cloudinary.com\/dathdmgqz\/images\/f_auto,q_auto\/v1727343744\/Solar energy tools\/DT-9582PV\/xmkg0wojg3xmyxaklhap\/xmkg0wojg3xmyxaklhap.jpg?_i=AA\",\"width\":540,\"height\":720},{\"@type\":\"BreadcrumbList\",\"@id\":\"https:\/\/cem-instruments.de\/de\/product\/dt-9582pv-stromzangen\/#breadcrumb\",\"itemListElement\":[{\"@type\":\"ListItem\",\"position\":1,\"name\":\"Home\",\"item\":\"https:\/\/cem-instruments.de\/de\/\"},{\"@type\":\"ListItem\",\"position\":2,\"name\":\"Products\",\"item\":\"https:\/\/cem-instruments.de\/de\/shop\/\"},{\"@type\":\"ListItem\",\"position\":3,\"name\":\"DT-9582PV CAT\u2162 1500V Solar PV Stromzangenmessger\u00e4t mit 120&#215;120 Infrarot-Thermografiekamera\"}]},{\"@type\":\"WebSite\",\"@id\":\"https:\/\/cem-instruments.de\/de\/#website\",\"url\":\"https:\/\/cem-instruments.de\/de\/\",\"name\":\"CEM Test Instruments GmbH\",\"description\":\"CEM Test Instruments GmbH\",\"publisher\":{\"@id\":\"https:\/\/cem-instruments.de\/de\/#organization\"},\"alternateName\":\"best partner for electronic instruments\",\"potentialAction\":[{\"@type\":\"SearchAction\",\"target\":{\"@type\":\"EntryPoint\",\"urlTemplate\":\"https:\/\/cem-instruments.de\/de\/?s={search_term_string}\"},\"query-input\":{\"@type\":\"PropertyValueSpecification\",\"valueRequired\":true,\"valueName\":\"search_term_string\"}}],\"inLanguage\":\"de\"},{\"@type\":\"Organization\",\"@id\":\"https:\/\/cem-instruments.de\/de\/#organization\",\"name\":\"CEM Test Instruments GmbH\",\"url\":\"https:\/\/cem-instruments.de\/de\/\",\"logo\":{\"@type\":\"ImageObject\",\"inLanguage\":\"de\",\"@id\":\"https:\/\/cem-instruments.de\/de\/#\/schema\/logo\/image\/\",\"url\":\"https:\/\/res.cloudinary.com\/dathdmgqz\/images\/f_auto,q_auto\/v1728637129\/cropped-2024-10-11-10_57_57-cem-instruments.de-\u2013-CEM-instruments-GmbH\/cropped-2024-10-11-10_57_57-cem-instruments.de-\u2013-CEM-instruments-GmbH.jpg?_i=AA\",\"contentUrl\":\"https:\/\/res.cloudinary.com\/dathdmgqz\/images\/f_auto,q_auto\/v1728637129\/cropped-2024-10-11-10_57_57-cem-instruments.de-\u2013-CEM-instruments-GmbH\/cropped-2024-10-11-10_57_57-cem-instruments.de-\u2013-CEM-instruments-GmbH.jpg?_i=AA\",\"width\":512,\"height\":512,\"caption\":\"CEM Test Instruments GmbH\"},\"image\":{\"@id\":\"https:\/\/cem-instruments.de\/de\/#\/schema\/logo\/image\/\"}}]}<\/script>\n<!-- \/ Yoast SEO plugin. -->","yoast_head_json":{"title":"DT-9582PV CAT\u2162 1500V Solar PV Stromzangenmessger\u00e4t mit 120x120 Infrarot-Thermografiekamera - CEM Test Instruments GmbH","robots":{"index":"index","follow":"follow","max-snippet":"max-snippet:-1","max-image-preview":"max-image-preview:large","max-video-preview":"max-video-preview:-1"},"canonical":"https:\/\/cem-instruments.de\/de\/product\/dt-9582pv-stromzangen\/","og_locale":"de_DE","og_type":"article","og_title":"DT-9582PV CAT\u2162 1500V Solar PV Stromzangenmessger\u00e4t mit 120x120 Infrarot-Thermografiekamera - CEM Test Instruments GmbH","og_description":"Description Specification Resources Funktionen Eingebaute Thermografiekamera mit 120&#215;120 Infrarotaufl\u00f6sung, die Hotspots schnell und sicher ohne Kontakt identifiziert 2,4\u201d TFT-Farb-LCD-Display mit","og_url":"https:\/\/cem-instruments.de\/de\/product\/dt-9582pv-stromzangen\/","og_site_name":"CEM Test Instruments GmbH","article_modified_time":"2025-01-27T22:32:20+00:00","og_image":[{"width":540,"height":720,"url":"https:\/\/res.cloudinary.com\/dathdmgqz\/images\/f_auto,q_auto\/v1727343744\/Solar energy tools\/DT-9582PV\/xmkg0wojg3xmyxaklhap\/xmkg0wojg3xmyxaklhap.jpg?_i=AA","type":"image\/jpeg"}],"twitter_card":"summary_large_image","twitter_misc":{"Gesch\u00e4tzte Lesezeit":"2\u00a0Minuten"},"schema":{"@context":"https:\/\/schema.org","@graph":[{"@type":"WebPage","@id":"https:\/\/cem-instruments.de\/de\/product\/dt-9582pv-stromzangen\/","url":"https:\/\/cem-instruments.de\/de\/product\/dt-9582pv-stromzangen\/","name":"DT-9582PV CAT\u2162 1500V Solar PV Stromzangenmessger\u00e4t mit 120x120 Infrarot-Thermografiekamera - CEM Test Instruments GmbH","isPartOf":{"@id":"https:\/\/cem-instruments.de\/de\/#website"},"primaryImageOfPage":{"@id":"https:\/\/cem-instruments.de\/de\/product\/dt-9582pv-stromzangen\/#primaryimage"},"image":{"@id":"https:\/\/cem-instruments.de\/de\/product\/dt-9582pv-stromzangen\/#primaryimage"},"thumbnailUrl":"https:\/\/res.cloudinary.com\/dathdmgqz\/images\/f_auto,q_auto\/v1727343744\/Solar energy tools\/DT-9582PV\/xmkg0wojg3xmyxaklhap\/xmkg0wojg3xmyxaklhap.jpg?_i=AA","datePublished":"2024-10-07T09:13:31+00:00","dateModified":"2025-01-27T22:32:20+00:00","breadcrumb":{"@id":"https:\/\/cem-instruments.de\/de\/product\/dt-9582pv-stromzangen\/#breadcrumb"},"inLanguage":"de","potentialAction":[{"@type":"ReadAction","target":["https:\/\/cem-instruments.de\/de\/product\/dt-9582pv-stromzangen\/"]}]},{"@type":"ImageObject","inLanguage":"de","@id":"https:\/\/cem-instruments.de\/de\/product\/dt-9582pv-stromzangen\/#primaryimage","url":"https:\/\/res.cloudinary.com\/dathdmgqz\/images\/f_auto,q_auto\/v1727343744\/Solar energy tools\/DT-9582PV\/xmkg0wojg3xmyxaklhap\/xmkg0wojg3xmyxaklhap.jpg?_i=AA","contentUrl":"https:\/\/res.cloudinary.com\/dathdmgqz\/images\/f_auto,q_auto\/v1727343744\/Solar energy tools\/DT-9582PV\/xmkg0wojg3xmyxaklhap\/xmkg0wojg3xmyxaklhap.jpg?_i=AA","width":540,"height":720},{"@type":"BreadcrumbList","@id":"https:\/\/cem-instruments.de\/de\/product\/dt-9582pv-stromzangen\/#breadcrumb","itemListElement":[{"@type":"ListItem","position":1,"name":"Home","item":"https:\/\/cem-instruments.de\/de\/"},{"@type":"ListItem","position":2,"name":"Products","item":"https:\/\/cem-instruments.de\/de\/shop\/"},{"@type":"ListItem","position":3,"name":"DT-9582PV CAT\u2162 1500V Solar PV Stromzangenmessger\u00e4t mit 120&#215;120 Infrarot-Thermografiekamera"}]},{"@type":"WebSite","@id":"https:\/\/cem-instruments.de\/de\/#website","url":"https:\/\/cem-instruments.de\/de\/","name":"CEM Test Instruments GmbH","description":"CEM Test Instruments GmbH","publisher":{"@id":"https:\/\/cem-instruments.de\/de\/#organization"},"alternateName":"best partner for electronic instruments","potentialAction":[{"@type":"SearchAction","target":{"@type":"EntryPoint","urlTemplate":"https:\/\/cem-instruments.de\/de\/?s={search_term_string}"},"query-input":{"@type":"PropertyValueSpecification","valueRequired":true,"valueName":"search_term_string"}}],"inLanguage":"de"},{"@type":"Organization","@id":"https:\/\/cem-instruments.de\/de\/#organization","name":"CEM Test Instruments GmbH","url":"https:\/\/cem-instruments.de\/de\/","logo":{"@type":"ImageObject","inLanguage":"de","@id":"https:\/\/cem-instruments.de\/de\/#\/schema\/logo\/image\/","url":"https:\/\/res.cloudinary.com\/dathdmgqz\/images\/f_auto,q_auto\/v1728637129\/cropped-2024-10-11-10_57_57-cem-instruments.de-\u2013-CEM-instruments-GmbH\/cropped-2024-10-11-10_57_57-cem-instruments.de-\u2013-CEM-instruments-GmbH.jpg?_i=AA","contentUrl":"https:\/\/res.cloudinary.com\/dathdmgqz\/images\/f_auto,q_auto\/v1728637129\/cropped-2024-10-11-10_57_57-cem-instruments.de-\u2013-CEM-instruments-GmbH\/cropped-2024-10-11-10_57_57-cem-instruments.de-\u2013-CEM-instruments-GmbH.jpg?_i=AA","width":512,"height":512,"caption":"CEM Test Instruments GmbH"},"image":{"@id":"https:\/\/cem-instruments.de\/de\/#\/schema\/logo\/image\/"}}]}},"_links":{"self":[{"href":"https:\/\/cem-instruments.de\/de\/wp-json\/wp\/v2\/product\/30114","targetHints":{"allow":["GET"]}}],"collection":[{"href":"https:\/\/cem-instruments.de\/de\/wp-json\/wp\/v2\/product"}],"about":[{"href":"https:\/\/cem-instruments.de\/de\/wp-json\/wp\/v2\/types\/product"}],"version-history":[{"count":4,"href":"https:\/\/cem-instruments.de\/de\/wp-json\/wp\/v2\/product\/30114\/revisions"}],"predecessor-version":[{"id":32376,"href":"https:\/\/cem-instruments.de\/de\/wp-json\/wp\/v2\/product\/30114\/revisions\/32376"}],"wp:featuredmedia":[{"embeddable":true,"href":"https:\/\/cem-instruments.de\/de\/wp-json\/wp\/v2\/media\/30115"}],"wp:attachment":[{"href":"https:\/\/cem-instruments.de\/de\/wp-json\/wp\/v2\/media?parent=30114"}],"wp:term":[{"taxonomy":"product_brand","embeddable":true,"href":"https:\/\/cem-instruments.de\/de\/wp-json\/wp\/v2\/product_brand?post=30114"},{"taxonomy":"product_cat","embeddable":true,"href":"https:\/\/cem-instruments.de\/de\/wp-json\/wp\/v2\/product_cat?post=30114"},{"taxonomy":"product_tag","embeddable":true,"href":"https:\/\/cem-instruments.de\/de\/wp-json\/wp\/v2\/product_tag?post=30114"}],"curies":[{"name":"wp","href":"https:\/\/api.w.org\/{rel}","templated":true}]}}