{"id":30136,"date":"2024-10-07T12:29:09","date_gmt":"2024-10-07T10:29:09","guid":{"rendered":"https:\/\/cem-instruments.de\/de\/?post_type=product&#038;p=30136"},"modified":"2025-01-27T23:34:09","modified_gmt":"2025-01-27T22:34:09","slug":"dt-1500pv-tester","status":"publish","type":"product","link":"https:\/\/cem-instruments.de\/de\/product\/dt-1500pv-tester\/","title":{"rendered":"DT-1500PV Multifunktionaler PV-Tester und Leistungsanalysator"},"content":{"rendered":"\t\t<div data-elementor-type=\"wp-post\" data-elementor-id=\"30136\" class=\"elementor elementor-30136\" data-elementor-post-type=\"product\">\n\t\t\t\t<div class=\"wd-negative-gap elementor-element elementor-element-22aaba2 e-flex e-con-boxed e-con e-parent\" data-id=\"22aaba2\" data-element_type=\"container\">\n\t\t\t\t\t<div class=\"e-con-inner\">\n\t\t<div class=\"elementor-element elementor-element-3350630 e-con-full e-flex e-con e-child\" data-id=\"3350630\" data-element_type=\"container\">\n\t\t\t\t<div class=\"elementor-element elementor-element-e23d728 e-n-tabs-mobile elementor-widget elementor-widget-n-tabs\" data-id=\"e23d728\" data-element_type=\"widget\" data-settings=\"{&quot;tabs_justify_horizontal&quot;:&quot;start&quot;,&quot;horizontal_scroll&quot;:&quot;disable&quot;}\" data-widget_type=\"nested-tabs.default\">\n\t\t\t\t<div class=\"elementor-widget-container\">\n\t\t\t\t\t\t\t<div class=\"e-n-tabs\" data-widget-number=\"237229864\" aria-label=\"Tabs. Open items with Enter or Space, close with Escape and navigate using the Arrow keys.\">\n\t\t\t<div class=\"e-n-tabs-heading\" role=\"tablist\">\n\t\t\t\t\t<button id=\"e-n-tab-title-2372298641\" class=\"e-n-tab-title\" aria-selected=\"true\" data-tab-index=\"1\" role=\"tab\" tabindex=\"0\" aria-controls=\"e-n-tab-content-2372298641\" style=\"--n-tabs-title-order: 1;\">\n\t\t\t\t\t\t<span class=\"e-n-tab-title-text\">\n\t\t\t\tDescription\t\t\t<\/span>\n\t\t<\/button>\n\t\t\t\t<button id=\"e-n-tab-title-2372298642\" class=\"e-n-tab-title\" aria-selected=\"false\" data-tab-index=\"2\" role=\"tab\" tabindex=\"-1\" aria-controls=\"e-n-tab-content-2372298642\" style=\"--n-tabs-title-order: 2;\">\n\t\t\t\t\t\t<span class=\"e-n-tab-title-text\">\n\t\t\t\tSpecification\t\t\t<\/span>\n\t\t<\/button>\n\t\t\t\t<button id=\"e-n-tab-title-2372298643\" class=\"e-n-tab-title\" aria-selected=\"false\" data-tab-index=\"3\" role=\"tab\" tabindex=\"-1\" aria-controls=\"e-n-tab-content-2372298643\" style=\"--n-tabs-title-order: 3;\">\n\t\t\t\t\t\t<span class=\"e-n-tab-title-text\">\n\t\t\t\tResources\t\t\t<\/span>\n\t\t<\/button>\n\t\t\t\t\t<\/div>\n\t\t\t<div class=\"e-n-tabs-content\">\n\t\t\t\t<div id=\"e-n-tab-content-2372298641\" role=\"tabpanel\" aria-labelledby=\"e-n-tab-title-2372298641\" data-tab-index=\"1\" style=\"--n-tabs-title-order: 1;\" class=\"e-active elementor-element elementor-element-a2e014e e-con-full e-flex e-con e-child\" data-id=\"a2e014e\" data-element_type=\"container\">\n\t\t<div class=\"wd-negative-gap elementor-element elementor-element-69b3105 e-flex e-con-boxed e-con e-child\" data-id=\"69b3105\" data-element_type=\"container\">\n\t\t\t\t\t<div class=\"e-con-inner\">\n\t\t\t\t<div class=\"elementor-element elementor-element-4290b91 elementor-widget elementor-widget-wd_text_block\" data-id=\"4290b91\" data-element_type=\"widget\" data-widget_type=\"wd_text_block.default\">\n\t\t\t\t<div class=\"elementor-widget-container\">\n\t\t\t\t\t\t\t<div class=\"wd-text-block reset-last-child text-left\">\n\t\t\t\n\t\t\t<p>F\u00fcr das Testen, Dokumentieren und Warten von Photovoltaikanlagen.<\/p><p><strong>Funktionen<\/strong><br \/>\u2022 All-in-One PV-System-Testl\u00f6sung, die den IEC62446-1 Standards f\u00fcr Kategorie 1 und Kategorie 2 Tests entspricht<br \/>\u2022 Leerlaufspannungsmessung (VOC) am PV-Modul\/Strang bis zu 1000 V DC<br \/>\u2022 Kurzschlussstrommessung (ISC) am PV-Modul\/Strang bis zu 20 A DC<br \/>\u2022 Vor-Ort I-V-Kurven-Ergebnisse, die die Hersteller-I-V-Kurvendaten mit den gemessenen Daten auf dem Analyzer-Bildschirm vergleichen<\/p>\n\t\t\t\t\t<\/div>\n\t\t\t\t\t\t<\/div>\n\t\t\t\t<\/div>\n\t\t\t\t\t<\/div>\n\t\t\t\t<\/div>\n\t\t\t\t<\/div>\n\t\t<div id=\"e-n-tab-content-2372298642\" role=\"tabpanel\" aria-labelledby=\"e-n-tab-title-2372298642\" data-tab-index=\"2\" style=\"--n-tabs-title-order: 2;\" class=\" elementor-element elementor-element-ec49958 e-con-full e-flex e-con e-child\" data-id=\"ec49958\" data-element_type=\"container\">\n\t\t\t\t<div class=\"elementor-element elementor-element-e1720a9 elementor-widget elementor-widget-wd_image_or_svg\" data-id=\"e1720a9\" data-element_type=\"widget\" data-widget_type=\"wd_image_or_svg.default\">\n\t\t\t\t<div class=\"elementor-widget-container\">\n\t\t\t\t\t\n\t\t<div class=\"wd-image text-left\">\n\t\t\t\t\t\t\t\t<img width=\"800\" height=\"760\" data-public-id=\"specification_a1xybl\/specification_a1xybl.png\" fetchpriority=\"high\" decoding=\"async\" src=\"https:\/\/res.cloudinary.com\/dathdmgqz\/images\/w_800,h_760,c_scale\/f_auto,q_auto\/v1728296759\/specification_a1xybl\/specification_a1xybl.png?_i=AA\" class=\"attachment-900x size-900x wp-image-30140\" alt=\"\" data-format=\"png\" data-transformations=\"f_auto,q_auto\" data-version=\"1728296759\" data-seo=\"1\" data-responsive=\"1\" srcset=\"https:\/\/res.cloudinary.com\/dathdmgqz\/images\/w_800,h_760,c_scale\/f_auto,q_auto\/v1728296759\/specification_a1xybl\/specification_a1xybl.png?_i=AA 800w, https:\/\/res.cloudinary.com\/dathdmgqz\/images\/w_648,h_615,c_scale\/f_auto,q_auto\/v1728296759\/specification_a1xybl\/specification_a1xybl.png?_i=AA 648w, https:\/\/res.cloudinary.com\/dathdmgqz\/images\/w_448,h_425,c_scale\/f_auto,q_auto\/v1728296759\/specification_a1xybl\/specification_a1xybl.png?_i=AA 448w, https:\/\/res.cloudinary.com\/dathdmgqz\/images\/w_248,h_235,c_scale\/f_auto,q_auto\/v1728296759\/specification_a1xybl\/specification_a1xybl.png?_i=AA 248w\" sizes=\"(max-width: 800px) 100vw, 800px\" \/>\t\t\t\t\t<\/div>\n\n\t\t\t\t\t\t<\/div>\n\t\t\t\t<\/div>\n\t\t\t\t<\/div>\n\t\t<div id=\"e-n-tab-content-2372298643\" role=\"tabpanel\" aria-labelledby=\"e-n-tab-title-2372298643\" data-tab-index=\"3\" style=\"--n-tabs-title-order: 3;\" class=\" elementor-element elementor-element-f1356df e-con-full e-flex e-con e-child\" data-id=\"f1356df\" data-element_type=\"container\">\n\t\t<div class=\"elementor-element elementor-element-e97119f e-con-full e-flex e-con e-child\" data-id=\"e97119f\" data-element_type=\"container\">\n\t\t\t\t<div class=\"elementor-element elementor-element-af2a5d6 elementor-widget elementor-widget-wd_list\" data-id=\"af2a5d6\" data-element_type=\"widget\" data-widget_type=\"wd_list.default\">\n\t\t\t\t<div class=\"elementor-widget-container\">\n\t\t\t\t\t\t\t<ul class=\"wd-list color-scheme- wd-fontsize-xs wd-type-icon wd-style-default text-left\">\n\t\t\t\t\t\t\t\t\t\t\t<li class=\"elementor-repeater-item-fe163c2\">\n\t\t\t\t\t\t\t\t\t\t\t<span class=\"wd-icon\"><svg class=\"e-font-icon-svg e-fas-star\" viewBox=\"0 0 576 512\" xmlns=\"http:\/\/www.w3.org\/2000\/svg\"><path d=\"M259.3 17.8L194 150.2 47.9 171.5c-26.2 3.8-36.7 36.1-17.7 54.6l105.7 103-25 145.5c-4.5 26.3 23.2 46 46.4 33.7L288 439.6l130.7 68.7c23.2 12.2 50.9-7.4 46.4-33.7l-25-145.5 105.7-103c19-18.5 8.5-50.8-17.7-54.6L382 150.2 316.7 17.8c-11.7-23.6-45.6-23.9-57.4 0z\"><\/path><\/svg><\/span>\t\t\t\t\t\n\t\t\t\t\t<span class=\"wd-list-content list-content\">\n\t\t\t\t\t\tapplication note\t\t\t\t\t<\/span>\n\n\t\t\t\t\t\t\t\t\t<\/li>\n\t\t\t\t\t<\/ul>\n\n\t\t\t\t\t\t<\/div>\n\t\t\t\t<\/div>\n\t\t\t\t<div class=\"elementor-element elementor-element-ffe5d97 elementor-widget elementor-widget-wd_list\" data-id=\"ffe5d97\" data-element_type=\"widget\" data-widget_type=\"wd_list.default\">\n\t\t\t\t<div class=\"elementor-widget-container\">\n\t\t\t\t\t\t\t<ul class=\"wd-list color-scheme-custom wd-fontsize-xs wd-type-icon wd-style-default text-left\">\n\t\t\t\t\t\t\t\t\t\t\t<li class=\"elementor-repeater-item-fe163c2\">\n\t\t\t\t\t\t\t\t\t\t\t<span class=\"wd-icon\"><svg class=\"e-font-icon-svg e-fas-star\" viewBox=\"0 0 576 512\" xmlns=\"http:\/\/www.w3.org\/2000\/svg\"><path d=\"M259.3 17.8L194 150.2 47.9 171.5c-26.2 3.8-36.7 36.1-17.7 54.6l105.7 103-25 145.5c-4.5 26.3 23.2 46 46.4 33.7L288 439.6l130.7 68.7c23.2 12.2 50.9-7.4 46.4-33.7l-25-145.5 105.7-103c19-18.5 8.5-50.8-17.7-54.6L382 150.2 316.7 17.8c-11.7-23.6-45.6-23.9-57.4 0z\"><\/path><\/svg><\/span>\t\t\t\t\t\n\t\t\t\t\t<span class=\"wd-list-content list-content\">\n\t\t\t\t\t\tdatasheet\t\t\t\t\t<\/span>\n\n\t\t\t\t\t\n\t\t\t\t\t\t<a  href=\"https:\/\/cemtestinstrumentsgmbh357-my.sharepoint.com\/:b:\/g\/personal\/sh_li_cemtestinstrumentsgmbh357_onmicrosoft_com\/EZzV53cMoVFIvBtAqd8Aur4B6K-aKfmgiqjtnuKTbLRJ7A?e=CookhW\" class=\"wd-fill\" aria-label=\"List item link\" target=\"_blank\" rel=\"nofollow\"><\/a>\n\t\t\t\t\t\t\t\t\t<\/li>\n\t\t\t\t\t\t\t\t\t\t\t<li class=\"elementor-repeater-item-66113ab\">\n\t\t\t\t\t\t\t\t\t\t\t<span class=\"wd-icon\"><svg class=\"e-font-icon-svg e-fas-star\" viewBox=\"0 0 576 512\" xmlns=\"http:\/\/www.w3.org\/2000\/svg\"><path d=\"M259.3 17.8L194 150.2 47.9 171.5c-26.2 3.8-36.7 36.1-17.7 54.6l105.7 103-25 145.5c-4.5 26.3 23.2 46 46.4 33.7L288 439.6l130.7 68.7c23.2 12.2 50.9-7.4 46.4-33.7l-25-145.5 105.7-103c19-18.5 8.5-50.8-17.7-54.6L382 150.2 316.7 17.8c-11.7-23.6-45.6-23.9-57.4 0z\"><\/path><\/svg><\/span>\t\t\t\t\t\n\t\t\t\t\t<span class=\"wd-list-content list-content\">\n\t\t\t\t\t\tuser manual\t\t\t\t\t<\/span>\n\n\t\t\t\t\t\n\t\t\t\t\t\t<a  href=\"https:\/\/cemtestinstrumentsgmbh357-my.sharepoint.com\/:b:\/g\/personal\/sh_li_cemtestinstrumentsgmbh357_onmicrosoft_com\/EWIpSzgG_NtPl1d-PcsWNR8BLf7SyBlH7YZIdrdpNnCFMw?e=ZAebA7\" class=\"wd-fill\" aria-label=\"List item link\" target=\"_blank\" rel=\"nofollow\"><\/a>\n\t\t\t\t\t\t\t\t\t<\/li>\n\t\t\t\t\t<\/ul>\n\n\t\t\t\t\t\t<\/div>\n\t\t\t\t<\/div>\n\t\t\t\t<\/div>\n\t\t<div class=\"elementor-element elementor-element-9e4fdd9 e-con-full e-flex e-con e-child\" data-id=\"9e4fdd9\" data-element_type=\"container\">\n\t\t\t\t<\/div>\n\t\t\t\t<\/div>\n\t\t\t\t\t<\/div>\n\t\t<\/div>\n\t\t\t\t\t\t<\/div>\n\t\t\t\t<\/div>\n\t\t\t\t<\/div>\n\t\t\t\t\t<\/div>\n\t\t\t\t<\/div>\n\t\t\t\t<\/div>\n\t\t","protected":false},"excerpt":{"rendered":"<p>Testen Sie, ob die PV-Systeme ihre optimale Leistung erbringen und sicher arbeiten, mit dem DT-1500PV Multifunktionstester und I-V-Kurvenverfolgung. Entwickelt f\u00fcr PV-Profis, die Installations-, Inbetriebnahme- und Wartungsdienste f\u00fcr Systeme anbieten, die mit 1000 VDC oder weniger betrieben werden.<\/p>\n<p>Der DT-1500PV bietet eine vollst\u00e4ndige PV-Testl\u00f6sung, die den IEC 62446-1 Standards entspricht.<\/p>\n<p>Durch die Software k\u00f6nnen Messdaten von Solaranlagen-Installationen und Inbetriebnahme-Tests problemlos importiert, organisiert und analysiert werden, um m\u00fchelose Berichterstattung zu erm\u00f6glichen, ohne dass ein Laptop vor Ort mitgebracht werden muss.<\/p>\n","protected":false},"featured_media":30137,"template":"","meta":{"_cloudinary_featured_overwrite":false},"product_brand":[],"product_cat":[341,394],"product_tag":[],"class_list":{"0":"post-30136","1":"product","2":"type-product","3":"status-publish","4":"has-post-thumbnail","6":"product_cat-solar_energy_tools","7":"product_cat-multifunction_pv_tester","9":"first","10":"instock","11":"shipping-taxable","12":"product-type-simple"},"yoast_head":"<!-- This site is optimized with the Yoast SEO plugin v24.3 - https:\/\/yoast.com\/wordpress\/plugins\/seo\/ -->\n<title>DT-1500PV Multifunktionaler PV-Tester und Leistungsanalysator - CEM Test Instruments GmbH<\/title>\n<meta name=\"description\" content=\"Testen Sie, ob die PV-Systeme ihre optimale Leistung erbringen und sicher arbeiten, mit dem DT-1500PV Multifunktionstester und I-V-Kurvenverfolgung. Entwickelt f\u00fcr PV-Profis, die Installations-, Inbetriebnahme- und Wartungsdienste f\u00fcr Systeme anbieten, die mit 1000 VDC oder weniger betrieben werden.Der DT-1500PV bietet eine vollst\u00e4ndige PV-Testl\u00f6sung, die den IEC 62446-1 Standards entspricht.Durch die Software k\u00f6nnen Messdaten von Solaranlagen-Installationen und Inbetriebnahme-Tests problemlos importiert, organisiert und analysiert werden, um m\u00fchelose Berichterstattung zu erm\u00f6glichen, ohne dass ein Laptop vor Ort mitgebracht werden muss.\" \/>\n<meta name=\"robots\" content=\"index, follow, max-snippet:-1, max-image-preview:large, max-video-preview:-1\" \/>\n<link rel=\"canonical\" href=\"https:\/\/cem-instruments.de\/de\/product\/dt-1500pv-tester\/\" \/>\n<meta property=\"og:locale\" content=\"de_DE\" \/>\n<meta property=\"og:type\" content=\"article\" \/>\n<meta property=\"og:title\" content=\"DT-1500PV Multifunktionaler PV-Tester und Leistungsanalysator - CEM Test Instruments GmbH\" \/>\n<meta property=\"og:description\" content=\"Testen Sie, ob die PV-Systeme ihre optimale Leistung erbringen und sicher arbeiten, mit dem DT-1500PV Multifunktionstester und I-V-Kurvenverfolgung. Entwickelt f\u00fcr PV-Profis, die Installations-, Inbetriebnahme- und Wartungsdienste f\u00fcr Systeme anbieten, die mit 1000 VDC oder weniger betrieben werden.Der DT-1500PV bietet eine vollst\u00e4ndige PV-Testl\u00f6sung, die den IEC 62446-1 Standards entspricht.Durch die Software k\u00f6nnen Messdaten von Solaranlagen-Installationen und Inbetriebnahme-Tests problemlos importiert, organisiert und analysiert werden, um m\u00fchelose Berichterstattung zu erm\u00f6glichen, ohne dass ein Laptop vor Ort mitgebracht werden muss.\" \/>\n<meta property=\"og:url\" content=\"https:\/\/cem-instruments.de\/de\/product\/dt-1500pv-tester\/\" \/>\n<meta property=\"og:site_name\" content=\"CEM Test Instruments GmbH\" \/>\n<meta property=\"article:modified_time\" content=\"2025-01-27T22:34:09+00:00\" \/>\n<meta property=\"og:image\" content=\"https:\/\/res.cloudinary.com\/dathdmgqz\/images\/f_auto,q_auto\/v1728296661\/DT-1500PV-01_qiknsp\/DT-1500PV-01_qiknsp.png?_i=AA\" \/>\n\t<meta property=\"og:image:width\" content=\"540\" \/>\n\t<meta property=\"og:image:height\" content=\"720\" \/>\n\t<meta property=\"og:image:type\" content=\"image\/png\" \/>\n<meta name=\"twitter:card\" content=\"summary_large_image\" \/>\n<meta name=\"twitter:label1\" content=\"Gesch\u00e4tzte Lesezeit\" \/>\n\t<meta name=\"twitter:data1\" content=\"2\u00a0Minuten\" \/>\n<script type=\"application\/ld+json\" class=\"yoast-schema-graph\">{\"@context\":\"https:\/\/schema.org\",\"@graph\":[{\"@type\":\"WebPage\",\"@id\":\"https:\/\/cem-instruments.de\/de\/product\/dt-1500pv-tester\/\",\"url\":\"https:\/\/cem-instruments.de\/de\/product\/dt-1500pv-tester\/\",\"name\":\"DT-1500PV Multifunktionaler PV-Tester und Leistungsanalysator - CEM Test Instruments GmbH\",\"isPartOf\":{\"@id\":\"https:\/\/cem-instruments.de\/de\/#website\"},\"primaryImageOfPage\":{\"@id\":\"https:\/\/cem-instruments.de\/de\/product\/dt-1500pv-tester\/#primaryimage\"},\"image\":{\"@id\":\"https:\/\/cem-instruments.de\/de\/product\/dt-1500pv-tester\/#primaryimage\"},\"thumbnailUrl\":\"https:\/\/res.cloudinary.com\/dathdmgqz\/images\/f_auto,q_auto\/v1728296661\/DT-1500PV-01_qiknsp\/DT-1500PV-01_qiknsp.png?_i=AA\",\"datePublished\":\"2024-10-07T10:29:09+00:00\",\"dateModified\":\"2025-01-27T22:34:09+00:00\",\"description\":\"Testen Sie, ob die PV-Systeme ihre optimale Leistung erbringen und sicher arbeiten, mit dem DT-1500PV Multifunktionstester und I-V-Kurvenverfolgung. Entwickelt f\u00fcr PV-Profis, die Installations-, Inbetriebnahme- und Wartungsdienste f\u00fcr Systeme anbieten, die mit 1000 VDC oder weniger betrieben werden.Der DT-1500PV bietet eine vollst\u00e4ndige PV-Testl\u00f6sung, die den IEC 62446-1 Standards entspricht.Durch die Software k\u00f6nnen Messdaten von Solaranlagen-Installationen und Inbetriebnahme-Tests problemlos importiert, organisiert und analysiert werden, um m\u00fchelose Berichterstattung zu erm\u00f6glichen, ohne dass ein Laptop vor Ort mitgebracht werden muss.\",\"breadcrumb\":{\"@id\":\"https:\/\/cem-instruments.de\/de\/product\/dt-1500pv-tester\/#breadcrumb\"},\"inLanguage\":\"de\",\"potentialAction\":[{\"@type\":\"ReadAction\",\"target\":[\"https:\/\/cem-instruments.de\/de\/product\/dt-1500pv-tester\/\"]}]},{\"@type\":\"ImageObject\",\"inLanguage\":\"de\",\"@id\":\"https:\/\/cem-instruments.de\/de\/product\/dt-1500pv-tester\/#primaryimage\",\"url\":\"https:\/\/res.cloudinary.com\/dathdmgqz\/images\/f_auto,q_auto\/v1728296661\/DT-1500PV-01_qiknsp\/DT-1500PV-01_qiknsp.png?_i=AA\",\"contentUrl\":\"https:\/\/res.cloudinary.com\/dathdmgqz\/images\/f_auto,q_auto\/v1728296661\/DT-1500PV-01_qiknsp\/DT-1500PV-01_qiknsp.png?_i=AA\",\"width\":540,\"height\":720},{\"@type\":\"BreadcrumbList\",\"@id\":\"https:\/\/cem-instruments.de\/de\/product\/dt-1500pv-tester\/#breadcrumb\",\"itemListElement\":[{\"@type\":\"ListItem\",\"position\":1,\"name\":\"Home\",\"item\":\"https:\/\/cem-instruments.de\/de\/\"},{\"@type\":\"ListItem\",\"position\":2,\"name\":\"Products\",\"item\":\"https:\/\/cem-instruments.de\/de\/shop\/\"},{\"@type\":\"ListItem\",\"position\":3,\"name\":\"DT-1500PV Multifunktionaler PV-Tester und Leistungsanalysator\"}]},{\"@type\":\"WebSite\",\"@id\":\"https:\/\/cem-instruments.de\/de\/#website\",\"url\":\"https:\/\/cem-instruments.de\/de\/\",\"name\":\"CEM Test Instruments GmbH\",\"description\":\"CEM Test Instruments GmbH\",\"publisher\":{\"@id\":\"https:\/\/cem-instruments.de\/de\/#organization\"},\"alternateName\":\"best partner for electronic instruments\",\"potentialAction\":[{\"@type\":\"SearchAction\",\"target\":{\"@type\":\"EntryPoint\",\"urlTemplate\":\"https:\/\/cem-instruments.de\/de\/?s={search_term_string}\"},\"query-input\":{\"@type\":\"PropertyValueSpecification\",\"valueRequired\":true,\"valueName\":\"search_term_string\"}}],\"inLanguage\":\"de\"},{\"@type\":\"Organization\",\"@id\":\"https:\/\/cem-instruments.de\/de\/#organization\",\"name\":\"CEM Test Instruments GmbH\",\"url\":\"https:\/\/cem-instruments.de\/de\/\",\"logo\":{\"@type\":\"ImageObject\",\"inLanguage\":\"de\",\"@id\":\"https:\/\/cem-instruments.de\/de\/#\/schema\/logo\/image\/\",\"url\":\"https:\/\/res.cloudinary.com\/dathdmgqz\/images\/f_auto,q_auto\/v1728637129\/cropped-2024-10-11-10_57_57-cem-instruments.de-\u2013-CEM-instruments-GmbH\/cropped-2024-10-11-10_57_57-cem-instruments.de-\u2013-CEM-instruments-GmbH.jpg?_i=AA\",\"contentUrl\":\"https:\/\/res.cloudinary.com\/dathdmgqz\/images\/f_auto,q_auto\/v1728637129\/cropped-2024-10-11-10_57_57-cem-instruments.de-\u2013-CEM-instruments-GmbH\/cropped-2024-10-11-10_57_57-cem-instruments.de-\u2013-CEM-instruments-GmbH.jpg?_i=AA\",\"width\":512,\"height\":512,\"caption\":\"CEM Test Instruments GmbH\"},\"image\":{\"@id\":\"https:\/\/cem-instruments.de\/de\/#\/schema\/logo\/image\/\"}}]}<\/script>\n<!-- \/ Yoast SEO plugin. -->","yoast_head_json":{"title":"DT-1500PV Multifunktionaler PV-Tester und Leistungsanalysator - CEM Test Instruments GmbH","description":"Testen Sie, ob die PV-Systeme ihre optimale Leistung erbringen und sicher arbeiten, mit dem DT-1500PV Multifunktionstester und I-V-Kurvenverfolgung. Entwickelt f\u00fcr PV-Profis, die Installations-, Inbetriebnahme- und Wartungsdienste f\u00fcr Systeme anbieten, die mit 1000 VDC oder weniger betrieben werden.Der DT-1500PV bietet eine vollst\u00e4ndige PV-Testl\u00f6sung, die den IEC 62446-1 Standards entspricht.Durch die Software k\u00f6nnen Messdaten von Solaranlagen-Installationen und Inbetriebnahme-Tests problemlos importiert, organisiert und analysiert werden, um m\u00fchelose Berichterstattung zu erm\u00f6glichen, ohne dass ein Laptop vor Ort mitgebracht werden muss.","robots":{"index":"index","follow":"follow","max-snippet":"max-snippet:-1","max-image-preview":"max-image-preview:large","max-video-preview":"max-video-preview:-1"},"canonical":"https:\/\/cem-instruments.de\/de\/product\/dt-1500pv-tester\/","og_locale":"de_DE","og_type":"article","og_title":"DT-1500PV Multifunktionaler PV-Tester und Leistungsanalysator - CEM Test Instruments GmbH","og_description":"Testen Sie, ob die PV-Systeme ihre optimale Leistung erbringen und sicher arbeiten, mit dem DT-1500PV Multifunktionstester und I-V-Kurvenverfolgung. Entwickelt f\u00fcr PV-Profis, die Installations-, Inbetriebnahme- und Wartungsdienste f\u00fcr Systeme anbieten, die mit 1000 VDC oder weniger betrieben werden.Der DT-1500PV bietet eine vollst\u00e4ndige PV-Testl\u00f6sung, die den IEC 62446-1 Standards entspricht.Durch die Software k\u00f6nnen Messdaten von Solaranlagen-Installationen und Inbetriebnahme-Tests problemlos importiert, organisiert und analysiert werden, um m\u00fchelose Berichterstattung zu erm\u00f6glichen, ohne dass ein Laptop vor Ort mitgebracht werden muss.","og_url":"https:\/\/cem-instruments.de\/de\/product\/dt-1500pv-tester\/","og_site_name":"CEM Test Instruments GmbH","article_modified_time":"2025-01-27T22:34:09+00:00","og_image":[{"width":540,"height":720,"url":"https:\/\/res.cloudinary.com\/dathdmgqz\/images\/f_auto,q_auto\/v1728296661\/DT-1500PV-01_qiknsp\/DT-1500PV-01_qiknsp.png?_i=AA","type":"image\/png"}],"twitter_card":"summary_large_image","twitter_misc":{"Gesch\u00e4tzte Lesezeit":"2\u00a0Minuten"},"schema":{"@context":"https:\/\/schema.org","@graph":[{"@type":"WebPage","@id":"https:\/\/cem-instruments.de\/de\/product\/dt-1500pv-tester\/","url":"https:\/\/cem-instruments.de\/de\/product\/dt-1500pv-tester\/","name":"DT-1500PV Multifunktionaler PV-Tester und Leistungsanalysator - CEM Test Instruments GmbH","isPartOf":{"@id":"https:\/\/cem-instruments.de\/de\/#website"},"primaryImageOfPage":{"@id":"https:\/\/cem-instruments.de\/de\/product\/dt-1500pv-tester\/#primaryimage"},"image":{"@id":"https:\/\/cem-instruments.de\/de\/product\/dt-1500pv-tester\/#primaryimage"},"thumbnailUrl":"https:\/\/res.cloudinary.com\/dathdmgqz\/images\/f_auto,q_auto\/v1728296661\/DT-1500PV-01_qiknsp\/DT-1500PV-01_qiknsp.png?_i=AA","datePublished":"2024-10-07T10:29:09+00:00","dateModified":"2025-01-27T22:34:09+00:00","description":"Testen Sie, ob die PV-Systeme ihre optimale Leistung erbringen und sicher arbeiten, mit dem DT-1500PV Multifunktionstester und I-V-Kurvenverfolgung. Entwickelt f\u00fcr PV-Profis, die Installations-, Inbetriebnahme- und Wartungsdienste f\u00fcr Systeme anbieten, die mit 1000 VDC oder weniger betrieben werden.Der DT-1500PV bietet eine vollst\u00e4ndige PV-Testl\u00f6sung, die den IEC 62446-1 Standards entspricht.Durch die Software k\u00f6nnen Messdaten von Solaranlagen-Installationen und Inbetriebnahme-Tests problemlos importiert, organisiert und analysiert werden, um m\u00fchelose Berichterstattung zu erm\u00f6glichen, ohne dass ein Laptop vor Ort mitgebracht werden muss.","breadcrumb":{"@id":"https:\/\/cem-instruments.de\/de\/product\/dt-1500pv-tester\/#breadcrumb"},"inLanguage":"de","potentialAction":[{"@type":"ReadAction","target":["https:\/\/cem-instruments.de\/de\/product\/dt-1500pv-tester\/"]}]},{"@type":"ImageObject","inLanguage":"de","@id":"https:\/\/cem-instruments.de\/de\/product\/dt-1500pv-tester\/#primaryimage","url":"https:\/\/res.cloudinary.com\/dathdmgqz\/images\/f_auto,q_auto\/v1728296661\/DT-1500PV-01_qiknsp\/DT-1500PV-01_qiknsp.png?_i=AA","contentUrl":"https:\/\/res.cloudinary.com\/dathdmgqz\/images\/f_auto,q_auto\/v1728296661\/DT-1500PV-01_qiknsp\/DT-1500PV-01_qiknsp.png?_i=AA","width":540,"height":720},{"@type":"BreadcrumbList","@id":"https:\/\/cem-instruments.de\/de\/product\/dt-1500pv-tester\/#breadcrumb","itemListElement":[{"@type":"ListItem","position":1,"name":"Home","item":"https:\/\/cem-instruments.de\/de\/"},{"@type":"ListItem","position":2,"name":"Products","item":"https:\/\/cem-instruments.de\/de\/shop\/"},{"@type":"ListItem","position":3,"name":"DT-1500PV Multifunktionaler PV-Tester und Leistungsanalysator"}]},{"@type":"WebSite","@id":"https:\/\/cem-instruments.de\/de\/#website","url":"https:\/\/cem-instruments.de\/de\/","name":"CEM Test Instruments GmbH","description":"CEM Test Instruments GmbH","publisher":{"@id":"https:\/\/cem-instruments.de\/de\/#organization"},"alternateName":"best partner for electronic instruments","potentialAction":[{"@type":"SearchAction","target":{"@type":"EntryPoint","urlTemplate":"https:\/\/cem-instruments.de\/de\/?s={search_term_string}"},"query-input":{"@type":"PropertyValueSpecification","valueRequired":true,"valueName":"search_term_string"}}],"inLanguage":"de"},{"@type":"Organization","@id":"https:\/\/cem-instruments.de\/de\/#organization","name":"CEM Test Instruments GmbH","url":"https:\/\/cem-instruments.de\/de\/","logo":{"@type":"ImageObject","inLanguage":"de","@id":"https:\/\/cem-instruments.de\/de\/#\/schema\/logo\/image\/","url":"https:\/\/res.cloudinary.com\/dathdmgqz\/images\/f_auto,q_auto\/v1728637129\/cropped-2024-10-11-10_57_57-cem-instruments.de-\u2013-CEM-instruments-GmbH\/cropped-2024-10-11-10_57_57-cem-instruments.de-\u2013-CEM-instruments-GmbH.jpg?_i=AA","contentUrl":"https:\/\/res.cloudinary.com\/dathdmgqz\/images\/f_auto,q_auto\/v1728637129\/cropped-2024-10-11-10_57_57-cem-instruments.de-\u2013-CEM-instruments-GmbH\/cropped-2024-10-11-10_57_57-cem-instruments.de-\u2013-CEM-instruments-GmbH.jpg?_i=AA","width":512,"height":512,"caption":"CEM Test Instruments GmbH"},"image":{"@id":"https:\/\/cem-instruments.de\/de\/#\/schema\/logo\/image\/"}}]}},"_links":{"self":[{"href":"https:\/\/cem-instruments.de\/de\/wp-json\/wp\/v2\/product\/30136","targetHints":{"allow":["GET"]}}],"collection":[{"href":"https:\/\/cem-instruments.de\/de\/wp-json\/wp\/v2\/product"}],"about":[{"href":"https:\/\/cem-instruments.de\/de\/wp-json\/wp\/v2\/types\/product"}],"version-history":[{"count":4,"href":"https:\/\/cem-instruments.de\/de\/wp-json\/wp\/v2\/product\/30136\/revisions"}],"predecessor-version":[{"id":32380,"href":"https:\/\/cem-instruments.de\/de\/wp-json\/wp\/v2\/product\/30136\/revisions\/32380"}],"wp:featuredmedia":[{"embeddable":true,"href":"https:\/\/cem-instruments.de\/de\/wp-json\/wp\/v2\/media\/30137"}],"wp:attachment":[{"href":"https:\/\/cem-instruments.de\/de\/wp-json\/wp\/v2\/media?parent=30136"}],"wp:term":[{"taxonomy":"product_brand","embeddable":true,"href":"https:\/\/cem-instruments.de\/de\/wp-json\/wp\/v2\/product_brand?post=30136"},{"taxonomy":"product_cat","embeddable":true,"href":"https:\/\/cem-instruments.de\/de\/wp-json\/wp\/v2\/product_cat?post=30136"},{"taxonomy":"product_tag","embeddable":true,"href":"https:\/\/cem-instruments.de\/de\/wp-json\/wp\/v2\/product_tag?post=30136"}],"curies":[{"name":"wp","href":"https:\/\/api.w.org\/{rel}","templated":true}]}}