{"id":30147,"date":"2024-10-07T12:38:49","date_gmt":"2024-10-07T10:38:49","guid":{"rendered":"https:\/\/cem-instruments.de\/de\/?post_type=product&#038;p=30147"},"modified":"2025-01-27T23:36:40","modified_gmt":"2025-01-27T22:36:40","slug":"evse-200-ladegeraet","status":"publish","type":"product","link":"https:\/\/cem-instruments.de\/de\/product\/evse-200-ladegeraet\/","title":{"rendered":"EVSE-200 EVSE-Adapter f\u00fcr die Elektromobil-Ladeger\u00e4t-Tests"},"content":{"rendered":"\t\t<div data-elementor-type=\"wp-post\" data-elementor-id=\"30147\" class=\"elementor elementor-30147\" data-elementor-post-type=\"product\">\n\t\t\t\t<div class=\"wd-negative-gap elementor-element elementor-element-dc30be7 e-flex e-con-boxed e-con e-parent\" data-id=\"dc30be7\" data-element_type=\"container\">\n\t\t\t\t\t<div class=\"e-con-inner\">\n\t\t<div class=\"elementor-element elementor-element-a1879cb e-con-full e-flex e-con e-child\" data-id=\"a1879cb\" data-element_type=\"container\">\n\t\t\t\t<div class=\"elementor-element elementor-element-9525d22 e-n-tabs-mobile elementor-widget elementor-widget-n-tabs\" data-id=\"9525d22\" data-element_type=\"widget\" data-settings=\"{&quot;tabs_justify_horizontal&quot;:&quot;start&quot;,&quot;horizontal_scroll&quot;:&quot;disable&quot;}\" data-widget_type=\"nested-tabs.default\">\n\t\t\t\t<div class=\"elementor-widget-container\">\n\t\t\t\t\t\t\t<div class=\"e-n-tabs\" data-widget-number=\"156392738\" aria-label=\"Tabs. Open items with Enter or Space, close with Escape and navigate using the Arrow keys.\">\n\t\t\t<div class=\"e-n-tabs-heading\" role=\"tablist\">\n\t\t\t\t\t<button id=\"e-n-tab-title-1563927381\" class=\"e-n-tab-title\" aria-selected=\"true\" data-tab-index=\"1\" role=\"tab\" tabindex=\"0\" aria-controls=\"e-n-tab-content-1563927381\" style=\"--n-tabs-title-order: 1;\">\n\t\t\t\t\t\t<span class=\"e-n-tab-title-text\">\n\t\t\t\tDescription\t\t\t<\/span>\n\t\t<\/button>\n\t\t\t\t<button id=\"e-n-tab-title-1563927382\" class=\"e-n-tab-title\" aria-selected=\"false\" data-tab-index=\"2\" role=\"tab\" tabindex=\"-1\" aria-controls=\"e-n-tab-content-1563927382\" style=\"--n-tabs-title-order: 2;\">\n\t\t\t\t\t\t<span class=\"e-n-tab-title-text\">\n\t\t\t\tSpecification\t\t\t<\/span>\n\t\t<\/button>\n\t\t\t\t<button id=\"e-n-tab-title-1563927383\" class=\"e-n-tab-title\" aria-selected=\"false\" data-tab-index=\"3\" role=\"tab\" tabindex=\"-1\" aria-controls=\"e-n-tab-content-1563927383\" style=\"--n-tabs-title-order: 3;\">\n\t\t\t\t\t\t<span class=\"e-n-tab-title-text\">\n\t\t\t\tResources\t\t\t<\/span>\n\t\t<\/button>\n\t\t\t\t\t<\/div>\n\t\t\t<div class=\"e-n-tabs-content\">\n\t\t\t\t<div id=\"e-n-tab-content-1563927381\" role=\"tabpanel\" aria-labelledby=\"e-n-tab-title-1563927381\" data-tab-index=\"1\" style=\"--n-tabs-title-order: 1;\" class=\"e-active elementor-element elementor-element-f9e4c59 e-con-full e-flex e-con e-child\" data-id=\"f9e4c59\" data-element_type=\"container\">\n\t\t<div class=\"wd-negative-gap elementor-element elementor-element-6a04820 e-flex e-con-boxed e-con e-child\" data-id=\"6a04820\" data-element_type=\"container\">\n\t\t\t\t\t<div class=\"e-con-inner\">\n\t\t\t\t<div class=\"elementor-element elementor-element-72aeb3c elementor-widget elementor-widget-wd_text_block\" data-id=\"72aeb3c\" data-element_type=\"widget\" data-widget_type=\"wd_text_block.default\">\n\t\t\t\t<div class=\"elementor-widget-container\">\n\t\t\t\t\t\t\t<div class=\"wd-text-block reset-last-child text-left\">\n\t\t\t\n\t\t\t<p><strong>Anwendungen:<\/strong><br \/>\u2022 Geeignet f\u00fcr Fahrzeug-Ladestationen mit Lademodus 3<br \/>\u2022 EV-Stecker f\u00fcr Typ 2 und Typ 1<br \/>\u2022 Messanschl\u00fcsse L1, L2, L3, N und PE zur Verbindung mit Pr\u00fcfger\u00e4ten wie Installationspr\u00fcfger\u00e4ten, um Sicherheits- und Funktionstests durchzuf\u00fchren<br \/>\u2022 Anschl\u00fcsse f\u00fcr CP-Signal-Ausgang zur \u00dcberpr\u00fcfung der Kommunikation zwischen Adapter (simuliertes Elektrofahrzeug) und Ladestation<\/p><p><strong>Funktionen:<\/strong><br \/>\u2022 Separate Phasenanzeige durch drei LED-Lampen, um einfach zu \u00fcberpr\u00fcfen, ob Spannung vorhanden ist<br \/>\u2022 Netzsteckdose, die die M\u00f6glichkeit bietet, eine externe Last anzuschlie\u00dfen, um zu \u00fcberpr\u00fcfen, ob der elektrische Stromz\u00e4hler korrekt funktioniert und z\u00e4hlt<br \/>\u2022 IP54 \u2013 Staub- und spritzwassergesch\u00fctzt<\/p>\n\t\t\t\t\t<\/div>\n\t\t\t\t\t\t<\/div>\n\t\t\t\t<\/div>\n\t\t\t\t\t<\/div>\n\t\t\t\t<\/div>\n\t\t\t\t<\/div>\n\t\t<div id=\"e-n-tab-content-1563927382\" role=\"tabpanel\" aria-labelledby=\"e-n-tab-title-1563927382\" data-tab-index=\"2\" style=\"--n-tabs-title-order: 2;\" class=\" elementor-element elementor-element-1d0d940 e-con-full e-flex e-con e-child\" data-id=\"1d0d940\" data-element_type=\"container\">\n\t\t\t\t<div class=\"elementor-element elementor-element-dacbb16 elementor-widget elementor-widget-wd_image_or_svg\" data-id=\"dacbb16\" data-element_type=\"widget\" data-widget_type=\"wd_image_or_svg.default\">\n\t\t\t\t<div class=\"elementor-widget-container\">\n\t\t\t\t\t\n\t\t<div class=\"wd-image text-left\">\n\t\t\t\t\t\t\t\t<img width=\"591\" height=\"823\" data-public-id=\"specification_ui14k8\/specification_ui14k8.png\" fetchpriority=\"high\" decoding=\"async\" src=\"https:\/\/res.cloudinary.com\/dathdmgqz\/images\/w_591,h_823,c_scale\/f_auto,q_auto\/v1728299442\/specification_ui14k8\/specification_ui14k8.png?_i=AA\" class=\"attachment-full size-full wp-image-30153\" alt=\"\" data-format=\"png\" data-transformations=\"f_auto,q_auto\" data-version=\"1728299442\" data-seo=\"1\" data-responsive=\"1\" srcset=\"https:\/\/res.cloudinary.com\/dathdmgqz\/images\/w_591,h_823,c_scale\/f_auto,q_auto\/v1728299442\/specification_ui14k8\/specification_ui14k8.png?_i=AA 591w, https:\/\/res.cloudinary.com\/dathdmgqz\/images\/w_448,h_623,c_scale\/f_auto,q_auto\/v1728299442\/specification_ui14k8\/specification_ui14k8.png?_i=AA 448w, https:\/\/res.cloudinary.com\/dathdmgqz\/images\/w_248,h_345,c_scale\/f_auto,q_auto\/v1728299442\/specification_ui14k8\/specification_ui14k8.png?_i=AA 248w\" sizes=\"(max-width: 591px) 100vw, 591px\" \/>\t\t\t\t\t<\/div>\n\n\t\t\t\t\t\t<\/div>\n\t\t\t\t<\/div>\n\t\t\t\t<\/div>\n\t\t<div id=\"e-n-tab-content-1563927383\" role=\"tabpanel\" aria-labelledby=\"e-n-tab-title-1563927383\" data-tab-index=\"3\" style=\"--n-tabs-title-order: 3;\" class=\" elementor-element elementor-element-768a556 e-con-full e-flex e-con e-child\" data-id=\"768a556\" data-element_type=\"container\">\n\t\t<div class=\"elementor-element elementor-element-1703c77 e-con-full e-flex e-con e-child\" data-id=\"1703c77\" data-element_type=\"container\">\n\t\t\t\t<div class=\"elementor-element elementor-element-975d49e elementor-widget elementor-widget-wd_list\" data-id=\"975d49e\" data-element_type=\"widget\" data-widget_type=\"wd_list.default\">\n\t\t\t\t<div class=\"elementor-widget-container\">\n\t\t\t\t\t\t\t<ul class=\"wd-list color-scheme- wd-fontsize-xs wd-type-icon wd-style-default text-left\">\n\t\t\t\t\t\t\t\t\t\t\t<li class=\"elementor-repeater-item-fe163c2\">\n\t\t\t\t\t\t\t\t\t\t\t<span class=\"wd-icon\"><svg class=\"e-font-icon-svg e-fas-star\" viewBox=\"0 0 576 512\" xmlns=\"http:\/\/www.w3.org\/2000\/svg\"><path d=\"M259.3 17.8L194 150.2 47.9 171.5c-26.2 3.8-36.7 36.1-17.7 54.6l105.7 103-25 145.5c-4.5 26.3 23.2 46 46.4 33.7L288 439.6l130.7 68.7c23.2 12.2 50.9-7.4 46.4-33.7l-25-145.5 105.7-103c19-18.5 8.5-50.8-17.7-54.6L382 150.2 316.7 17.8c-11.7-23.6-45.6-23.9-57.4 0z\"><\/path><\/svg><\/span>\t\t\t\t\t\n\t\t\t\t\t<span class=\"wd-list-content list-content\">\n\t\t\t\t\t\tapplication note\t\t\t\t\t<\/span>\n\n\t\t\t\t\t\t\t\t\t<\/li>\n\t\t\t\t\t<\/ul>\n\n\t\t\t\t\t\t<\/div>\n\t\t\t\t<\/div>\n\t\t\t\t<div class=\"elementor-element elementor-element-58675db elementor-widget elementor-widget-wd_list\" data-id=\"58675db\" data-element_type=\"widget\" data-widget_type=\"wd_list.default\">\n\t\t\t\t<div class=\"elementor-widget-container\">\n\t\t\t\t\t\t\t<ul class=\"wd-list color-scheme-custom wd-fontsize-xs wd-type-icon wd-style-default text-left\">\n\t\t\t\t\t\t\t\t\t\t\t<li class=\"elementor-repeater-item-fe163c2\">\n\t\t\t\t\t\t\t\t\t\t\t<span class=\"wd-icon\"><svg class=\"e-font-icon-svg e-fas-star\" viewBox=\"0 0 576 512\" xmlns=\"http:\/\/www.w3.org\/2000\/svg\"><path d=\"M259.3 17.8L194 150.2 47.9 171.5c-26.2 3.8-36.7 36.1-17.7 54.6l105.7 103-25 145.5c-4.5 26.3 23.2 46 46.4 33.7L288 439.6l130.7 68.7c23.2 12.2 50.9-7.4 46.4-33.7l-25-145.5 105.7-103c19-18.5 8.5-50.8-17.7-54.6L382 150.2 316.7 17.8c-11.7-23.6-45.6-23.9-57.4 0z\"><\/path><\/svg><\/span>\t\t\t\t\t\n\t\t\t\t\t<span class=\"wd-list-content list-content\">\n\t\t\t\t\t\tdatasheet\t\t\t\t\t<\/span>\n\n\t\t\t\t\t\t\t\t\t<\/li>\n\t\t\t\t\t\t\t\t\t\t\t<li class=\"elementor-repeater-item-66113ab\">\n\t\t\t\t\t\t\t\t\t\t\t<span class=\"wd-icon\"><svg class=\"e-font-icon-svg e-fas-star\" viewBox=\"0 0 576 512\" xmlns=\"http:\/\/www.w3.org\/2000\/svg\"><path d=\"M259.3 17.8L194 150.2 47.9 171.5c-26.2 3.8-36.7 36.1-17.7 54.6l105.7 103-25 145.5c-4.5 26.3 23.2 46 46.4 33.7L288 439.6l130.7 68.7c23.2 12.2 50.9-7.4 46.4-33.7l-25-145.5 105.7-103c19-18.5 8.5-50.8-17.7-54.6L382 150.2 316.7 17.8c-11.7-23.6-45.6-23.9-57.4 0z\"><\/path><\/svg><\/span>\t\t\t\t\t\n\t\t\t\t\t<span class=\"wd-list-content list-content\">\n\t\t\t\t\t\tuser manual\t\t\t\t\t<\/span>\n\n\t\t\t\t\t\n\t\t\t\t\t\t<a  href=\"https:\/\/cemtestinstrumentsgmbh357-my.sharepoint.com\/:b:\/g\/personal\/sh_li_cemtestinstrumentsgmbh357_onmicrosoft_com\/EWpdk2G8UmJAn7yPNBx-Fg0BEMCyCThbzzQU_4AABSV_pg?e=28njBI\" class=\"wd-fill\" aria-label=\"List item link\" target=\"_blank\" rel=\"nofollow\"><\/a>\n\t\t\t\t\t\t\t\t\t<\/li>\n\t\t\t\t\t<\/ul>\n\n\t\t\t\t\t\t<\/div>\n\t\t\t\t<\/div>\n\t\t\t\t<\/div>\n\t\t<div class=\"elementor-element elementor-element-2cbcd5c e-con-full e-flex e-con e-child\" data-id=\"2cbcd5c\" data-element_type=\"container\">\n\t\t\t\t<\/div>\n\t\t\t\t<\/div>\n\t\t\t\t\t<\/div>\n\t\t<\/div>\n\t\t\t\t\t\t<\/div>\n\t\t\t\t<\/div>\n\t\t\t\t<\/div>\n\t\t\t\t\t<\/div>\n\t\t\t\t<\/div>\n\t\t\t\t<\/div>\n\t\t","protected":false},"excerpt":{"rendered":"<p>Der EVSE-200 ist ein Erweiterungsadapter zur Verbindung von Elektromobil-Ladeger\u00e4ten (EVSE) mit der Teststeckdose eines Installationspr\u00fcfger\u00e4ts zur \u00dcberpr\u00fcfung der elektrischen Sicherheit und Funktionspr\u00fcfung. Er ist f\u00fcr das Testen von Mode-3 EV-Ladeger\u00e4ten mit Typ-2-Stecker vorgesehen.<\/p>\n<p>Der ESVE-200-Adapter erm\u00f6glicht es, Tests in Kombination mit geeigneten Pr\u00fcfger\u00e4ten wie einem Installationspr\u00fcfger\u00e4t (zum Beispiel der DT-6650-Serie) durchzuf\u00fchren.<\/p>\n","protected":false},"featured_media":30148,"template":"","meta":{"_cloudinary_featured_overwrite":false},"product_brand":[],"product_cat":[341,419],"product_tag":[],"class_list":{"0":"post-30147","1":"product","2":"type-product","3":"status-publish","4":"has-post-thumbnail","6":"product_cat-solar_energy_tools","7":"product_cat-electric-vehicle-tester","9":"first","10":"instock","11":"shipping-taxable","12":"product-type-simple"},"yoast_head":"<!-- This site is optimized with the Yoast SEO plugin v24.3 - https:\/\/yoast.com\/wordpress\/plugins\/seo\/ -->\n<title>EVSE-200 EVSE-Adapter f\u00fcr die Elektromobil-Ladeger\u00e4t-Tests - CEM Test Instruments GmbH<\/title>\n<meta name=\"description\" content=\"Der EVSE-200 ist ein Erweiterungsadapter zur Verbindung von Elektromobil-Ladeger\u00e4ten (EVSE) mit der Teststeckdose eines Installationspr\u00fcfger\u00e4ts zur \u00dcberpr\u00fcfung der elektrischen Sicherheit und Funktionspr\u00fcfung. Er ist f\u00fcr das Testen von Mode-3 EV-Ladeger\u00e4ten mit Typ-2-Stecker vorgesehen.Der ESVE-200-Adapter erm\u00f6glicht es, Tests in Kombination mit geeigneten Pr\u00fcfger\u00e4ten wie einem Installationspr\u00fcfger\u00e4t (zum Beispiel der DT-6650-Serie) durchzuf\u00fchren.\" \/>\n<meta name=\"robots\" content=\"index, follow, max-snippet:-1, max-image-preview:large, max-video-preview:-1\" \/>\n<link rel=\"canonical\" href=\"https:\/\/cem-instruments.de\/de\/product\/evse-200-ladegeraet\/\" \/>\n<meta property=\"og:locale\" content=\"de_DE\" \/>\n<meta property=\"og:type\" content=\"article\" \/>\n<meta property=\"og:title\" content=\"EVSE-200 EVSE-Adapter f\u00fcr die Elektromobil-Ladeger\u00e4t-Tests - CEM Test Instruments GmbH\" \/>\n<meta property=\"og:description\" content=\"Der EVSE-200 ist ein Erweiterungsadapter zur Verbindung von Elektromobil-Ladeger\u00e4ten (EVSE) mit der Teststeckdose eines Installationspr\u00fcfger\u00e4ts zur \u00dcberpr\u00fcfung der elektrischen Sicherheit und Funktionspr\u00fcfung. Er ist f\u00fcr das Testen von Mode-3 EV-Ladeger\u00e4ten mit Typ-2-Stecker vorgesehen.Der ESVE-200-Adapter erm\u00f6glicht es, Tests in Kombination mit geeigneten Pr\u00fcfger\u00e4ten wie einem Installationspr\u00fcfger\u00e4t (zum Beispiel der DT-6650-Serie) durchzuf\u00fchren.\" \/>\n<meta property=\"og:url\" content=\"https:\/\/cem-instruments.de\/de\/product\/evse-200-ladegeraet\/\" \/>\n<meta property=\"og:site_name\" content=\"CEM Test Instruments GmbH\" \/>\n<meta property=\"article:modified_time\" content=\"2025-01-27T22:36:40+00:00\" \/>\n<meta property=\"og:image\" content=\"https:\/\/res.cloudinary.com\/dathdmgqz\/images\/f_auto,q_auto\/v1727343747\/Solar energy tools\/EVSE-200\/fpycupgtur0wevbquno1\/fpycupgtur0wevbquno1.jpg?_i=AA\" \/>\n\t<meta property=\"og:image:width\" content=\"540\" \/>\n\t<meta property=\"og:image:height\" content=\"720\" \/>\n\t<meta property=\"og:image:type\" content=\"image\/jpeg\" \/>\n<meta name=\"twitter:card\" content=\"summary_large_image\" \/>\n<meta name=\"twitter:label1\" content=\"Gesch\u00e4tzte Lesezeit\" \/>\n\t<meta name=\"twitter:data1\" content=\"2\u00a0Minuten\" \/>\n<script type=\"application\/ld+json\" class=\"yoast-schema-graph\">{\"@context\":\"https:\/\/schema.org\",\"@graph\":[{\"@type\":\"WebPage\",\"@id\":\"https:\/\/cem-instruments.de\/de\/product\/evse-200-ladegeraet\/\",\"url\":\"https:\/\/cem-instruments.de\/de\/product\/evse-200-ladegeraet\/\",\"name\":\"EVSE-200 EVSE-Adapter f\u00fcr die Elektromobil-Ladeger\u00e4t-Tests - CEM Test Instruments GmbH\",\"isPartOf\":{\"@id\":\"https:\/\/cem-instruments.de\/de\/#website\"},\"primaryImageOfPage\":{\"@id\":\"https:\/\/cem-instruments.de\/de\/product\/evse-200-ladegeraet\/#primaryimage\"},\"image\":{\"@id\":\"https:\/\/cem-instruments.de\/de\/product\/evse-200-ladegeraet\/#primaryimage\"},\"thumbnailUrl\":\"https:\/\/res.cloudinary.com\/dathdmgqz\/images\/f_auto,q_auto\/v1727343747\/Solar energy tools\/EVSE-200\/fpycupgtur0wevbquno1\/fpycupgtur0wevbquno1.jpg?_i=AA\",\"datePublished\":\"2024-10-07T10:38:49+00:00\",\"dateModified\":\"2025-01-27T22:36:40+00:00\",\"description\":\"Der EVSE-200 ist ein Erweiterungsadapter zur Verbindung von Elektromobil-Ladeger\u00e4ten (EVSE) mit der Teststeckdose eines Installationspr\u00fcfger\u00e4ts zur \u00dcberpr\u00fcfung der elektrischen Sicherheit und Funktionspr\u00fcfung. Er ist f\u00fcr das Testen von Mode-3 EV-Ladeger\u00e4ten mit Typ-2-Stecker vorgesehen.Der ESVE-200-Adapter erm\u00f6glicht es, Tests in Kombination mit geeigneten Pr\u00fcfger\u00e4ten wie einem Installationspr\u00fcfger\u00e4t (zum Beispiel der DT-6650-Serie) durchzuf\u00fchren.\",\"breadcrumb\":{\"@id\":\"https:\/\/cem-instruments.de\/de\/product\/evse-200-ladegeraet\/#breadcrumb\"},\"inLanguage\":\"de\",\"potentialAction\":[{\"@type\":\"ReadAction\",\"target\":[\"https:\/\/cem-instruments.de\/de\/product\/evse-200-ladegeraet\/\"]}]},{\"@type\":\"ImageObject\",\"inLanguage\":\"de\",\"@id\":\"https:\/\/cem-instruments.de\/de\/product\/evse-200-ladegeraet\/#primaryimage\",\"url\":\"https:\/\/res.cloudinary.com\/dathdmgqz\/images\/f_auto,q_auto\/v1727343747\/Solar energy tools\/EVSE-200\/fpycupgtur0wevbquno1\/fpycupgtur0wevbquno1.jpg?_i=AA\",\"contentUrl\":\"https:\/\/res.cloudinary.com\/dathdmgqz\/images\/f_auto,q_auto\/v1727343747\/Solar energy tools\/EVSE-200\/fpycupgtur0wevbquno1\/fpycupgtur0wevbquno1.jpg?_i=AA\",\"width\":540,\"height\":720},{\"@type\":\"BreadcrumbList\",\"@id\":\"https:\/\/cem-instruments.de\/de\/product\/evse-200-ladegeraet\/#breadcrumb\",\"itemListElement\":[{\"@type\":\"ListItem\",\"position\":1,\"name\":\"Home\",\"item\":\"https:\/\/cem-instruments.de\/de\/\"},{\"@type\":\"ListItem\",\"position\":2,\"name\":\"Products\",\"item\":\"https:\/\/cem-instruments.de\/de\/shop\/\"},{\"@type\":\"ListItem\",\"position\":3,\"name\":\"EVSE-200 EVSE-Adapter f\u00fcr die Elektromobil-Ladeger\u00e4t-Tests\"}]},{\"@type\":\"WebSite\",\"@id\":\"https:\/\/cem-instruments.de\/de\/#website\",\"url\":\"https:\/\/cem-instruments.de\/de\/\",\"name\":\"CEM Test Instruments GmbH\",\"description\":\"CEM Test Instruments GmbH\",\"publisher\":{\"@id\":\"https:\/\/cem-instruments.de\/de\/#organization\"},\"alternateName\":\"best partner for electronic instruments\",\"potentialAction\":[{\"@type\":\"SearchAction\",\"target\":{\"@type\":\"EntryPoint\",\"urlTemplate\":\"https:\/\/cem-instruments.de\/de\/?s={search_term_string}\"},\"query-input\":{\"@type\":\"PropertyValueSpecification\",\"valueRequired\":true,\"valueName\":\"search_term_string\"}}],\"inLanguage\":\"de\"},{\"@type\":\"Organization\",\"@id\":\"https:\/\/cem-instruments.de\/de\/#organization\",\"name\":\"CEM Test Instruments GmbH\",\"url\":\"https:\/\/cem-instruments.de\/de\/\",\"logo\":{\"@type\":\"ImageObject\",\"inLanguage\":\"de\",\"@id\":\"https:\/\/cem-instruments.de\/de\/#\/schema\/logo\/image\/\",\"url\":\"https:\/\/res.cloudinary.com\/dathdmgqz\/images\/f_auto,q_auto\/v1728637129\/cropped-2024-10-11-10_57_57-cem-instruments.de-\u2013-CEM-instruments-GmbH\/cropped-2024-10-11-10_57_57-cem-instruments.de-\u2013-CEM-instruments-GmbH.jpg?_i=AA\",\"contentUrl\":\"https:\/\/res.cloudinary.com\/dathdmgqz\/images\/f_auto,q_auto\/v1728637129\/cropped-2024-10-11-10_57_57-cem-instruments.de-\u2013-CEM-instruments-GmbH\/cropped-2024-10-11-10_57_57-cem-instruments.de-\u2013-CEM-instruments-GmbH.jpg?_i=AA\",\"width\":512,\"height\":512,\"caption\":\"CEM Test Instruments GmbH\"},\"image\":{\"@id\":\"https:\/\/cem-instruments.de\/de\/#\/schema\/logo\/image\/\"}}]}<\/script>\n<!-- \/ Yoast SEO plugin. -->","yoast_head_json":{"title":"EVSE-200 EVSE-Adapter f\u00fcr die Elektromobil-Ladeger\u00e4t-Tests - CEM Test Instruments GmbH","description":"Der EVSE-200 ist ein Erweiterungsadapter zur Verbindung von Elektromobil-Ladeger\u00e4ten (EVSE) mit der Teststeckdose eines Installationspr\u00fcfger\u00e4ts zur \u00dcberpr\u00fcfung der elektrischen Sicherheit und Funktionspr\u00fcfung. Er ist f\u00fcr das Testen von Mode-3 EV-Ladeger\u00e4ten mit Typ-2-Stecker vorgesehen.Der ESVE-200-Adapter erm\u00f6glicht es, Tests in Kombination mit geeigneten Pr\u00fcfger\u00e4ten wie einem Installationspr\u00fcfger\u00e4t (zum Beispiel der DT-6650-Serie) durchzuf\u00fchren.","robots":{"index":"index","follow":"follow","max-snippet":"max-snippet:-1","max-image-preview":"max-image-preview:large","max-video-preview":"max-video-preview:-1"},"canonical":"https:\/\/cem-instruments.de\/de\/product\/evse-200-ladegeraet\/","og_locale":"de_DE","og_type":"article","og_title":"EVSE-200 EVSE-Adapter f\u00fcr die Elektromobil-Ladeger\u00e4t-Tests - CEM Test Instruments GmbH","og_description":"Der EVSE-200 ist ein Erweiterungsadapter zur Verbindung von Elektromobil-Ladeger\u00e4ten (EVSE) mit der Teststeckdose eines Installationspr\u00fcfger\u00e4ts zur \u00dcberpr\u00fcfung der elektrischen Sicherheit und Funktionspr\u00fcfung. Er ist f\u00fcr das Testen von Mode-3 EV-Ladeger\u00e4ten mit Typ-2-Stecker vorgesehen.Der ESVE-200-Adapter erm\u00f6glicht es, Tests in Kombination mit geeigneten Pr\u00fcfger\u00e4ten wie einem Installationspr\u00fcfger\u00e4t (zum Beispiel der DT-6650-Serie) durchzuf\u00fchren.","og_url":"https:\/\/cem-instruments.de\/de\/product\/evse-200-ladegeraet\/","og_site_name":"CEM Test Instruments GmbH","article_modified_time":"2025-01-27T22:36:40+00:00","og_image":[{"width":540,"height":720,"url":"https:\/\/res.cloudinary.com\/dathdmgqz\/images\/f_auto,q_auto\/v1727343747\/Solar energy tools\/EVSE-200\/fpycupgtur0wevbquno1\/fpycupgtur0wevbquno1.jpg?_i=AA","type":"image\/jpeg"}],"twitter_card":"summary_large_image","twitter_misc":{"Gesch\u00e4tzte Lesezeit":"2\u00a0Minuten"},"schema":{"@context":"https:\/\/schema.org","@graph":[{"@type":"WebPage","@id":"https:\/\/cem-instruments.de\/de\/product\/evse-200-ladegeraet\/","url":"https:\/\/cem-instruments.de\/de\/product\/evse-200-ladegeraet\/","name":"EVSE-200 EVSE-Adapter f\u00fcr die Elektromobil-Ladeger\u00e4t-Tests - CEM Test Instruments GmbH","isPartOf":{"@id":"https:\/\/cem-instruments.de\/de\/#website"},"primaryImageOfPage":{"@id":"https:\/\/cem-instruments.de\/de\/product\/evse-200-ladegeraet\/#primaryimage"},"image":{"@id":"https:\/\/cem-instruments.de\/de\/product\/evse-200-ladegeraet\/#primaryimage"},"thumbnailUrl":"https:\/\/res.cloudinary.com\/dathdmgqz\/images\/f_auto,q_auto\/v1727343747\/Solar energy tools\/EVSE-200\/fpycupgtur0wevbquno1\/fpycupgtur0wevbquno1.jpg?_i=AA","datePublished":"2024-10-07T10:38:49+00:00","dateModified":"2025-01-27T22:36:40+00:00","description":"Der EVSE-200 ist ein Erweiterungsadapter zur Verbindung von Elektromobil-Ladeger\u00e4ten (EVSE) mit der Teststeckdose eines Installationspr\u00fcfger\u00e4ts zur \u00dcberpr\u00fcfung der elektrischen Sicherheit und Funktionspr\u00fcfung. Er ist f\u00fcr das Testen von Mode-3 EV-Ladeger\u00e4ten mit Typ-2-Stecker vorgesehen.Der ESVE-200-Adapter erm\u00f6glicht es, Tests in Kombination mit geeigneten Pr\u00fcfger\u00e4ten wie einem Installationspr\u00fcfger\u00e4t (zum Beispiel der DT-6650-Serie) durchzuf\u00fchren.","breadcrumb":{"@id":"https:\/\/cem-instruments.de\/de\/product\/evse-200-ladegeraet\/#breadcrumb"},"inLanguage":"de","potentialAction":[{"@type":"ReadAction","target":["https:\/\/cem-instruments.de\/de\/product\/evse-200-ladegeraet\/"]}]},{"@type":"ImageObject","inLanguage":"de","@id":"https:\/\/cem-instruments.de\/de\/product\/evse-200-ladegeraet\/#primaryimage","url":"https:\/\/res.cloudinary.com\/dathdmgqz\/images\/f_auto,q_auto\/v1727343747\/Solar energy tools\/EVSE-200\/fpycupgtur0wevbquno1\/fpycupgtur0wevbquno1.jpg?_i=AA","contentUrl":"https:\/\/res.cloudinary.com\/dathdmgqz\/images\/f_auto,q_auto\/v1727343747\/Solar energy tools\/EVSE-200\/fpycupgtur0wevbquno1\/fpycupgtur0wevbquno1.jpg?_i=AA","width":540,"height":720},{"@type":"BreadcrumbList","@id":"https:\/\/cem-instruments.de\/de\/product\/evse-200-ladegeraet\/#breadcrumb","itemListElement":[{"@type":"ListItem","position":1,"name":"Home","item":"https:\/\/cem-instruments.de\/de\/"},{"@type":"ListItem","position":2,"name":"Products","item":"https:\/\/cem-instruments.de\/de\/shop\/"},{"@type":"ListItem","position":3,"name":"EVSE-200 EVSE-Adapter f\u00fcr die Elektromobil-Ladeger\u00e4t-Tests"}]},{"@type":"WebSite","@id":"https:\/\/cem-instruments.de\/de\/#website","url":"https:\/\/cem-instruments.de\/de\/","name":"CEM Test Instruments GmbH","description":"CEM Test Instruments GmbH","publisher":{"@id":"https:\/\/cem-instruments.de\/de\/#organization"},"alternateName":"best partner for electronic instruments","potentialAction":[{"@type":"SearchAction","target":{"@type":"EntryPoint","urlTemplate":"https:\/\/cem-instruments.de\/de\/?s={search_term_string}"},"query-input":{"@type":"PropertyValueSpecification","valueRequired":true,"valueName":"search_term_string"}}],"inLanguage":"de"},{"@type":"Organization","@id":"https:\/\/cem-instruments.de\/de\/#organization","name":"CEM Test Instruments GmbH","url":"https:\/\/cem-instruments.de\/de\/","logo":{"@type":"ImageObject","inLanguage":"de","@id":"https:\/\/cem-instruments.de\/de\/#\/schema\/logo\/image\/","url":"https:\/\/res.cloudinary.com\/dathdmgqz\/images\/f_auto,q_auto\/v1728637129\/cropped-2024-10-11-10_57_57-cem-instruments.de-\u2013-CEM-instruments-GmbH\/cropped-2024-10-11-10_57_57-cem-instruments.de-\u2013-CEM-instruments-GmbH.jpg?_i=AA","contentUrl":"https:\/\/res.cloudinary.com\/dathdmgqz\/images\/f_auto,q_auto\/v1728637129\/cropped-2024-10-11-10_57_57-cem-instruments.de-\u2013-CEM-instruments-GmbH\/cropped-2024-10-11-10_57_57-cem-instruments.de-\u2013-CEM-instruments-GmbH.jpg?_i=AA","width":512,"height":512,"caption":"CEM Test Instruments GmbH"},"image":{"@id":"https:\/\/cem-instruments.de\/de\/#\/schema\/logo\/image\/"}}]}},"_links":{"self":[{"href":"https:\/\/cem-instruments.de\/de\/wp-json\/wp\/v2\/product\/30147","targetHints":{"allow":["GET"]}}],"collection":[{"href":"https:\/\/cem-instruments.de\/de\/wp-json\/wp\/v2\/product"}],"about":[{"href":"https:\/\/cem-instruments.de\/de\/wp-json\/wp\/v2\/types\/product"}],"version-history":[{"count":5,"href":"https:\/\/cem-instruments.de\/de\/wp-json\/wp\/v2\/product\/30147\/revisions"}],"predecessor-version":[{"id":32993,"href":"https:\/\/cem-instruments.de\/de\/wp-json\/wp\/v2\/product\/30147\/revisions\/32993"}],"wp:featuredmedia":[{"embeddable":true,"href":"https:\/\/cem-instruments.de\/de\/wp-json\/wp\/v2\/media\/30148"}],"wp:attachment":[{"href":"https:\/\/cem-instruments.de\/de\/wp-json\/wp\/v2\/media?parent=30147"}],"wp:term":[{"taxonomy":"product_brand","embeddable":true,"href":"https:\/\/cem-instruments.de\/de\/wp-json\/wp\/v2\/product_brand?post=30147"},{"taxonomy":"product_cat","embeddable":true,"href":"https:\/\/cem-instruments.de\/de\/wp-json\/wp\/v2\/product_cat?post=30147"},{"taxonomy":"product_tag","embeddable":true,"href":"https:\/\/cem-instruments.de\/de\/wp-json\/wp\/v2\/product_tag?post=30147"}],"curies":[{"name":"wp","href":"https:\/\/api.w.org\/{rel}","templated":true}]}}