{"id":30841,"date":"2024-10-10T09:37:17","date_gmt":"2024-10-10T07:37:17","guid":{"rendered":"https:\/\/cem-instruments.de\/de\/?post_type=product&#038;p=30841"},"modified":"2025-01-25T16:40:24","modified_gmt":"2025-01-25T15:40:24","slug":"dt873-waermebildkameras","status":"publish","type":"product","link":"https:\/\/cem-instruments.de\/de\/product\/dt873-waermebildkameras\/","title":{"rendered":"DT-873\/874\/874Y\/875\/876 Industrielle W\u00e4rmebildkameras"},"content":{"rendered":"\t\t<div data-elementor-type=\"wp-post\" data-elementor-id=\"30841\" class=\"elementor elementor-30841\" data-elementor-post-type=\"product\">\n\t\t\t\t<div class=\"wd-negative-gap elementor-element elementor-element-eb97e2d e-flex e-con-boxed e-con e-parent\" data-id=\"eb97e2d\" data-element_type=\"container\">\n\t\t\t\t\t<div class=\"e-con-inner\">\n\t\t<div class=\"elementor-element elementor-element-f6ac6f5 e-con-full e-flex e-con e-child\" data-id=\"f6ac6f5\" data-element_type=\"container\">\n\t\t\t\t<div class=\"elementor-element elementor-element-2087e67 e-n-tabs-mobile elementor-widget elementor-widget-n-tabs\" data-id=\"2087e67\" data-element_type=\"widget\" data-settings=\"{&quot;tabs_justify_horizontal&quot;:&quot;start&quot;,&quot;horizontal_scroll&quot;:&quot;disable&quot;}\" data-widget_type=\"nested-tabs.default\">\n\t\t\t\t<div class=\"elementor-widget-container\">\n\t\t\t\t\t\t\t<div class=\"e-n-tabs\" data-widget-number=\"34111079\" aria-label=\"Tabs. Open items with Enter or Space, close with Escape and navigate using the Arrow keys.\">\n\t\t\t<div class=\"e-n-tabs-heading\" role=\"tablist\">\n\t\t\t\t\t<button id=\"e-n-tab-title-341110791\" class=\"e-n-tab-title\" aria-selected=\"true\" data-tab-index=\"1\" role=\"tab\" tabindex=\"0\" aria-controls=\"e-n-tab-content-341110791\" style=\"--n-tabs-title-order: 1;\">\n\t\t\t\t\t\t<span class=\"e-n-tab-title-text\">\n\t\t\t\tDescription\t\t\t<\/span>\n\t\t<\/button>\n\t\t\t\t<button id=\"e-n-tab-title-341110792\" class=\"e-n-tab-title\" aria-selected=\"false\" data-tab-index=\"2\" role=\"tab\" tabindex=\"-1\" aria-controls=\"e-n-tab-content-341110792\" style=\"--n-tabs-title-order: 2;\">\n\t\t\t\t\t\t<span class=\"e-n-tab-title-text\">\n\t\t\t\tSpecification\t\t\t<\/span>\n\t\t<\/button>\n\t\t\t\t<button id=\"e-n-tab-title-341110793\" class=\"e-n-tab-title\" aria-selected=\"false\" data-tab-index=\"3\" role=\"tab\" tabindex=\"-1\" aria-controls=\"e-n-tab-content-341110793\" style=\"--n-tabs-title-order: 3;\">\n\t\t\t\t\t\t<span class=\"e-n-tab-title-text\">\n\t\t\t\tResources\t\t\t<\/span>\n\t\t<\/button>\n\t\t\t\t\t<\/div>\n\t\t\t<div class=\"e-n-tabs-content\">\n\t\t\t\t<div id=\"e-n-tab-content-341110791\" role=\"tabpanel\" aria-labelledby=\"e-n-tab-title-341110791\" data-tab-index=\"1\" style=\"--n-tabs-title-order: 1;\" class=\"e-active elementor-element elementor-element-69e5f37 e-con-full e-flex e-con e-child\" data-id=\"69e5f37\" data-element_type=\"container\">\n\t\t<div class=\"wd-negative-gap elementor-element elementor-element-57b0503 e-flex e-con-boxed e-con e-child\" data-id=\"57b0503\" data-element_type=\"container\">\n\t\t\t\t\t<div class=\"e-con-inner\">\n\t\t\t\t<div class=\"elementor-element elementor-element-cb31d9e elementor-widget elementor-widget-wd_text_block\" data-id=\"cb31d9e\" data-element_type=\"widget\" data-widget_type=\"wd_text_block.default\">\n\t\t\t\t<div class=\"elementor-widget-container\">\n\t\t\t\t\t\t\t<div class=\"wd-text-block reset-last-child text-left\">\n\t\t\t\n\t\t\t<p>876\/875\/874\/873 W\u00e4rmebildkameras wurden entwickelt, um Ihre Arbeit einfacher, produktiver und effektiver zu gestalten. 80x80 Aufl\u00f6sung bei 50Hz f\u00fcr die Echtzeitaufzeichnung; Temperaturbereich von -20\u2103 bis 400\u2103 (-4\u2109 bis 752\u2109). Der Hot\/Cold Spot Marker findet automatisch die hei\u00dfesten und k\u00e4ltesten Stellen. Lithium-Polymer-Batterie und Stromversorgung sowie USB-Kabel. Die WiFi-Konnektivit\u00e4t erm\u00f6glicht es der Infrarot-W\u00e4rmebildkamera, W\u00e4rmebilder an mobile Ger\u00e4te zu senden.<\/p><p><strong>Eigenschaften<\/strong><\/p><ul><li>25Hz schnelle Bildrate, schnelle Erfassung von Temperaturver\u00e4nderungen<\/li><li>Hoher Temperaturbereich, f\u00fcr mehr Anwendungsszenarien<\/li><li>Einfach zu bedienen, benutzerfreundlich<\/li><li>Intelligentes Design, tragbar, klein und leicht zu transportieren<\/li><li>Robust, widerstandsf\u00e4hig gegen St\u00fcrze aus bis zu 2 m H\u00f6he<\/li><li>IP54 wasserdicht<\/li><li>Taschenlampe<\/li><\/ul>\n\t\t\t\t\t<\/div>\n\t\t\t\t\t\t<\/div>\n\t\t\t\t<\/div>\n\t\t\t\t\t<\/div>\n\t\t\t\t<\/div>\n\t\t\t\t<\/div>\n\t\t<div id=\"e-n-tab-content-341110792\" role=\"tabpanel\" aria-labelledby=\"e-n-tab-title-341110792\" data-tab-index=\"2\" style=\"--n-tabs-title-order: 2;\" class=\" elementor-element elementor-element-7a08d1c e-con-full e-flex e-con e-child\" data-id=\"7a08d1c\" data-element_type=\"container\">\n\t\t\t\t<div class=\"elementor-element elementor-element-bec9d01 elementor-widget elementor-widget-wd_image_or_svg\" data-id=\"bec9d01\" data-element_type=\"widget\" data-widget_type=\"wd_image_or_svg.default\">\n\t\t\t\t<div class=\"elementor-widget-container\">\n\t\t\t\t\t\n\t\t<div class=\"wd-image text-left\">\n\t\t\t\t\t\t\t\t<img width=\"1027\" height=\"822\" data-public-id=\"thermal imaging\/DT-874\/anhavxsipkiplec9kakz\/anhavxsipkiplec9kakz.png\" fetchpriority=\"high\" decoding=\"async\" src=\"https:\/\/res.cloudinary.com\/dathdmgqz\/images\/w_1027,h_822,c_scale\/f_auto,q_auto\/v1728385615\/thermal imaging\/DT-874\/anhavxsipkiplec9kakz\/anhavxsipkiplec9kakz.png?_i=AA\" class=\"attachment-full size-full wp-image-30847\" alt=\"\" data-format=\"png\" data-transformations=\"f_auto,q_auto\" data-version=\"1728385615\" data-seo=\"1\" data-responsive=\"1\" srcset=\"https:\/\/res.cloudinary.com\/dathdmgqz\/images\/w_1027,h_822,c_scale\/f_auto,q_auto\/v1728385615\/thermal imaging\/DT-874\/anhavxsipkiplec9kakz\/anhavxsipkiplec9kakz.png?_i=AA 1027w, https:\/\/res.cloudinary.com\/dathdmgqz\/images\/w_848,h_678,c_scale\/f_auto,q_auto\/v1728385615\/thermal imaging\/DT-874\/anhavxsipkiplec9kakz\/anhavxsipkiplec9kakz.png?_i=AA 848w, https:\/\/res.cloudinary.com\/dathdmgqz\/images\/w_648,h_518,c_scale\/f_auto,q_auto\/v1728385615\/thermal imaging\/DT-874\/anhavxsipkiplec9kakz\/anhavxsipkiplec9kakz.png?_i=AA 648w, https:\/\/res.cloudinary.com\/dathdmgqz\/images\/w_448,h_358,c_scale\/f_auto,q_auto\/v1728385615\/thermal imaging\/DT-874\/anhavxsipkiplec9kakz\/anhavxsipkiplec9kakz.png?_i=AA 448w, https:\/\/res.cloudinary.com\/dathdmgqz\/images\/w_248,h_198,c_scale\/f_auto,q_auto\/v1728385615\/thermal imaging\/DT-874\/anhavxsipkiplec9kakz\/anhavxsipkiplec9kakz.png?_i=AA 248w\" sizes=\"(max-width: 1027px) 100vw, 1027px\" \/>\t\t\t\t\t<\/div>\n\n\t\t\t\t\t\t<\/div>\n\t\t\t\t<\/div>\n\t\t\t\t<\/div>\n\t\t<div id=\"e-n-tab-content-341110793\" role=\"tabpanel\" aria-labelledby=\"e-n-tab-title-341110793\" data-tab-index=\"3\" style=\"--n-tabs-title-order: 3;\" class=\" elementor-element elementor-element-dcf5e83 e-con-full e-flex e-con e-child\" data-id=\"dcf5e83\" data-element_type=\"container\">\n\t\t<div class=\"elementor-element elementor-element-3f9bbeb e-con-full e-flex e-con e-child\" data-id=\"3f9bbeb\" data-element_type=\"container\">\n\t\t\t\t<div class=\"elementor-element elementor-element-e361200 elementor-widget elementor-widget-wd_list\" data-id=\"e361200\" data-element_type=\"widget\" data-widget_type=\"wd_list.default\">\n\t\t\t\t<div class=\"elementor-widget-container\">\n\t\t\t\t\t\t\t<ul class=\"wd-list color-scheme- wd-fontsize-xs wd-type-icon wd-style-default text-left\">\n\t\t\t\t\t\t\t\t\t\t\t<li class=\"elementor-repeater-item-fe163c2\">\n\t\t\t\t\t\t\t\t\t\t\t<span class=\"wd-icon\"><svg class=\"e-font-icon-svg e-fas-star\" viewBox=\"0 0 576 512\" xmlns=\"http:\/\/www.w3.org\/2000\/svg\"><path d=\"M259.3 17.8L194 150.2 47.9 171.5c-26.2 3.8-36.7 36.1-17.7 54.6l105.7 103-25 145.5c-4.5 26.3 23.2 46 46.4 33.7L288 439.6l130.7 68.7c23.2 12.2 50.9-7.4 46.4-33.7l-25-145.5 105.7-103c19-18.5 8.5-50.8-17.7-54.6L382 150.2 316.7 17.8c-11.7-23.6-45.6-23.9-57.4 0z\"><\/path><\/svg><\/span>\t\t\t\t\t\n\t\t\t\t\t<span class=\"wd-list-content list-content\">\n\t\t\t\t\t\tapplication note\t\t\t\t\t<\/span>\n\n\t\t\t\t\t\t\t\t\t<\/li>\n\t\t\t\t\t<\/ul>\n\n\t\t\t\t\t\t<\/div>\n\t\t\t\t<\/div>\n\t\t\t\t<div class=\"elementor-element elementor-element-3ab09bc elementor-widget elementor-widget-wd_list\" data-id=\"3ab09bc\" data-element_type=\"widget\" data-widget_type=\"wd_list.default\">\n\t\t\t\t<div class=\"elementor-widget-container\">\n\t\t\t\t\t\t\t<ul class=\"wd-list color-scheme-custom wd-fontsize-xs wd-type-icon wd-style-default text-left\">\n\t\t\t\t\t\t\t\t\t\t\t<li class=\"elementor-repeater-item-fe163c2\">\n\t\t\t\t\t\t\t\t\t\t\t<span class=\"wd-icon\"><svg class=\"e-font-icon-svg e-fas-star\" viewBox=\"0 0 576 512\" xmlns=\"http:\/\/www.w3.org\/2000\/svg\"><path d=\"M259.3 17.8L194 150.2 47.9 171.5c-26.2 3.8-36.7 36.1-17.7 54.6l105.7 103-25 145.5c-4.5 26.3 23.2 46 46.4 33.7L288 439.6l130.7 68.7c23.2 12.2 50.9-7.4 46.4-33.7l-25-145.5 105.7-103c19-18.5 8.5-50.8-17.7-54.6L382 150.2 316.7 17.8c-11.7-23.6-45.6-23.9-57.4 0z\"><\/path><\/svg><\/span>\t\t\t\t\t\n\t\t\t\t\t<span class=\"wd-list-content list-content\">\n\t\t\t\t\t\tdatasheet\t\t\t\t\t<\/span>\n\n\t\t\t\t\t\n\t\t\t\t\t\t<a  href=\"https:\/\/cemtestinstrumentsgmbh357-my.sharepoint.com\/:b:\/g\/personal\/sh_li_cemtestinstrumentsgmbh357_onmicrosoft_com\/EZzV53cMoVFIvBtAqd8Aur4B6K-aKfmgiqjtnuKTbLRJ7A?e=CookhW\" class=\"wd-fill\" aria-label=\"List item link\" target=\"_blank\" rel=\"nofollow\"><\/a>\n\t\t\t\t\t\t\t\t\t<\/li>\n\t\t\t\t\t\t\t\t\t\t\t<li class=\"elementor-repeater-item-66113ab\">\n\t\t\t\t\t\t\t\t\t\t\t<span class=\"wd-icon\"><svg class=\"e-font-icon-svg e-fas-star\" viewBox=\"0 0 576 512\" xmlns=\"http:\/\/www.w3.org\/2000\/svg\"><path d=\"M259.3 17.8L194 150.2 47.9 171.5c-26.2 3.8-36.7 36.1-17.7 54.6l105.7 103-25 145.5c-4.5 26.3 23.2 46 46.4 33.7L288 439.6l130.7 68.7c23.2 12.2 50.9-7.4 46.4-33.7l-25-145.5 105.7-103c19-18.5 8.5-50.8-17.7-54.6L382 150.2 316.7 17.8c-11.7-23.6-45.6-23.9-57.4 0z\"><\/path><\/svg><\/span>\t\t\t\t\t\n\t\t\t\t\t<span class=\"wd-list-content list-content\">\n\t\t\t\t\t\tuser manual\t\t\t\t\t<\/span>\n\n\t\t\t\t\t\n\t\t\t\t\t\t<a  href=\"https:\/\/cemtestinstrumentsgmbh357-my.sharepoint.com\/:b:\/g\/personal\/sh_li_cemtestinstrumentsgmbh357_onmicrosoft_com\/EWIpSzgG_NtPl1d-PcsWNR8BLf7SyBlH7YZIdrdpNnCFMw?e=ZAebA7\" class=\"wd-fill\" aria-label=\"List item link\" target=\"_blank\" rel=\"nofollow\"><\/a>\n\t\t\t\t\t\t\t\t\t<\/li>\n\t\t\t\t\t<\/ul>\n\n\t\t\t\t\t\t<\/div>\n\t\t\t\t<\/div>\n\t\t\t\t<\/div>\n\t\t<div class=\"elementor-element elementor-element-a90722e e-con-full e-flex e-con e-child\" data-id=\"a90722e\" data-element_type=\"container\">\n\t\t\t\t<\/div>\n\t\t\t\t<\/div>\n\t\t\t\t\t<\/div>\n\t\t<\/div>\n\t\t\t\t\t\t<\/div>\n\t\t\t\t<\/div>\n\t\t\t\t<\/div>\n\t\t\t\t\t<\/div>\n\t\t\t\t<\/div>\n\t\t\t\t<\/div>\n\t\t","protected":false},"excerpt":{"rendered":"<p>876\/875\/874\/873 W\u00e4rmebildkameras sind so konzipiert, dass sie Ihre Arbeit einfacher, produktiver und effektiver machen. 80&#215;80 Aufl\u00f6sung bei 50Hz f\u00fcr Echtzeitaufnahmen; Temperaturbereich von -20\u2103 bis 400\u2103 (-4\u2109 bis 752\u2109). Der Hot\/Cold Spot Marker findet automatisch die hei\u00dfesten und k\u00e4ltesten Stellen. Lithium-Polymer-Batterie und Stromversorgung sowie USB-Kabel. Die WiFi-Konnektivit\u00e4t erm\u00f6glicht es der Infrarot-W\u00e4rmebildkamera, W\u00e4rmebilder an mobile Ger\u00e4te zu senden.<\/p>\n","protected":false},"featured_media":30842,"template":"","meta":{"_cloudinary_featured_overwrite":false},"product_brand":[],"product_cat":[342,395],"product_tag":[],"class_list":{"0":"post-30841","1":"product","2":"type-product","3":"status-publish","4":"has-post-thumbnail","6":"product_cat-thermal_imaging","7":"product_cat-thermal_imager","9":"first","10":"instock","11":"shipping-taxable","12":"product-type-simple"},"yoast_head":"<!-- This site is optimized with the Yoast SEO plugin v24.3 - https:\/\/yoast.com\/wordpress\/plugins\/seo\/ -->\n<title>DT-873\/874\/874Y\/875\/876 Industrielle W\u00e4rmebildkameras - CEM Test Instruments GmbH<\/title>\n<meta name=\"description\" content=\"876\/875\/874\/873 W\u00e4rmebildkameras sind so konzipiert, dass sie Ihre Arbeit einfacher, produktiver und effektiver machen. 80x80 Aufl\u00f6sung bei 50Hz f\u00fcr Echtzeitaufnahmen; Temperaturbereich von -20\u2103 bis 400\u2103 (-4\u2109 bis 752\u2109). Der Hot\/Cold Spot Marker findet automatisch die hei\u00dfesten und k\u00e4ltesten Stellen. Lithium-Polymer-Batterie und Stromversorgung sowie USB-Kabel. Die WiFi-Konnektivit\u00e4t erm\u00f6glicht es der Infrarot-W\u00e4rmebildkamera, W\u00e4rmebilder an mobile Ger\u00e4te zu senden.\" \/>\n<meta name=\"robots\" content=\"index, follow, max-snippet:-1, max-image-preview:large, max-video-preview:-1\" \/>\n<link rel=\"canonical\" href=\"https:\/\/cem-instruments.de\/de\/product\/dt873-waermebildkameras\/\" \/>\n<meta property=\"og:locale\" content=\"de_DE\" \/>\n<meta property=\"og:type\" content=\"article\" \/>\n<meta property=\"og:title\" content=\"DT-873\/874\/874Y\/875\/876 Industrielle W\u00e4rmebildkameras - CEM Test Instruments GmbH\" \/>\n<meta property=\"og:description\" content=\"876\/875\/874\/873 W\u00e4rmebildkameras sind so konzipiert, dass sie Ihre Arbeit einfacher, produktiver und effektiver machen. 80x80 Aufl\u00f6sung bei 50Hz f\u00fcr Echtzeitaufnahmen; Temperaturbereich von -20\u2103 bis 400\u2103 (-4\u2109 bis 752\u2109). Der Hot\/Cold Spot Marker findet automatisch die hei\u00dfesten und k\u00e4ltesten Stellen. Lithium-Polymer-Batterie und Stromversorgung sowie USB-Kabel. Die WiFi-Konnektivit\u00e4t erm\u00f6glicht es der Infrarot-W\u00e4rmebildkamera, W\u00e4rmebilder an mobile Ger\u00e4te zu senden.\" \/>\n<meta property=\"og:url\" content=\"https:\/\/cem-instruments.de\/de\/product\/dt873-waermebildkameras\/\" \/>\n<meta property=\"og:site_name\" content=\"CEM Test Instruments GmbH\" \/>\n<meta property=\"article:modified_time\" content=\"2025-01-25T15:40:24+00:00\" \/>\n<meta property=\"og:image\" content=\"https:\/\/res.cloudinary.com\/dathdmgqz\/images\/f_auto,q_auto\/v1728385615\/thermal imaging\/DT-874\/f9er9cjrau2yrjrbejg1\/f9er9cjrau2yrjrbejg1.jpg?_i=AA\" \/>\n\t<meta property=\"og:image:width\" content=\"540\" \/>\n\t<meta property=\"og:image:height\" content=\"720\" \/>\n\t<meta property=\"og:image:type\" content=\"image\/jpeg\" \/>\n<meta name=\"twitter:card\" content=\"summary_large_image\" \/>\n<meta name=\"twitter:label1\" content=\"Gesch\u00e4tzte Lesezeit\" \/>\n\t<meta name=\"twitter:data1\" content=\"2\u00a0Minuten\" \/>\n<script type=\"application\/ld+json\" class=\"yoast-schema-graph\">{\"@context\":\"https:\/\/schema.org\",\"@graph\":[{\"@type\":\"WebPage\",\"@id\":\"https:\/\/cem-instruments.de\/de\/product\/dt873-waermebildkameras\/\",\"url\":\"https:\/\/cem-instruments.de\/de\/product\/dt873-waermebildkameras\/\",\"name\":\"DT-873\/874\/874Y\/875\/876 Industrielle W\u00e4rmebildkameras - CEM Test Instruments GmbH\",\"isPartOf\":{\"@id\":\"https:\/\/cem-instruments.de\/de\/#website\"},\"primaryImageOfPage\":{\"@id\":\"https:\/\/cem-instruments.de\/de\/product\/dt873-waermebildkameras\/#primaryimage\"},\"image\":{\"@id\":\"https:\/\/cem-instruments.de\/de\/product\/dt873-waermebildkameras\/#primaryimage\"},\"thumbnailUrl\":\"https:\/\/res.cloudinary.com\/dathdmgqz\/images\/f_auto,q_auto\/v1728385615\/thermal imaging\/DT-874\/f9er9cjrau2yrjrbejg1\/f9er9cjrau2yrjrbejg1.jpg?_i=AA\",\"datePublished\":\"2024-10-10T07:37:17+00:00\",\"dateModified\":\"2025-01-25T15:40:24+00:00\",\"description\":\"876\/875\/874\/873 W\u00e4rmebildkameras sind so konzipiert, dass sie Ihre Arbeit einfacher, produktiver und effektiver machen. 80x80 Aufl\u00f6sung bei 50Hz f\u00fcr Echtzeitaufnahmen; Temperaturbereich von -20\u2103 bis 400\u2103 (-4\u2109 bis 752\u2109). Der Hot\/Cold Spot Marker findet automatisch die hei\u00dfesten und k\u00e4ltesten Stellen. Lithium-Polymer-Batterie und Stromversorgung sowie USB-Kabel. Die WiFi-Konnektivit\u00e4t erm\u00f6glicht es der Infrarot-W\u00e4rmebildkamera, W\u00e4rmebilder an mobile Ger\u00e4te zu senden.\",\"breadcrumb\":{\"@id\":\"https:\/\/cem-instruments.de\/de\/product\/dt873-waermebildkameras\/#breadcrumb\"},\"inLanguage\":\"de\",\"potentialAction\":[{\"@type\":\"ReadAction\",\"target\":[\"https:\/\/cem-instruments.de\/de\/product\/dt873-waermebildkameras\/\"]}]},{\"@type\":\"ImageObject\",\"inLanguage\":\"de\",\"@id\":\"https:\/\/cem-instruments.de\/de\/product\/dt873-waermebildkameras\/#primaryimage\",\"url\":\"https:\/\/res.cloudinary.com\/dathdmgqz\/images\/f_auto,q_auto\/v1728385615\/thermal imaging\/DT-874\/f9er9cjrau2yrjrbejg1\/f9er9cjrau2yrjrbejg1.jpg?_i=AA\",\"contentUrl\":\"https:\/\/res.cloudinary.com\/dathdmgqz\/images\/f_auto,q_auto\/v1728385615\/thermal imaging\/DT-874\/f9er9cjrau2yrjrbejg1\/f9er9cjrau2yrjrbejg1.jpg?_i=AA\",\"width\":540,\"height\":720},{\"@type\":\"BreadcrumbList\",\"@id\":\"https:\/\/cem-instruments.de\/de\/product\/dt873-waermebildkameras\/#breadcrumb\",\"itemListElement\":[{\"@type\":\"ListItem\",\"position\":1,\"name\":\"Home\",\"item\":\"https:\/\/cem-instruments.de\/de\/\"},{\"@type\":\"ListItem\",\"position\":2,\"name\":\"Products\",\"item\":\"https:\/\/cem-instruments.de\/de\/shop\/\"},{\"@type\":\"ListItem\",\"position\":3,\"name\":\"DT-873\/874\/874Y\/875\/876 Industrielle W\u00e4rmebildkameras\"}]},{\"@type\":\"WebSite\",\"@id\":\"https:\/\/cem-instruments.de\/de\/#website\",\"url\":\"https:\/\/cem-instruments.de\/de\/\",\"name\":\"CEM Test Instruments GmbH\",\"description\":\"CEM Test Instruments GmbH\",\"publisher\":{\"@id\":\"https:\/\/cem-instruments.de\/de\/#organization\"},\"alternateName\":\"best partner for electronic instruments\",\"potentialAction\":[{\"@type\":\"SearchAction\",\"target\":{\"@type\":\"EntryPoint\",\"urlTemplate\":\"https:\/\/cem-instruments.de\/de\/?s={search_term_string}\"},\"query-input\":{\"@type\":\"PropertyValueSpecification\",\"valueRequired\":true,\"valueName\":\"search_term_string\"}}],\"inLanguage\":\"de\"},{\"@type\":\"Organization\",\"@id\":\"https:\/\/cem-instruments.de\/de\/#organization\",\"name\":\"CEM Test Instruments GmbH\",\"url\":\"https:\/\/cem-instruments.de\/de\/\",\"logo\":{\"@type\":\"ImageObject\",\"inLanguage\":\"de\",\"@id\":\"https:\/\/cem-instruments.de\/de\/#\/schema\/logo\/image\/\",\"url\":\"https:\/\/res.cloudinary.com\/dathdmgqz\/images\/f_auto,q_auto\/v1728637129\/cropped-2024-10-11-10_57_57-cem-instruments.de-\u2013-CEM-instruments-GmbH\/cropped-2024-10-11-10_57_57-cem-instruments.de-\u2013-CEM-instruments-GmbH.jpg?_i=AA\",\"contentUrl\":\"https:\/\/res.cloudinary.com\/dathdmgqz\/images\/f_auto,q_auto\/v1728637129\/cropped-2024-10-11-10_57_57-cem-instruments.de-\u2013-CEM-instruments-GmbH\/cropped-2024-10-11-10_57_57-cem-instruments.de-\u2013-CEM-instruments-GmbH.jpg?_i=AA\",\"width\":512,\"height\":512,\"caption\":\"CEM Test Instruments GmbH\"},\"image\":{\"@id\":\"https:\/\/cem-instruments.de\/de\/#\/schema\/logo\/image\/\"}}]}<\/script>\n<!-- \/ Yoast SEO plugin. -->","yoast_head_json":{"title":"DT-873\/874\/874Y\/875\/876 Industrielle W\u00e4rmebildkameras - CEM Test Instruments GmbH","description":"876\/875\/874\/873 W\u00e4rmebildkameras sind so konzipiert, dass sie Ihre Arbeit einfacher, produktiver und effektiver machen. 80x80 Aufl\u00f6sung bei 50Hz f\u00fcr Echtzeitaufnahmen; Temperaturbereich von -20\u2103 bis 400\u2103 (-4\u2109 bis 752\u2109). Der Hot\/Cold Spot Marker findet automatisch die hei\u00dfesten und k\u00e4ltesten Stellen. Lithium-Polymer-Batterie und Stromversorgung sowie USB-Kabel. Die WiFi-Konnektivit\u00e4t erm\u00f6glicht es der Infrarot-W\u00e4rmebildkamera, W\u00e4rmebilder an mobile Ger\u00e4te zu senden.","robots":{"index":"index","follow":"follow","max-snippet":"max-snippet:-1","max-image-preview":"max-image-preview:large","max-video-preview":"max-video-preview:-1"},"canonical":"https:\/\/cem-instruments.de\/de\/product\/dt873-waermebildkameras\/","og_locale":"de_DE","og_type":"article","og_title":"DT-873\/874\/874Y\/875\/876 Industrielle W\u00e4rmebildkameras - CEM Test Instruments GmbH","og_description":"876\/875\/874\/873 W\u00e4rmebildkameras sind so konzipiert, dass sie Ihre Arbeit einfacher, produktiver und effektiver machen. 80x80 Aufl\u00f6sung bei 50Hz f\u00fcr Echtzeitaufnahmen; Temperaturbereich von -20\u2103 bis 400\u2103 (-4\u2109 bis 752\u2109). Der Hot\/Cold Spot Marker findet automatisch die hei\u00dfesten und k\u00e4ltesten Stellen. Lithium-Polymer-Batterie und Stromversorgung sowie USB-Kabel. Die WiFi-Konnektivit\u00e4t erm\u00f6glicht es der Infrarot-W\u00e4rmebildkamera, W\u00e4rmebilder an mobile Ger\u00e4te zu senden.","og_url":"https:\/\/cem-instruments.de\/de\/product\/dt873-waermebildkameras\/","og_site_name":"CEM Test Instruments GmbH","article_modified_time":"2025-01-25T15:40:24+00:00","og_image":[{"width":540,"height":720,"url":"https:\/\/res.cloudinary.com\/dathdmgqz\/images\/f_auto,q_auto\/v1728385615\/thermal imaging\/DT-874\/f9er9cjrau2yrjrbejg1\/f9er9cjrau2yrjrbejg1.jpg?_i=AA","type":"image\/jpeg"}],"twitter_card":"summary_large_image","twitter_misc":{"Gesch\u00e4tzte Lesezeit":"2\u00a0Minuten"},"schema":{"@context":"https:\/\/schema.org","@graph":[{"@type":"WebPage","@id":"https:\/\/cem-instruments.de\/de\/product\/dt873-waermebildkameras\/","url":"https:\/\/cem-instruments.de\/de\/product\/dt873-waermebildkameras\/","name":"DT-873\/874\/874Y\/875\/876 Industrielle W\u00e4rmebildkameras - CEM Test Instruments GmbH","isPartOf":{"@id":"https:\/\/cem-instruments.de\/de\/#website"},"primaryImageOfPage":{"@id":"https:\/\/cem-instruments.de\/de\/product\/dt873-waermebildkameras\/#primaryimage"},"image":{"@id":"https:\/\/cem-instruments.de\/de\/product\/dt873-waermebildkameras\/#primaryimage"},"thumbnailUrl":"https:\/\/res.cloudinary.com\/dathdmgqz\/images\/f_auto,q_auto\/v1728385615\/thermal imaging\/DT-874\/f9er9cjrau2yrjrbejg1\/f9er9cjrau2yrjrbejg1.jpg?_i=AA","datePublished":"2024-10-10T07:37:17+00:00","dateModified":"2025-01-25T15:40:24+00:00","description":"876\/875\/874\/873 W\u00e4rmebildkameras sind so konzipiert, dass sie Ihre Arbeit einfacher, produktiver und effektiver machen. 80x80 Aufl\u00f6sung bei 50Hz f\u00fcr Echtzeitaufnahmen; Temperaturbereich von -20\u2103 bis 400\u2103 (-4\u2109 bis 752\u2109). Der Hot\/Cold Spot Marker findet automatisch die hei\u00dfesten und k\u00e4ltesten Stellen. Lithium-Polymer-Batterie und Stromversorgung sowie USB-Kabel. Die WiFi-Konnektivit\u00e4t erm\u00f6glicht es der Infrarot-W\u00e4rmebildkamera, W\u00e4rmebilder an mobile Ger\u00e4te zu senden.","breadcrumb":{"@id":"https:\/\/cem-instruments.de\/de\/product\/dt873-waermebildkameras\/#breadcrumb"},"inLanguage":"de","potentialAction":[{"@type":"ReadAction","target":["https:\/\/cem-instruments.de\/de\/product\/dt873-waermebildkameras\/"]}]},{"@type":"ImageObject","inLanguage":"de","@id":"https:\/\/cem-instruments.de\/de\/product\/dt873-waermebildkameras\/#primaryimage","url":"https:\/\/res.cloudinary.com\/dathdmgqz\/images\/f_auto,q_auto\/v1728385615\/thermal imaging\/DT-874\/f9er9cjrau2yrjrbejg1\/f9er9cjrau2yrjrbejg1.jpg?_i=AA","contentUrl":"https:\/\/res.cloudinary.com\/dathdmgqz\/images\/f_auto,q_auto\/v1728385615\/thermal imaging\/DT-874\/f9er9cjrau2yrjrbejg1\/f9er9cjrau2yrjrbejg1.jpg?_i=AA","width":540,"height":720},{"@type":"BreadcrumbList","@id":"https:\/\/cem-instruments.de\/de\/product\/dt873-waermebildkameras\/#breadcrumb","itemListElement":[{"@type":"ListItem","position":1,"name":"Home","item":"https:\/\/cem-instruments.de\/de\/"},{"@type":"ListItem","position":2,"name":"Products","item":"https:\/\/cem-instruments.de\/de\/shop\/"},{"@type":"ListItem","position":3,"name":"DT-873\/874\/874Y\/875\/876 Industrielle W\u00e4rmebildkameras"}]},{"@type":"WebSite","@id":"https:\/\/cem-instruments.de\/de\/#website","url":"https:\/\/cem-instruments.de\/de\/","name":"CEM Test Instruments GmbH","description":"CEM Test Instruments GmbH","publisher":{"@id":"https:\/\/cem-instruments.de\/de\/#organization"},"alternateName":"best partner for electronic instruments","potentialAction":[{"@type":"SearchAction","target":{"@type":"EntryPoint","urlTemplate":"https:\/\/cem-instruments.de\/de\/?s={search_term_string}"},"query-input":{"@type":"PropertyValueSpecification","valueRequired":true,"valueName":"search_term_string"}}],"inLanguage":"de"},{"@type":"Organization","@id":"https:\/\/cem-instruments.de\/de\/#organization","name":"CEM Test Instruments GmbH","url":"https:\/\/cem-instruments.de\/de\/","logo":{"@type":"ImageObject","inLanguage":"de","@id":"https:\/\/cem-instruments.de\/de\/#\/schema\/logo\/image\/","url":"https:\/\/res.cloudinary.com\/dathdmgqz\/images\/f_auto,q_auto\/v1728637129\/cropped-2024-10-11-10_57_57-cem-instruments.de-\u2013-CEM-instruments-GmbH\/cropped-2024-10-11-10_57_57-cem-instruments.de-\u2013-CEM-instruments-GmbH.jpg?_i=AA","contentUrl":"https:\/\/res.cloudinary.com\/dathdmgqz\/images\/f_auto,q_auto\/v1728637129\/cropped-2024-10-11-10_57_57-cem-instruments.de-\u2013-CEM-instruments-GmbH\/cropped-2024-10-11-10_57_57-cem-instruments.de-\u2013-CEM-instruments-GmbH.jpg?_i=AA","width":512,"height":512,"caption":"CEM Test Instruments GmbH"},"image":{"@id":"https:\/\/cem-instruments.de\/de\/#\/schema\/logo\/image\/"}}]}},"_links":{"self":[{"href":"https:\/\/cem-instruments.de\/de\/wp-json\/wp\/v2\/product\/30841","targetHints":{"allow":["GET"]}}],"collection":[{"href":"https:\/\/cem-instruments.de\/de\/wp-json\/wp\/v2\/product"}],"about":[{"href":"https:\/\/cem-instruments.de\/de\/wp-json\/wp\/v2\/types\/product"}],"version-history":[{"count":4,"href":"https:\/\/cem-instruments.de\/de\/wp-json\/wp\/v2\/product\/30841\/revisions"}],"predecessor-version":[{"id":32343,"href":"https:\/\/cem-instruments.de\/de\/wp-json\/wp\/v2\/product\/30841\/revisions\/32343"}],"wp:featuredmedia":[{"embeddable":true,"href":"https:\/\/cem-instruments.de\/de\/wp-json\/wp\/v2\/media\/30842"}],"wp:attachment":[{"href":"https:\/\/cem-instruments.de\/de\/wp-json\/wp\/v2\/media?parent=30841"}],"wp:term":[{"taxonomy":"product_brand","embeddable":true,"href":"https:\/\/cem-instruments.de\/de\/wp-json\/wp\/v2\/product_brand?post=30841"},{"taxonomy":"product_cat","embeddable":true,"href":"https:\/\/cem-instruments.de\/de\/wp-json\/wp\/v2\/product_cat?post=30841"},{"taxonomy":"product_tag","embeddable":true,"href":"https:\/\/cem-instruments.de\/de\/wp-json\/wp\/v2\/product_tag?post=30841"}],"curies":[{"name":"wp","href":"https:\/\/api.w.org\/{rel}","templated":true}]}}