{"id":30891,"date":"2024-10-10T09:57:20","date_gmt":"2024-10-10T07:57:20","guid":{"rendered":"https:\/\/cem-instruments.de\/de\/?post_type=product&#038;p=30891"},"modified":"2025-01-25T16:32:24","modified_gmt":"2025-01-25T15:32:24","slug":"t80-waermebild-monokular","status":"publish","type":"product","link":"https:\/\/cem-instruments.de\/de\/product\/t80-waermebild-monokular\/","title":{"rendered":"T-80\/81\/81Pro\/82\/82Pro Handheld W\u00e4rmebild-Monokular"},"content":{"rendered":"\t\t<div data-elementor-type=\"wp-post\" data-elementor-id=\"30891\" class=\"elementor elementor-30891\" data-elementor-post-type=\"product\">\n\t\t\t\t<div class=\"wd-negative-gap elementor-element elementor-element-0a56064 e-flex e-con-boxed e-con e-parent\" data-id=\"0a56064\" data-element_type=\"container\">\n\t\t\t\t\t<div class=\"e-con-inner\">\n\t\t<div class=\"elementor-element elementor-element-df7ad29 e-con-full e-flex e-con e-child\" data-id=\"df7ad29\" data-element_type=\"container\">\n\t\t\t\t<div class=\"elementor-element elementor-element-726bb74 e-n-tabs-mobile elementor-widget elementor-widget-n-tabs\" data-id=\"726bb74\" data-element_type=\"widget\" data-settings=\"{&quot;tabs_justify_horizontal&quot;:&quot;start&quot;,&quot;horizontal_scroll&quot;:&quot;disable&quot;}\" data-widget_type=\"nested-tabs.default\">\n\t\t\t\t<div class=\"elementor-widget-container\">\n\t\t\t\t\t\t\t<div class=\"e-n-tabs\" data-widget-number=\"119978868\" aria-label=\"Tabs. Open items with Enter or Space, close with Escape and navigate using the Arrow keys.\">\n\t\t\t<div class=\"e-n-tabs-heading\" role=\"tablist\">\n\t\t\t\t\t<button id=\"e-n-tab-title-1199788681\" class=\"e-n-tab-title\" aria-selected=\"true\" data-tab-index=\"1\" role=\"tab\" tabindex=\"0\" aria-controls=\"e-n-tab-content-1199788681\" style=\"--n-tabs-title-order: 1;\">\n\t\t\t\t\t\t<span class=\"e-n-tab-title-text\">\n\t\t\t\tDescription\t\t\t<\/span>\n\t\t<\/button>\n\t\t\t\t<button id=\"e-n-tab-title-1199788682\" class=\"e-n-tab-title\" aria-selected=\"false\" data-tab-index=\"2\" role=\"tab\" tabindex=\"-1\" aria-controls=\"e-n-tab-content-1199788682\" style=\"--n-tabs-title-order: 2;\">\n\t\t\t\t\t\t<span class=\"e-n-tab-title-text\">\n\t\t\t\tSpecification\t\t\t<\/span>\n\t\t<\/button>\n\t\t\t\t<button id=\"e-n-tab-title-1199788683\" class=\"e-n-tab-title\" aria-selected=\"false\" data-tab-index=\"3\" role=\"tab\" tabindex=\"-1\" aria-controls=\"e-n-tab-content-1199788683\" style=\"--n-tabs-title-order: 3;\">\n\t\t\t\t\t\t<span class=\"e-n-tab-title-text\">\n\t\t\t\tResources\t\t\t<\/span>\n\t\t<\/button>\n\t\t\t\t\t<\/div>\n\t\t\t<div class=\"e-n-tabs-content\">\n\t\t\t\t<div id=\"e-n-tab-content-1199788681\" role=\"tabpanel\" aria-labelledby=\"e-n-tab-title-1199788681\" data-tab-index=\"1\" style=\"--n-tabs-title-order: 1;\" class=\"e-active elementor-element elementor-element-ad8b340 e-con-full e-flex e-con e-child\" data-id=\"ad8b340\" data-element_type=\"container\">\n\t\t<div class=\"wd-negative-gap elementor-element elementor-element-7c69a14 e-flex e-con-boxed e-con e-child\" data-id=\"7c69a14\" data-element_type=\"container\">\n\t\t\t\t\t<div class=\"e-con-inner\">\n\t\t\t\t<div class=\"elementor-element elementor-element-57ba290 elementor-widget elementor-widget-wd_text_block\" data-id=\"57ba290\" data-element_type=\"widget\" data-widget_type=\"wd_text_block.default\">\n\t\t\t\t<div class=\"elementor-widget-container\">\n\t\t\t\t\t\t\t<div class=\"wd-text-block reset-last-child text-left\">\n\t\t\t\n\t\t\t<p>T-80\/81 Handheld W\u00e4rmebild-Monokulare bieten klare Bilder mit einer hohen IR-Aufl\u00f6sung von 640x480 und einfachen Zugang zu neuen Funktionen wie Video- und Bildaufzeichnung. Die WIFI-Konnektivit\u00e4t erm\u00f6glicht das Echtzeit-Teilen von Videos und Bildern auf Smartphones\/Tablets.<\/p>\n\t\t\t\t\t<\/div>\n\t\t\t\t\t\t<\/div>\n\t\t\t\t<\/div>\n\t\t\t\t\t<\/div>\n\t\t\t\t<\/div>\n\t\t\t\t<\/div>\n\t\t<div id=\"e-n-tab-content-1199788682\" role=\"tabpanel\" aria-labelledby=\"e-n-tab-title-1199788682\" data-tab-index=\"2\" style=\"--n-tabs-title-order: 2;\" class=\" elementor-element elementor-element-2b12ac0 e-con-full e-flex e-con e-child\" data-id=\"2b12ac0\" data-element_type=\"container\">\n\t\t\t\t<div class=\"elementor-element elementor-element-e9459f2 elementor-widget elementor-widget-wd_image_or_svg\" data-id=\"e9459f2\" data-element_type=\"widget\" data-widget_type=\"wd_image_or_svg.default\">\n\t\t\t\t<div class=\"elementor-widget-container\">\n\t\t\t\t\t\n\t\t<div class=\"wd-image text-left\">\n\t\t\t\t\t\t\t\t<img width=\"515\" height=\"556\" data-public-id=\"thermal imaging\/T-80\/v7mltcedg7pk9fapgjbi\/v7mltcedg7pk9fapgjbi.png\" fetchpriority=\"high\" decoding=\"async\" src=\"https:\/\/res.cloudinary.com\/dathdmgqz\/images\/w_515,h_556,c_scale\/f_auto,q_auto\/v1728385622\/thermal imaging\/T-80\/v7mltcedg7pk9fapgjbi\/v7mltcedg7pk9fapgjbi.png?_i=AA\" class=\"attachment-full size-full wp-image-30895\" alt=\"\" data-format=\"png\" data-transformations=\"f_auto,q_auto\" data-version=\"1728385622\" data-seo=\"1\" data-responsive=\"1\" srcset=\"https:\/\/res.cloudinary.com\/dathdmgqz\/images\/w_515,h_556,c_scale\/f_auto,q_auto\/v1728385622\/thermal imaging\/T-80\/v7mltcedg7pk9fapgjbi\/v7mltcedg7pk9fapgjbi.png?_i=AA 515w, https:\/\/res.cloudinary.com\/dathdmgqz\/images\/w_448,h_483,c_scale\/f_auto,q_auto\/v1728385622\/thermal imaging\/T-80\/v7mltcedg7pk9fapgjbi\/v7mltcedg7pk9fapgjbi.png?_i=AA 448w, https:\/\/res.cloudinary.com\/dathdmgqz\/images\/w_248,h_267,c_scale\/f_auto,q_auto\/v1728385622\/thermal imaging\/T-80\/v7mltcedg7pk9fapgjbi\/v7mltcedg7pk9fapgjbi.png?_i=AA 248w\" sizes=\"(max-width: 515px) 100vw, 515px\" \/>\t\t\t\t\t<\/div>\n\n\t\t\t\t\t\t<\/div>\n\t\t\t\t<\/div>\n\t\t\t\t<\/div>\n\t\t<div id=\"e-n-tab-content-1199788683\" role=\"tabpanel\" aria-labelledby=\"e-n-tab-title-1199788683\" data-tab-index=\"3\" style=\"--n-tabs-title-order: 3;\" class=\" elementor-element elementor-element-be083af e-con-full e-flex e-con e-child\" data-id=\"be083af\" data-element_type=\"container\">\n\t\t<div class=\"elementor-element elementor-element-cc56d33 e-con-full e-flex e-con e-child\" data-id=\"cc56d33\" data-element_type=\"container\">\n\t\t\t\t<div class=\"elementor-element elementor-element-a1754ba elementor-widget elementor-widget-wd_list\" data-id=\"a1754ba\" data-element_type=\"widget\" data-widget_type=\"wd_list.default\">\n\t\t\t\t<div class=\"elementor-widget-container\">\n\t\t\t\t\t\t\t<ul class=\"wd-list color-scheme- wd-fontsize-xs wd-type-icon wd-style-default text-left\">\n\t\t\t\t\t\t\t\t\t\t\t<li class=\"elementor-repeater-item-fe163c2\">\n\t\t\t\t\t\t\t\t\t\t\t<span class=\"wd-icon\"><svg class=\"e-font-icon-svg e-fas-star\" viewBox=\"0 0 576 512\" xmlns=\"http:\/\/www.w3.org\/2000\/svg\"><path d=\"M259.3 17.8L194 150.2 47.9 171.5c-26.2 3.8-36.7 36.1-17.7 54.6l105.7 103-25 145.5c-4.5 26.3 23.2 46 46.4 33.7L288 439.6l130.7 68.7c23.2 12.2 50.9-7.4 46.4-33.7l-25-145.5 105.7-103c19-18.5 8.5-50.8-17.7-54.6L382 150.2 316.7 17.8c-11.7-23.6-45.6-23.9-57.4 0z\"><\/path><\/svg><\/span>\t\t\t\t\t\n\t\t\t\t\t<span class=\"wd-list-content list-content\">\n\t\t\t\t\t\tapplication note\t\t\t\t\t<\/span>\n\n\t\t\t\t\t\t\t\t\t<\/li>\n\t\t\t\t\t<\/ul>\n\n\t\t\t\t\t\t<\/div>\n\t\t\t\t<\/div>\n\t\t\t\t<div class=\"elementor-element elementor-element-f2908b3 elementor-widget elementor-widget-wd_list\" data-id=\"f2908b3\" data-element_type=\"widget\" data-widget_type=\"wd_list.default\">\n\t\t\t\t<div class=\"elementor-widget-container\">\n\t\t\t\t\t\t\t<ul class=\"wd-list color-scheme-custom wd-fontsize-xs wd-type-icon wd-style-default text-left\">\n\t\t\t\t\t\t\t\t\t\t\t<li class=\"elementor-repeater-item-fe163c2\">\n\t\t\t\t\t\t\t\t\t\t\t<span class=\"wd-icon\"><svg class=\"e-font-icon-svg e-fas-star\" viewBox=\"0 0 576 512\" xmlns=\"http:\/\/www.w3.org\/2000\/svg\"><path d=\"M259.3 17.8L194 150.2 47.9 171.5c-26.2 3.8-36.7 36.1-17.7 54.6l105.7 103-25 145.5c-4.5 26.3 23.2 46 46.4 33.7L288 439.6l130.7 68.7c23.2 12.2 50.9-7.4 46.4-33.7l-25-145.5 105.7-103c19-18.5 8.5-50.8-17.7-54.6L382 150.2 316.7 17.8c-11.7-23.6-45.6-23.9-57.4 0z\"><\/path><\/svg><\/span>\t\t\t\t\t\n\t\t\t\t\t<span class=\"wd-list-content list-content\">\n\t\t\t\t\t\tdatasheet\t\t\t\t\t<\/span>\n\n\t\t\t\t\t\n\t\t\t\t\t\t<a  href=\"https:\/\/cemtestinstrumentsgmbh357-my.sharepoint.com\/:b:\/g\/personal\/sh_li_cemtestinstrumentsgmbh357_onmicrosoft_com\/EZzV53cMoVFIvBtAqd8Aur4B6K-aKfmgiqjtnuKTbLRJ7A?e=CookhW\" class=\"wd-fill\" aria-label=\"List item link\" target=\"_blank\" rel=\"nofollow\"><\/a>\n\t\t\t\t\t\t\t\t\t<\/li>\n\t\t\t\t\t\t\t\t\t\t\t<li class=\"elementor-repeater-item-66113ab\">\n\t\t\t\t\t\t\t\t\t\t\t<span class=\"wd-icon\"><svg class=\"e-font-icon-svg e-fas-star\" viewBox=\"0 0 576 512\" xmlns=\"http:\/\/www.w3.org\/2000\/svg\"><path d=\"M259.3 17.8L194 150.2 47.9 171.5c-26.2 3.8-36.7 36.1-17.7 54.6l105.7 103-25 145.5c-4.5 26.3 23.2 46 46.4 33.7L288 439.6l130.7 68.7c23.2 12.2 50.9-7.4 46.4-33.7l-25-145.5 105.7-103c19-18.5 8.5-50.8-17.7-54.6L382 150.2 316.7 17.8c-11.7-23.6-45.6-23.9-57.4 0z\"><\/path><\/svg><\/span>\t\t\t\t\t\n\t\t\t\t\t<span class=\"wd-list-content list-content\">\n\t\t\t\t\t\tuser manual\t\t\t\t\t<\/span>\n\n\t\t\t\t\t\n\t\t\t\t\t\t<a  href=\"https:\/\/cemtestinstrumentsgmbh357-my.sharepoint.com\/:b:\/g\/personal\/sh_li_cemtestinstrumentsgmbh357_onmicrosoft_com\/EWIpSzgG_NtPl1d-PcsWNR8BLf7SyBlH7YZIdrdpNnCFMw?e=ZAebA7\" class=\"wd-fill\" aria-label=\"List item link\" target=\"_blank\" rel=\"nofollow\"><\/a>\n\t\t\t\t\t\t\t\t\t<\/li>\n\t\t\t\t\t<\/ul>\n\n\t\t\t\t\t\t<\/div>\n\t\t\t\t<\/div>\n\t\t\t\t<\/div>\n\t\t<div class=\"elementor-element elementor-element-968a538 e-con-full e-flex e-con e-child\" data-id=\"968a538\" data-element_type=\"container\">\n\t\t\t\t<\/div>\n\t\t\t\t<\/div>\n\t\t\t\t\t<\/div>\n\t\t<\/div>\n\t\t\t\t\t\t<\/div>\n\t\t\t\t<\/div>\n\t\t\t\t<\/div>\n\t\t\t\t\t<\/div>\n\t\t\t\t<\/div>\n\t\t\t\t<\/div>\n\t\t","protected":false},"excerpt":{"rendered":"<p>T-80\/81 Handheld W\u00e4rmebild-Monokulare bieten klare Bilder mit einer hohen IR-Aufl\u00f6sung von 640&#215;480 und einfachen Zugang zu neuen Funktionen wie Video- und Bildaufzeichnung. Die WIFI-Konnektivit\u00e4t erm\u00f6glicht das Echtzeit-Teilen von Videos und Bildern auf Smartphones\/Tablets.<\/p>\n","protected":false},"featured_media":30892,"template":"","meta":{"_cloudinary_featured_overwrite":false},"product_brand":[],"product_cat":[342,420],"product_tag":[],"class_list":{"0":"post-30891","1":"product","2":"type-product","3":"status-publish","4":"has-post-thumbnail","6":"product_cat-thermal_imaging","7":"product_cat-handheld_thermal_monocular","9":"first","10":"instock","11":"shipping-taxable","12":"product-type-simple"},"yoast_head":"<!-- This site is optimized with the Yoast SEO plugin v24.3 - https:\/\/yoast.com\/wordpress\/plugins\/seo\/ -->\n<title>T-80\/81\/81Pro\/82\/82Pro Handheld W\u00e4rmebild-Monokular - CEM Test Instruments GmbH<\/title>\n<meta name=\"description\" content=\"T-80\/81 Handheld W\u00e4rmebild-Monokulare bieten klare Bilder mit einer hohen IR-Aufl\u00f6sung von 640x480 und einfachen Zugang zu neuen Funktionen wie Video- und Bildaufzeichnung. Die WIFI-Konnektivit\u00e4t erm\u00f6glicht das Echtzeit-Teilen von Videos und Bildern auf Smartphones\/Tablets.\" \/>\n<meta name=\"robots\" content=\"index, follow, max-snippet:-1, max-image-preview:large, max-video-preview:-1\" \/>\n<link rel=\"canonical\" href=\"https:\/\/cem-instruments.de\/de\/product\/t80-waermebild-monokular\/\" \/>\n<meta property=\"og:locale\" content=\"de_DE\" \/>\n<meta property=\"og:type\" content=\"article\" \/>\n<meta property=\"og:title\" content=\"T-80\/81\/81Pro\/82\/82Pro Handheld W\u00e4rmebild-Monokular - CEM Test Instruments GmbH\" \/>\n<meta property=\"og:description\" content=\"T-80\/81 Handheld W\u00e4rmebild-Monokulare bieten klare Bilder mit einer hohen IR-Aufl\u00f6sung von 640x480 und einfachen Zugang zu neuen Funktionen wie Video- und Bildaufzeichnung. Die WIFI-Konnektivit\u00e4t erm\u00f6glicht das Echtzeit-Teilen von Videos und Bildern auf Smartphones\/Tablets.\" \/>\n<meta property=\"og:url\" content=\"https:\/\/cem-instruments.de\/de\/product\/t80-waermebild-monokular\/\" \/>\n<meta property=\"og:site_name\" content=\"CEM Test Instruments GmbH\" \/>\n<meta property=\"article:modified_time\" content=\"2025-01-25T15:32:24+00:00\" \/>\n<meta property=\"og:image\" content=\"https:\/\/res.cloudinary.com\/dathdmgqz\/images\/f_auto,q_auto\/v1728385622\/thermal imaging\/T-80\/wk3osxufix42dswtegpm\/wk3osxufix42dswtegpm.jpg?_i=AA\" \/>\n\t<meta property=\"og:image:width\" content=\"540\" \/>\n\t<meta property=\"og:image:height\" content=\"720\" \/>\n\t<meta property=\"og:image:type\" content=\"image\/jpeg\" \/>\n<meta name=\"twitter:card\" content=\"summary_large_image\" \/>\n<meta name=\"twitter:label1\" content=\"Gesch\u00e4tzte Lesezeit\" \/>\n\t<meta name=\"twitter:data1\" content=\"1\u00a0Minute\" \/>\n<script type=\"application\/ld+json\" class=\"yoast-schema-graph\">{\"@context\":\"https:\/\/schema.org\",\"@graph\":[{\"@type\":\"WebPage\",\"@id\":\"https:\/\/cem-instruments.de\/de\/product\/t80-waermebild-monokular\/\",\"url\":\"https:\/\/cem-instruments.de\/de\/product\/t80-waermebild-monokular\/\",\"name\":\"T-80\/81\/81Pro\/82\/82Pro Handheld W\u00e4rmebild-Monokular - CEM Test Instruments GmbH\",\"isPartOf\":{\"@id\":\"https:\/\/cem-instruments.de\/de\/#website\"},\"primaryImageOfPage\":{\"@id\":\"https:\/\/cem-instruments.de\/de\/product\/t80-waermebild-monokular\/#primaryimage\"},\"image\":{\"@id\":\"https:\/\/cem-instruments.de\/de\/product\/t80-waermebild-monokular\/#primaryimage\"},\"thumbnailUrl\":\"https:\/\/res.cloudinary.com\/dathdmgqz\/images\/f_auto,q_auto\/v1728385622\/thermal imaging\/T-80\/wk3osxufix42dswtegpm\/wk3osxufix42dswtegpm.jpg?_i=AA\",\"datePublished\":\"2024-10-10T07:57:20+00:00\",\"dateModified\":\"2025-01-25T15:32:24+00:00\",\"description\":\"T-80\/81 Handheld W\u00e4rmebild-Monokulare bieten klare Bilder mit einer hohen IR-Aufl\u00f6sung von 640x480 und einfachen Zugang zu neuen Funktionen wie Video- und Bildaufzeichnung. Die WIFI-Konnektivit\u00e4t erm\u00f6glicht das Echtzeit-Teilen von Videos und Bildern auf Smartphones\/Tablets.\",\"breadcrumb\":{\"@id\":\"https:\/\/cem-instruments.de\/de\/product\/t80-waermebild-monokular\/#breadcrumb\"},\"inLanguage\":\"de\",\"potentialAction\":[{\"@type\":\"ReadAction\",\"target\":[\"https:\/\/cem-instruments.de\/de\/product\/t80-waermebild-monokular\/\"]}]},{\"@type\":\"ImageObject\",\"inLanguage\":\"de\",\"@id\":\"https:\/\/cem-instruments.de\/de\/product\/t80-waermebild-monokular\/#primaryimage\",\"url\":\"https:\/\/res.cloudinary.com\/dathdmgqz\/images\/f_auto,q_auto\/v1728385622\/thermal imaging\/T-80\/wk3osxufix42dswtegpm\/wk3osxufix42dswtegpm.jpg?_i=AA\",\"contentUrl\":\"https:\/\/res.cloudinary.com\/dathdmgqz\/images\/f_auto,q_auto\/v1728385622\/thermal imaging\/T-80\/wk3osxufix42dswtegpm\/wk3osxufix42dswtegpm.jpg?_i=AA\",\"width\":540,\"height\":720},{\"@type\":\"BreadcrumbList\",\"@id\":\"https:\/\/cem-instruments.de\/de\/product\/t80-waermebild-monokular\/#breadcrumb\",\"itemListElement\":[{\"@type\":\"ListItem\",\"position\":1,\"name\":\"Home\",\"item\":\"https:\/\/cem-instruments.de\/de\/\"},{\"@type\":\"ListItem\",\"position\":2,\"name\":\"Products\",\"item\":\"https:\/\/cem-instruments.de\/de\/shop\/\"},{\"@type\":\"ListItem\",\"position\":3,\"name\":\"T-80\/81\/81Pro\/82\/82Pro Handheld W\u00e4rmebild-Monokular\"}]},{\"@type\":\"WebSite\",\"@id\":\"https:\/\/cem-instruments.de\/de\/#website\",\"url\":\"https:\/\/cem-instruments.de\/de\/\",\"name\":\"CEM Test Instruments GmbH\",\"description\":\"CEM Test Instruments GmbH\",\"publisher\":{\"@id\":\"https:\/\/cem-instruments.de\/de\/#organization\"},\"alternateName\":\"best partner for electronic instruments\",\"potentialAction\":[{\"@type\":\"SearchAction\",\"target\":{\"@type\":\"EntryPoint\",\"urlTemplate\":\"https:\/\/cem-instruments.de\/de\/?s={search_term_string}\"},\"query-input\":{\"@type\":\"PropertyValueSpecification\",\"valueRequired\":true,\"valueName\":\"search_term_string\"}}],\"inLanguage\":\"de\"},{\"@type\":\"Organization\",\"@id\":\"https:\/\/cem-instruments.de\/de\/#organization\",\"name\":\"CEM Test Instruments GmbH\",\"url\":\"https:\/\/cem-instruments.de\/de\/\",\"logo\":{\"@type\":\"ImageObject\",\"inLanguage\":\"de\",\"@id\":\"https:\/\/cem-instruments.de\/de\/#\/schema\/logo\/image\/\",\"url\":\"https:\/\/res.cloudinary.com\/dathdmgqz\/images\/f_auto,q_auto\/v1728637129\/cropped-2024-10-11-10_57_57-cem-instruments.de-\u2013-CEM-instruments-GmbH\/cropped-2024-10-11-10_57_57-cem-instruments.de-\u2013-CEM-instruments-GmbH.jpg?_i=AA\",\"contentUrl\":\"https:\/\/res.cloudinary.com\/dathdmgqz\/images\/f_auto,q_auto\/v1728637129\/cropped-2024-10-11-10_57_57-cem-instruments.de-\u2013-CEM-instruments-GmbH\/cropped-2024-10-11-10_57_57-cem-instruments.de-\u2013-CEM-instruments-GmbH.jpg?_i=AA\",\"width\":512,\"height\":512,\"caption\":\"CEM Test Instruments GmbH\"},\"image\":{\"@id\":\"https:\/\/cem-instruments.de\/de\/#\/schema\/logo\/image\/\"}}]}<\/script>\n<!-- \/ Yoast SEO plugin. -->","yoast_head_json":{"title":"T-80\/81\/81Pro\/82\/82Pro Handheld W\u00e4rmebild-Monokular - CEM Test Instruments GmbH","description":"T-80\/81 Handheld W\u00e4rmebild-Monokulare bieten klare Bilder mit einer hohen IR-Aufl\u00f6sung von 640x480 und einfachen Zugang zu neuen Funktionen wie Video- und Bildaufzeichnung. Die WIFI-Konnektivit\u00e4t erm\u00f6glicht das Echtzeit-Teilen von Videos und Bildern auf Smartphones\/Tablets.","robots":{"index":"index","follow":"follow","max-snippet":"max-snippet:-1","max-image-preview":"max-image-preview:large","max-video-preview":"max-video-preview:-1"},"canonical":"https:\/\/cem-instruments.de\/de\/product\/t80-waermebild-monokular\/","og_locale":"de_DE","og_type":"article","og_title":"T-80\/81\/81Pro\/82\/82Pro Handheld W\u00e4rmebild-Monokular - CEM Test Instruments GmbH","og_description":"T-80\/81 Handheld W\u00e4rmebild-Monokulare bieten klare Bilder mit einer hohen IR-Aufl\u00f6sung von 640x480 und einfachen Zugang zu neuen Funktionen wie Video- und Bildaufzeichnung. Die WIFI-Konnektivit\u00e4t erm\u00f6glicht das Echtzeit-Teilen von Videos und Bildern auf Smartphones\/Tablets.","og_url":"https:\/\/cem-instruments.de\/de\/product\/t80-waermebild-monokular\/","og_site_name":"CEM Test Instruments GmbH","article_modified_time":"2025-01-25T15:32:24+00:00","og_image":[{"width":540,"height":720,"url":"https:\/\/res.cloudinary.com\/dathdmgqz\/images\/f_auto,q_auto\/v1728385622\/thermal imaging\/T-80\/wk3osxufix42dswtegpm\/wk3osxufix42dswtegpm.jpg?_i=AA","type":"image\/jpeg"}],"twitter_card":"summary_large_image","twitter_misc":{"Gesch\u00e4tzte Lesezeit":"1\u00a0Minute"},"schema":{"@context":"https:\/\/schema.org","@graph":[{"@type":"WebPage","@id":"https:\/\/cem-instruments.de\/de\/product\/t80-waermebild-monokular\/","url":"https:\/\/cem-instruments.de\/de\/product\/t80-waermebild-monokular\/","name":"T-80\/81\/81Pro\/82\/82Pro Handheld W\u00e4rmebild-Monokular - CEM Test Instruments GmbH","isPartOf":{"@id":"https:\/\/cem-instruments.de\/de\/#website"},"primaryImageOfPage":{"@id":"https:\/\/cem-instruments.de\/de\/product\/t80-waermebild-monokular\/#primaryimage"},"image":{"@id":"https:\/\/cem-instruments.de\/de\/product\/t80-waermebild-monokular\/#primaryimage"},"thumbnailUrl":"https:\/\/res.cloudinary.com\/dathdmgqz\/images\/f_auto,q_auto\/v1728385622\/thermal imaging\/T-80\/wk3osxufix42dswtegpm\/wk3osxufix42dswtegpm.jpg?_i=AA","datePublished":"2024-10-10T07:57:20+00:00","dateModified":"2025-01-25T15:32:24+00:00","description":"T-80\/81 Handheld W\u00e4rmebild-Monokulare bieten klare Bilder mit einer hohen IR-Aufl\u00f6sung von 640x480 und einfachen Zugang zu neuen Funktionen wie Video- und Bildaufzeichnung. Die WIFI-Konnektivit\u00e4t erm\u00f6glicht das Echtzeit-Teilen von Videos und Bildern auf Smartphones\/Tablets.","breadcrumb":{"@id":"https:\/\/cem-instruments.de\/de\/product\/t80-waermebild-monokular\/#breadcrumb"},"inLanguage":"de","potentialAction":[{"@type":"ReadAction","target":["https:\/\/cem-instruments.de\/de\/product\/t80-waermebild-monokular\/"]}]},{"@type":"ImageObject","inLanguage":"de","@id":"https:\/\/cem-instruments.de\/de\/product\/t80-waermebild-monokular\/#primaryimage","url":"https:\/\/res.cloudinary.com\/dathdmgqz\/images\/f_auto,q_auto\/v1728385622\/thermal imaging\/T-80\/wk3osxufix42dswtegpm\/wk3osxufix42dswtegpm.jpg?_i=AA","contentUrl":"https:\/\/res.cloudinary.com\/dathdmgqz\/images\/f_auto,q_auto\/v1728385622\/thermal imaging\/T-80\/wk3osxufix42dswtegpm\/wk3osxufix42dswtegpm.jpg?_i=AA","width":540,"height":720},{"@type":"BreadcrumbList","@id":"https:\/\/cem-instruments.de\/de\/product\/t80-waermebild-monokular\/#breadcrumb","itemListElement":[{"@type":"ListItem","position":1,"name":"Home","item":"https:\/\/cem-instruments.de\/de\/"},{"@type":"ListItem","position":2,"name":"Products","item":"https:\/\/cem-instruments.de\/de\/shop\/"},{"@type":"ListItem","position":3,"name":"T-80\/81\/81Pro\/82\/82Pro Handheld W\u00e4rmebild-Monokular"}]},{"@type":"WebSite","@id":"https:\/\/cem-instruments.de\/de\/#website","url":"https:\/\/cem-instruments.de\/de\/","name":"CEM Test Instruments GmbH","description":"CEM Test Instruments GmbH","publisher":{"@id":"https:\/\/cem-instruments.de\/de\/#organization"},"alternateName":"best partner for electronic instruments","potentialAction":[{"@type":"SearchAction","target":{"@type":"EntryPoint","urlTemplate":"https:\/\/cem-instruments.de\/de\/?s={search_term_string}"},"query-input":{"@type":"PropertyValueSpecification","valueRequired":true,"valueName":"search_term_string"}}],"inLanguage":"de"},{"@type":"Organization","@id":"https:\/\/cem-instruments.de\/de\/#organization","name":"CEM Test Instruments GmbH","url":"https:\/\/cem-instruments.de\/de\/","logo":{"@type":"ImageObject","inLanguage":"de","@id":"https:\/\/cem-instruments.de\/de\/#\/schema\/logo\/image\/","url":"https:\/\/res.cloudinary.com\/dathdmgqz\/images\/f_auto,q_auto\/v1728637129\/cropped-2024-10-11-10_57_57-cem-instruments.de-\u2013-CEM-instruments-GmbH\/cropped-2024-10-11-10_57_57-cem-instruments.de-\u2013-CEM-instruments-GmbH.jpg?_i=AA","contentUrl":"https:\/\/res.cloudinary.com\/dathdmgqz\/images\/f_auto,q_auto\/v1728637129\/cropped-2024-10-11-10_57_57-cem-instruments.de-\u2013-CEM-instruments-GmbH\/cropped-2024-10-11-10_57_57-cem-instruments.de-\u2013-CEM-instruments-GmbH.jpg?_i=AA","width":512,"height":512,"caption":"CEM Test Instruments GmbH"},"image":{"@id":"https:\/\/cem-instruments.de\/de\/#\/schema\/logo\/image\/"}}]}},"_links":{"self":[{"href":"https:\/\/cem-instruments.de\/de\/wp-json\/wp\/v2\/product\/30891","targetHints":{"allow":["GET"]}}],"collection":[{"href":"https:\/\/cem-instruments.de\/de\/wp-json\/wp\/v2\/product"}],"about":[{"href":"https:\/\/cem-instruments.de\/de\/wp-json\/wp\/v2\/types\/product"}],"version-history":[{"count":4,"href":"https:\/\/cem-instruments.de\/de\/wp-json\/wp\/v2\/product\/30891\/revisions"}],"predecessor-version":[{"id":32322,"href":"https:\/\/cem-instruments.de\/de\/wp-json\/wp\/v2\/product\/30891\/revisions\/32322"}],"wp:featuredmedia":[{"embeddable":true,"href":"https:\/\/cem-instruments.de\/de\/wp-json\/wp\/v2\/media\/30892"}],"wp:attachment":[{"href":"https:\/\/cem-instruments.de\/de\/wp-json\/wp\/v2\/media?parent=30891"}],"wp:term":[{"taxonomy":"product_brand","embeddable":true,"href":"https:\/\/cem-instruments.de\/de\/wp-json\/wp\/v2\/product_brand?post=30891"},{"taxonomy":"product_cat","embeddable":true,"href":"https:\/\/cem-instruments.de\/de\/wp-json\/wp\/v2\/product_cat?post=30891"},{"taxonomy":"product_tag","embeddable":true,"href":"https:\/\/cem-instruments.de\/de\/wp-json\/wp\/v2\/product_tag?post=30891"}],"curies":[{"name":"wp","href":"https:\/\/api.w.org\/{rel}","templated":true}]}}