{"id":31337,"date":"2024-10-16T12:30:31","date_gmt":"2024-10-16T10:30:31","guid":{"rendered":"https:\/\/cem-instruments.de\/de\/?post_type=product&#038;p=31337"},"modified":"2025-01-25T00:43:20","modified_gmt":"2025-01-24T23:43:20","slug":"dt9850m-partikelzaehler","status":"publish","type":"product","link":"https:\/\/cem-instruments.de\/de\/product\/dt9850m-partikelzaehler\/","title":{"rendered":"DT-9850M\/9851M Partikelz\u00e4hler mit TFT-Farb-LCD-Display"},"content":{"rendered":"\t\t<div data-elementor-type=\"wp-post\" data-elementor-id=\"31337\" class=\"elementor elementor-31337\" data-elementor-post-type=\"product\">\n\t\t\t\t<div class=\"wd-negative-gap elementor-element elementor-element-485afd3 e-flex e-con-boxed e-con e-parent\" data-id=\"485afd3\" data-element_type=\"container\">\n\t\t\t\t\t<div class=\"e-con-inner\">\n\t\t<div class=\"elementor-element elementor-element-27f190a e-con-full e-flex e-con e-child\" data-id=\"27f190a\" data-element_type=\"container\">\n\t\t\t\t<div class=\"elementor-element elementor-element-a4f6879 e-n-tabs-mobile elementor-widget elementor-widget-n-tabs\" data-id=\"a4f6879\" data-element_type=\"widget\" data-settings=\"{&quot;tabs_justify_horizontal&quot;:&quot;start&quot;,&quot;horizontal_scroll&quot;:&quot;disable&quot;}\" data-widget_type=\"nested-tabs.default\">\n\t\t\t\t<div class=\"elementor-widget-container\">\n\t\t\t\t\t\t\t<div class=\"e-n-tabs\" data-widget-number=\"172976249\" aria-label=\"Tabs. Open items with Enter or Space, close with Escape and navigate using the Arrow keys.\">\n\t\t\t<div class=\"e-n-tabs-heading\" role=\"tablist\">\n\t\t\t\t\t<button id=\"e-n-tab-title-1729762491\" class=\"e-n-tab-title\" aria-selected=\"true\" data-tab-index=\"1\" role=\"tab\" tabindex=\"0\" aria-controls=\"e-n-tab-content-1729762491\" style=\"--n-tabs-title-order: 1;\">\n\t\t\t\t\t\t<span class=\"e-n-tab-title-text\">\n\t\t\t\tDescription\t\t\t<\/span>\n\t\t<\/button>\n\t\t\t\t<button id=\"e-n-tab-title-1729762492\" class=\"e-n-tab-title\" aria-selected=\"false\" data-tab-index=\"2\" role=\"tab\" tabindex=\"-1\" aria-controls=\"e-n-tab-content-1729762492\" style=\"--n-tabs-title-order: 2;\">\n\t\t\t\t\t\t<span class=\"e-n-tab-title-text\">\n\t\t\t\tSpecification\t\t\t<\/span>\n\t\t<\/button>\n\t\t\t\t<button id=\"e-n-tab-title-1729762493\" class=\"e-n-tab-title\" aria-selected=\"false\" data-tab-index=\"3\" role=\"tab\" tabindex=\"-1\" aria-controls=\"e-n-tab-content-1729762493\" style=\"--n-tabs-title-order: 3;\">\n\t\t\t\t\t\t<span class=\"e-n-tab-title-text\">\n\t\t\t\tResources\t\t\t<\/span>\n\t\t<\/button>\n\t\t\t\t\t<\/div>\n\t\t\t<div class=\"e-n-tabs-content\">\n\t\t\t\t<div id=\"e-n-tab-content-1729762491\" role=\"tabpanel\" aria-labelledby=\"e-n-tab-title-1729762491\" data-tab-index=\"1\" style=\"--n-tabs-title-order: 1;\" class=\"e-active elementor-element elementor-element-0598310 e-con-full e-flex e-con e-child\" data-id=\"0598310\" data-element_type=\"container\">\n\t\t<div class=\"wd-negative-gap elementor-element elementor-element-3255d12 e-flex e-con-boxed e-con e-child\" data-id=\"3255d12\" data-element_type=\"container\">\n\t\t\t\t\t<div class=\"e-con-inner\">\n\t\t\t\t<div class=\"elementor-element elementor-element-abc8213 elementor-widget elementor-widget-wd_text_block\" data-id=\"abc8213\" data-element_type=\"widget\" data-widget_type=\"wd_text_block.default\">\n\t\t\t\t<div class=\"elementor-widget-container\">\n\t\t\t\t\t\t\t<div class=\"wd-text-block reset-last-child text-left\">\n\t\t\t\n\t\t\t<p>9850M\/9851M sind Partikelz\u00e4hler mit 2,8\" Farb-TFT-LCD-Display und einer microSD-Speicherkarte, die schnelle, einfache und pr\u00e4zise Messungen f\u00fcr Partikelz\u00e4hler, HCHO-Detektor, Lufttemperatur und relative Luftfeuchtigkeit bieten.<\/p><p>Das Ger\u00e4t tr\u00e4gt zum Umweltschutz und zur Energieeinsparung bei. Die Taupunkttemperaturmessung ist sehr hilfreich f\u00fcr die Unterscheidung zwischen feuchtem und trockenem Zustand. Es ist ein n\u00fctzliches Handmessger\u00e4t f\u00fcr industrielle Messungen und Datenanalysen, da die tats\u00e4chliche Szene und die Zeit auf dem Farb-TFT-LCD angezeigt werden k\u00f6nnen. Alle gespeicherten Messwerte k\u00f6nnen auf der SD-Karte aufgezeichnet werden. Der Benutzer kann zur\u00fcck.<\/p>\n\t\t\t\t\t<\/div>\n\t\t\t\t\t\t<\/div>\n\t\t\t\t<\/div>\n\t\t\t\t\t<\/div>\n\t\t\t\t<\/div>\n\t\t<div class=\"elementor-element elementor-element-4466ebb e-con-full e-flex e-con e-child\" data-id=\"4466ebb\" data-element_type=\"container\">\n\t\t\t\t<\/div>\n\t\t\t\t<\/div>\n\t\t<div id=\"e-n-tab-content-1729762492\" role=\"tabpanel\" aria-labelledby=\"e-n-tab-title-1729762492\" data-tab-index=\"2\" style=\"--n-tabs-title-order: 2;\" class=\" elementor-element elementor-element-7e9a194 e-con-full e-flex e-con e-child\" data-id=\"7e9a194\" data-element_type=\"container\">\n\t\t\t\t<div class=\"elementor-element elementor-element-70bc732 elementor-widget elementor-widget-wd_image_or_svg\" data-id=\"70bc732\" data-element_type=\"widget\" data-widget_type=\"wd_image_or_svg.default\">\n\t\t\t\t<div class=\"elementor-widget-container\">\n\t\t\t\t\t\n\t\t<div class=\"wd-image text-left\">\n\t\t\t\t\t\t\t\t<img width=\"505\" height=\"286\" data-public-id=\"6436c4df379003a365fb4e43911571a_zx2tvj\/6436c4df379003a365fb4e43911571a_zx2tvj.png\" fetchpriority=\"high\" decoding=\"async\" src=\"https:\/\/res.cloudinary.com\/dathdmgqz\/images\/w_505,h_286,c_scale\/f_auto,q_auto\/v1728995324\/6436c4df379003a365fb4e43911571a_zx2tvj\/6436c4df379003a365fb4e43911571a_zx2tvj.png?_i=AA\" class=\"attachment-full size-full wp-image-31344\" alt=\"\" data-format=\"png\" data-transformations=\"f_auto,q_auto\" data-version=\"1728995324\" data-seo=\"1\" data-responsive=\"1\" srcset=\"https:\/\/res.cloudinary.com\/dathdmgqz\/images\/w_505,h_286,c_scale\/f_auto,q_auto\/v1728995324\/6436c4df379003a365fb4e43911571a_zx2tvj\/6436c4df379003a365fb4e43911571a_zx2tvj.png?_i=AA 505w, https:\/\/res.cloudinary.com\/dathdmgqz\/images\/w_448,h_253,c_scale\/f_auto,q_auto\/v1728995324\/6436c4df379003a365fb4e43911571a_zx2tvj\/6436c4df379003a365fb4e43911571a_zx2tvj.png?_i=AA 448w, https:\/\/res.cloudinary.com\/dathdmgqz\/images\/w_248,h_140,c_scale\/f_auto,q_auto\/v1728995324\/6436c4df379003a365fb4e43911571a_zx2tvj\/6436c4df379003a365fb4e43911571a_zx2tvj.png?_i=AA 248w\" sizes=\"(max-width: 505px) 100vw, 505px\" \/>\t\t\t\t\t<\/div>\n\n\t\t\t\t\t\t<\/div>\n\t\t\t\t<\/div>\n\t\t\t\t<\/div>\n\t\t<div id=\"e-n-tab-content-1729762493\" role=\"tabpanel\" aria-labelledby=\"e-n-tab-title-1729762493\" data-tab-index=\"3\" style=\"--n-tabs-title-order: 3;\" class=\" elementor-element elementor-element-b7df7f7 e-con-full e-flex e-con e-child\" data-id=\"b7df7f7\" data-element_type=\"container\">\n\t\t<div class=\"elementor-element elementor-element-4ef4471 e-con-full e-flex e-con e-child\" data-id=\"4ef4471\" data-element_type=\"container\">\n\t\t\t\t<div class=\"elementor-element elementor-element-44174f7 elementor-widget elementor-widget-wd_list\" data-id=\"44174f7\" data-element_type=\"widget\" data-widget_type=\"wd_list.default\">\n\t\t\t\t<div class=\"elementor-widget-container\">\n\t\t\t\t\t\t\t<ul class=\"wd-list color-scheme- wd-fontsize-xs wd-type-icon wd-style-default text-left\">\n\t\t\t\t\t\t\t\t\t\t\t<li class=\"elementor-repeater-item-fe163c2\">\n\t\t\t\t\t\t\t\t\t\t\t<span class=\"wd-icon\"><svg class=\"e-font-icon-svg e-fas-star\" viewBox=\"0 0 576 512\" xmlns=\"http:\/\/www.w3.org\/2000\/svg\"><path d=\"M259.3 17.8L194 150.2 47.9 171.5c-26.2 3.8-36.7 36.1-17.7 54.6l105.7 103-25 145.5c-4.5 26.3 23.2 46 46.4 33.7L288 439.6l130.7 68.7c23.2 12.2 50.9-7.4 46.4-33.7l-25-145.5 105.7-103c19-18.5 8.5-50.8-17.7-54.6L382 150.2 316.7 17.8c-11.7-23.6-45.6-23.9-57.4 0z\"><\/path><\/svg><\/span>\t\t\t\t\t\n\t\t\t\t\t<span class=\"wd-list-content list-content\">\n\t\t\t\t\t\tapplication note\t\t\t\t\t<\/span>\n\n\t\t\t\t\t\t\t\t\t<\/li>\n\t\t\t\t\t<\/ul>\n\n\t\t\t\t\t\t<\/div>\n\t\t\t\t<\/div>\n\t\t\t\t<div class=\"elementor-element elementor-element-e0f345d elementor-widget elementor-widget-wd_list\" data-id=\"e0f345d\" data-element_type=\"widget\" data-widget_type=\"wd_list.default\">\n\t\t\t\t<div class=\"elementor-widget-container\">\n\t\t\t\t\t\t\t<ul class=\"wd-list color-scheme-custom wd-fontsize-xs wd-type-icon wd-style-default text-left\">\n\t\t\t\t\t\t\t\t\t\t\t<li class=\"elementor-repeater-item-fe163c2\">\n\t\t\t\t\t\t\t\t\t\t\t<span class=\"wd-icon\"><svg class=\"e-font-icon-svg e-fas-star\" viewBox=\"0 0 576 512\" xmlns=\"http:\/\/www.w3.org\/2000\/svg\"><path d=\"M259.3 17.8L194 150.2 47.9 171.5c-26.2 3.8-36.7 36.1-17.7 54.6l105.7 103-25 145.5c-4.5 26.3 23.2 46 46.4 33.7L288 439.6l130.7 68.7c23.2 12.2 50.9-7.4 46.4-33.7l-25-145.5 105.7-103c19-18.5 8.5-50.8-17.7-54.6L382 150.2 316.7 17.8c-11.7-23.6-45.6-23.9-57.4 0z\"><\/path><\/svg><\/span>\t\t\t\t\t\n\t\t\t\t\t<span class=\"wd-list-content list-content\">\n\t\t\t\t\t\tdatasheet\t\t\t\t\t<\/span>\n\n\t\t\t\t\t\t\t\t\t<\/li>\n\t\t\t\t\t\t\t\t\t\t\t<li class=\"elementor-repeater-item-66113ab\">\n\t\t\t\t\t\t\t\t\t\t\t<span class=\"wd-icon\"><svg class=\"e-font-icon-svg e-fas-star\" viewBox=\"0 0 576 512\" xmlns=\"http:\/\/www.w3.org\/2000\/svg\"><path d=\"M259.3 17.8L194 150.2 47.9 171.5c-26.2 3.8-36.7 36.1-17.7 54.6l105.7 103-25 145.5c-4.5 26.3 23.2 46 46.4 33.7L288 439.6l130.7 68.7c23.2 12.2 50.9-7.4 46.4-33.7l-25-145.5 105.7-103c19-18.5 8.5-50.8-17.7-54.6L382 150.2 316.7 17.8c-11.7-23.6-45.6-23.9-57.4 0z\"><\/path><\/svg><\/span>\t\t\t\t\t\n\t\t\t\t\t<span class=\"wd-list-content list-content\">\n\t\t\t\t\t\tuser manual\t\t\t\t\t<\/span>\n\n\t\t\t\t\t\t\t\t\t<\/li>\n\t\t\t\t\t<\/ul>\n\n\t\t\t\t\t\t<\/div>\n\t\t\t\t<\/div>\n\t\t\t\t<\/div>\n\t\t<div class=\"elementor-element elementor-element-a2218a0 e-con-full e-flex e-con e-child\" data-id=\"a2218a0\" data-element_type=\"container\">\n\t\t\t\t<\/div>\n\t\t\t\t<\/div>\n\t\t\t\t\t<\/div>\n\t\t<\/div>\n\t\t\t\t\t\t<\/div>\n\t\t\t\t<\/div>\n\t\t\t\t<\/div>\n\t\t\t\t\t<\/div>\n\t\t\t\t<\/div>\n\t\t\t\t<\/div>\n\t\t","protected":false},"excerpt":{"rendered":"<p>Description Specification Resources 9850M\/9851M sind Partikelz\u00e4hler mit 2,8&#8243; Farb-TFT-LCD-Display und einer microSD-Speicherkarte, die schnelle, einfache und pr\u00e4zise Messungen f\u00fcr Partikelz\u00e4hler,<\/p>\n","protected":false},"featured_media":31338,"template":"","meta":{"_cloudinary_featured_overwrite":false},"product_brand":[],"product_cat":[355,422],"product_tag":[],"class_list":{"0":"post-31337","1":"product","2":"type-product","3":"status-publish","4":"has-post-thumbnail","6":"product_cat-environmental_tools","7":"product_cat-particle_counter","9":"first","10":"instock","11":"shipping-taxable","12":"product-type-simple"},"yoast_head":"<!-- This site is optimized with the Yoast SEO plugin v24.3 - https:\/\/yoast.com\/wordpress\/plugins\/seo\/ -->\n<title>DT-9850M\/9851M Partikelz\u00e4hler mit TFT-Farb-LCD-Display - CEM Test Instruments GmbH<\/title>\n<meta name=\"description\" content=\"9850M\/9851M sind Partikelz\u00e4hler mit 2,8&quot; Farb-TFT-LCD-Display und einer microSD-Speicherkarte, die schnelle, einfache und pr\u00e4zise Messungen f\u00fcr Partikelz\u00e4hler, HCHO-Detektor, Lufttemperatur und relative Luftfeuchtigkeit bieten.Das Ger\u00e4t tr\u00e4gt zum Umweltschutz und zur Energieeinsparung bei. Die Taupunkttemperaturmessung ist sehr hilfreich f\u00fcr die Unterscheidung zwischen feuchtem und trockenem Zustand. Es ist ein n\u00fctzliches Handmessger\u00e4t f\u00fcr industrielle Messungen und Datenanalysen, da die tats\u00e4chliche Szene und die Zeit auf dem Farb-TFT-LCD angezeigt werden k\u00f6nnen. Alle gespeicherten Messwerte k\u00f6nnen auf der SD-Karte aufgezeichnet werden. Der Benutzer kann zur\u00fcck.\" \/>\n<meta name=\"robots\" content=\"index, follow, max-snippet:-1, max-image-preview:large, max-video-preview:-1\" \/>\n<link rel=\"canonical\" href=\"https:\/\/cem-instruments.de\/de\/product\/dt9850m-partikelzaehler\/\" \/>\n<meta property=\"og:locale\" content=\"de_DE\" \/>\n<meta property=\"og:type\" content=\"article\" \/>\n<meta property=\"og:title\" content=\"DT-9850M\/9851M Partikelz\u00e4hler mit TFT-Farb-LCD-Display - CEM Test Instruments GmbH\" \/>\n<meta property=\"og:description\" content=\"9850M\/9851M sind Partikelz\u00e4hler mit 2,8&quot; Farb-TFT-LCD-Display und einer microSD-Speicherkarte, die schnelle, einfache und pr\u00e4zise Messungen f\u00fcr Partikelz\u00e4hler, HCHO-Detektor, Lufttemperatur und relative Luftfeuchtigkeit bieten.Das Ger\u00e4t tr\u00e4gt zum Umweltschutz und zur Energieeinsparung bei. Die Taupunkttemperaturmessung ist sehr hilfreich f\u00fcr die Unterscheidung zwischen feuchtem und trockenem Zustand. Es ist ein n\u00fctzliches Handmessger\u00e4t f\u00fcr industrielle Messungen und Datenanalysen, da die tats\u00e4chliche Szene und die Zeit auf dem Farb-TFT-LCD angezeigt werden k\u00f6nnen. Alle gespeicherten Messwerte k\u00f6nnen auf der SD-Karte aufgezeichnet werden. Der Benutzer kann zur\u00fcck.\" \/>\n<meta property=\"og:url\" content=\"https:\/\/cem-instruments.de\/de\/product\/dt9850m-partikelzaehler\/\" \/>\n<meta property=\"og:site_name\" content=\"CEM Test Instruments GmbH\" \/>\n<meta property=\"article:modified_time\" content=\"2025-01-24T23:43:20+00:00\" \/>\n<meta property=\"og:image\" content=\"https:\/\/res.cloudinary.com\/dathdmgqz\/images\/f_auto,q_auto\/v1728995325\/DT-9851M_vaybyj\/DT-9851M_vaybyj.jpg?_i=AA\" \/>\n\t<meta property=\"og:image:width\" content=\"540\" \/>\n\t<meta property=\"og:image:height\" content=\"720\" \/>\n\t<meta property=\"og:image:type\" content=\"image\/jpeg\" \/>\n<meta name=\"twitter:card\" content=\"summary_large_image\" \/>\n<meta name=\"twitter:label1\" content=\"Gesch\u00e4tzte Lesezeit\" \/>\n\t<meta name=\"twitter:data1\" content=\"2\u00a0Minuten\" \/>\n<script type=\"application\/ld+json\" class=\"yoast-schema-graph\">{\"@context\":\"https:\/\/schema.org\",\"@graph\":[{\"@type\":\"WebPage\",\"@id\":\"https:\/\/cem-instruments.de\/de\/product\/dt9850m-partikelzaehler\/\",\"url\":\"https:\/\/cem-instruments.de\/de\/product\/dt9850m-partikelzaehler\/\",\"name\":\"DT-9850M\/9851M Partikelz\u00e4hler mit TFT-Farb-LCD-Display - CEM Test Instruments GmbH\",\"isPartOf\":{\"@id\":\"https:\/\/cem-instruments.de\/de\/#website\"},\"primaryImageOfPage\":{\"@id\":\"https:\/\/cem-instruments.de\/de\/product\/dt9850m-partikelzaehler\/#primaryimage\"},\"image\":{\"@id\":\"https:\/\/cem-instruments.de\/de\/product\/dt9850m-partikelzaehler\/#primaryimage\"},\"thumbnailUrl\":\"https:\/\/res.cloudinary.com\/dathdmgqz\/images\/f_auto,q_auto\/v1728995325\/DT-9851M_vaybyj\/DT-9851M_vaybyj.jpg?_i=AA\",\"datePublished\":\"2024-10-16T10:30:31+00:00\",\"dateModified\":\"2025-01-24T23:43:20+00:00\",\"description\":\"9850M\/9851M sind Partikelz\u00e4hler mit 2,8\\\" Farb-TFT-LCD-Display und einer microSD-Speicherkarte, die schnelle, einfache und pr\u00e4zise Messungen f\u00fcr Partikelz\u00e4hler, HCHO-Detektor, Lufttemperatur und relative Luftfeuchtigkeit bieten.Das Ger\u00e4t tr\u00e4gt zum Umweltschutz und zur Energieeinsparung bei. Die Taupunkttemperaturmessung ist sehr hilfreich f\u00fcr die Unterscheidung zwischen feuchtem und trockenem Zustand. Es ist ein n\u00fctzliches Handmessger\u00e4t f\u00fcr industrielle Messungen und Datenanalysen, da die tats\u00e4chliche Szene und die Zeit auf dem Farb-TFT-LCD angezeigt werden k\u00f6nnen. Alle gespeicherten Messwerte k\u00f6nnen auf der SD-Karte aufgezeichnet werden. Der Benutzer kann zur\u00fcck.\",\"breadcrumb\":{\"@id\":\"https:\/\/cem-instruments.de\/de\/product\/dt9850m-partikelzaehler\/#breadcrumb\"},\"inLanguage\":\"de\",\"potentialAction\":[{\"@type\":\"ReadAction\",\"target\":[\"https:\/\/cem-instruments.de\/de\/product\/dt9850m-partikelzaehler\/\"]}]},{\"@type\":\"ImageObject\",\"inLanguage\":\"de\",\"@id\":\"https:\/\/cem-instruments.de\/de\/product\/dt9850m-partikelzaehler\/#primaryimage\",\"url\":\"https:\/\/res.cloudinary.com\/dathdmgqz\/images\/f_auto,q_auto\/v1728995325\/DT-9851M_vaybyj\/DT-9851M_vaybyj.jpg?_i=AA\",\"contentUrl\":\"https:\/\/res.cloudinary.com\/dathdmgqz\/images\/f_auto,q_auto\/v1728995325\/DT-9851M_vaybyj\/DT-9851M_vaybyj.jpg?_i=AA\",\"width\":540,\"height\":720},{\"@type\":\"BreadcrumbList\",\"@id\":\"https:\/\/cem-instruments.de\/de\/product\/dt9850m-partikelzaehler\/#breadcrumb\",\"itemListElement\":[{\"@type\":\"ListItem\",\"position\":1,\"name\":\"Home\",\"item\":\"https:\/\/cem-instruments.de\/de\/\"},{\"@type\":\"ListItem\",\"position\":2,\"name\":\"Products\",\"item\":\"https:\/\/cem-instruments.de\/de\/shop\/\"},{\"@type\":\"ListItem\",\"position\":3,\"name\":\"DT-9850M\/9851M Partikelz\u00e4hler mit TFT-Farb-LCD-Display\"}]},{\"@type\":\"WebSite\",\"@id\":\"https:\/\/cem-instruments.de\/de\/#website\",\"url\":\"https:\/\/cem-instruments.de\/de\/\",\"name\":\"CEM Test Instruments GmbH\",\"description\":\"CEM Test Instruments GmbH\",\"publisher\":{\"@id\":\"https:\/\/cem-instruments.de\/de\/#organization\"},\"alternateName\":\"best partner for electronic instruments\",\"potentialAction\":[{\"@type\":\"SearchAction\",\"target\":{\"@type\":\"EntryPoint\",\"urlTemplate\":\"https:\/\/cem-instruments.de\/de\/?s={search_term_string}\"},\"query-input\":{\"@type\":\"PropertyValueSpecification\",\"valueRequired\":true,\"valueName\":\"search_term_string\"}}],\"inLanguage\":\"de\"},{\"@type\":\"Organization\",\"@id\":\"https:\/\/cem-instruments.de\/de\/#organization\",\"name\":\"CEM Test Instruments GmbH\",\"url\":\"https:\/\/cem-instruments.de\/de\/\",\"logo\":{\"@type\":\"ImageObject\",\"inLanguage\":\"de\",\"@id\":\"https:\/\/cem-instruments.de\/de\/#\/schema\/logo\/image\/\",\"url\":\"https:\/\/res.cloudinary.com\/dathdmgqz\/images\/f_auto,q_auto\/v1728637129\/cropped-2024-10-11-10_57_57-cem-instruments.de-\u2013-CEM-instruments-GmbH\/cropped-2024-10-11-10_57_57-cem-instruments.de-\u2013-CEM-instruments-GmbH.jpg?_i=AA\",\"contentUrl\":\"https:\/\/res.cloudinary.com\/dathdmgqz\/images\/f_auto,q_auto\/v1728637129\/cropped-2024-10-11-10_57_57-cem-instruments.de-\u2013-CEM-instruments-GmbH\/cropped-2024-10-11-10_57_57-cem-instruments.de-\u2013-CEM-instruments-GmbH.jpg?_i=AA\",\"width\":512,\"height\":512,\"caption\":\"CEM Test Instruments GmbH\"},\"image\":{\"@id\":\"https:\/\/cem-instruments.de\/de\/#\/schema\/logo\/image\/\"}}]}<\/script>\n<!-- \/ Yoast SEO plugin. -->","yoast_head_json":{"title":"DT-9850M\/9851M Partikelz\u00e4hler mit TFT-Farb-LCD-Display - CEM Test Instruments GmbH","description":"9850M\/9851M sind Partikelz\u00e4hler mit 2,8\" Farb-TFT-LCD-Display und einer microSD-Speicherkarte, die schnelle, einfache und pr\u00e4zise Messungen f\u00fcr Partikelz\u00e4hler, HCHO-Detektor, Lufttemperatur und relative Luftfeuchtigkeit bieten.Das Ger\u00e4t tr\u00e4gt zum Umweltschutz und zur Energieeinsparung bei. Die Taupunkttemperaturmessung ist sehr hilfreich f\u00fcr die Unterscheidung zwischen feuchtem und trockenem Zustand. Es ist ein n\u00fctzliches Handmessger\u00e4t f\u00fcr industrielle Messungen und Datenanalysen, da die tats\u00e4chliche Szene und die Zeit auf dem Farb-TFT-LCD angezeigt werden k\u00f6nnen. Alle gespeicherten Messwerte k\u00f6nnen auf der SD-Karte aufgezeichnet werden. Der Benutzer kann zur\u00fcck.","robots":{"index":"index","follow":"follow","max-snippet":"max-snippet:-1","max-image-preview":"max-image-preview:large","max-video-preview":"max-video-preview:-1"},"canonical":"https:\/\/cem-instruments.de\/de\/product\/dt9850m-partikelzaehler\/","og_locale":"de_DE","og_type":"article","og_title":"DT-9850M\/9851M Partikelz\u00e4hler mit TFT-Farb-LCD-Display - CEM Test Instruments GmbH","og_description":"9850M\/9851M sind Partikelz\u00e4hler mit 2,8\" Farb-TFT-LCD-Display und einer microSD-Speicherkarte, die schnelle, einfache und pr\u00e4zise Messungen f\u00fcr Partikelz\u00e4hler, HCHO-Detektor, Lufttemperatur und relative Luftfeuchtigkeit bieten.Das Ger\u00e4t tr\u00e4gt zum Umweltschutz und zur Energieeinsparung bei. Die Taupunkttemperaturmessung ist sehr hilfreich f\u00fcr die Unterscheidung zwischen feuchtem und trockenem Zustand. Es ist ein n\u00fctzliches Handmessger\u00e4t f\u00fcr industrielle Messungen und Datenanalysen, da die tats\u00e4chliche Szene und die Zeit auf dem Farb-TFT-LCD angezeigt werden k\u00f6nnen. Alle gespeicherten Messwerte k\u00f6nnen auf der SD-Karte aufgezeichnet werden. Der Benutzer kann zur\u00fcck.","og_url":"https:\/\/cem-instruments.de\/de\/product\/dt9850m-partikelzaehler\/","og_site_name":"CEM Test Instruments GmbH","article_modified_time":"2025-01-24T23:43:20+00:00","og_image":[{"width":540,"height":720,"url":"https:\/\/res.cloudinary.com\/dathdmgqz\/images\/f_auto,q_auto\/v1728995325\/DT-9851M_vaybyj\/DT-9851M_vaybyj.jpg?_i=AA","type":"image\/jpeg"}],"twitter_card":"summary_large_image","twitter_misc":{"Gesch\u00e4tzte Lesezeit":"2\u00a0Minuten"},"schema":{"@context":"https:\/\/schema.org","@graph":[{"@type":"WebPage","@id":"https:\/\/cem-instruments.de\/de\/product\/dt9850m-partikelzaehler\/","url":"https:\/\/cem-instruments.de\/de\/product\/dt9850m-partikelzaehler\/","name":"DT-9850M\/9851M Partikelz\u00e4hler mit TFT-Farb-LCD-Display - CEM Test Instruments GmbH","isPartOf":{"@id":"https:\/\/cem-instruments.de\/de\/#website"},"primaryImageOfPage":{"@id":"https:\/\/cem-instruments.de\/de\/product\/dt9850m-partikelzaehler\/#primaryimage"},"image":{"@id":"https:\/\/cem-instruments.de\/de\/product\/dt9850m-partikelzaehler\/#primaryimage"},"thumbnailUrl":"https:\/\/res.cloudinary.com\/dathdmgqz\/images\/f_auto,q_auto\/v1728995325\/DT-9851M_vaybyj\/DT-9851M_vaybyj.jpg?_i=AA","datePublished":"2024-10-16T10:30:31+00:00","dateModified":"2025-01-24T23:43:20+00:00","description":"9850M\/9851M sind Partikelz\u00e4hler mit 2,8\" Farb-TFT-LCD-Display und einer microSD-Speicherkarte, die schnelle, einfache und pr\u00e4zise Messungen f\u00fcr Partikelz\u00e4hler, HCHO-Detektor, Lufttemperatur und relative Luftfeuchtigkeit bieten.Das Ger\u00e4t tr\u00e4gt zum Umweltschutz und zur Energieeinsparung bei. Die Taupunkttemperaturmessung ist sehr hilfreich f\u00fcr die Unterscheidung zwischen feuchtem und trockenem Zustand. Es ist ein n\u00fctzliches Handmessger\u00e4t f\u00fcr industrielle Messungen und Datenanalysen, da die tats\u00e4chliche Szene und die Zeit auf dem Farb-TFT-LCD angezeigt werden k\u00f6nnen. Alle gespeicherten Messwerte k\u00f6nnen auf der SD-Karte aufgezeichnet werden. Der Benutzer kann zur\u00fcck.","breadcrumb":{"@id":"https:\/\/cem-instruments.de\/de\/product\/dt9850m-partikelzaehler\/#breadcrumb"},"inLanguage":"de","potentialAction":[{"@type":"ReadAction","target":["https:\/\/cem-instruments.de\/de\/product\/dt9850m-partikelzaehler\/"]}]},{"@type":"ImageObject","inLanguage":"de","@id":"https:\/\/cem-instruments.de\/de\/product\/dt9850m-partikelzaehler\/#primaryimage","url":"https:\/\/res.cloudinary.com\/dathdmgqz\/images\/f_auto,q_auto\/v1728995325\/DT-9851M_vaybyj\/DT-9851M_vaybyj.jpg?_i=AA","contentUrl":"https:\/\/res.cloudinary.com\/dathdmgqz\/images\/f_auto,q_auto\/v1728995325\/DT-9851M_vaybyj\/DT-9851M_vaybyj.jpg?_i=AA","width":540,"height":720},{"@type":"BreadcrumbList","@id":"https:\/\/cem-instruments.de\/de\/product\/dt9850m-partikelzaehler\/#breadcrumb","itemListElement":[{"@type":"ListItem","position":1,"name":"Home","item":"https:\/\/cem-instruments.de\/de\/"},{"@type":"ListItem","position":2,"name":"Products","item":"https:\/\/cem-instruments.de\/de\/shop\/"},{"@type":"ListItem","position":3,"name":"DT-9850M\/9851M Partikelz\u00e4hler mit TFT-Farb-LCD-Display"}]},{"@type":"WebSite","@id":"https:\/\/cem-instruments.de\/de\/#website","url":"https:\/\/cem-instruments.de\/de\/","name":"CEM Test Instruments GmbH","description":"CEM Test Instruments GmbH","publisher":{"@id":"https:\/\/cem-instruments.de\/de\/#organization"},"alternateName":"best partner for electronic instruments","potentialAction":[{"@type":"SearchAction","target":{"@type":"EntryPoint","urlTemplate":"https:\/\/cem-instruments.de\/de\/?s={search_term_string}"},"query-input":{"@type":"PropertyValueSpecification","valueRequired":true,"valueName":"search_term_string"}}],"inLanguage":"de"},{"@type":"Organization","@id":"https:\/\/cem-instruments.de\/de\/#organization","name":"CEM Test Instruments GmbH","url":"https:\/\/cem-instruments.de\/de\/","logo":{"@type":"ImageObject","inLanguage":"de","@id":"https:\/\/cem-instruments.de\/de\/#\/schema\/logo\/image\/","url":"https:\/\/res.cloudinary.com\/dathdmgqz\/images\/f_auto,q_auto\/v1728637129\/cropped-2024-10-11-10_57_57-cem-instruments.de-\u2013-CEM-instruments-GmbH\/cropped-2024-10-11-10_57_57-cem-instruments.de-\u2013-CEM-instruments-GmbH.jpg?_i=AA","contentUrl":"https:\/\/res.cloudinary.com\/dathdmgqz\/images\/f_auto,q_auto\/v1728637129\/cropped-2024-10-11-10_57_57-cem-instruments.de-\u2013-CEM-instruments-GmbH\/cropped-2024-10-11-10_57_57-cem-instruments.de-\u2013-CEM-instruments-GmbH.jpg?_i=AA","width":512,"height":512,"caption":"CEM Test Instruments GmbH"},"image":{"@id":"https:\/\/cem-instruments.de\/de\/#\/schema\/logo\/image\/"}}]}},"_links":{"self":[{"href":"https:\/\/cem-instruments.de\/de\/wp-json\/wp\/v2\/product\/31337","targetHints":{"allow":["GET"]}}],"collection":[{"href":"https:\/\/cem-instruments.de\/de\/wp-json\/wp\/v2\/product"}],"about":[{"href":"https:\/\/cem-instruments.de\/de\/wp-json\/wp\/v2\/types\/product"}],"version-history":[{"count":5,"href":"https:\/\/cem-instruments.de\/de\/wp-json\/wp\/v2\/product\/31337\/revisions"}],"predecessor-version":[{"id":32165,"href":"https:\/\/cem-instruments.de\/de\/wp-json\/wp\/v2\/product\/31337\/revisions\/32165"}],"wp:featuredmedia":[{"embeddable":true,"href":"https:\/\/cem-instruments.de\/de\/wp-json\/wp\/v2\/media\/31338"}],"wp:attachment":[{"href":"https:\/\/cem-instruments.de\/de\/wp-json\/wp\/v2\/media?parent=31337"}],"wp:term":[{"taxonomy":"product_brand","embeddable":true,"href":"https:\/\/cem-instruments.de\/de\/wp-json\/wp\/v2\/product_brand?post=31337"},{"taxonomy":"product_cat","embeddable":true,"href":"https:\/\/cem-instruments.de\/de\/wp-json\/wp\/v2\/product_cat?post=31337"},{"taxonomy":"product_tag","embeddable":true,"href":"https:\/\/cem-instruments.de\/de\/wp-json\/wp\/v2\/product_tag?post=31337"}],"curies":[{"name":"wp","href":"https:\/\/api.w.org\/{rel}","templated":true}]}}