{"id":31351,"date":"2024-10-16T12:54:32","date_gmt":"2024-10-16T10:54:32","guid":{"rendered":"https:\/\/cem-instruments.de\/de\/?post_type=product&#038;p=31351"},"modified":"2025-01-25T00:44:43","modified_gmt":"2025-01-24T23:44:43","slug":"dt96-partikelzaehler","status":"publish","type":"product","link":"https:\/\/cem-instruments.de\/de\/product\/dt96-partikelzaehler\/","title":{"rendered":"DT-96\/96B\/96H Mini Partikelz\u00e4hler"},"content":{"rendered":"\t\t<div data-elementor-type=\"wp-post\" data-elementor-id=\"31351\" class=\"elementor elementor-31351\" data-elementor-post-type=\"product\">\n\t\t\t\t<div class=\"wd-negative-gap elementor-element elementor-element-979c960 e-flex e-con-boxed e-con e-parent\" data-id=\"979c960\" data-element_type=\"container\">\n\t\t\t\t\t<div class=\"e-con-inner\">\n\t\t<div class=\"elementor-element elementor-element-b601e05 e-con-full e-flex e-con e-child\" data-id=\"b601e05\" data-element_type=\"container\">\n\t\t\t\t<div class=\"elementor-element elementor-element-6df295b e-n-tabs-mobile elementor-widget elementor-widget-n-tabs\" data-id=\"6df295b\" data-element_type=\"widget\" data-settings=\"{&quot;tabs_justify_horizontal&quot;:&quot;start&quot;,&quot;horizontal_scroll&quot;:&quot;disable&quot;}\" data-widget_type=\"nested-tabs.default\">\n\t\t\t\t<div class=\"elementor-widget-container\">\n\t\t\t\t\t\t\t<div class=\"e-n-tabs\" data-widget-number=\"115288411\" aria-label=\"Tabs. Open items with Enter or Space, close with Escape and navigate using the Arrow keys.\">\n\t\t\t<div class=\"e-n-tabs-heading\" role=\"tablist\">\n\t\t\t\t\t<button id=\"e-n-tab-title-1152884111\" class=\"e-n-tab-title\" aria-selected=\"true\" data-tab-index=\"1\" role=\"tab\" tabindex=\"0\" aria-controls=\"e-n-tab-content-1152884111\" style=\"--n-tabs-title-order: 1;\">\n\t\t\t\t\t\t<span class=\"e-n-tab-title-text\">\n\t\t\t\tDescription\t\t\t<\/span>\n\t\t<\/button>\n\t\t\t\t<button id=\"e-n-tab-title-1152884112\" class=\"e-n-tab-title\" aria-selected=\"false\" data-tab-index=\"2\" role=\"tab\" tabindex=\"-1\" aria-controls=\"e-n-tab-content-1152884112\" style=\"--n-tabs-title-order: 2;\">\n\t\t\t\t\t\t<span class=\"e-n-tab-title-text\">\n\t\t\t\tSpecification\t\t\t<\/span>\n\t\t<\/button>\n\t\t\t\t<button id=\"e-n-tab-title-1152884113\" class=\"e-n-tab-title\" aria-selected=\"false\" data-tab-index=\"3\" role=\"tab\" tabindex=\"-1\" aria-controls=\"e-n-tab-content-1152884113\" style=\"--n-tabs-title-order: 3;\">\n\t\t\t\t\t\t<span class=\"e-n-tab-title-text\">\n\t\t\t\tResources\t\t\t<\/span>\n\t\t<\/button>\n\t\t\t\t\t<\/div>\n\t\t\t<div class=\"e-n-tabs-content\">\n\t\t\t\t<div id=\"e-n-tab-content-1152884111\" role=\"tabpanel\" aria-labelledby=\"e-n-tab-title-1152884111\" data-tab-index=\"1\" style=\"--n-tabs-title-order: 1;\" class=\"e-active elementor-element elementor-element-2984bbe e-con-full e-flex e-con e-child\" data-id=\"2984bbe\" data-element_type=\"container\">\n\t\t<div class=\"wd-negative-gap elementor-element elementor-element-20d0e0c e-flex e-con-boxed e-con e-child\" data-id=\"20d0e0c\" data-element_type=\"container\">\n\t\t\t\t\t<div class=\"e-con-inner\">\n\t\t\t\t<div class=\"elementor-element elementor-element-95ebaf3 elementor-widget elementor-widget-wd_text_block\" data-id=\"95ebaf3\" data-element_type=\"widget\" data-widget_type=\"wd_text_block.default\">\n\t\t\t\t<div class=\"elementor-widget-container\">\n\t\t\t\t\t\t\t<div class=\"wd-text-block reset-last-child text-left\">\n\t\t\t\n\t\t\t<p>96 Partikelz\u00e4hler mit 2,0\" Farb-TFT-LCD-Display bietet schnelle, einfache und pr\u00e4zise Messungen f\u00fcr Partikelz\u00e4hler und Partikelmassekonzentration sowie Lufttemperatur- und relative Luftfeuchtigkeitsmessungen. Es ist die weltweit erste Kombination dieser Messungen und stellt das beste Instrument f\u00fcr den Umweltschutz und die Energieeinsparung dar.<\/p><p>96B bietet Partikelz\u00e4hler, Lufttemperatur, relative Luftfeuchtigkeit und eine Bluetooth-Schnittstelle. 96H bietet Partikelz\u00e4hler, Lufttemperatur, relative Luftfeuchtigkeit und HCHO-Messung.<\/p><p><strong>Merkmale<\/strong><\/p>\n\t\t\t\t\t<\/div>\n\t\t\t\t\t\t<\/div>\n\t\t\t\t<\/div>\n\t\t\t\t\t<\/div>\n\t\t\t\t<\/div>\n\t\t<div class=\"elementor-element elementor-element-f7d46e8 e-con-full e-flex e-con e-child\" data-id=\"f7d46e8\" data-element_type=\"container\">\n\t\t\t\t<div class=\"elementor-element elementor-element-ad51519 elementor-widget elementor-widget-wd_image_or_svg\" data-id=\"ad51519\" data-element_type=\"widget\" data-widget_type=\"wd_image_or_svg.default\">\n\t\t\t\t<div class=\"elementor-widget-container\">\n\t\t\t\t\t\n\t\t<div class=\"wd-image text-left\">\n\t\t\t\t\t\t\t\t<img width=\"469\" height=\"242\" data-public-id=\"9971152d29a5b535b82d3d4650712ff_mkb67c\/9971152d29a5b535b82d3d4650712ff_mkb67c.png\" fetchpriority=\"high\" decoding=\"async\" src=\"https:\/\/res.cloudinary.com\/dathdmgqz\/images\/w_469,h_242,c_scale\/f_auto,q_auto\/v1728995322\/9971152d29a5b535b82d3d4650712ff_mkb67c\/9971152d29a5b535b82d3d4650712ff_mkb67c.png?_i=AA\" class=\"attachment-full size-full wp-image-31357\" alt=\"\" data-format=\"png\" data-transformations=\"f_auto,q_auto\" data-version=\"1728995322\" data-seo=\"1\" data-responsive=\"1\" srcset=\"https:\/\/res.cloudinary.com\/dathdmgqz\/images\/w_469,h_242,c_scale\/f_auto,q_auto\/v1728995322\/9971152d29a5b535b82d3d4650712ff_mkb67c\/9971152d29a5b535b82d3d4650712ff_mkb67c.png?_i=AA 469w, https:\/\/res.cloudinary.com\/dathdmgqz\/images\/w_448,h_231,c_scale\/f_auto,q_auto\/v1728995322\/9971152d29a5b535b82d3d4650712ff_mkb67c\/9971152d29a5b535b82d3d4650712ff_mkb67c.png?_i=AA 448w, https:\/\/res.cloudinary.com\/dathdmgqz\/images\/w_248,h_127,c_scale\/f_auto,q_auto\/v1728995322\/9971152d29a5b535b82d3d4650712ff_mkb67c\/9971152d29a5b535b82d3d4650712ff_mkb67c.png?_i=AA 248w\" sizes=\"(max-width: 469px) 100vw, 469px\" \/>\t\t\t\t\t<\/div>\n\n\t\t\t\t\t\t<\/div>\n\t\t\t\t<\/div>\n\t\t\t\t<\/div>\n\t\t\t\t<\/div>\n\t\t<div id=\"e-n-tab-content-1152884112\" role=\"tabpanel\" aria-labelledby=\"e-n-tab-title-1152884112\" data-tab-index=\"2\" style=\"--n-tabs-title-order: 2;\" class=\" elementor-element elementor-element-476a7e3 e-con-full e-flex e-con e-child\" data-id=\"476a7e3\" data-element_type=\"container\">\n\t\t\t\t<div class=\"elementor-element elementor-element-d70e327 elementor-widget elementor-widget-wd_image_or_svg\" data-id=\"d70e327\" data-element_type=\"widget\" data-widget_type=\"wd_image_or_svg.default\">\n\t\t\t\t<div class=\"elementor-widget-container\">\n\t\t\t\t\t\n\t\t<div class=\"wd-image text-left\">\n\t\t\t\t\t\t\t\t<img width=\"466\" height=\"274\" data-public-id=\"51e0861cebf5b7e67075fb20cfc7fcb_pt8nzl\/51e0861cebf5b7e67075fb20cfc7fcb_pt8nzl.png\" decoding=\"async\" src=\"https:\/\/res.cloudinary.com\/dathdmgqz\/images\/w_466,h_274,c_scale\/f_auto,q_auto\/v1728995321\/51e0861cebf5b7e67075fb20cfc7fcb_pt8nzl\/51e0861cebf5b7e67075fb20cfc7fcb_pt8nzl.png?_i=AA\" class=\"attachment-full size-full wp-image-31358\" alt=\"\" data-format=\"png\" data-transformations=\"f_auto,q_auto\" data-version=\"1728995321\" data-seo=\"1\" data-responsive=\"1\" srcset=\"https:\/\/res.cloudinary.com\/dathdmgqz\/images\/w_466,h_274,c_scale\/f_auto,q_auto\/v1728995321\/51e0861cebf5b7e67075fb20cfc7fcb_pt8nzl\/51e0861cebf5b7e67075fb20cfc7fcb_pt8nzl.png?_i=AA 466w, https:\/\/res.cloudinary.com\/dathdmgqz\/images\/w_448,h_263,c_scale\/f_auto,q_auto\/v1728995321\/51e0861cebf5b7e67075fb20cfc7fcb_pt8nzl\/51e0861cebf5b7e67075fb20cfc7fcb_pt8nzl.png?_i=AA 448w, https:\/\/res.cloudinary.com\/dathdmgqz\/images\/w_248,h_145,c_scale\/f_auto,q_auto\/v1728995321\/51e0861cebf5b7e67075fb20cfc7fcb_pt8nzl\/51e0861cebf5b7e67075fb20cfc7fcb_pt8nzl.png?_i=AA 248w\" sizes=\"(max-width: 466px) 100vw, 466px\" \/>\t\t\t\t\t<\/div>\n\n\t\t\t\t\t\t<\/div>\n\t\t\t\t<\/div>\n\t\t\t\t<\/div>\n\t\t<div id=\"e-n-tab-content-1152884113\" role=\"tabpanel\" aria-labelledby=\"e-n-tab-title-1152884113\" data-tab-index=\"3\" style=\"--n-tabs-title-order: 3;\" class=\" elementor-element elementor-element-1743d70 e-con-full e-flex e-con e-child\" data-id=\"1743d70\" data-element_type=\"container\">\n\t\t<div class=\"elementor-element elementor-element-304591e e-con-full e-flex e-con e-child\" data-id=\"304591e\" data-element_type=\"container\">\n\t\t\t\t<div class=\"elementor-element elementor-element-5ab0b8f elementor-widget elementor-widget-wd_list\" data-id=\"5ab0b8f\" data-element_type=\"widget\" data-widget_type=\"wd_list.default\">\n\t\t\t\t<div class=\"elementor-widget-container\">\n\t\t\t\t\t\t\t<ul class=\"wd-list color-scheme- wd-fontsize-xs wd-type-icon wd-style-default text-left\">\n\t\t\t\t\t\t\t\t\t\t\t<li class=\"elementor-repeater-item-fe163c2\">\n\t\t\t\t\t\t\t\t\t\t\t<span class=\"wd-icon\"><svg class=\"e-font-icon-svg e-fas-star\" viewBox=\"0 0 576 512\" xmlns=\"http:\/\/www.w3.org\/2000\/svg\"><path d=\"M259.3 17.8L194 150.2 47.9 171.5c-26.2 3.8-36.7 36.1-17.7 54.6l105.7 103-25 145.5c-4.5 26.3 23.2 46 46.4 33.7L288 439.6l130.7 68.7c23.2 12.2 50.9-7.4 46.4-33.7l-25-145.5 105.7-103c19-18.5 8.5-50.8-17.7-54.6L382 150.2 316.7 17.8c-11.7-23.6-45.6-23.9-57.4 0z\"><\/path><\/svg><\/span>\t\t\t\t\t\n\t\t\t\t\t<span class=\"wd-list-content list-content\">\n\t\t\t\t\t\tapplication note\t\t\t\t\t<\/span>\n\n\t\t\t\t\t\t\t\t\t<\/li>\n\t\t\t\t\t<\/ul>\n\n\t\t\t\t\t\t<\/div>\n\t\t\t\t<\/div>\n\t\t\t\t<div class=\"elementor-element elementor-element-a387af9 elementor-widget elementor-widget-wd_list\" data-id=\"a387af9\" data-element_type=\"widget\" data-widget_type=\"wd_list.default\">\n\t\t\t\t<div class=\"elementor-widget-container\">\n\t\t\t\t\t\t\t<ul class=\"wd-list color-scheme-custom wd-fontsize-xs wd-type-icon wd-style-default text-left\">\n\t\t\t\t\t\t\t\t\t\t\t<li class=\"elementor-repeater-item-fe163c2\">\n\t\t\t\t\t\t\t\t\t\t\t<span class=\"wd-icon\"><svg class=\"e-font-icon-svg e-fas-star\" viewBox=\"0 0 576 512\" xmlns=\"http:\/\/www.w3.org\/2000\/svg\"><path d=\"M259.3 17.8L194 150.2 47.9 171.5c-26.2 3.8-36.7 36.1-17.7 54.6l105.7 103-25 145.5c-4.5 26.3 23.2 46 46.4 33.7L288 439.6l130.7 68.7c23.2 12.2 50.9-7.4 46.4-33.7l-25-145.5 105.7-103c19-18.5 8.5-50.8-17.7-54.6L382 150.2 316.7 17.8c-11.7-23.6-45.6-23.9-57.4 0z\"><\/path><\/svg><\/span>\t\t\t\t\t\n\t\t\t\t\t<span class=\"wd-list-content list-content\">\n\t\t\t\t\t\tdatasheet\t\t\t\t\t<\/span>\n\n\t\t\t\t\t\t\t\t\t<\/li>\n\t\t\t\t\t\t\t\t\t\t\t<li class=\"elementor-repeater-item-66113ab\">\n\t\t\t\t\t\t\t\t\t\t\t<span class=\"wd-icon\"><svg class=\"e-font-icon-svg e-fas-star\" viewBox=\"0 0 576 512\" xmlns=\"http:\/\/www.w3.org\/2000\/svg\"><path d=\"M259.3 17.8L194 150.2 47.9 171.5c-26.2 3.8-36.7 36.1-17.7 54.6l105.7 103-25 145.5c-4.5 26.3 23.2 46 46.4 33.7L288 439.6l130.7 68.7c23.2 12.2 50.9-7.4 46.4-33.7l-25-145.5 105.7-103c19-18.5 8.5-50.8-17.7-54.6L382 150.2 316.7 17.8c-11.7-23.6-45.6-23.9-57.4 0z\"><\/path><\/svg><\/span>\t\t\t\t\t\n\t\t\t\t\t<span class=\"wd-list-content list-content\">\n\t\t\t\t\t\tuser manual\t\t\t\t\t<\/span>\n\n\t\t\t\t\t\n\t\t\t\t\t\t<a  href=\"https:\/\/cemtestinstrumentsgmbh357-my.sharepoint.com\/:b:\/g\/personal\/sh_li_cemtestinstrumentsgmbh357_onmicrosoft_com\/EVGqBHGJUHJKl9C1L3qC8rIBCKyCvA2yXtDLDS1BV6NiMw?e=PO8hhe\" class=\"wd-fill\" aria-label=\"List item link\" target=\"_blank\" rel=\"nofollow\"><\/a>\n\t\t\t\t\t\t\t\t\t<\/li>\n\t\t\t\t\t<\/ul>\n\n\t\t\t\t\t\t<\/div>\n\t\t\t\t<\/div>\n\t\t\t\t<\/div>\n\t\t<div class=\"elementor-element elementor-element-8939b6e e-con-full e-flex e-con e-child\" data-id=\"8939b6e\" data-element_type=\"container\">\n\t\t\t\t<\/div>\n\t\t\t\t<\/div>\n\t\t\t\t\t<\/div>\n\t\t<\/div>\n\t\t\t\t\t\t<\/div>\n\t\t\t\t<\/div>\n\t\t\t\t<\/div>\n\t\t\t\t\t<\/div>\n\t\t\t\t<\/div>\n\t\t\t\t<\/div>\n\t\t","protected":false},"excerpt":{"rendered":"<p>96 Partikelz\u00e4hler mit 2,0&#8243; Farb-TFT-LCD-Display bietet schnelle, einfache und pr\u00e4zise Messungen f\u00fcr Partikelz\u00e4hler und Partikelmassekonzentration sowie Lufttemperatur- und relative Luftfeuchtigkeitsmessungen. Es ist die weltweit erste Kombination dieser Messungen und stellt das beste Instrument f\u00fcr den Umweltschutz und die Energieeinsparung dar.<\/p>\n<p>96B bietet Partikelz\u00e4hler, Lufttemperatur, relative Luftfeuchtigkeit und eine Bluetooth-Schnittstelle. 96H bietet Partikelz\u00e4hler, Lufttemperatur, relative Luftfeuchtigkeit und HCHO-Messung.<\/p>\n","protected":false},"featured_media":31352,"template":"","meta":{"_cloudinary_featured_overwrite":false},"product_brand":[],"product_cat":[355,422],"product_tag":[],"class_list":{"0":"post-31351","1":"product","2":"type-product","3":"status-publish","4":"has-post-thumbnail","6":"product_cat-environmental_tools","7":"product_cat-particle_counter","9":"first","10":"instock","11":"shipping-taxable","12":"product-type-simple"},"yoast_head":"<!-- This site is optimized with the Yoast SEO plugin v24.3 - https:\/\/yoast.com\/wordpress\/plugins\/seo\/ -->\n<title>DT-96\/96B\/96H Mini Partikelz\u00e4hler - CEM Test Instruments GmbH<\/title>\n<meta name=\"description\" content=\"96 Partikelz\u00e4hler mit 2,0&quot; Farb-TFT-LCD-Display bietet schnelle, einfache und pr\u00e4zise Messungen f\u00fcr Partikelz\u00e4hler und Partikelmassekonzentration sowie Lufttemperatur- und relative Luftfeuchtigkeitsmessungen. Es ist die weltweit erste Kombination dieser Messungen und stellt das beste Instrument f\u00fcr den Umweltschutz und die Energieeinsparung dar.96B bietet Partikelz\u00e4hler, Lufttemperatur, relative Luftfeuchtigkeit und eine Bluetooth-Schnittstelle. 96H bietet Partikelz\u00e4hler, Lufttemperatur, relative Luftfeuchtigkeit und HCHO-Messung.\" \/>\n<meta name=\"robots\" content=\"index, follow, max-snippet:-1, max-image-preview:large, max-video-preview:-1\" \/>\n<link rel=\"canonical\" href=\"https:\/\/cem-instruments.de\/de\/product\/dt96-partikelzaehler\/\" \/>\n<meta property=\"og:locale\" content=\"de_DE\" \/>\n<meta property=\"og:type\" content=\"article\" \/>\n<meta property=\"og:title\" content=\"DT-96\/96B\/96H Mini Partikelz\u00e4hler - CEM Test Instruments GmbH\" \/>\n<meta property=\"og:description\" content=\"96 Partikelz\u00e4hler mit 2,0&quot; Farb-TFT-LCD-Display bietet schnelle, einfache und pr\u00e4zise Messungen f\u00fcr Partikelz\u00e4hler und Partikelmassekonzentration sowie Lufttemperatur- und relative Luftfeuchtigkeitsmessungen. Es ist die weltweit erste Kombination dieser Messungen und stellt das beste Instrument f\u00fcr den Umweltschutz und die Energieeinsparung dar.96B bietet Partikelz\u00e4hler, Lufttemperatur, relative Luftfeuchtigkeit und eine Bluetooth-Schnittstelle. 96H bietet Partikelz\u00e4hler, Lufttemperatur, relative Luftfeuchtigkeit und HCHO-Messung.\" \/>\n<meta property=\"og:url\" content=\"https:\/\/cem-instruments.de\/de\/product\/dt96-partikelzaehler\/\" \/>\n<meta property=\"og:site_name\" content=\"CEM Test Instruments GmbH\" \/>\n<meta property=\"article:modified_time\" content=\"2025-01-24T23:44:43+00:00\" \/>\n<meta property=\"og:image\" content=\"https:\/\/res.cloudinary.com\/dathdmgqz\/images\/f_auto,q_auto\/v1728995323\/DT_96_2_vswoqp\/DT_96_2_vswoqp.jpg?_i=AA\" \/>\n\t<meta property=\"og:image:width\" content=\"540\" \/>\n\t<meta property=\"og:image:height\" content=\"720\" \/>\n\t<meta property=\"og:image:type\" content=\"image\/jpeg\" \/>\n<meta name=\"twitter:card\" content=\"summary_large_image\" \/>\n<meta name=\"twitter:label1\" content=\"Gesch\u00e4tzte Lesezeit\" \/>\n\t<meta name=\"twitter:data1\" content=\"2\u00a0Minuten\" \/>\n<script type=\"application\/ld+json\" class=\"yoast-schema-graph\">{\"@context\":\"https:\/\/schema.org\",\"@graph\":[{\"@type\":\"WebPage\",\"@id\":\"https:\/\/cem-instruments.de\/de\/product\/dt96-partikelzaehler\/\",\"url\":\"https:\/\/cem-instruments.de\/de\/product\/dt96-partikelzaehler\/\",\"name\":\"DT-96\/96B\/96H Mini Partikelz\u00e4hler - CEM Test Instruments GmbH\",\"isPartOf\":{\"@id\":\"https:\/\/cem-instruments.de\/de\/#website\"},\"primaryImageOfPage\":{\"@id\":\"https:\/\/cem-instruments.de\/de\/product\/dt96-partikelzaehler\/#primaryimage\"},\"image\":{\"@id\":\"https:\/\/cem-instruments.de\/de\/product\/dt96-partikelzaehler\/#primaryimage\"},\"thumbnailUrl\":\"https:\/\/res.cloudinary.com\/dathdmgqz\/images\/f_auto,q_auto\/v1728995323\/DT_96_2_vswoqp\/DT_96_2_vswoqp.jpg?_i=AA\",\"datePublished\":\"2024-10-16T10:54:32+00:00\",\"dateModified\":\"2025-01-24T23:44:43+00:00\",\"description\":\"96 Partikelz\u00e4hler mit 2,0\\\" Farb-TFT-LCD-Display bietet schnelle, einfache und pr\u00e4zise Messungen f\u00fcr Partikelz\u00e4hler und Partikelmassekonzentration sowie Lufttemperatur- und relative Luftfeuchtigkeitsmessungen. Es ist die weltweit erste Kombination dieser Messungen und stellt das beste Instrument f\u00fcr den Umweltschutz und die Energieeinsparung dar.96B bietet Partikelz\u00e4hler, Lufttemperatur, relative Luftfeuchtigkeit und eine Bluetooth-Schnittstelle. 96H bietet Partikelz\u00e4hler, Lufttemperatur, relative Luftfeuchtigkeit und HCHO-Messung.\",\"breadcrumb\":{\"@id\":\"https:\/\/cem-instruments.de\/de\/product\/dt96-partikelzaehler\/#breadcrumb\"},\"inLanguage\":\"de\",\"potentialAction\":[{\"@type\":\"ReadAction\",\"target\":[\"https:\/\/cem-instruments.de\/de\/product\/dt96-partikelzaehler\/\"]}]},{\"@type\":\"ImageObject\",\"inLanguage\":\"de\",\"@id\":\"https:\/\/cem-instruments.de\/de\/product\/dt96-partikelzaehler\/#primaryimage\",\"url\":\"https:\/\/res.cloudinary.com\/dathdmgqz\/images\/f_auto,q_auto\/v1728995323\/DT_96_2_vswoqp\/DT_96_2_vswoqp.jpg?_i=AA\",\"contentUrl\":\"https:\/\/res.cloudinary.com\/dathdmgqz\/images\/f_auto,q_auto\/v1728995323\/DT_96_2_vswoqp\/DT_96_2_vswoqp.jpg?_i=AA\",\"width\":540,\"height\":720},{\"@type\":\"BreadcrumbList\",\"@id\":\"https:\/\/cem-instruments.de\/de\/product\/dt96-partikelzaehler\/#breadcrumb\",\"itemListElement\":[{\"@type\":\"ListItem\",\"position\":1,\"name\":\"Home\",\"item\":\"https:\/\/cem-instruments.de\/de\/\"},{\"@type\":\"ListItem\",\"position\":2,\"name\":\"Products\",\"item\":\"https:\/\/cem-instruments.de\/de\/shop\/\"},{\"@type\":\"ListItem\",\"position\":3,\"name\":\"DT-96\/96B\/96H Mini Partikelz\u00e4hler\"}]},{\"@type\":\"WebSite\",\"@id\":\"https:\/\/cem-instruments.de\/de\/#website\",\"url\":\"https:\/\/cem-instruments.de\/de\/\",\"name\":\"CEM Test Instruments GmbH\",\"description\":\"CEM Test Instruments GmbH\",\"publisher\":{\"@id\":\"https:\/\/cem-instruments.de\/de\/#organization\"},\"alternateName\":\"best partner for electronic instruments\",\"potentialAction\":[{\"@type\":\"SearchAction\",\"target\":{\"@type\":\"EntryPoint\",\"urlTemplate\":\"https:\/\/cem-instruments.de\/de\/?s={search_term_string}\"},\"query-input\":{\"@type\":\"PropertyValueSpecification\",\"valueRequired\":true,\"valueName\":\"search_term_string\"}}],\"inLanguage\":\"de\"},{\"@type\":\"Organization\",\"@id\":\"https:\/\/cem-instruments.de\/de\/#organization\",\"name\":\"CEM Test Instruments GmbH\",\"url\":\"https:\/\/cem-instruments.de\/de\/\",\"logo\":{\"@type\":\"ImageObject\",\"inLanguage\":\"de\",\"@id\":\"https:\/\/cem-instruments.de\/de\/#\/schema\/logo\/image\/\",\"url\":\"https:\/\/res.cloudinary.com\/dathdmgqz\/images\/f_auto,q_auto\/v1728637129\/cropped-2024-10-11-10_57_57-cem-instruments.de-\u2013-CEM-instruments-GmbH\/cropped-2024-10-11-10_57_57-cem-instruments.de-\u2013-CEM-instruments-GmbH.jpg?_i=AA\",\"contentUrl\":\"https:\/\/res.cloudinary.com\/dathdmgqz\/images\/f_auto,q_auto\/v1728637129\/cropped-2024-10-11-10_57_57-cem-instruments.de-\u2013-CEM-instruments-GmbH\/cropped-2024-10-11-10_57_57-cem-instruments.de-\u2013-CEM-instruments-GmbH.jpg?_i=AA\",\"width\":512,\"height\":512,\"caption\":\"CEM Test Instruments GmbH\"},\"image\":{\"@id\":\"https:\/\/cem-instruments.de\/de\/#\/schema\/logo\/image\/\"}}]}<\/script>\n<!-- \/ Yoast SEO plugin. -->","yoast_head_json":{"title":"DT-96\/96B\/96H Mini Partikelz\u00e4hler - CEM Test Instruments GmbH","description":"96 Partikelz\u00e4hler mit 2,0\" Farb-TFT-LCD-Display bietet schnelle, einfache und pr\u00e4zise Messungen f\u00fcr Partikelz\u00e4hler und Partikelmassekonzentration sowie Lufttemperatur- und relative Luftfeuchtigkeitsmessungen. Es ist die weltweit erste Kombination dieser Messungen und stellt das beste Instrument f\u00fcr den Umweltschutz und die Energieeinsparung dar.96B bietet Partikelz\u00e4hler, Lufttemperatur, relative Luftfeuchtigkeit und eine Bluetooth-Schnittstelle. 96H bietet Partikelz\u00e4hler, Lufttemperatur, relative Luftfeuchtigkeit und HCHO-Messung.","robots":{"index":"index","follow":"follow","max-snippet":"max-snippet:-1","max-image-preview":"max-image-preview:large","max-video-preview":"max-video-preview:-1"},"canonical":"https:\/\/cem-instruments.de\/de\/product\/dt96-partikelzaehler\/","og_locale":"de_DE","og_type":"article","og_title":"DT-96\/96B\/96H Mini Partikelz\u00e4hler - CEM Test Instruments GmbH","og_description":"96 Partikelz\u00e4hler mit 2,0\" Farb-TFT-LCD-Display bietet schnelle, einfache und pr\u00e4zise Messungen f\u00fcr Partikelz\u00e4hler und Partikelmassekonzentration sowie Lufttemperatur- und relative Luftfeuchtigkeitsmessungen. Es ist die weltweit erste Kombination dieser Messungen und stellt das beste Instrument f\u00fcr den Umweltschutz und die Energieeinsparung dar.96B bietet Partikelz\u00e4hler, Lufttemperatur, relative Luftfeuchtigkeit und eine Bluetooth-Schnittstelle. 96H bietet Partikelz\u00e4hler, Lufttemperatur, relative Luftfeuchtigkeit und HCHO-Messung.","og_url":"https:\/\/cem-instruments.de\/de\/product\/dt96-partikelzaehler\/","og_site_name":"CEM Test Instruments GmbH","article_modified_time":"2025-01-24T23:44:43+00:00","og_image":[{"width":540,"height":720,"url":"https:\/\/res.cloudinary.com\/dathdmgqz\/images\/f_auto,q_auto\/v1728995323\/DT_96_2_vswoqp\/DT_96_2_vswoqp.jpg?_i=AA","type":"image\/jpeg"}],"twitter_card":"summary_large_image","twitter_misc":{"Gesch\u00e4tzte Lesezeit":"2\u00a0Minuten"},"schema":{"@context":"https:\/\/schema.org","@graph":[{"@type":"WebPage","@id":"https:\/\/cem-instruments.de\/de\/product\/dt96-partikelzaehler\/","url":"https:\/\/cem-instruments.de\/de\/product\/dt96-partikelzaehler\/","name":"DT-96\/96B\/96H Mini Partikelz\u00e4hler - CEM Test Instruments GmbH","isPartOf":{"@id":"https:\/\/cem-instruments.de\/de\/#website"},"primaryImageOfPage":{"@id":"https:\/\/cem-instruments.de\/de\/product\/dt96-partikelzaehler\/#primaryimage"},"image":{"@id":"https:\/\/cem-instruments.de\/de\/product\/dt96-partikelzaehler\/#primaryimage"},"thumbnailUrl":"https:\/\/res.cloudinary.com\/dathdmgqz\/images\/f_auto,q_auto\/v1728995323\/DT_96_2_vswoqp\/DT_96_2_vswoqp.jpg?_i=AA","datePublished":"2024-10-16T10:54:32+00:00","dateModified":"2025-01-24T23:44:43+00:00","description":"96 Partikelz\u00e4hler mit 2,0\" Farb-TFT-LCD-Display bietet schnelle, einfache und pr\u00e4zise Messungen f\u00fcr Partikelz\u00e4hler und Partikelmassekonzentration sowie Lufttemperatur- und relative Luftfeuchtigkeitsmessungen. Es ist die weltweit erste Kombination dieser Messungen und stellt das beste Instrument f\u00fcr den Umweltschutz und die Energieeinsparung dar.96B bietet Partikelz\u00e4hler, Lufttemperatur, relative Luftfeuchtigkeit und eine Bluetooth-Schnittstelle. 96H bietet Partikelz\u00e4hler, Lufttemperatur, relative Luftfeuchtigkeit und HCHO-Messung.","breadcrumb":{"@id":"https:\/\/cem-instruments.de\/de\/product\/dt96-partikelzaehler\/#breadcrumb"},"inLanguage":"de","potentialAction":[{"@type":"ReadAction","target":["https:\/\/cem-instruments.de\/de\/product\/dt96-partikelzaehler\/"]}]},{"@type":"ImageObject","inLanguage":"de","@id":"https:\/\/cem-instruments.de\/de\/product\/dt96-partikelzaehler\/#primaryimage","url":"https:\/\/res.cloudinary.com\/dathdmgqz\/images\/f_auto,q_auto\/v1728995323\/DT_96_2_vswoqp\/DT_96_2_vswoqp.jpg?_i=AA","contentUrl":"https:\/\/res.cloudinary.com\/dathdmgqz\/images\/f_auto,q_auto\/v1728995323\/DT_96_2_vswoqp\/DT_96_2_vswoqp.jpg?_i=AA","width":540,"height":720},{"@type":"BreadcrumbList","@id":"https:\/\/cem-instruments.de\/de\/product\/dt96-partikelzaehler\/#breadcrumb","itemListElement":[{"@type":"ListItem","position":1,"name":"Home","item":"https:\/\/cem-instruments.de\/de\/"},{"@type":"ListItem","position":2,"name":"Products","item":"https:\/\/cem-instruments.de\/de\/shop\/"},{"@type":"ListItem","position":3,"name":"DT-96\/96B\/96H Mini Partikelz\u00e4hler"}]},{"@type":"WebSite","@id":"https:\/\/cem-instruments.de\/de\/#website","url":"https:\/\/cem-instruments.de\/de\/","name":"CEM Test Instruments GmbH","description":"CEM Test Instruments GmbH","publisher":{"@id":"https:\/\/cem-instruments.de\/de\/#organization"},"alternateName":"best partner for electronic instruments","potentialAction":[{"@type":"SearchAction","target":{"@type":"EntryPoint","urlTemplate":"https:\/\/cem-instruments.de\/de\/?s={search_term_string}"},"query-input":{"@type":"PropertyValueSpecification","valueRequired":true,"valueName":"search_term_string"}}],"inLanguage":"de"},{"@type":"Organization","@id":"https:\/\/cem-instruments.de\/de\/#organization","name":"CEM Test Instruments GmbH","url":"https:\/\/cem-instruments.de\/de\/","logo":{"@type":"ImageObject","inLanguage":"de","@id":"https:\/\/cem-instruments.de\/de\/#\/schema\/logo\/image\/","url":"https:\/\/res.cloudinary.com\/dathdmgqz\/images\/f_auto,q_auto\/v1728637129\/cropped-2024-10-11-10_57_57-cem-instruments.de-\u2013-CEM-instruments-GmbH\/cropped-2024-10-11-10_57_57-cem-instruments.de-\u2013-CEM-instruments-GmbH.jpg?_i=AA","contentUrl":"https:\/\/res.cloudinary.com\/dathdmgqz\/images\/f_auto,q_auto\/v1728637129\/cropped-2024-10-11-10_57_57-cem-instruments.de-\u2013-CEM-instruments-GmbH\/cropped-2024-10-11-10_57_57-cem-instruments.de-\u2013-CEM-instruments-GmbH.jpg?_i=AA","width":512,"height":512,"caption":"CEM Test Instruments GmbH"},"image":{"@id":"https:\/\/cem-instruments.de\/de\/#\/schema\/logo\/image\/"}}]}},"_links":{"self":[{"href":"https:\/\/cem-instruments.de\/de\/wp-json\/wp\/v2\/product\/31351","targetHints":{"allow":["GET"]}}],"collection":[{"href":"https:\/\/cem-instruments.de\/de\/wp-json\/wp\/v2\/product"}],"about":[{"href":"https:\/\/cem-instruments.de\/de\/wp-json\/wp\/v2\/types\/product"}],"version-history":[{"count":5,"href":"https:\/\/cem-instruments.de\/de\/wp-json\/wp\/v2\/product\/31351\/revisions"}],"predecessor-version":[{"id":32170,"href":"https:\/\/cem-instruments.de\/de\/wp-json\/wp\/v2\/product\/31351\/revisions\/32170"}],"wp:featuredmedia":[{"embeddable":true,"href":"https:\/\/cem-instruments.de\/de\/wp-json\/wp\/v2\/media\/31352"}],"wp:attachment":[{"href":"https:\/\/cem-instruments.de\/de\/wp-json\/wp\/v2\/media?parent=31351"}],"wp:term":[{"taxonomy":"product_brand","embeddable":true,"href":"https:\/\/cem-instruments.de\/de\/wp-json\/wp\/v2\/product_brand?post=31351"},{"taxonomy":"product_cat","embeddable":true,"href":"https:\/\/cem-instruments.de\/de\/wp-json\/wp\/v2\/product_cat?post=31351"},{"taxonomy":"product_tag","embeddable":true,"href":"https:\/\/cem-instruments.de\/de\/wp-json\/wp\/v2\/product_tag?post=31351"}],"curies":[{"name":"wp","href":"https:\/\/api.w.org\/{rel}","templated":true}]}}