{"id":31362,"date":"2024-10-16T13:01:22","date_gmt":"2024-10-16T11:01:22","guid":{"rendered":"https:\/\/cem-instruments.de\/de\/?post_type=product&#038;p=31362"},"modified":"2025-01-25T00:46:43","modified_gmt":"2025-01-24T23:46:43","slug":"dt125h-fmessgeraete","status":"publish","type":"product","link":"https:\/\/cem-instruments.de\/de\/product\/dt125h-fmessgeraete\/","title":{"rendered":"DT-125H\/125G Feuchtigkeitsmessger\u00e4te"},"content":{"rendered":"\t\t<div data-elementor-type=\"wp-post\" data-elementor-id=\"31362\" class=\"elementor elementor-31362\" data-elementor-post-type=\"product\">\n\t\t\t\t<div class=\"wd-negative-gap elementor-element elementor-element-5d290d8 e-flex e-con-boxed e-con e-parent\" data-id=\"5d290d8\" data-element_type=\"container\">\n\t\t\t\t\t<div class=\"e-con-inner\">\n\t\t<div class=\"elementor-element elementor-element-680127d e-con-full e-flex e-con e-child\" data-id=\"680127d\" data-element_type=\"container\">\n\t\t\t\t<div class=\"elementor-element elementor-element-25e3c97 e-n-tabs-mobile elementor-widget elementor-widget-n-tabs\" data-id=\"25e3c97\" data-element_type=\"widget\" data-settings=\"{&quot;tabs_justify_horizontal&quot;:&quot;start&quot;,&quot;horizontal_scroll&quot;:&quot;disable&quot;}\" data-widget_type=\"nested-tabs.default\">\n\t\t\t\t<div class=\"elementor-widget-container\">\n\t\t\t\t\t\t\t<div class=\"e-n-tabs\" data-widget-number=\"39730327\" aria-label=\"Tabs. Open items with Enter or Space, close with Escape and navigate using the Arrow keys.\">\n\t\t\t<div class=\"e-n-tabs-heading\" role=\"tablist\">\n\t\t\t\t\t<button id=\"e-n-tab-title-397303271\" class=\"e-n-tab-title\" aria-selected=\"true\" data-tab-index=\"1\" role=\"tab\" tabindex=\"0\" aria-controls=\"e-n-tab-content-397303271\" style=\"--n-tabs-title-order: 1;\">\n\t\t\t\t\t\t<span class=\"e-n-tab-title-text\">\n\t\t\t\tDescription\t\t\t<\/span>\n\t\t<\/button>\n\t\t\t\t<button id=\"e-n-tab-title-397303272\" class=\"e-n-tab-title\" aria-selected=\"false\" data-tab-index=\"2\" role=\"tab\" tabindex=\"-1\" aria-controls=\"e-n-tab-content-397303272\" style=\"--n-tabs-title-order: 2;\">\n\t\t\t\t\t\t<span class=\"e-n-tab-title-text\">\n\t\t\t\tSpecification\t\t\t<\/span>\n\t\t<\/button>\n\t\t\t\t<button id=\"e-n-tab-title-397303273\" class=\"e-n-tab-title\" aria-selected=\"false\" data-tab-index=\"3\" role=\"tab\" tabindex=\"-1\" aria-controls=\"e-n-tab-content-397303273\" style=\"--n-tabs-title-order: 3;\">\n\t\t\t\t\t\t<span class=\"e-n-tab-title-text\">\n\t\t\t\tResources\t\t\t<\/span>\n\t\t<\/button>\n\t\t\t\t\t<\/div>\n\t\t\t<div class=\"e-n-tabs-content\">\n\t\t\t\t<div id=\"e-n-tab-content-397303271\" role=\"tabpanel\" aria-labelledby=\"e-n-tab-title-397303271\" data-tab-index=\"1\" style=\"--n-tabs-title-order: 1;\" class=\"e-active elementor-element elementor-element-d9351f2 e-con-full e-flex e-con e-child\" data-id=\"d9351f2\" data-element_type=\"container\">\n\t\t<div class=\"wd-negative-gap elementor-element elementor-element-16fe35d e-flex e-con-boxed e-con e-child\" data-id=\"16fe35d\" data-element_type=\"container\">\n\t\t\t\t\t<div class=\"e-con-inner\">\n\t\t\t\t<div class=\"elementor-element elementor-element-f71e867 elementor-widget elementor-widget-wd_text_block\" data-id=\"f71e867\" data-element_type=\"widget\" data-widget_type=\"wd_text_block.default\">\n\t\t\t\t<div class=\"elementor-widget-container\">\n\t\t\t\t\t\t\t<div class=\"wd-text-block reset-last-child text-left\">\n\t\t\t\n\t\t\t<p>125H\/125G-Serie Feuchtigkeitsmessger\u00e4te werden zur Messung der Feuchtigkeit in Holz, Gips und Baustoffen verwendet. Integrierte Eigenschaften f\u00fcr 8 Materialgruppen erh\u00f6hen die Messgenauigkeit. Der Nass\/Trocken-Indikator bewertet und interpretiert Messungen in Bezug auf das gegebene Material. Das \u00fcbersichtlich organisierte, funktionale Display und der Gummischutz um das Geh\u00e4use machen dieses Ger\u00e4t gut geeignet f\u00fcr den Einsatz in rauen professionellen Umgebungen.<\/p><p>125G kann verschiedene Messanforderungen mit verschiedenen professionellen Fernsonden erf\u00fcllen.<\/p><p><strong>Merkmale<\/strong><\/p>\n\t\t\t\t\t<\/div>\n\t\t\t\t\t\t<\/div>\n\t\t\t\t<\/div>\n\t\t\t\t\t<\/div>\n\t\t\t\t<\/div>\n\t\t<div class=\"elementor-element elementor-element-673bdf0 e-con-full e-flex e-con e-child\" data-id=\"673bdf0\" data-element_type=\"container\">\n\t\t\t\t<div class=\"elementor-element elementor-element-b4fca04 elementor-widget elementor-widget-wd_image_or_svg\" data-id=\"b4fca04\" data-element_type=\"widget\" data-widget_type=\"wd_image_or_svg.default\">\n\t\t\t\t<div class=\"elementor-widget-container\">\n\t\t\t\t\t\n\t\t<div class=\"wd-image text-left\">\n\t\t\t\t\t\t\t\t<img width=\"261\" height=\"70\" data-public-id=\"730fb92adf5d9016690c3df7cc9cc2d_jiwjdy\/730fb92adf5d9016690c3df7cc9cc2d_jiwjdy.png\" decoding=\"async\" src=\"https:\/\/res.cloudinary.com\/dathdmgqz\/images\/w_261,h_70,c_scale\/f_auto,q_auto\/v1728995309\/730fb92adf5d9016690c3df7cc9cc2d_jiwjdy\/730fb92adf5d9016690c3df7cc9cc2d_jiwjdy.png?_i=AA\" class=\"attachment-full size-full wp-image-31367\" alt=\"\" data-format=\"png\" data-transformations=\"f_auto,q_auto\" data-version=\"1728995309\" data-seo=\"1\" data-responsive=\"1\" srcset=\"https:\/\/res.cloudinary.com\/dathdmgqz\/images\/w_261,h_70,c_scale\/f_auto,q_auto\/v1728995309\/730fb92adf5d9016690c3df7cc9cc2d_jiwjdy\/730fb92adf5d9016690c3df7cc9cc2d_jiwjdy.png?_i=AA 261w, https:\/\/res.cloudinary.com\/dathdmgqz\/images\/w_248,h_66,c_scale\/f_auto,q_auto\/v1728995309\/730fb92adf5d9016690c3df7cc9cc2d_jiwjdy\/730fb92adf5d9016690c3df7cc9cc2d_jiwjdy.png?_i=AA 248w\" sizes=\"(max-width: 261px) 100vw, 261px\" \/>\t\t\t\t\t<\/div>\n\n\t\t\t\t\t\t<\/div>\n\t\t\t\t<\/div>\n\t\t\t\t<\/div>\n\t\t\t\t<\/div>\n\t\t<div id=\"e-n-tab-content-397303272\" role=\"tabpanel\" aria-labelledby=\"e-n-tab-title-397303272\" data-tab-index=\"2\" style=\"--n-tabs-title-order: 2;\" class=\" elementor-element elementor-element-69a34d7 e-con-full e-flex e-con e-child\" data-id=\"69a34d7\" data-element_type=\"container\">\n\t\t\t\t<div class=\"elementor-element elementor-element-b46aa2d elementor-widget elementor-widget-wd_image_or_svg\" data-id=\"b46aa2d\" data-element_type=\"widget\" data-widget_type=\"wd_image_or_svg.default\">\n\t\t\t\t<div class=\"elementor-widget-container\">\n\t\t\t\t\t\n\t\t<div class=\"wd-image text-left\">\n\t\t\t\t\t\t\t\t<img width=\"359\" height=\"343\" data-public-id=\"87aa83dcb537968ba132f08970b42a3_wss88k\/87aa83dcb537968ba132f08970b42a3_wss88k.png\" fetchpriority=\"high\" decoding=\"async\" src=\"https:\/\/res.cloudinary.com\/dathdmgqz\/images\/w_359,h_343,c_scale\/f_auto,q_auto\/v1728995310\/87aa83dcb537968ba132f08970b42a3_wss88k\/87aa83dcb537968ba132f08970b42a3_wss88k.png?_i=AA\" class=\"attachment-full size-full wp-image-31368\" alt=\"\" data-format=\"png\" data-transformations=\"f_auto,q_auto\" data-version=\"1728995310\" data-seo=\"1\" data-responsive=\"1\" srcset=\"https:\/\/res.cloudinary.com\/dathdmgqz\/images\/w_359,h_343,c_scale\/f_auto,q_auto\/v1728995310\/87aa83dcb537968ba132f08970b42a3_wss88k\/87aa83dcb537968ba132f08970b42a3_wss88k.png?_i=AA 359w, https:\/\/res.cloudinary.com\/dathdmgqz\/images\/w_248,h_236,c_scale\/f_auto,q_auto\/v1728995310\/87aa83dcb537968ba132f08970b42a3_wss88k\/87aa83dcb537968ba132f08970b42a3_wss88k.png?_i=AA 248w\" sizes=\"(max-width: 359px) 100vw, 359px\" \/>\t\t\t\t\t<\/div>\n\n\t\t\t\t\t\t<\/div>\n\t\t\t\t<\/div>\n\t\t\t\t<\/div>\n\t\t<div id=\"e-n-tab-content-397303273\" role=\"tabpanel\" aria-labelledby=\"e-n-tab-title-397303273\" data-tab-index=\"3\" style=\"--n-tabs-title-order: 3;\" class=\" elementor-element elementor-element-fa2eb44 e-con-full e-flex e-con e-child\" data-id=\"fa2eb44\" data-element_type=\"container\">\n\t\t<div class=\"elementor-element elementor-element-d1ccd33 e-con-full e-flex e-con e-child\" data-id=\"d1ccd33\" data-element_type=\"container\">\n\t\t\t\t<div class=\"elementor-element elementor-element-3f29922 elementor-widget elementor-widget-wd_list\" data-id=\"3f29922\" data-element_type=\"widget\" data-widget_type=\"wd_list.default\">\n\t\t\t\t<div class=\"elementor-widget-container\">\n\t\t\t\t\t\t\t<ul class=\"wd-list color-scheme- wd-fontsize-xs wd-type-icon wd-style-default text-left\">\n\t\t\t\t\t\t\t\t\t\t\t<li class=\"elementor-repeater-item-fe163c2\">\n\t\t\t\t\t\t\t\t\t\t\t<span class=\"wd-icon\"><svg class=\"e-font-icon-svg e-fas-star\" viewBox=\"0 0 576 512\" xmlns=\"http:\/\/www.w3.org\/2000\/svg\"><path d=\"M259.3 17.8L194 150.2 47.9 171.5c-26.2 3.8-36.7 36.1-17.7 54.6l105.7 103-25 145.5c-4.5 26.3 23.2 46 46.4 33.7L288 439.6l130.7 68.7c23.2 12.2 50.9-7.4 46.4-33.7l-25-145.5 105.7-103c19-18.5 8.5-50.8-17.7-54.6L382 150.2 316.7 17.8c-11.7-23.6-45.6-23.9-57.4 0z\"><\/path><\/svg><\/span>\t\t\t\t\t\n\t\t\t\t\t<span class=\"wd-list-content list-content\">\n\t\t\t\t\t\tapplication note\t\t\t\t\t<\/span>\n\n\t\t\t\t\t\t\t\t\t<\/li>\n\t\t\t\t\t<\/ul>\n\n\t\t\t\t\t\t<\/div>\n\t\t\t\t<\/div>\n\t\t\t\t<div class=\"elementor-element elementor-element-926f1cf elementor-widget elementor-widget-wd_list\" data-id=\"926f1cf\" data-element_type=\"widget\" data-widget_type=\"wd_list.default\">\n\t\t\t\t<div class=\"elementor-widget-container\">\n\t\t\t\t\t\t\t<ul class=\"wd-list color-scheme-custom wd-fontsize-xs wd-type-icon wd-style-default text-left\">\n\t\t\t\t\t\t\t\t\t\t\t<li class=\"elementor-repeater-item-fe163c2\">\n\t\t\t\t\t\t\t\t\t\t\t<span class=\"wd-icon\"><svg class=\"e-font-icon-svg e-fas-star\" viewBox=\"0 0 576 512\" xmlns=\"http:\/\/www.w3.org\/2000\/svg\"><path d=\"M259.3 17.8L194 150.2 47.9 171.5c-26.2 3.8-36.7 36.1-17.7 54.6l105.7 103-25 145.5c-4.5 26.3 23.2 46 46.4 33.7L288 439.6l130.7 68.7c23.2 12.2 50.9-7.4 46.4-33.7l-25-145.5 105.7-103c19-18.5 8.5-50.8-17.7-54.6L382 150.2 316.7 17.8c-11.7-23.6-45.6-23.9-57.4 0z\"><\/path><\/svg><\/span>\t\t\t\t\t\n\t\t\t\t\t<span class=\"wd-list-content list-content\">\n\t\t\t\t\t\tdatasheet\t\t\t\t\t<\/span>\n\n\t\t\t\t\t\t\t\t\t<\/li>\n\t\t\t\t\t\t\t\t\t\t\t<li class=\"elementor-repeater-item-66113ab\">\n\t\t\t\t\t\t\t\t\t\t\t<span class=\"wd-icon\"><svg class=\"e-font-icon-svg e-fas-star\" viewBox=\"0 0 576 512\" xmlns=\"http:\/\/www.w3.org\/2000\/svg\"><path d=\"M259.3 17.8L194 150.2 47.9 171.5c-26.2 3.8-36.7 36.1-17.7 54.6l105.7 103-25 145.5c-4.5 26.3 23.2 46 46.4 33.7L288 439.6l130.7 68.7c23.2 12.2 50.9-7.4 46.4-33.7l-25-145.5 105.7-103c19-18.5 8.5-50.8-17.7-54.6L382 150.2 316.7 17.8c-11.7-23.6-45.6-23.9-57.4 0z\"><\/path><\/svg><\/span>\t\t\t\t\t\n\t\t\t\t\t<span class=\"wd-list-content list-content\">\n\t\t\t\t\t\tuser manual\t\t\t\t\t<\/span>\n\n\t\t\t\t\t\t\t\t\t<\/li>\n\t\t\t\t\t<\/ul>\n\n\t\t\t\t\t\t<\/div>\n\t\t\t\t<\/div>\n\t\t\t\t<\/div>\n\t\t<div class=\"elementor-element elementor-element-a082241 e-con-full e-flex e-con e-child\" data-id=\"a082241\" data-element_type=\"container\">\n\t\t\t\t<\/div>\n\t\t\t\t<\/div>\n\t\t\t\t\t<\/div>\n\t\t<\/div>\n\t\t\t\t\t\t<\/div>\n\t\t\t\t<\/div>\n\t\t\t\t<\/div>\n\t\t\t\t\t<\/div>\n\t\t\t\t<\/div>\n\t\t\t\t<\/div>\n\t\t","protected":false},"excerpt":{"rendered":"<p>125H\/125G-Serie Feuchtigkeitsmessger\u00e4te werden zur Messung der Feuchtigkeit in Holz, Gips und Baustoffen verwendet. Integrierte Eigenschaften f\u00fcr 8 Materialgruppen erh\u00f6hen die Messgenauigkeit. Der Nass\/Trocken-Indikator bewertet und interpretiert Messungen in Bezug auf das gegebene Material. Das \u00fcbersichtlich organisierte, funktionale Display und der Gummischutz um das Geh\u00e4use machen dieses Ger\u00e4t gut geeignet f\u00fcr den Einsatz in rauen professionellen Umgebungen.<\/p>\n<p>125G kann verschiedene Messanforderungen mit verschiedenen professionellen Fernsonden erf\u00fcllen.<\/p>\n","protected":false},"featured_media":31363,"template":"","meta":{"_cloudinary_featured_overwrite":false},"product_brand":[],"product_cat":[355,398],"product_tag":[],"class_list":{"0":"post-31362","1":"product","2":"type-product","3":"status-publish","4":"has-post-thumbnail","6":"product_cat-environmental_tools","7":"product_cat-moisture_meters","9":"first","10":"instock","11":"shipping-taxable","12":"product-type-simple"},"yoast_head":"<!-- This site is optimized with the Yoast SEO plugin v24.3 - https:\/\/yoast.com\/wordpress\/plugins\/seo\/ -->\n<title>DT-125H\/125G Feuchtigkeitsmessger\u00e4te - CEM Test Instruments GmbH<\/title>\n<meta name=\"description\" content=\"125H\/125G-Serie Feuchtigkeitsmessger\u00e4te werden zur Messung der Feuchtigkeit in Holz, Gips und Baustoffen verwendet. Integrierte Eigenschaften f\u00fcr 8 Materialgruppen erh\u00f6hen die Messgenauigkeit. Der Nass\/Trocken-Indikator bewertet und interpretiert Messungen in Bezug auf das gegebene Material. Das \u00fcbersichtlich organisierte, funktionale Display und der Gummischutz um das Geh\u00e4use machen dieses Ger\u00e4t gut geeignet f\u00fcr den Einsatz in rauen professionellen Umgebungen.125G kann verschiedene Messanforderungen mit verschiedenen professionellen Fernsonden erf\u00fcllen.\" \/>\n<meta name=\"robots\" content=\"index, follow, max-snippet:-1, max-image-preview:large, max-video-preview:-1\" \/>\n<link rel=\"canonical\" href=\"https:\/\/cem-instruments.de\/de\/product\/dt125h-fmessgeraete\/\" \/>\n<meta property=\"og:locale\" content=\"de_DE\" \/>\n<meta property=\"og:type\" content=\"article\" \/>\n<meta property=\"og:title\" content=\"DT-125H\/125G Feuchtigkeitsmessger\u00e4te - CEM Test Instruments GmbH\" \/>\n<meta property=\"og:description\" content=\"125H\/125G-Serie Feuchtigkeitsmessger\u00e4te werden zur Messung der Feuchtigkeit in Holz, Gips und Baustoffen verwendet. Integrierte Eigenschaften f\u00fcr 8 Materialgruppen erh\u00f6hen die Messgenauigkeit. Der Nass\/Trocken-Indikator bewertet und interpretiert Messungen in Bezug auf das gegebene Material. Das \u00fcbersichtlich organisierte, funktionale Display und der Gummischutz um das Geh\u00e4use machen dieses Ger\u00e4t gut geeignet f\u00fcr den Einsatz in rauen professionellen Umgebungen.125G kann verschiedene Messanforderungen mit verschiedenen professionellen Fernsonden erf\u00fcllen.\" \/>\n<meta property=\"og:url\" content=\"https:\/\/cem-instruments.de\/de\/product\/dt125h-fmessgeraete\/\" \/>\n<meta property=\"og:site_name\" content=\"CEM Test Instruments GmbH\" \/>\n<meta property=\"article:modified_time\" content=\"2025-01-24T23:46:43+00:00\" \/>\n<meta property=\"og:image\" content=\"https:\/\/res.cloudinary.com\/dathdmgqz\/images\/f_auto,q_auto\/v1728995311\/DT-125G_an9exv\/DT-125G_an9exv.jpg?_i=AA\" \/>\n\t<meta property=\"og:image:width\" content=\"540\" \/>\n\t<meta property=\"og:image:height\" content=\"720\" \/>\n\t<meta property=\"og:image:type\" content=\"image\/jpeg\" \/>\n<meta name=\"twitter:card\" content=\"summary_large_image\" \/>\n<meta name=\"twitter:label1\" content=\"Gesch\u00e4tzte Lesezeit\" \/>\n\t<meta name=\"twitter:data1\" content=\"2\u00a0Minuten\" \/>\n<script type=\"application\/ld+json\" class=\"yoast-schema-graph\">{\"@context\":\"https:\/\/schema.org\",\"@graph\":[{\"@type\":\"WebPage\",\"@id\":\"https:\/\/cem-instruments.de\/de\/product\/dt125h-fmessgeraete\/\",\"url\":\"https:\/\/cem-instruments.de\/de\/product\/dt125h-fmessgeraete\/\",\"name\":\"DT-125H\/125G Feuchtigkeitsmessger\u00e4te - CEM Test Instruments GmbH\",\"isPartOf\":{\"@id\":\"https:\/\/cem-instruments.de\/de\/#website\"},\"primaryImageOfPage\":{\"@id\":\"https:\/\/cem-instruments.de\/de\/product\/dt125h-fmessgeraete\/#primaryimage\"},\"image\":{\"@id\":\"https:\/\/cem-instruments.de\/de\/product\/dt125h-fmessgeraete\/#primaryimage\"},\"thumbnailUrl\":\"https:\/\/res.cloudinary.com\/dathdmgqz\/images\/f_auto,q_auto\/v1728995311\/DT-125G_an9exv\/DT-125G_an9exv.jpg?_i=AA\",\"datePublished\":\"2024-10-16T11:01:22+00:00\",\"dateModified\":\"2025-01-24T23:46:43+00:00\",\"description\":\"125H\/125G-Serie Feuchtigkeitsmessger\u00e4te werden zur Messung der Feuchtigkeit in Holz, Gips und Baustoffen verwendet. Integrierte Eigenschaften f\u00fcr 8 Materialgruppen erh\u00f6hen die Messgenauigkeit. Der Nass\/Trocken-Indikator bewertet und interpretiert Messungen in Bezug auf das gegebene Material. Das \u00fcbersichtlich organisierte, funktionale Display und der Gummischutz um das Geh\u00e4use machen dieses Ger\u00e4t gut geeignet f\u00fcr den Einsatz in rauen professionellen Umgebungen.125G kann verschiedene Messanforderungen mit verschiedenen professionellen Fernsonden erf\u00fcllen.\",\"breadcrumb\":{\"@id\":\"https:\/\/cem-instruments.de\/de\/product\/dt125h-fmessgeraete\/#breadcrumb\"},\"inLanguage\":\"de\",\"potentialAction\":[{\"@type\":\"ReadAction\",\"target\":[\"https:\/\/cem-instruments.de\/de\/product\/dt125h-fmessgeraete\/\"]}]},{\"@type\":\"ImageObject\",\"inLanguage\":\"de\",\"@id\":\"https:\/\/cem-instruments.de\/de\/product\/dt125h-fmessgeraete\/#primaryimage\",\"url\":\"https:\/\/res.cloudinary.com\/dathdmgqz\/images\/f_auto,q_auto\/v1728995311\/DT-125G_an9exv\/DT-125G_an9exv.jpg?_i=AA\",\"contentUrl\":\"https:\/\/res.cloudinary.com\/dathdmgqz\/images\/f_auto,q_auto\/v1728995311\/DT-125G_an9exv\/DT-125G_an9exv.jpg?_i=AA\",\"width\":540,\"height\":720},{\"@type\":\"BreadcrumbList\",\"@id\":\"https:\/\/cem-instruments.de\/de\/product\/dt125h-fmessgeraete\/#breadcrumb\",\"itemListElement\":[{\"@type\":\"ListItem\",\"position\":1,\"name\":\"Home\",\"item\":\"https:\/\/cem-instruments.de\/de\/\"},{\"@type\":\"ListItem\",\"position\":2,\"name\":\"Products\",\"item\":\"https:\/\/cem-instruments.de\/de\/shop\/\"},{\"@type\":\"ListItem\",\"position\":3,\"name\":\"DT-125H\/125G Feuchtigkeitsmessger\u00e4te\"}]},{\"@type\":\"WebSite\",\"@id\":\"https:\/\/cem-instruments.de\/de\/#website\",\"url\":\"https:\/\/cem-instruments.de\/de\/\",\"name\":\"CEM Test Instruments GmbH\",\"description\":\"CEM Test Instruments GmbH\",\"publisher\":{\"@id\":\"https:\/\/cem-instruments.de\/de\/#organization\"},\"alternateName\":\"best partner for electronic instruments\",\"potentialAction\":[{\"@type\":\"SearchAction\",\"target\":{\"@type\":\"EntryPoint\",\"urlTemplate\":\"https:\/\/cem-instruments.de\/de\/?s={search_term_string}\"},\"query-input\":{\"@type\":\"PropertyValueSpecification\",\"valueRequired\":true,\"valueName\":\"search_term_string\"}}],\"inLanguage\":\"de\"},{\"@type\":\"Organization\",\"@id\":\"https:\/\/cem-instruments.de\/de\/#organization\",\"name\":\"CEM Test Instruments GmbH\",\"url\":\"https:\/\/cem-instruments.de\/de\/\",\"logo\":{\"@type\":\"ImageObject\",\"inLanguage\":\"de\",\"@id\":\"https:\/\/cem-instruments.de\/de\/#\/schema\/logo\/image\/\",\"url\":\"https:\/\/res.cloudinary.com\/dathdmgqz\/images\/f_auto,q_auto\/v1728637129\/cropped-2024-10-11-10_57_57-cem-instruments.de-\u2013-CEM-instruments-GmbH\/cropped-2024-10-11-10_57_57-cem-instruments.de-\u2013-CEM-instruments-GmbH.jpg?_i=AA\",\"contentUrl\":\"https:\/\/res.cloudinary.com\/dathdmgqz\/images\/f_auto,q_auto\/v1728637129\/cropped-2024-10-11-10_57_57-cem-instruments.de-\u2013-CEM-instruments-GmbH\/cropped-2024-10-11-10_57_57-cem-instruments.de-\u2013-CEM-instruments-GmbH.jpg?_i=AA\",\"width\":512,\"height\":512,\"caption\":\"CEM Test Instruments GmbH\"},\"image\":{\"@id\":\"https:\/\/cem-instruments.de\/de\/#\/schema\/logo\/image\/\"}}]}<\/script>\n<!-- \/ Yoast SEO plugin. -->","yoast_head_json":{"title":"DT-125H\/125G Feuchtigkeitsmessger\u00e4te - CEM Test Instruments GmbH","description":"125H\/125G-Serie Feuchtigkeitsmessger\u00e4te werden zur Messung der Feuchtigkeit in Holz, Gips und Baustoffen verwendet. Integrierte Eigenschaften f\u00fcr 8 Materialgruppen erh\u00f6hen die Messgenauigkeit. Der Nass\/Trocken-Indikator bewertet und interpretiert Messungen in Bezug auf das gegebene Material. Das \u00fcbersichtlich organisierte, funktionale Display und der Gummischutz um das Geh\u00e4use machen dieses Ger\u00e4t gut geeignet f\u00fcr den Einsatz in rauen professionellen Umgebungen.125G kann verschiedene Messanforderungen mit verschiedenen professionellen Fernsonden erf\u00fcllen.","robots":{"index":"index","follow":"follow","max-snippet":"max-snippet:-1","max-image-preview":"max-image-preview:large","max-video-preview":"max-video-preview:-1"},"canonical":"https:\/\/cem-instruments.de\/de\/product\/dt125h-fmessgeraete\/","og_locale":"de_DE","og_type":"article","og_title":"DT-125H\/125G Feuchtigkeitsmessger\u00e4te - CEM Test Instruments GmbH","og_description":"125H\/125G-Serie Feuchtigkeitsmessger\u00e4te werden zur Messung der Feuchtigkeit in Holz, Gips und Baustoffen verwendet. Integrierte Eigenschaften f\u00fcr 8 Materialgruppen erh\u00f6hen die Messgenauigkeit. Der Nass\/Trocken-Indikator bewertet und interpretiert Messungen in Bezug auf das gegebene Material. Das \u00fcbersichtlich organisierte, funktionale Display und der Gummischutz um das Geh\u00e4use machen dieses Ger\u00e4t gut geeignet f\u00fcr den Einsatz in rauen professionellen Umgebungen.125G kann verschiedene Messanforderungen mit verschiedenen professionellen Fernsonden erf\u00fcllen.","og_url":"https:\/\/cem-instruments.de\/de\/product\/dt125h-fmessgeraete\/","og_site_name":"CEM Test Instruments GmbH","article_modified_time":"2025-01-24T23:46:43+00:00","og_image":[{"width":540,"height":720,"url":"https:\/\/res.cloudinary.com\/dathdmgqz\/images\/f_auto,q_auto\/v1728995311\/DT-125G_an9exv\/DT-125G_an9exv.jpg?_i=AA","type":"image\/jpeg"}],"twitter_card":"summary_large_image","twitter_misc":{"Gesch\u00e4tzte Lesezeit":"2\u00a0Minuten"},"schema":{"@context":"https:\/\/schema.org","@graph":[{"@type":"WebPage","@id":"https:\/\/cem-instruments.de\/de\/product\/dt125h-fmessgeraete\/","url":"https:\/\/cem-instruments.de\/de\/product\/dt125h-fmessgeraete\/","name":"DT-125H\/125G Feuchtigkeitsmessger\u00e4te - CEM Test Instruments GmbH","isPartOf":{"@id":"https:\/\/cem-instruments.de\/de\/#website"},"primaryImageOfPage":{"@id":"https:\/\/cem-instruments.de\/de\/product\/dt125h-fmessgeraete\/#primaryimage"},"image":{"@id":"https:\/\/cem-instruments.de\/de\/product\/dt125h-fmessgeraete\/#primaryimage"},"thumbnailUrl":"https:\/\/res.cloudinary.com\/dathdmgqz\/images\/f_auto,q_auto\/v1728995311\/DT-125G_an9exv\/DT-125G_an9exv.jpg?_i=AA","datePublished":"2024-10-16T11:01:22+00:00","dateModified":"2025-01-24T23:46:43+00:00","description":"125H\/125G-Serie Feuchtigkeitsmessger\u00e4te werden zur Messung der Feuchtigkeit in Holz, Gips und Baustoffen verwendet. Integrierte Eigenschaften f\u00fcr 8 Materialgruppen erh\u00f6hen die Messgenauigkeit. Der Nass\/Trocken-Indikator bewertet und interpretiert Messungen in Bezug auf das gegebene Material. Das \u00fcbersichtlich organisierte, funktionale Display und der Gummischutz um das Geh\u00e4use machen dieses Ger\u00e4t gut geeignet f\u00fcr den Einsatz in rauen professionellen Umgebungen.125G kann verschiedene Messanforderungen mit verschiedenen professionellen Fernsonden erf\u00fcllen.","breadcrumb":{"@id":"https:\/\/cem-instruments.de\/de\/product\/dt125h-fmessgeraete\/#breadcrumb"},"inLanguage":"de","potentialAction":[{"@type":"ReadAction","target":["https:\/\/cem-instruments.de\/de\/product\/dt125h-fmessgeraete\/"]}]},{"@type":"ImageObject","inLanguage":"de","@id":"https:\/\/cem-instruments.de\/de\/product\/dt125h-fmessgeraete\/#primaryimage","url":"https:\/\/res.cloudinary.com\/dathdmgqz\/images\/f_auto,q_auto\/v1728995311\/DT-125G_an9exv\/DT-125G_an9exv.jpg?_i=AA","contentUrl":"https:\/\/res.cloudinary.com\/dathdmgqz\/images\/f_auto,q_auto\/v1728995311\/DT-125G_an9exv\/DT-125G_an9exv.jpg?_i=AA","width":540,"height":720},{"@type":"BreadcrumbList","@id":"https:\/\/cem-instruments.de\/de\/product\/dt125h-fmessgeraete\/#breadcrumb","itemListElement":[{"@type":"ListItem","position":1,"name":"Home","item":"https:\/\/cem-instruments.de\/de\/"},{"@type":"ListItem","position":2,"name":"Products","item":"https:\/\/cem-instruments.de\/de\/shop\/"},{"@type":"ListItem","position":3,"name":"DT-125H\/125G Feuchtigkeitsmessger\u00e4te"}]},{"@type":"WebSite","@id":"https:\/\/cem-instruments.de\/de\/#website","url":"https:\/\/cem-instruments.de\/de\/","name":"CEM Test Instruments GmbH","description":"CEM Test Instruments GmbH","publisher":{"@id":"https:\/\/cem-instruments.de\/de\/#organization"},"alternateName":"best partner for electronic instruments","potentialAction":[{"@type":"SearchAction","target":{"@type":"EntryPoint","urlTemplate":"https:\/\/cem-instruments.de\/de\/?s={search_term_string}"},"query-input":{"@type":"PropertyValueSpecification","valueRequired":true,"valueName":"search_term_string"}}],"inLanguage":"de"},{"@type":"Organization","@id":"https:\/\/cem-instruments.de\/de\/#organization","name":"CEM Test Instruments GmbH","url":"https:\/\/cem-instruments.de\/de\/","logo":{"@type":"ImageObject","inLanguage":"de","@id":"https:\/\/cem-instruments.de\/de\/#\/schema\/logo\/image\/","url":"https:\/\/res.cloudinary.com\/dathdmgqz\/images\/f_auto,q_auto\/v1728637129\/cropped-2024-10-11-10_57_57-cem-instruments.de-\u2013-CEM-instruments-GmbH\/cropped-2024-10-11-10_57_57-cem-instruments.de-\u2013-CEM-instruments-GmbH.jpg?_i=AA","contentUrl":"https:\/\/res.cloudinary.com\/dathdmgqz\/images\/f_auto,q_auto\/v1728637129\/cropped-2024-10-11-10_57_57-cem-instruments.de-\u2013-CEM-instruments-GmbH\/cropped-2024-10-11-10_57_57-cem-instruments.de-\u2013-CEM-instruments-GmbH.jpg?_i=AA","width":512,"height":512,"caption":"CEM Test Instruments GmbH"},"image":{"@id":"https:\/\/cem-instruments.de\/de\/#\/schema\/logo\/image\/"}}]}},"_links":{"self":[{"href":"https:\/\/cem-instruments.de\/de\/wp-json\/wp\/v2\/product\/31362","targetHints":{"allow":["GET"]}}],"collection":[{"href":"https:\/\/cem-instruments.de\/de\/wp-json\/wp\/v2\/product"}],"about":[{"href":"https:\/\/cem-instruments.de\/de\/wp-json\/wp\/v2\/types\/product"}],"version-history":[{"count":5,"href":"https:\/\/cem-instruments.de\/de\/wp-json\/wp\/v2\/product\/31362\/revisions"}],"predecessor-version":[{"id":32175,"href":"https:\/\/cem-instruments.de\/de\/wp-json\/wp\/v2\/product\/31362\/revisions\/32175"}],"wp:featuredmedia":[{"embeddable":true,"href":"https:\/\/cem-instruments.de\/de\/wp-json\/wp\/v2\/media\/31363"}],"wp:attachment":[{"href":"https:\/\/cem-instruments.de\/de\/wp-json\/wp\/v2\/media?parent=31362"}],"wp:term":[{"taxonomy":"product_brand","embeddable":true,"href":"https:\/\/cem-instruments.de\/de\/wp-json\/wp\/v2\/product_brand?post=31362"},{"taxonomy":"product_cat","embeddable":true,"href":"https:\/\/cem-instruments.de\/de\/wp-json\/wp\/v2\/product_cat?post=31362"},{"taxonomy":"product_tag","embeddable":true,"href":"https:\/\/cem-instruments.de\/de\/wp-json\/wp\/v2\/product_tag?post=31362"}],"curies":[{"name":"wp","href":"https:\/\/api.w.org\/{rel}","templated":true}]}}