{"id":31382,"date":"2024-10-16T13:16:02","date_gmt":"2024-10-16T11:16:02","guid":{"rendered":"https:\/\/cem-instruments.de\/de\/?post_type=product&#038;p=31382"},"modified":"2025-01-25T00:52:41","modified_gmt":"2025-01-24T23:52:41","slug":"dt3321-fk-psychrometer","status":"publish","type":"product","link":"https:\/\/cem-instruments.de\/de\/product\/dt3321-fk-psychrometer\/","title":{"rendered":"DT-3321\/3322 Taupunkt-\/Feuchtkugel-\/Psychrometer"},"content":{"rendered":"\t\t<div data-elementor-type=\"wp-post\" data-elementor-id=\"31382\" class=\"elementor elementor-31382\" data-elementor-post-type=\"product\">\n\t\t\t\t<div class=\"wd-negative-gap elementor-element elementor-element-50d45ae e-flex e-con-boxed e-con e-parent\" data-id=\"50d45ae\" data-element_type=\"container\">\n\t\t\t\t\t<div class=\"e-con-inner\">\n\t\t<div class=\"elementor-element elementor-element-6142c97 e-con-full e-flex e-con e-child\" data-id=\"6142c97\" data-element_type=\"container\">\n\t\t\t\t<div class=\"elementor-element elementor-element-049603f e-n-tabs-mobile elementor-widget elementor-widget-n-tabs\" data-id=\"049603f\" data-element_type=\"widget\" data-settings=\"{&quot;tabs_justify_horizontal&quot;:&quot;start&quot;,&quot;horizontal_scroll&quot;:&quot;disable&quot;}\" data-widget_type=\"nested-tabs.default\">\n\t\t\t\t<div class=\"elementor-widget-container\">\n\t\t\t\t\t\t\t<div class=\"e-n-tabs\" data-widget-number=\"4808767\" aria-label=\"Tabs. Open items with Enter or Space, close with Escape and navigate using the Arrow keys.\">\n\t\t\t<div class=\"e-n-tabs-heading\" role=\"tablist\">\n\t\t\t\t\t<button id=\"e-n-tab-title-48087671\" class=\"e-n-tab-title\" aria-selected=\"true\" data-tab-index=\"1\" role=\"tab\" tabindex=\"0\" aria-controls=\"e-n-tab-content-48087671\" style=\"--n-tabs-title-order: 1;\">\n\t\t\t\t\t\t<span class=\"e-n-tab-title-text\">\n\t\t\t\tDescription\t\t\t<\/span>\n\t\t<\/button>\n\t\t\t\t<button id=\"e-n-tab-title-48087672\" class=\"e-n-tab-title\" aria-selected=\"false\" data-tab-index=\"2\" role=\"tab\" tabindex=\"-1\" aria-controls=\"e-n-tab-content-48087672\" style=\"--n-tabs-title-order: 2;\">\n\t\t\t\t\t\t<span class=\"e-n-tab-title-text\">\n\t\t\t\tSpecification\t\t\t<\/span>\n\t\t<\/button>\n\t\t\t\t<button id=\"e-n-tab-title-48087673\" class=\"e-n-tab-title\" aria-selected=\"false\" data-tab-index=\"3\" role=\"tab\" tabindex=\"-1\" aria-controls=\"e-n-tab-content-48087673\" style=\"--n-tabs-title-order: 3;\">\n\t\t\t\t\t\t<span class=\"e-n-tab-title-text\">\n\t\t\t\tResources\t\t\t<\/span>\n\t\t<\/button>\n\t\t\t\t\t<\/div>\n\t\t\t<div class=\"e-n-tabs-content\">\n\t\t\t\t<div id=\"e-n-tab-content-48087671\" role=\"tabpanel\" aria-labelledby=\"e-n-tab-title-48087671\" data-tab-index=\"1\" style=\"--n-tabs-title-order: 1;\" class=\"e-active elementor-element elementor-element-ebbce91 e-con-full e-flex e-con e-child\" data-id=\"ebbce91\" data-element_type=\"container\">\n\t\t<div class=\"wd-negative-gap elementor-element elementor-element-d7fd107 e-flex e-con-boxed e-con e-child\" data-id=\"d7fd107\" data-element_type=\"container\">\n\t\t\t\t\t<div class=\"e-con-inner\">\n\t\t\t\t<div class=\"elementor-element elementor-element-a8b8072 elementor-widget elementor-widget-wd_text_block\" data-id=\"a8b8072\" data-element_type=\"widget\" data-widget_type=\"wd_text_block.default\">\n\t\t\t\t<div class=\"elementor-widget-container\">\n\t\t\t\t\t\t\t<div class=\"wd-text-block reset-last-child text-left\">\n\t\t\t\n\t\t\t<p>3321 ist ein vollst\u00e4ndiges digitales Psychrometer und ein \u00e4u\u00dferst wertvolles HLK-Diagnosewerkzeug.<\/p><p>Als Psychrometer misst es Feuchtkugel (WB), Trockenkugel (DB), relative Luftfeuchtigkeit (RH%) und Taupunkt (DP).<\/p><p>3322 ist ein Diagnosewerkzeug, das HLK-Technikern hilft, Probleme mit dem Luftstrom \u00fcber den Verdampfer leicht zu diagnostizieren.<br \/>Es kann auch den Ziel-\u00dcberhitzungswert eines Festdrossel-Klimasystems berechnen.<\/p><p><strong>Eigenschaften<\/strong><\/p>\n\t\t\t\t\t<\/div>\n\t\t\t\t\t\t<\/div>\n\t\t\t\t<\/div>\n\t\t\t\t\t<\/div>\n\t\t\t\t<\/div>\n\t\t<div class=\"elementor-element elementor-element-cc80b16 e-con-full e-flex e-con e-child\" data-id=\"cc80b16\" data-element_type=\"container\">\n\t\t\t\t<div class=\"elementor-element elementor-element-92e673e elementor-widget elementor-widget-wd_image_or_svg\" data-id=\"92e673e\" data-element_type=\"widget\" data-widget_type=\"wd_image_or_svg.default\">\n\t\t\t\t<div class=\"elementor-widget-container\">\n\t\t\t\t\t\n\t\t<div class=\"wd-image text-left\">\n\t\t\t\t\t\t\t\t<img width=\"375\" height=\"215\" data-public-id=\"d7208938c81db51f8e1b3e9851b9515_bmqd6n\/d7208938c81db51f8e1b3e9851b9515_bmqd6n.png\" fetchpriority=\"high\" decoding=\"async\" src=\"https:\/\/res.cloudinary.com\/dathdmgqz\/images\/w_375,h_215,c_scale\/f_auto,q_auto\/v1728995312\/d7208938c81db51f8e1b3e9851b9515_bmqd6n\/d7208938c81db51f8e1b3e9851b9515_bmqd6n.png?_i=AA\" class=\"attachment-full size-full wp-image-31385\" alt=\"\" data-format=\"png\" data-transformations=\"f_auto,q_auto\" data-version=\"1728995312\" data-seo=\"1\" data-responsive=\"1\" srcset=\"https:\/\/res.cloudinary.com\/dathdmgqz\/images\/w_375,h_215,c_scale\/f_auto,q_auto\/v1728995312\/d7208938c81db51f8e1b3e9851b9515_bmqd6n\/d7208938c81db51f8e1b3e9851b9515_bmqd6n.png?_i=AA 375w, https:\/\/res.cloudinary.com\/dathdmgqz\/images\/w_248,h_142,c_scale\/f_auto,q_auto\/v1728995312\/d7208938c81db51f8e1b3e9851b9515_bmqd6n\/d7208938c81db51f8e1b3e9851b9515_bmqd6n.png?_i=AA 248w\" sizes=\"(max-width: 375px) 100vw, 375px\" \/>\t\t\t\t\t<\/div>\n\n\t\t\t\t\t\t<\/div>\n\t\t\t\t<\/div>\n\t\t\t\t<\/div>\n\t\t\t\t<\/div>\n\t\t<div id=\"e-n-tab-content-48087672\" role=\"tabpanel\" aria-labelledby=\"e-n-tab-title-48087672\" data-tab-index=\"2\" style=\"--n-tabs-title-order: 2;\" class=\" elementor-element elementor-element-0c956aa e-con-full e-flex e-con e-child\" data-id=\"0c956aa\" data-element_type=\"container\">\n\t\t\t\t<div class=\"elementor-element elementor-element-0d8bd72 elementor-widget elementor-widget-wd_image_or_svg\" data-id=\"0d8bd72\" data-element_type=\"widget\" data-widget_type=\"wd_image_or_svg.default\">\n\t\t\t\t<div class=\"elementor-widget-container\">\n\t\t\t\t\t\n\t\t<div class=\"wd-image text-left\">\n\t\t\t\t\t\t\t\t<img width=\"497\" height=\"139\" data-public-id=\"d80808c9d085f815d38d5ebc93b202c_cp9wen\/d80808c9d085f815d38d5ebc93b202c_cp9wen.png\" decoding=\"async\" src=\"https:\/\/res.cloudinary.com\/dathdmgqz\/images\/w_497,h_139,c_scale\/f_auto,q_auto\/v1728995313\/d80808c9d085f815d38d5ebc93b202c_cp9wen\/d80808c9d085f815d38d5ebc93b202c_cp9wen.png?_i=AA\" class=\"attachment-full size-full wp-image-31386\" alt=\"\" data-format=\"png\" data-transformations=\"f_auto,q_auto\" data-version=\"1728995313\" data-seo=\"1\" data-responsive=\"1\" srcset=\"https:\/\/res.cloudinary.com\/dathdmgqz\/images\/w_497,h_139,c_scale\/f_auto,q_auto\/v1728995313\/d80808c9d085f815d38d5ebc93b202c_cp9wen\/d80808c9d085f815d38d5ebc93b202c_cp9wen.png?_i=AA 497w, https:\/\/res.cloudinary.com\/dathdmgqz\/images\/w_448,h_125,c_scale\/f_auto,q_auto\/v1728995313\/d80808c9d085f815d38d5ebc93b202c_cp9wen\/d80808c9d085f815d38d5ebc93b202c_cp9wen.png?_i=AA 448w, https:\/\/res.cloudinary.com\/dathdmgqz\/images\/w_248,h_69,c_scale\/f_auto,q_auto\/v1728995313\/d80808c9d085f815d38d5ebc93b202c_cp9wen\/d80808c9d085f815d38d5ebc93b202c_cp9wen.png?_i=AA 248w\" sizes=\"(max-width: 497px) 100vw, 497px\" \/>\t\t\t\t\t<\/div>\n\n\t\t\t\t\t\t<\/div>\n\t\t\t\t<\/div>\n\t\t\t\t<\/div>\n\t\t<div id=\"e-n-tab-content-48087673\" role=\"tabpanel\" aria-labelledby=\"e-n-tab-title-48087673\" data-tab-index=\"3\" style=\"--n-tabs-title-order: 3;\" class=\" elementor-element elementor-element-07a6c20 e-con-full e-flex e-con e-child\" data-id=\"07a6c20\" data-element_type=\"container\">\n\t\t<div class=\"elementor-element elementor-element-a33ff95 e-con-full e-flex e-con e-child\" data-id=\"a33ff95\" data-element_type=\"container\">\n\t\t\t\t<div class=\"elementor-element elementor-element-ffaa4eb elementor-widget elementor-widget-wd_list\" data-id=\"ffaa4eb\" data-element_type=\"widget\" data-widget_type=\"wd_list.default\">\n\t\t\t\t<div class=\"elementor-widget-container\">\n\t\t\t\t\t\t\t<ul class=\"wd-list color-scheme- wd-fontsize-xs wd-type-icon wd-style-default text-left\">\n\t\t\t\t\t\t\t\t\t\t\t<li class=\"elementor-repeater-item-fe163c2\">\n\t\t\t\t\t\t\t\t\t\t\t<span class=\"wd-icon\"><svg class=\"e-font-icon-svg e-fas-star\" viewBox=\"0 0 576 512\" xmlns=\"http:\/\/www.w3.org\/2000\/svg\"><path d=\"M259.3 17.8L194 150.2 47.9 171.5c-26.2 3.8-36.7 36.1-17.7 54.6l105.7 103-25 145.5c-4.5 26.3 23.2 46 46.4 33.7L288 439.6l130.7 68.7c23.2 12.2 50.9-7.4 46.4-33.7l-25-145.5 105.7-103c19-18.5 8.5-50.8-17.7-54.6L382 150.2 316.7 17.8c-11.7-23.6-45.6-23.9-57.4 0z\"><\/path><\/svg><\/span>\t\t\t\t\t\n\t\t\t\t\t<span class=\"wd-list-content list-content\">\n\t\t\t\t\t\tapplication note\t\t\t\t\t<\/span>\n\n\t\t\t\t\t\t\t\t\t<\/li>\n\t\t\t\t\t<\/ul>\n\n\t\t\t\t\t\t<\/div>\n\t\t\t\t<\/div>\n\t\t\t\t<div class=\"elementor-element elementor-element-22bf3af elementor-widget elementor-widget-wd_list\" data-id=\"22bf3af\" data-element_type=\"widget\" data-widget_type=\"wd_list.default\">\n\t\t\t\t<div class=\"elementor-widget-container\">\n\t\t\t\t\t\t\t<ul class=\"wd-list color-scheme-custom wd-fontsize-xs wd-type-icon wd-style-default text-left\">\n\t\t\t\t\t\t\t\t\t\t\t<li class=\"elementor-repeater-item-fe163c2\">\n\t\t\t\t\t\t\t\t\t\t\t<span class=\"wd-icon\"><svg class=\"e-font-icon-svg e-fas-star\" viewBox=\"0 0 576 512\" xmlns=\"http:\/\/www.w3.org\/2000\/svg\"><path d=\"M259.3 17.8L194 150.2 47.9 171.5c-26.2 3.8-36.7 36.1-17.7 54.6l105.7 103-25 145.5c-4.5 26.3 23.2 46 46.4 33.7L288 439.6l130.7 68.7c23.2 12.2 50.9-7.4 46.4-33.7l-25-145.5 105.7-103c19-18.5 8.5-50.8-17.7-54.6L382 150.2 316.7 17.8c-11.7-23.6-45.6-23.9-57.4 0z\"><\/path><\/svg><\/span>\t\t\t\t\t\n\t\t\t\t\t<span class=\"wd-list-content list-content\">\n\t\t\t\t\t\tdatasheet\t\t\t\t\t<\/span>\n\n\t\t\t\t\t\t\t\t\t<\/li>\n\t\t\t\t\t\t\t\t\t\t\t<li class=\"elementor-repeater-item-66113ab\">\n\t\t\t\t\t\t\t\t\t\t\t<span class=\"wd-icon\"><svg class=\"e-font-icon-svg e-fas-star\" viewBox=\"0 0 576 512\" xmlns=\"http:\/\/www.w3.org\/2000\/svg\"><path d=\"M259.3 17.8L194 150.2 47.9 171.5c-26.2 3.8-36.7 36.1-17.7 54.6l105.7 103-25 145.5c-4.5 26.3 23.2 46 46.4 33.7L288 439.6l130.7 68.7c23.2 12.2 50.9-7.4 46.4-33.7l-25-145.5 105.7-103c19-18.5 8.5-50.8-17.7-54.6L382 150.2 316.7 17.8c-11.7-23.6-45.6-23.9-57.4 0z\"><\/path><\/svg><\/span>\t\t\t\t\t\n\t\t\t\t\t<span class=\"wd-list-content list-content\">\n\t\t\t\t\t\tuser manual\t\t\t\t\t<\/span>\n\n\t\t\t\t\t\t\t\t\t<\/li>\n\t\t\t\t\t<\/ul>\n\n\t\t\t\t\t\t<\/div>\n\t\t\t\t<\/div>\n\t\t\t\t<\/div>\n\t\t<div class=\"elementor-element elementor-element-64d08b7 e-con-full e-flex e-con e-child\" data-id=\"64d08b7\" data-element_type=\"container\">\n\t\t\t\t<\/div>\n\t\t\t\t<\/div>\n\t\t\t\t\t<\/div>\n\t\t<\/div>\n\t\t\t\t\t\t<\/div>\n\t\t\t\t<\/div>\n\t\t\t\t<\/div>\n\t\t\t\t\t<\/div>\n\t\t\t\t<\/div>\n\t\t\t\t<\/div>\n\t\t","protected":false},"excerpt":{"rendered":"<p>3321 ist ein vollst\u00e4ndiges digitales Psychrometer und ein \u00e4u\u00dferst wertvolles Diagnosewerkzeug f\u00fcr HVAC. Als Psychrometer misst es die Feuchtkugeltemperatur (WB), die Trockenkugeltemperatur (DB), die relative Luftfeuchtigkeit (RH%) und den Taupunkt (DP).<\/p>\n<p>3322 ist ein Diagnosewerkzeug, das dem HVAC-Techniker hilft, Probleme mit dem Luftstrom \u00fcber den Verdampfer einfach zu diagnostizieren. Es kann auch die Ziel\u00fcberhitzung eines Klimaanlagensystems mit festem Restriktor berechnen.<\/p>\n","protected":false},"featured_media":31383,"template":"","meta":{"_cloudinary_featured_overwrite":false},"product_brand":[],"product_cat":[355,397],"product_tag":[],"class_list":{"0":"post-31382","1":"product","2":"type-product","3":"status-publish","4":"has-post-thumbnail","6":"product_cat-environmental_tools","7":"product_cat-temperature_meters","9":"first","10":"instock","11":"shipping-taxable","12":"product-type-simple"},"yoast_head":"<!-- This site is optimized with the Yoast SEO plugin v24.3 - https:\/\/yoast.com\/wordpress\/plugins\/seo\/ -->\n<title>DT-3321\/3322 Taupunkt-\/Feuchtkugel-\/Psychrometer - CEM Test Instruments GmbH<\/title>\n<meta name=\"description\" content=\"3321 ist ein vollst\u00e4ndiges digitales Psychrometer und ein \u00e4u\u00dferst wertvolles Diagnosewerkzeug f\u00fcr HVAC. Als Psychrometer misst es die Feuchtkugeltemperatur (WB), die Trockenkugeltemperatur (DB), die relative Luftfeuchtigkeit (RH%) und den Taupunkt (DP).3322 ist ein Diagnosewerkzeug, das dem HVAC-Techniker hilft, Probleme mit dem Luftstrom \u00fcber den Verdampfer einfach zu diagnostizieren. Es kann auch die Ziel\u00fcberhitzung eines Klimaanlagensystems mit festem Restriktor berechnen.\" \/>\n<meta name=\"robots\" content=\"index, follow, max-snippet:-1, max-image-preview:large, max-video-preview:-1\" \/>\n<link rel=\"canonical\" href=\"https:\/\/cem-instruments.de\/de\/product\/dt3321-fk-psychrometer\/\" \/>\n<meta property=\"og:locale\" content=\"de_DE\" \/>\n<meta property=\"og:type\" content=\"article\" \/>\n<meta property=\"og:title\" content=\"DT-3321\/3322 Taupunkt-\/Feuchtkugel-\/Psychrometer - CEM Test Instruments GmbH\" \/>\n<meta property=\"og:description\" content=\"3321 ist ein vollst\u00e4ndiges digitales Psychrometer und ein \u00e4u\u00dferst wertvolles Diagnosewerkzeug f\u00fcr HVAC. Als Psychrometer misst es die Feuchtkugeltemperatur (WB), die Trockenkugeltemperatur (DB), die relative Luftfeuchtigkeit (RH%) und den Taupunkt (DP).3322 ist ein Diagnosewerkzeug, das dem HVAC-Techniker hilft, Probleme mit dem Luftstrom \u00fcber den Verdampfer einfach zu diagnostizieren. Es kann auch die Ziel\u00fcberhitzung eines Klimaanlagensystems mit festem Restriktor berechnen.\" \/>\n<meta property=\"og:url\" content=\"https:\/\/cem-instruments.de\/de\/product\/dt3321-fk-psychrometer\/\" \/>\n<meta property=\"og:site_name\" content=\"CEM Test Instruments GmbH\" \/>\n<meta property=\"article:modified_time\" content=\"2025-01-24T23:52:41+00:00\" \/>\n<meta property=\"og:image\" content=\"https:\/\/res.cloudinary.com\/dathdmgqz\/images\/f_auto,q_auto\/v1728995313\/DT-3321_m4lgaa\/DT-3321_m4lgaa.jpg?_i=AA\" \/>\n\t<meta property=\"og:image:width\" content=\"540\" \/>\n\t<meta property=\"og:image:height\" content=\"720\" \/>\n\t<meta property=\"og:image:type\" content=\"image\/jpeg\" \/>\n<meta name=\"twitter:card\" content=\"summary_large_image\" \/>\n<meta name=\"twitter:label1\" content=\"Gesch\u00e4tzte Lesezeit\" \/>\n\t<meta name=\"twitter:data1\" content=\"2\u00a0Minuten\" \/>\n<script type=\"application\/ld+json\" class=\"yoast-schema-graph\">{\"@context\":\"https:\/\/schema.org\",\"@graph\":[{\"@type\":\"WebPage\",\"@id\":\"https:\/\/cem-instruments.de\/de\/product\/dt3321-fk-psychrometer\/\",\"url\":\"https:\/\/cem-instruments.de\/de\/product\/dt3321-fk-psychrometer\/\",\"name\":\"DT-3321\/3322 Taupunkt-\/Feuchtkugel-\/Psychrometer - CEM Test Instruments GmbH\",\"isPartOf\":{\"@id\":\"https:\/\/cem-instruments.de\/de\/#website\"},\"primaryImageOfPage\":{\"@id\":\"https:\/\/cem-instruments.de\/de\/product\/dt3321-fk-psychrometer\/#primaryimage\"},\"image\":{\"@id\":\"https:\/\/cem-instruments.de\/de\/product\/dt3321-fk-psychrometer\/#primaryimage\"},\"thumbnailUrl\":\"https:\/\/res.cloudinary.com\/dathdmgqz\/images\/f_auto,q_auto\/v1728995313\/DT-3321_m4lgaa\/DT-3321_m4lgaa.jpg?_i=AA\",\"datePublished\":\"2024-10-16T11:16:02+00:00\",\"dateModified\":\"2025-01-24T23:52:41+00:00\",\"description\":\"3321 ist ein vollst\u00e4ndiges digitales Psychrometer und ein \u00e4u\u00dferst wertvolles Diagnosewerkzeug f\u00fcr HVAC. Als Psychrometer misst es die Feuchtkugeltemperatur (WB), die Trockenkugeltemperatur (DB), die relative Luftfeuchtigkeit (RH%) und den Taupunkt (DP).3322 ist ein Diagnosewerkzeug, das dem HVAC-Techniker hilft, Probleme mit dem Luftstrom \u00fcber den Verdampfer einfach zu diagnostizieren. Es kann auch die Ziel\u00fcberhitzung eines Klimaanlagensystems mit festem Restriktor berechnen.\",\"breadcrumb\":{\"@id\":\"https:\/\/cem-instruments.de\/de\/product\/dt3321-fk-psychrometer\/#breadcrumb\"},\"inLanguage\":\"de\",\"potentialAction\":[{\"@type\":\"ReadAction\",\"target\":[\"https:\/\/cem-instruments.de\/de\/product\/dt3321-fk-psychrometer\/\"]}]},{\"@type\":\"ImageObject\",\"inLanguage\":\"de\",\"@id\":\"https:\/\/cem-instruments.de\/de\/product\/dt3321-fk-psychrometer\/#primaryimage\",\"url\":\"https:\/\/res.cloudinary.com\/dathdmgqz\/images\/f_auto,q_auto\/v1728995313\/DT-3321_m4lgaa\/DT-3321_m4lgaa.jpg?_i=AA\",\"contentUrl\":\"https:\/\/res.cloudinary.com\/dathdmgqz\/images\/f_auto,q_auto\/v1728995313\/DT-3321_m4lgaa\/DT-3321_m4lgaa.jpg?_i=AA\",\"width\":540,\"height\":720},{\"@type\":\"BreadcrumbList\",\"@id\":\"https:\/\/cem-instruments.de\/de\/product\/dt3321-fk-psychrometer\/#breadcrumb\",\"itemListElement\":[{\"@type\":\"ListItem\",\"position\":1,\"name\":\"Home\",\"item\":\"https:\/\/cem-instruments.de\/de\/\"},{\"@type\":\"ListItem\",\"position\":2,\"name\":\"Products\",\"item\":\"https:\/\/cem-instruments.de\/de\/shop\/\"},{\"@type\":\"ListItem\",\"position\":3,\"name\":\"DT-3321\/3322 Taupunkt-\/Feuchtkugel-\/Psychrometer\"}]},{\"@type\":\"WebSite\",\"@id\":\"https:\/\/cem-instruments.de\/de\/#website\",\"url\":\"https:\/\/cem-instruments.de\/de\/\",\"name\":\"CEM Test Instruments GmbH\",\"description\":\"CEM Test Instruments GmbH\",\"publisher\":{\"@id\":\"https:\/\/cem-instruments.de\/de\/#organization\"},\"alternateName\":\"best partner for electronic instruments\",\"potentialAction\":[{\"@type\":\"SearchAction\",\"target\":{\"@type\":\"EntryPoint\",\"urlTemplate\":\"https:\/\/cem-instruments.de\/de\/?s={search_term_string}\"},\"query-input\":{\"@type\":\"PropertyValueSpecification\",\"valueRequired\":true,\"valueName\":\"search_term_string\"}}],\"inLanguage\":\"de\"},{\"@type\":\"Organization\",\"@id\":\"https:\/\/cem-instruments.de\/de\/#organization\",\"name\":\"CEM Test Instruments GmbH\",\"url\":\"https:\/\/cem-instruments.de\/de\/\",\"logo\":{\"@type\":\"ImageObject\",\"inLanguage\":\"de\",\"@id\":\"https:\/\/cem-instruments.de\/de\/#\/schema\/logo\/image\/\",\"url\":\"https:\/\/res.cloudinary.com\/dathdmgqz\/images\/f_auto,q_auto\/v1728637129\/cropped-2024-10-11-10_57_57-cem-instruments.de-\u2013-CEM-instruments-GmbH\/cropped-2024-10-11-10_57_57-cem-instruments.de-\u2013-CEM-instruments-GmbH.jpg?_i=AA\",\"contentUrl\":\"https:\/\/res.cloudinary.com\/dathdmgqz\/images\/f_auto,q_auto\/v1728637129\/cropped-2024-10-11-10_57_57-cem-instruments.de-\u2013-CEM-instruments-GmbH\/cropped-2024-10-11-10_57_57-cem-instruments.de-\u2013-CEM-instruments-GmbH.jpg?_i=AA\",\"width\":512,\"height\":512,\"caption\":\"CEM Test Instruments GmbH\"},\"image\":{\"@id\":\"https:\/\/cem-instruments.de\/de\/#\/schema\/logo\/image\/\"}}]}<\/script>\n<!-- \/ Yoast SEO plugin. -->","yoast_head_json":{"title":"DT-3321\/3322 Taupunkt-\/Feuchtkugel-\/Psychrometer - CEM Test Instruments GmbH","description":"3321 ist ein vollst\u00e4ndiges digitales Psychrometer und ein \u00e4u\u00dferst wertvolles Diagnosewerkzeug f\u00fcr HVAC. Als Psychrometer misst es die Feuchtkugeltemperatur (WB), die Trockenkugeltemperatur (DB), die relative Luftfeuchtigkeit (RH%) und den Taupunkt (DP).3322 ist ein Diagnosewerkzeug, das dem HVAC-Techniker hilft, Probleme mit dem Luftstrom \u00fcber den Verdampfer einfach zu diagnostizieren. Es kann auch die Ziel\u00fcberhitzung eines Klimaanlagensystems mit festem Restriktor berechnen.","robots":{"index":"index","follow":"follow","max-snippet":"max-snippet:-1","max-image-preview":"max-image-preview:large","max-video-preview":"max-video-preview:-1"},"canonical":"https:\/\/cem-instruments.de\/de\/product\/dt3321-fk-psychrometer\/","og_locale":"de_DE","og_type":"article","og_title":"DT-3321\/3322 Taupunkt-\/Feuchtkugel-\/Psychrometer - CEM Test Instruments GmbH","og_description":"3321 ist ein vollst\u00e4ndiges digitales Psychrometer und ein \u00e4u\u00dferst wertvolles Diagnosewerkzeug f\u00fcr HVAC. Als Psychrometer misst es die Feuchtkugeltemperatur (WB), die Trockenkugeltemperatur (DB), die relative Luftfeuchtigkeit (RH%) und den Taupunkt (DP).3322 ist ein Diagnosewerkzeug, das dem HVAC-Techniker hilft, Probleme mit dem Luftstrom \u00fcber den Verdampfer einfach zu diagnostizieren. Es kann auch die Ziel\u00fcberhitzung eines Klimaanlagensystems mit festem Restriktor berechnen.","og_url":"https:\/\/cem-instruments.de\/de\/product\/dt3321-fk-psychrometer\/","og_site_name":"CEM Test Instruments GmbH","article_modified_time":"2025-01-24T23:52:41+00:00","og_image":[{"width":540,"height":720,"url":"https:\/\/res.cloudinary.com\/dathdmgqz\/images\/f_auto,q_auto\/v1728995313\/DT-3321_m4lgaa\/DT-3321_m4lgaa.jpg?_i=AA","type":"image\/jpeg"}],"twitter_card":"summary_large_image","twitter_misc":{"Gesch\u00e4tzte Lesezeit":"2\u00a0Minuten"},"schema":{"@context":"https:\/\/schema.org","@graph":[{"@type":"WebPage","@id":"https:\/\/cem-instruments.de\/de\/product\/dt3321-fk-psychrometer\/","url":"https:\/\/cem-instruments.de\/de\/product\/dt3321-fk-psychrometer\/","name":"DT-3321\/3322 Taupunkt-\/Feuchtkugel-\/Psychrometer - CEM Test Instruments GmbH","isPartOf":{"@id":"https:\/\/cem-instruments.de\/de\/#website"},"primaryImageOfPage":{"@id":"https:\/\/cem-instruments.de\/de\/product\/dt3321-fk-psychrometer\/#primaryimage"},"image":{"@id":"https:\/\/cem-instruments.de\/de\/product\/dt3321-fk-psychrometer\/#primaryimage"},"thumbnailUrl":"https:\/\/res.cloudinary.com\/dathdmgqz\/images\/f_auto,q_auto\/v1728995313\/DT-3321_m4lgaa\/DT-3321_m4lgaa.jpg?_i=AA","datePublished":"2024-10-16T11:16:02+00:00","dateModified":"2025-01-24T23:52:41+00:00","description":"3321 ist ein vollst\u00e4ndiges digitales Psychrometer und ein \u00e4u\u00dferst wertvolles Diagnosewerkzeug f\u00fcr HVAC. Als Psychrometer misst es die Feuchtkugeltemperatur (WB), die Trockenkugeltemperatur (DB), die relative Luftfeuchtigkeit (RH%) und den Taupunkt (DP).3322 ist ein Diagnosewerkzeug, das dem HVAC-Techniker hilft, Probleme mit dem Luftstrom \u00fcber den Verdampfer einfach zu diagnostizieren. Es kann auch die Ziel\u00fcberhitzung eines Klimaanlagensystems mit festem Restriktor berechnen.","breadcrumb":{"@id":"https:\/\/cem-instruments.de\/de\/product\/dt3321-fk-psychrometer\/#breadcrumb"},"inLanguage":"de","potentialAction":[{"@type":"ReadAction","target":["https:\/\/cem-instruments.de\/de\/product\/dt3321-fk-psychrometer\/"]}]},{"@type":"ImageObject","inLanguage":"de","@id":"https:\/\/cem-instruments.de\/de\/product\/dt3321-fk-psychrometer\/#primaryimage","url":"https:\/\/res.cloudinary.com\/dathdmgqz\/images\/f_auto,q_auto\/v1728995313\/DT-3321_m4lgaa\/DT-3321_m4lgaa.jpg?_i=AA","contentUrl":"https:\/\/res.cloudinary.com\/dathdmgqz\/images\/f_auto,q_auto\/v1728995313\/DT-3321_m4lgaa\/DT-3321_m4lgaa.jpg?_i=AA","width":540,"height":720},{"@type":"BreadcrumbList","@id":"https:\/\/cem-instruments.de\/de\/product\/dt3321-fk-psychrometer\/#breadcrumb","itemListElement":[{"@type":"ListItem","position":1,"name":"Home","item":"https:\/\/cem-instruments.de\/de\/"},{"@type":"ListItem","position":2,"name":"Products","item":"https:\/\/cem-instruments.de\/de\/shop\/"},{"@type":"ListItem","position":3,"name":"DT-3321\/3322 Taupunkt-\/Feuchtkugel-\/Psychrometer"}]},{"@type":"WebSite","@id":"https:\/\/cem-instruments.de\/de\/#website","url":"https:\/\/cem-instruments.de\/de\/","name":"CEM Test Instruments GmbH","description":"CEM Test Instruments GmbH","publisher":{"@id":"https:\/\/cem-instruments.de\/de\/#organization"},"alternateName":"best partner for electronic instruments","potentialAction":[{"@type":"SearchAction","target":{"@type":"EntryPoint","urlTemplate":"https:\/\/cem-instruments.de\/de\/?s={search_term_string}"},"query-input":{"@type":"PropertyValueSpecification","valueRequired":true,"valueName":"search_term_string"}}],"inLanguage":"de"},{"@type":"Organization","@id":"https:\/\/cem-instruments.de\/de\/#organization","name":"CEM Test Instruments GmbH","url":"https:\/\/cem-instruments.de\/de\/","logo":{"@type":"ImageObject","inLanguage":"de","@id":"https:\/\/cem-instruments.de\/de\/#\/schema\/logo\/image\/","url":"https:\/\/res.cloudinary.com\/dathdmgqz\/images\/f_auto,q_auto\/v1728637129\/cropped-2024-10-11-10_57_57-cem-instruments.de-\u2013-CEM-instruments-GmbH\/cropped-2024-10-11-10_57_57-cem-instruments.de-\u2013-CEM-instruments-GmbH.jpg?_i=AA","contentUrl":"https:\/\/res.cloudinary.com\/dathdmgqz\/images\/f_auto,q_auto\/v1728637129\/cropped-2024-10-11-10_57_57-cem-instruments.de-\u2013-CEM-instruments-GmbH\/cropped-2024-10-11-10_57_57-cem-instruments.de-\u2013-CEM-instruments-GmbH.jpg?_i=AA","width":512,"height":512,"caption":"CEM Test Instruments GmbH"},"image":{"@id":"https:\/\/cem-instruments.de\/de\/#\/schema\/logo\/image\/"}}]}},"_links":{"self":[{"href":"https:\/\/cem-instruments.de\/de\/wp-json\/wp\/v2\/product\/31382","targetHints":{"allow":["GET"]}}],"collection":[{"href":"https:\/\/cem-instruments.de\/de\/wp-json\/wp\/v2\/product"}],"about":[{"href":"https:\/\/cem-instruments.de\/de\/wp-json\/wp\/v2\/types\/product"}],"version-history":[{"count":5,"href":"https:\/\/cem-instruments.de\/de\/wp-json\/wp\/v2\/product\/31382\/revisions"}],"predecessor-version":[{"id":32186,"href":"https:\/\/cem-instruments.de\/de\/wp-json\/wp\/v2\/product\/31382\/revisions\/32186"}],"wp:featuredmedia":[{"embeddable":true,"href":"https:\/\/cem-instruments.de\/de\/wp-json\/wp\/v2\/media\/31383"}],"wp:attachment":[{"href":"https:\/\/cem-instruments.de\/de\/wp-json\/wp\/v2\/media?parent=31382"}],"wp:term":[{"taxonomy":"product_brand","embeddable":true,"href":"https:\/\/cem-instruments.de\/de\/wp-json\/wp\/v2\/product_brand?post=31382"},{"taxonomy":"product_cat","embeddable":true,"href":"https:\/\/cem-instruments.de\/de\/wp-json\/wp\/v2\/product_cat?post=31382"},{"taxonomy":"product_tag","embeddable":true,"href":"https:\/\/cem-instruments.de\/de\/wp-json\/wp\/v2\/product_tag?post=31382"}],"curies":[{"name":"wp","href":"https:\/\/api.w.org\/{rel}","templated":true}]}}