{"id":31390,"date":"2024-10-16T13:19:35","date_gmt":"2024-10-16T11:19:35","guid":{"rendered":"https:\/\/cem-instruments.de\/de\/?post_type=product&#038;p=31390"},"modified":"2025-01-25T00:56:51","modified_gmt":"2025-01-24T23:56:51","slug":"gd3306-gasleckdetektor","status":"publish","type":"product","link":"https:\/\/cem-instruments.de\/de\/product\/gd3306-gasleckdetektor\/","title":{"rendered":"GD-3306\/3308 Detektor f\u00fcr brennbare Gaslecks"},"content":{"rendered":"\t\t<div data-elementor-type=\"wp-post\" data-elementor-id=\"31390\" class=\"elementor elementor-31390\" data-elementor-post-type=\"product\">\n\t\t\t\t<div class=\"wd-negative-gap elementor-element elementor-element-b25f5d5 e-flex e-con-boxed e-con e-parent\" data-id=\"b25f5d5\" data-element_type=\"container\">\n\t\t\t\t\t<div class=\"e-con-inner\">\n\t\t<div class=\"elementor-element elementor-element-178eb3a e-con-full e-flex e-con e-child\" data-id=\"178eb3a\" data-element_type=\"container\">\n\t\t\t\t<div class=\"elementor-element elementor-element-53fe8f6 e-n-tabs-mobile elementor-widget elementor-widget-n-tabs\" data-id=\"53fe8f6\" data-element_type=\"widget\" data-settings=\"{&quot;tabs_justify_horizontal&quot;:&quot;start&quot;,&quot;horizontal_scroll&quot;:&quot;disable&quot;}\" data-widget_type=\"nested-tabs.default\">\n\t\t\t\t<div class=\"elementor-widget-container\">\n\t\t\t\t\t\t\t<div class=\"e-n-tabs\" data-widget-number=\"88074486\" aria-label=\"Tabs. Open items with Enter or Space, close with Escape and navigate using the Arrow keys.\">\n\t\t\t<div class=\"e-n-tabs-heading\" role=\"tablist\">\n\t\t\t\t\t<button id=\"e-n-tab-title-880744861\" class=\"e-n-tab-title\" aria-selected=\"true\" data-tab-index=\"1\" role=\"tab\" tabindex=\"0\" aria-controls=\"e-n-tab-content-880744861\" style=\"--n-tabs-title-order: 1;\">\n\t\t\t\t\t\t<span class=\"e-n-tab-title-text\">\n\t\t\t\tDescription\t\t\t<\/span>\n\t\t<\/button>\n\t\t\t\t<button id=\"e-n-tab-title-880744862\" class=\"e-n-tab-title\" aria-selected=\"false\" data-tab-index=\"2\" role=\"tab\" tabindex=\"-1\" aria-controls=\"e-n-tab-content-880744862\" style=\"--n-tabs-title-order: 2;\">\n\t\t\t\t\t\t<span class=\"e-n-tab-title-text\">\n\t\t\t\tSpecification\t\t\t<\/span>\n\t\t<\/button>\n\t\t\t\t<button id=\"e-n-tab-title-880744863\" class=\"e-n-tab-title\" aria-selected=\"false\" data-tab-index=\"3\" role=\"tab\" tabindex=\"-1\" aria-controls=\"e-n-tab-content-880744863\" style=\"--n-tabs-title-order: 3;\">\n\t\t\t\t\t\t<span class=\"e-n-tab-title-text\">\n\t\t\t\tResources\t\t\t<\/span>\n\t\t<\/button>\n\t\t\t\t\t<\/div>\n\t\t\t<div class=\"e-n-tabs-content\">\n\t\t\t\t<div id=\"e-n-tab-content-880744861\" role=\"tabpanel\" aria-labelledby=\"e-n-tab-title-880744861\" data-tab-index=\"1\" style=\"--n-tabs-title-order: 1;\" class=\"e-active elementor-element elementor-element-92bdeba e-con-full e-flex e-con e-child\" data-id=\"92bdeba\" data-element_type=\"container\">\n\t\t<div class=\"wd-negative-gap elementor-element elementor-element-2e9f1fd e-flex e-con-boxed e-con e-child\" data-id=\"2e9f1fd\" data-element_type=\"container\">\n\t\t\t\t\t<div class=\"e-con-inner\">\n\t\t\t\t<div class=\"elementor-element elementor-element-030dfd7 elementor-widget elementor-widget-wd_text_block\" data-id=\"030dfd7\" data-element_type=\"widget\" data-widget_type=\"wd_text_block.default\">\n\t\t\t\t<div class=\"elementor-widget-container\">\n\t\t\t\t\t\t\t<div class=\"wd-text-block reset-last-child text-left\">\n\t\t\t\n\t\t\t<p>3306\/3308 Detektor f\u00fcr brennbare Gaslecks erkennt das Vorhandensein von brennbarem Gas und misst Konzentrationen zwischen 0~10.000 Teile pro Million (PPM).<\/p><p>Der Detektor zeigt das Vorhandensein von brennbarem Gas durch eine Anzeige, \u00e4hnlich wie das Klicken eines Geigerz\u00e4hlers: \u00dcber 3200 PPM ert\u00f6nt der Summer kontinuierlich mit der Gaskonzentration. Von 0 PPM bis 3200 PPM ert\u00f6nt der Summer schnell aufgrund der steigenden Konzentrationen von brennbarem Gas.<\/p><p>Er erm\u00f6glicht eine schnelle und pr\u00e4zise Ortung von Gaslecks und w\u00e4re das beste Instrument zur Vermeidung von Explosionen und f\u00fcr eine sichere Produktion.<\/p><p><strong>Eigenschaften<\/strong><\/p>\n\t\t\t\t\t<\/div>\n\t\t\t\t\t\t<\/div>\n\t\t\t\t<\/div>\n\t\t\t\t\t<\/div>\n\t\t\t\t<\/div>\n\t\t<div class=\"elementor-element elementor-element-87eb1d5 e-con-full e-flex e-con e-child\" data-id=\"87eb1d5\" data-element_type=\"container\">\n\t\t\t\t<div class=\"elementor-element elementor-element-786be1f elementor-widget elementor-widget-wd_image_or_svg\" data-id=\"786be1f\" data-element_type=\"widget\" data-widget_type=\"wd_image_or_svg.default\">\n\t\t\t\t<div class=\"elementor-widget-container\">\n\t\t\t\t\t\n\t\t<div class=\"wd-image text-left\">\n\t\t\t\t\t\t\t\t<img width=\"512\" height=\"181\" data-public-id=\"598b9614bde6f9563452e0ed040aa2b_sxpjco\/598b9614bde6f9563452e0ed040aa2b_sxpjco.png\" fetchpriority=\"high\" decoding=\"async\" src=\"https:\/\/res.cloudinary.com\/dathdmgqz\/images\/w_512,h_181,c_scale\/f_auto,q_auto\/v1728995328\/598b9614bde6f9563452e0ed040aa2b_sxpjco\/598b9614bde6f9563452e0ed040aa2b_sxpjco.png?_i=AA\" class=\"attachment-full size-full wp-image-31394\" alt=\"\" data-format=\"png\" data-transformations=\"f_auto,q_auto\" data-version=\"1728995328\" data-seo=\"1\" data-responsive=\"1\" srcset=\"https:\/\/res.cloudinary.com\/dathdmgqz\/images\/w_512,h_181,c_scale\/f_auto,q_auto\/v1728995328\/598b9614bde6f9563452e0ed040aa2b_sxpjco\/598b9614bde6f9563452e0ed040aa2b_sxpjco.png?_i=AA 512w, https:\/\/res.cloudinary.com\/dathdmgqz\/images\/w_448,h_158,c_scale\/f_auto,q_auto\/v1728995328\/598b9614bde6f9563452e0ed040aa2b_sxpjco\/598b9614bde6f9563452e0ed040aa2b_sxpjco.png?_i=AA 448w, https:\/\/res.cloudinary.com\/dathdmgqz\/images\/w_248,h_87,c_scale\/f_auto,q_auto\/v1728995328\/598b9614bde6f9563452e0ed040aa2b_sxpjco\/598b9614bde6f9563452e0ed040aa2b_sxpjco.png?_i=AA 248w\" sizes=\"(max-width: 512px) 100vw, 512px\" \/>\t\t\t\t\t<\/div>\n\n\t\t\t\t\t\t<\/div>\n\t\t\t\t<\/div>\n\t\t\t\t<\/div>\n\t\t\t\t<\/div>\n\t\t<div id=\"e-n-tab-content-880744862\" role=\"tabpanel\" aria-labelledby=\"e-n-tab-title-880744862\" data-tab-index=\"2\" style=\"--n-tabs-title-order: 2;\" class=\" elementor-element elementor-element-7152891 e-con-full e-flex e-con e-child\" data-id=\"7152891\" data-element_type=\"container\">\n\t\t\t\t<div class=\"elementor-element elementor-element-d6c86db elementor-widget elementor-widget-wd_image_or_svg\" data-id=\"d6c86db\" data-element_type=\"widget\" data-widget_type=\"wd_image_or_svg.default\">\n\t\t\t\t<div class=\"elementor-widget-container\">\n\t\t\t\t\t\n\t\t<div class=\"wd-image text-left\">\n\t\t\t\t\t\t\t\t<img width=\"506\" height=\"244\" data-public-id=\"1e376ca1c41c4c774f014f4c59071dc_ym0luc\/1e376ca1c41c4c774f014f4c59071dc_ym0luc.png\" decoding=\"async\" src=\"https:\/\/res.cloudinary.com\/dathdmgqz\/images\/w_506,h_244,c_scale\/f_auto,q_auto\/v1728995327\/1e376ca1c41c4c774f014f4c59071dc_ym0luc\/1e376ca1c41c4c774f014f4c59071dc_ym0luc.png?_i=AA\" class=\"attachment-full size-full wp-image-31395\" alt=\"\" data-format=\"png\" data-transformations=\"f_auto,q_auto\" data-version=\"1728995327\" data-seo=\"1\" data-responsive=\"1\" srcset=\"https:\/\/res.cloudinary.com\/dathdmgqz\/images\/w_506,h_244,c_scale\/f_auto,q_auto\/v1728995327\/1e376ca1c41c4c774f014f4c59071dc_ym0luc\/1e376ca1c41c4c774f014f4c59071dc_ym0luc.png?_i=AA 506w, https:\/\/res.cloudinary.com\/dathdmgqz\/images\/w_448,h_216,c_scale\/f_auto,q_auto\/v1728995327\/1e376ca1c41c4c774f014f4c59071dc_ym0luc\/1e376ca1c41c4c774f014f4c59071dc_ym0luc.png?_i=AA 448w, https:\/\/res.cloudinary.com\/dathdmgqz\/images\/w_248,h_119,c_scale\/f_auto,q_auto\/v1728995327\/1e376ca1c41c4c774f014f4c59071dc_ym0luc\/1e376ca1c41c4c774f014f4c59071dc_ym0luc.png?_i=AA 248w\" sizes=\"(max-width: 506px) 100vw, 506px\" \/>\t\t\t\t\t<\/div>\n\n\t\t\t\t\t\t<\/div>\n\t\t\t\t<\/div>\n\t\t\t\t<\/div>\n\t\t<div id=\"e-n-tab-content-880744863\" role=\"tabpanel\" aria-labelledby=\"e-n-tab-title-880744863\" data-tab-index=\"3\" style=\"--n-tabs-title-order: 3;\" class=\" elementor-element elementor-element-5e1367f e-con-full e-flex e-con e-child\" data-id=\"5e1367f\" data-element_type=\"container\">\n\t\t<div class=\"elementor-element elementor-element-8fce7e0 e-con-full e-flex e-con e-child\" data-id=\"8fce7e0\" data-element_type=\"container\">\n\t\t\t\t<div class=\"elementor-element elementor-element-effc527 elementor-widget elementor-widget-wd_list\" data-id=\"effc527\" data-element_type=\"widget\" data-widget_type=\"wd_list.default\">\n\t\t\t\t<div class=\"elementor-widget-container\">\n\t\t\t\t\t\t\t<ul class=\"wd-list color-scheme- wd-fontsize-xs wd-type-icon wd-style-default text-left\">\n\t\t\t\t\t\t\t\t\t\t\t<li class=\"elementor-repeater-item-fe163c2\">\n\t\t\t\t\t\t\t\t\t\t\t<span class=\"wd-icon\"><svg class=\"e-font-icon-svg e-fas-star\" viewBox=\"0 0 576 512\" xmlns=\"http:\/\/www.w3.org\/2000\/svg\"><path d=\"M259.3 17.8L194 150.2 47.9 171.5c-26.2 3.8-36.7 36.1-17.7 54.6l105.7 103-25 145.5c-4.5 26.3 23.2 46 46.4 33.7L288 439.6l130.7 68.7c23.2 12.2 50.9-7.4 46.4-33.7l-25-145.5 105.7-103c19-18.5 8.5-50.8-17.7-54.6L382 150.2 316.7 17.8c-11.7-23.6-45.6-23.9-57.4 0z\"><\/path><\/svg><\/span>\t\t\t\t\t\n\t\t\t\t\t<span class=\"wd-list-content list-content\">\n\t\t\t\t\t\tapplication note\t\t\t\t\t<\/span>\n\n\t\t\t\t\t\t\t\t\t<\/li>\n\t\t\t\t\t<\/ul>\n\n\t\t\t\t\t\t<\/div>\n\t\t\t\t<\/div>\n\t\t\t\t<div class=\"elementor-element elementor-element-c6fd914 elementor-widget elementor-widget-wd_list\" data-id=\"c6fd914\" data-element_type=\"widget\" data-widget_type=\"wd_list.default\">\n\t\t\t\t<div class=\"elementor-widget-container\">\n\t\t\t\t\t\t\t<ul class=\"wd-list color-scheme-custom wd-fontsize-xs wd-type-icon wd-style-default text-left\">\n\t\t\t\t\t\t\t\t\t\t\t<li class=\"elementor-repeater-item-fe163c2\">\n\t\t\t\t\t\t\t\t\t\t\t<span class=\"wd-icon\"><svg class=\"e-font-icon-svg e-fas-star\" viewBox=\"0 0 576 512\" xmlns=\"http:\/\/www.w3.org\/2000\/svg\"><path d=\"M259.3 17.8L194 150.2 47.9 171.5c-26.2 3.8-36.7 36.1-17.7 54.6l105.7 103-25 145.5c-4.5 26.3 23.2 46 46.4 33.7L288 439.6l130.7 68.7c23.2 12.2 50.9-7.4 46.4-33.7l-25-145.5 105.7-103c19-18.5 8.5-50.8-17.7-54.6L382 150.2 316.7 17.8c-11.7-23.6-45.6-23.9-57.4 0z\"><\/path><\/svg><\/span>\t\t\t\t\t\n\t\t\t\t\t<span class=\"wd-list-content list-content\">\n\t\t\t\t\t\tdatasheet\t\t\t\t\t<\/span>\n\n\t\t\t\t\t\t\t\t\t<\/li>\n\t\t\t\t\t\t\t\t\t\t\t<li class=\"elementor-repeater-item-66113ab\">\n\t\t\t\t\t\t\t\t\t\t\t<span class=\"wd-icon\"><svg class=\"e-font-icon-svg e-fas-star\" viewBox=\"0 0 576 512\" xmlns=\"http:\/\/www.w3.org\/2000\/svg\"><path d=\"M259.3 17.8L194 150.2 47.9 171.5c-26.2 3.8-36.7 36.1-17.7 54.6l105.7 103-25 145.5c-4.5 26.3 23.2 46 46.4 33.7L288 439.6l130.7 68.7c23.2 12.2 50.9-7.4 46.4-33.7l-25-145.5 105.7-103c19-18.5 8.5-50.8-17.7-54.6L382 150.2 316.7 17.8c-11.7-23.6-45.6-23.9-57.4 0z\"><\/path><\/svg><\/span>\t\t\t\t\t\n\t\t\t\t\t<span class=\"wd-list-content list-content\">\n\t\t\t\t\t\tuser manual\t\t\t\t\t<\/span>\n\n\t\t\t\t\t\t\t\t\t<\/li>\n\t\t\t\t\t<\/ul>\n\n\t\t\t\t\t\t<\/div>\n\t\t\t\t<\/div>\n\t\t\t\t<\/div>\n\t\t<div class=\"elementor-element elementor-element-c438abd e-con-full e-flex e-con e-child\" data-id=\"c438abd\" data-element_type=\"container\">\n\t\t\t\t<\/div>\n\t\t\t\t<\/div>\n\t\t\t\t\t<\/div>\n\t\t<\/div>\n\t\t\t\t\t\t<\/div>\n\t\t\t\t<\/div>\n\t\t\t\t<\/div>\n\t\t\t\t\t<\/div>\n\t\t\t\t<\/div>\n\t\t\t\t<\/div>\n\t\t","protected":false},"excerpt":{"rendered":"<p>3306\/3308 Detektor f\u00fcr brennbare Gaslecks erkennt das Vorhandensein von brennbarem Gas und misst Konzentrationen zwischen 0~10.000 Teile pro Million (PPM).<\/p>\n<p>Der Detektor zeigt das Vorhandensein von brennbarem Gas durch eine Anzeige an, \u00e4hnlich wie das Klicken eines Geigerz\u00e4hlers: \u00dcber 3200 PPM ert\u00f6nt der Summer kontinuierlich entsprechend der Gaskonzentration. Von 0 PPM bis 3200 PPM ert\u00f6nt der Summer mit zunehmender Geschwindigkeit, da die Konzentration des brennbaren Gases ansteigt.<\/p>\n<p>Er erm\u00f6glicht eine schnelle und pr\u00e4zise Ortung von Gaslecks und ist das beste Instrument zur Vermeidung von Explosionen und f\u00fcr eine sichere Produktion.<\/p>\n","protected":false},"featured_media":31391,"template":"","meta":{"_cloudinary_featured_overwrite":false},"product_brand":[],"product_cat":[355,423],"product_tag":[],"class_list":{"0":"post-31390","1":"product","2":"type-product","3":"status-publish","4":"has-post-thumbnail","6":"product_cat-environmental_tools","7":"product_cat-gas_leak_detector","9":"first","10":"instock","11":"shipping-taxable","12":"product-type-simple"},"yoast_head":"<!-- This site is optimized with the Yoast SEO plugin v24.3 - https:\/\/yoast.com\/wordpress\/plugins\/seo\/ -->\n<title>GD-3306\/3308 Detektor f\u00fcr brennbare Gaslecks - CEM Test Instruments GmbH<\/title>\n<meta name=\"description\" content=\"3306\/3308 Detektor f\u00fcr brennbare Gaslecks erkennt das Vorhandensein von brennbarem Gas und misst Konzentrationen zwischen 0~10.000 Teile pro Million (PPM). Der Detektor zeigt das Vorhandensein von brennbarem Gas durch eine Anzeige an, \u00e4hnlich wie das Klicken eines Geigerz\u00e4hlers: \u00dcber 3200 PPM ert\u00f6nt der Summer kontinuierlich entsprechend der Gaskonzentration. Von 0 PPM bis 3200 PPM ert\u00f6nt der Summer mit zunehmender Geschwindigkeit, da die Konzentration des brennbaren Gases ansteigt. Er erm\u00f6glicht eine schnelle und pr\u00e4zise Ortung von Gaslecks und ist das beste Instrument zur Vermeidung von Explosionen und f\u00fcr eine sichere Produktion.\" \/>\n<meta name=\"robots\" content=\"index, follow, max-snippet:-1, max-image-preview:large, max-video-preview:-1\" \/>\n<link rel=\"canonical\" href=\"https:\/\/cem-instruments.de\/de\/product\/gd3306-gasleckdetektor\/\" \/>\n<meta property=\"og:locale\" content=\"de_DE\" \/>\n<meta property=\"og:type\" content=\"article\" \/>\n<meta property=\"og:title\" content=\"GD-3306\/3308 Detektor f\u00fcr brennbare Gaslecks - CEM Test Instruments GmbH\" \/>\n<meta property=\"og:description\" content=\"3306\/3308 Detektor f\u00fcr brennbare Gaslecks erkennt das Vorhandensein von brennbarem Gas und misst Konzentrationen zwischen 0~10.000 Teile pro Million (PPM). Der Detektor zeigt das Vorhandensein von brennbarem Gas durch eine Anzeige an, \u00e4hnlich wie das Klicken eines Geigerz\u00e4hlers: \u00dcber 3200 PPM ert\u00f6nt der Summer kontinuierlich entsprechend der Gaskonzentration. Von 0 PPM bis 3200 PPM ert\u00f6nt der Summer mit zunehmender Geschwindigkeit, da die Konzentration des brennbaren Gases ansteigt. Er erm\u00f6glicht eine schnelle und pr\u00e4zise Ortung von Gaslecks und ist das beste Instrument zur Vermeidung von Explosionen und f\u00fcr eine sichere Produktion.\" \/>\n<meta property=\"og:url\" content=\"https:\/\/cem-instruments.de\/de\/product\/gd3306-gasleckdetektor\/\" \/>\n<meta property=\"og:site_name\" content=\"CEM Test Instruments GmbH\" \/>\n<meta property=\"article:modified_time\" content=\"2025-01-24T23:56:51+00:00\" \/>\n<meta property=\"og:image\" content=\"https:\/\/res.cloudinary.com\/dathdmgqz\/images\/f_auto,q_auto\/v1728995328\/GD-3306_svh4vd\/GD-3306_svh4vd.jpg?_i=AA\" \/>\n\t<meta property=\"og:image:width\" content=\"540\" \/>\n\t<meta property=\"og:image:height\" content=\"720\" \/>\n\t<meta property=\"og:image:type\" content=\"image\/jpeg\" \/>\n<meta name=\"twitter:card\" content=\"summary_large_image\" \/>\n<meta name=\"twitter:label1\" content=\"Gesch\u00e4tzte Lesezeit\" \/>\n\t<meta name=\"twitter:data1\" content=\"2\u00a0Minuten\" \/>\n<script type=\"application\/ld+json\" class=\"yoast-schema-graph\">{\"@context\":\"https:\/\/schema.org\",\"@graph\":[{\"@type\":\"WebPage\",\"@id\":\"https:\/\/cem-instruments.de\/de\/product\/gd3306-gasleckdetektor\/\",\"url\":\"https:\/\/cem-instruments.de\/de\/product\/gd3306-gasleckdetektor\/\",\"name\":\"GD-3306\/3308 Detektor f\u00fcr brennbare Gaslecks - CEM Test Instruments GmbH\",\"isPartOf\":{\"@id\":\"https:\/\/cem-instruments.de\/de\/#website\"},\"primaryImageOfPage\":{\"@id\":\"https:\/\/cem-instruments.de\/de\/product\/gd3306-gasleckdetektor\/#primaryimage\"},\"image\":{\"@id\":\"https:\/\/cem-instruments.de\/de\/product\/gd3306-gasleckdetektor\/#primaryimage\"},\"thumbnailUrl\":\"https:\/\/res.cloudinary.com\/dathdmgqz\/images\/f_auto,q_auto\/v1728995328\/GD-3306_svh4vd\/GD-3306_svh4vd.jpg?_i=AA\",\"datePublished\":\"2024-10-16T11:19:35+00:00\",\"dateModified\":\"2025-01-24T23:56:51+00:00\",\"description\":\"3306\/3308 Detektor f\u00fcr brennbare Gaslecks erkennt das Vorhandensein von brennbarem Gas und misst Konzentrationen zwischen 0~10.000 Teile pro Million (PPM). Der Detektor zeigt das Vorhandensein von brennbarem Gas durch eine Anzeige an, \u00e4hnlich wie das Klicken eines Geigerz\u00e4hlers: \u00dcber 3200 PPM ert\u00f6nt der Summer kontinuierlich entsprechend der Gaskonzentration. Von 0 PPM bis 3200 PPM ert\u00f6nt der Summer mit zunehmender Geschwindigkeit, da die Konzentration des brennbaren Gases ansteigt. Er erm\u00f6glicht eine schnelle und pr\u00e4zise Ortung von Gaslecks und ist das beste Instrument zur Vermeidung von Explosionen und f\u00fcr eine sichere Produktion.\",\"breadcrumb\":{\"@id\":\"https:\/\/cem-instruments.de\/de\/product\/gd3306-gasleckdetektor\/#breadcrumb\"},\"inLanguage\":\"de\",\"potentialAction\":[{\"@type\":\"ReadAction\",\"target\":[\"https:\/\/cem-instruments.de\/de\/product\/gd3306-gasleckdetektor\/\"]}]},{\"@type\":\"ImageObject\",\"inLanguage\":\"de\",\"@id\":\"https:\/\/cem-instruments.de\/de\/product\/gd3306-gasleckdetektor\/#primaryimage\",\"url\":\"https:\/\/res.cloudinary.com\/dathdmgqz\/images\/f_auto,q_auto\/v1728995328\/GD-3306_svh4vd\/GD-3306_svh4vd.jpg?_i=AA\",\"contentUrl\":\"https:\/\/res.cloudinary.com\/dathdmgqz\/images\/f_auto,q_auto\/v1728995328\/GD-3306_svh4vd\/GD-3306_svh4vd.jpg?_i=AA\",\"width\":540,\"height\":720},{\"@type\":\"BreadcrumbList\",\"@id\":\"https:\/\/cem-instruments.de\/de\/product\/gd3306-gasleckdetektor\/#breadcrumb\",\"itemListElement\":[{\"@type\":\"ListItem\",\"position\":1,\"name\":\"Home\",\"item\":\"https:\/\/cem-instruments.de\/de\/\"},{\"@type\":\"ListItem\",\"position\":2,\"name\":\"Products\",\"item\":\"https:\/\/cem-instruments.de\/de\/shop\/\"},{\"@type\":\"ListItem\",\"position\":3,\"name\":\"GD-3306\/3308 Detektor f\u00fcr brennbare Gaslecks\"}]},{\"@type\":\"WebSite\",\"@id\":\"https:\/\/cem-instruments.de\/de\/#website\",\"url\":\"https:\/\/cem-instruments.de\/de\/\",\"name\":\"CEM Test Instruments GmbH\",\"description\":\"CEM Test Instruments GmbH\",\"publisher\":{\"@id\":\"https:\/\/cem-instruments.de\/de\/#organization\"},\"alternateName\":\"best partner for electronic instruments\",\"potentialAction\":[{\"@type\":\"SearchAction\",\"target\":{\"@type\":\"EntryPoint\",\"urlTemplate\":\"https:\/\/cem-instruments.de\/de\/?s={search_term_string}\"},\"query-input\":{\"@type\":\"PropertyValueSpecification\",\"valueRequired\":true,\"valueName\":\"search_term_string\"}}],\"inLanguage\":\"de\"},{\"@type\":\"Organization\",\"@id\":\"https:\/\/cem-instruments.de\/de\/#organization\",\"name\":\"CEM Test Instruments GmbH\",\"url\":\"https:\/\/cem-instruments.de\/de\/\",\"logo\":{\"@type\":\"ImageObject\",\"inLanguage\":\"de\",\"@id\":\"https:\/\/cem-instruments.de\/de\/#\/schema\/logo\/image\/\",\"url\":\"https:\/\/res.cloudinary.com\/dathdmgqz\/images\/f_auto,q_auto\/v1728637129\/cropped-2024-10-11-10_57_57-cem-instruments.de-\u2013-CEM-instruments-GmbH\/cropped-2024-10-11-10_57_57-cem-instruments.de-\u2013-CEM-instruments-GmbH.jpg?_i=AA\",\"contentUrl\":\"https:\/\/res.cloudinary.com\/dathdmgqz\/images\/f_auto,q_auto\/v1728637129\/cropped-2024-10-11-10_57_57-cem-instruments.de-\u2013-CEM-instruments-GmbH\/cropped-2024-10-11-10_57_57-cem-instruments.de-\u2013-CEM-instruments-GmbH.jpg?_i=AA\",\"width\":512,\"height\":512,\"caption\":\"CEM Test Instruments GmbH\"},\"image\":{\"@id\":\"https:\/\/cem-instruments.de\/de\/#\/schema\/logo\/image\/\"}}]}<\/script>\n<!-- \/ Yoast SEO plugin. -->","yoast_head_json":{"title":"GD-3306\/3308 Detektor f\u00fcr brennbare Gaslecks - CEM Test Instruments GmbH","description":"3306\/3308 Detektor f\u00fcr brennbare Gaslecks erkennt das Vorhandensein von brennbarem Gas und misst Konzentrationen zwischen 0~10.000 Teile pro Million (PPM). Der Detektor zeigt das Vorhandensein von brennbarem Gas durch eine Anzeige an, \u00e4hnlich wie das Klicken eines Geigerz\u00e4hlers: \u00dcber 3200 PPM ert\u00f6nt der Summer kontinuierlich entsprechend der Gaskonzentration. Von 0 PPM bis 3200 PPM ert\u00f6nt der Summer mit zunehmender Geschwindigkeit, da die Konzentration des brennbaren Gases ansteigt. Er erm\u00f6glicht eine schnelle und pr\u00e4zise Ortung von Gaslecks und ist das beste Instrument zur Vermeidung von Explosionen und f\u00fcr eine sichere Produktion.","robots":{"index":"index","follow":"follow","max-snippet":"max-snippet:-1","max-image-preview":"max-image-preview:large","max-video-preview":"max-video-preview:-1"},"canonical":"https:\/\/cem-instruments.de\/de\/product\/gd3306-gasleckdetektor\/","og_locale":"de_DE","og_type":"article","og_title":"GD-3306\/3308 Detektor f\u00fcr brennbare Gaslecks - CEM Test Instruments GmbH","og_description":"3306\/3308 Detektor f\u00fcr brennbare Gaslecks erkennt das Vorhandensein von brennbarem Gas und misst Konzentrationen zwischen 0~10.000 Teile pro Million (PPM). Der Detektor zeigt das Vorhandensein von brennbarem Gas durch eine Anzeige an, \u00e4hnlich wie das Klicken eines Geigerz\u00e4hlers: \u00dcber 3200 PPM ert\u00f6nt der Summer kontinuierlich entsprechend der Gaskonzentration. Von 0 PPM bis 3200 PPM ert\u00f6nt der Summer mit zunehmender Geschwindigkeit, da die Konzentration des brennbaren Gases ansteigt. Er erm\u00f6glicht eine schnelle und pr\u00e4zise Ortung von Gaslecks und ist das beste Instrument zur Vermeidung von Explosionen und f\u00fcr eine sichere Produktion.","og_url":"https:\/\/cem-instruments.de\/de\/product\/gd3306-gasleckdetektor\/","og_site_name":"CEM Test Instruments GmbH","article_modified_time":"2025-01-24T23:56:51+00:00","og_image":[{"width":540,"height":720,"url":"https:\/\/res.cloudinary.com\/dathdmgqz\/images\/f_auto,q_auto\/v1728995328\/GD-3306_svh4vd\/GD-3306_svh4vd.jpg?_i=AA","type":"image\/jpeg"}],"twitter_card":"summary_large_image","twitter_misc":{"Gesch\u00e4tzte Lesezeit":"2\u00a0Minuten"},"schema":{"@context":"https:\/\/schema.org","@graph":[{"@type":"WebPage","@id":"https:\/\/cem-instruments.de\/de\/product\/gd3306-gasleckdetektor\/","url":"https:\/\/cem-instruments.de\/de\/product\/gd3306-gasleckdetektor\/","name":"GD-3306\/3308 Detektor f\u00fcr brennbare Gaslecks - CEM Test Instruments GmbH","isPartOf":{"@id":"https:\/\/cem-instruments.de\/de\/#website"},"primaryImageOfPage":{"@id":"https:\/\/cem-instruments.de\/de\/product\/gd3306-gasleckdetektor\/#primaryimage"},"image":{"@id":"https:\/\/cem-instruments.de\/de\/product\/gd3306-gasleckdetektor\/#primaryimage"},"thumbnailUrl":"https:\/\/res.cloudinary.com\/dathdmgqz\/images\/f_auto,q_auto\/v1728995328\/GD-3306_svh4vd\/GD-3306_svh4vd.jpg?_i=AA","datePublished":"2024-10-16T11:19:35+00:00","dateModified":"2025-01-24T23:56:51+00:00","description":"3306\/3308 Detektor f\u00fcr brennbare Gaslecks erkennt das Vorhandensein von brennbarem Gas und misst Konzentrationen zwischen 0~10.000 Teile pro Million (PPM). Der Detektor zeigt das Vorhandensein von brennbarem Gas durch eine Anzeige an, \u00e4hnlich wie das Klicken eines Geigerz\u00e4hlers: \u00dcber 3200 PPM ert\u00f6nt der Summer kontinuierlich entsprechend der Gaskonzentration. Von 0 PPM bis 3200 PPM ert\u00f6nt der Summer mit zunehmender Geschwindigkeit, da die Konzentration des brennbaren Gases ansteigt. Er erm\u00f6glicht eine schnelle und pr\u00e4zise Ortung von Gaslecks und ist das beste Instrument zur Vermeidung von Explosionen und f\u00fcr eine sichere Produktion.","breadcrumb":{"@id":"https:\/\/cem-instruments.de\/de\/product\/gd3306-gasleckdetektor\/#breadcrumb"},"inLanguage":"de","potentialAction":[{"@type":"ReadAction","target":["https:\/\/cem-instruments.de\/de\/product\/gd3306-gasleckdetektor\/"]}]},{"@type":"ImageObject","inLanguage":"de","@id":"https:\/\/cem-instruments.de\/de\/product\/gd3306-gasleckdetektor\/#primaryimage","url":"https:\/\/res.cloudinary.com\/dathdmgqz\/images\/f_auto,q_auto\/v1728995328\/GD-3306_svh4vd\/GD-3306_svh4vd.jpg?_i=AA","contentUrl":"https:\/\/res.cloudinary.com\/dathdmgqz\/images\/f_auto,q_auto\/v1728995328\/GD-3306_svh4vd\/GD-3306_svh4vd.jpg?_i=AA","width":540,"height":720},{"@type":"BreadcrumbList","@id":"https:\/\/cem-instruments.de\/de\/product\/gd3306-gasleckdetektor\/#breadcrumb","itemListElement":[{"@type":"ListItem","position":1,"name":"Home","item":"https:\/\/cem-instruments.de\/de\/"},{"@type":"ListItem","position":2,"name":"Products","item":"https:\/\/cem-instruments.de\/de\/shop\/"},{"@type":"ListItem","position":3,"name":"GD-3306\/3308 Detektor f\u00fcr brennbare Gaslecks"}]},{"@type":"WebSite","@id":"https:\/\/cem-instruments.de\/de\/#website","url":"https:\/\/cem-instruments.de\/de\/","name":"CEM Test Instruments GmbH","description":"CEM Test Instruments GmbH","publisher":{"@id":"https:\/\/cem-instruments.de\/de\/#organization"},"alternateName":"best partner for electronic instruments","potentialAction":[{"@type":"SearchAction","target":{"@type":"EntryPoint","urlTemplate":"https:\/\/cem-instruments.de\/de\/?s={search_term_string}"},"query-input":{"@type":"PropertyValueSpecification","valueRequired":true,"valueName":"search_term_string"}}],"inLanguage":"de"},{"@type":"Organization","@id":"https:\/\/cem-instruments.de\/de\/#organization","name":"CEM Test Instruments GmbH","url":"https:\/\/cem-instruments.de\/de\/","logo":{"@type":"ImageObject","inLanguage":"de","@id":"https:\/\/cem-instruments.de\/de\/#\/schema\/logo\/image\/","url":"https:\/\/res.cloudinary.com\/dathdmgqz\/images\/f_auto,q_auto\/v1728637129\/cropped-2024-10-11-10_57_57-cem-instruments.de-\u2013-CEM-instruments-GmbH\/cropped-2024-10-11-10_57_57-cem-instruments.de-\u2013-CEM-instruments-GmbH.jpg?_i=AA","contentUrl":"https:\/\/res.cloudinary.com\/dathdmgqz\/images\/f_auto,q_auto\/v1728637129\/cropped-2024-10-11-10_57_57-cem-instruments.de-\u2013-CEM-instruments-GmbH\/cropped-2024-10-11-10_57_57-cem-instruments.de-\u2013-CEM-instruments-GmbH.jpg?_i=AA","width":512,"height":512,"caption":"CEM Test Instruments GmbH"},"image":{"@id":"https:\/\/cem-instruments.de\/de\/#\/schema\/logo\/image\/"}}]}},"_links":{"self":[{"href":"https:\/\/cem-instruments.de\/de\/wp-json\/wp\/v2\/product\/31390","targetHints":{"allow":["GET"]}}],"collection":[{"href":"https:\/\/cem-instruments.de\/de\/wp-json\/wp\/v2\/product"}],"about":[{"href":"https:\/\/cem-instruments.de\/de\/wp-json\/wp\/v2\/types\/product"}],"version-history":[{"count":5,"href":"https:\/\/cem-instruments.de\/de\/wp-json\/wp\/v2\/product\/31390\/revisions"}],"predecessor-version":[{"id":32192,"href":"https:\/\/cem-instruments.de\/de\/wp-json\/wp\/v2\/product\/31390\/revisions\/32192"}],"wp:featuredmedia":[{"embeddable":true,"href":"https:\/\/cem-instruments.de\/de\/wp-json\/wp\/v2\/media\/31391"}],"wp:attachment":[{"href":"https:\/\/cem-instruments.de\/de\/wp-json\/wp\/v2\/media?parent=31390"}],"wp:term":[{"taxonomy":"product_brand","embeddable":true,"href":"https:\/\/cem-instruments.de\/de\/wp-json\/wp\/v2\/product_brand?post=31390"},{"taxonomy":"product_cat","embeddable":true,"href":"https:\/\/cem-instruments.de\/de\/wp-json\/wp\/v2\/product_cat?post=31390"},{"taxonomy":"product_tag","embeddable":true,"href":"https:\/\/cem-instruments.de\/de\/wp-json\/wp\/v2\/product_tag?post=31390"}],"curies":[{"name":"wp","href":"https:\/\/api.w.org\/{rel}","templated":true}]}}