{"id":31399,"date":"2024-10-16T13:22:49","date_gmt":"2024-10-16T11:22:49","guid":{"rendered":"https:\/\/cem-instruments.de\/de\/?post_type=product&#038;p=31399"},"modified":"2025-01-25T00:59:29","modified_gmt":"2025-01-24T23:59:29","slug":"at8-drehzahlmesser","status":"publish","type":"product","link":"https:\/\/cem-instruments.de\/de\/product\/at8-drehzahlmesser\/","title":{"rendered":"AT-8\/AT-6\/AT-10 Hochpr\u00e4zisions-Drehzahlmesser"},"content":{"rendered":"\t\t<div data-elementor-type=\"wp-post\" data-elementor-id=\"31399\" class=\"elementor elementor-31399\" data-elementor-post-type=\"product\">\n\t\t\t\t<div class=\"wd-negative-gap elementor-element elementor-element-c37d92c e-flex e-con-boxed e-con e-parent\" data-id=\"c37d92c\" data-element_type=\"container\">\n\t\t\t\t\t<div class=\"e-con-inner\">\n\t\t<div class=\"elementor-element elementor-element-b07aaa4 e-con-full e-flex e-con e-child\" data-id=\"b07aaa4\" data-element_type=\"container\">\n\t\t\t\t<div class=\"elementor-element elementor-element-ad9d7fb e-n-tabs-mobile elementor-widget elementor-widget-n-tabs\" data-id=\"ad9d7fb\" data-element_type=\"widget\" data-settings=\"{&quot;tabs_justify_horizontal&quot;:&quot;start&quot;,&quot;horizontal_scroll&quot;:&quot;disable&quot;}\" data-widget_type=\"nested-tabs.default\">\n\t\t\t\t<div class=\"elementor-widget-container\">\n\t\t\t\t\t\t\t<div class=\"e-n-tabs\" data-widget-number=\"182048763\" aria-label=\"Tabs. Open items with Enter or Space, close with Escape and navigate using the Arrow keys.\">\n\t\t\t<div class=\"e-n-tabs-heading\" role=\"tablist\">\n\t\t\t\t\t<button id=\"e-n-tab-title-1820487631\" class=\"e-n-tab-title\" aria-selected=\"true\" data-tab-index=\"1\" role=\"tab\" tabindex=\"0\" aria-controls=\"e-n-tab-content-1820487631\" style=\"--n-tabs-title-order: 1;\">\n\t\t\t\t\t\t<span class=\"e-n-tab-title-text\">\n\t\t\t\tDescription\t\t\t<\/span>\n\t\t<\/button>\n\t\t\t\t<button id=\"e-n-tab-title-1820487632\" class=\"e-n-tab-title\" aria-selected=\"false\" data-tab-index=\"2\" role=\"tab\" tabindex=\"-1\" aria-controls=\"e-n-tab-content-1820487632\" style=\"--n-tabs-title-order: 2;\">\n\t\t\t\t\t\t<span class=\"e-n-tab-title-text\">\n\t\t\t\tSpecification\t\t\t<\/span>\n\t\t<\/button>\n\t\t\t\t<button id=\"e-n-tab-title-1820487633\" class=\"e-n-tab-title\" aria-selected=\"false\" data-tab-index=\"3\" role=\"tab\" tabindex=\"-1\" aria-controls=\"e-n-tab-content-1820487633\" style=\"--n-tabs-title-order: 3;\">\n\t\t\t\t\t\t<span class=\"e-n-tab-title-text\">\n\t\t\t\tResources\t\t\t<\/span>\n\t\t<\/button>\n\t\t\t\t\t<\/div>\n\t\t\t<div class=\"e-n-tabs-content\">\n\t\t\t\t<div id=\"e-n-tab-content-1820487631\" role=\"tabpanel\" aria-labelledby=\"e-n-tab-title-1820487631\" data-tab-index=\"1\" style=\"--n-tabs-title-order: 1;\" class=\"e-active elementor-element elementor-element-923a1d1 e-con-full e-flex e-con e-child\" data-id=\"923a1d1\" data-element_type=\"container\">\n\t\t<div class=\"wd-negative-gap elementor-element elementor-element-a3cfd33 e-flex e-con-boxed e-con e-child\" data-id=\"a3cfd33\" data-element_type=\"container\">\n\t\t\t\t\t<div class=\"e-con-inner\">\n\t\t\t\t<div class=\"elementor-element elementor-element-fff2799 elementor-widget elementor-widget-wd_text_block\" data-id=\"fff2799\" data-element_type=\"widget\" data-widget_type=\"wd_text_block.default\">\n\t\t\t\t<div class=\"elementor-widget-container\">\n\t\t\t\t\t\t\t<div class=\"wd-text-block reset-last-child text-left\">\n\t\t\t\n\t\t\t<p>AT-8\/AT-10 Digitaler Drehzahlmesser bietet schnelle und pr\u00e4zise Kontakt- und ber\u00fchrungslose Messungen von Drehzahl und Oberfl\u00e4chengeschwindigkeit rotierender Objekte.<\/p><ul><li>Gro\u00dfer Messbereich und hohe Aufl\u00f6sung<\/li><li>40 Speicherpl\u00e4tze f\u00fcr Messwerte<\/li><li>Integrierter Laserpointer<\/li><li>5-stelliges LCD-Display<\/li><\/ul>\n\t\t\t\t\t<\/div>\n\t\t\t\t\t\t<\/div>\n\t\t\t\t<\/div>\n\t\t\t\t\t<\/div>\n\t\t\t\t<\/div>\n\t\t<div class=\"elementor-element elementor-element-b91f6bc e-con-full e-flex e-con e-child\" data-id=\"b91f6bc\" data-element_type=\"container\">\n\t\t\t\t<\/div>\n\t\t\t\t<\/div>\n\t\t<div id=\"e-n-tab-content-1820487632\" role=\"tabpanel\" aria-labelledby=\"e-n-tab-title-1820487632\" data-tab-index=\"2\" style=\"--n-tabs-title-order: 2;\" class=\" elementor-element elementor-element-cd4e099 e-con-full e-flex e-con e-child\" data-id=\"cd4e099\" data-element_type=\"container\">\n\t\t\t\t<div class=\"elementor-element elementor-element-0d3358f elementor-widget elementor-widget-wd_image_or_svg\" data-id=\"0d3358f\" data-element_type=\"widget\" data-widget_type=\"wd_image_or_svg.default\">\n\t\t\t\t<div class=\"elementor-widget-container\">\n\t\t\t\t\t\n\t\t<div class=\"wd-image text-left\">\n\t\t\t\t\t\t\t\t<img width=\"325\" height=\"190\" data-public-id=\"457dc3638abe8a0fb66c4107273f013_bfaxxi\/457dc3638abe8a0fb66c4107273f013_bfaxxi.png\" fetchpriority=\"high\" decoding=\"async\" src=\"https:\/\/res.cloudinary.com\/dathdmgqz\/images\/w_325,h_190,c_scale\/f_auto,q_auto\/v1728995309\/457dc3638abe8a0fb66c4107273f013_bfaxxi\/457dc3638abe8a0fb66c4107273f013_bfaxxi.png?_i=AA\" class=\"attachment-full size-full wp-image-31404\" alt=\"\" data-format=\"png\" data-transformations=\"f_auto,q_auto\" data-version=\"1728995309\" data-seo=\"1\" data-responsive=\"1\" srcset=\"https:\/\/res.cloudinary.com\/dathdmgqz\/images\/w_325,h_190,c_scale\/f_auto,q_auto\/v1728995309\/457dc3638abe8a0fb66c4107273f013_bfaxxi\/457dc3638abe8a0fb66c4107273f013_bfaxxi.png?_i=AA 325w, https:\/\/res.cloudinary.com\/dathdmgqz\/images\/w_248,h_144,c_scale\/f_auto,q_auto\/v1728995309\/457dc3638abe8a0fb66c4107273f013_bfaxxi\/457dc3638abe8a0fb66c4107273f013_bfaxxi.png?_i=AA 248w\" sizes=\"(max-width: 325px) 100vw, 325px\" \/>\t\t\t\t\t<\/div>\n\n\t\t\t\t\t\t<\/div>\n\t\t\t\t<\/div>\n\t\t\t\t<\/div>\n\t\t<div id=\"e-n-tab-content-1820487633\" role=\"tabpanel\" aria-labelledby=\"e-n-tab-title-1820487633\" data-tab-index=\"3\" style=\"--n-tabs-title-order: 3;\" class=\" elementor-element elementor-element-d74d062 e-con-full e-flex e-con e-child\" data-id=\"d74d062\" data-element_type=\"container\">\n\t\t<div class=\"elementor-element elementor-element-65a0e57 e-con-full e-flex e-con e-child\" data-id=\"65a0e57\" data-element_type=\"container\">\n\t\t\t\t<div class=\"elementor-element elementor-element-dbea48d elementor-widget elementor-widget-wd_list\" data-id=\"dbea48d\" data-element_type=\"widget\" data-widget_type=\"wd_list.default\">\n\t\t\t\t<div class=\"elementor-widget-container\">\n\t\t\t\t\t\t\t<ul class=\"wd-list color-scheme- wd-fontsize-xs wd-type-icon wd-style-default text-left\">\n\t\t\t\t\t\t\t\t\t\t\t<li class=\"elementor-repeater-item-fe163c2\">\n\t\t\t\t\t\t\t\t\t\t\t<span class=\"wd-icon\"><svg class=\"e-font-icon-svg e-fas-star\" viewBox=\"0 0 576 512\" xmlns=\"http:\/\/www.w3.org\/2000\/svg\"><path d=\"M259.3 17.8L194 150.2 47.9 171.5c-26.2 3.8-36.7 36.1-17.7 54.6l105.7 103-25 145.5c-4.5 26.3 23.2 46 46.4 33.7L288 439.6l130.7 68.7c23.2 12.2 50.9-7.4 46.4-33.7l-25-145.5 105.7-103c19-18.5 8.5-50.8-17.7-54.6L382 150.2 316.7 17.8c-11.7-23.6-45.6-23.9-57.4 0z\"><\/path><\/svg><\/span>\t\t\t\t\t\n\t\t\t\t\t<span class=\"wd-list-content list-content\">\n\t\t\t\t\t\tapplication note\t\t\t\t\t<\/span>\n\n\t\t\t\t\t\t\t\t\t<\/li>\n\t\t\t\t\t<\/ul>\n\n\t\t\t\t\t\t<\/div>\n\t\t\t\t<\/div>\n\t\t\t\t<div class=\"elementor-element elementor-element-8d53306 elementor-widget elementor-widget-wd_list\" data-id=\"8d53306\" data-element_type=\"widget\" data-widget_type=\"wd_list.default\">\n\t\t\t\t<div class=\"elementor-widget-container\">\n\t\t\t\t\t\t\t<ul class=\"wd-list color-scheme-custom wd-fontsize-xs wd-type-icon wd-style-default text-left\">\n\t\t\t\t\t\t\t\t\t\t\t<li class=\"elementor-repeater-item-fe163c2\">\n\t\t\t\t\t\t\t\t\t\t\t<span class=\"wd-icon\"><svg class=\"e-font-icon-svg e-fas-star\" viewBox=\"0 0 576 512\" xmlns=\"http:\/\/www.w3.org\/2000\/svg\"><path d=\"M259.3 17.8L194 150.2 47.9 171.5c-26.2 3.8-36.7 36.1-17.7 54.6l105.7 103-25 145.5c-4.5 26.3 23.2 46 46.4 33.7L288 439.6l130.7 68.7c23.2 12.2 50.9-7.4 46.4-33.7l-25-145.5 105.7-103c19-18.5 8.5-50.8-17.7-54.6L382 150.2 316.7 17.8c-11.7-23.6-45.6-23.9-57.4 0z\"><\/path><\/svg><\/span>\t\t\t\t\t\n\t\t\t\t\t<span class=\"wd-list-content list-content\">\n\t\t\t\t\t\tdatasheet\t\t\t\t\t<\/span>\n\n\t\t\t\t\t\n\t\t\t\t\t\t<a  href=\"https:\/\/cemtestinstrumentsgmbh357-my.sharepoint.com\/:b:\/g\/personal\/sh_li_cemtestinstrumentsgmbh357_onmicrosoft_com\/EemKLKy7_WZAuj0QxbyIAS4Bit47VmBMrOyk1SDQpFNmig?e=yBfgC3\" class=\"wd-fill\" aria-label=\"List item link\" target=\"_blank\" rel=\"nofollow\"><\/a>\n\t\t\t\t\t\t\t\t\t<\/li>\n\t\t\t\t\t\t\t\t\t\t\t<li class=\"elementor-repeater-item-66113ab\">\n\t\t\t\t\t\t\t\t\t\t\t<span class=\"wd-icon\"><svg class=\"e-font-icon-svg e-fas-star\" viewBox=\"0 0 576 512\" xmlns=\"http:\/\/www.w3.org\/2000\/svg\"><path d=\"M259.3 17.8L194 150.2 47.9 171.5c-26.2 3.8-36.7 36.1-17.7 54.6l105.7 103-25 145.5c-4.5 26.3 23.2 46 46.4 33.7L288 439.6l130.7 68.7c23.2 12.2 50.9-7.4 46.4-33.7l-25-145.5 105.7-103c19-18.5 8.5-50.8-17.7-54.6L382 150.2 316.7 17.8c-11.7-23.6-45.6-23.9-57.4 0z\"><\/path><\/svg><\/span>\t\t\t\t\t\n\t\t\t\t\t<span class=\"wd-list-content list-content\">\n\t\t\t\t\t\tuser manual\t\t\t\t\t<\/span>\n\n\t\t\t\t\t\n\t\t\t\t\t\t<a  href=\"https:\/\/cemtestinstrumentsgmbh357-my.sharepoint.com\/:b:\/g\/personal\/sh_li_cemtestinstrumentsgmbh357_onmicrosoft_com\/EaHOIsAFX7VLuS_vY9SnJwUBnuyWQ8eurbouKQxJKXGqhw?e=3TbMDj\" class=\"wd-fill\" aria-label=\"List item link\" target=\"_blank\" rel=\"nofollow\"><\/a>\n\t\t\t\t\t\t\t\t\t<\/li>\n\t\t\t\t\t<\/ul>\n\n\t\t\t\t\t\t<\/div>\n\t\t\t\t<\/div>\n\t\t\t\t<\/div>\n\t\t<div class=\"elementor-element elementor-element-d721770 e-con-full e-flex e-con e-child\" data-id=\"d721770\" data-element_type=\"container\">\n\t\t\t\t<\/div>\n\t\t\t\t<\/div>\n\t\t\t\t\t<\/div>\n\t\t<\/div>\n\t\t\t\t\t\t<\/div>\n\t\t\t\t<\/div>\n\t\t\t\t<\/div>\n\t\t\t\t\t<\/div>\n\t\t\t\t<\/div>\n\t\t\t\t<\/div>\n\t\t","protected":false},"excerpt":{"rendered":"<p>AT-8\/AT-10 Digitaler Drehzahlmesser bietet schnelle und pr\u00e4zise Kontakt- und ber\u00fchrungslose Messungen von Drehzahl und Oberfl\u00e4chengeschwindigkeit rotierender Objekte.<\/p>\n<ul>\n<li>Gro\u00dfer Messbereich und hohe Aufl\u00f6sung<\/li>\n<li>40 Speicherpl\u00e4tze f\u00fcr Messwerte<\/li>\n<li>Integrierter Laserpointer<\/li>\n<li>5-stelliges LCD-Display<\/li>\n<\/ul>\n","protected":false},"featured_media":31400,"template":"","meta":{"_cloudinary_featured_overwrite":false},"product_brand":[],"product_cat":[355,424],"product_tag":[],"class_list":{"0":"post-31399","1":"product","2":"type-product","3":"status-publish","4":"has-post-thumbnail","6":"product_cat-environmental_tools","7":"product_cat-pressure_manometers","9":"first","10":"instock","11":"shipping-taxable","12":"product-type-simple"},"yoast_head":"<!-- This site is optimized with the Yoast SEO plugin v24.3 - https:\/\/yoast.com\/wordpress\/plugins\/seo\/ -->\n<title>AT-8\/AT-6\/AT-10 Hochpr\u00e4zisions-Drehzahlmesser - CEM Test Instruments GmbH<\/title>\n<meta name=\"description\" content=\"AT-8\/AT-10 Digitaler Drehzahlmesser bietet schnelle und pr\u00e4zise Kontakt- und ber\u00fchrungslose Messungen von Drehzahl und Oberfl\u00e4chengeschwindigkeit rotierender Objekte. - Gro\u00dfer Messbereich und hohe Aufl\u00f6sung - 40 Speicherpl\u00e4tze f\u00fcr Messwerte - Integrierter Laserpointer - 5-stelliges LCD-Display\" \/>\n<meta name=\"robots\" content=\"index, follow, max-snippet:-1, max-image-preview:large, max-video-preview:-1\" \/>\n<link rel=\"canonical\" href=\"https:\/\/cem-instruments.de\/de\/product\/at8-drehzahlmesser\/\" \/>\n<meta property=\"og:locale\" content=\"de_DE\" \/>\n<meta property=\"og:type\" content=\"article\" \/>\n<meta property=\"og:title\" content=\"AT-8\/AT-6\/AT-10 Hochpr\u00e4zisions-Drehzahlmesser - CEM Test Instruments GmbH\" \/>\n<meta property=\"og:description\" content=\"AT-8\/AT-10 Digitaler Drehzahlmesser bietet schnelle und pr\u00e4zise Kontakt- und ber\u00fchrungslose Messungen von Drehzahl und Oberfl\u00e4chengeschwindigkeit rotierender Objekte. - Gro\u00dfer Messbereich und hohe Aufl\u00f6sung - 40 Speicherpl\u00e4tze f\u00fcr Messwerte - Integrierter Laserpointer - 5-stelliges LCD-Display\" \/>\n<meta property=\"og:url\" content=\"https:\/\/cem-instruments.de\/de\/product\/at8-drehzahlmesser\/\" \/>\n<meta property=\"og:site_name\" content=\"CEM Test Instruments GmbH\" \/>\n<meta property=\"article:modified_time\" content=\"2025-01-24T23:59:29+00:00\" \/>\n<meta property=\"og:image\" content=\"https:\/\/res.cloudinary.com\/dathdmgqz\/images\/f_auto,q_auto\/v1728995309\/AT-8_yiy4jn\/AT-8_yiy4jn.jpg?_i=AA\" \/>\n\t<meta property=\"og:image:width\" content=\"540\" \/>\n\t<meta property=\"og:image:height\" content=\"720\" \/>\n\t<meta property=\"og:image:type\" content=\"image\/jpeg\" \/>\n<meta name=\"twitter:card\" content=\"summary_large_image\" \/>\n<meta name=\"twitter:label1\" content=\"Gesch\u00e4tzte Lesezeit\" \/>\n\t<meta name=\"twitter:data1\" content=\"2\u00a0Minuten\" \/>\n<script type=\"application\/ld+json\" class=\"yoast-schema-graph\">{\"@context\":\"https:\/\/schema.org\",\"@graph\":[{\"@type\":\"WebPage\",\"@id\":\"https:\/\/cem-instruments.de\/de\/product\/at8-drehzahlmesser\/\",\"url\":\"https:\/\/cem-instruments.de\/de\/product\/at8-drehzahlmesser\/\",\"name\":\"AT-8\/AT-6\/AT-10 Hochpr\u00e4zisions-Drehzahlmesser - CEM Test Instruments GmbH\",\"isPartOf\":{\"@id\":\"https:\/\/cem-instruments.de\/de\/#website\"},\"primaryImageOfPage\":{\"@id\":\"https:\/\/cem-instruments.de\/de\/product\/at8-drehzahlmesser\/#primaryimage\"},\"image\":{\"@id\":\"https:\/\/cem-instruments.de\/de\/product\/at8-drehzahlmesser\/#primaryimage\"},\"thumbnailUrl\":\"https:\/\/res.cloudinary.com\/dathdmgqz\/images\/f_auto,q_auto\/v1728995309\/AT-8_yiy4jn\/AT-8_yiy4jn.jpg?_i=AA\",\"datePublished\":\"2024-10-16T11:22:49+00:00\",\"dateModified\":\"2025-01-24T23:59:29+00:00\",\"description\":\"AT-8\/AT-10 Digitaler Drehzahlmesser bietet schnelle und pr\u00e4zise Kontakt- und ber\u00fchrungslose Messungen von Drehzahl und Oberfl\u00e4chengeschwindigkeit rotierender Objekte. - Gro\u00dfer Messbereich und hohe Aufl\u00f6sung - 40 Speicherpl\u00e4tze f\u00fcr Messwerte - Integrierter Laserpointer - 5-stelliges LCD-Display\",\"breadcrumb\":{\"@id\":\"https:\/\/cem-instruments.de\/de\/product\/at8-drehzahlmesser\/#breadcrumb\"},\"inLanguage\":\"de\",\"potentialAction\":[{\"@type\":\"ReadAction\",\"target\":[\"https:\/\/cem-instruments.de\/de\/product\/at8-drehzahlmesser\/\"]}]},{\"@type\":\"ImageObject\",\"inLanguage\":\"de\",\"@id\":\"https:\/\/cem-instruments.de\/de\/product\/at8-drehzahlmesser\/#primaryimage\",\"url\":\"https:\/\/res.cloudinary.com\/dathdmgqz\/images\/f_auto,q_auto\/v1728995309\/AT-8_yiy4jn\/AT-8_yiy4jn.jpg?_i=AA\",\"contentUrl\":\"https:\/\/res.cloudinary.com\/dathdmgqz\/images\/f_auto,q_auto\/v1728995309\/AT-8_yiy4jn\/AT-8_yiy4jn.jpg?_i=AA\",\"width\":540,\"height\":720},{\"@type\":\"BreadcrumbList\",\"@id\":\"https:\/\/cem-instruments.de\/de\/product\/at8-drehzahlmesser\/#breadcrumb\",\"itemListElement\":[{\"@type\":\"ListItem\",\"position\":1,\"name\":\"Home\",\"item\":\"https:\/\/cem-instruments.de\/de\/\"},{\"@type\":\"ListItem\",\"position\":2,\"name\":\"Products\",\"item\":\"https:\/\/cem-instruments.de\/de\/shop\/\"},{\"@type\":\"ListItem\",\"position\":3,\"name\":\"AT-8\/AT-6\/AT-10 Hochpr\u00e4zisions-Drehzahlmesser\"}]},{\"@type\":\"WebSite\",\"@id\":\"https:\/\/cem-instruments.de\/de\/#website\",\"url\":\"https:\/\/cem-instruments.de\/de\/\",\"name\":\"CEM Test Instruments GmbH\",\"description\":\"CEM Test Instruments GmbH\",\"publisher\":{\"@id\":\"https:\/\/cem-instruments.de\/de\/#organization\"},\"alternateName\":\"best partner for electronic instruments\",\"potentialAction\":[{\"@type\":\"SearchAction\",\"target\":{\"@type\":\"EntryPoint\",\"urlTemplate\":\"https:\/\/cem-instruments.de\/de\/?s={search_term_string}\"},\"query-input\":{\"@type\":\"PropertyValueSpecification\",\"valueRequired\":true,\"valueName\":\"search_term_string\"}}],\"inLanguage\":\"de\"},{\"@type\":\"Organization\",\"@id\":\"https:\/\/cem-instruments.de\/de\/#organization\",\"name\":\"CEM Test Instruments GmbH\",\"url\":\"https:\/\/cem-instruments.de\/de\/\",\"logo\":{\"@type\":\"ImageObject\",\"inLanguage\":\"de\",\"@id\":\"https:\/\/cem-instruments.de\/de\/#\/schema\/logo\/image\/\",\"url\":\"https:\/\/res.cloudinary.com\/dathdmgqz\/images\/f_auto,q_auto\/v1728637129\/cropped-2024-10-11-10_57_57-cem-instruments.de-\u2013-CEM-instruments-GmbH\/cropped-2024-10-11-10_57_57-cem-instruments.de-\u2013-CEM-instruments-GmbH.jpg?_i=AA\",\"contentUrl\":\"https:\/\/res.cloudinary.com\/dathdmgqz\/images\/f_auto,q_auto\/v1728637129\/cropped-2024-10-11-10_57_57-cem-instruments.de-\u2013-CEM-instruments-GmbH\/cropped-2024-10-11-10_57_57-cem-instruments.de-\u2013-CEM-instruments-GmbH.jpg?_i=AA\",\"width\":512,\"height\":512,\"caption\":\"CEM Test Instruments GmbH\"},\"image\":{\"@id\":\"https:\/\/cem-instruments.de\/de\/#\/schema\/logo\/image\/\"}}]}<\/script>\n<!-- \/ Yoast SEO plugin. -->","yoast_head_json":{"title":"AT-8\/AT-6\/AT-10 Hochpr\u00e4zisions-Drehzahlmesser - CEM Test Instruments GmbH","description":"AT-8\/AT-10 Digitaler Drehzahlmesser bietet schnelle und pr\u00e4zise Kontakt- und ber\u00fchrungslose Messungen von Drehzahl und Oberfl\u00e4chengeschwindigkeit rotierender Objekte. - Gro\u00dfer Messbereich und hohe Aufl\u00f6sung - 40 Speicherpl\u00e4tze f\u00fcr Messwerte - Integrierter Laserpointer - 5-stelliges LCD-Display","robots":{"index":"index","follow":"follow","max-snippet":"max-snippet:-1","max-image-preview":"max-image-preview:large","max-video-preview":"max-video-preview:-1"},"canonical":"https:\/\/cem-instruments.de\/de\/product\/at8-drehzahlmesser\/","og_locale":"de_DE","og_type":"article","og_title":"AT-8\/AT-6\/AT-10 Hochpr\u00e4zisions-Drehzahlmesser - CEM Test Instruments GmbH","og_description":"AT-8\/AT-10 Digitaler Drehzahlmesser bietet schnelle und pr\u00e4zise Kontakt- und ber\u00fchrungslose Messungen von Drehzahl und Oberfl\u00e4chengeschwindigkeit rotierender Objekte. - Gro\u00dfer Messbereich und hohe Aufl\u00f6sung - 40 Speicherpl\u00e4tze f\u00fcr Messwerte - Integrierter Laserpointer - 5-stelliges LCD-Display","og_url":"https:\/\/cem-instruments.de\/de\/product\/at8-drehzahlmesser\/","og_site_name":"CEM Test Instruments GmbH","article_modified_time":"2025-01-24T23:59:29+00:00","og_image":[{"width":540,"height":720,"url":"https:\/\/res.cloudinary.com\/dathdmgqz\/images\/f_auto,q_auto\/v1728995309\/AT-8_yiy4jn\/AT-8_yiy4jn.jpg?_i=AA","type":"image\/jpeg"}],"twitter_card":"summary_large_image","twitter_misc":{"Gesch\u00e4tzte Lesezeit":"2\u00a0Minuten"},"schema":{"@context":"https:\/\/schema.org","@graph":[{"@type":"WebPage","@id":"https:\/\/cem-instruments.de\/de\/product\/at8-drehzahlmesser\/","url":"https:\/\/cem-instruments.de\/de\/product\/at8-drehzahlmesser\/","name":"AT-8\/AT-6\/AT-10 Hochpr\u00e4zisions-Drehzahlmesser - CEM Test Instruments GmbH","isPartOf":{"@id":"https:\/\/cem-instruments.de\/de\/#website"},"primaryImageOfPage":{"@id":"https:\/\/cem-instruments.de\/de\/product\/at8-drehzahlmesser\/#primaryimage"},"image":{"@id":"https:\/\/cem-instruments.de\/de\/product\/at8-drehzahlmesser\/#primaryimage"},"thumbnailUrl":"https:\/\/res.cloudinary.com\/dathdmgqz\/images\/f_auto,q_auto\/v1728995309\/AT-8_yiy4jn\/AT-8_yiy4jn.jpg?_i=AA","datePublished":"2024-10-16T11:22:49+00:00","dateModified":"2025-01-24T23:59:29+00:00","description":"AT-8\/AT-10 Digitaler Drehzahlmesser bietet schnelle und pr\u00e4zise Kontakt- und ber\u00fchrungslose Messungen von Drehzahl und Oberfl\u00e4chengeschwindigkeit rotierender Objekte. - Gro\u00dfer Messbereich und hohe Aufl\u00f6sung - 40 Speicherpl\u00e4tze f\u00fcr Messwerte - Integrierter Laserpointer - 5-stelliges LCD-Display","breadcrumb":{"@id":"https:\/\/cem-instruments.de\/de\/product\/at8-drehzahlmesser\/#breadcrumb"},"inLanguage":"de","potentialAction":[{"@type":"ReadAction","target":["https:\/\/cem-instruments.de\/de\/product\/at8-drehzahlmesser\/"]}]},{"@type":"ImageObject","inLanguage":"de","@id":"https:\/\/cem-instruments.de\/de\/product\/at8-drehzahlmesser\/#primaryimage","url":"https:\/\/res.cloudinary.com\/dathdmgqz\/images\/f_auto,q_auto\/v1728995309\/AT-8_yiy4jn\/AT-8_yiy4jn.jpg?_i=AA","contentUrl":"https:\/\/res.cloudinary.com\/dathdmgqz\/images\/f_auto,q_auto\/v1728995309\/AT-8_yiy4jn\/AT-8_yiy4jn.jpg?_i=AA","width":540,"height":720},{"@type":"BreadcrumbList","@id":"https:\/\/cem-instruments.de\/de\/product\/at8-drehzahlmesser\/#breadcrumb","itemListElement":[{"@type":"ListItem","position":1,"name":"Home","item":"https:\/\/cem-instruments.de\/de\/"},{"@type":"ListItem","position":2,"name":"Products","item":"https:\/\/cem-instruments.de\/de\/shop\/"},{"@type":"ListItem","position":3,"name":"AT-8\/AT-6\/AT-10 Hochpr\u00e4zisions-Drehzahlmesser"}]},{"@type":"WebSite","@id":"https:\/\/cem-instruments.de\/de\/#website","url":"https:\/\/cem-instruments.de\/de\/","name":"CEM Test Instruments GmbH","description":"CEM Test Instruments GmbH","publisher":{"@id":"https:\/\/cem-instruments.de\/de\/#organization"},"alternateName":"best partner for electronic instruments","potentialAction":[{"@type":"SearchAction","target":{"@type":"EntryPoint","urlTemplate":"https:\/\/cem-instruments.de\/de\/?s={search_term_string}"},"query-input":{"@type":"PropertyValueSpecification","valueRequired":true,"valueName":"search_term_string"}}],"inLanguage":"de"},{"@type":"Organization","@id":"https:\/\/cem-instruments.de\/de\/#organization","name":"CEM Test Instruments GmbH","url":"https:\/\/cem-instruments.de\/de\/","logo":{"@type":"ImageObject","inLanguage":"de","@id":"https:\/\/cem-instruments.de\/de\/#\/schema\/logo\/image\/","url":"https:\/\/res.cloudinary.com\/dathdmgqz\/images\/f_auto,q_auto\/v1728637129\/cropped-2024-10-11-10_57_57-cem-instruments.de-\u2013-CEM-instruments-GmbH\/cropped-2024-10-11-10_57_57-cem-instruments.de-\u2013-CEM-instruments-GmbH.jpg?_i=AA","contentUrl":"https:\/\/res.cloudinary.com\/dathdmgqz\/images\/f_auto,q_auto\/v1728637129\/cropped-2024-10-11-10_57_57-cem-instruments.de-\u2013-CEM-instruments-GmbH\/cropped-2024-10-11-10_57_57-cem-instruments.de-\u2013-CEM-instruments-GmbH.jpg?_i=AA","width":512,"height":512,"caption":"CEM Test Instruments GmbH"},"image":{"@id":"https:\/\/cem-instruments.de\/de\/#\/schema\/logo\/image\/"}}]}},"_links":{"self":[{"href":"https:\/\/cem-instruments.de\/de\/wp-json\/wp\/v2\/product\/31399","targetHints":{"allow":["GET"]}}],"collection":[{"href":"https:\/\/cem-instruments.de\/de\/wp-json\/wp\/v2\/product"}],"about":[{"href":"https:\/\/cem-instruments.de\/de\/wp-json\/wp\/v2\/types\/product"}],"version-history":[{"count":5,"href":"https:\/\/cem-instruments.de\/de\/wp-json\/wp\/v2\/product\/31399\/revisions"}],"predecessor-version":[{"id":32198,"href":"https:\/\/cem-instruments.de\/de\/wp-json\/wp\/v2\/product\/31399\/revisions\/32198"}],"wp:featuredmedia":[{"embeddable":true,"href":"https:\/\/cem-instruments.de\/de\/wp-json\/wp\/v2\/media\/31400"}],"wp:attachment":[{"href":"https:\/\/cem-instruments.de\/de\/wp-json\/wp\/v2\/media?parent=31399"}],"wp:term":[{"taxonomy":"product_brand","embeddable":true,"href":"https:\/\/cem-instruments.de\/de\/wp-json\/wp\/v2\/product_brand?post=31399"},{"taxonomy":"product_cat","embeddable":true,"href":"https:\/\/cem-instruments.de\/de\/wp-json\/wp\/v2\/product_cat?post=31399"},{"taxonomy":"product_tag","embeddable":true,"href":"https:\/\/cem-instruments.de\/de\/wp-json\/wp\/v2\/product_tag?post=31399"}],"curies":[{"name":"wp","href":"https:\/\/api.w.org\/{rel}","templated":true}]}}