{"id":31408,"date":"2024-10-16T13:25:28","date_gmt":"2024-10-16T11:25:28","guid":{"rendered":"https:\/\/cem-instruments.de\/de\/?post_type=product&#038;p=31408"},"modified":"2025-01-25T01:01:02","modified_gmt":"2025-01-25T00:01:02","slug":"dt8920-druckmesser","status":"publish","type":"product","link":"https:\/\/cem-instruments.de\/de\/product\/dt8920-druckmesser\/","title":{"rendered":"DT-8920\/8920B Druck- und Durchflussmesser"},"content":{"rendered":"\t\t<div data-elementor-type=\"wp-post\" data-elementor-id=\"31408\" class=\"elementor elementor-31408\" data-elementor-post-type=\"product\">\n\t\t\t\t<div class=\"wd-negative-gap elementor-element elementor-element-a41304a e-flex e-con-boxed e-con e-parent\" data-id=\"a41304a\" data-element_type=\"container\">\n\t\t\t\t\t<div class=\"e-con-inner\">\n\t\t<div class=\"elementor-element elementor-element-0b1160f e-con-full e-flex e-con e-child\" data-id=\"0b1160f\" data-element_type=\"container\">\n\t\t\t\t<div class=\"elementor-element elementor-element-4fbd5bc e-n-tabs-mobile elementor-widget elementor-widget-n-tabs\" data-id=\"4fbd5bc\" data-element_type=\"widget\" data-settings=\"{&quot;tabs_justify_horizontal&quot;:&quot;start&quot;,&quot;horizontal_scroll&quot;:&quot;disable&quot;}\" data-widget_type=\"nested-tabs.default\">\n\t\t\t\t<div class=\"elementor-widget-container\">\n\t\t\t\t\t\t\t<div class=\"e-n-tabs\" data-widget-number=\"83613116\" aria-label=\"Tabs. Open items with Enter or Space, close with Escape and navigate using the Arrow keys.\">\n\t\t\t<div class=\"e-n-tabs-heading\" role=\"tablist\">\n\t\t\t\t\t<button id=\"e-n-tab-title-836131161\" class=\"e-n-tab-title\" aria-selected=\"true\" data-tab-index=\"1\" role=\"tab\" tabindex=\"0\" aria-controls=\"e-n-tab-content-836131161\" style=\"--n-tabs-title-order: 1;\">\n\t\t\t\t\t\t<span class=\"e-n-tab-title-text\">\n\t\t\t\tDescription\t\t\t<\/span>\n\t\t<\/button>\n\t\t\t\t<button id=\"e-n-tab-title-836131162\" class=\"e-n-tab-title\" aria-selected=\"false\" data-tab-index=\"2\" role=\"tab\" tabindex=\"-1\" aria-controls=\"e-n-tab-content-836131162\" style=\"--n-tabs-title-order: 2;\">\n\t\t\t\t\t\t<span class=\"e-n-tab-title-text\">\n\t\t\t\tSpecification\t\t\t<\/span>\n\t\t<\/button>\n\t\t\t\t<button id=\"e-n-tab-title-836131163\" class=\"e-n-tab-title\" aria-selected=\"false\" data-tab-index=\"3\" role=\"tab\" tabindex=\"-1\" aria-controls=\"e-n-tab-content-836131163\" style=\"--n-tabs-title-order: 3;\">\n\t\t\t\t\t\t<span class=\"e-n-tab-title-text\">\n\t\t\t\tResources\t\t\t<\/span>\n\t\t<\/button>\n\t\t\t\t\t<\/div>\n\t\t\t<div class=\"e-n-tabs-content\">\n\t\t\t\t<div id=\"e-n-tab-content-836131161\" role=\"tabpanel\" aria-labelledby=\"e-n-tab-title-836131161\" data-tab-index=\"1\" style=\"--n-tabs-title-order: 1;\" class=\"e-active elementor-element elementor-element-488bfa1 e-con-full e-flex e-con e-child\" data-id=\"488bfa1\" data-element_type=\"container\">\n\t\t<div class=\"wd-negative-gap elementor-element elementor-element-3b6cc27 e-flex e-con-boxed e-con e-child\" data-id=\"3b6cc27\" data-element_type=\"container\">\n\t\t\t\t\t<div class=\"e-con-inner\">\n\t\t\t\t<div class=\"elementor-element elementor-element-8d47bdf elementor-widget elementor-widget-wd_text_block\" data-id=\"8d47bdf\" data-element_type=\"widget\" data-widget_type=\"wd_text_block.default\">\n\t\t\t\t<div class=\"elementor-widget-container\">\n\t\t\t\t\t\t\t<div class=\"wd-text-block reset-last-child text-left\">\n\t\t\t\n\t\t\t<p>8920 ist ein Druck- und Durchflussmesser mit einem leicht ablesbaren, gro\u00dfen, hintergrundbeleuchteten LCD-Display. Messdaten werden vor Ort mit Minimal- und Maximalwerten ausgedruckt. Er kann den Luftdruck \u00fcber wichtige HLK-Komponenten \u00fcberwachen, eine gute Innenraumluftqualit\u00e4t f\u00f6rdern, einen ausgewogenen Luftstrom sicherstellen und ein angenehmes Raumklima aufrechterhalten.<\/p><p><strong>Eigenschaften<\/strong><\/p>\n\t\t\t\t\t<\/div>\n\t\t\t\t\t\t<\/div>\n\t\t\t\t<\/div>\n\t\t\t\t\t<\/div>\n\t\t\t\t<\/div>\n\t\t<div class=\"elementor-element elementor-element-72ae238 e-con-full e-flex e-con e-child\" data-id=\"72ae238\" data-element_type=\"container\">\n\t\t\t\t<div class=\"elementor-element elementor-element-2619b9b elementor-widget elementor-widget-wd_image_or_svg\" data-id=\"2619b9b\" data-element_type=\"widget\" data-widget_type=\"wd_image_or_svg.default\">\n\t\t\t\t<div class=\"elementor-widget-container\">\n\t\t\t\t\t\n\t\t<div class=\"wd-image text-left\">\n\t\t\t\t\t\t\t\t<img width=\"470\" height=\"177\" data-public-id=\"e30a95785876ecea4ab9f8738081a21_llvvpt\/e30a95785876ecea4ab9f8738081a21_llvvpt.png\" fetchpriority=\"high\" decoding=\"async\" src=\"https:\/\/res.cloudinary.com\/dathdmgqz\/images\/w_470,h_177,c_scale\/f_auto,q_auto\/v1728995318\/e30a95785876ecea4ab9f8738081a21_llvvpt\/e30a95785876ecea4ab9f8738081a21_llvvpt.png?_i=AA\" class=\"attachment-full size-full wp-image-31412\" alt=\"\" data-format=\"png\" data-transformations=\"f_auto,q_auto\" data-version=\"1728995318\" data-seo=\"1\" data-responsive=\"1\" srcset=\"https:\/\/res.cloudinary.com\/dathdmgqz\/images\/w_470,h_177,c_scale\/f_auto,q_auto\/v1728995318\/e30a95785876ecea4ab9f8738081a21_llvvpt\/e30a95785876ecea4ab9f8738081a21_llvvpt.png?_i=AA 470w, https:\/\/res.cloudinary.com\/dathdmgqz\/images\/w_448,h_168,c_scale\/f_auto,q_auto\/v1728995318\/e30a95785876ecea4ab9f8738081a21_llvvpt\/e30a95785876ecea4ab9f8738081a21_llvvpt.png?_i=AA 448w, https:\/\/res.cloudinary.com\/dathdmgqz\/images\/w_248,h_93,c_scale\/f_auto,q_auto\/v1728995318\/e30a95785876ecea4ab9f8738081a21_llvvpt\/e30a95785876ecea4ab9f8738081a21_llvvpt.png?_i=AA 248w\" sizes=\"(max-width: 470px) 100vw, 470px\" \/>\t\t\t\t\t<\/div>\n\n\t\t\t\t\t\t<\/div>\n\t\t\t\t<\/div>\n\t\t\t\t<\/div>\n\t\t\t\t<\/div>\n\t\t<div id=\"e-n-tab-content-836131162\" role=\"tabpanel\" aria-labelledby=\"e-n-tab-title-836131162\" data-tab-index=\"2\" style=\"--n-tabs-title-order: 2;\" class=\" elementor-element elementor-element-67a9026 e-con-full e-flex e-con e-child\" data-id=\"67a9026\" data-element_type=\"container\">\n\t\t\t\t<div class=\"elementor-element elementor-element-7211146 elementor-widget elementor-widget-wd_image_or_svg\" data-id=\"7211146\" data-element_type=\"widget\" data-widget_type=\"wd_image_or_svg.default\">\n\t\t\t\t<div class=\"elementor-widget-container\">\n\t\t\t\t\t\n\t\t<div class=\"wd-image text-left\">\n\t\t\t\t\t\t\t\t<img width=\"468\" height=\"578\" data-public-id=\"76615c3991ab9b1813b234a87c69073_in01ol\/76615c3991ab9b1813b234a87c69073_in01ol.png\" decoding=\"async\" src=\"https:\/\/res.cloudinary.com\/dathdmgqz\/images\/w_468,h_578,c_scale\/f_auto,q_auto\/v1728995317\/76615c3991ab9b1813b234a87c69073_in01ol\/76615c3991ab9b1813b234a87c69073_in01ol.png?_i=AA\" class=\"attachment-full size-full wp-image-31413\" alt=\"\" data-format=\"png\" data-transformations=\"f_auto,q_auto\" data-version=\"1728995317\" data-seo=\"1\" data-responsive=\"1\" srcset=\"https:\/\/res.cloudinary.com\/dathdmgqz\/images\/w_468,h_578,c_scale\/f_auto,q_auto\/v1728995317\/76615c3991ab9b1813b234a87c69073_in01ol\/76615c3991ab9b1813b234a87c69073_in01ol.png?_i=AA 468w, https:\/\/res.cloudinary.com\/dathdmgqz\/images\/w_448,h_553,c_scale\/f_auto,q_auto\/v1728995317\/76615c3991ab9b1813b234a87c69073_in01ol\/76615c3991ab9b1813b234a87c69073_in01ol.png?_i=AA 448w, https:\/\/res.cloudinary.com\/dathdmgqz\/images\/w_248,h_306,c_scale\/f_auto,q_auto\/v1728995317\/76615c3991ab9b1813b234a87c69073_in01ol\/76615c3991ab9b1813b234a87c69073_in01ol.png?_i=AA 248w\" sizes=\"(max-width: 468px) 100vw, 468px\" \/>\t\t\t\t\t<\/div>\n\n\t\t\t\t\t\t<\/div>\n\t\t\t\t<\/div>\n\t\t\t\t<\/div>\n\t\t<div id=\"e-n-tab-content-836131163\" role=\"tabpanel\" aria-labelledby=\"e-n-tab-title-836131163\" data-tab-index=\"3\" style=\"--n-tabs-title-order: 3;\" class=\" elementor-element elementor-element-b365b34 e-con-full e-flex e-con e-child\" data-id=\"b365b34\" data-element_type=\"container\">\n\t\t<div class=\"elementor-element elementor-element-dc6b7e3 e-con-full e-flex e-con e-child\" data-id=\"dc6b7e3\" data-element_type=\"container\">\n\t\t\t\t<div class=\"elementor-element elementor-element-1637b2f elementor-widget elementor-widget-wd_list\" data-id=\"1637b2f\" data-element_type=\"widget\" data-widget_type=\"wd_list.default\">\n\t\t\t\t<div class=\"elementor-widget-container\">\n\t\t\t\t\t\t\t<ul class=\"wd-list color-scheme- wd-fontsize-xs wd-type-icon wd-style-default text-left\">\n\t\t\t\t\t\t\t\t\t\t\t<li class=\"elementor-repeater-item-fe163c2\">\n\t\t\t\t\t\t\t\t\t\t\t<span class=\"wd-icon\"><svg class=\"e-font-icon-svg e-fas-star\" viewBox=\"0 0 576 512\" xmlns=\"http:\/\/www.w3.org\/2000\/svg\"><path d=\"M259.3 17.8L194 150.2 47.9 171.5c-26.2 3.8-36.7 36.1-17.7 54.6l105.7 103-25 145.5c-4.5 26.3 23.2 46 46.4 33.7L288 439.6l130.7 68.7c23.2 12.2 50.9-7.4 46.4-33.7l-25-145.5 105.7-103c19-18.5 8.5-50.8-17.7-54.6L382 150.2 316.7 17.8c-11.7-23.6-45.6-23.9-57.4 0z\"><\/path><\/svg><\/span>\t\t\t\t\t\n\t\t\t\t\t<span class=\"wd-list-content list-content\">\n\t\t\t\t\t\tapplication note\t\t\t\t\t<\/span>\n\n\t\t\t\t\t\t\t\t\t<\/li>\n\t\t\t\t\t<\/ul>\n\n\t\t\t\t\t\t<\/div>\n\t\t\t\t<\/div>\n\t\t\t\t<div class=\"elementor-element elementor-element-bfd856e elementor-widget elementor-widget-wd_list\" data-id=\"bfd856e\" data-element_type=\"widget\" data-widget_type=\"wd_list.default\">\n\t\t\t\t<div class=\"elementor-widget-container\">\n\t\t\t\t\t\t\t<ul class=\"wd-list color-scheme-custom wd-fontsize-xs wd-type-icon wd-style-default text-left\">\n\t\t\t\t\t\t\t\t\t\t\t<li class=\"elementor-repeater-item-fe163c2\">\n\t\t\t\t\t\t\t\t\t\t\t<span class=\"wd-icon\"><svg class=\"e-font-icon-svg e-fas-star\" viewBox=\"0 0 576 512\" xmlns=\"http:\/\/www.w3.org\/2000\/svg\"><path d=\"M259.3 17.8L194 150.2 47.9 171.5c-26.2 3.8-36.7 36.1-17.7 54.6l105.7 103-25 145.5c-4.5 26.3 23.2 46 46.4 33.7L288 439.6l130.7 68.7c23.2 12.2 50.9-7.4 46.4-33.7l-25-145.5 105.7-103c19-18.5 8.5-50.8-17.7-54.6L382 150.2 316.7 17.8c-11.7-23.6-45.6-23.9-57.4 0z\"><\/path><\/svg><\/span>\t\t\t\t\t\n\t\t\t\t\t<span class=\"wd-list-content list-content\">\n\t\t\t\t\t\tdatasheet\t\t\t\t\t<\/span>\n\n\t\t\t\t\t\t\t\t\t<\/li>\n\t\t\t\t\t\t\t\t\t\t\t<li class=\"elementor-repeater-item-66113ab\">\n\t\t\t\t\t\t\t\t\t\t\t<span class=\"wd-icon\"><svg class=\"e-font-icon-svg e-fas-star\" viewBox=\"0 0 576 512\" xmlns=\"http:\/\/www.w3.org\/2000\/svg\"><path d=\"M259.3 17.8L194 150.2 47.9 171.5c-26.2 3.8-36.7 36.1-17.7 54.6l105.7 103-25 145.5c-4.5 26.3 23.2 46 46.4 33.7L288 439.6l130.7 68.7c23.2 12.2 50.9-7.4 46.4-33.7l-25-145.5 105.7-103c19-18.5 8.5-50.8-17.7-54.6L382 150.2 316.7 17.8c-11.7-23.6-45.6-23.9-57.4 0z\"><\/path><\/svg><\/span>\t\t\t\t\t\n\t\t\t\t\t<span class=\"wd-list-content list-content\">\n\t\t\t\t\t\tuser manual\t\t\t\t\t<\/span>\n\n\t\t\t\t\t\n\t\t\t\t\t\t<a  href=\"https:\/\/cemtestinstrumentsgmbh357-my.sharepoint.com\/:b:\/g\/personal\/sh_li_cemtestinstrumentsgmbh357_onmicrosoft_com\/EW58PVomFtZPvzoOot2NXAsB6hoOCp8MYHVNBW2oNUqE0w?e=pW6AYu\" class=\"wd-fill\" aria-label=\"List item link\" target=\"_blank\" rel=\"nofollow\"><\/a>\n\t\t\t\t\t\t\t\t\t<\/li>\n\t\t\t\t\t<\/ul>\n\n\t\t\t\t\t\t<\/div>\n\t\t\t\t<\/div>\n\t\t\t\t<\/div>\n\t\t<div class=\"elementor-element elementor-element-13d0fd7 e-con-full e-flex e-con e-child\" data-id=\"13d0fd7\" data-element_type=\"container\">\n\t\t\t\t<\/div>\n\t\t\t\t<\/div>\n\t\t\t\t\t<\/div>\n\t\t<\/div>\n\t\t\t\t\t\t<\/div>\n\t\t\t\t<\/div>\n\t\t\t\t<\/div>\n\t\t\t\t\t<\/div>\n\t\t\t\t<\/div>\n\t\t\t\t<\/div>\n\t\t","protected":false},"excerpt":{"rendered":"<p>8920 ist ein Druck- und Durchflussmesser mit einem leicht ablesbaren, gro\u00dfen, hintergrundbeleuchteten LCD-Display. Messdaten werden vor Ort mit Minimal- und Maximalwerten ausgedruckt. Er kann den Luftdruck \u00fcber wichtige HLK-Komponenten \u00fcberwachen, eine gute Innenraumluftqualit\u00e4t f\u00f6rdern, einen ausgewogenen Luftstrom sicherstellen und somit ein angenehmes Raumklima aufrechterhalten.<\/p>\n","protected":false},"featured_media":31409,"template":"","meta":{"_cloudinary_featured_overwrite":false},"product_brand":[],"product_cat":[355,424],"product_tag":[],"class_list":{"0":"post-31408","1":"product","2":"type-product","3":"status-publish","4":"has-post-thumbnail","6":"product_cat-environmental_tools","7":"product_cat-pressure_manometers","9":"first","10":"instock","11":"shipping-taxable","12":"product-type-simple"},"yoast_head":"<!-- This site is optimized with the Yoast SEO plugin v24.3 - https:\/\/yoast.com\/wordpress\/plugins\/seo\/ -->\n<title>DT-8920\/8920B Druck- und Durchflussmesser - CEM Test Instruments GmbH<\/title>\n<meta name=\"description\" content=\"8920 ist ein Druck- und Durchflussmesser mit einem leicht ablesbaren, gro\u00dfen, hintergrundbeleuchteten LCD-Display. Messdaten werden vor Ort mit Minimal- und Maximalwerten ausgedruckt. Er kann den Luftdruck \u00fcber wichtige HLK-Komponenten \u00fcberwachen, eine gute Innenraumluftqualit\u00e4t f\u00f6rdern, einen ausgewogenen Luftstrom sicherstellen und somit ein angenehmes Raumklima aufrechterhalten.\" \/>\n<meta name=\"robots\" content=\"index, follow, max-snippet:-1, max-image-preview:large, max-video-preview:-1\" \/>\n<link rel=\"canonical\" href=\"https:\/\/cem-instruments.de\/de\/product\/dt8920-druckmesser\/\" \/>\n<meta property=\"og:locale\" content=\"de_DE\" \/>\n<meta property=\"og:type\" content=\"article\" \/>\n<meta property=\"og:title\" content=\"DT-8920\/8920B Druck- und Durchflussmesser - CEM Test Instruments GmbH\" \/>\n<meta property=\"og:description\" content=\"8920 ist ein Druck- und Durchflussmesser mit einem leicht ablesbaren, gro\u00dfen, hintergrundbeleuchteten LCD-Display. Messdaten werden vor Ort mit Minimal- und Maximalwerten ausgedruckt. Er kann den Luftdruck \u00fcber wichtige HLK-Komponenten \u00fcberwachen, eine gute Innenraumluftqualit\u00e4t f\u00f6rdern, einen ausgewogenen Luftstrom sicherstellen und somit ein angenehmes Raumklima aufrechterhalten.\" \/>\n<meta property=\"og:url\" content=\"https:\/\/cem-instruments.de\/de\/product\/dt8920-druckmesser\/\" \/>\n<meta property=\"og:site_name\" content=\"CEM Test Instruments GmbH\" \/>\n<meta property=\"article:modified_time\" content=\"2025-01-25T00:01:02+00:00\" \/>\n<meta property=\"og:image\" content=\"https:\/\/res.cloudinary.com\/dathdmgqz\/images\/f_auto,q_auto\/v1728995318\/DT-8920_ozjzkc\/DT-8920_ozjzkc.jpg?_i=AA\" \/>\n\t<meta property=\"og:image:width\" content=\"540\" \/>\n\t<meta property=\"og:image:height\" content=\"720\" \/>\n\t<meta property=\"og:image:type\" content=\"image\/jpeg\" \/>\n<meta name=\"twitter:card\" content=\"summary_large_image\" \/>\n<meta name=\"twitter:label1\" content=\"Gesch\u00e4tzte Lesezeit\" \/>\n\t<meta name=\"twitter:data1\" content=\"2\u00a0Minuten\" \/>\n<script type=\"application\/ld+json\" class=\"yoast-schema-graph\">{\"@context\":\"https:\/\/schema.org\",\"@graph\":[{\"@type\":\"WebPage\",\"@id\":\"https:\/\/cem-instruments.de\/de\/product\/dt8920-druckmesser\/\",\"url\":\"https:\/\/cem-instruments.de\/de\/product\/dt8920-druckmesser\/\",\"name\":\"DT-8920\/8920B Druck- und Durchflussmesser - CEM Test Instruments GmbH\",\"isPartOf\":{\"@id\":\"https:\/\/cem-instruments.de\/de\/#website\"},\"primaryImageOfPage\":{\"@id\":\"https:\/\/cem-instruments.de\/de\/product\/dt8920-druckmesser\/#primaryimage\"},\"image\":{\"@id\":\"https:\/\/cem-instruments.de\/de\/product\/dt8920-druckmesser\/#primaryimage\"},\"thumbnailUrl\":\"https:\/\/res.cloudinary.com\/dathdmgqz\/images\/f_auto,q_auto\/v1728995318\/DT-8920_ozjzkc\/DT-8920_ozjzkc.jpg?_i=AA\",\"datePublished\":\"2024-10-16T11:25:28+00:00\",\"dateModified\":\"2025-01-25T00:01:02+00:00\",\"description\":\"8920 ist ein Druck- und Durchflussmesser mit einem leicht ablesbaren, gro\u00dfen, hintergrundbeleuchteten LCD-Display. Messdaten werden vor Ort mit Minimal- und Maximalwerten ausgedruckt. Er kann den Luftdruck \u00fcber wichtige HLK-Komponenten \u00fcberwachen, eine gute Innenraumluftqualit\u00e4t f\u00f6rdern, einen ausgewogenen Luftstrom sicherstellen und somit ein angenehmes Raumklima aufrechterhalten.\",\"breadcrumb\":{\"@id\":\"https:\/\/cem-instruments.de\/de\/product\/dt8920-druckmesser\/#breadcrumb\"},\"inLanguage\":\"de\",\"potentialAction\":[{\"@type\":\"ReadAction\",\"target\":[\"https:\/\/cem-instruments.de\/de\/product\/dt8920-druckmesser\/\"]}]},{\"@type\":\"ImageObject\",\"inLanguage\":\"de\",\"@id\":\"https:\/\/cem-instruments.de\/de\/product\/dt8920-druckmesser\/#primaryimage\",\"url\":\"https:\/\/res.cloudinary.com\/dathdmgqz\/images\/f_auto,q_auto\/v1728995318\/DT-8920_ozjzkc\/DT-8920_ozjzkc.jpg?_i=AA\",\"contentUrl\":\"https:\/\/res.cloudinary.com\/dathdmgqz\/images\/f_auto,q_auto\/v1728995318\/DT-8920_ozjzkc\/DT-8920_ozjzkc.jpg?_i=AA\",\"width\":540,\"height\":720},{\"@type\":\"BreadcrumbList\",\"@id\":\"https:\/\/cem-instruments.de\/de\/product\/dt8920-druckmesser\/#breadcrumb\",\"itemListElement\":[{\"@type\":\"ListItem\",\"position\":1,\"name\":\"Home\",\"item\":\"https:\/\/cem-instruments.de\/de\/\"},{\"@type\":\"ListItem\",\"position\":2,\"name\":\"Products\",\"item\":\"https:\/\/cem-instruments.de\/de\/shop\/\"},{\"@type\":\"ListItem\",\"position\":3,\"name\":\"DT-8920\/8920B Druck- und Durchflussmesser\"}]},{\"@type\":\"WebSite\",\"@id\":\"https:\/\/cem-instruments.de\/de\/#website\",\"url\":\"https:\/\/cem-instruments.de\/de\/\",\"name\":\"CEM Test Instruments GmbH\",\"description\":\"CEM Test Instruments GmbH\",\"publisher\":{\"@id\":\"https:\/\/cem-instruments.de\/de\/#organization\"},\"alternateName\":\"best partner for electronic instruments\",\"potentialAction\":[{\"@type\":\"SearchAction\",\"target\":{\"@type\":\"EntryPoint\",\"urlTemplate\":\"https:\/\/cem-instruments.de\/de\/?s={search_term_string}\"},\"query-input\":{\"@type\":\"PropertyValueSpecification\",\"valueRequired\":true,\"valueName\":\"search_term_string\"}}],\"inLanguage\":\"de\"},{\"@type\":\"Organization\",\"@id\":\"https:\/\/cem-instruments.de\/de\/#organization\",\"name\":\"CEM Test Instruments GmbH\",\"url\":\"https:\/\/cem-instruments.de\/de\/\",\"logo\":{\"@type\":\"ImageObject\",\"inLanguage\":\"de\",\"@id\":\"https:\/\/cem-instruments.de\/de\/#\/schema\/logo\/image\/\",\"url\":\"https:\/\/res.cloudinary.com\/dathdmgqz\/images\/f_auto,q_auto\/v1728637129\/cropped-2024-10-11-10_57_57-cem-instruments.de-\u2013-CEM-instruments-GmbH\/cropped-2024-10-11-10_57_57-cem-instruments.de-\u2013-CEM-instruments-GmbH.jpg?_i=AA\",\"contentUrl\":\"https:\/\/res.cloudinary.com\/dathdmgqz\/images\/f_auto,q_auto\/v1728637129\/cropped-2024-10-11-10_57_57-cem-instruments.de-\u2013-CEM-instruments-GmbH\/cropped-2024-10-11-10_57_57-cem-instruments.de-\u2013-CEM-instruments-GmbH.jpg?_i=AA\",\"width\":512,\"height\":512,\"caption\":\"CEM Test Instruments GmbH\"},\"image\":{\"@id\":\"https:\/\/cem-instruments.de\/de\/#\/schema\/logo\/image\/\"}}]}<\/script>\n<!-- \/ Yoast SEO plugin. -->","yoast_head_json":{"title":"DT-8920\/8920B Druck- und Durchflussmesser - CEM Test Instruments GmbH","description":"8920 ist ein Druck- und Durchflussmesser mit einem leicht ablesbaren, gro\u00dfen, hintergrundbeleuchteten LCD-Display. Messdaten werden vor Ort mit Minimal- und Maximalwerten ausgedruckt. Er kann den Luftdruck \u00fcber wichtige HLK-Komponenten \u00fcberwachen, eine gute Innenraumluftqualit\u00e4t f\u00f6rdern, einen ausgewogenen Luftstrom sicherstellen und somit ein angenehmes Raumklima aufrechterhalten.","robots":{"index":"index","follow":"follow","max-snippet":"max-snippet:-1","max-image-preview":"max-image-preview:large","max-video-preview":"max-video-preview:-1"},"canonical":"https:\/\/cem-instruments.de\/de\/product\/dt8920-druckmesser\/","og_locale":"de_DE","og_type":"article","og_title":"DT-8920\/8920B Druck- und Durchflussmesser - CEM Test Instruments GmbH","og_description":"8920 ist ein Druck- und Durchflussmesser mit einem leicht ablesbaren, gro\u00dfen, hintergrundbeleuchteten LCD-Display. Messdaten werden vor Ort mit Minimal- und Maximalwerten ausgedruckt. Er kann den Luftdruck \u00fcber wichtige HLK-Komponenten \u00fcberwachen, eine gute Innenraumluftqualit\u00e4t f\u00f6rdern, einen ausgewogenen Luftstrom sicherstellen und somit ein angenehmes Raumklima aufrechterhalten.","og_url":"https:\/\/cem-instruments.de\/de\/product\/dt8920-druckmesser\/","og_site_name":"CEM Test Instruments GmbH","article_modified_time":"2025-01-25T00:01:02+00:00","og_image":[{"width":540,"height":720,"url":"https:\/\/res.cloudinary.com\/dathdmgqz\/images\/f_auto,q_auto\/v1728995318\/DT-8920_ozjzkc\/DT-8920_ozjzkc.jpg?_i=AA","type":"image\/jpeg"}],"twitter_card":"summary_large_image","twitter_misc":{"Gesch\u00e4tzte Lesezeit":"2\u00a0Minuten"},"schema":{"@context":"https:\/\/schema.org","@graph":[{"@type":"WebPage","@id":"https:\/\/cem-instruments.de\/de\/product\/dt8920-druckmesser\/","url":"https:\/\/cem-instruments.de\/de\/product\/dt8920-druckmesser\/","name":"DT-8920\/8920B Druck- und Durchflussmesser - CEM Test Instruments GmbH","isPartOf":{"@id":"https:\/\/cem-instruments.de\/de\/#website"},"primaryImageOfPage":{"@id":"https:\/\/cem-instruments.de\/de\/product\/dt8920-druckmesser\/#primaryimage"},"image":{"@id":"https:\/\/cem-instruments.de\/de\/product\/dt8920-druckmesser\/#primaryimage"},"thumbnailUrl":"https:\/\/res.cloudinary.com\/dathdmgqz\/images\/f_auto,q_auto\/v1728995318\/DT-8920_ozjzkc\/DT-8920_ozjzkc.jpg?_i=AA","datePublished":"2024-10-16T11:25:28+00:00","dateModified":"2025-01-25T00:01:02+00:00","description":"8920 ist ein Druck- und Durchflussmesser mit einem leicht ablesbaren, gro\u00dfen, hintergrundbeleuchteten LCD-Display. Messdaten werden vor Ort mit Minimal- und Maximalwerten ausgedruckt. Er kann den Luftdruck \u00fcber wichtige HLK-Komponenten \u00fcberwachen, eine gute Innenraumluftqualit\u00e4t f\u00f6rdern, einen ausgewogenen Luftstrom sicherstellen und somit ein angenehmes Raumklima aufrechterhalten.","breadcrumb":{"@id":"https:\/\/cem-instruments.de\/de\/product\/dt8920-druckmesser\/#breadcrumb"},"inLanguage":"de","potentialAction":[{"@type":"ReadAction","target":["https:\/\/cem-instruments.de\/de\/product\/dt8920-druckmesser\/"]}]},{"@type":"ImageObject","inLanguage":"de","@id":"https:\/\/cem-instruments.de\/de\/product\/dt8920-druckmesser\/#primaryimage","url":"https:\/\/res.cloudinary.com\/dathdmgqz\/images\/f_auto,q_auto\/v1728995318\/DT-8920_ozjzkc\/DT-8920_ozjzkc.jpg?_i=AA","contentUrl":"https:\/\/res.cloudinary.com\/dathdmgqz\/images\/f_auto,q_auto\/v1728995318\/DT-8920_ozjzkc\/DT-8920_ozjzkc.jpg?_i=AA","width":540,"height":720},{"@type":"BreadcrumbList","@id":"https:\/\/cem-instruments.de\/de\/product\/dt8920-druckmesser\/#breadcrumb","itemListElement":[{"@type":"ListItem","position":1,"name":"Home","item":"https:\/\/cem-instruments.de\/de\/"},{"@type":"ListItem","position":2,"name":"Products","item":"https:\/\/cem-instruments.de\/de\/shop\/"},{"@type":"ListItem","position":3,"name":"DT-8920\/8920B Druck- und Durchflussmesser"}]},{"@type":"WebSite","@id":"https:\/\/cem-instruments.de\/de\/#website","url":"https:\/\/cem-instruments.de\/de\/","name":"CEM Test Instruments GmbH","description":"CEM Test Instruments GmbH","publisher":{"@id":"https:\/\/cem-instruments.de\/de\/#organization"},"alternateName":"best partner for electronic instruments","potentialAction":[{"@type":"SearchAction","target":{"@type":"EntryPoint","urlTemplate":"https:\/\/cem-instruments.de\/de\/?s={search_term_string}"},"query-input":{"@type":"PropertyValueSpecification","valueRequired":true,"valueName":"search_term_string"}}],"inLanguage":"de"},{"@type":"Organization","@id":"https:\/\/cem-instruments.de\/de\/#organization","name":"CEM Test Instruments GmbH","url":"https:\/\/cem-instruments.de\/de\/","logo":{"@type":"ImageObject","inLanguage":"de","@id":"https:\/\/cem-instruments.de\/de\/#\/schema\/logo\/image\/","url":"https:\/\/res.cloudinary.com\/dathdmgqz\/images\/f_auto,q_auto\/v1728637129\/cropped-2024-10-11-10_57_57-cem-instruments.de-\u2013-CEM-instruments-GmbH\/cropped-2024-10-11-10_57_57-cem-instruments.de-\u2013-CEM-instruments-GmbH.jpg?_i=AA","contentUrl":"https:\/\/res.cloudinary.com\/dathdmgqz\/images\/f_auto,q_auto\/v1728637129\/cropped-2024-10-11-10_57_57-cem-instruments.de-\u2013-CEM-instruments-GmbH\/cropped-2024-10-11-10_57_57-cem-instruments.de-\u2013-CEM-instruments-GmbH.jpg?_i=AA","width":512,"height":512,"caption":"CEM Test Instruments GmbH"},"image":{"@id":"https:\/\/cem-instruments.de\/de\/#\/schema\/logo\/image\/"}}]}},"_links":{"self":[{"href":"https:\/\/cem-instruments.de\/de\/wp-json\/wp\/v2\/product\/31408","targetHints":{"allow":["GET"]}}],"collection":[{"href":"https:\/\/cem-instruments.de\/de\/wp-json\/wp\/v2\/product"}],"about":[{"href":"https:\/\/cem-instruments.de\/de\/wp-json\/wp\/v2\/types\/product"}],"version-history":[{"count":5,"href":"https:\/\/cem-instruments.de\/de\/wp-json\/wp\/v2\/product\/31408\/revisions"}],"predecessor-version":[{"id":32203,"href":"https:\/\/cem-instruments.de\/de\/wp-json\/wp\/v2\/product\/31408\/revisions\/32203"}],"wp:featuredmedia":[{"embeddable":true,"href":"https:\/\/cem-instruments.de\/de\/wp-json\/wp\/v2\/media\/31409"}],"wp:attachment":[{"href":"https:\/\/cem-instruments.de\/de\/wp-json\/wp\/v2\/media?parent=31408"}],"wp:term":[{"taxonomy":"product_brand","embeddable":true,"href":"https:\/\/cem-instruments.de\/de\/wp-json\/wp\/v2\/product_brand?post=31408"},{"taxonomy":"product_cat","embeddable":true,"href":"https:\/\/cem-instruments.de\/de\/wp-json\/wp\/v2\/product_cat?post=31408"},{"taxonomy":"product_tag","embeddable":true,"href":"https:\/\/cem-instruments.de\/de\/wp-json\/wp\/v2\/product_tag?post=31408"}],"curies":[{"name":"wp","href":"https:\/\/api.w.org\/{rel}","templated":true}]}}