{"id":31436,"date":"2024-10-16T13:35:45","date_gmt":"2024-10-16T11:35:45","guid":{"rendered":"https:\/\/cem-instruments.de\/de\/?post_type=product&#038;p=31436"},"modified":"2025-01-25T00:37:02","modified_gmt":"2025-01-24T23:37:02","slug":"dt859a-umweltmessgeraete","status":"publish","type":"product","link":"https:\/\/cem-instruments.de\/de\/product\/dt859a-umweltmessgeraete\/","title":{"rendered":"DT-859A\/859B Professionelle Multifunktions-Umweltmessger\u00e4te"},"content":{"rendered":"\t\t<div data-elementor-type=\"wp-post\" data-elementor-id=\"31436\" class=\"elementor elementor-31436\" data-elementor-post-type=\"product\">\n\t\t\t\t<div class=\"wd-negative-gap elementor-element elementor-element-8b82f93 e-flex e-con-boxed e-con e-parent\" data-id=\"8b82f93\" data-element_type=\"container\">\n\t\t\t\t\t<div class=\"e-con-inner\">\n\t\t<div class=\"elementor-element elementor-element-8158909 e-con-full e-flex e-con e-child\" data-id=\"8158909\" data-element_type=\"container\">\n\t\t\t\t<div class=\"elementor-element elementor-element-ca513bd e-n-tabs-mobile elementor-widget elementor-widget-n-tabs\" data-id=\"ca513bd\" data-element_type=\"widget\" data-settings=\"{&quot;tabs_justify_horizontal&quot;:&quot;start&quot;,&quot;horizontal_scroll&quot;:&quot;disable&quot;}\" data-widget_type=\"nested-tabs.default\">\n\t\t\t\t<div class=\"elementor-widget-container\">\n\t\t\t\t\t\t\t<div class=\"e-n-tabs\" data-widget-number=\"212145085\" aria-label=\"Tabs. Open items with Enter or Space, close with Escape and navigate using the Arrow keys.\">\n\t\t\t<div class=\"e-n-tabs-heading\" role=\"tablist\">\n\t\t\t\t\t<button id=\"e-n-tab-title-2121450851\" class=\"e-n-tab-title\" aria-selected=\"true\" data-tab-index=\"1\" role=\"tab\" tabindex=\"0\" aria-controls=\"e-n-tab-content-2121450851\" style=\"--n-tabs-title-order: 1;\">\n\t\t\t\t\t\t<span class=\"e-n-tab-title-text\">\n\t\t\t\tDescription\t\t\t<\/span>\n\t\t<\/button>\n\t\t\t\t<button id=\"e-n-tab-title-2121450852\" class=\"e-n-tab-title\" aria-selected=\"false\" data-tab-index=\"2\" role=\"tab\" tabindex=\"-1\" aria-controls=\"e-n-tab-content-2121450852\" style=\"--n-tabs-title-order: 2;\">\n\t\t\t\t\t\t<span class=\"e-n-tab-title-text\">\n\t\t\t\tSpecification\t\t\t<\/span>\n\t\t<\/button>\n\t\t\t\t<button id=\"e-n-tab-title-2121450853\" class=\"e-n-tab-title\" aria-selected=\"false\" data-tab-index=\"3\" role=\"tab\" tabindex=\"-1\" aria-controls=\"e-n-tab-content-2121450853\" style=\"--n-tabs-title-order: 3;\">\n\t\t\t\t\t\t<span class=\"e-n-tab-title-text\">\n\t\t\t\tResources\t\t\t<\/span>\n\t\t<\/button>\n\t\t\t\t\t<\/div>\n\t\t\t<div class=\"e-n-tabs-content\">\n\t\t\t\t<div id=\"e-n-tab-content-2121450851\" role=\"tabpanel\" aria-labelledby=\"e-n-tab-title-2121450851\" data-tab-index=\"1\" style=\"--n-tabs-title-order: 1;\" class=\"e-active elementor-element elementor-element-d3efd13 e-con-full e-flex e-con e-child\" data-id=\"d3efd13\" data-element_type=\"container\">\n\t\t<div class=\"wd-negative-gap elementor-element elementor-element-2511d67 e-flex e-con-boxed e-con e-child\" data-id=\"2511d67\" data-element_type=\"container\">\n\t\t\t\t\t<div class=\"e-con-inner\">\n\t\t\t\t<div class=\"elementor-element elementor-element-893de6f elementor-widget elementor-widget-wd_text_block\" data-id=\"893de6f\" data-element_type=\"widget\" data-widget_type=\"wd_text_block.default\">\n\t\t\t\t<div class=\"elementor-widget-container\">\n\t\t\t\t\t\t\t<div class=\"wd-text-block reset-last-child text-left\">\n\t\t\t\n\t\t\t<p>Das digitale Multifunktions-Umweltmessger\u00e4t wurde entwickelt, um die Funktionen eines Schallpegelmessers, Lichtmessers, Feuchtigkeitsmessers, Temperaturmessers und CFM\/CMM Thermo-Anemometers (859B 5in1) zu kombinieren. Es ist ein ideales Multifunktions-Umweltmessinstrument mit zahlreichen praktischen Anwendungen f\u00fcr den professionellen und privaten Gebrauch.<\/p><ul><li><strong>Die Schallpegelmessfunktion<\/strong> kann verwendet werden, um den L\u00e4rm in Fabriken, Schulen, B\u00fcros, zu Hause usw. zu messen, die Akustik von Studios, Auditorien und Hi-Fi-Installationen zu \u00fcberpr\u00fcfen.<\/li><li><strong>Die Lichtmessfunktion<\/strong> wird verwendet, um die Helligkeit im Feld zu messen. Sie ist vollst\u00e4ndig kosinuskorrekt f\u00fcr den Einfallswinkel des Lichts. Die lichtempfindliche Komponente im Messger\u00e4t ist eine sehr stabile, langlebige Siliziumdiode.<\/li><li><strong>Die Feuchtigkeits-\/Temperaturmessung<\/strong> verwendet einen Feuchtigkeits-\/Halbleitersensor und ein K-Typ-Thermoelement.<\/li><li><strong>Das CFM\/CMM Thermo-Anemometer<\/strong> eignet sich f\u00fcr eine Vielzahl von Anwendungen, einschlie\u00dflich Wartungsarbeiten in Anlagen, Umweltanalysen, Tests von Abzugshauben und Bewertungen von HVAC-Systemen.<\/li><\/ul><p><strong>Merkmale<\/strong><\/p>\n\t\t\t\t\t<\/div>\n\t\t\t\t\t\t<\/div>\n\t\t\t\t<\/div>\n\t\t\t\t\t<\/div>\n\t\t\t\t<\/div>\n\t\t<div class=\"elementor-element elementor-element-974e5c7 e-con-full e-flex e-con e-child\" data-id=\"974e5c7\" data-element_type=\"container\">\n\t\t\t\t<div class=\"elementor-element elementor-element-b87e3b4 elementor-widget elementor-widget-wd_image_or_svg\" data-id=\"b87e3b4\" data-element_type=\"widget\" data-widget_type=\"wd_image_or_svg.default\">\n\t\t\t\t<div class=\"elementor-widget-container\">\n\t\t\t\t\t\n\t\t<div class=\"wd-image text-left\">\n\t\t\t\t\t\t\t\t<img width=\"331\" height=\"126\" data-public-id=\"d803777cbf5f9f14118f2e5f6a84a8d_t2oldm\/d803777cbf5f9f14118f2e5f6a84a8d_t2oldm.png\" decoding=\"async\" src=\"https:\/\/res.cloudinary.com\/dathdmgqz\/images\/w_331,h_126,c_scale\/f_auto,q_auto\/v1728995316\/d803777cbf5f9f14118f2e5f6a84a8d_t2oldm\/d803777cbf5f9f14118f2e5f6a84a8d_t2oldm.png?_i=AA\" class=\"attachment-full size-full wp-image-31447\" alt=\"\" data-format=\"png\" data-transformations=\"f_auto,q_auto\" data-version=\"1728995316\" data-seo=\"1\" data-responsive=\"1\" srcset=\"https:\/\/res.cloudinary.com\/dathdmgqz\/images\/w_331,h_126,c_scale\/f_auto,q_auto\/v1728995316\/d803777cbf5f9f14118f2e5f6a84a8d_t2oldm\/d803777cbf5f9f14118f2e5f6a84a8d_t2oldm.png?_i=AA 331w, https:\/\/res.cloudinary.com\/dathdmgqz\/images\/w_248,h_94,c_scale\/f_auto,q_auto\/v1728995316\/d803777cbf5f9f14118f2e5f6a84a8d_t2oldm\/d803777cbf5f9f14118f2e5f6a84a8d_t2oldm.png?_i=AA 248w\" sizes=\"(max-width: 331px) 100vw, 331px\" \/>\t\t\t\t\t<\/div>\n\n\t\t\t\t\t\t<\/div>\n\t\t\t\t<\/div>\n\t\t\t\t<\/div>\n\t\t\t\t<\/div>\n\t\t<div id=\"e-n-tab-content-2121450852\" role=\"tabpanel\" aria-labelledby=\"e-n-tab-title-2121450852\" data-tab-index=\"2\" style=\"--n-tabs-title-order: 2;\" class=\" elementor-element elementor-element-4c01a0c e-con-full e-flex e-con e-child\" data-id=\"4c01a0c\" data-element_type=\"container\">\n\t\t\t\t<div class=\"elementor-element elementor-element-b3b8228 elementor-widget elementor-widget-wd_image_or_svg\" data-id=\"b3b8228\" data-element_type=\"widget\" data-widget_type=\"wd_image_or_svg.default\">\n\t\t\t\t<div class=\"elementor-widget-container\">\n\t\t\t\t\t\n\t\t<div class=\"wd-image text-left\">\n\t\t\t\t\t\t\t\t<img width=\"439\" height=\"353\" data-public-id=\"8b915f472f8f8d33d9f5c546a9e79fa_hj331d\/8b915f472f8f8d33d9f5c546a9e79fa_hj331d.png\" fetchpriority=\"high\" decoding=\"async\" src=\"https:\/\/res.cloudinary.com\/dathdmgqz\/images\/w_439,h_353,c_scale\/f_auto,q_auto\/v1728995315\/8b915f472f8f8d33d9f5c546a9e79fa_hj331d\/8b915f472f8f8d33d9f5c546a9e79fa_hj331d.png?_i=AA\" class=\"attachment-full size-full wp-image-31443\" alt=\"\" data-format=\"png\" data-transformations=\"f_auto,q_auto\" data-version=\"1728995315\" data-seo=\"1\" data-responsive=\"1\" srcset=\"https:\/\/res.cloudinary.com\/dathdmgqz\/images\/w_439,h_353,c_scale\/f_auto,q_auto\/v1728995315\/8b915f472f8f8d33d9f5c546a9e79fa_hj331d\/8b915f472f8f8d33d9f5c546a9e79fa_hj331d.png?_i=AA 439w, https:\/\/res.cloudinary.com\/dathdmgqz\/images\/w_248,h_199,c_scale\/f_auto,q_auto\/v1728995315\/8b915f472f8f8d33d9f5c546a9e79fa_hj331d\/8b915f472f8f8d33d9f5c546a9e79fa_hj331d.png?_i=AA 248w\" sizes=\"(max-width: 439px) 100vw, 439px\" \/>\t\t\t\t\t<\/div>\n\n\t\t\t\t\t\t<\/div>\n\t\t\t\t<\/div>\n\t\t\t\t<\/div>\n\t\t<div id=\"e-n-tab-content-2121450853\" role=\"tabpanel\" aria-labelledby=\"e-n-tab-title-2121450853\" data-tab-index=\"3\" style=\"--n-tabs-title-order: 3;\" class=\" elementor-element elementor-element-85ef44f e-con-full e-flex e-con e-child\" data-id=\"85ef44f\" data-element_type=\"container\">\n\t\t<div class=\"elementor-element elementor-element-cf36f3f e-con-full e-flex e-con e-child\" data-id=\"cf36f3f\" data-element_type=\"container\">\n\t\t\t\t<div class=\"elementor-element elementor-element-9325adb elementor-widget elementor-widget-wd_list\" data-id=\"9325adb\" data-element_type=\"widget\" data-widget_type=\"wd_list.default\">\n\t\t\t\t<div class=\"elementor-widget-container\">\n\t\t\t\t\t\t\t<ul class=\"wd-list color-scheme- wd-fontsize-xs wd-type-icon wd-style-default text-left\">\n\t\t\t\t\t\t\t\t\t\t\t<li class=\"elementor-repeater-item-fe163c2\">\n\t\t\t\t\t\t\t\t\t\t\t<span class=\"wd-icon\"><svg class=\"e-font-icon-svg e-fas-star\" viewBox=\"0 0 576 512\" xmlns=\"http:\/\/www.w3.org\/2000\/svg\"><path d=\"M259.3 17.8L194 150.2 47.9 171.5c-26.2 3.8-36.7 36.1-17.7 54.6l105.7 103-25 145.5c-4.5 26.3 23.2 46 46.4 33.7L288 439.6l130.7 68.7c23.2 12.2 50.9-7.4 46.4-33.7l-25-145.5 105.7-103c19-18.5 8.5-50.8-17.7-54.6L382 150.2 316.7 17.8c-11.7-23.6-45.6-23.9-57.4 0z\"><\/path><\/svg><\/span>\t\t\t\t\t\n\t\t\t\t\t<span class=\"wd-list-content list-content\">\n\t\t\t\t\t\tapplication note\t\t\t\t\t<\/span>\n\n\t\t\t\t\t\t\t\t\t<\/li>\n\t\t\t\t\t<\/ul>\n\n\t\t\t\t\t\t<\/div>\n\t\t\t\t<\/div>\n\t\t\t\t<div class=\"elementor-element elementor-element-8c952fa elementor-widget elementor-widget-wd_list\" data-id=\"8c952fa\" data-element_type=\"widget\" data-widget_type=\"wd_list.default\">\n\t\t\t\t<div class=\"elementor-widget-container\">\n\t\t\t\t\t\t\t<ul class=\"wd-list color-scheme-custom wd-fontsize-xs wd-type-icon wd-style-default text-left\">\n\t\t\t\t\t\t\t\t\t\t\t<li class=\"elementor-repeater-item-fe163c2\">\n\t\t\t\t\t\t\t\t\t\t\t<span class=\"wd-icon\"><svg class=\"e-font-icon-svg e-fas-star\" viewBox=\"0 0 576 512\" xmlns=\"http:\/\/www.w3.org\/2000\/svg\"><path d=\"M259.3 17.8L194 150.2 47.9 171.5c-26.2 3.8-36.7 36.1-17.7 54.6l105.7 103-25 145.5c-4.5 26.3 23.2 46 46.4 33.7L288 439.6l130.7 68.7c23.2 12.2 50.9-7.4 46.4-33.7l-25-145.5 105.7-103c19-18.5 8.5-50.8-17.7-54.6L382 150.2 316.7 17.8c-11.7-23.6-45.6-23.9-57.4 0z\"><\/path><\/svg><\/span>\t\t\t\t\t\n\t\t\t\t\t<span class=\"wd-list-content list-content\">\n\t\t\t\t\t\tdatasheet\t\t\t\t\t<\/span>\n\n\t\t\t\t\t\t\t\t\t<\/li>\n\t\t\t\t\t\t\t\t\t\t\t<li class=\"elementor-repeater-item-66113ab\">\n\t\t\t\t\t\t\t\t\t\t\t<span class=\"wd-icon\"><svg class=\"e-font-icon-svg e-fas-star\" viewBox=\"0 0 576 512\" xmlns=\"http:\/\/www.w3.org\/2000\/svg\"><path d=\"M259.3 17.8L194 150.2 47.9 171.5c-26.2 3.8-36.7 36.1-17.7 54.6l105.7 103-25 145.5c-4.5 26.3 23.2 46 46.4 33.7L288 439.6l130.7 68.7c23.2 12.2 50.9-7.4 46.4-33.7l-25-145.5 105.7-103c19-18.5 8.5-50.8-17.7-54.6L382 150.2 316.7 17.8c-11.7-23.6-45.6-23.9-57.4 0z\"><\/path><\/svg><\/span>\t\t\t\t\t\n\t\t\t\t\t<span class=\"wd-list-content list-content\">\n\t\t\t\t\t\tuser manual\t\t\t\t\t<\/span>\n\n\t\t\t\t\t\n\t\t\t\t\t\t<a  href=\"https:\/\/cemtestinstrumentsgmbh357-my.sharepoint.com\/:b:\/g\/personal\/sh_li_cemtestinstrumentsgmbh357_onmicrosoft_com\/EZ-UEJcvAhNPpUBZiZKsHHABzwQMHuF8GSOsSSmOs0lWsA?e=dKjvBK\" class=\"wd-fill\" aria-label=\"List item link\" target=\"_blank\" rel=\"nofollow\"><\/a>\n\t\t\t\t\t\t\t\t\t<\/li>\n\t\t\t\t\t<\/ul>\n\n\t\t\t\t\t\t<\/div>\n\t\t\t\t<\/div>\n\t\t\t\t<\/div>\n\t\t<div class=\"elementor-element elementor-element-306e325 e-con-full e-flex e-con e-child\" data-id=\"306e325\" data-element_type=\"container\">\n\t\t\t\t<\/div>\n\t\t\t\t<\/div>\n\t\t\t\t\t<\/div>\n\t\t<\/div>\n\t\t\t\t\t\t<\/div>\n\t\t\t\t<\/div>\n\t\t\t\t<\/div>\n\t\t\t\t\t<\/div>\n\t\t\t\t<\/div>\n\t\t\t\t<\/div>\n\t\t","protected":false},"excerpt":{"rendered":"<p>Das digitale Multifunktions-Umweltmessger\u00e4t wurde entwickelt, um die Funktionen eines Schallpegelmessers, Lichtmessers, Feuchtigkeitsmessers, Temperaturmessers und CFM\/CMM Thermo-Anemometers (859B 5in1) zu kombinieren. Es ist ein ideales Multifunktions-Umweltmessinstrument mit zahlreichen praktischen Anwendungen f\u00fcr den professionellen und privaten Gebrauch.<\/p>\n","protected":false},"featured_media":31437,"template":"","meta":{"_cloudinary_featured_overwrite":false},"product_brand":[],"product_cat":[355,426],"product_tag":[],"class_list":{"0":"post-31436","1":"product","2":"type-product","3":"status-publish","4":"has-post-thumbnail","6":"product_cat-environmental_tools","7":"product_cat-multifuntion_in_one","9":"first","10":"instock","11":"shipping-taxable","12":"product-type-simple"},"yoast_head":"<!-- This site is optimized with the Yoast SEO plugin v24.3 - https:\/\/yoast.com\/wordpress\/plugins\/seo\/ -->\n<title>DT-859A\/859B Professionelle Multifunktions-Umweltmessger\u00e4te - CEM Test Instruments GmbH<\/title>\n<meta name=\"description\" content=\"Das digitale Multifunktions-Umweltmessger\u00e4t wurde entwickelt, um die Funktionen eines Schallpegelmessers, Lichtmessers, Feuchtigkeitsmessers, Temperaturmessers und CFM\/CMM Thermo-Anemometers (859B 5in1) zu kombinieren. Es ist ein ideales Multifunktions-Umweltmessinstrument mit zahlreichen praktischen Anwendungen f\u00fcr den professionellen und privaten Gebrauch.\" \/>\n<meta name=\"robots\" content=\"index, follow, max-snippet:-1, max-image-preview:large, max-video-preview:-1\" \/>\n<link rel=\"canonical\" href=\"https:\/\/cem-instruments.de\/de\/product\/dt859a-umweltmessgeraete\/\" \/>\n<meta property=\"og:locale\" content=\"de_DE\" \/>\n<meta property=\"og:type\" content=\"article\" \/>\n<meta property=\"og:title\" content=\"DT-859A\/859B Professionelle Multifunktions-Umweltmessger\u00e4te - CEM Test Instruments GmbH\" \/>\n<meta property=\"og:description\" content=\"Das digitale Multifunktions-Umweltmessger\u00e4t wurde entwickelt, um die Funktionen eines Schallpegelmessers, Lichtmessers, Feuchtigkeitsmessers, Temperaturmessers und CFM\/CMM Thermo-Anemometers (859B 5in1) zu kombinieren. Es ist ein ideales Multifunktions-Umweltmessinstrument mit zahlreichen praktischen Anwendungen f\u00fcr den professionellen und privaten Gebrauch.\" \/>\n<meta property=\"og:url\" content=\"https:\/\/cem-instruments.de\/de\/product\/dt859a-umweltmessgeraete\/\" \/>\n<meta property=\"og:site_name\" content=\"CEM Test Instruments GmbH\" \/>\n<meta property=\"article:modified_time\" content=\"2025-01-24T23:37:02+00:00\" \/>\n<meta property=\"og:image\" content=\"https:\/\/res.cloudinary.com\/dathdmgqz\/images\/f_auto,q_auto\/v1728995317\/DT-859B_n62wal\/DT-859B_n62wal.jpg?_i=AA\" \/>\n\t<meta property=\"og:image:width\" content=\"540\" \/>\n\t<meta property=\"og:image:height\" content=\"720\" \/>\n\t<meta property=\"og:image:type\" content=\"image\/jpeg\" \/>\n<meta name=\"twitter:card\" content=\"summary_large_image\" \/>\n<meta name=\"twitter:label1\" content=\"Gesch\u00e4tzte Lesezeit\" \/>\n\t<meta name=\"twitter:data1\" content=\"3\u00a0Minuten\" \/>\n<script type=\"application\/ld+json\" class=\"yoast-schema-graph\">{\"@context\":\"https:\/\/schema.org\",\"@graph\":[{\"@type\":\"WebPage\",\"@id\":\"https:\/\/cem-instruments.de\/de\/product\/dt859a-umweltmessgeraete\/\",\"url\":\"https:\/\/cem-instruments.de\/de\/product\/dt859a-umweltmessgeraete\/\",\"name\":\"DT-859A\/859B Professionelle Multifunktions-Umweltmessger\u00e4te - CEM Test Instruments GmbH\",\"isPartOf\":{\"@id\":\"https:\/\/cem-instruments.de\/de\/#website\"},\"primaryImageOfPage\":{\"@id\":\"https:\/\/cem-instruments.de\/de\/product\/dt859a-umweltmessgeraete\/#primaryimage\"},\"image\":{\"@id\":\"https:\/\/cem-instruments.de\/de\/product\/dt859a-umweltmessgeraete\/#primaryimage\"},\"thumbnailUrl\":\"https:\/\/res.cloudinary.com\/dathdmgqz\/images\/f_auto,q_auto\/v1728995317\/DT-859B_n62wal\/DT-859B_n62wal.jpg?_i=AA\",\"datePublished\":\"2024-10-16T11:35:45+00:00\",\"dateModified\":\"2025-01-24T23:37:02+00:00\",\"description\":\"Das digitale Multifunktions-Umweltmessger\u00e4t wurde entwickelt, um die Funktionen eines Schallpegelmessers, Lichtmessers, Feuchtigkeitsmessers, Temperaturmessers und CFM\/CMM Thermo-Anemometers (859B 5in1) zu kombinieren. Es ist ein ideales Multifunktions-Umweltmessinstrument mit zahlreichen praktischen Anwendungen f\u00fcr den professionellen und privaten Gebrauch.\",\"breadcrumb\":{\"@id\":\"https:\/\/cem-instruments.de\/de\/product\/dt859a-umweltmessgeraete\/#breadcrumb\"},\"inLanguage\":\"de\",\"potentialAction\":[{\"@type\":\"ReadAction\",\"target\":[\"https:\/\/cem-instruments.de\/de\/product\/dt859a-umweltmessgeraete\/\"]}]},{\"@type\":\"ImageObject\",\"inLanguage\":\"de\",\"@id\":\"https:\/\/cem-instruments.de\/de\/product\/dt859a-umweltmessgeraete\/#primaryimage\",\"url\":\"https:\/\/res.cloudinary.com\/dathdmgqz\/images\/f_auto,q_auto\/v1728995317\/DT-859B_n62wal\/DT-859B_n62wal.jpg?_i=AA\",\"contentUrl\":\"https:\/\/res.cloudinary.com\/dathdmgqz\/images\/f_auto,q_auto\/v1728995317\/DT-859B_n62wal\/DT-859B_n62wal.jpg?_i=AA\",\"width\":540,\"height\":720},{\"@type\":\"BreadcrumbList\",\"@id\":\"https:\/\/cem-instruments.de\/de\/product\/dt859a-umweltmessgeraete\/#breadcrumb\",\"itemListElement\":[{\"@type\":\"ListItem\",\"position\":1,\"name\":\"Home\",\"item\":\"https:\/\/cem-instruments.de\/de\/\"},{\"@type\":\"ListItem\",\"position\":2,\"name\":\"Products\",\"item\":\"https:\/\/cem-instruments.de\/de\/shop\/\"},{\"@type\":\"ListItem\",\"position\":3,\"name\":\"DT-859A\/859B Professionelle Multifunktions-Umweltmessger\u00e4te\"}]},{\"@type\":\"WebSite\",\"@id\":\"https:\/\/cem-instruments.de\/de\/#website\",\"url\":\"https:\/\/cem-instruments.de\/de\/\",\"name\":\"CEM Test Instruments GmbH\",\"description\":\"CEM Test Instruments GmbH\",\"publisher\":{\"@id\":\"https:\/\/cem-instruments.de\/de\/#organization\"},\"alternateName\":\"best partner for electronic instruments\",\"potentialAction\":[{\"@type\":\"SearchAction\",\"target\":{\"@type\":\"EntryPoint\",\"urlTemplate\":\"https:\/\/cem-instruments.de\/de\/?s={search_term_string}\"},\"query-input\":{\"@type\":\"PropertyValueSpecification\",\"valueRequired\":true,\"valueName\":\"search_term_string\"}}],\"inLanguage\":\"de\"},{\"@type\":\"Organization\",\"@id\":\"https:\/\/cem-instruments.de\/de\/#organization\",\"name\":\"CEM Test Instruments GmbH\",\"url\":\"https:\/\/cem-instruments.de\/de\/\",\"logo\":{\"@type\":\"ImageObject\",\"inLanguage\":\"de\",\"@id\":\"https:\/\/cem-instruments.de\/de\/#\/schema\/logo\/image\/\",\"url\":\"https:\/\/res.cloudinary.com\/dathdmgqz\/images\/f_auto,q_auto\/v1728637129\/cropped-2024-10-11-10_57_57-cem-instruments.de-\u2013-CEM-instruments-GmbH\/cropped-2024-10-11-10_57_57-cem-instruments.de-\u2013-CEM-instruments-GmbH.jpg?_i=AA\",\"contentUrl\":\"https:\/\/res.cloudinary.com\/dathdmgqz\/images\/f_auto,q_auto\/v1728637129\/cropped-2024-10-11-10_57_57-cem-instruments.de-\u2013-CEM-instruments-GmbH\/cropped-2024-10-11-10_57_57-cem-instruments.de-\u2013-CEM-instruments-GmbH.jpg?_i=AA\",\"width\":512,\"height\":512,\"caption\":\"CEM Test Instruments GmbH\"},\"image\":{\"@id\":\"https:\/\/cem-instruments.de\/de\/#\/schema\/logo\/image\/\"}}]}<\/script>\n<!-- \/ Yoast SEO plugin. -->","yoast_head_json":{"title":"DT-859A\/859B Professionelle Multifunktions-Umweltmessger\u00e4te - CEM Test Instruments GmbH","description":"Das digitale Multifunktions-Umweltmessger\u00e4t wurde entwickelt, um die Funktionen eines Schallpegelmessers, Lichtmessers, Feuchtigkeitsmessers, Temperaturmessers und CFM\/CMM Thermo-Anemometers (859B 5in1) zu kombinieren. Es ist ein ideales Multifunktions-Umweltmessinstrument mit zahlreichen praktischen Anwendungen f\u00fcr den professionellen und privaten Gebrauch.","robots":{"index":"index","follow":"follow","max-snippet":"max-snippet:-1","max-image-preview":"max-image-preview:large","max-video-preview":"max-video-preview:-1"},"canonical":"https:\/\/cem-instruments.de\/de\/product\/dt859a-umweltmessgeraete\/","og_locale":"de_DE","og_type":"article","og_title":"DT-859A\/859B Professionelle Multifunktions-Umweltmessger\u00e4te - CEM Test Instruments GmbH","og_description":"Das digitale Multifunktions-Umweltmessger\u00e4t wurde entwickelt, um die Funktionen eines Schallpegelmessers, Lichtmessers, Feuchtigkeitsmessers, Temperaturmessers und CFM\/CMM Thermo-Anemometers (859B 5in1) zu kombinieren. Es ist ein ideales Multifunktions-Umweltmessinstrument mit zahlreichen praktischen Anwendungen f\u00fcr den professionellen und privaten Gebrauch.","og_url":"https:\/\/cem-instruments.de\/de\/product\/dt859a-umweltmessgeraete\/","og_site_name":"CEM Test Instruments GmbH","article_modified_time":"2025-01-24T23:37:02+00:00","og_image":[{"width":540,"height":720,"url":"https:\/\/res.cloudinary.com\/dathdmgqz\/images\/f_auto,q_auto\/v1728995317\/DT-859B_n62wal\/DT-859B_n62wal.jpg?_i=AA","type":"image\/jpeg"}],"twitter_card":"summary_large_image","twitter_misc":{"Gesch\u00e4tzte Lesezeit":"3\u00a0Minuten"},"schema":{"@context":"https:\/\/schema.org","@graph":[{"@type":"WebPage","@id":"https:\/\/cem-instruments.de\/de\/product\/dt859a-umweltmessgeraete\/","url":"https:\/\/cem-instruments.de\/de\/product\/dt859a-umweltmessgeraete\/","name":"DT-859A\/859B Professionelle Multifunktions-Umweltmessger\u00e4te - CEM Test Instruments GmbH","isPartOf":{"@id":"https:\/\/cem-instruments.de\/de\/#website"},"primaryImageOfPage":{"@id":"https:\/\/cem-instruments.de\/de\/product\/dt859a-umweltmessgeraete\/#primaryimage"},"image":{"@id":"https:\/\/cem-instruments.de\/de\/product\/dt859a-umweltmessgeraete\/#primaryimage"},"thumbnailUrl":"https:\/\/res.cloudinary.com\/dathdmgqz\/images\/f_auto,q_auto\/v1728995317\/DT-859B_n62wal\/DT-859B_n62wal.jpg?_i=AA","datePublished":"2024-10-16T11:35:45+00:00","dateModified":"2025-01-24T23:37:02+00:00","description":"Das digitale Multifunktions-Umweltmessger\u00e4t wurde entwickelt, um die Funktionen eines Schallpegelmessers, Lichtmessers, Feuchtigkeitsmessers, Temperaturmessers und CFM\/CMM Thermo-Anemometers (859B 5in1) zu kombinieren. Es ist ein ideales Multifunktions-Umweltmessinstrument mit zahlreichen praktischen Anwendungen f\u00fcr den professionellen und privaten Gebrauch.","breadcrumb":{"@id":"https:\/\/cem-instruments.de\/de\/product\/dt859a-umweltmessgeraete\/#breadcrumb"},"inLanguage":"de","potentialAction":[{"@type":"ReadAction","target":["https:\/\/cem-instruments.de\/de\/product\/dt859a-umweltmessgeraete\/"]}]},{"@type":"ImageObject","inLanguage":"de","@id":"https:\/\/cem-instruments.de\/de\/product\/dt859a-umweltmessgeraete\/#primaryimage","url":"https:\/\/res.cloudinary.com\/dathdmgqz\/images\/f_auto,q_auto\/v1728995317\/DT-859B_n62wal\/DT-859B_n62wal.jpg?_i=AA","contentUrl":"https:\/\/res.cloudinary.com\/dathdmgqz\/images\/f_auto,q_auto\/v1728995317\/DT-859B_n62wal\/DT-859B_n62wal.jpg?_i=AA","width":540,"height":720},{"@type":"BreadcrumbList","@id":"https:\/\/cem-instruments.de\/de\/product\/dt859a-umweltmessgeraete\/#breadcrumb","itemListElement":[{"@type":"ListItem","position":1,"name":"Home","item":"https:\/\/cem-instruments.de\/de\/"},{"@type":"ListItem","position":2,"name":"Products","item":"https:\/\/cem-instruments.de\/de\/shop\/"},{"@type":"ListItem","position":3,"name":"DT-859A\/859B Professionelle Multifunktions-Umweltmessger\u00e4te"}]},{"@type":"WebSite","@id":"https:\/\/cem-instruments.de\/de\/#website","url":"https:\/\/cem-instruments.de\/de\/","name":"CEM Test Instruments GmbH","description":"CEM Test Instruments GmbH","publisher":{"@id":"https:\/\/cem-instruments.de\/de\/#organization"},"alternateName":"best partner for electronic instruments","potentialAction":[{"@type":"SearchAction","target":{"@type":"EntryPoint","urlTemplate":"https:\/\/cem-instruments.de\/de\/?s={search_term_string}"},"query-input":{"@type":"PropertyValueSpecification","valueRequired":true,"valueName":"search_term_string"}}],"inLanguage":"de"},{"@type":"Organization","@id":"https:\/\/cem-instruments.de\/de\/#organization","name":"CEM Test Instruments GmbH","url":"https:\/\/cem-instruments.de\/de\/","logo":{"@type":"ImageObject","inLanguage":"de","@id":"https:\/\/cem-instruments.de\/de\/#\/schema\/logo\/image\/","url":"https:\/\/res.cloudinary.com\/dathdmgqz\/images\/f_auto,q_auto\/v1728637129\/cropped-2024-10-11-10_57_57-cem-instruments.de-\u2013-CEM-instruments-GmbH\/cropped-2024-10-11-10_57_57-cem-instruments.de-\u2013-CEM-instruments-GmbH.jpg?_i=AA","contentUrl":"https:\/\/res.cloudinary.com\/dathdmgqz\/images\/f_auto,q_auto\/v1728637129\/cropped-2024-10-11-10_57_57-cem-instruments.de-\u2013-CEM-instruments-GmbH\/cropped-2024-10-11-10_57_57-cem-instruments.de-\u2013-CEM-instruments-GmbH.jpg?_i=AA","width":512,"height":512,"caption":"CEM Test Instruments GmbH"},"image":{"@id":"https:\/\/cem-instruments.de\/de\/#\/schema\/logo\/image\/"}}]}},"_links":{"self":[{"href":"https:\/\/cem-instruments.de\/de\/wp-json\/wp\/v2\/product\/31436","targetHints":{"allow":["GET"]}}],"collection":[{"href":"https:\/\/cem-instruments.de\/de\/wp-json\/wp\/v2\/product"}],"about":[{"href":"https:\/\/cem-instruments.de\/de\/wp-json\/wp\/v2\/types\/product"}],"version-history":[{"count":5,"href":"https:\/\/cem-instruments.de\/de\/wp-json\/wp\/v2\/product\/31436\/revisions"}],"predecessor-version":[{"id":32145,"href":"https:\/\/cem-instruments.de\/de\/wp-json\/wp\/v2\/product\/31436\/revisions\/32145"}],"wp:featuredmedia":[{"embeddable":true,"href":"https:\/\/cem-instruments.de\/de\/wp-json\/wp\/v2\/media\/31437"}],"wp:attachment":[{"href":"https:\/\/cem-instruments.de\/de\/wp-json\/wp\/v2\/media?parent=31436"}],"wp:term":[{"taxonomy":"product_brand","embeddable":true,"href":"https:\/\/cem-instruments.de\/de\/wp-json\/wp\/v2\/product_brand?post=31436"},{"taxonomy":"product_cat","embeddable":true,"href":"https:\/\/cem-instruments.de\/de\/wp-json\/wp\/v2\/product_cat?post=31436"},{"taxonomy":"product_tag","embeddable":true,"href":"https:\/\/cem-instruments.de\/de\/wp-json\/wp\/v2\/product_tag?post=31436"}],"curies":[{"name":"wp","href":"https:\/\/api.w.org\/{rel}","templated":true}]}}