{"id":31492,"date":"2024-10-22T10:04:37","date_gmt":"2024-10-22T08:04:37","guid":{"rendered":"https:\/\/cem-instruments.de\/de\/?post_type=product&#038;p=31492"},"modified":"2025-01-25T00:32:28","modified_gmt":"2025-01-24T23:32:28","slug":"dt265-farbmessgeraet","status":"publish","type":"product","link":"https:\/\/cem-instruments.de\/de\/product\/dt265-farbmessgeraet\/","title":{"rendered":"DT-265 Farbmessger\u00e4t"},"content":{"rendered":"\t\t<div data-elementor-type=\"wp-post\" data-elementor-id=\"31492\" class=\"elementor elementor-31492\" data-elementor-post-type=\"product\">\n\t\t\t\t<div class=\"wd-negative-gap elementor-element elementor-element-2f45d42 e-flex e-con-boxed e-con e-parent\" data-id=\"2f45d42\" data-element_type=\"container\">\n\t\t\t\t\t<div class=\"e-con-inner\">\n\t\t<div class=\"elementor-element elementor-element-aa455bb e-con-full e-flex e-con e-child\" data-id=\"aa455bb\" data-element_type=\"container\">\n\t\t\t\t<div class=\"elementor-element elementor-element-3c1ddb7 e-n-tabs-mobile elementor-widget elementor-widget-n-tabs\" data-id=\"3c1ddb7\" data-element_type=\"widget\" data-settings=\"{&quot;tabs_justify_horizontal&quot;:&quot;start&quot;,&quot;horizontal_scroll&quot;:&quot;disable&quot;}\" data-widget_type=\"nested-tabs.default\">\n\t\t\t\t<div class=\"elementor-widget-container\">\n\t\t\t\t\t\t\t<div class=\"e-n-tabs\" data-widget-number=\"63036855\" aria-label=\"Tabs. Open items with Enter or Space, close with Escape and navigate using the Arrow keys.\">\n\t\t\t<div class=\"e-n-tabs-heading\" role=\"tablist\">\n\t\t\t\t\t<button id=\"e-n-tab-title-630368551\" class=\"e-n-tab-title\" aria-selected=\"true\" data-tab-index=\"1\" role=\"tab\" tabindex=\"0\" aria-controls=\"e-n-tab-content-630368551\" style=\"--n-tabs-title-order: 1;\">\n\t\t\t\t\t\t<span class=\"e-n-tab-title-text\">\n\t\t\t\tDescription\t\t\t<\/span>\n\t\t<\/button>\n\t\t\t\t<button id=\"e-n-tab-title-630368552\" class=\"e-n-tab-title\" aria-selected=\"false\" data-tab-index=\"2\" role=\"tab\" tabindex=\"-1\" aria-controls=\"e-n-tab-content-630368552\" style=\"--n-tabs-title-order: 2;\">\n\t\t\t\t\t\t<span class=\"e-n-tab-title-text\">\n\t\t\t\tSpecification\t\t\t<\/span>\n\t\t<\/button>\n\t\t\t\t<button id=\"e-n-tab-title-630368553\" class=\"e-n-tab-title\" aria-selected=\"false\" data-tab-index=\"3\" role=\"tab\" tabindex=\"-1\" aria-controls=\"e-n-tab-content-630368553\" style=\"--n-tabs-title-order: 3;\">\n\t\t\t\t\t\t<span class=\"e-n-tab-title-text\">\n\t\t\t\tResources\t\t\t<\/span>\n\t\t<\/button>\n\t\t\t\t\t<\/div>\n\t\t\t<div class=\"e-n-tabs-content\">\n\t\t\t\t<div id=\"e-n-tab-content-630368551\" role=\"tabpanel\" aria-labelledby=\"e-n-tab-title-630368551\" data-tab-index=\"1\" style=\"--n-tabs-title-order: 1;\" class=\"e-active elementor-element elementor-element-d6f2f48 e-con-full e-flex e-con e-child\" data-id=\"d6f2f48\" data-element_type=\"container\">\n\t\t<div class=\"wd-negative-gap elementor-element elementor-element-4099c15 e-flex e-con-boxed e-con e-child\" data-id=\"4099c15\" data-element_type=\"container\">\n\t\t\t\t\t<div class=\"e-con-inner\">\n\t\t\t\t<div class=\"elementor-element elementor-element-ba089e5 elementor-widget elementor-widget-wd_text_block\" data-id=\"ba089e5\" data-element_type=\"widget\" data-widget_type=\"wd_text_block.default\">\n\t\t\t\t<div class=\"elementor-widget-container\">\n\t\t\t\t\t\t\t<div class=\"wd-text-block reset-last-child text-left\">\n\t\t\t\n\t\t\t<p>Das Farbmessger\u00e4t wird in verschiedenen Branchen wie Galvanisierung, Oxidation, Kunststoffzement, Druck, Farbe, Weben und F\u00e4rben weit eingesetzt. Es misst die Farbdaten der Probe wie Lab, Lch, Farbdifferenz AE und ALab gem\u00e4\u00df dem CIE-Farbraum.<\/p><p><strong>Merkmale<\/strong><\/p>\n\t\t\t\t\t<\/div>\n\t\t\t\t\t\t<\/div>\n\t\t\t\t<\/div>\n\t\t\t\t\t<\/div>\n\t\t\t\t<\/div>\n\t\t<div class=\"elementor-element elementor-element-cb87906 e-con-full e-flex e-con e-child\" data-id=\"cb87906\" data-element_type=\"container\">\n\t\t\t\t<div class=\"elementor-element elementor-element-b218a58 elementor-widget elementor-widget-wd_image_or_svg\" data-id=\"b218a58\" data-element_type=\"widget\" data-widget_type=\"wd_image_or_svg.default\">\n\t\t\t\t<div class=\"elementor-widget-container\">\n\t\t\t\t\t\n\t\t<div class=\"wd-image text-left\">\n\t\t\t\t\t\t\t\t<img width=\"388\" height=\"199\" data-public-id=\"415064c45f859057a4eed86c1ea5747_pny9se\/415064c45f859057a4eed86c1ea5747_pny9se.png\" fetchpriority=\"high\" decoding=\"async\" src=\"https:\/\/res.cloudinary.com\/dathdmgqz\/images\/w_388,h_199,c_scale\/f_auto,q_auto\/v1729511663\/415064c45f859057a4eed86c1ea5747_pny9se\/415064c45f859057a4eed86c1ea5747_pny9se.png?_i=AA\" class=\"attachment-full size-full wp-image-31495\" alt=\"\" data-format=\"png\" data-transformations=\"f_auto,q_auto\" data-version=\"1729511663\" data-seo=\"1\" data-responsive=\"1\" srcset=\"https:\/\/res.cloudinary.com\/dathdmgqz\/images\/w_388,h_199,c_scale\/f_auto,q_auto\/v1729511663\/415064c45f859057a4eed86c1ea5747_pny9se\/415064c45f859057a4eed86c1ea5747_pny9se.png?_i=AA 388w, https:\/\/res.cloudinary.com\/dathdmgqz\/images\/w_248,h_127,c_scale\/f_auto,q_auto\/v1729511663\/415064c45f859057a4eed86c1ea5747_pny9se\/415064c45f859057a4eed86c1ea5747_pny9se.png?_i=AA 248w\" sizes=\"(max-width: 388px) 100vw, 388px\" \/>\t\t\t\t\t<\/div>\n\n\t\t\t\t\t\t<\/div>\n\t\t\t\t<\/div>\n\t\t\t\t<\/div>\n\t\t\t\t<\/div>\n\t\t<div id=\"e-n-tab-content-630368552\" role=\"tabpanel\" aria-labelledby=\"e-n-tab-title-630368552\" data-tab-index=\"2\" style=\"--n-tabs-title-order: 2;\" class=\" elementor-element elementor-element-c2a57d7 e-con-full e-flex e-con e-child\" data-id=\"c2a57d7\" data-element_type=\"container\">\n\t\t\t\t<div class=\"elementor-element elementor-element-94658fc elementor-widget elementor-widget-wd_image_or_svg\" data-id=\"94658fc\" data-element_type=\"widget\" data-widget_type=\"wd_image_or_svg.default\">\n\t\t\t\t<div class=\"elementor-widget-container\">\n\t\t\t\t\t\n\t\t<div class=\"wd-image text-left\">\n\t\t\t\t\t\t\t\t<img width=\"390\" height=\"244\" data-public-id=\"6004f8efcd40acaa883bc39d468f3f6_nenogu\/6004f8efcd40acaa883bc39d468f3f6_nenogu.png\" decoding=\"async\" src=\"https:\/\/res.cloudinary.com\/dathdmgqz\/images\/w_390,h_244,c_scale\/f_auto,q_auto\/v1729511663\/6004f8efcd40acaa883bc39d468f3f6_nenogu\/6004f8efcd40acaa883bc39d468f3f6_nenogu.png?_i=AA\" class=\"attachment-full size-full wp-image-31496\" alt=\"\" data-format=\"png\" data-transformations=\"f_auto,q_auto\" data-version=\"1729511663\" data-seo=\"1\" data-responsive=\"1\" srcset=\"https:\/\/res.cloudinary.com\/dathdmgqz\/images\/w_390,h_244,c_scale\/f_auto,q_auto\/v1729511663\/6004f8efcd40acaa883bc39d468f3f6_nenogu\/6004f8efcd40acaa883bc39d468f3f6_nenogu.png?_i=AA 390w, https:\/\/res.cloudinary.com\/dathdmgqz\/images\/w_248,h_155,c_scale\/f_auto,q_auto\/v1729511663\/6004f8efcd40acaa883bc39d468f3f6_nenogu\/6004f8efcd40acaa883bc39d468f3f6_nenogu.png?_i=AA 248w\" sizes=\"(max-width: 390px) 100vw, 390px\" \/>\t\t\t\t\t<\/div>\n\n\t\t\t\t\t\t<\/div>\n\t\t\t\t<\/div>\n\t\t\t\t<\/div>\n\t\t<div id=\"e-n-tab-content-630368553\" role=\"tabpanel\" aria-labelledby=\"e-n-tab-title-630368553\" data-tab-index=\"3\" style=\"--n-tabs-title-order: 3;\" class=\" elementor-element elementor-element-92550d8 e-con-full e-flex e-con e-child\" data-id=\"92550d8\" data-element_type=\"container\">\n\t\t<div class=\"elementor-element elementor-element-7bc004f e-con-full e-flex e-con e-child\" data-id=\"7bc004f\" data-element_type=\"container\">\n\t\t\t\t<div class=\"elementor-element elementor-element-5ffd856 elementor-widget elementor-widget-wd_list\" data-id=\"5ffd856\" data-element_type=\"widget\" data-widget_type=\"wd_list.default\">\n\t\t\t\t<div class=\"elementor-widget-container\">\n\t\t\t\t\t\t\t<ul class=\"wd-list color-scheme- wd-fontsize-xs wd-type-icon wd-style-default text-left\">\n\t\t\t\t\t\t\t\t\t\t\t<li class=\"elementor-repeater-item-fe163c2\">\n\t\t\t\t\t\t\t\t\t\t\t<span class=\"wd-icon\"><svg class=\"e-font-icon-svg e-fas-star\" viewBox=\"0 0 576 512\" xmlns=\"http:\/\/www.w3.org\/2000\/svg\"><path d=\"M259.3 17.8L194 150.2 47.9 171.5c-26.2 3.8-36.7 36.1-17.7 54.6l105.7 103-25 145.5c-4.5 26.3 23.2 46 46.4 33.7L288 439.6l130.7 68.7c23.2 12.2 50.9-7.4 46.4-33.7l-25-145.5 105.7-103c19-18.5 8.5-50.8-17.7-54.6L382 150.2 316.7 17.8c-11.7-23.6-45.6-23.9-57.4 0z\"><\/path><\/svg><\/span>\t\t\t\t\t\n\t\t\t\t\t<span class=\"wd-list-content list-content\">\n\t\t\t\t\t\tapplication note\t\t\t\t\t<\/span>\n\n\t\t\t\t\t\t\t\t\t<\/li>\n\t\t\t\t\t<\/ul>\n\n\t\t\t\t\t\t<\/div>\n\t\t\t\t<\/div>\n\t\t\t\t<div class=\"elementor-element elementor-element-dbc439f elementor-widget elementor-widget-wd_list\" data-id=\"dbc439f\" data-element_type=\"widget\" data-widget_type=\"wd_list.default\">\n\t\t\t\t<div class=\"elementor-widget-container\">\n\t\t\t\t\t\t\t<ul class=\"wd-list color-scheme-custom wd-fontsize-xs wd-type-icon wd-style-default text-left\">\n\t\t\t\t\t\t\t\t\t\t\t<li class=\"elementor-repeater-item-fe163c2\">\n\t\t\t\t\t\t\t\t\t\t\t<span class=\"wd-icon\"><svg class=\"e-font-icon-svg e-fas-star\" viewBox=\"0 0 576 512\" xmlns=\"http:\/\/www.w3.org\/2000\/svg\"><path d=\"M259.3 17.8L194 150.2 47.9 171.5c-26.2 3.8-36.7 36.1-17.7 54.6l105.7 103-25 145.5c-4.5 26.3 23.2 46 46.4 33.7L288 439.6l130.7 68.7c23.2 12.2 50.9-7.4 46.4-33.7l-25-145.5 105.7-103c19-18.5 8.5-50.8-17.7-54.6L382 150.2 316.7 17.8c-11.7-23.6-45.6-23.9-57.4 0z\"><\/path><\/svg><\/span>\t\t\t\t\t\n\t\t\t\t\t<span class=\"wd-list-content list-content\">\n\t\t\t\t\t\tdatasheet\t\t\t\t\t<\/span>\n\n\t\t\t\t\t\t\t\t\t<\/li>\n\t\t\t\t\t\t\t\t\t\t\t<li class=\"elementor-repeater-item-66113ab\">\n\t\t\t\t\t\t\t\t\t\t\t<span class=\"wd-icon\"><svg class=\"e-font-icon-svg e-fas-star\" viewBox=\"0 0 576 512\" xmlns=\"http:\/\/www.w3.org\/2000\/svg\"><path d=\"M259.3 17.8L194 150.2 47.9 171.5c-26.2 3.8-36.7 36.1-17.7 54.6l105.7 103-25 145.5c-4.5 26.3 23.2 46 46.4 33.7L288 439.6l130.7 68.7c23.2 12.2 50.9-7.4 46.4-33.7l-25-145.5 105.7-103c19-18.5 8.5-50.8-17.7-54.6L382 150.2 316.7 17.8c-11.7-23.6-45.6-23.9-57.4 0z\"><\/path><\/svg><\/span>\t\t\t\t\t\n\t\t\t\t\t<span class=\"wd-list-content list-content\">\n\t\t\t\t\t\tuser manual\t\t\t\t\t<\/span>\n\n\t\t\t\t\t\t\t\t\t<\/li>\n\t\t\t\t\t<\/ul>\n\n\t\t\t\t\t\t<\/div>\n\t\t\t\t<\/div>\n\t\t\t\t<\/div>\n\t\t<div class=\"elementor-element elementor-element-371e056 e-con-full e-flex e-con e-child\" data-id=\"371e056\" data-element_type=\"container\">\n\t\t\t\t<\/div>\n\t\t\t\t<\/div>\n\t\t\t\t\t<\/div>\n\t\t<\/div>\n\t\t\t\t\t\t<\/div>\n\t\t\t\t<\/div>\n\t\t\t\t<\/div>\n\t\t\t\t\t<\/div>\n\t\t\t\t<\/div>\n\t\t\t\t<\/div>\n\t\t","protected":false},"excerpt":{"rendered":"<p>Das Farbmessger\u00e4t wird in verschiedenen Branchen wie Galvanisierung, Oxidation, Kunststoffzement, Druck, Farbe, Weben und F\u00e4rben weit eingesetzt. Es misst die Farbdaten der Probe wie Lab, Lch, Farbdifferenz AE und ALab gem\u00e4\u00df dem CIE-Farbraum.<\/p>\n","protected":false},"featured_media":31493,"template":"","meta":{"_cloudinary_featured_overwrite":false},"product_brand":[],"product_cat":[365,430],"product_tag":[],"class_list":{"0":"post-31492","1":"product","2":"type-product","3":"status-publish","4":"has-post-thumbnail","6":"product_cat-building_infrastructure_tools","7":"product_cat-coating_thickness_tester","9":"first","10":"instock","11":"shipping-taxable","12":"product-type-simple"},"yoast_head":"<!-- This site is optimized with the Yoast SEO plugin v24.3 - https:\/\/yoast.com\/wordpress\/plugins\/seo\/ -->\n<title>DT-265 Farbmessger\u00e4t - CEM Test Instruments GmbH<\/title>\n<meta name=\"description\" content=\"Das Farbmessger\u00e4t wird in verschiedenen Branchen wie Galvanisierung, Oxidation, Kunststoffzement, Druck, Farbe, Weben und F\u00e4rben weit eingesetzt. Es misst die Farbdaten der Probe wie Lab, Lch, Farbdifferenz AE und ALab gem\u00e4\u00df dem CIE-Farbraum.\" \/>\n<meta name=\"robots\" content=\"index, follow, max-snippet:-1, max-image-preview:large, max-video-preview:-1\" \/>\n<link rel=\"canonical\" href=\"https:\/\/cem-instruments.de\/de\/product\/dt265-farbmessgeraet\/\" \/>\n<meta property=\"og:locale\" content=\"de_DE\" \/>\n<meta property=\"og:type\" content=\"article\" \/>\n<meta property=\"og:title\" content=\"DT-265 Farbmessger\u00e4t - CEM Test Instruments GmbH\" \/>\n<meta property=\"og:description\" content=\"Das Farbmessger\u00e4t wird in verschiedenen Branchen wie Galvanisierung, Oxidation, Kunststoffzement, Druck, Farbe, Weben und F\u00e4rben weit eingesetzt. Es misst die Farbdaten der Probe wie Lab, Lch, Farbdifferenz AE und ALab gem\u00e4\u00df dem CIE-Farbraum.\" \/>\n<meta property=\"og:url\" content=\"https:\/\/cem-instruments.de\/de\/product\/dt265-farbmessgeraet\/\" \/>\n<meta property=\"og:site_name\" content=\"CEM Test Instruments GmbH\" \/>\n<meta property=\"article:modified_time\" content=\"2025-01-24T23:32:28+00:00\" \/>\n<meta property=\"og:image\" content=\"https:\/\/res.cloudinary.com\/dathdmgqz\/images\/f_auto,q_auto\/v1729511664\/DT-265_yebgly\/DT-265_yebgly.jpg?_i=AA\" \/>\n\t<meta property=\"og:image:width\" content=\"540\" \/>\n\t<meta property=\"og:image:height\" content=\"720\" \/>\n\t<meta property=\"og:image:type\" content=\"image\/jpeg\" \/>\n<meta name=\"twitter:card\" content=\"summary_large_image\" \/>\n<meta name=\"twitter:label1\" content=\"Gesch\u00e4tzte Lesezeit\" \/>\n\t<meta name=\"twitter:data1\" content=\"2\u00a0Minuten\" \/>\n<script type=\"application\/ld+json\" class=\"yoast-schema-graph\">{\"@context\":\"https:\/\/schema.org\",\"@graph\":[{\"@type\":\"WebPage\",\"@id\":\"https:\/\/cem-instruments.de\/de\/product\/dt265-farbmessgeraet\/\",\"url\":\"https:\/\/cem-instruments.de\/de\/product\/dt265-farbmessgeraet\/\",\"name\":\"DT-265 Farbmessger\u00e4t - CEM Test Instruments GmbH\",\"isPartOf\":{\"@id\":\"https:\/\/cem-instruments.de\/de\/#website\"},\"primaryImageOfPage\":{\"@id\":\"https:\/\/cem-instruments.de\/de\/product\/dt265-farbmessgeraet\/#primaryimage\"},\"image\":{\"@id\":\"https:\/\/cem-instruments.de\/de\/product\/dt265-farbmessgeraet\/#primaryimage\"},\"thumbnailUrl\":\"https:\/\/res.cloudinary.com\/dathdmgqz\/images\/f_auto,q_auto\/v1729511664\/DT-265_yebgly\/DT-265_yebgly.jpg?_i=AA\",\"datePublished\":\"2024-10-22T08:04:37+00:00\",\"dateModified\":\"2025-01-24T23:32:28+00:00\",\"description\":\"Das Farbmessger\u00e4t wird in verschiedenen Branchen wie Galvanisierung, Oxidation, Kunststoffzement, Druck, Farbe, Weben und F\u00e4rben weit eingesetzt. Es misst die Farbdaten der Probe wie Lab, Lch, Farbdifferenz AE und ALab gem\u00e4\u00df dem CIE-Farbraum.\",\"breadcrumb\":{\"@id\":\"https:\/\/cem-instruments.de\/de\/product\/dt265-farbmessgeraet\/#breadcrumb\"},\"inLanguage\":\"de\",\"potentialAction\":[{\"@type\":\"ReadAction\",\"target\":[\"https:\/\/cem-instruments.de\/de\/product\/dt265-farbmessgeraet\/\"]}]},{\"@type\":\"ImageObject\",\"inLanguage\":\"de\",\"@id\":\"https:\/\/cem-instruments.de\/de\/product\/dt265-farbmessgeraet\/#primaryimage\",\"url\":\"https:\/\/res.cloudinary.com\/dathdmgqz\/images\/f_auto,q_auto\/v1729511664\/DT-265_yebgly\/DT-265_yebgly.jpg?_i=AA\",\"contentUrl\":\"https:\/\/res.cloudinary.com\/dathdmgqz\/images\/f_auto,q_auto\/v1729511664\/DT-265_yebgly\/DT-265_yebgly.jpg?_i=AA\",\"width\":540,\"height\":720},{\"@type\":\"BreadcrumbList\",\"@id\":\"https:\/\/cem-instruments.de\/de\/product\/dt265-farbmessgeraet\/#breadcrumb\",\"itemListElement\":[{\"@type\":\"ListItem\",\"position\":1,\"name\":\"Home\",\"item\":\"https:\/\/cem-instruments.de\/de\/\"},{\"@type\":\"ListItem\",\"position\":2,\"name\":\"Products\",\"item\":\"https:\/\/cem-instruments.de\/de\/shop\/\"},{\"@type\":\"ListItem\",\"position\":3,\"name\":\"DT-265 Farbmessger\u00e4t\"}]},{\"@type\":\"WebSite\",\"@id\":\"https:\/\/cem-instruments.de\/de\/#website\",\"url\":\"https:\/\/cem-instruments.de\/de\/\",\"name\":\"CEM Test Instruments GmbH\",\"description\":\"CEM Test Instruments GmbH\",\"publisher\":{\"@id\":\"https:\/\/cem-instruments.de\/de\/#organization\"},\"alternateName\":\"best partner for electronic instruments\",\"potentialAction\":[{\"@type\":\"SearchAction\",\"target\":{\"@type\":\"EntryPoint\",\"urlTemplate\":\"https:\/\/cem-instruments.de\/de\/?s={search_term_string}\"},\"query-input\":{\"@type\":\"PropertyValueSpecification\",\"valueRequired\":true,\"valueName\":\"search_term_string\"}}],\"inLanguage\":\"de\"},{\"@type\":\"Organization\",\"@id\":\"https:\/\/cem-instruments.de\/de\/#organization\",\"name\":\"CEM Test Instruments GmbH\",\"url\":\"https:\/\/cem-instruments.de\/de\/\",\"logo\":{\"@type\":\"ImageObject\",\"inLanguage\":\"de\",\"@id\":\"https:\/\/cem-instruments.de\/de\/#\/schema\/logo\/image\/\",\"url\":\"https:\/\/res.cloudinary.com\/dathdmgqz\/images\/f_auto,q_auto\/v1728637129\/cropped-2024-10-11-10_57_57-cem-instruments.de-\u2013-CEM-instruments-GmbH\/cropped-2024-10-11-10_57_57-cem-instruments.de-\u2013-CEM-instruments-GmbH.jpg?_i=AA\",\"contentUrl\":\"https:\/\/res.cloudinary.com\/dathdmgqz\/images\/f_auto,q_auto\/v1728637129\/cropped-2024-10-11-10_57_57-cem-instruments.de-\u2013-CEM-instruments-GmbH\/cropped-2024-10-11-10_57_57-cem-instruments.de-\u2013-CEM-instruments-GmbH.jpg?_i=AA\",\"width\":512,\"height\":512,\"caption\":\"CEM Test Instruments GmbH\"},\"image\":{\"@id\":\"https:\/\/cem-instruments.de\/de\/#\/schema\/logo\/image\/\"}}]}<\/script>\n<!-- \/ Yoast SEO plugin. -->","yoast_head_json":{"title":"DT-265 Farbmessger\u00e4t - CEM Test Instruments GmbH","description":"Das Farbmessger\u00e4t wird in verschiedenen Branchen wie Galvanisierung, Oxidation, Kunststoffzement, Druck, Farbe, Weben und F\u00e4rben weit eingesetzt. Es misst die Farbdaten der Probe wie Lab, Lch, Farbdifferenz AE und ALab gem\u00e4\u00df dem CIE-Farbraum.","robots":{"index":"index","follow":"follow","max-snippet":"max-snippet:-1","max-image-preview":"max-image-preview:large","max-video-preview":"max-video-preview:-1"},"canonical":"https:\/\/cem-instruments.de\/de\/product\/dt265-farbmessgeraet\/","og_locale":"de_DE","og_type":"article","og_title":"DT-265 Farbmessger\u00e4t - CEM Test Instruments GmbH","og_description":"Das Farbmessger\u00e4t wird in verschiedenen Branchen wie Galvanisierung, Oxidation, Kunststoffzement, Druck, Farbe, Weben und F\u00e4rben weit eingesetzt. Es misst die Farbdaten der Probe wie Lab, Lch, Farbdifferenz AE und ALab gem\u00e4\u00df dem CIE-Farbraum.","og_url":"https:\/\/cem-instruments.de\/de\/product\/dt265-farbmessgeraet\/","og_site_name":"CEM Test Instruments GmbH","article_modified_time":"2025-01-24T23:32:28+00:00","og_image":[{"width":540,"height":720,"url":"https:\/\/res.cloudinary.com\/dathdmgqz\/images\/f_auto,q_auto\/v1729511664\/DT-265_yebgly\/DT-265_yebgly.jpg?_i=AA","type":"image\/jpeg"}],"twitter_card":"summary_large_image","twitter_misc":{"Gesch\u00e4tzte Lesezeit":"2\u00a0Minuten"},"schema":{"@context":"https:\/\/schema.org","@graph":[{"@type":"WebPage","@id":"https:\/\/cem-instruments.de\/de\/product\/dt265-farbmessgeraet\/","url":"https:\/\/cem-instruments.de\/de\/product\/dt265-farbmessgeraet\/","name":"DT-265 Farbmessger\u00e4t - CEM Test Instruments GmbH","isPartOf":{"@id":"https:\/\/cem-instruments.de\/de\/#website"},"primaryImageOfPage":{"@id":"https:\/\/cem-instruments.de\/de\/product\/dt265-farbmessgeraet\/#primaryimage"},"image":{"@id":"https:\/\/cem-instruments.de\/de\/product\/dt265-farbmessgeraet\/#primaryimage"},"thumbnailUrl":"https:\/\/res.cloudinary.com\/dathdmgqz\/images\/f_auto,q_auto\/v1729511664\/DT-265_yebgly\/DT-265_yebgly.jpg?_i=AA","datePublished":"2024-10-22T08:04:37+00:00","dateModified":"2025-01-24T23:32:28+00:00","description":"Das Farbmessger\u00e4t wird in verschiedenen Branchen wie Galvanisierung, Oxidation, Kunststoffzement, Druck, Farbe, Weben und F\u00e4rben weit eingesetzt. Es misst die Farbdaten der Probe wie Lab, Lch, Farbdifferenz AE und ALab gem\u00e4\u00df dem CIE-Farbraum.","breadcrumb":{"@id":"https:\/\/cem-instruments.de\/de\/product\/dt265-farbmessgeraet\/#breadcrumb"},"inLanguage":"de","potentialAction":[{"@type":"ReadAction","target":["https:\/\/cem-instruments.de\/de\/product\/dt265-farbmessgeraet\/"]}]},{"@type":"ImageObject","inLanguage":"de","@id":"https:\/\/cem-instruments.de\/de\/product\/dt265-farbmessgeraet\/#primaryimage","url":"https:\/\/res.cloudinary.com\/dathdmgqz\/images\/f_auto,q_auto\/v1729511664\/DT-265_yebgly\/DT-265_yebgly.jpg?_i=AA","contentUrl":"https:\/\/res.cloudinary.com\/dathdmgqz\/images\/f_auto,q_auto\/v1729511664\/DT-265_yebgly\/DT-265_yebgly.jpg?_i=AA","width":540,"height":720},{"@type":"BreadcrumbList","@id":"https:\/\/cem-instruments.de\/de\/product\/dt265-farbmessgeraet\/#breadcrumb","itemListElement":[{"@type":"ListItem","position":1,"name":"Home","item":"https:\/\/cem-instruments.de\/de\/"},{"@type":"ListItem","position":2,"name":"Products","item":"https:\/\/cem-instruments.de\/de\/shop\/"},{"@type":"ListItem","position":3,"name":"DT-265 Farbmessger\u00e4t"}]},{"@type":"WebSite","@id":"https:\/\/cem-instruments.de\/de\/#website","url":"https:\/\/cem-instruments.de\/de\/","name":"CEM Test Instruments GmbH","description":"CEM Test Instruments GmbH","publisher":{"@id":"https:\/\/cem-instruments.de\/de\/#organization"},"alternateName":"best partner for electronic instruments","potentialAction":[{"@type":"SearchAction","target":{"@type":"EntryPoint","urlTemplate":"https:\/\/cem-instruments.de\/de\/?s={search_term_string}"},"query-input":{"@type":"PropertyValueSpecification","valueRequired":true,"valueName":"search_term_string"}}],"inLanguage":"de"},{"@type":"Organization","@id":"https:\/\/cem-instruments.de\/de\/#organization","name":"CEM Test Instruments GmbH","url":"https:\/\/cem-instruments.de\/de\/","logo":{"@type":"ImageObject","inLanguage":"de","@id":"https:\/\/cem-instruments.de\/de\/#\/schema\/logo\/image\/","url":"https:\/\/res.cloudinary.com\/dathdmgqz\/images\/f_auto,q_auto\/v1728637129\/cropped-2024-10-11-10_57_57-cem-instruments.de-\u2013-CEM-instruments-GmbH\/cropped-2024-10-11-10_57_57-cem-instruments.de-\u2013-CEM-instruments-GmbH.jpg?_i=AA","contentUrl":"https:\/\/res.cloudinary.com\/dathdmgqz\/images\/f_auto,q_auto\/v1728637129\/cropped-2024-10-11-10_57_57-cem-instruments.de-\u2013-CEM-instruments-GmbH\/cropped-2024-10-11-10_57_57-cem-instruments.de-\u2013-CEM-instruments-GmbH.jpg?_i=AA","width":512,"height":512,"caption":"CEM Test Instruments GmbH"},"image":{"@id":"https:\/\/cem-instruments.de\/de\/#\/schema\/logo\/image\/"}}]}},"_links":{"self":[{"href":"https:\/\/cem-instruments.de\/de\/wp-json\/wp\/v2\/product\/31492","targetHints":{"allow":["GET"]}}],"collection":[{"href":"https:\/\/cem-instruments.de\/de\/wp-json\/wp\/v2\/product"}],"about":[{"href":"https:\/\/cem-instruments.de\/de\/wp-json\/wp\/v2\/types\/product"}],"version-history":[{"count":4,"href":"https:\/\/cem-instruments.de\/de\/wp-json\/wp\/v2\/product\/31492\/revisions"}],"predecessor-version":[{"id":32134,"href":"https:\/\/cem-instruments.de\/de\/wp-json\/wp\/v2\/product\/31492\/revisions\/32134"}],"wp:featuredmedia":[{"embeddable":true,"href":"https:\/\/cem-instruments.de\/de\/wp-json\/wp\/v2\/media\/31493"}],"wp:attachment":[{"href":"https:\/\/cem-instruments.de\/de\/wp-json\/wp\/v2\/media?parent=31492"}],"wp:term":[{"taxonomy":"product_brand","embeddable":true,"href":"https:\/\/cem-instruments.de\/de\/wp-json\/wp\/v2\/product_brand?post=31492"},{"taxonomy":"product_cat","embeddable":true,"href":"https:\/\/cem-instruments.de\/de\/wp-json\/wp\/v2\/product_cat?post=31492"},{"taxonomy":"product_tag","embeddable":true,"href":"https:\/\/cem-instruments.de\/de\/wp-json\/wp\/v2\/product_tag?post=31492"}],"curies":[{"name":"wp","href":"https:\/\/api.w.org\/{rel}","templated":true}]}}