{"id":31508,"date":"2024-10-22T10:16:51","date_gmt":"2024-10-22T08:16:51","guid":{"rendered":"https:\/\/cem-instruments.de\/de\/?post_type=product&#038;p=31508"},"modified":"2025-01-25T00:29:07","modified_gmt":"2025-01-24T23:29:07","slug":"laser-distanzmessgeraet","status":"publish","type":"product","link":"https:\/\/cem-instruments.de\/de\/product\/laser-distanzmessgeraet\/","title":{"rendered":"iLDM-30\/50\/LDM-30\/50 Stift-Typ Laser-Distanzmessger\u00e4t"},"content":{"rendered":"\t\t<div data-elementor-type=\"wp-post\" data-elementor-id=\"31508\" class=\"elementor elementor-31508\" data-elementor-post-type=\"product\">\n\t\t\t\t<div class=\"wd-negative-gap elementor-element elementor-element-04b7914 e-flex e-con-boxed e-con e-parent\" data-id=\"04b7914\" data-element_type=\"container\">\n\t\t\t\t\t<div class=\"e-con-inner\">\n\t\t<div class=\"elementor-element elementor-element-4b2515a e-con-full e-flex e-con e-child\" data-id=\"4b2515a\" data-element_type=\"container\">\n\t\t\t\t<div class=\"elementor-element elementor-element-ce8cd50 e-n-tabs-mobile elementor-widget elementor-widget-n-tabs\" data-id=\"ce8cd50\" data-element_type=\"widget\" data-settings=\"{&quot;tabs_justify_horizontal&quot;:&quot;start&quot;,&quot;horizontal_scroll&quot;:&quot;disable&quot;}\" data-widget_type=\"nested-tabs.default\">\n\t\t\t\t<div class=\"elementor-widget-container\">\n\t\t\t\t\t\t\t<div class=\"e-n-tabs\" data-widget-number=\"216583504\" aria-label=\"Tabs. Open items with Enter or Space, close with Escape and navigate using the Arrow keys.\">\n\t\t\t<div class=\"e-n-tabs-heading\" role=\"tablist\">\n\t\t\t\t\t<button id=\"e-n-tab-title-2165835041\" class=\"e-n-tab-title\" aria-selected=\"true\" data-tab-index=\"1\" role=\"tab\" tabindex=\"0\" aria-controls=\"e-n-tab-content-2165835041\" style=\"--n-tabs-title-order: 1;\">\n\t\t\t\t\t\t<span class=\"e-n-tab-title-text\">\n\t\t\t\tDescription\t\t\t<\/span>\n\t\t<\/button>\n\t\t\t\t<button id=\"e-n-tab-title-2165835042\" class=\"e-n-tab-title\" aria-selected=\"false\" data-tab-index=\"2\" role=\"tab\" tabindex=\"-1\" aria-controls=\"e-n-tab-content-2165835042\" style=\"--n-tabs-title-order: 2;\">\n\t\t\t\t\t\t<span class=\"e-n-tab-title-text\">\n\t\t\t\tSpecification\t\t\t<\/span>\n\t\t<\/button>\n\t\t\t\t<button id=\"e-n-tab-title-2165835043\" class=\"e-n-tab-title\" aria-selected=\"false\" data-tab-index=\"3\" role=\"tab\" tabindex=\"-1\" aria-controls=\"e-n-tab-content-2165835043\" style=\"--n-tabs-title-order: 3;\">\n\t\t\t\t\t\t<span class=\"e-n-tab-title-text\">\n\t\t\t\tResources\t\t\t<\/span>\n\t\t<\/button>\n\t\t\t\t\t<\/div>\n\t\t\t<div class=\"e-n-tabs-content\">\n\t\t\t\t<div id=\"e-n-tab-content-2165835041\" role=\"tabpanel\" aria-labelledby=\"e-n-tab-title-2165835041\" data-tab-index=\"1\" style=\"--n-tabs-title-order: 1;\" class=\"e-active elementor-element elementor-element-5b33d3b e-con-full e-flex e-con e-child\" data-id=\"5b33d3b\" data-element_type=\"container\">\n\t\t<div class=\"wd-negative-gap elementor-element elementor-element-b8c7cc5 e-flex e-con-boxed e-con e-child\" data-id=\"b8c7cc5\" data-element_type=\"container\">\n\t\t\t\t\t<div class=\"e-con-inner\">\n\t\t\t\t<div class=\"elementor-element elementor-element-abecca9 elementor-widget elementor-widget-wd_text_block\" data-id=\"abecca9\" data-element_type=\"widget\" data-widget_type=\"wd_text_block.default\">\n\t\t\t\t<div class=\"elementor-widget-container\">\n\t\t\t\t\t\t\t<div class=\"wd-text-block reset-last-child text-left\">\n\t\t\t\n\t\t\t<p>iLDM-30\/50\/LDM-30\/50 Stift-Typ Laser-Distanzmessger\u00e4te sind darauf ausgelegt, einfach als hochpr\u00e4zises Messwerkzeug verwendet zu werden. Das neue kompakte Design passt in jede Tasche und erm\u00f6glicht den sicheren Einsatz an schwer zug\u00e4nglichen Stellen.<\/p><p><strong>Merkmale<\/strong><\/p>\n\t\t\t\t\t<\/div>\n\t\t\t\t\t\t<\/div>\n\t\t\t\t<\/div>\n\t\t\t\t\t<\/div>\n\t\t\t\t<\/div>\n\t\t<div class=\"elementor-element elementor-element-f0deafc e-con-full e-flex e-con e-child\" data-id=\"f0deafc\" data-element_type=\"container\">\n\t\t\t\t<div class=\"elementor-element elementor-element-8fc1a5a elementor-widget elementor-widget-wd_image_or_svg\" data-id=\"8fc1a5a\" data-element_type=\"widget\" data-widget_type=\"wd_image_or_svg.default\">\n\t\t\t\t<div class=\"elementor-widget-container\">\n\t\t\t\t\t\n\t\t<div class=\"wd-image text-left\">\n\t\t\t\t\t\t\t\t<img width=\"388\" height=\"224\" data-public-id=\"a8665a84dfc44d69996873b9de58436_f7hokp\/a8665a84dfc44d69996873b9de58436_f7hokp.png\" fetchpriority=\"high\" decoding=\"async\" src=\"https:\/\/res.cloudinary.com\/dathdmgqz\/images\/w_388,h_224,c_scale\/f_auto,q_auto\/v1729586206\/a8665a84dfc44d69996873b9de58436_f7hokp\/a8665a84dfc44d69996873b9de58436_f7hokp.png?_i=AA\" class=\"attachment-full size-full wp-image-31535\" alt=\"\" data-format=\"png\" data-transformations=\"f_auto,q_auto\" data-version=\"1729586206\" data-seo=\"1\" data-responsive=\"1\" srcset=\"https:\/\/res.cloudinary.com\/dathdmgqz\/images\/w_388,h_224,c_scale\/f_auto,q_auto\/v1729586206\/a8665a84dfc44d69996873b9de58436_f7hokp\/a8665a84dfc44d69996873b9de58436_f7hokp.png?_i=AA 388w, https:\/\/res.cloudinary.com\/dathdmgqz\/images\/w_248,h_143,c_scale\/f_auto,q_auto\/v1729586206\/a8665a84dfc44d69996873b9de58436_f7hokp\/a8665a84dfc44d69996873b9de58436_f7hokp.png?_i=AA 248w\" sizes=\"(max-width: 388px) 100vw, 388px\" \/>\t\t\t\t\t<\/div>\n\n\t\t\t\t\t\t<\/div>\n\t\t\t\t<\/div>\n\t\t\t\t<\/div>\n\t\t\t\t<\/div>\n\t\t<div id=\"e-n-tab-content-2165835042\" role=\"tabpanel\" aria-labelledby=\"e-n-tab-title-2165835042\" data-tab-index=\"2\" style=\"--n-tabs-title-order: 2;\" class=\" elementor-element elementor-element-7cccfc0 e-con-full e-flex e-con e-child\" data-id=\"7cccfc0\" data-element_type=\"container\">\n\t\t\t\t<div class=\"elementor-element elementor-element-9b9c96d elementor-widget elementor-widget-wd_image_or_svg\" data-id=\"9b9c96d\" data-element_type=\"widget\" data-widget_type=\"wd_image_or_svg.default\">\n\t\t\t\t<div class=\"elementor-widget-container\">\n\t\t\t\t\t\n\t\t<div class=\"wd-image text-left\">\n\t\t\t\t\t\t\t\t<img width=\"388\" height=\"259\" data-public-id=\"c87e45287b287a707937312849fe4da_t4sfff\/c87e45287b287a707937312849fe4da_t4sfff.png\" decoding=\"async\" src=\"https:\/\/res.cloudinary.com\/dathdmgqz\/images\/w_388,h_259,c_scale\/f_auto,q_auto\/v1729586207\/c87e45287b287a707937312849fe4da_t4sfff\/c87e45287b287a707937312849fe4da_t4sfff.png?_i=AA\" class=\"attachment-full size-full wp-image-31536\" alt=\"\" data-format=\"png\" data-transformations=\"f_auto,q_auto\" data-version=\"1729586207\" data-seo=\"1\" data-responsive=\"1\" srcset=\"https:\/\/res.cloudinary.com\/dathdmgqz\/images\/w_388,h_259,c_scale\/f_auto,q_auto\/v1729586207\/c87e45287b287a707937312849fe4da_t4sfff\/c87e45287b287a707937312849fe4da_t4sfff.png?_i=AA 388w, https:\/\/res.cloudinary.com\/dathdmgqz\/images\/w_248,h_165,c_scale\/f_auto,q_auto\/v1729586207\/c87e45287b287a707937312849fe4da_t4sfff\/c87e45287b287a707937312849fe4da_t4sfff.png?_i=AA 248w\" sizes=\"(max-width: 388px) 100vw, 388px\" \/>\t\t\t\t\t<\/div>\n\n\t\t\t\t\t\t<\/div>\n\t\t\t\t<\/div>\n\t\t\t\t<\/div>\n\t\t<div id=\"e-n-tab-content-2165835043\" role=\"tabpanel\" aria-labelledby=\"e-n-tab-title-2165835043\" data-tab-index=\"3\" style=\"--n-tabs-title-order: 3;\" class=\" elementor-element elementor-element-ba1ba2b e-con-full e-flex e-con e-child\" data-id=\"ba1ba2b\" data-element_type=\"container\">\n\t\t<div class=\"elementor-element elementor-element-1f743c7 e-con-full e-flex e-con e-child\" data-id=\"1f743c7\" data-element_type=\"container\">\n\t\t\t\t<div class=\"elementor-element elementor-element-3c85b53 elementor-widget elementor-widget-wd_list\" data-id=\"3c85b53\" data-element_type=\"widget\" data-widget_type=\"wd_list.default\">\n\t\t\t\t<div class=\"elementor-widget-container\">\n\t\t\t\t\t\t\t<ul class=\"wd-list color-scheme- wd-fontsize-xs wd-type-icon wd-style-default text-left\">\n\t\t\t\t\t\t\t\t\t\t\t<li class=\"elementor-repeater-item-fe163c2\">\n\t\t\t\t\t\t\t\t\t\t\t<span class=\"wd-icon\"><svg class=\"e-font-icon-svg e-fas-star\" viewBox=\"0 0 576 512\" xmlns=\"http:\/\/www.w3.org\/2000\/svg\"><path d=\"M259.3 17.8L194 150.2 47.9 171.5c-26.2 3.8-36.7 36.1-17.7 54.6l105.7 103-25 145.5c-4.5 26.3 23.2 46 46.4 33.7L288 439.6l130.7 68.7c23.2 12.2 50.9-7.4 46.4-33.7l-25-145.5 105.7-103c19-18.5 8.5-50.8-17.7-54.6L382 150.2 316.7 17.8c-11.7-23.6-45.6-23.9-57.4 0z\"><\/path><\/svg><\/span>\t\t\t\t\t\n\t\t\t\t\t<span class=\"wd-list-content list-content\">\n\t\t\t\t\t\tapplication note\t\t\t\t\t<\/span>\n\n\t\t\t\t\t\t\t\t\t<\/li>\n\t\t\t\t\t<\/ul>\n\n\t\t\t\t\t\t<\/div>\n\t\t\t\t<\/div>\n\t\t\t\t<div class=\"elementor-element elementor-element-c83161d elementor-widget elementor-widget-wd_list\" data-id=\"c83161d\" data-element_type=\"widget\" data-widget_type=\"wd_list.default\">\n\t\t\t\t<div class=\"elementor-widget-container\">\n\t\t\t\t\t\t\t<ul class=\"wd-list color-scheme-custom wd-fontsize-xs wd-type-icon wd-style-default text-left\">\n\t\t\t\t\t\t\t\t\t\t\t<li class=\"elementor-repeater-item-fe163c2\">\n\t\t\t\t\t\t\t\t\t\t\t<span class=\"wd-icon\"><svg class=\"e-font-icon-svg e-fas-star\" viewBox=\"0 0 576 512\" xmlns=\"http:\/\/www.w3.org\/2000\/svg\"><path d=\"M259.3 17.8L194 150.2 47.9 171.5c-26.2 3.8-36.7 36.1-17.7 54.6l105.7 103-25 145.5c-4.5 26.3 23.2 46 46.4 33.7L288 439.6l130.7 68.7c23.2 12.2 50.9-7.4 46.4-33.7l-25-145.5 105.7-103c19-18.5 8.5-50.8-17.7-54.6L382 150.2 316.7 17.8c-11.7-23.6-45.6-23.9-57.4 0z\"><\/path><\/svg><\/span>\t\t\t\t\t\n\t\t\t\t\t<span class=\"wd-list-content list-content\">\n\t\t\t\t\t\tdatasheet\t\t\t\t\t<\/span>\n\n\t\t\t\t\t\t\t\t\t<\/li>\n\t\t\t\t\t\t\t\t\t\t\t<li class=\"elementor-repeater-item-66113ab\">\n\t\t\t\t\t\t\t\t\t\t\t<span class=\"wd-icon\"><svg class=\"e-font-icon-svg e-fas-star\" viewBox=\"0 0 576 512\" xmlns=\"http:\/\/www.w3.org\/2000\/svg\"><path d=\"M259.3 17.8L194 150.2 47.9 171.5c-26.2 3.8-36.7 36.1-17.7 54.6l105.7 103-25 145.5c-4.5 26.3 23.2 46 46.4 33.7L288 439.6l130.7 68.7c23.2 12.2 50.9-7.4 46.4-33.7l-25-145.5 105.7-103c19-18.5 8.5-50.8-17.7-54.6L382 150.2 316.7 17.8c-11.7-23.6-45.6-23.9-57.4 0z\"><\/path><\/svg><\/span>\t\t\t\t\t\n\t\t\t\t\t<span class=\"wd-list-content list-content\">\n\t\t\t\t\t\tuser manual\t\t\t\t\t<\/span>\n\n\t\t\t\t\t\t\t\t\t<\/li>\n\t\t\t\t\t<\/ul>\n\n\t\t\t\t\t\t<\/div>\n\t\t\t\t<\/div>\n\t\t\t\t<\/div>\n\t\t<div class=\"elementor-element elementor-element-3b68219 e-con-full e-flex e-con e-child\" data-id=\"3b68219\" data-element_type=\"container\">\n\t\t\t\t<\/div>\n\t\t\t\t<\/div>\n\t\t\t\t\t<\/div>\n\t\t<\/div>\n\t\t\t\t\t\t<\/div>\n\t\t\t\t<\/div>\n\t\t\t\t<\/div>\n\t\t\t\t\t<\/div>\n\t\t\t\t<\/div>\n\t\t\t\t<\/div>\n\t\t","protected":false},"excerpt":{"rendered":"<p>iLDM-30\/50\/LDM-30\/50 Stift-Typ Laser-Distanzmessger\u00e4te sind darauf ausgelegt, einfach als hochpr\u00e4zises Messwerkzeug verwendet zu werden. Das neue kompakte Design passt in jede Tasche und erm\u00f6glicht den sicheren Einsatz an schwer zug\u00e4nglichen Stellen.<\/p>\n","protected":false},"featured_media":31532,"template":"","meta":{"_cloudinary_featured_overwrite":false},"product_brand":[],"product_cat":[365,400],"product_tag":[],"class_list":{"0":"post-31508","1":"product","2":"type-product","3":"status-publish","4":"has-post-thumbnail","6":"product_cat-building_infrastructure_tools","7":"product_cat-laser_distance_meters","9":"first","10":"instock","11":"shipping-taxable","12":"product-type-simple"},"yoast_head":"<!-- This site is optimized with the Yoast SEO plugin v24.3 - https:\/\/yoast.com\/wordpress\/plugins\/seo\/ -->\n<title>iLDM-30\/50\/LDM-30\/50 Stift-Typ Laser-Distanzmessger\u00e4t - CEM Test Instruments GmbH<\/title>\n<meta name=\"description\" content=\"iLDM-30\/50\/LDM-30\/50 Stift-Typ Laser-Distanzmessger\u00e4te sind darauf ausgelegt, einfach als hochpr\u00e4zises Messwerkzeug verwendet zu werden. Das neue kompakte Design passt in jede Tasche und erm\u00f6glicht den sicheren Einsatz an schwer zug\u00e4nglichen Stellen.\" \/>\n<meta name=\"robots\" content=\"index, follow, max-snippet:-1, max-image-preview:large, max-video-preview:-1\" \/>\n<link rel=\"canonical\" href=\"https:\/\/cem-instruments.de\/de\/product\/laser-distanzmessgeraet\/\" \/>\n<meta property=\"og:locale\" content=\"de_DE\" \/>\n<meta property=\"og:type\" content=\"article\" \/>\n<meta property=\"og:title\" content=\"iLDM-30\/50\/LDM-30\/50 Stift-Typ Laser-Distanzmessger\u00e4t - CEM Test Instruments GmbH\" \/>\n<meta property=\"og:description\" content=\"iLDM-30\/50\/LDM-30\/50 Stift-Typ Laser-Distanzmessger\u00e4te sind darauf ausgelegt, einfach als hochpr\u00e4zises Messwerkzeug verwendet zu werden. Das neue kompakte Design passt in jede Tasche und erm\u00f6glicht den sicheren Einsatz an schwer zug\u00e4nglichen Stellen.\" \/>\n<meta property=\"og:url\" content=\"https:\/\/cem-instruments.de\/de\/product\/laser-distanzmessgeraet\/\" \/>\n<meta property=\"og:site_name\" content=\"CEM Test Instruments GmbH\" \/>\n<meta property=\"article:modified_time\" content=\"2025-01-24T23:29:07+00:00\" \/>\n<meta property=\"og:image\" content=\"https:\/\/res.cloudinary.com\/dathdmgqz\/images\/f_auto,q_auto\/v1729586206\/LDM-50_osm7ln\/LDM-50_osm7ln.jpg?_i=AA\" \/>\n\t<meta property=\"og:image:width\" content=\"540\" \/>\n\t<meta property=\"og:image:height\" content=\"720\" \/>\n\t<meta property=\"og:image:type\" content=\"image\/jpeg\" \/>\n<meta name=\"twitter:card\" content=\"summary_large_image\" \/>\n<meta name=\"twitter:label1\" content=\"Gesch\u00e4tzte Lesezeit\" \/>\n\t<meta name=\"twitter:data1\" content=\"2\u00a0Minuten\" \/>\n<script type=\"application\/ld+json\" class=\"yoast-schema-graph\">{\"@context\":\"https:\/\/schema.org\",\"@graph\":[{\"@type\":\"WebPage\",\"@id\":\"https:\/\/cem-instruments.de\/de\/product\/laser-distanzmessgeraet\/\",\"url\":\"https:\/\/cem-instruments.de\/de\/product\/laser-distanzmessgeraet\/\",\"name\":\"iLDM-30\/50\/LDM-30\/50 Stift-Typ Laser-Distanzmessger\u00e4t - CEM Test Instruments GmbH\",\"isPartOf\":{\"@id\":\"https:\/\/cem-instruments.de\/de\/#website\"},\"primaryImageOfPage\":{\"@id\":\"https:\/\/cem-instruments.de\/de\/product\/laser-distanzmessgeraet\/#primaryimage\"},\"image\":{\"@id\":\"https:\/\/cem-instruments.de\/de\/product\/laser-distanzmessgeraet\/#primaryimage\"},\"thumbnailUrl\":\"https:\/\/res.cloudinary.com\/dathdmgqz\/images\/f_auto,q_auto\/v1729586206\/LDM-50_osm7ln\/LDM-50_osm7ln.jpg?_i=AA\",\"datePublished\":\"2024-10-22T08:16:51+00:00\",\"dateModified\":\"2025-01-24T23:29:07+00:00\",\"description\":\"iLDM-30\/50\/LDM-30\/50 Stift-Typ Laser-Distanzmessger\u00e4te sind darauf ausgelegt, einfach als hochpr\u00e4zises Messwerkzeug verwendet zu werden. Das neue kompakte Design passt in jede Tasche und erm\u00f6glicht den sicheren Einsatz an schwer zug\u00e4nglichen Stellen.\",\"breadcrumb\":{\"@id\":\"https:\/\/cem-instruments.de\/de\/product\/laser-distanzmessgeraet\/#breadcrumb\"},\"inLanguage\":\"de\",\"potentialAction\":[{\"@type\":\"ReadAction\",\"target\":[\"https:\/\/cem-instruments.de\/de\/product\/laser-distanzmessgeraet\/\"]}]},{\"@type\":\"ImageObject\",\"inLanguage\":\"de\",\"@id\":\"https:\/\/cem-instruments.de\/de\/product\/laser-distanzmessgeraet\/#primaryimage\",\"url\":\"https:\/\/res.cloudinary.com\/dathdmgqz\/images\/f_auto,q_auto\/v1729586206\/LDM-50_osm7ln\/LDM-50_osm7ln.jpg?_i=AA\",\"contentUrl\":\"https:\/\/res.cloudinary.com\/dathdmgqz\/images\/f_auto,q_auto\/v1729586206\/LDM-50_osm7ln\/LDM-50_osm7ln.jpg?_i=AA\",\"width\":540,\"height\":720},{\"@type\":\"BreadcrumbList\",\"@id\":\"https:\/\/cem-instruments.de\/de\/product\/laser-distanzmessgeraet\/#breadcrumb\",\"itemListElement\":[{\"@type\":\"ListItem\",\"position\":1,\"name\":\"Home\",\"item\":\"https:\/\/cem-instruments.de\/de\/\"},{\"@type\":\"ListItem\",\"position\":2,\"name\":\"Products\",\"item\":\"https:\/\/cem-instruments.de\/de\/shop\/\"},{\"@type\":\"ListItem\",\"position\":3,\"name\":\"iLDM-30\/50\/LDM-30\/50 Stift-Typ Laser-Distanzmessger\u00e4t\"}]},{\"@type\":\"WebSite\",\"@id\":\"https:\/\/cem-instruments.de\/de\/#website\",\"url\":\"https:\/\/cem-instruments.de\/de\/\",\"name\":\"CEM Test Instruments GmbH\",\"description\":\"CEM Test Instruments GmbH\",\"publisher\":{\"@id\":\"https:\/\/cem-instruments.de\/de\/#organization\"},\"alternateName\":\"best partner for electronic instruments\",\"potentialAction\":[{\"@type\":\"SearchAction\",\"target\":{\"@type\":\"EntryPoint\",\"urlTemplate\":\"https:\/\/cem-instruments.de\/de\/?s={search_term_string}\"},\"query-input\":{\"@type\":\"PropertyValueSpecification\",\"valueRequired\":true,\"valueName\":\"search_term_string\"}}],\"inLanguage\":\"de\"},{\"@type\":\"Organization\",\"@id\":\"https:\/\/cem-instruments.de\/de\/#organization\",\"name\":\"CEM Test Instruments GmbH\",\"url\":\"https:\/\/cem-instruments.de\/de\/\",\"logo\":{\"@type\":\"ImageObject\",\"inLanguage\":\"de\",\"@id\":\"https:\/\/cem-instruments.de\/de\/#\/schema\/logo\/image\/\",\"url\":\"https:\/\/res.cloudinary.com\/dathdmgqz\/images\/f_auto,q_auto\/v1728637129\/cropped-2024-10-11-10_57_57-cem-instruments.de-\u2013-CEM-instruments-GmbH\/cropped-2024-10-11-10_57_57-cem-instruments.de-\u2013-CEM-instruments-GmbH.jpg?_i=AA\",\"contentUrl\":\"https:\/\/res.cloudinary.com\/dathdmgqz\/images\/f_auto,q_auto\/v1728637129\/cropped-2024-10-11-10_57_57-cem-instruments.de-\u2013-CEM-instruments-GmbH\/cropped-2024-10-11-10_57_57-cem-instruments.de-\u2013-CEM-instruments-GmbH.jpg?_i=AA\",\"width\":512,\"height\":512,\"caption\":\"CEM Test Instruments GmbH\"},\"image\":{\"@id\":\"https:\/\/cem-instruments.de\/de\/#\/schema\/logo\/image\/\"}}]}<\/script>\n<!-- \/ Yoast SEO plugin. -->","yoast_head_json":{"title":"iLDM-30\/50\/LDM-30\/50 Stift-Typ Laser-Distanzmessger\u00e4t - CEM Test Instruments GmbH","description":"iLDM-30\/50\/LDM-30\/50 Stift-Typ Laser-Distanzmessger\u00e4te sind darauf ausgelegt, einfach als hochpr\u00e4zises Messwerkzeug verwendet zu werden. Das neue kompakte Design passt in jede Tasche und erm\u00f6glicht den sicheren Einsatz an schwer zug\u00e4nglichen Stellen.","robots":{"index":"index","follow":"follow","max-snippet":"max-snippet:-1","max-image-preview":"max-image-preview:large","max-video-preview":"max-video-preview:-1"},"canonical":"https:\/\/cem-instruments.de\/de\/product\/laser-distanzmessgeraet\/","og_locale":"de_DE","og_type":"article","og_title":"iLDM-30\/50\/LDM-30\/50 Stift-Typ Laser-Distanzmessger\u00e4t - CEM Test Instruments GmbH","og_description":"iLDM-30\/50\/LDM-30\/50 Stift-Typ Laser-Distanzmessger\u00e4te sind darauf ausgelegt, einfach als hochpr\u00e4zises Messwerkzeug verwendet zu werden. Das neue kompakte Design passt in jede Tasche und erm\u00f6glicht den sicheren Einsatz an schwer zug\u00e4nglichen Stellen.","og_url":"https:\/\/cem-instruments.de\/de\/product\/laser-distanzmessgeraet\/","og_site_name":"CEM Test Instruments GmbH","article_modified_time":"2025-01-24T23:29:07+00:00","og_image":[{"width":540,"height":720,"url":"https:\/\/res.cloudinary.com\/dathdmgqz\/images\/f_auto,q_auto\/v1729586206\/LDM-50_osm7ln\/LDM-50_osm7ln.jpg?_i=AA","type":"image\/jpeg"}],"twitter_card":"summary_large_image","twitter_misc":{"Gesch\u00e4tzte Lesezeit":"2\u00a0Minuten"},"schema":{"@context":"https:\/\/schema.org","@graph":[{"@type":"WebPage","@id":"https:\/\/cem-instruments.de\/de\/product\/laser-distanzmessgeraet\/","url":"https:\/\/cem-instruments.de\/de\/product\/laser-distanzmessgeraet\/","name":"iLDM-30\/50\/LDM-30\/50 Stift-Typ Laser-Distanzmessger\u00e4t - CEM Test Instruments GmbH","isPartOf":{"@id":"https:\/\/cem-instruments.de\/de\/#website"},"primaryImageOfPage":{"@id":"https:\/\/cem-instruments.de\/de\/product\/laser-distanzmessgeraet\/#primaryimage"},"image":{"@id":"https:\/\/cem-instruments.de\/de\/product\/laser-distanzmessgeraet\/#primaryimage"},"thumbnailUrl":"https:\/\/res.cloudinary.com\/dathdmgqz\/images\/f_auto,q_auto\/v1729586206\/LDM-50_osm7ln\/LDM-50_osm7ln.jpg?_i=AA","datePublished":"2024-10-22T08:16:51+00:00","dateModified":"2025-01-24T23:29:07+00:00","description":"iLDM-30\/50\/LDM-30\/50 Stift-Typ Laser-Distanzmessger\u00e4te sind darauf ausgelegt, einfach als hochpr\u00e4zises Messwerkzeug verwendet zu werden. Das neue kompakte Design passt in jede Tasche und erm\u00f6glicht den sicheren Einsatz an schwer zug\u00e4nglichen Stellen.","breadcrumb":{"@id":"https:\/\/cem-instruments.de\/de\/product\/laser-distanzmessgeraet\/#breadcrumb"},"inLanguage":"de","potentialAction":[{"@type":"ReadAction","target":["https:\/\/cem-instruments.de\/de\/product\/laser-distanzmessgeraet\/"]}]},{"@type":"ImageObject","inLanguage":"de","@id":"https:\/\/cem-instruments.de\/de\/product\/laser-distanzmessgeraet\/#primaryimage","url":"https:\/\/res.cloudinary.com\/dathdmgqz\/images\/f_auto,q_auto\/v1729586206\/LDM-50_osm7ln\/LDM-50_osm7ln.jpg?_i=AA","contentUrl":"https:\/\/res.cloudinary.com\/dathdmgqz\/images\/f_auto,q_auto\/v1729586206\/LDM-50_osm7ln\/LDM-50_osm7ln.jpg?_i=AA","width":540,"height":720},{"@type":"BreadcrumbList","@id":"https:\/\/cem-instruments.de\/de\/product\/laser-distanzmessgeraet\/#breadcrumb","itemListElement":[{"@type":"ListItem","position":1,"name":"Home","item":"https:\/\/cem-instruments.de\/de\/"},{"@type":"ListItem","position":2,"name":"Products","item":"https:\/\/cem-instruments.de\/de\/shop\/"},{"@type":"ListItem","position":3,"name":"iLDM-30\/50\/LDM-30\/50 Stift-Typ Laser-Distanzmessger\u00e4t"}]},{"@type":"WebSite","@id":"https:\/\/cem-instruments.de\/de\/#website","url":"https:\/\/cem-instruments.de\/de\/","name":"CEM Test Instruments GmbH","description":"CEM Test Instruments GmbH","publisher":{"@id":"https:\/\/cem-instruments.de\/de\/#organization"},"alternateName":"best partner for electronic instruments","potentialAction":[{"@type":"SearchAction","target":{"@type":"EntryPoint","urlTemplate":"https:\/\/cem-instruments.de\/de\/?s={search_term_string}"},"query-input":{"@type":"PropertyValueSpecification","valueRequired":true,"valueName":"search_term_string"}}],"inLanguage":"de"},{"@type":"Organization","@id":"https:\/\/cem-instruments.de\/de\/#organization","name":"CEM Test Instruments GmbH","url":"https:\/\/cem-instruments.de\/de\/","logo":{"@type":"ImageObject","inLanguage":"de","@id":"https:\/\/cem-instruments.de\/de\/#\/schema\/logo\/image\/","url":"https:\/\/res.cloudinary.com\/dathdmgqz\/images\/f_auto,q_auto\/v1728637129\/cropped-2024-10-11-10_57_57-cem-instruments.de-\u2013-CEM-instruments-GmbH\/cropped-2024-10-11-10_57_57-cem-instruments.de-\u2013-CEM-instruments-GmbH.jpg?_i=AA","contentUrl":"https:\/\/res.cloudinary.com\/dathdmgqz\/images\/f_auto,q_auto\/v1728637129\/cropped-2024-10-11-10_57_57-cem-instruments.de-\u2013-CEM-instruments-GmbH\/cropped-2024-10-11-10_57_57-cem-instruments.de-\u2013-CEM-instruments-GmbH.jpg?_i=AA","width":512,"height":512,"caption":"CEM Test Instruments GmbH"},"image":{"@id":"https:\/\/cem-instruments.de\/de\/#\/schema\/logo\/image\/"}}]}},"_links":{"self":[{"href":"https:\/\/cem-instruments.de\/de\/wp-json\/wp\/v2\/product\/31508","targetHints":{"allow":["GET"]}}],"collection":[{"href":"https:\/\/cem-instruments.de\/de\/wp-json\/wp\/v2\/product"}],"about":[{"href":"https:\/\/cem-instruments.de\/de\/wp-json\/wp\/v2\/types\/product"}],"version-history":[{"count":5,"href":"https:\/\/cem-instruments.de\/de\/wp-json\/wp\/v2\/product\/31508\/revisions"}],"predecessor-version":[{"id":32125,"href":"https:\/\/cem-instruments.de\/de\/wp-json\/wp\/v2\/product\/31508\/revisions\/32125"}],"wp:featuredmedia":[{"embeddable":true,"href":"https:\/\/cem-instruments.de\/de\/wp-json\/wp\/v2\/media\/31532"}],"wp:attachment":[{"href":"https:\/\/cem-instruments.de\/de\/wp-json\/wp\/v2\/media?parent=31508"}],"wp:term":[{"taxonomy":"product_brand","embeddable":true,"href":"https:\/\/cem-instruments.de\/de\/wp-json\/wp\/v2\/product_brand?post=31508"},{"taxonomy":"product_cat","embeddable":true,"href":"https:\/\/cem-instruments.de\/de\/wp-json\/wp\/v2\/product_cat?post=31508"},{"taxonomy":"product_tag","embeddable":true,"href":"https:\/\/cem-instruments.de\/de\/wp-json\/wp\/v2\/product_tag?post=31508"}],"curies":[{"name":"wp","href":"https:\/\/api.w.org\/{rel}","templated":true}]}}