{"id":31514,"date":"2024-10-22T10:20:34","date_gmt":"2024-10-22T08:20:34","guid":{"rendered":"https:\/\/cem-instruments.de\/de\/?post_type=product&#038;p=31514"},"modified":"2025-01-25T00:27:17","modified_gmt":"2025-01-24T23:27:17","slug":"ildm-distanzmessgeraet","status":"publish","type":"product","link":"https:\/\/cem-instruments.de\/de\/product\/ildm-distanzmessgeraet\/","title":{"rendered":"iLDM-150\/100H\/120H\/150H\/160H LDM-H Serie Professionelles Laser-Distanzmessger\u00e4t f\u00fcr den Au\u00dfeneinsatz"},"content":{"rendered":"\t\t<div data-elementor-type=\"wp-post\" data-elementor-id=\"31514\" class=\"elementor elementor-31514\" data-elementor-post-type=\"product\">\n\t\t\t\t<div class=\"wd-negative-gap elementor-element elementor-element-8dd00ab e-flex e-con-boxed e-con e-parent\" data-id=\"8dd00ab\" data-element_type=\"container\">\n\t\t\t\t\t<div class=\"e-con-inner\">\n\t\t<div class=\"elementor-element elementor-element-8d7f140 e-con-full e-flex e-con e-child\" data-id=\"8d7f140\" data-element_type=\"container\">\n\t\t\t\t<div class=\"elementor-element elementor-element-7f7690f e-n-tabs-mobile elementor-widget elementor-widget-n-tabs\" data-id=\"7f7690f\" data-element_type=\"widget\" data-settings=\"{&quot;tabs_justify_horizontal&quot;:&quot;start&quot;,&quot;horizontal_scroll&quot;:&quot;disable&quot;}\" data-widget_type=\"nested-tabs.default\">\n\t\t\t\t<div class=\"elementor-widget-container\">\n\t\t\t\t\t\t\t<div class=\"e-n-tabs\" data-widget-number=\"133654799\" aria-label=\"Tabs. Open items with Enter or Space, close with Escape and navigate using the Arrow keys.\">\n\t\t\t<div class=\"e-n-tabs-heading\" role=\"tablist\">\n\t\t\t\t\t<button id=\"e-n-tab-title-1336547991\" class=\"e-n-tab-title\" aria-selected=\"true\" data-tab-index=\"1\" role=\"tab\" tabindex=\"0\" aria-controls=\"e-n-tab-content-1336547991\" style=\"--n-tabs-title-order: 1;\">\n\t\t\t\t\t\t<span class=\"e-n-tab-title-text\">\n\t\t\t\tDescription\t\t\t<\/span>\n\t\t<\/button>\n\t\t\t\t<button id=\"e-n-tab-title-1336547992\" class=\"e-n-tab-title\" aria-selected=\"false\" data-tab-index=\"2\" role=\"tab\" tabindex=\"-1\" aria-controls=\"e-n-tab-content-1336547992\" style=\"--n-tabs-title-order: 2;\">\n\t\t\t\t\t\t<span class=\"e-n-tab-title-text\">\n\t\t\t\tSpecification\t\t\t<\/span>\n\t\t<\/button>\n\t\t\t\t<button id=\"e-n-tab-title-1336547993\" class=\"e-n-tab-title\" aria-selected=\"false\" data-tab-index=\"3\" role=\"tab\" tabindex=\"-1\" aria-controls=\"e-n-tab-content-1336547993\" style=\"--n-tabs-title-order: 3;\">\n\t\t\t\t\t\t<span class=\"e-n-tab-title-text\">\n\t\t\t\tResources\t\t\t<\/span>\n\t\t<\/button>\n\t\t\t\t\t<\/div>\n\t\t\t<div class=\"e-n-tabs-content\">\n\t\t\t\t<div id=\"e-n-tab-content-1336547991\" role=\"tabpanel\" aria-labelledby=\"e-n-tab-title-1336547991\" data-tab-index=\"1\" style=\"--n-tabs-title-order: 1;\" class=\"e-active elementor-element elementor-element-c6aa906 e-con-full e-flex e-con e-child\" data-id=\"c6aa906\" data-element_type=\"container\">\n\t\t<div class=\"wd-negative-gap elementor-element elementor-element-68387fa e-flex e-con-boxed e-con e-child\" data-id=\"68387fa\" data-element_type=\"container\">\n\t\t\t\t\t<div class=\"e-con-inner\">\n\t\t\t\t<div class=\"elementor-element elementor-element-15695f7 elementor-widget elementor-widget-wd_text_block\" data-id=\"15695f7\" data-element_type=\"widget\" data-widget_type=\"wd_text_block.default\">\n\t\t\t\t<div class=\"elementor-widget-container\">\n\t\t\t\t\t\t\t<div class=\"wd-text-block reset-last-child text-left\">\n\t\t\t\n\t\t\t<p>Diese professionellen Laser-Distanzmessger\u00e4te sind darauf ausgelegt, speziellen Nutzern ein hochpr\u00e4zises, einh\u00e4ndiges Distanzmess- und Sch\u00e4tzwerkzeug zu bieten, um entfernte und schwer erreichbare Stellen zu messen. Die LDM-H Serie verbessert die Messf\u00e4higkeit f\u00fcr den Au\u00dfeneinsatz. Schnellzugriffstasten f\u00fcr Addition, Subtraktion, Pythagoras, Fl\u00e4chen- und Volumenberechnung machen das Messen schnell und sehr zuverl\u00e4ssig. Die letzten 20 Messungen werden ebenfalls gespeichert.<\/p><p><strong>Merkmale<\/strong><\/p>\n\t\t\t\t\t<\/div>\n\t\t\t\t\t\t<\/div>\n\t\t\t\t<\/div>\n\t\t\t\t\t<\/div>\n\t\t\t\t<\/div>\n\t\t<div class=\"elementor-element elementor-element-89ce6fe e-con-full e-flex e-con e-child\" data-id=\"89ce6fe\" data-element_type=\"container\">\n\t\t\t\t<div class=\"elementor-element elementor-element-ca71dea elementor-widget elementor-widget-wd_image_or_svg\" data-id=\"ca71dea\" data-element_type=\"widget\" data-widget_type=\"wd_image_or_svg.default\">\n\t\t\t\t<div class=\"elementor-widget-container\">\n\t\t\t\t\t\n\t\t<div class=\"wd-image text-left\">\n\t\t\t\t\t\t\t\t<img width=\"266\" height=\"259\" data-public-id=\"07ee212f778eec60ca7403687f2221b_k8w1qd\/07ee212f778eec60ca7403687f2221b_k8w1qd.png\" fetchpriority=\"high\" decoding=\"async\" src=\"https:\/\/res.cloudinary.com\/dathdmgqz\/images\/w_266,h_259,c_scale\/f_auto,q_auto\/v1729511664\/07ee212f778eec60ca7403687f2221b_k8w1qd\/07ee212f778eec60ca7403687f2221b_k8w1qd.png?_i=AA\" class=\"attachment-full size-full wp-image-31518\" alt=\"\" data-format=\"png\" data-transformations=\"f_auto,q_auto\" data-version=\"1729511664\" data-seo=\"1\" data-responsive=\"1\" srcset=\"https:\/\/res.cloudinary.com\/dathdmgqz\/images\/w_266,h_259,c_scale\/f_auto,q_auto\/v1729511664\/07ee212f778eec60ca7403687f2221b_k8w1qd\/07ee212f778eec60ca7403687f2221b_k8w1qd.png?_i=AA 266w, https:\/\/res.cloudinary.com\/dathdmgqz\/images\/w_248,h_241,c_scale\/f_auto,q_auto\/v1729511664\/07ee212f778eec60ca7403687f2221b_k8w1qd\/07ee212f778eec60ca7403687f2221b_k8w1qd.png?_i=AA 248w\" sizes=\"(max-width: 266px) 100vw, 266px\" \/>\t\t\t\t\t<\/div>\n\n\t\t\t\t\t\t<\/div>\n\t\t\t\t<\/div>\n\t\t\t\t<\/div>\n\t\t\t\t<\/div>\n\t\t<div id=\"e-n-tab-content-1336547992\" role=\"tabpanel\" aria-labelledby=\"e-n-tab-title-1336547992\" data-tab-index=\"2\" style=\"--n-tabs-title-order: 2;\" class=\" elementor-element elementor-element-2c48d0d e-con-full e-flex e-con e-child\" data-id=\"2c48d0d\" data-element_type=\"container\">\n\t\t\t\t<div class=\"elementor-element elementor-element-fe981e3 elementor-widget elementor-widget-wd_image_or_svg\" data-id=\"fe981e3\" data-element_type=\"widget\" data-widget_type=\"wd_image_or_svg.default\">\n\t\t\t\t<div class=\"elementor-widget-container\">\n\t\t\t\t\t\n\t\t<div class=\"wd-image text-left\">\n\t\t\t\t\t\t\t\t<img width=\"578\" height=\"197\" data-public-id=\"96bfc58eeec3ac20a8e8840526f3fb7_bzqfq7\/96bfc58eeec3ac20a8e8840526f3fb7_bzqfq7.png\" decoding=\"async\" src=\"https:\/\/res.cloudinary.com\/dathdmgqz\/images\/w_578,h_197,c_scale\/f_auto,q_auto\/v1729511665\/96bfc58eeec3ac20a8e8840526f3fb7_bzqfq7\/96bfc58eeec3ac20a8e8840526f3fb7_bzqfq7.png?_i=AA\" class=\"attachment-full size-full wp-image-31519\" alt=\"\" data-format=\"png\" data-transformations=\"f_auto,q_auto\" data-version=\"1729511665\" data-seo=\"1\" data-responsive=\"1\" srcset=\"https:\/\/res.cloudinary.com\/dathdmgqz\/images\/w_578,h_197,c_scale\/f_auto,q_auto\/v1729511665\/96bfc58eeec3ac20a8e8840526f3fb7_bzqfq7\/96bfc58eeec3ac20a8e8840526f3fb7_bzqfq7.png?_i=AA 578w, https:\/\/res.cloudinary.com\/dathdmgqz\/images\/w_448,h_152,c_scale\/f_auto,q_auto\/v1729511665\/96bfc58eeec3ac20a8e8840526f3fb7_bzqfq7\/96bfc58eeec3ac20a8e8840526f3fb7_bzqfq7.png?_i=AA 448w, https:\/\/res.cloudinary.com\/dathdmgqz\/images\/w_248,h_84,c_scale\/f_auto,q_auto\/v1729511665\/96bfc58eeec3ac20a8e8840526f3fb7_bzqfq7\/96bfc58eeec3ac20a8e8840526f3fb7_bzqfq7.png?_i=AA 248w\" sizes=\"(max-width: 578px) 100vw, 578px\" \/>\t\t\t\t\t<\/div>\n\n\t\t\t\t\t\t<\/div>\n\t\t\t\t<\/div>\n\t\t\t\t<\/div>\n\t\t<div id=\"e-n-tab-content-1336547993\" role=\"tabpanel\" aria-labelledby=\"e-n-tab-title-1336547993\" data-tab-index=\"3\" style=\"--n-tabs-title-order: 3;\" class=\" elementor-element elementor-element-5719a90 e-con-full e-flex e-con e-child\" data-id=\"5719a90\" data-element_type=\"container\">\n\t\t<div class=\"elementor-element elementor-element-c11080d e-con-full e-flex e-con e-child\" data-id=\"c11080d\" data-element_type=\"container\">\n\t\t\t\t<div class=\"elementor-element elementor-element-e28f24e elementor-widget elementor-widget-wd_list\" data-id=\"e28f24e\" data-element_type=\"widget\" data-widget_type=\"wd_list.default\">\n\t\t\t\t<div class=\"elementor-widget-container\">\n\t\t\t\t\t\t\t<ul class=\"wd-list color-scheme- wd-fontsize-xs wd-type-icon wd-style-default text-left\">\n\t\t\t\t\t\t\t\t\t\t\t<li class=\"elementor-repeater-item-fe163c2\">\n\t\t\t\t\t\t\t\t\t\t\t<span class=\"wd-icon\"><svg class=\"e-font-icon-svg e-fas-star\" viewBox=\"0 0 576 512\" xmlns=\"http:\/\/www.w3.org\/2000\/svg\"><path d=\"M259.3 17.8L194 150.2 47.9 171.5c-26.2 3.8-36.7 36.1-17.7 54.6l105.7 103-25 145.5c-4.5 26.3 23.2 46 46.4 33.7L288 439.6l130.7 68.7c23.2 12.2 50.9-7.4 46.4-33.7l-25-145.5 105.7-103c19-18.5 8.5-50.8-17.7-54.6L382 150.2 316.7 17.8c-11.7-23.6-45.6-23.9-57.4 0z\"><\/path><\/svg><\/span>\t\t\t\t\t\n\t\t\t\t\t<span class=\"wd-list-content list-content\">\n\t\t\t\t\t\tapplication note\t\t\t\t\t<\/span>\n\n\t\t\t\t\t\t\t\t\t<\/li>\n\t\t\t\t\t<\/ul>\n\n\t\t\t\t\t\t<\/div>\n\t\t\t\t<\/div>\n\t\t\t\t<div class=\"elementor-element elementor-element-fc8e07b elementor-widget elementor-widget-wd_list\" data-id=\"fc8e07b\" data-element_type=\"widget\" data-widget_type=\"wd_list.default\">\n\t\t\t\t<div class=\"elementor-widget-container\">\n\t\t\t\t\t\t\t<ul class=\"wd-list color-scheme-custom wd-fontsize-xs wd-type-icon wd-style-default text-left\">\n\t\t\t\t\t\t\t\t\t\t\t<li class=\"elementor-repeater-item-fe163c2\">\n\t\t\t\t\t\t\t\t\t\t\t<span class=\"wd-icon\"><svg class=\"e-font-icon-svg e-fas-star\" viewBox=\"0 0 576 512\" xmlns=\"http:\/\/www.w3.org\/2000\/svg\"><path d=\"M259.3 17.8L194 150.2 47.9 171.5c-26.2 3.8-36.7 36.1-17.7 54.6l105.7 103-25 145.5c-4.5 26.3 23.2 46 46.4 33.7L288 439.6l130.7 68.7c23.2 12.2 50.9-7.4 46.4-33.7l-25-145.5 105.7-103c19-18.5 8.5-50.8-17.7-54.6L382 150.2 316.7 17.8c-11.7-23.6-45.6-23.9-57.4 0z\"><\/path><\/svg><\/span>\t\t\t\t\t\n\t\t\t\t\t<span class=\"wd-list-content list-content\">\n\t\t\t\t\t\tdatasheet\t\t\t\t\t<\/span>\n\n\t\t\t\t\t\t\t\t\t<\/li>\n\t\t\t\t\t\t\t\t\t\t\t<li class=\"elementor-repeater-item-66113ab\">\n\t\t\t\t\t\t\t\t\t\t\t<span class=\"wd-icon\"><svg class=\"e-font-icon-svg e-fas-star\" viewBox=\"0 0 576 512\" xmlns=\"http:\/\/www.w3.org\/2000\/svg\"><path d=\"M259.3 17.8L194 150.2 47.9 171.5c-26.2 3.8-36.7 36.1-17.7 54.6l105.7 103-25 145.5c-4.5 26.3 23.2 46 46.4 33.7L288 439.6l130.7 68.7c23.2 12.2 50.9-7.4 46.4-33.7l-25-145.5 105.7-103c19-18.5 8.5-50.8-17.7-54.6L382 150.2 316.7 17.8c-11.7-23.6-45.6-23.9-57.4 0z\"><\/path><\/svg><\/span>\t\t\t\t\t\n\t\t\t\t\t<span class=\"wd-list-content list-content\">\n\t\t\t\t\t\tuser manual\t\t\t\t\t<\/span>\n\n\t\t\t\t\t\n\t\t\t\t\t\t<a  href=\"https:\/\/cemtestinstrumentsgmbh357-my.sharepoint.com\/:b:\/g\/personal\/sh_li_cemtestinstrumentsgmbh357_onmicrosoft_com\/EcIM1YZYNMpBriZnRwjSGccBvTcOtZJkV4SUO2kWKUCz3g?e=AXvIyj\" class=\"wd-fill\" aria-label=\"List item link\" target=\"_blank\" rel=\"nofollow\"><\/a>\n\t\t\t\t\t\t\t\t\t<\/li>\n\t\t\t\t\t<\/ul>\n\n\t\t\t\t\t\t<\/div>\n\t\t\t\t<\/div>\n\t\t\t\t<\/div>\n\t\t<div class=\"elementor-element elementor-element-79fb02c e-con-full e-flex e-con e-child\" data-id=\"79fb02c\" data-element_type=\"container\">\n\t\t\t\t<\/div>\n\t\t\t\t<\/div>\n\t\t\t\t\t<\/div>\n\t\t<\/div>\n\t\t\t\t\t\t<\/div>\n\t\t\t\t<\/div>\n\t\t\t\t<\/div>\n\t\t\t\t\t<\/div>\n\t\t\t\t<\/div>\n\t\t\t\t<\/div>\n\t\t","protected":false},"excerpt":{"rendered":"<p>Diese professionellen Laser-Distanzmessger\u00e4te sind darauf ausgelegt, speziellen Nutzern ein hochpr\u00e4zises, einh\u00e4ndiges Distanzmess- und Sch\u00e4tzwerkzeug zu bieten, um entfernte und schwer erreichbare Stellen zu messen. Die LDM-H Serie verbessert die Messf\u00e4higkeit f\u00fcr den Au\u00dfeneinsatz. Schnellzugriffstasten f\u00fcr Addition, Subtraktion, Pythagoras, Fl\u00e4chen- und Volumenberechnung machen das Messen schnell und sehr zuverl\u00e4ssig. Die letzten 20 Messungen werden ebenfalls gespeichert.<\/p>\n","protected":false},"featured_media":31515,"template":"","meta":{"_cloudinary_featured_overwrite":false},"product_brand":[],"product_cat":[365,400],"product_tag":[],"class_list":{"0":"post-31514","1":"product","2":"type-product","3":"status-publish","4":"has-post-thumbnail","6":"product_cat-building_infrastructure_tools","7":"product_cat-laser_distance_meters","9":"first","10":"instock","11":"shipping-taxable","12":"product-type-simple"},"yoast_head":"<!-- This site is optimized with the Yoast SEO plugin v24.3 - https:\/\/yoast.com\/wordpress\/plugins\/seo\/ -->\n<title>iLDM-150\/100H\/120H\/150H\/160H LDM-H Serie Professionelles Laser-Distanzmessger\u00e4t f\u00fcr den Au\u00dfeneinsatz - CEM Test Instruments GmbH<\/title>\n<meta name=\"description\" content=\"Diese professionellen Laser-Distanzmessger\u00e4te sind darauf ausgelegt, speziellen Nutzern ein hochpr\u00e4zises, einh\u00e4ndiges Distanzmess- und Sch\u00e4tzwerkzeug zu bieten, um entfernte und schwer erreichbare Stellen zu messen. Die LDM-H Serie verbessert die Messf\u00e4higkeit f\u00fcr den Au\u00dfeneinsatz. Schnellzugriffstasten f\u00fcr Addition, Subtraktion, Pythagoras, Fl\u00e4chen- und Volumenberechnung machen das Messen schnell und sehr zuverl\u00e4ssig. Die letzten 20 Messungen werden ebenfalls gespeichert.\" \/>\n<meta name=\"robots\" content=\"index, follow, max-snippet:-1, max-image-preview:large, max-video-preview:-1\" \/>\n<link rel=\"canonical\" href=\"https:\/\/cem-instruments.de\/de\/product\/ildm-distanzmessgeraet\/\" \/>\n<meta property=\"og:locale\" content=\"de_DE\" \/>\n<meta property=\"og:type\" content=\"article\" \/>\n<meta property=\"og:title\" content=\"iLDM-150\/100H\/120H\/150H\/160H LDM-H Serie Professionelles Laser-Distanzmessger\u00e4t f\u00fcr den Au\u00dfeneinsatz - CEM Test Instruments GmbH\" \/>\n<meta property=\"og:description\" content=\"Diese professionellen Laser-Distanzmessger\u00e4te sind darauf ausgelegt, speziellen Nutzern ein hochpr\u00e4zises, einh\u00e4ndiges Distanzmess- und Sch\u00e4tzwerkzeug zu bieten, um entfernte und schwer erreichbare Stellen zu messen. Die LDM-H Serie verbessert die Messf\u00e4higkeit f\u00fcr den Au\u00dfeneinsatz. Schnellzugriffstasten f\u00fcr Addition, Subtraktion, Pythagoras, Fl\u00e4chen- und Volumenberechnung machen das Messen schnell und sehr zuverl\u00e4ssig. Die letzten 20 Messungen werden ebenfalls gespeichert.\" \/>\n<meta property=\"og:url\" content=\"https:\/\/cem-instruments.de\/de\/product\/ildm-distanzmessgeraet\/\" \/>\n<meta property=\"og:site_name\" content=\"CEM Test Instruments GmbH\" \/>\n<meta property=\"article:modified_time\" content=\"2025-01-24T23:27:17+00:00\" \/>\n<meta property=\"og:image\" content=\"https:\/\/res.cloudinary.com\/dathdmgqz\/images\/f_auto,q_auto\/v1729511665\/iLDM-100H_g2yn45\/iLDM-100H_g2yn45.jpg?_i=AA\" \/>\n\t<meta property=\"og:image:width\" content=\"540\" \/>\n\t<meta property=\"og:image:height\" content=\"720\" \/>\n\t<meta property=\"og:image:type\" content=\"image\/jpeg\" \/>\n<meta name=\"twitter:card\" content=\"summary_large_image\" \/>\n<meta name=\"twitter:label1\" content=\"Gesch\u00e4tzte Lesezeit\" \/>\n\t<meta name=\"twitter:data1\" content=\"2\u00a0Minuten\" \/>\n<script type=\"application\/ld+json\" class=\"yoast-schema-graph\">{\"@context\":\"https:\/\/schema.org\",\"@graph\":[{\"@type\":\"WebPage\",\"@id\":\"https:\/\/cem-instruments.de\/de\/product\/ildm-distanzmessgeraet\/\",\"url\":\"https:\/\/cem-instruments.de\/de\/product\/ildm-distanzmessgeraet\/\",\"name\":\"iLDM-150\/100H\/120H\/150H\/160H LDM-H Serie Professionelles Laser-Distanzmessger\u00e4t f\u00fcr den Au\u00dfeneinsatz - CEM Test Instruments GmbH\",\"isPartOf\":{\"@id\":\"https:\/\/cem-instruments.de\/de\/#website\"},\"primaryImageOfPage\":{\"@id\":\"https:\/\/cem-instruments.de\/de\/product\/ildm-distanzmessgeraet\/#primaryimage\"},\"image\":{\"@id\":\"https:\/\/cem-instruments.de\/de\/product\/ildm-distanzmessgeraet\/#primaryimage\"},\"thumbnailUrl\":\"https:\/\/res.cloudinary.com\/dathdmgqz\/images\/f_auto,q_auto\/v1729511665\/iLDM-100H_g2yn45\/iLDM-100H_g2yn45.jpg?_i=AA\",\"datePublished\":\"2024-10-22T08:20:34+00:00\",\"dateModified\":\"2025-01-24T23:27:17+00:00\",\"description\":\"Diese professionellen Laser-Distanzmessger\u00e4te sind darauf ausgelegt, speziellen Nutzern ein hochpr\u00e4zises, einh\u00e4ndiges Distanzmess- und Sch\u00e4tzwerkzeug zu bieten, um entfernte und schwer erreichbare Stellen zu messen. Die LDM-H Serie verbessert die Messf\u00e4higkeit f\u00fcr den Au\u00dfeneinsatz. Schnellzugriffstasten f\u00fcr Addition, Subtraktion, Pythagoras, Fl\u00e4chen- und Volumenberechnung machen das Messen schnell und sehr zuverl\u00e4ssig. Die letzten 20 Messungen werden ebenfalls gespeichert.\",\"breadcrumb\":{\"@id\":\"https:\/\/cem-instruments.de\/de\/product\/ildm-distanzmessgeraet\/#breadcrumb\"},\"inLanguage\":\"de\",\"potentialAction\":[{\"@type\":\"ReadAction\",\"target\":[\"https:\/\/cem-instruments.de\/de\/product\/ildm-distanzmessgeraet\/\"]}]},{\"@type\":\"ImageObject\",\"inLanguage\":\"de\",\"@id\":\"https:\/\/cem-instruments.de\/de\/product\/ildm-distanzmessgeraet\/#primaryimage\",\"url\":\"https:\/\/res.cloudinary.com\/dathdmgqz\/images\/f_auto,q_auto\/v1729511665\/iLDM-100H_g2yn45\/iLDM-100H_g2yn45.jpg?_i=AA\",\"contentUrl\":\"https:\/\/res.cloudinary.com\/dathdmgqz\/images\/f_auto,q_auto\/v1729511665\/iLDM-100H_g2yn45\/iLDM-100H_g2yn45.jpg?_i=AA\",\"width\":540,\"height\":720},{\"@type\":\"BreadcrumbList\",\"@id\":\"https:\/\/cem-instruments.de\/de\/product\/ildm-distanzmessgeraet\/#breadcrumb\",\"itemListElement\":[{\"@type\":\"ListItem\",\"position\":1,\"name\":\"Home\",\"item\":\"https:\/\/cem-instruments.de\/de\/\"},{\"@type\":\"ListItem\",\"position\":2,\"name\":\"Products\",\"item\":\"https:\/\/cem-instruments.de\/de\/shop\/\"},{\"@type\":\"ListItem\",\"position\":3,\"name\":\"iLDM-150\/100H\/120H\/150H\/160H LDM-H Serie Professionelles Laser-Distanzmessger\u00e4t f\u00fcr den Au\u00dfeneinsatz\"}]},{\"@type\":\"WebSite\",\"@id\":\"https:\/\/cem-instruments.de\/de\/#website\",\"url\":\"https:\/\/cem-instruments.de\/de\/\",\"name\":\"CEM Test Instruments GmbH\",\"description\":\"CEM Test Instruments GmbH\",\"publisher\":{\"@id\":\"https:\/\/cem-instruments.de\/de\/#organization\"},\"alternateName\":\"best partner for electronic instruments\",\"potentialAction\":[{\"@type\":\"SearchAction\",\"target\":{\"@type\":\"EntryPoint\",\"urlTemplate\":\"https:\/\/cem-instruments.de\/de\/?s={search_term_string}\"},\"query-input\":{\"@type\":\"PropertyValueSpecification\",\"valueRequired\":true,\"valueName\":\"search_term_string\"}}],\"inLanguage\":\"de\"},{\"@type\":\"Organization\",\"@id\":\"https:\/\/cem-instruments.de\/de\/#organization\",\"name\":\"CEM Test Instruments GmbH\",\"url\":\"https:\/\/cem-instruments.de\/de\/\",\"logo\":{\"@type\":\"ImageObject\",\"inLanguage\":\"de\",\"@id\":\"https:\/\/cem-instruments.de\/de\/#\/schema\/logo\/image\/\",\"url\":\"https:\/\/res.cloudinary.com\/dathdmgqz\/images\/f_auto,q_auto\/v1728637129\/cropped-2024-10-11-10_57_57-cem-instruments.de-\u2013-CEM-instruments-GmbH\/cropped-2024-10-11-10_57_57-cem-instruments.de-\u2013-CEM-instruments-GmbH.jpg?_i=AA\",\"contentUrl\":\"https:\/\/res.cloudinary.com\/dathdmgqz\/images\/f_auto,q_auto\/v1728637129\/cropped-2024-10-11-10_57_57-cem-instruments.de-\u2013-CEM-instruments-GmbH\/cropped-2024-10-11-10_57_57-cem-instruments.de-\u2013-CEM-instruments-GmbH.jpg?_i=AA\",\"width\":512,\"height\":512,\"caption\":\"CEM Test Instruments GmbH\"},\"image\":{\"@id\":\"https:\/\/cem-instruments.de\/de\/#\/schema\/logo\/image\/\"}}]}<\/script>\n<!-- \/ Yoast SEO plugin. -->","yoast_head_json":{"title":"iLDM-150\/100H\/120H\/150H\/160H LDM-H Serie Professionelles Laser-Distanzmessger\u00e4t f\u00fcr den Au\u00dfeneinsatz - CEM Test Instruments GmbH","description":"Diese professionellen Laser-Distanzmessger\u00e4te sind darauf ausgelegt, speziellen Nutzern ein hochpr\u00e4zises, einh\u00e4ndiges Distanzmess- und Sch\u00e4tzwerkzeug zu bieten, um entfernte und schwer erreichbare Stellen zu messen. Die LDM-H Serie verbessert die Messf\u00e4higkeit f\u00fcr den Au\u00dfeneinsatz. Schnellzugriffstasten f\u00fcr Addition, Subtraktion, Pythagoras, Fl\u00e4chen- und Volumenberechnung machen das Messen schnell und sehr zuverl\u00e4ssig. Die letzten 20 Messungen werden ebenfalls gespeichert.","robots":{"index":"index","follow":"follow","max-snippet":"max-snippet:-1","max-image-preview":"max-image-preview:large","max-video-preview":"max-video-preview:-1"},"canonical":"https:\/\/cem-instruments.de\/de\/product\/ildm-distanzmessgeraet\/","og_locale":"de_DE","og_type":"article","og_title":"iLDM-150\/100H\/120H\/150H\/160H LDM-H Serie Professionelles Laser-Distanzmessger\u00e4t f\u00fcr den Au\u00dfeneinsatz - CEM Test Instruments GmbH","og_description":"Diese professionellen Laser-Distanzmessger\u00e4te sind darauf ausgelegt, speziellen Nutzern ein hochpr\u00e4zises, einh\u00e4ndiges Distanzmess- und Sch\u00e4tzwerkzeug zu bieten, um entfernte und schwer erreichbare Stellen zu messen. Die LDM-H Serie verbessert die Messf\u00e4higkeit f\u00fcr den Au\u00dfeneinsatz. Schnellzugriffstasten f\u00fcr Addition, Subtraktion, Pythagoras, Fl\u00e4chen- und Volumenberechnung machen das Messen schnell und sehr zuverl\u00e4ssig. Die letzten 20 Messungen werden ebenfalls gespeichert.","og_url":"https:\/\/cem-instruments.de\/de\/product\/ildm-distanzmessgeraet\/","og_site_name":"CEM Test Instruments GmbH","article_modified_time":"2025-01-24T23:27:17+00:00","og_image":[{"width":540,"height":720,"url":"https:\/\/res.cloudinary.com\/dathdmgqz\/images\/f_auto,q_auto\/v1729511665\/iLDM-100H_g2yn45\/iLDM-100H_g2yn45.jpg?_i=AA","type":"image\/jpeg"}],"twitter_card":"summary_large_image","twitter_misc":{"Gesch\u00e4tzte Lesezeit":"2\u00a0Minuten"},"schema":{"@context":"https:\/\/schema.org","@graph":[{"@type":"WebPage","@id":"https:\/\/cem-instruments.de\/de\/product\/ildm-distanzmessgeraet\/","url":"https:\/\/cem-instruments.de\/de\/product\/ildm-distanzmessgeraet\/","name":"iLDM-150\/100H\/120H\/150H\/160H LDM-H Serie Professionelles Laser-Distanzmessger\u00e4t f\u00fcr den Au\u00dfeneinsatz - CEM Test Instruments GmbH","isPartOf":{"@id":"https:\/\/cem-instruments.de\/de\/#website"},"primaryImageOfPage":{"@id":"https:\/\/cem-instruments.de\/de\/product\/ildm-distanzmessgeraet\/#primaryimage"},"image":{"@id":"https:\/\/cem-instruments.de\/de\/product\/ildm-distanzmessgeraet\/#primaryimage"},"thumbnailUrl":"https:\/\/res.cloudinary.com\/dathdmgqz\/images\/f_auto,q_auto\/v1729511665\/iLDM-100H_g2yn45\/iLDM-100H_g2yn45.jpg?_i=AA","datePublished":"2024-10-22T08:20:34+00:00","dateModified":"2025-01-24T23:27:17+00:00","description":"Diese professionellen Laser-Distanzmessger\u00e4te sind darauf ausgelegt, speziellen Nutzern ein hochpr\u00e4zises, einh\u00e4ndiges Distanzmess- und Sch\u00e4tzwerkzeug zu bieten, um entfernte und schwer erreichbare Stellen zu messen. Die LDM-H Serie verbessert die Messf\u00e4higkeit f\u00fcr den Au\u00dfeneinsatz. Schnellzugriffstasten f\u00fcr Addition, Subtraktion, Pythagoras, Fl\u00e4chen- und Volumenberechnung machen das Messen schnell und sehr zuverl\u00e4ssig. Die letzten 20 Messungen werden ebenfalls gespeichert.","breadcrumb":{"@id":"https:\/\/cem-instruments.de\/de\/product\/ildm-distanzmessgeraet\/#breadcrumb"},"inLanguage":"de","potentialAction":[{"@type":"ReadAction","target":["https:\/\/cem-instruments.de\/de\/product\/ildm-distanzmessgeraet\/"]}]},{"@type":"ImageObject","inLanguage":"de","@id":"https:\/\/cem-instruments.de\/de\/product\/ildm-distanzmessgeraet\/#primaryimage","url":"https:\/\/res.cloudinary.com\/dathdmgqz\/images\/f_auto,q_auto\/v1729511665\/iLDM-100H_g2yn45\/iLDM-100H_g2yn45.jpg?_i=AA","contentUrl":"https:\/\/res.cloudinary.com\/dathdmgqz\/images\/f_auto,q_auto\/v1729511665\/iLDM-100H_g2yn45\/iLDM-100H_g2yn45.jpg?_i=AA","width":540,"height":720},{"@type":"BreadcrumbList","@id":"https:\/\/cem-instruments.de\/de\/product\/ildm-distanzmessgeraet\/#breadcrumb","itemListElement":[{"@type":"ListItem","position":1,"name":"Home","item":"https:\/\/cem-instruments.de\/de\/"},{"@type":"ListItem","position":2,"name":"Products","item":"https:\/\/cem-instruments.de\/de\/shop\/"},{"@type":"ListItem","position":3,"name":"iLDM-150\/100H\/120H\/150H\/160H LDM-H Serie Professionelles Laser-Distanzmessger\u00e4t f\u00fcr den Au\u00dfeneinsatz"}]},{"@type":"WebSite","@id":"https:\/\/cem-instruments.de\/de\/#website","url":"https:\/\/cem-instruments.de\/de\/","name":"CEM Test Instruments GmbH","description":"CEM Test Instruments GmbH","publisher":{"@id":"https:\/\/cem-instruments.de\/de\/#organization"},"alternateName":"best partner for electronic instruments","potentialAction":[{"@type":"SearchAction","target":{"@type":"EntryPoint","urlTemplate":"https:\/\/cem-instruments.de\/de\/?s={search_term_string}"},"query-input":{"@type":"PropertyValueSpecification","valueRequired":true,"valueName":"search_term_string"}}],"inLanguage":"de"},{"@type":"Organization","@id":"https:\/\/cem-instruments.de\/de\/#organization","name":"CEM Test Instruments GmbH","url":"https:\/\/cem-instruments.de\/de\/","logo":{"@type":"ImageObject","inLanguage":"de","@id":"https:\/\/cem-instruments.de\/de\/#\/schema\/logo\/image\/","url":"https:\/\/res.cloudinary.com\/dathdmgqz\/images\/f_auto,q_auto\/v1728637129\/cropped-2024-10-11-10_57_57-cem-instruments.de-\u2013-CEM-instruments-GmbH\/cropped-2024-10-11-10_57_57-cem-instruments.de-\u2013-CEM-instruments-GmbH.jpg?_i=AA","contentUrl":"https:\/\/res.cloudinary.com\/dathdmgqz\/images\/f_auto,q_auto\/v1728637129\/cropped-2024-10-11-10_57_57-cem-instruments.de-\u2013-CEM-instruments-GmbH\/cropped-2024-10-11-10_57_57-cem-instruments.de-\u2013-CEM-instruments-GmbH.jpg?_i=AA","width":512,"height":512,"caption":"CEM Test Instruments GmbH"},"image":{"@id":"https:\/\/cem-instruments.de\/de\/#\/schema\/logo\/image\/"}}]}},"_links":{"self":[{"href":"https:\/\/cem-instruments.de\/de\/wp-json\/wp\/v2\/product\/31514","targetHints":{"allow":["GET"]}}],"collection":[{"href":"https:\/\/cem-instruments.de\/de\/wp-json\/wp\/v2\/product"}],"about":[{"href":"https:\/\/cem-instruments.de\/de\/wp-json\/wp\/v2\/types\/product"}],"version-history":[{"count":5,"href":"https:\/\/cem-instruments.de\/de\/wp-json\/wp\/v2\/product\/31514\/revisions"}],"predecessor-version":[{"id":32120,"href":"https:\/\/cem-instruments.de\/de\/wp-json\/wp\/v2\/product\/31514\/revisions\/32120"}],"wp:featuredmedia":[{"embeddable":true,"href":"https:\/\/cem-instruments.de\/de\/wp-json\/wp\/v2\/media\/31515"}],"wp:attachment":[{"href":"https:\/\/cem-instruments.de\/de\/wp-json\/wp\/v2\/media?parent=31514"}],"wp:term":[{"taxonomy":"product_brand","embeddable":true,"href":"https:\/\/cem-instruments.de\/de\/wp-json\/wp\/v2\/product_brand?post=31514"},{"taxonomy":"product_cat","embeddable":true,"href":"https:\/\/cem-instruments.de\/de\/wp-json\/wp\/v2\/product_cat?post=31514"},{"taxonomy":"product_tag","embeddable":true,"href":"https:\/\/cem-instruments.de\/de\/wp-json\/wp\/v2\/product_tag?post=31514"}],"curies":[{"name":"wp","href":"https:\/\/api.w.org\/{rel}","templated":true}]}}