{"id":31550,"date":"2024-10-22T12:09:46","date_gmt":"2024-10-22T10:09:46","guid":{"rendered":"https:\/\/cem-instruments.de\/de\/?post_type=product&#038;p=31550"},"modified":"2025-01-25T00:19:00","modified_gmt":"2025-01-24T23:19:00","slug":"bs280-video-endoskop","status":"publish","type":"product","link":"https:\/\/cem-instruments.de\/de\/product\/bs280-video-endoskop\/","title":{"rendered":"BS-280\/280W\/288\/288S Video-Endoskop"},"content":{"rendered":"\t\t<div data-elementor-type=\"wp-post\" data-elementor-id=\"31550\" class=\"elementor elementor-31550\" data-elementor-post-type=\"product\">\n\t\t\t\t<div class=\"wd-negative-gap elementor-element elementor-element-7608d09 e-flex e-con-boxed e-con e-parent\" data-id=\"7608d09\" data-element_type=\"container\">\n\t\t\t\t\t<div class=\"e-con-inner\">\n\t\t<div class=\"elementor-element elementor-element-7a8d8c1 e-con-full e-flex e-con e-child\" data-id=\"7a8d8c1\" data-element_type=\"container\">\n\t\t\t\t<div class=\"elementor-element elementor-element-b890a94 e-n-tabs-mobile elementor-widget elementor-widget-n-tabs\" data-id=\"b890a94\" data-element_type=\"widget\" data-settings=\"{&quot;tabs_justify_horizontal&quot;:&quot;start&quot;,&quot;horizontal_scroll&quot;:&quot;disable&quot;}\" data-widget_type=\"nested-tabs.default\">\n\t\t\t\t<div class=\"elementor-widget-container\">\n\t\t\t\t\t\t\t<div class=\"e-n-tabs\" data-widget-number=\"193530516\" aria-label=\"Tabs. Open items with Enter or Space, close with Escape and navigate using the Arrow keys.\">\n\t\t\t<div class=\"e-n-tabs-heading\" role=\"tablist\">\n\t\t\t\t\t<button id=\"e-n-tab-title-1935305161\" class=\"e-n-tab-title\" aria-selected=\"true\" data-tab-index=\"1\" role=\"tab\" tabindex=\"0\" aria-controls=\"e-n-tab-content-1935305161\" style=\"--n-tabs-title-order: 1;\">\n\t\t\t\t\t\t<span class=\"e-n-tab-title-text\">\n\t\t\t\tDescription\t\t\t<\/span>\n\t\t<\/button>\n\t\t\t\t<button id=\"e-n-tab-title-1935305162\" class=\"e-n-tab-title\" aria-selected=\"false\" data-tab-index=\"2\" role=\"tab\" tabindex=\"-1\" aria-controls=\"e-n-tab-content-1935305162\" style=\"--n-tabs-title-order: 2;\">\n\t\t\t\t\t\t<span class=\"e-n-tab-title-text\">\n\t\t\t\tSpecification\t\t\t<\/span>\n\t\t<\/button>\n\t\t\t\t<button id=\"e-n-tab-title-1935305163\" class=\"e-n-tab-title\" aria-selected=\"false\" data-tab-index=\"3\" role=\"tab\" tabindex=\"-1\" aria-controls=\"e-n-tab-content-1935305163\" style=\"--n-tabs-title-order: 3;\">\n\t\t\t\t\t\t<span class=\"e-n-tab-title-text\">\n\t\t\t\tResources\t\t\t<\/span>\n\t\t<\/button>\n\t\t\t\t\t<\/div>\n\t\t\t<div class=\"e-n-tabs-content\">\n\t\t\t\t<div id=\"e-n-tab-content-1935305161\" role=\"tabpanel\" aria-labelledby=\"e-n-tab-title-1935305161\" data-tab-index=\"1\" style=\"--n-tabs-title-order: 1;\" class=\"e-active elementor-element elementor-element-e3ea704 e-con-full e-flex e-con e-child\" data-id=\"e3ea704\" data-element_type=\"container\">\n\t\t<div class=\"wd-negative-gap elementor-element elementor-element-5630181 e-flex e-con-boxed e-con e-child\" data-id=\"5630181\" data-element_type=\"container\">\n\t\t\t\t\t<div class=\"e-con-inner\">\n\t\t\t\t<div class=\"elementor-element elementor-element-0b31017 elementor-widget elementor-widget-wd_text_block\" data-id=\"0b31017\" data-element_type=\"widget\" data-widget_type=\"wd_text_block.default\">\n\t\t\t\t<div class=\"elementor-widget-container\">\n\t\t\t\t\t\t\t<div class=\"wd-text-block reset-last-child text-left\">\n\t\t\t\n\t\t\t<p>Hochaufl\u00f6sendes 3,5\"-Farb-TFT-LCD mit Unterst\u00fctzung f\u00fcr Foto-\/Videoaufnahme, Zeit-\/Datumsanzeige und mehreren Sprachen. Videos und Bilder k\u00f6nnen \u00fcber die SD-Karte oder das mitgelieferte USB-Kabel auf den PC \u00fcbertragen werden. Modernes Geh\u00e4usedesign mit wasserdichtem (IP67) flexiblem Schwanenhals, der die eingestellte Form beibeh\u00e4lt.<\/p><p>BS-288S kombiniert die Vorteile einer Digitalkamera mit einer W\u00e4rmebildkarte zu einem bahnbrechend g\u00fcnstigen Preis. Das \u00fcberlagerte Bild beseitigt R\u00e4tselraten und zeigt den genauen Standort des Problems.<\/p>\n\t\t\t\t\t<\/div>\n\t\t\t\t\t\t<\/div>\n\t\t\t\t<\/div>\n\t\t\t\t\t<\/div>\n\t\t\t\t<\/div>\n\t\t<div class=\"elementor-element elementor-element-bd9531c e-con-full e-flex e-con e-child\" data-id=\"bd9531c\" data-element_type=\"container\">\n\t\t\t\t<div class=\"elementor-element elementor-element-83bb086 elementor-widget elementor-widget-wd_image_or_svg\" data-id=\"83bb086\" data-element_type=\"widget\" data-widget_type=\"wd_image_or_svg.default\">\n\t\t\t\t<div class=\"elementor-widget-container\">\n\t\t\t\t\t\n\t\t<div class=\"wd-image text-left\">\n\t\t\t\t\t\t\t\t\t\t\t\t\t<\/div>\n\n\t\t\t\t\t\t<\/div>\n\t\t\t\t<\/div>\n\t\t\t\t<\/div>\n\t\t\t\t<\/div>\n\t\t<div id=\"e-n-tab-content-1935305162\" role=\"tabpanel\" aria-labelledby=\"e-n-tab-title-1935305162\" data-tab-index=\"2\" style=\"--n-tabs-title-order: 2;\" class=\" elementor-element elementor-element-ac46852 e-con-full e-flex e-con e-child\" data-id=\"ac46852\" data-element_type=\"container\">\n\t\t\t\t<div class=\"elementor-element elementor-element-5f91ace elementor-widget elementor-widget-wd_image_or_svg\" data-id=\"5f91ace\" data-element_type=\"widget\" data-widget_type=\"wd_image_or_svg.default\">\n\t\t\t\t<div class=\"elementor-widget-container\">\n\t\t\t\t\t\n\t\t<div class=\"wd-image text-left\">\n\t\t\t\t\t\t\t\t<img width=\"397\" height=\"346\" data-public-id=\"9d5aa195fd7ebaac56d7026712f93a9_ftlfoq\/9d5aa195fd7ebaac56d7026712f93a9_ftlfoq.png\" fetchpriority=\"high\" decoding=\"async\" src=\"https:\/\/res.cloudinary.com\/dathdmgqz\/images\/w_397,h_346,c_scale\/f_auto,q_auto\/v1729511655\/9d5aa195fd7ebaac56d7026712f93a9_ftlfoq\/9d5aa195fd7ebaac56d7026712f93a9_ftlfoq.png?_i=AA\" class=\"attachment-full size-full wp-image-31557\" alt=\"\" data-format=\"png\" data-transformations=\"f_auto,q_auto\" data-version=\"1729511655\" data-seo=\"1\" data-responsive=\"1\" srcset=\"https:\/\/res.cloudinary.com\/dathdmgqz\/images\/w_397,h_346,c_scale\/f_auto,q_auto\/v1729511655\/9d5aa195fd7ebaac56d7026712f93a9_ftlfoq\/9d5aa195fd7ebaac56d7026712f93a9_ftlfoq.png?_i=AA 397w, https:\/\/res.cloudinary.com\/dathdmgqz\/images\/w_248,h_216,c_scale\/f_auto,q_auto\/v1729511655\/9d5aa195fd7ebaac56d7026712f93a9_ftlfoq\/9d5aa195fd7ebaac56d7026712f93a9_ftlfoq.png?_i=AA 248w\" sizes=\"(max-width: 397px) 100vw, 397px\" \/>\t\t\t\t\t<\/div>\n\n\t\t\t\t\t\t<\/div>\n\t\t\t\t<\/div>\n\t\t\t\t<\/div>\n\t\t<div id=\"e-n-tab-content-1935305163\" role=\"tabpanel\" aria-labelledby=\"e-n-tab-title-1935305163\" data-tab-index=\"3\" style=\"--n-tabs-title-order: 3;\" class=\" elementor-element elementor-element-c8bb7e7 e-con-full e-flex e-con e-child\" data-id=\"c8bb7e7\" data-element_type=\"container\">\n\t\t<div class=\"elementor-element elementor-element-de03e29 e-con-full e-flex e-con e-child\" data-id=\"de03e29\" data-element_type=\"container\">\n\t\t\t\t<div class=\"elementor-element elementor-element-e6d91de elementor-widget elementor-widget-wd_list\" data-id=\"e6d91de\" data-element_type=\"widget\" data-widget_type=\"wd_list.default\">\n\t\t\t\t<div class=\"elementor-widget-container\">\n\t\t\t\t\t\t\t<ul class=\"wd-list color-scheme- wd-fontsize-xs wd-type-icon wd-style-default text-left\">\n\t\t\t\t\t\t\t\t\t\t\t<li class=\"elementor-repeater-item-fe163c2\">\n\t\t\t\t\t\t\t\t\t\t\t<span class=\"wd-icon\"><svg class=\"e-font-icon-svg e-fas-star\" viewBox=\"0 0 576 512\" xmlns=\"http:\/\/www.w3.org\/2000\/svg\"><path d=\"M259.3 17.8L194 150.2 47.9 171.5c-26.2 3.8-36.7 36.1-17.7 54.6l105.7 103-25 145.5c-4.5 26.3 23.2 46 46.4 33.7L288 439.6l130.7 68.7c23.2 12.2 50.9-7.4 46.4-33.7l-25-145.5 105.7-103c19-18.5 8.5-50.8-17.7-54.6L382 150.2 316.7 17.8c-11.7-23.6-45.6-23.9-57.4 0z\"><\/path><\/svg><\/span>\t\t\t\t\t\n\t\t\t\t\t<span class=\"wd-list-content list-content\">\n\t\t\t\t\t\tapplication note\t\t\t\t\t<\/span>\n\n\t\t\t\t\t\t\t\t\t<\/li>\n\t\t\t\t\t<\/ul>\n\n\t\t\t\t\t\t<\/div>\n\t\t\t\t<\/div>\n\t\t\t\t<div class=\"elementor-element elementor-element-596238c elementor-widget elementor-widget-wd_list\" data-id=\"596238c\" data-element_type=\"widget\" data-widget_type=\"wd_list.default\">\n\t\t\t\t<div class=\"elementor-widget-container\">\n\t\t\t\t\t\t\t<ul class=\"wd-list color-scheme-custom wd-fontsize-xs wd-type-icon wd-style-default text-left\">\n\t\t\t\t\t\t\t\t\t\t\t<li class=\"elementor-repeater-item-fe163c2\">\n\t\t\t\t\t\t\t\t\t\t\t<span class=\"wd-icon\"><svg class=\"e-font-icon-svg e-fas-star\" viewBox=\"0 0 576 512\" xmlns=\"http:\/\/www.w3.org\/2000\/svg\"><path d=\"M259.3 17.8L194 150.2 47.9 171.5c-26.2 3.8-36.7 36.1-17.7 54.6l105.7 103-25 145.5c-4.5 26.3 23.2 46 46.4 33.7L288 439.6l130.7 68.7c23.2 12.2 50.9-7.4 46.4-33.7l-25-145.5 105.7-103c19-18.5 8.5-50.8-17.7-54.6L382 150.2 316.7 17.8c-11.7-23.6-45.6-23.9-57.4 0z\"><\/path><\/svg><\/span>\t\t\t\t\t\n\t\t\t\t\t<span class=\"wd-list-content list-content\">\n\t\t\t\t\t\tdatasheet\t\t\t\t\t<\/span>\n\n\t\t\t\t\t\t\t\t\t<\/li>\n\t\t\t\t\t\t\t\t\t\t\t<li class=\"elementor-repeater-item-66113ab\">\n\t\t\t\t\t\t\t\t\t\t\t<span class=\"wd-icon\"><svg class=\"e-font-icon-svg e-fas-star\" viewBox=\"0 0 576 512\" xmlns=\"http:\/\/www.w3.org\/2000\/svg\"><path d=\"M259.3 17.8L194 150.2 47.9 171.5c-26.2 3.8-36.7 36.1-17.7 54.6l105.7 103-25 145.5c-4.5 26.3 23.2 46 46.4 33.7L288 439.6l130.7 68.7c23.2 12.2 50.9-7.4 46.4-33.7l-25-145.5 105.7-103c19-18.5 8.5-50.8-17.7-54.6L382 150.2 316.7 17.8c-11.7-23.6-45.6-23.9-57.4 0z\"><\/path><\/svg><\/span>\t\t\t\t\t\n\t\t\t\t\t<span class=\"wd-list-content list-content\">\n\t\t\t\t\t\tuser manual\t\t\t\t\t<\/span>\n\n\t\t\t\t\t\n\t\t\t\t\t\t<a  href=\"https:\/\/cemtestinstrumentsgmbh357-my.sharepoint.com\/:b:\/g\/personal\/sh_li_cemtestinstrumentsgmbh357_onmicrosoft_com\/EWdGhbexmelLnay3UakVv3AB8t-XDs1nqv4wJBuO7px4-A?e=8HEYjp\" class=\"wd-fill\" aria-label=\"List item link\" target=\"_blank\" rel=\"nofollow\"><\/a>\n\t\t\t\t\t\t\t\t\t<\/li>\n\t\t\t\t\t<\/ul>\n\n\t\t\t\t\t\t<\/div>\n\t\t\t\t<\/div>\n\t\t\t\t<\/div>\n\t\t<div class=\"elementor-element elementor-element-881e566 e-con-full e-flex e-con e-child\" data-id=\"881e566\" data-element_type=\"container\">\n\t\t\t\t<\/div>\n\t\t\t\t<\/div>\n\t\t\t\t\t<\/div>\n\t\t<\/div>\n\t\t\t\t\t\t<\/div>\n\t\t\t\t<\/div>\n\t\t\t\t<\/div>\n\t\t\t\t\t<\/div>\n\t\t\t\t<\/div>\n\t\t\t\t<\/div>\n\t\t","protected":false},"excerpt":{"rendered":"<p>Hochaufl\u00f6sendes 3,5&#8243;-Farb-TFT-LCD mit Unterst\u00fctzung f\u00fcr Foto-\/Videoaufnahme, Zeit-\/Datumsanzeige und mehreren Sprachen. Videos und Bilder k\u00f6nnen \u00fcber die SD-Karte oder das mitgelieferte USB-Kabel auf den PC \u00fcbertragen werden. Modernes Geh\u00e4usedesign mit wasserdichtem (IP67) flexiblem Schwanenhals, der die eingestellte Form beibeh\u00e4lt.<\/p>\n<p>BS-288S kombiniert die Vorteile einer Digitalkamera mit einer W\u00e4rmebildkarte zu einem bahnbrechend g\u00fcnstigen Preis. Das \u00fcberlagerte Bild beseitigt R\u00e4tselraten und zeigt den genauen Standort des Problems.<\/p>\n","protected":false},"featured_media":31551,"template":"","meta":{"_cloudinary_featured_overwrite":false},"product_brand":[],"product_cat":[365,432],"product_tag":[],"class_list":{"0":"post-31550","1":"product","2":"type-product","3":"status-publish","4":"has-post-thumbnail","6":"product_cat-building_infrastructure_tools","7":"product_cat-video_borescope","9":"first","10":"instock","11":"shipping-taxable","12":"product-type-simple"},"yoast_head":"<!-- This site is optimized with the Yoast SEO plugin v24.3 - https:\/\/yoast.com\/wordpress\/plugins\/seo\/ -->\n<title>BS-280\/280W\/288\/288S Video-Endoskop - CEM Test Instruments GmbH<\/title>\n<meta name=\"description\" content=\"Hochaufl\u00f6sendes 3,5&quot;-Farb-TFT-LCD mit Unterst\u00fctzung f\u00fcr Foto-\/Videoaufnahme, Zeit-\/Datumsanzeige und mehreren Sprachen. Videos und Bilder k\u00f6nnen \u00fcber die SD-Karte oder das mitgelieferte USB-Kabel auf den PC \u00fcbertragen werden. Modernes Geh\u00e4usedesign mit wasserdichtem (IP67) flexiblem Schwanenhals, der die eingestellte Form beibeh\u00e4lt. BS-288S kombiniert die Vorteile einer Digitalkamera mit einer W\u00e4rmebildkarte zu einem bahnbrechend g\u00fcnstigen Preis. Das \u00fcberlagerte Bild beseitigt R\u00e4tselraten und zeigt den genauen Standort des Problems.\" \/>\n<meta name=\"robots\" content=\"index, follow, max-snippet:-1, max-image-preview:large, max-video-preview:-1\" \/>\n<link rel=\"canonical\" href=\"https:\/\/cem-instruments.de\/de\/product\/bs280-video-endoskop\/\" \/>\n<meta property=\"og:locale\" content=\"de_DE\" \/>\n<meta property=\"og:type\" content=\"article\" \/>\n<meta property=\"og:title\" content=\"BS-280\/280W\/288\/288S Video-Endoskop - CEM Test Instruments GmbH\" \/>\n<meta property=\"og:description\" content=\"Hochaufl\u00f6sendes 3,5&quot;-Farb-TFT-LCD mit Unterst\u00fctzung f\u00fcr Foto-\/Videoaufnahme, Zeit-\/Datumsanzeige und mehreren Sprachen. Videos und Bilder k\u00f6nnen \u00fcber die SD-Karte oder das mitgelieferte USB-Kabel auf den PC \u00fcbertragen werden. Modernes Geh\u00e4usedesign mit wasserdichtem (IP67) flexiblem Schwanenhals, der die eingestellte Form beibeh\u00e4lt. BS-288S kombiniert die Vorteile einer Digitalkamera mit einer W\u00e4rmebildkarte zu einem bahnbrechend g\u00fcnstigen Preis. Das \u00fcberlagerte Bild beseitigt R\u00e4tselraten und zeigt den genauen Standort des Problems.\" \/>\n<meta property=\"og:url\" content=\"https:\/\/cem-instruments.de\/de\/product\/bs280-video-endoskop\/\" \/>\n<meta property=\"og:site_name\" content=\"CEM Test Instruments GmbH\" \/>\n<meta property=\"article:modified_time\" content=\"2025-01-24T23:19:00+00:00\" \/>\n<meta property=\"og:image\" content=\"https:\/\/res.cloudinary.com\/dathdmgqz\/images\/f_auto,q_auto\/v1729511655\/BS-280_tgaydc\/BS-280_tgaydc.jpg?_i=AA\" \/>\n\t<meta property=\"og:image:width\" content=\"540\" \/>\n\t<meta property=\"og:image:height\" content=\"720\" \/>\n\t<meta property=\"og:image:type\" content=\"image\/jpeg\" \/>\n<meta name=\"twitter:card\" content=\"summary_large_image\" \/>\n<meta name=\"twitter:label1\" content=\"Gesch\u00e4tzte Lesezeit\" \/>\n\t<meta name=\"twitter:data1\" content=\"2\u00a0Minuten\" \/>\n<script type=\"application\/ld+json\" class=\"yoast-schema-graph\">{\"@context\":\"https:\/\/schema.org\",\"@graph\":[{\"@type\":\"WebPage\",\"@id\":\"https:\/\/cem-instruments.de\/de\/product\/bs280-video-endoskop\/\",\"url\":\"https:\/\/cem-instruments.de\/de\/product\/bs280-video-endoskop\/\",\"name\":\"BS-280\/280W\/288\/288S Video-Endoskop - CEM Test Instruments GmbH\",\"isPartOf\":{\"@id\":\"https:\/\/cem-instruments.de\/de\/#website\"},\"primaryImageOfPage\":{\"@id\":\"https:\/\/cem-instruments.de\/de\/product\/bs280-video-endoskop\/#primaryimage\"},\"image\":{\"@id\":\"https:\/\/cem-instruments.de\/de\/product\/bs280-video-endoskop\/#primaryimage\"},\"thumbnailUrl\":\"https:\/\/res.cloudinary.com\/dathdmgqz\/images\/f_auto,q_auto\/v1729511655\/BS-280_tgaydc\/BS-280_tgaydc.jpg?_i=AA\",\"datePublished\":\"2024-10-22T10:09:46+00:00\",\"dateModified\":\"2025-01-24T23:19:00+00:00\",\"description\":\"Hochaufl\u00f6sendes 3,5\\\"-Farb-TFT-LCD mit Unterst\u00fctzung f\u00fcr Foto-\/Videoaufnahme, Zeit-\/Datumsanzeige und mehreren Sprachen. Videos und Bilder k\u00f6nnen \u00fcber die SD-Karte oder das mitgelieferte USB-Kabel auf den PC \u00fcbertragen werden. Modernes Geh\u00e4usedesign mit wasserdichtem (IP67) flexiblem Schwanenhals, der die eingestellte Form beibeh\u00e4lt. BS-288S kombiniert die Vorteile einer Digitalkamera mit einer W\u00e4rmebildkarte zu einem bahnbrechend g\u00fcnstigen Preis. Das \u00fcberlagerte Bild beseitigt R\u00e4tselraten und zeigt den genauen Standort des Problems.\",\"breadcrumb\":{\"@id\":\"https:\/\/cem-instruments.de\/de\/product\/bs280-video-endoskop\/#breadcrumb\"},\"inLanguage\":\"de\",\"potentialAction\":[{\"@type\":\"ReadAction\",\"target\":[\"https:\/\/cem-instruments.de\/de\/product\/bs280-video-endoskop\/\"]}]},{\"@type\":\"ImageObject\",\"inLanguage\":\"de\",\"@id\":\"https:\/\/cem-instruments.de\/de\/product\/bs280-video-endoskop\/#primaryimage\",\"url\":\"https:\/\/res.cloudinary.com\/dathdmgqz\/images\/f_auto,q_auto\/v1729511655\/BS-280_tgaydc\/BS-280_tgaydc.jpg?_i=AA\",\"contentUrl\":\"https:\/\/res.cloudinary.com\/dathdmgqz\/images\/f_auto,q_auto\/v1729511655\/BS-280_tgaydc\/BS-280_tgaydc.jpg?_i=AA\",\"width\":540,\"height\":720},{\"@type\":\"BreadcrumbList\",\"@id\":\"https:\/\/cem-instruments.de\/de\/product\/bs280-video-endoskop\/#breadcrumb\",\"itemListElement\":[{\"@type\":\"ListItem\",\"position\":1,\"name\":\"Home\",\"item\":\"https:\/\/cem-instruments.de\/de\/\"},{\"@type\":\"ListItem\",\"position\":2,\"name\":\"Products\",\"item\":\"https:\/\/cem-instruments.de\/de\/shop\/\"},{\"@type\":\"ListItem\",\"position\":3,\"name\":\"BS-280\/280W\/288\/288S Video-Endoskop\"}]},{\"@type\":\"WebSite\",\"@id\":\"https:\/\/cem-instruments.de\/de\/#website\",\"url\":\"https:\/\/cem-instruments.de\/de\/\",\"name\":\"CEM Test Instruments GmbH\",\"description\":\"CEM Test Instruments GmbH\",\"publisher\":{\"@id\":\"https:\/\/cem-instruments.de\/de\/#organization\"},\"alternateName\":\"best partner for electronic instruments\",\"potentialAction\":[{\"@type\":\"SearchAction\",\"target\":{\"@type\":\"EntryPoint\",\"urlTemplate\":\"https:\/\/cem-instruments.de\/de\/?s={search_term_string}\"},\"query-input\":{\"@type\":\"PropertyValueSpecification\",\"valueRequired\":true,\"valueName\":\"search_term_string\"}}],\"inLanguage\":\"de\"},{\"@type\":\"Organization\",\"@id\":\"https:\/\/cem-instruments.de\/de\/#organization\",\"name\":\"CEM Test Instruments GmbH\",\"url\":\"https:\/\/cem-instruments.de\/de\/\",\"logo\":{\"@type\":\"ImageObject\",\"inLanguage\":\"de\",\"@id\":\"https:\/\/cem-instruments.de\/de\/#\/schema\/logo\/image\/\",\"url\":\"https:\/\/res.cloudinary.com\/dathdmgqz\/images\/f_auto,q_auto\/v1728637129\/cropped-2024-10-11-10_57_57-cem-instruments.de-\u2013-CEM-instruments-GmbH\/cropped-2024-10-11-10_57_57-cem-instruments.de-\u2013-CEM-instruments-GmbH.jpg?_i=AA\",\"contentUrl\":\"https:\/\/res.cloudinary.com\/dathdmgqz\/images\/f_auto,q_auto\/v1728637129\/cropped-2024-10-11-10_57_57-cem-instruments.de-\u2013-CEM-instruments-GmbH\/cropped-2024-10-11-10_57_57-cem-instruments.de-\u2013-CEM-instruments-GmbH.jpg?_i=AA\",\"width\":512,\"height\":512,\"caption\":\"CEM Test Instruments GmbH\"},\"image\":{\"@id\":\"https:\/\/cem-instruments.de\/de\/#\/schema\/logo\/image\/\"}}]}<\/script>\n<!-- \/ Yoast SEO plugin. -->","yoast_head_json":{"title":"BS-280\/280W\/288\/288S Video-Endoskop - CEM Test Instruments GmbH","description":"Hochaufl\u00f6sendes 3,5\"-Farb-TFT-LCD mit Unterst\u00fctzung f\u00fcr Foto-\/Videoaufnahme, Zeit-\/Datumsanzeige und mehreren Sprachen. Videos und Bilder k\u00f6nnen \u00fcber die SD-Karte oder das mitgelieferte USB-Kabel auf den PC \u00fcbertragen werden. Modernes Geh\u00e4usedesign mit wasserdichtem (IP67) flexiblem Schwanenhals, der die eingestellte Form beibeh\u00e4lt. BS-288S kombiniert die Vorteile einer Digitalkamera mit einer W\u00e4rmebildkarte zu einem bahnbrechend g\u00fcnstigen Preis. Das \u00fcberlagerte Bild beseitigt R\u00e4tselraten und zeigt den genauen Standort des Problems.","robots":{"index":"index","follow":"follow","max-snippet":"max-snippet:-1","max-image-preview":"max-image-preview:large","max-video-preview":"max-video-preview:-1"},"canonical":"https:\/\/cem-instruments.de\/de\/product\/bs280-video-endoskop\/","og_locale":"de_DE","og_type":"article","og_title":"BS-280\/280W\/288\/288S Video-Endoskop - CEM Test Instruments GmbH","og_description":"Hochaufl\u00f6sendes 3,5\"-Farb-TFT-LCD mit Unterst\u00fctzung f\u00fcr Foto-\/Videoaufnahme, Zeit-\/Datumsanzeige und mehreren Sprachen. Videos und Bilder k\u00f6nnen \u00fcber die SD-Karte oder das mitgelieferte USB-Kabel auf den PC \u00fcbertragen werden. Modernes Geh\u00e4usedesign mit wasserdichtem (IP67) flexiblem Schwanenhals, der die eingestellte Form beibeh\u00e4lt. BS-288S kombiniert die Vorteile einer Digitalkamera mit einer W\u00e4rmebildkarte zu einem bahnbrechend g\u00fcnstigen Preis. Das \u00fcberlagerte Bild beseitigt R\u00e4tselraten und zeigt den genauen Standort des Problems.","og_url":"https:\/\/cem-instruments.de\/de\/product\/bs280-video-endoskop\/","og_site_name":"CEM Test Instruments GmbH","article_modified_time":"2025-01-24T23:19:00+00:00","og_image":[{"width":540,"height":720,"url":"https:\/\/res.cloudinary.com\/dathdmgqz\/images\/f_auto,q_auto\/v1729511655\/BS-280_tgaydc\/BS-280_tgaydc.jpg?_i=AA","type":"image\/jpeg"}],"twitter_card":"summary_large_image","twitter_misc":{"Gesch\u00e4tzte Lesezeit":"2\u00a0Minuten"},"schema":{"@context":"https:\/\/schema.org","@graph":[{"@type":"WebPage","@id":"https:\/\/cem-instruments.de\/de\/product\/bs280-video-endoskop\/","url":"https:\/\/cem-instruments.de\/de\/product\/bs280-video-endoskop\/","name":"BS-280\/280W\/288\/288S Video-Endoskop - CEM Test Instruments GmbH","isPartOf":{"@id":"https:\/\/cem-instruments.de\/de\/#website"},"primaryImageOfPage":{"@id":"https:\/\/cem-instruments.de\/de\/product\/bs280-video-endoskop\/#primaryimage"},"image":{"@id":"https:\/\/cem-instruments.de\/de\/product\/bs280-video-endoskop\/#primaryimage"},"thumbnailUrl":"https:\/\/res.cloudinary.com\/dathdmgqz\/images\/f_auto,q_auto\/v1729511655\/BS-280_tgaydc\/BS-280_tgaydc.jpg?_i=AA","datePublished":"2024-10-22T10:09:46+00:00","dateModified":"2025-01-24T23:19:00+00:00","description":"Hochaufl\u00f6sendes 3,5\"-Farb-TFT-LCD mit Unterst\u00fctzung f\u00fcr Foto-\/Videoaufnahme, Zeit-\/Datumsanzeige und mehreren Sprachen. Videos und Bilder k\u00f6nnen \u00fcber die SD-Karte oder das mitgelieferte USB-Kabel auf den PC \u00fcbertragen werden. Modernes Geh\u00e4usedesign mit wasserdichtem (IP67) flexiblem Schwanenhals, der die eingestellte Form beibeh\u00e4lt. BS-288S kombiniert die Vorteile einer Digitalkamera mit einer W\u00e4rmebildkarte zu einem bahnbrechend g\u00fcnstigen Preis. Das \u00fcberlagerte Bild beseitigt R\u00e4tselraten und zeigt den genauen Standort des Problems.","breadcrumb":{"@id":"https:\/\/cem-instruments.de\/de\/product\/bs280-video-endoskop\/#breadcrumb"},"inLanguage":"de","potentialAction":[{"@type":"ReadAction","target":["https:\/\/cem-instruments.de\/de\/product\/bs280-video-endoskop\/"]}]},{"@type":"ImageObject","inLanguage":"de","@id":"https:\/\/cem-instruments.de\/de\/product\/bs280-video-endoskop\/#primaryimage","url":"https:\/\/res.cloudinary.com\/dathdmgqz\/images\/f_auto,q_auto\/v1729511655\/BS-280_tgaydc\/BS-280_tgaydc.jpg?_i=AA","contentUrl":"https:\/\/res.cloudinary.com\/dathdmgqz\/images\/f_auto,q_auto\/v1729511655\/BS-280_tgaydc\/BS-280_tgaydc.jpg?_i=AA","width":540,"height":720},{"@type":"BreadcrumbList","@id":"https:\/\/cem-instruments.de\/de\/product\/bs280-video-endoskop\/#breadcrumb","itemListElement":[{"@type":"ListItem","position":1,"name":"Home","item":"https:\/\/cem-instruments.de\/de\/"},{"@type":"ListItem","position":2,"name":"Products","item":"https:\/\/cem-instruments.de\/de\/shop\/"},{"@type":"ListItem","position":3,"name":"BS-280\/280W\/288\/288S Video-Endoskop"}]},{"@type":"WebSite","@id":"https:\/\/cem-instruments.de\/de\/#website","url":"https:\/\/cem-instruments.de\/de\/","name":"CEM Test Instruments GmbH","description":"CEM Test Instruments GmbH","publisher":{"@id":"https:\/\/cem-instruments.de\/de\/#organization"},"alternateName":"best partner for electronic instruments","potentialAction":[{"@type":"SearchAction","target":{"@type":"EntryPoint","urlTemplate":"https:\/\/cem-instruments.de\/de\/?s={search_term_string}"},"query-input":{"@type":"PropertyValueSpecification","valueRequired":true,"valueName":"search_term_string"}}],"inLanguage":"de"},{"@type":"Organization","@id":"https:\/\/cem-instruments.de\/de\/#organization","name":"CEM Test Instruments GmbH","url":"https:\/\/cem-instruments.de\/de\/","logo":{"@type":"ImageObject","inLanguage":"de","@id":"https:\/\/cem-instruments.de\/de\/#\/schema\/logo\/image\/","url":"https:\/\/res.cloudinary.com\/dathdmgqz\/images\/f_auto,q_auto\/v1728637129\/cropped-2024-10-11-10_57_57-cem-instruments.de-\u2013-CEM-instruments-GmbH\/cropped-2024-10-11-10_57_57-cem-instruments.de-\u2013-CEM-instruments-GmbH.jpg?_i=AA","contentUrl":"https:\/\/res.cloudinary.com\/dathdmgqz\/images\/f_auto,q_auto\/v1728637129\/cropped-2024-10-11-10_57_57-cem-instruments.de-\u2013-CEM-instruments-GmbH\/cropped-2024-10-11-10_57_57-cem-instruments.de-\u2013-CEM-instruments-GmbH.jpg?_i=AA","width":512,"height":512,"caption":"CEM Test Instruments GmbH"},"image":{"@id":"https:\/\/cem-instruments.de\/de\/#\/schema\/logo\/image\/"}}]}},"_links":{"self":[{"href":"https:\/\/cem-instruments.de\/de\/wp-json\/wp\/v2\/product\/31550","targetHints":{"allow":["GET"]}}],"collection":[{"href":"https:\/\/cem-instruments.de\/de\/wp-json\/wp\/v2\/product"}],"about":[{"href":"https:\/\/cem-instruments.de\/de\/wp-json\/wp\/v2\/types\/product"}],"version-history":[{"count":5,"href":"https:\/\/cem-instruments.de\/de\/wp-json\/wp\/v2\/product\/31550\/revisions"}],"predecessor-version":[{"id":32103,"href":"https:\/\/cem-instruments.de\/de\/wp-json\/wp\/v2\/product\/31550\/revisions\/32103"}],"wp:featuredmedia":[{"embeddable":true,"href":"https:\/\/cem-instruments.de\/de\/wp-json\/wp\/v2\/media\/31551"}],"wp:attachment":[{"href":"https:\/\/cem-instruments.de\/de\/wp-json\/wp\/v2\/media?parent=31550"}],"wp:term":[{"taxonomy":"product_brand","embeddable":true,"href":"https:\/\/cem-instruments.de\/de\/wp-json\/wp\/v2\/product_brand?post=31550"},{"taxonomy":"product_cat","embeddable":true,"href":"https:\/\/cem-instruments.de\/de\/wp-json\/wp\/v2\/product_cat?post=31550"},{"taxonomy":"product_tag","embeddable":true,"href":"https:\/\/cem-instruments.de\/de\/wp-json\/wp\/v2\/product_tag?post=31550"}],"curies":[{"name":"wp","href":"https:\/\/api.w.org\/{rel}","templated":true}]}}