{"id":31562,"date":"2024-10-22T12:17:11","date_gmt":"2024-10-22T10:17:11","guid":{"rendered":"https:\/\/cem-instruments.de\/de\/?post_type=product&#038;p=31562"},"modified":"2025-01-25T00:15:55","modified_gmt":"2025-01-24T23:15:55","slug":"la-1012-kabel-locator","status":"publish","type":"product","link":"https:\/\/cem-instruments.de\/de\/product\/la-1012-kabel-locator\/","title":{"rendered":"LA-1012+1012B Kabel-Locator"},"content":{"rendered":"\t\t<div data-elementor-type=\"wp-post\" data-elementor-id=\"31562\" class=\"elementor elementor-31562\" data-elementor-post-type=\"product\">\n\t\t\t\t<div class=\"wd-negative-gap elementor-element elementor-element-cb943fb e-flex e-con-boxed e-con e-parent\" data-id=\"cb943fb\" data-element_type=\"container\">\n\t\t\t\t\t<div class=\"e-con-inner\">\n\t\t<div class=\"elementor-element elementor-element-d4f9ff1 e-con-full e-flex e-con e-child\" data-id=\"d4f9ff1\" data-element_type=\"container\">\n\t\t\t\t<div class=\"elementor-element elementor-element-b6b9235 e-n-tabs-mobile elementor-widget elementor-widget-n-tabs\" data-id=\"b6b9235\" data-element_type=\"widget\" data-settings=\"{&quot;tabs_justify_horizontal&quot;:&quot;start&quot;,&quot;horizontal_scroll&quot;:&quot;disable&quot;}\" data-widget_type=\"nested-tabs.default\">\n\t\t\t\t<div class=\"elementor-widget-container\">\n\t\t\t\t\t\t\t<div class=\"e-n-tabs\" data-widget-number=\"191599157\" aria-label=\"Tabs. Open items with Enter or Space, close with Escape and navigate using the Arrow keys.\">\n\t\t\t<div class=\"e-n-tabs-heading\" role=\"tablist\">\n\t\t\t\t\t<button id=\"e-n-tab-title-1915991571\" class=\"e-n-tab-title\" aria-selected=\"true\" data-tab-index=\"1\" role=\"tab\" tabindex=\"0\" aria-controls=\"e-n-tab-content-1915991571\" style=\"--n-tabs-title-order: 1;\">\n\t\t\t\t\t\t<span class=\"e-n-tab-title-text\">\n\t\t\t\tDescription\t\t\t<\/span>\n\t\t<\/button>\n\t\t\t\t<button id=\"e-n-tab-title-1915991572\" class=\"e-n-tab-title\" aria-selected=\"false\" data-tab-index=\"2\" role=\"tab\" tabindex=\"-1\" aria-controls=\"e-n-tab-content-1915991572\" style=\"--n-tabs-title-order: 2;\">\n\t\t\t\t\t\t<span class=\"e-n-tab-title-text\">\n\t\t\t\tSpecification\t\t\t<\/span>\n\t\t<\/button>\n\t\t\t\t<button id=\"e-n-tab-title-1915991573\" class=\"e-n-tab-title\" aria-selected=\"false\" data-tab-index=\"3\" role=\"tab\" tabindex=\"-1\" aria-controls=\"e-n-tab-content-1915991573\" style=\"--n-tabs-title-order: 3;\">\n\t\t\t\t\t\t<span class=\"e-n-tab-title-text\">\n\t\t\t\tResources\t\t\t<\/span>\n\t\t<\/button>\n\t\t\t\t\t<\/div>\n\t\t\t<div class=\"e-n-tabs-content\">\n\t\t\t\t<div id=\"e-n-tab-content-1915991571\" role=\"tabpanel\" aria-labelledby=\"e-n-tab-title-1915991571\" data-tab-index=\"1\" style=\"--n-tabs-title-order: 1;\" class=\"e-active elementor-element elementor-element-b3b56da e-con-full e-flex e-con e-child\" data-id=\"b3b56da\" data-element_type=\"container\">\n\t\t<div class=\"wd-negative-gap elementor-element elementor-element-ec80dbd e-flex e-con-boxed e-con e-child\" data-id=\"ec80dbd\" data-element_type=\"container\">\n\t\t\t\t\t<div class=\"e-con-inner\">\n\t\t\t\t<div class=\"elementor-element elementor-element-9a09e18 elementor-widget elementor-widget-wd_text_block\" data-id=\"9a09e18\" data-element_type=\"widget\" data-widget_type=\"wd_text_block.default\">\n\t\t\t\t<div class=\"elementor-widget-container\">\n\t\t\t\t\t\t\t<div class=\"wd-text-block reset-last-child text-left\">\n\t\t\t\n\t\t\t<p>Der Kabelsucher ist ein professionelles, universell einsetzbares Ger\u00e4t zur Kabelortung. Er eignet sich ideal zum Verfolgen von Kabeln in W\u00e4nden und im Erdreich, zum Lokalisieren von Sicherungen\/Leitungsschutzschaltern in Endstromkreisen sowie zum Auffinden von Unterbrechungen und Kurzschl\u00fcssen in Kabeln und elektrischen Fu\u00dfbodenheizungen. Zudem kann er zum Verfolgen von metallischen Wasser- und Heizungsrohren verwendet werden. Das Ger\u00e4t wird als Komplettset geliefert, bestehend aus einem Sender und einem Empf\u00e4nger in einem speziell angefertigten Transportkoffer. Der Empf\u00e4nger verf\u00fcgt au\u00dferdem \u00fcber eine Taschenlampenfunktion f\u00fcr Arbeiten in schlecht beleuchteten Umgebungen.<\/p><ul><li>F\u00fcr alle Anwendungen (unter Spannung stehende oder spannungsfreie Kabel) ohne zus\u00e4tzliche Instrumente<\/li><li>Das Set umfasst einen Sender und einen Empf\u00e4nger<\/li><li>Bew\u00e4hrtes digital codiertes Sendersignal garantiert eine klare Signalidentifikation<\/li><li>Sender mit LCD-Display zur Anzeige des Sendepegels, des Sendecodes und der externen Spannung<\/li><li>Empf\u00e4nger mit beleuchtetem LCD-Display zur Anzeige des Empfangssignalpegels, des Empfangscodes und der Anzeige von Spannung<\/li><li>Automatische oder manuelle Anpassung der Empfangssignalempfindlichkeit<\/li><li>Umschaltbares akustisches Empfangssignal<\/li><li>Automatische Abschaltung (Auto Power Off)<\/li><li>Zus\u00e4tzliche Taschenlampenfunktion f\u00fcr Arbeiten in dunkler Umgebung<\/li><li>Zus\u00e4tzliche Sender erh\u00e4ltlich, um mehrere Signale voneinander zu unterscheiden<\/li><\/ul>\n\t\t\t\t\t<\/div>\n\t\t\t\t\t\t<\/div>\n\t\t\t\t<\/div>\n\t\t\t\t\t<\/div>\n\t\t\t\t<\/div>\n\t\t<div class=\"elementor-element elementor-element-76831c0 e-con-full e-flex e-con e-child\" data-id=\"76831c0\" data-element_type=\"container\">\n\t\t\t\t<\/div>\n\t\t\t\t<\/div>\n\t\t<div id=\"e-n-tab-content-1915991572\" role=\"tabpanel\" aria-labelledby=\"e-n-tab-title-1915991572\" data-tab-index=\"2\" style=\"--n-tabs-title-order: 2;\" class=\" elementor-element elementor-element-9ce76d9 e-con-full e-flex e-con e-child\" data-id=\"9ce76d9\" data-element_type=\"container\">\n\t\t\t\t<div class=\"elementor-element elementor-element-52ffffd elementor-widget elementor-widget-wd_image_or_svg\" data-id=\"52ffffd\" data-element_type=\"widget\" data-widget_type=\"wd_image_or_svg.default\">\n\t\t\t\t<div class=\"elementor-widget-container\">\n\t\t\t\t\t\n\t\t<div class=\"wd-image text-left\">\n\t\t\t\t\t\t\t\t<img width=\"479\" height=\"355\" data-public-id=\"791b8ad4a8761140313b6b87db0da7e_bqysng\/791b8ad4a8761140313b6b87db0da7e_bqysng.png\" fetchpriority=\"high\" decoding=\"async\" src=\"https:\/\/res.cloudinary.com\/dathdmgqz\/images\/w_479,h_355,c_scale\/f_auto,q_auto\/v1729511666\/791b8ad4a8761140313b6b87db0da7e_bqysng\/791b8ad4a8761140313b6b87db0da7e_bqysng.png?_i=AA\" class=\"attachment-full size-full wp-image-31567\" alt=\"\" data-format=\"png\" data-transformations=\"f_auto,q_auto\" data-version=\"1729511666\" data-seo=\"1\" data-responsive=\"1\" srcset=\"https:\/\/res.cloudinary.com\/dathdmgqz\/images\/w_479,h_355,c_scale\/f_auto,q_auto\/v1729511666\/791b8ad4a8761140313b6b87db0da7e_bqysng\/791b8ad4a8761140313b6b87db0da7e_bqysng.png?_i=AA 479w, https:\/\/res.cloudinary.com\/dathdmgqz\/images\/w_448,h_332,c_scale\/f_auto,q_auto\/v1729511666\/791b8ad4a8761140313b6b87db0da7e_bqysng\/791b8ad4a8761140313b6b87db0da7e_bqysng.png?_i=AA 448w, https:\/\/res.cloudinary.com\/dathdmgqz\/images\/w_248,h_183,c_scale\/f_auto,q_auto\/v1729511666\/791b8ad4a8761140313b6b87db0da7e_bqysng\/791b8ad4a8761140313b6b87db0da7e_bqysng.png?_i=AA 248w\" sizes=\"(max-width: 479px) 100vw, 479px\" \/>\t\t\t\t\t<\/div>\n\n\t\t\t\t\t\t<\/div>\n\t\t\t\t<\/div>\n\t\t\t\t<\/div>\n\t\t<div id=\"e-n-tab-content-1915991573\" role=\"tabpanel\" aria-labelledby=\"e-n-tab-title-1915991573\" data-tab-index=\"3\" style=\"--n-tabs-title-order: 3;\" class=\" elementor-element elementor-element-f83e886 e-con-full e-flex e-con e-child\" data-id=\"f83e886\" data-element_type=\"container\">\n\t\t<div class=\"elementor-element elementor-element-db9c00e e-con-full e-flex e-con e-child\" data-id=\"db9c00e\" data-element_type=\"container\">\n\t\t\t\t<div class=\"elementor-element elementor-element-2e695c1 elementor-widget elementor-widget-wd_list\" data-id=\"2e695c1\" data-element_type=\"widget\" data-widget_type=\"wd_list.default\">\n\t\t\t\t<div class=\"elementor-widget-container\">\n\t\t\t\t\t\t\t<ul class=\"wd-list color-scheme- wd-fontsize-xs wd-type-icon wd-style-default text-left\">\n\t\t\t\t\t\t\t\t\t\t\t<li class=\"elementor-repeater-item-fe163c2\">\n\t\t\t\t\t\t\t\t\t\t\t<span class=\"wd-icon\"><svg class=\"e-font-icon-svg e-fas-star\" viewBox=\"0 0 576 512\" xmlns=\"http:\/\/www.w3.org\/2000\/svg\"><path d=\"M259.3 17.8L194 150.2 47.9 171.5c-26.2 3.8-36.7 36.1-17.7 54.6l105.7 103-25 145.5c-4.5 26.3 23.2 46 46.4 33.7L288 439.6l130.7 68.7c23.2 12.2 50.9-7.4 46.4-33.7l-25-145.5 105.7-103c19-18.5 8.5-50.8-17.7-54.6L382 150.2 316.7 17.8c-11.7-23.6-45.6-23.9-57.4 0z\"><\/path><\/svg><\/span>\t\t\t\t\t\n\t\t\t\t\t<span class=\"wd-list-content list-content\">\n\t\t\t\t\t\tapplication note\t\t\t\t\t<\/span>\n\n\t\t\t\t\t\t\t\t\t<\/li>\n\t\t\t\t\t<\/ul>\n\n\t\t\t\t\t\t<\/div>\n\t\t\t\t<\/div>\n\t\t\t\t<div class=\"elementor-element elementor-element-8f7f28f elementor-widget elementor-widget-wd_list\" data-id=\"8f7f28f\" data-element_type=\"widget\" data-widget_type=\"wd_list.default\">\n\t\t\t\t<div class=\"elementor-widget-container\">\n\t\t\t\t\t\t\t<ul class=\"wd-list color-scheme-custom wd-fontsize-xs wd-type-icon wd-style-default text-left\">\n\t\t\t\t\t\t\t\t\t\t\t<li class=\"elementor-repeater-item-fe163c2\">\n\t\t\t\t\t\t\t\t\t\t\t<span class=\"wd-icon\"><svg class=\"e-font-icon-svg e-fas-star\" viewBox=\"0 0 576 512\" xmlns=\"http:\/\/www.w3.org\/2000\/svg\"><path d=\"M259.3 17.8L194 150.2 47.9 171.5c-26.2 3.8-36.7 36.1-17.7 54.6l105.7 103-25 145.5c-4.5 26.3 23.2 46 46.4 33.7L288 439.6l130.7 68.7c23.2 12.2 50.9-7.4 46.4-33.7l-25-145.5 105.7-103c19-18.5 8.5-50.8-17.7-54.6L382 150.2 316.7 17.8c-11.7-23.6-45.6-23.9-57.4 0z\"><\/path><\/svg><\/span>\t\t\t\t\t\n\t\t\t\t\t<span class=\"wd-list-content list-content\">\n\t\t\t\t\t\tdatasheet\t\t\t\t\t<\/span>\n\n\t\t\t\t\t\t\t\t\t<\/li>\n\t\t\t\t\t\t\t\t\t\t\t<li class=\"elementor-repeater-item-66113ab\">\n\t\t\t\t\t\t\t\t\t\t\t<span class=\"wd-icon\"><svg class=\"e-font-icon-svg e-fas-star\" viewBox=\"0 0 576 512\" xmlns=\"http:\/\/www.w3.org\/2000\/svg\"><path d=\"M259.3 17.8L194 150.2 47.9 171.5c-26.2 3.8-36.7 36.1-17.7 54.6l105.7 103-25 145.5c-4.5 26.3 23.2 46 46.4 33.7L288 439.6l130.7 68.7c23.2 12.2 50.9-7.4 46.4-33.7l-25-145.5 105.7-103c19-18.5 8.5-50.8-17.7-54.6L382 150.2 316.7 17.8c-11.7-23.6-45.6-23.9-57.4 0z\"><\/path><\/svg><\/span>\t\t\t\t\t\n\t\t\t\t\t<span class=\"wd-list-content list-content\">\n\t\t\t\t\t\tuser manual\t\t\t\t\t<\/span>\n\n\t\t\t\t\t\n\t\t\t\t\t\t<a  href=\"https:\/\/cemtestinstrumentsgmbh357-my.sharepoint.com\/:b:\/g\/personal\/sh_li_cemtestinstrumentsgmbh357_onmicrosoft_com\/ESLhnmtjJBVAkjk__GvkqRcBN472fZhtpjmons4PIcqVOQ?e=sQkKDh\" class=\"wd-fill\" aria-label=\"List item link\" target=\"_blank\" rel=\"nofollow\"><\/a>\n\t\t\t\t\t\t\t\t\t<\/li>\n\t\t\t\t\t<\/ul>\n\n\t\t\t\t\t\t<\/div>\n\t\t\t\t<\/div>\n\t\t\t\t<\/div>\n\t\t<div class=\"elementor-element elementor-element-03529b4 e-con-full e-flex e-con e-child\" data-id=\"03529b4\" data-element_type=\"container\">\n\t\t\t\t<\/div>\n\t\t\t\t<\/div>\n\t\t\t\t\t<\/div>\n\t\t<\/div>\n\t\t\t\t\t\t<\/div>\n\t\t\t\t<\/div>\n\t\t\t\t<\/div>\n\t\t\t\t\t<\/div>\n\t\t\t\t<\/div>\n\t\t\t\t<\/div>\n\t\t","protected":false},"excerpt":{"rendered":"<p>Der Kabel-Locator ist ein professioneller universeller Kabel-Locator. Er eignet sich ideal zum Verfolgen von Kabeln in W\u00e4nden und unterirdisch, zum Auffinden von Sicherungen\/Unterbrechern in Endstromkreisen sowie zum Lokalisieren von Unterbrechungen und Kurzschl\u00fcssen in Kabeln und elektrischen Fu\u00dfbodenheizsystemen. Er kann auch zum Verfolgen von Metallwasser- und Heizungsrohren verwendet werden. Das Ger\u00e4t wird als komplettes Set geliefert, bestehend aus einem Sender und einem Empf\u00e4nger in einem speziell gefertigten Tragekoffer. Der Empf\u00e4nger verf\u00fcgt zudem \u00fcber eine Taschenlampenfunktion, die das Arbeiten an schwach beleuchteten Orten erleichtert.<\/p>\n","protected":false},"featured_media":31563,"template":"","meta":{"_cloudinary_featured_overwrite":false},"product_brand":[],"product_cat":[365,433],"product_tag":[],"class_list":{"0":"post-31562","1":"product","2":"type-product","3":"status-publish","4":"has-post-thumbnail","6":"product_cat-building_infrastructure_tools","7":"product_cat-cable_locator","9":"first","10":"instock","11":"shipping-taxable","12":"product-type-simple"},"yoast_head":"<!-- This site is optimized with the Yoast SEO plugin v24.3 - https:\/\/yoast.com\/wordpress\/plugins\/seo\/ -->\n<title>LA-1012+1012B Kabel-Locator - CEM Test Instruments GmbH<\/title>\n<meta name=\"description\" content=\"Der Kabel-Locator ist ein professioneller universeller Kabel-Locator. Er eignet sich ideal zum Verfolgen von Kabeln in W\u00e4nden und unterirdisch, zum Auffinden von Sicherungen\/Unterbrechern in Endstromkreisen sowie zum Lokalisieren von Unterbrechungen und Kurzschl\u00fcssen in Kabeln und elektrischen Fu\u00dfbodenheizsystemen. Er kann auch zum Verfolgen von Metallwasser- und Heizungsrohren verwendet werden. Das Ger\u00e4t wird als komplettes Set geliefert, bestehend aus einem Sender und einem Empf\u00e4nger in einem speziell gefertigten Tragekoffer. Der Empf\u00e4nger verf\u00fcgt zudem \u00fcber eine Taschenlampenfunktion, die das Arbeiten an schwach beleuchteten Orten erleichtert.\" \/>\n<meta name=\"robots\" content=\"index, follow, max-snippet:-1, max-image-preview:large, max-video-preview:-1\" \/>\n<link rel=\"canonical\" href=\"https:\/\/cem-instruments.de\/de\/product\/la-1012-kabel-locator\/\" \/>\n<meta property=\"og:locale\" content=\"de_DE\" \/>\n<meta property=\"og:type\" content=\"article\" \/>\n<meta property=\"og:title\" content=\"LA-1012+1012B Kabel-Locator - CEM Test Instruments GmbH\" \/>\n<meta property=\"og:description\" content=\"Der Kabel-Locator ist ein professioneller universeller Kabel-Locator. Er eignet sich ideal zum Verfolgen von Kabeln in W\u00e4nden und unterirdisch, zum Auffinden von Sicherungen\/Unterbrechern in Endstromkreisen sowie zum Lokalisieren von Unterbrechungen und Kurzschl\u00fcssen in Kabeln und elektrischen Fu\u00dfbodenheizsystemen. Er kann auch zum Verfolgen von Metallwasser- und Heizungsrohren verwendet werden. Das Ger\u00e4t wird als komplettes Set geliefert, bestehend aus einem Sender und einem Empf\u00e4nger in einem speziell gefertigten Tragekoffer. Der Empf\u00e4nger verf\u00fcgt zudem \u00fcber eine Taschenlampenfunktion, die das Arbeiten an schwach beleuchteten Orten erleichtert.\" \/>\n<meta property=\"og:url\" content=\"https:\/\/cem-instruments.de\/de\/product\/la-1012-kabel-locator\/\" \/>\n<meta property=\"og:site_name\" content=\"CEM Test Instruments GmbH\" \/>\n<meta property=\"article:modified_time\" content=\"2025-01-24T23:15:55+00:00\" \/>\n<meta property=\"og:image\" content=\"https:\/\/res.cloudinary.com\/dathdmgqz\/images\/f_auto,q_auto\/v1729511666\/LA-1012_h6ljsr\/LA-1012_h6ljsr.jpg?_i=AA\" \/>\n\t<meta property=\"og:image:width\" content=\"540\" \/>\n\t<meta property=\"og:image:height\" content=\"720\" \/>\n\t<meta property=\"og:image:type\" content=\"image\/jpeg\" \/>\n<meta name=\"twitter:card\" content=\"summary_large_image\" \/>\n<meta name=\"twitter:label1\" content=\"Gesch\u00e4tzte Lesezeit\" \/>\n\t<meta name=\"twitter:data1\" content=\"3\u00a0Minuten\" \/>\n<script type=\"application\/ld+json\" class=\"yoast-schema-graph\">{\"@context\":\"https:\/\/schema.org\",\"@graph\":[{\"@type\":\"WebPage\",\"@id\":\"https:\/\/cem-instruments.de\/de\/product\/la-1012-kabel-locator\/\",\"url\":\"https:\/\/cem-instruments.de\/de\/product\/la-1012-kabel-locator\/\",\"name\":\"LA-1012+1012B Kabel-Locator - CEM Test Instruments GmbH\",\"isPartOf\":{\"@id\":\"https:\/\/cem-instruments.de\/de\/#website\"},\"primaryImageOfPage\":{\"@id\":\"https:\/\/cem-instruments.de\/de\/product\/la-1012-kabel-locator\/#primaryimage\"},\"image\":{\"@id\":\"https:\/\/cem-instruments.de\/de\/product\/la-1012-kabel-locator\/#primaryimage\"},\"thumbnailUrl\":\"https:\/\/res.cloudinary.com\/dathdmgqz\/images\/f_auto,q_auto\/v1729511666\/LA-1012_h6ljsr\/LA-1012_h6ljsr.jpg?_i=AA\",\"datePublished\":\"2024-10-22T10:17:11+00:00\",\"dateModified\":\"2025-01-24T23:15:55+00:00\",\"description\":\"Der Kabel-Locator ist ein professioneller universeller Kabel-Locator. Er eignet sich ideal zum Verfolgen von Kabeln in W\u00e4nden und unterirdisch, zum Auffinden von Sicherungen\/Unterbrechern in Endstromkreisen sowie zum Lokalisieren von Unterbrechungen und Kurzschl\u00fcssen in Kabeln und elektrischen Fu\u00dfbodenheizsystemen. Er kann auch zum Verfolgen von Metallwasser- und Heizungsrohren verwendet werden. Das Ger\u00e4t wird als komplettes Set geliefert, bestehend aus einem Sender und einem Empf\u00e4nger in einem speziell gefertigten Tragekoffer. Der Empf\u00e4nger verf\u00fcgt zudem \u00fcber eine Taschenlampenfunktion, die das Arbeiten an schwach beleuchteten Orten erleichtert.\",\"breadcrumb\":{\"@id\":\"https:\/\/cem-instruments.de\/de\/product\/la-1012-kabel-locator\/#breadcrumb\"},\"inLanguage\":\"de\",\"potentialAction\":[{\"@type\":\"ReadAction\",\"target\":[\"https:\/\/cem-instruments.de\/de\/product\/la-1012-kabel-locator\/\"]}]},{\"@type\":\"ImageObject\",\"inLanguage\":\"de\",\"@id\":\"https:\/\/cem-instruments.de\/de\/product\/la-1012-kabel-locator\/#primaryimage\",\"url\":\"https:\/\/res.cloudinary.com\/dathdmgqz\/images\/f_auto,q_auto\/v1729511666\/LA-1012_h6ljsr\/LA-1012_h6ljsr.jpg?_i=AA\",\"contentUrl\":\"https:\/\/res.cloudinary.com\/dathdmgqz\/images\/f_auto,q_auto\/v1729511666\/LA-1012_h6ljsr\/LA-1012_h6ljsr.jpg?_i=AA\",\"width\":540,\"height\":720},{\"@type\":\"BreadcrumbList\",\"@id\":\"https:\/\/cem-instruments.de\/de\/product\/la-1012-kabel-locator\/#breadcrumb\",\"itemListElement\":[{\"@type\":\"ListItem\",\"position\":1,\"name\":\"Home\",\"item\":\"https:\/\/cem-instruments.de\/de\/\"},{\"@type\":\"ListItem\",\"position\":2,\"name\":\"Products\",\"item\":\"https:\/\/cem-instruments.de\/de\/shop\/\"},{\"@type\":\"ListItem\",\"position\":3,\"name\":\"LA-1012+1012B Kabel-Locator\"}]},{\"@type\":\"WebSite\",\"@id\":\"https:\/\/cem-instruments.de\/de\/#website\",\"url\":\"https:\/\/cem-instruments.de\/de\/\",\"name\":\"CEM Test Instruments GmbH\",\"description\":\"CEM Test Instruments GmbH\",\"publisher\":{\"@id\":\"https:\/\/cem-instruments.de\/de\/#organization\"},\"alternateName\":\"best partner for electronic instruments\",\"potentialAction\":[{\"@type\":\"SearchAction\",\"target\":{\"@type\":\"EntryPoint\",\"urlTemplate\":\"https:\/\/cem-instruments.de\/de\/?s={search_term_string}\"},\"query-input\":{\"@type\":\"PropertyValueSpecification\",\"valueRequired\":true,\"valueName\":\"search_term_string\"}}],\"inLanguage\":\"de\"},{\"@type\":\"Organization\",\"@id\":\"https:\/\/cem-instruments.de\/de\/#organization\",\"name\":\"CEM Test Instruments GmbH\",\"url\":\"https:\/\/cem-instruments.de\/de\/\",\"logo\":{\"@type\":\"ImageObject\",\"inLanguage\":\"de\",\"@id\":\"https:\/\/cem-instruments.de\/de\/#\/schema\/logo\/image\/\",\"url\":\"https:\/\/res.cloudinary.com\/dathdmgqz\/images\/f_auto,q_auto\/v1728637129\/cropped-2024-10-11-10_57_57-cem-instruments.de-\u2013-CEM-instruments-GmbH\/cropped-2024-10-11-10_57_57-cem-instruments.de-\u2013-CEM-instruments-GmbH.jpg?_i=AA\",\"contentUrl\":\"https:\/\/res.cloudinary.com\/dathdmgqz\/images\/f_auto,q_auto\/v1728637129\/cropped-2024-10-11-10_57_57-cem-instruments.de-\u2013-CEM-instruments-GmbH\/cropped-2024-10-11-10_57_57-cem-instruments.de-\u2013-CEM-instruments-GmbH.jpg?_i=AA\",\"width\":512,\"height\":512,\"caption\":\"CEM Test Instruments GmbH\"},\"image\":{\"@id\":\"https:\/\/cem-instruments.de\/de\/#\/schema\/logo\/image\/\"}}]}<\/script>\n<!-- \/ Yoast SEO plugin. -->","yoast_head_json":{"title":"LA-1012+1012B Kabel-Locator - CEM Test Instruments GmbH","description":"Der Kabel-Locator ist ein professioneller universeller Kabel-Locator. Er eignet sich ideal zum Verfolgen von Kabeln in W\u00e4nden und unterirdisch, zum Auffinden von Sicherungen\/Unterbrechern in Endstromkreisen sowie zum Lokalisieren von Unterbrechungen und Kurzschl\u00fcssen in Kabeln und elektrischen Fu\u00dfbodenheizsystemen. Er kann auch zum Verfolgen von Metallwasser- und Heizungsrohren verwendet werden. Das Ger\u00e4t wird als komplettes Set geliefert, bestehend aus einem Sender und einem Empf\u00e4nger in einem speziell gefertigten Tragekoffer. Der Empf\u00e4nger verf\u00fcgt zudem \u00fcber eine Taschenlampenfunktion, die das Arbeiten an schwach beleuchteten Orten erleichtert.","robots":{"index":"index","follow":"follow","max-snippet":"max-snippet:-1","max-image-preview":"max-image-preview:large","max-video-preview":"max-video-preview:-1"},"canonical":"https:\/\/cem-instruments.de\/de\/product\/la-1012-kabel-locator\/","og_locale":"de_DE","og_type":"article","og_title":"LA-1012+1012B Kabel-Locator - CEM Test Instruments GmbH","og_description":"Der Kabel-Locator ist ein professioneller universeller Kabel-Locator. Er eignet sich ideal zum Verfolgen von Kabeln in W\u00e4nden und unterirdisch, zum Auffinden von Sicherungen\/Unterbrechern in Endstromkreisen sowie zum Lokalisieren von Unterbrechungen und Kurzschl\u00fcssen in Kabeln und elektrischen Fu\u00dfbodenheizsystemen. Er kann auch zum Verfolgen von Metallwasser- und Heizungsrohren verwendet werden. Das Ger\u00e4t wird als komplettes Set geliefert, bestehend aus einem Sender und einem Empf\u00e4nger in einem speziell gefertigten Tragekoffer. Der Empf\u00e4nger verf\u00fcgt zudem \u00fcber eine Taschenlampenfunktion, die das Arbeiten an schwach beleuchteten Orten erleichtert.","og_url":"https:\/\/cem-instruments.de\/de\/product\/la-1012-kabel-locator\/","og_site_name":"CEM Test Instruments GmbH","article_modified_time":"2025-01-24T23:15:55+00:00","og_image":[{"width":540,"height":720,"url":"https:\/\/res.cloudinary.com\/dathdmgqz\/images\/f_auto,q_auto\/v1729511666\/LA-1012_h6ljsr\/LA-1012_h6ljsr.jpg?_i=AA","type":"image\/jpeg"}],"twitter_card":"summary_large_image","twitter_misc":{"Gesch\u00e4tzte Lesezeit":"3\u00a0Minuten"},"schema":{"@context":"https:\/\/schema.org","@graph":[{"@type":"WebPage","@id":"https:\/\/cem-instruments.de\/de\/product\/la-1012-kabel-locator\/","url":"https:\/\/cem-instruments.de\/de\/product\/la-1012-kabel-locator\/","name":"LA-1012+1012B Kabel-Locator - CEM Test Instruments GmbH","isPartOf":{"@id":"https:\/\/cem-instruments.de\/de\/#website"},"primaryImageOfPage":{"@id":"https:\/\/cem-instruments.de\/de\/product\/la-1012-kabel-locator\/#primaryimage"},"image":{"@id":"https:\/\/cem-instruments.de\/de\/product\/la-1012-kabel-locator\/#primaryimage"},"thumbnailUrl":"https:\/\/res.cloudinary.com\/dathdmgqz\/images\/f_auto,q_auto\/v1729511666\/LA-1012_h6ljsr\/LA-1012_h6ljsr.jpg?_i=AA","datePublished":"2024-10-22T10:17:11+00:00","dateModified":"2025-01-24T23:15:55+00:00","description":"Der Kabel-Locator ist ein professioneller universeller Kabel-Locator. Er eignet sich ideal zum Verfolgen von Kabeln in W\u00e4nden und unterirdisch, zum Auffinden von Sicherungen\/Unterbrechern in Endstromkreisen sowie zum Lokalisieren von Unterbrechungen und Kurzschl\u00fcssen in Kabeln und elektrischen Fu\u00dfbodenheizsystemen. Er kann auch zum Verfolgen von Metallwasser- und Heizungsrohren verwendet werden. Das Ger\u00e4t wird als komplettes Set geliefert, bestehend aus einem Sender und einem Empf\u00e4nger in einem speziell gefertigten Tragekoffer. Der Empf\u00e4nger verf\u00fcgt zudem \u00fcber eine Taschenlampenfunktion, die das Arbeiten an schwach beleuchteten Orten erleichtert.","breadcrumb":{"@id":"https:\/\/cem-instruments.de\/de\/product\/la-1012-kabel-locator\/#breadcrumb"},"inLanguage":"de","potentialAction":[{"@type":"ReadAction","target":["https:\/\/cem-instruments.de\/de\/product\/la-1012-kabel-locator\/"]}]},{"@type":"ImageObject","inLanguage":"de","@id":"https:\/\/cem-instruments.de\/de\/product\/la-1012-kabel-locator\/#primaryimage","url":"https:\/\/res.cloudinary.com\/dathdmgqz\/images\/f_auto,q_auto\/v1729511666\/LA-1012_h6ljsr\/LA-1012_h6ljsr.jpg?_i=AA","contentUrl":"https:\/\/res.cloudinary.com\/dathdmgqz\/images\/f_auto,q_auto\/v1729511666\/LA-1012_h6ljsr\/LA-1012_h6ljsr.jpg?_i=AA","width":540,"height":720},{"@type":"BreadcrumbList","@id":"https:\/\/cem-instruments.de\/de\/product\/la-1012-kabel-locator\/#breadcrumb","itemListElement":[{"@type":"ListItem","position":1,"name":"Home","item":"https:\/\/cem-instruments.de\/de\/"},{"@type":"ListItem","position":2,"name":"Products","item":"https:\/\/cem-instruments.de\/de\/shop\/"},{"@type":"ListItem","position":3,"name":"LA-1012+1012B Kabel-Locator"}]},{"@type":"WebSite","@id":"https:\/\/cem-instruments.de\/de\/#website","url":"https:\/\/cem-instruments.de\/de\/","name":"CEM Test Instruments GmbH","description":"CEM Test Instruments GmbH","publisher":{"@id":"https:\/\/cem-instruments.de\/de\/#organization"},"alternateName":"best partner for electronic instruments","potentialAction":[{"@type":"SearchAction","target":{"@type":"EntryPoint","urlTemplate":"https:\/\/cem-instruments.de\/de\/?s={search_term_string}"},"query-input":{"@type":"PropertyValueSpecification","valueRequired":true,"valueName":"search_term_string"}}],"inLanguage":"de"},{"@type":"Organization","@id":"https:\/\/cem-instruments.de\/de\/#organization","name":"CEM Test Instruments GmbH","url":"https:\/\/cem-instruments.de\/de\/","logo":{"@type":"ImageObject","inLanguage":"de","@id":"https:\/\/cem-instruments.de\/de\/#\/schema\/logo\/image\/","url":"https:\/\/res.cloudinary.com\/dathdmgqz\/images\/f_auto,q_auto\/v1728637129\/cropped-2024-10-11-10_57_57-cem-instruments.de-\u2013-CEM-instruments-GmbH\/cropped-2024-10-11-10_57_57-cem-instruments.de-\u2013-CEM-instruments-GmbH.jpg?_i=AA","contentUrl":"https:\/\/res.cloudinary.com\/dathdmgqz\/images\/f_auto,q_auto\/v1728637129\/cropped-2024-10-11-10_57_57-cem-instruments.de-\u2013-CEM-instruments-GmbH\/cropped-2024-10-11-10_57_57-cem-instruments.de-\u2013-CEM-instruments-GmbH.jpg?_i=AA","width":512,"height":512,"caption":"CEM Test Instruments GmbH"},"image":{"@id":"https:\/\/cem-instruments.de\/de\/#\/schema\/logo\/image\/"}}]}},"_links":{"self":[{"href":"https:\/\/cem-instruments.de\/de\/wp-json\/wp\/v2\/product\/31562","targetHints":{"allow":["GET"]}}],"collection":[{"href":"https:\/\/cem-instruments.de\/de\/wp-json\/wp\/v2\/product"}],"about":[{"href":"https:\/\/cem-instruments.de\/de\/wp-json\/wp\/v2\/types\/product"}],"version-history":[{"count":5,"href":"https:\/\/cem-instruments.de\/de\/wp-json\/wp\/v2\/product\/31562\/revisions"}],"predecessor-version":[{"id":32097,"href":"https:\/\/cem-instruments.de\/de\/wp-json\/wp\/v2\/product\/31562\/revisions\/32097"}],"wp:featuredmedia":[{"embeddable":true,"href":"https:\/\/cem-instruments.de\/de\/wp-json\/wp\/v2\/media\/31563"}],"wp:attachment":[{"href":"https:\/\/cem-instruments.de\/de\/wp-json\/wp\/v2\/media?parent=31562"}],"wp:term":[{"taxonomy":"product_brand","embeddable":true,"href":"https:\/\/cem-instruments.de\/de\/wp-json\/wp\/v2\/product_brand?post=31562"},{"taxonomy":"product_cat","embeddable":true,"href":"https:\/\/cem-instruments.de\/de\/wp-json\/wp\/v2\/product_cat?post=31562"},{"taxonomy":"product_tag","embeddable":true,"href":"https:\/\/cem-instruments.de\/de\/wp-json\/wp\/v2\/product_tag?post=31562"}],"curies":[{"name":"wp","href":"https:\/\/api.w.org\/{rel}","templated":true}]}}