{"id":31606,"date":"2024-10-29T09:43:31","date_gmt":"2024-10-29T08:43:31","guid":{"rendered":"https:\/\/cem-instruments.de\/de\/?post_type=product&#038;p=31606"},"modified":"2025-01-23T22:58:17","modified_gmt":"2025-01-23T21:58:17","slug":"dt-886-ohr-thermometer","status":"publish","type":"product","link":"https:\/\/cem-instruments.de\/de\/product\/dt-886-ohr-thermometer\/","title":{"rendered":"DT-886\/886B Ohr-Thermometer"},"content":{"rendered":"\t\t<div data-elementor-type=\"wp-post\" data-elementor-id=\"31606\" class=\"elementor elementor-31606\" data-elementor-post-type=\"product\">\n\t\t\t\t<div class=\"wd-negative-gap elementor-element elementor-element-4fd29b8 e-flex e-con-boxed e-con e-parent\" data-id=\"4fd29b8\" data-element_type=\"container\">\n\t\t\t\t\t<div class=\"e-con-inner\">\n\t\t<div class=\"elementor-element elementor-element-e4d1ddc e-con-full e-flex e-con e-child\" data-id=\"e4d1ddc\" data-element_type=\"container\">\n\t\t\t\t<div class=\"elementor-element elementor-element-a9bff60 e-n-tabs-mobile elementor-widget elementor-widget-n-tabs\" data-id=\"a9bff60\" data-element_type=\"widget\" data-settings=\"{&quot;tabs_justify_horizontal&quot;:&quot;start&quot;,&quot;horizontal_scroll&quot;:&quot;disable&quot;}\" data-widget_type=\"nested-tabs.default\">\n\t\t\t\t<div class=\"elementor-widget-container\">\n\t\t\t\t\t\t\t<div class=\"e-n-tabs\" data-widget-number=\"177995616\" aria-label=\"Tabs. Open items with Enter or Space, close with Escape and navigate using the Arrow keys.\">\n\t\t\t<div class=\"e-n-tabs-heading\" role=\"tablist\">\n\t\t\t\t\t<button id=\"e-n-tab-title-1779956161\" class=\"e-n-tab-title\" aria-selected=\"true\" data-tab-index=\"1\" role=\"tab\" tabindex=\"0\" aria-controls=\"e-n-tab-content-1779956161\" style=\"--n-tabs-title-order: 1;\">\n\t\t\t\t\t\t<span class=\"e-n-tab-title-text\">\n\t\t\t\tDescription\t\t\t<\/span>\n\t\t<\/button>\n\t\t\t\t<button id=\"e-n-tab-title-1779956162\" class=\"e-n-tab-title\" aria-selected=\"false\" data-tab-index=\"2\" role=\"tab\" tabindex=\"-1\" aria-controls=\"e-n-tab-content-1779956162\" style=\"--n-tabs-title-order: 2;\">\n\t\t\t\t\t\t<span class=\"e-n-tab-title-text\">\n\t\t\t\tSpecification\t\t\t<\/span>\n\t\t<\/button>\n\t\t\t\t<button id=\"e-n-tab-title-1779956163\" class=\"e-n-tab-title\" aria-selected=\"false\" data-tab-index=\"3\" role=\"tab\" tabindex=\"-1\" aria-controls=\"e-n-tab-content-1779956163\" style=\"--n-tabs-title-order: 3;\">\n\t\t\t\t\t\t<span class=\"e-n-tab-title-text\">\n\t\t\t\tResources\t\t\t<\/span>\n\t\t<\/button>\n\t\t\t\t\t<\/div>\n\t\t\t<div class=\"e-n-tabs-content\">\n\t\t\t\t<div id=\"e-n-tab-content-1779956161\" role=\"tabpanel\" aria-labelledby=\"e-n-tab-title-1779956161\" data-tab-index=\"1\" style=\"--n-tabs-title-order: 1;\" class=\"e-active elementor-element elementor-element-f87a896 e-con-full e-flex e-con e-child\" data-id=\"f87a896\" data-element_type=\"container\">\n\t\t<div class=\"wd-negative-gap elementor-element elementor-element-83050ba e-flex e-con-boxed e-con e-child\" data-id=\"83050ba\" data-element_type=\"container\">\n\t\t\t\t\t<div class=\"e-con-inner\">\n\t\t\t\t<div class=\"elementor-element elementor-element-68a0d22 elementor-widget elementor-widget-wd_text_block\" data-id=\"68a0d22\" data-element_type=\"widget\" data-widget_type=\"wd_text_block.default\">\n\t\t\t\t<div class=\"elementor-widget-container\">\n\t\t\t\t\t\t\t<div class=\"wd-text-block reset-last-child text-left\">\n\t\t\t\n\t\t\t<p>Die 886\/886B Infrarot-Ohr-Thermometer messen die Temperatur des Trommelfells, die sich als klinisch zuverl\u00e4ssiger Indikator f\u00fcr die K\u00f6rperkerntemperatur erwiesen hat. Sie sind hochwertige Produkte, die die neueste Technologie integrieren und gem\u00e4\u00df internationalen Standards getestet wurden. Sie f\u00fchren bei jeder Messung einen Selbsttest durch und k\u00f6nnen sowohl von Verbrauchern im h\u00e4uslichen Umfeld als auch von \u00c4rzten in der Klinik als Referenz verwendet werden.<\/p><p><strong>Merkmale<\/strong><\/p>\n\t\t\t\t\t<\/div>\n\t\t\t\t\t\t<\/div>\n\t\t\t\t<\/div>\n\t\t\t\t\t<\/div>\n\t\t\t\t<\/div>\n\t\t<div class=\"elementor-element elementor-element-040655d e-con-full e-flex e-con e-child\" data-id=\"040655d\" data-element_type=\"container\">\n\t\t\t\t<div class=\"elementor-element elementor-element-c148c55 elementor-widget elementor-widget-wd_image_or_svg\" data-id=\"c148c55\" data-element_type=\"widget\" data-widget_type=\"wd_image_or_svg.default\">\n\t\t\t\t<div class=\"elementor-widget-container\">\n\t\t\t\t\t\n\t\t<div class=\"wd-image text-left\">\n\t\t\t\t\t\t\t\t<img width=\"380\" height=\"123\" data-public-id=\"medical device pic\/DT-886\/oqp87acxpdo0fzfbedxk\/oqp87acxpdo0fzfbedxk.png\" decoding=\"async\" src=\"https:\/\/res.cloudinary.com\/dathdmgqz\/images\/w_380,h_123,c_scale\/f_auto,q_auto\/v1730126387\/medical device pic\/DT-886\/oqp87acxpdo0fzfbedxk\/oqp87acxpdo0fzfbedxk.png?_i=AA\" class=\"attachment-full size-full wp-image-31610\" alt=\"\" data-format=\"png\" data-transformations=\"f_auto,q_auto\" data-version=\"1730126387\" data-seo=\"1\" data-responsive=\"1\" srcset=\"https:\/\/res.cloudinary.com\/dathdmgqz\/images\/w_380,h_123,c_scale\/f_auto,q_auto\/v1730126387\/medical device pic\/DT-886\/oqp87acxpdo0fzfbedxk\/oqp87acxpdo0fzfbedxk.png?_i=AA 380w, https:\/\/res.cloudinary.com\/dathdmgqz\/images\/w_248,h_80,c_scale\/f_auto,q_auto\/v1730126387\/medical device pic\/DT-886\/oqp87acxpdo0fzfbedxk\/oqp87acxpdo0fzfbedxk.png?_i=AA 248w\" sizes=\"(max-width: 380px) 100vw, 380px\" \/>\t\t\t\t\t<\/div>\n\n\t\t\t\t\t\t<\/div>\n\t\t\t\t<\/div>\n\t\t\t\t<\/div>\n\t\t\t\t<\/div>\n\t\t<div id=\"e-n-tab-content-1779956162\" role=\"tabpanel\" aria-labelledby=\"e-n-tab-title-1779956162\" data-tab-index=\"2\" style=\"--n-tabs-title-order: 2;\" class=\" elementor-element elementor-element-5d52e33 e-con-full e-flex e-con e-child\" data-id=\"5d52e33\" data-element_type=\"container\">\n\t\t\t\t<div class=\"elementor-element elementor-element-4e28cda elementor-widget elementor-widget-wd_image_or_svg\" data-id=\"4e28cda\" data-element_type=\"widget\" data-widget_type=\"wd_image_or_svg.default\">\n\t\t\t\t<div class=\"elementor-widget-container\">\n\t\t\t\t\t\n\t\t<div class=\"wd-image text-left\">\n\t\t\t\t\t\t\t\t<img width=\"386\" height=\"103\" data-public-id=\"medical device pic\/DT-886\/siicwxyfvs5da9pcvbbb\/siicwxyfvs5da9pcvbbb.png\" decoding=\"async\" src=\"https:\/\/res.cloudinary.com\/dathdmgqz\/images\/w_386,h_103,c_scale\/f_auto,q_auto\/v1730126387\/medical device pic\/DT-886\/siicwxyfvs5da9pcvbbb\/siicwxyfvs5da9pcvbbb.png?_i=AA\" class=\"attachment-full size-full wp-image-31611\" alt=\"\" data-format=\"png\" data-transformations=\"f_auto,q_auto\" data-version=\"1730126387\" data-seo=\"1\" data-responsive=\"1\" srcset=\"https:\/\/res.cloudinary.com\/dathdmgqz\/images\/w_386,h_103,c_scale\/f_auto,q_auto\/v1730126387\/medical device pic\/DT-886\/siicwxyfvs5da9pcvbbb\/siicwxyfvs5da9pcvbbb.png?_i=AA 386w, https:\/\/res.cloudinary.com\/dathdmgqz\/images\/w_248,h_66,c_scale\/f_auto,q_auto\/v1730126387\/medical device pic\/DT-886\/siicwxyfvs5da9pcvbbb\/siicwxyfvs5da9pcvbbb.png?_i=AA 248w\" sizes=\"(max-width: 386px) 100vw, 386px\" \/>\t\t\t\t\t<\/div>\n\n\t\t\t\t\t\t<\/div>\n\t\t\t\t<\/div>\n\t\t\t\t<\/div>\n\t\t<div id=\"e-n-tab-content-1779956163\" role=\"tabpanel\" aria-labelledby=\"e-n-tab-title-1779956163\" data-tab-index=\"3\" style=\"--n-tabs-title-order: 3;\" class=\" elementor-element elementor-element-77f244c e-con-full e-flex e-con e-child\" data-id=\"77f244c\" data-element_type=\"container\">\n\t\t<div class=\"elementor-element elementor-element-10cabc5 e-con-full e-flex e-con e-child\" data-id=\"10cabc5\" data-element_type=\"container\">\n\t\t\t\t<div class=\"elementor-element elementor-element-5145966 elementor-widget elementor-widget-wd_list\" data-id=\"5145966\" data-element_type=\"widget\" data-widget_type=\"wd_list.default\">\n\t\t\t\t<div class=\"elementor-widget-container\">\n\t\t\t\t\t\t\t<ul class=\"wd-list color-scheme- wd-fontsize-xs wd-type-icon wd-style-default text-left\">\n\t\t\t\t\t\t\t\t\t\t\t<li class=\"elementor-repeater-item-fe163c2\">\n\t\t\t\t\t\t\t\t\t\t\t<span class=\"wd-icon\"><svg class=\"e-font-icon-svg e-fas-star\" viewBox=\"0 0 576 512\" xmlns=\"http:\/\/www.w3.org\/2000\/svg\"><path d=\"M259.3 17.8L194 150.2 47.9 171.5c-26.2 3.8-36.7 36.1-17.7 54.6l105.7 103-25 145.5c-4.5 26.3 23.2 46 46.4 33.7L288 439.6l130.7 68.7c23.2 12.2 50.9-7.4 46.4-33.7l-25-145.5 105.7-103c19-18.5 8.5-50.8-17.7-54.6L382 150.2 316.7 17.8c-11.7-23.6-45.6-23.9-57.4 0z\"><\/path><\/svg><\/span>\t\t\t\t\t\n\t\t\t\t\t<span class=\"wd-list-content list-content\">\n\t\t\t\t\t\tapplication note\t\t\t\t\t<\/span>\n\n\t\t\t\t\t\t\t\t\t<\/li>\n\t\t\t\t\t<\/ul>\n\n\t\t\t\t\t\t<\/div>\n\t\t\t\t<\/div>\n\t\t\t\t<div class=\"elementor-element elementor-element-a027f7c elementor-widget elementor-widget-wd_list\" data-id=\"a027f7c\" data-element_type=\"widget\" data-widget_type=\"wd_list.default\">\n\t\t\t\t<div class=\"elementor-widget-container\">\n\t\t\t\t\t\t\t<ul class=\"wd-list color-scheme-custom wd-fontsize-xs wd-type-icon wd-style-default text-left\">\n\t\t\t\t\t\t\t\t\t\t\t<li class=\"elementor-repeater-item-fe163c2\">\n\t\t\t\t\t\t\t\t\t\t\t<span class=\"wd-icon\"><svg class=\"e-font-icon-svg e-fas-star\" viewBox=\"0 0 576 512\" xmlns=\"http:\/\/www.w3.org\/2000\/svg\"><path d=\"M259.3 17.8L194 150.2 47.9 171.5c-26.2 3.8-36.7 36.1-17.7 54.6l105.7 103-25 145.5c-4.5 26.3 23.2 46 46.4 33.7L288 439.6l130.7 68.7c23.2 12.2 50.9-7.4 46.4-33.7l-25-145.5 105.7-103c19-18.5 8.5-50.8-17.7-54.6L382 150.2 316.7 17.8c-11.7-23.6-45.6-23.9-57.4 0z\"><\/path><\/svg><\/span>\t\t\t\t\t\n\t\t\t\t\t<span class=\"wd-list-content list-content\">\n\t\t\t\t\t\tdatasheet\t\t\t\t\t<\/span>\n\n\t\t\t\t\t\t\t\t\t<\/li>\n\t\t\t\t\t\t\t\t\t\t\t<li class=\"elementor-repeater-item-66113ab\">\n\t\t\t\t\t\t\t\t\t\t\t<span class=\"wd-icon\"><svg class=\"e-font-icon-svg e-fas-star\" viewBox=\"0 0 576 512\" xmlns=\"http:\/\/www.w3.org\/2000\/svg\"><path d=\"M259.3 17.8L194 150.2 47.9 171.5c-26.2 3.8-36.7 36.1-17.7 54.6l105.7 103-25 145.5c-4.5 26.3 23.2 46 46.4 33.7L288 439.6l130.7 68.7c23.2 12.2 50.9-7.4 46.4-33.7l-25-145.5 105.7-103c19-18.5 8.5-50.8-17.7-54.6L382 150.2 316.7 17.8c-11.7-23.6-45.6-23.9-57.4 0z\"><\/path><\/svg><\/span>\t\t\t\t\t\n\t\t\t\t\t<span class=\"wd-list-content list-content\">\n\t\t\t\t\t\tuser manual\t\t\t\t\t<\/span>\n\n\t\t\t\t\t\t\t\t\t<\/li>\n\t\t\t\t\t<\/ul>\n\n\t\t\t\t\t\t<\/div>\n\t\t\t\t<\/div>\n\t\t\t\t<\/div>\n\t\t<div class=\"elementor-element elementor-element-e325ca2 e-con-full e-flex e-con e-child\" data-id=\"e325ca2\" data-element_type=\"container\">\n\t\t\t\t<\/div>\n\t\t\t\t<\/div>\n\t\t\t\t\t<\/div>\n\t\t<\/div>\n\t\t\t\t\t\t<\/div>\n\t\t\t\t<\/div>\n\t\t\t\t<\/div>\n\t\t\t\t\t<\/div>\n\t\t\t\t<\/div>\n\t\t\t\t<\/div>\n\t\t","protected":false},"excerpt":{"rendered":"<p>Die 886\/886B Infrarot-Ohr-Thermometer messen die Temperatur des Trommelfells, die sich als klinisch zuverl\u00e4ssiger Indikator f\u00fcr die K\u00f6rperkerntemperatur erwiesen hat. Sie sind hochwertige Produkte, die die neueste Technologie integrieren und gem\u00e4\u00df internationalen Standards getestet wurden. Sie f\u00fchren bei jeder Messung einen Selbsttest durch und k\u00f6nnen sowohl von Verbrauchern im h\u00e4uslichen Umfeld als auch von \u00c4rzten in der Klinik als Referenz verwendet werden.<\/p>\n","protected":false},"featured_media":31607,"template":"","meta":{"_cloudinary_featured_overwrite":false},"product_brand":[],"product_cat":[384,418],"product_tag":[],"class_list":{"0":"post-31606","1":"product","2":"type-product","3":"status-publish","4":"has-post-thumbnail","6":"product_cat-medical_device","7":"product_cat-forehead-thermometer","9":"first","10":"instock","11":"shipping-taxable","12":"product-type-simple"},"yoast_head":"<!-- This site is optimized with the Yoast SEO plugin v24.3 - https:\/\/yoast.com\/wordpress\/plugins\/seo\/ -->\n<title>DT-886\/886B Ohr-Thermometer - CEM Test Instruments GmbH<\/title>\n<meta name=\"description\" content=\"Die 886\/886B Infrarot-Ohr-Thermometer messen die Temperatur des Trommelfells, die sich als klinisch zuverl\u00e4ssiger Indikator f\u00fcr die K\u00f6rperkerntemperatur erwiesen hat. Sie sind hochwertige Produkte, die die neueste Technologie integrieren und gem\u00e4\u00df internationalen Standards getestet wurden. Sie f\u00fchren bei jeder Messung einen Selbsttest durch und k\u00f6nnen sowohl von Verbrauchern im h\u00e4uslichen Umfeld als auch von \u00c4rzten in der Klinik als Referenz verwendet werden.\" \/>\n<meta name=\"robots\" content=\"index, follow, max-snippet:-1, max-image-preview:large, max-video-preview:-1\" \/>\n<link rel=\"canonical\" href=\"https:\/\/cem-instruments.de\/de\/product\/dt-886-ohr-thermometer\/\" \/>\n<meta property=\"og:locale\" content=\"de_DE\" \/>\n<meta property=\"og:type\" content=\"article\" \/>\n<meta property=\"og:title\" content=\"DT-886\/886B Ohr-Thermometer - CEM Test Instruments GmbH\" \/>\n<meta property=\"og:description\" content=\"Die 886\/886B Infrarot-Ohr-Thermometer messen die Temperatur des Trommelfells, die sich als klinisch zuverl\u00e4ssiger Indikator f\u00fcr die K\u00f6rperkerntemperatur erwiesen hat. Sie sind hochwertige Produkte, die die neueste Technologie integrieren und gem\u00e4\u00df internationalen Standards getestet wurden. Sie f\u00fchren bei jeder Messung einen Selbsttest durch und k\u00f6nnen sowohl von Verbrauchern im h\u00e4uslichen Umfeld als auch von \u00c4rzten in der Klinik als Referenz verwendet werden.\" \/>\n<meta property=\"og:url\" content=\"https:\/\/cem-instruments.de\/de\/product\/dt-886-ohr-thermometer\/\" \/>\n<meta property=\"og:site_name\" content=\"CEM Test Instruments GmbH\" \/>\n<meta property=\"article:modified_time\" content=\"2025-01-23T21:58:17+00:00\" \/>\n<meta property=\"og:image\" content=\"https:\/\/res.cloudinary.com\/dathdmgqz\/images\/f_auto,q_auto\/v1730126387\/medical device pic\/DT-886\/iqucqvucimm7puxri4nb\/iqucqvucimm7puxri4nb.jpg?_i=AA\" \/>\n\t<meta property=\"og:image:width\" content=\"540\" \/>\n\t<meta property=\"og:image:height\" content=\"720\" \/>\n\t<meta property=\"og:image:type\" content=\"image\/jpeg\" \/>\n<meta name=\"twitter:card\" content=\"summary_large_image\" \/>\n<meta name=\"twitter:label1\" content=\"Gesch\u00e4tzte Lesezeit\" \/>\n\t<meta name=\"twitter:data1\" content=\"2\u00a0Minuten\" \/>\n<script type=\"application\/ld+json\" class=\"yoast-schema-graph\">{\"@context\":\"https:\/\/schema.org\",\"@graph\":[{\"@type\":\"WebPage\",\"@id\":\"https:\/\/cem-instruments.de\/de\/product\/dt-886-ohr-thermometer\/\",\"url\":\"https:\/\/cem-instruments.de\/de\/product\/dt-886-ohr-thermometer\/\",\"name\":\"DT-886\/886B Ohr-Thermometer - CEM Test Instruments GmbH\",\"isPartOf\":{\"@id\":\"https:\/\/cem-instruments.de\/de\/#website\"},\"primaryImageOfPage\":{\"@id\":\"https:\/\/cem-instruments.de\/de\/product\/dt-886-ohr-thermometer\/#primaryimage\"},\"image\":{\"@id\":\"https:\/\/cem-instruments.de\/de\/product\/dt-886-ohr-thermometer\/#primaryimage\"},\"thumbnailUrl\":\"https:\/\/res.cloudinary.com\/dathdmgqz\/images\/f_auto,q_auto\/v1730126387\/medical device pic\/DT-886\/iqucqvucimm7puxri4nb\/iqucqvucimm7puxri4nb.jpg?_i=AA\",\"datePublished\":\"2024-10-29T08:43:31+00:00\",\"dateModified\":\"2025-01-23T21:58:17+00:00\",\"description\":\"Die 886\/886B Infrarot-Ohr-Thermometer messen die Temperatur des Trommelfells, die sich als klinisch zuverl\u00e4ssiger Indikator f\u00fcr die K\u00f6rperkerntemperatur erwiesen hat. Sie sind hochwertige Produkte, die die neueste Technologie integrieren und gem\u00e4\u00df internationalen Standards getestet wurden. Sie f\u00fchren bei jeder Messung einen Selbsttest durch und k\u00f6nnen sowohl von Verbrauchern im h\u00e4uslichen Umfeld als auch von \u00c4rzten in der Klinik als Referenz verwendet werden.\",\"breadcrumb\":{\"@id\":\"https:\/\/cem-instruments.de\/de\/product\/dt-886-ohr-thermometer\/#breadcrumb\"},\"inLanguage\":\"de\",\"potentialAction\":[{\"@type\":\"ReadAction\",\"target\":[\"https:\/\/cem-instruments.de\/de\/product\/dt-886-ohr-thermometer\/\"]}]},{\"@type\":\"ImageObject\",\"inLanguage\":\"de\",\"@id\":\"https:\/\/cem-instruments.de\/de\/product\/dt-886-ohr-thermometer\/#primaryimage\",\"url\":\"https:\/\/res.cloudinary.com\/dathdmgqz\/images\/f_auto,q_auto\/v1730126387\/medical device pic\/DT-886\/iqucqvucimm7puxri4nb\/iqucqvucimm7puxri4nb.jpg?_i=AA\",\"contentUrl\":\"https:\/\/res.cloudinary.com\/dathdmgqz\/images\/f_auto,q_auto\/v1730126387\/medical device pic\/DT-886\/iqucqvucimm7puxri4nb\/iqucqvucimm7puxri4nb.jpg?_i=AA\",\"width\":540,\"height\":720},{\"@type\":\"BreadcrumbList\",\"@id\":\"https:\/\/cem-instruments.de\/de\/product\/dt-886-ohr-thermometer\/#breadcrumb\",\"itemListElement\":[{\"@type\":\"ListItem\",\"position\":1,\"name\":\"Home\",\"item\":\"https:\/\/cem-instruments.de\/de\/\"},{\"@type\":\"ListItem\",\"position\":2,\"name\":\"Products\",\"item\":\"https:\/\/cem-instruments.de\/de\/shop\/\"},{\"@type\":\"ListItem\",\"position\":3,\"name\":\"DT-886\/886B Ohr-Thermometer\"}]},{\"@type\":\"WebSite\",\"@id\":\"https:\/\/cem-instruments.de\/de\/#website\",\"url\":\"https:\/\/cem-instruments.de\/de\/\",\"name\":\"CEM Test Instruments GmbH\",\"description\":\"CEM Test Instruments GmbH\",\"publisher\":{\"@id\":\"https:\/\/cem-instruments.de\/de\/#organization\"},\"alternateName\":\"best partner for electronic instruments\",\"potentialAction\":[{\"@type\":\"SearchAction\",\"target\":{\"@type\":\"EntryPoint\",\"urlTemplate\":\"https:\/\/cem-instruments.de\/de\/?s={search_term_string}\"},\"query-input\":{\"@type\":\"PropertyValueSpecification\",\"valueRequired\":true,\"valueName\":\"search_term_string\"}}],\"inLanguage\":\"de\"},{\"@type\":\"Organization\",\"@id\":\"https:\/\/cem-instruments.de\/de\/#organization\",\"name\":\"CEM Test Instruments GmbH\",\"url\":\"https:\/\/cem-instruments.de\/de\/\",\"logo\":{\"@type\":\"ImageObject\",\"inLanguage\":\"de\",\"@id\":\"https:\/\/cem-instruments.de\/de\/#\/schema\/logo\/image\/\",\"url\":\"https:\/\/res.cloudinary.com\/dathdmgqz\/images\/f_auto,q_auto\/v1728637129\/cropped-2024-10-11-10_57_57-cem-instruments.de-\u2013-CEM-instruments-GmbH\/cropped-2024-10-11-10_57_57-cem-instruments.de-\u2013-CEM-instruments-GmbH.jpg?_i=AA\",\"contentUrl\":\"https:\/\/res.cloudinary.com\/dathdmgqz\/images\/f_auto,q_auto\/v1728637129\/cropped-2024-10-11-10_57_57-cem-instruments.de-\u2013-CEM-instruments-GmbH\/cropped-2024-10-11-10_57_57-cem-instruments.de-\u2013-CEM-instruments-GmbH.jpg?_i=AA\",\"width\":512,\"height\":512,\"caption\":\"CEM Test Instruments GmbH\"},\"image\":{\"@id\":\"https:\/\/cem-instruments.de\/de\/#\/schema\/logo\/image\/\"}}]}<\/script>\n<!-- \/ Yoast SEO plugin. -->","yoast_head_json":{"title":"DT-886\/886B Ohr-Thermometer - CEM Test Instruments GmbH","description":"Die 886\/886B Infrarot-Ohr-Thermometer messen die Temperatur des Trommelfells, die sich als klinisch zuverl\u00e4ssiger Indikator f\u00fcr die K\u00f6rperkerntemperatur erwiesen hat. Sie sind hochwertige Produkte, die die neueste Technologie integrieren und gem\u00e4\u00df internationalen Standards getestet wurden. Sie f\u00fchren bei jeder Messung einen Selbsttest durch und k\u00f6nnen sowohl von Verbrauchern im h\u00e4uslichen Umfeld als auch von \u00c4rzten in der Klinik als Referenz verwendet werden.","robots":{"index":"index","follow":"follow","max-snippet":"max-snippet:-1","max-image-preview":"max-image-preview:large","max-video-preview":"max-video-preview:-1"},"canonical":"https:\/\/cem-instruments.de\/de\/product\/dt-886-ohr-thermometer\/","og_locale":"de_DE","og_type":"article","og_title":"DT-886\/886B Ohr-Thermometer - CEM Test Instruments GmbH","og_description":"Die 886\/886B Infrarot-Ohr-Thermometer messen die Temperatur des Trommelfells, die sich als klinisch zuverl\u00e4ssiger Indikator f\u00fcr die K\u00f6rperkerntemperatur erwiesen hat. Sie sind hochwertige Produkte, die die neueste Technologie integrieren und gem\u00e4\u00df internationalen Standards getestet wurden. Sie f\u00fchren bei jeder Messung einen Selbsttest durch und k\u00f6nnen sowohl von Verbrauchern im h\u00e4uslichen Umfeld als auch von \u00c4rzten in der Klinik als Referenz verwendet werden.","og_url":"https:\/\/cem-instruments.de\/de\/product\/dt-886-ohr-thermometer\/","og_site_name":"CEM Test Instruments GmbH","article_modified_time":"2025-01-23T21:58:17+00:00","og_image":[{"width":540,"height":720,"url":"https:\/\/res.cloudinary.com\/dathdmgqz\/images\/f_auto,q_auto\/v1730126387\/medical device pic\/DT-886\/iqucqvucimm7puxri4nb\/iqucqvucimm7puxri4nb.jpg?_i=AA","type":"image\/jpeg"}],"twitter_card":"summary_large_image","twitter_misc":{"Gesch\u00e4tzte Lesezeit":"2\u00a0Minuten"},"schema":{"@context":"https:\/\/schema.org","@graph":[{"@type":"WebPage","@id":"https:\/\/cem-instruments.de\/de\/product\/dt-886-ohr-thermometer\/","url":"https:\/\/cem-instruments.de\/de\/product\/dt-886-ohr-thermometer\/","name":"DT-886\/886B Ohr-Thermometer - CEM Test Instruments GmbH","isPartOf":{"@id":"https:\/\/cem-instruments.de\/de\/#website"},"primaryImageOfPage":{"@id":"https:\/\/cem-instruments.de\/de\/product\/dt-886-ohr-thermometer\/#primaryimage"},"image":{"@id":"https:\/\/cem-instruments.de\/de\/product\/dt-886-ohr-thermometer\/#primaryimage"},"thumbnailUrl":"https:\/\/res.cloudinary.com\/dathdmgqz\/images\/f_auto,q_auto\/v1730126387\/medical device pic\/DT-886\/iqucqvucimm7puxri4nb\/iqucqvucimm7puxri4nb.jpg?_i=AA","datePublished":"2024-10-29T08:43:31+00:00","dateModified":"2025-01-23T21:58:17+00:00","description":"Die 886\/886B Infrarot-Ohr-Thermometer messen die Temperatur des Trommelfells, die sich als klinisch zuverl\u00e4ssiger Indikator f\u00fcr die K\u00f6rperkerntemperatur erwiesen hat. Sie sind hochwertige Produkte, die die neueste Technologie integrieren und gem\u00e4\u00df internationalen Standards getestet wurden. Sie f\u00fchren bei jeder Messung einen Selbsttest durch und k\u00f6nnen sowohl von Verbrauchern im h\u00e4uslichen Umfeld als auch von \u00c4rzten in der Klinik als Referenz verwendet werden.","breadcrumb":{"@id":"https:\/\/cem-instruments.de\/de\/product\/dt-886-ohr-thermometer\/#breadcrumb"},"inLanguage":"de","potentialAction":[{"@type":"ReadAction","target":["https:\/\/cem-instruments.de\/de\/product\/dt-886-ohr-thermometer\/"]}]},{"@type":"ImageObject","inLanguage":"de","@id":"https:\/\/cem-instruments.de\/de\/product\/dt-886-ohr-thermometer\/#primaryimage","url":"https:\/\/res.cloudinary.com\/dathdmgqz\/images\/f_auto,q_auto\/v1730126387\/medical device pic\/DT-886\/iqucqvucimm7puxri4nb\/iqucqvucimm7puxri4nb.jpg?_i=AA","contentUrl":"https:\/\/res.cloudinary.com\/dathdmgqz\/images\/f_auto,q_auto\/v1730126387\/medical device pic\/DT-886\/iqucqvucimm7puxri4nb\/iqucqvucimm7puxri4nb.jpg?_i=AA","width":540,"height":720},{"@type":"BreadcrumbList","@id":"https:\/\/cem-instruments.de\/de\/product\/dt-886-ohr-thermometer\/#breadcrumb","itemListElement":[{"@type":"ListItem","position":1,"name":"Home","item":"https:\/\/cem-instruments.de\/de\/"},{"@type":"ListItem","position":2,"name":"Products","item":"https:\/\/cem-instruments.de\/de\/shop\/"},{"@type":"ListItem","position":3,"name":"DT-886\/886B Ohr-Thermometer"}]},{"@type":"WebSite","@id":"https:\/\/cem-instruments.de\/de\/#website","url":"https:\/\/cem-instruments.de\/de\/","name":"CEM Test Instruments GmbH","description":"CEM Test Instruments GmbH","publisher":{"@id":"https:\/\/cem-instruments.de\/de\/#organization"},"alternateName":"best partner for electronic instruments","potentialAction":[{"@type":"SearchAction","target":{"@type":"EntryPoint","urlTemplate":"https:\/\/cem-instruments.de\/de\/?s={search_term_string}"},"query-input":{"@type":"PropertyValueSpecification","valueRequired":true,"valueName":"search_term_string"}}],"inLanguage":"de"},{"@type":"Organization","@id":"https:\/\/cem-instruments.de\/de\/#organization","name":"CEM Test Instruments GmbH","url":"https:\/\/cem-instruments.de\/de\/","logo":{"@type":"ImageObject","inLanguage":"de","@id":"https:\/\/cem-instruments.de\/de\/#\/schema\/logo\/image\/","url":"https:\/\/res.cloudinary.com\/dathdmgqz\/images\/f_auto,q_auto\/v1728637129\/cropped-2024-10-11-10_57_57-cem-instruments.de-\u2013-CEM-instruments-GmbH\/cropped-2024-10-11-10_57_57-cem-instruments.de-\u2013-CEM-instruments-GmbH.jpg?_i=AA","contentUrl":"https:\/\/res.cloudinary.com\/dathdmgqz\/images\/f_auto,q_auto\/v1728637129\/cropped-2024-10-11-10_57_57-cem-instruments.de-\u2013-CEM-instruments-GmbH\/cropped-2024-10-11-10_57_57-cem-instruments.de-\u2013-CEM-instruments-GmbH.jpg?_i=AA","width":512,"height":512,"caption":"CEM Test Instruments GmbH"},"image":{"@id":"https:\/\/cem-instruments.de\/de\/#\/schema\/logo\/image\/"}}]}},"_links":{"self":[{"href":"https:\/\/cem-instruments.de\/de\/wp-json\/wp\/v2\/product\/31606","targetHints":{"allow":["GET"]}}],"collection":[{"href":"https:\/\/cem-instruments.de\/de\/wp-json\/wp\/v2\/product"}],"about":[{"href":"https:\/\/cem-instruments.de\/de\/wp-json\/wp\/v2\/types\/product"}],"version-history":[{"count":5,"href":"https:\/\/cem-instruments.de\/de\/wp-json\/wp\/v2\/product\/31606\/revisions"}],"predecessor-version":[{"id":32086,"href":"https:\/\/cem-instruments.de\/de\/wp-json\/wp\/v2\/product\/31606\/revisions\/32086"}],"wp:featuredmedia":[{"embeddable":true,"href":"https:\/\/cem-instruments.de\/de\/wp-json\/wp\/v2\/media\/31607"}],"wp:attachment":[{"href":"https:\/\/cem-instruments.de\/de\/wp-json\/wp\/v2\/media?parent=31606"}],"wp:term":[{"taxonomy":"product_brand","embeddable":true,"href":"https:\/\/cem-instruments.de\/de\/wp-json\/wp\/v2\/product_brand?post=31606"},{"taxonomy":"product_cat","embeddable":true,"href":"https:\/\/cem-instruments.de\/de\/wp-json\/wp\/v2\/product_cat?post=31606"},{"taxonomy":"product_tag","embeddable":true,"href":"https:\/\/cem-instruments.de\/de\/wp-json\/wp\/v2\/product_tag?post=31606"}],"curies":[{"name":"wp","href":"https:\/\/api.w.org\/{rel}","templated":true}]}}