{"id":31617,"date":"2024-10-29T09:52:52","date_gmt":"2024-10-29T08:52:52","guid":{"rendered":"https:\/\/cem-instruments.de\/de\/?post_type=product&#038;p=31617"},"modified":"2025-01-23T22:55:17","modified_gmt":"2025-01-23T21:55:17","slug":"dt-8807-stirn-thermometer","status":"publish","type":"product","link":"https:\/\/cem-instruments.de\/de\/product\/dt-8807-stirn-thermometer\/","title":{"rendered":"DT-8807S\/8807B Kontaktlose Klinische Stirn-Infrarot-Thermometer"},"content":{"rendered":"\t\t<div data-elementor-type=\"wp-post\" data-elementor-id=\"31617\" class=\"elementor elementor-31617\" data-elementor-post-type=\"product\">\n\t\t\t\t<div class=\"wd-negative-gap elementor-element elementor-element-facd414 e-flex e-con-boxed e-con e-parent\" data-id=\"facd414\" data-element_type=\"container\">\n\t\t\t\t\t<div class=\"e-con-inner\">\n\t\t<div class=\"elementor-element elementor-element-8368b99 e-con-full e-flex e-con e-child\" data-id=\"8368b99\" data-element_type=\"container\">\n\t\t\t\t<div class=\"elementor-element elementor-element-7cbd920 e-n-tabs-mobile elementor-widget elementor-widget-n-tabs\" data-id=\"7cbd920\" data-element_type=\"widget\" data-settings=\"{&quot;tabs_justify_horizontal&quot;:&quot;start&quot;,&quot;horizontal_scroll&quot;:&quot;disable&quot;}\" data-widget_type=\"nested-tabs.default\">\n\t\t\t\t<div class=\"elementor-widget-container\">\n\t\t\t\t\t\t\t<div class=\"e-n-tabs\" data-widget-number=\"130799904\" aria-label=\"Tabs. Open items with Enter or Space, close with Escape and navigate using the Arrow keys.\">\n\t\t\t<div class=\"e-n-tabs-heading\" role=\"tablist\">\n\t\t\t\t\t<button id=\"e-n-tab-title-1307999041\" class=\"e-n-tab-title\" aria-selected=\"true\" data-tab-index=\"1\" role=\"tab\" tabindex=\"0\" aria-controls=\"e-n-tab-content-1307999041\" style=\"--n-tabs-title-order: 1;\">\n\t\t\t\t\t\t<span class=\"e-n-tab-title-text\">\n\t\t\t\tDescription\t\t\t<\/span>\n\t\t<\/button>\n\t\t\t\t<button id=\"e-n-tab-title-1307999042\" class=\"e-n-tab-title\" aria-selected=\"false\" data-tab-index=\"2\" role=\"tab\" tabindex=\"-1\" aria-controls=\"e-n-tab-content-1307999042\" style=\"--n-tabs-title-order: 2;\">\n\t\t\t\t\t\t<span class=\"e-n-tab-title-text\">\n\t\t\t\tSpecification\t\t\t<\/span>\n\t\t<\/button>\n\t\t\t\t<button id=\"e-n-tab-title-1307999043\" class=\"e-n-tab-title\" aria-selected=\"false\" data-tab-index=\"3\" role=\"tab\" tabindex=\"-1\" aria-controls=\"e-n-tab-content-1307999043\" style=\"--n-tabs-title-order: 3;\">\n\t\t\t\t\t\t<span class=\"e-n-tab-title-text\">\n\t\t\t\tResources\t\t\t<\/span>\n\t\t<\/button>\n\t\t\t\t\t<\/div>\n\t\t\t<div class=\"e-n-tabs-content\">\n\t\t\t\t<div id=\"e-n-tab-content-1307999041\" role=\"tabpanel\" aria-labelledby=\"e-n-tab-title-1307999041\" data-tab-index=\"1\" style=\"--n-tabs-title-order: 1;\" class=\"e-active elementor-element elementor-element-0a6b3fe e-con-full e-flex e-con e-child\" data-id=\"0a6b3fe\" data-element_type=\"container\">\n\t\t<div class=\"wd-negative-gap elementor-element elementor-element-0ecfeef e-flex e-con-boxed e-con e-child\" data-id=\"0ecfeef\" data-element_type=\"container\">\n\t\t\t\t\t<div class=\"e-con-inner\">\n\t\t\t\t<div class=\"elementor-element elementor-element-e1922fc elementor-widget elementor-widget-wd_text_block\" data-id=\"e1922fc\" data-element_type=\"widget\" data-widget_type=\"wd_text_block.default\">\n\t\t\t\t<div class=\"elementor-widget-container\">\n\t\t\t\t\t\t\t<div class=\"wd-text-block reset-last-child text-left\">\n\t\t\t\n\t\t\t<p>Der 8807S\/8807B verwendet einen importierten Hochpr\u00e4zisionssensor, misst die Stirntemperatur in 1 Sekunde schnell, erm\u00f6glicht eine schnelle Umschaltung mit nur einem Knopfdruck und kann sowohl f\u00fcr die K\u00f6rpertemperatur als auch f\u00fcr die Objekttemperatur im Dualmodus verwendet werden. Es verf\u00fcgt \u00fcber eine eingebaute Temperaturkompensation, um St\u00f6rungen zu beseitigen. Die Messgenauigkeit im Temperaturbereich von 35 bis 42 Grad betr\u00e4gt bis zu \u00b10,2 Grad.<\/p><p><strong>Sicherheitskonformit\u00e4t<\/strong><\/p><ul><li>ISO80601-2-56 und ASTM E1965-98<\/li><li>EN 60601-1: Medizinische elektrische Ger\u00e4te, Teil 1: Allgemeine Anforderungen an die Sicherheit (IEC:60601-1)<\/li><li>EN60601-1-11: Medizinische elektrische Ger\u00e4te - Teil 1-11: Allgemeine Anforderungen an die Basissicherheit und wesentliche Leistung - Kollaterale Norm: Anforderungen an medizinische elektrische Ger\u00e4te und medizinische elektrische Systeme, die im h\u00e4uslichen Gesundheitsumfeld verwendet werden (IEC60601-1-11)<\/li><\/ul><p><strong>Merkmale<\/strong><\/p>\n\t\t\t\t\t<\/div>\n\t\t\t\t\t\t<\/div>\n\t\t\t\t<\/div>\n\t\t\t\t\t<\/div>\n\t\t\t\t<\/div>\n\t\t<div class=\"elementor-element elementor-element-a5badc9 e-con-full e-flex e-con e-child\" data-id=\"a5badc9\" data-element_type=\"container\">\n\t\t\t\t<div class=\"elementor-element elementor-element-346804e elementor-widget elementor-widget-wd_image_or_svg\" data-id=\"346804e\" data-element_type=\"widget\" data-widget_type=\"wd_image_or_svg.default\">\n\t\t\t\t<div class=\"elementor-widget-container\">\n\t\t\t\t\t\n\t\t<div class=\"wd-image text-left\">\n\t\t\t\t\t\t\t\t<img width=\"494\" height=\"186\" data-public-id=\"medical device pic\/DT-8807S\/dfhxmdgzsof6jxwamfwx\/dfhxmdgzsof6jxwamfwx.png\" fetchpriority=\"high\" decoding=\"async\" src=\"https:\/\/res.cloudinary.com\/dathdmgqz\/images\/w_494,h_186,c_scale\/f_auto,q_auto\/v1730126386\/medical device pic\/DT-8807S\/dfhxmdgzsof6jxwamfwx\/dfhxmdgzsof6jxwamfwx.png?_i=AA\" class=\"attachment-full size-full wp-image-31621\" alt=\"\" data-format=\"png\" data-transformations=\"f_auto,q_auto\" data-version=\"1730126386\" data-seo=\"1\" data-responsive=\"1\" srcset=\"https:\/\/res.cloudinary.com\/dathdmgqz\/images\/w_494,h_186,c_scale\/f_auto,q_auto\/v1730126386\/medical device pic\/DT-8807S\/dfhxmdgzsof6jxwamfwx\/dfhxmdgzsof6jxwamfwx.png?_i=AA 494w, https:\/\/res.cloudinary.com\/dathdmgqz\/images\/w_448,h_168,c_scale\/f_auto,q_auto\/v1730126386\/medical device pic\/DT-8807S\/dfhxmdgzsof6jxwamfwx\/dfhxmdgzsof6jxwamfwx.png?_i=AA 448w, https:\/\/res.cloudinary.com\/dathdmgqz\/images\/w_248,h_93,c_scale\/f_auto,q_auto\/v1730126386\/medical device pic\/DT-8807S\/dfhxmdgzsof6jxwamfwx\/dfhxmdgzsof6jxwamfwx.png?_i=AA 248w\" sizes=\"(max-width: 494px) 100vw, 494px\" \/>\t\t\t\t\t<\/div>\n\n\t\t\t\t\t\t<\/div>\n\t\t\t\t<\/div>\n\t\t\t\t<\/div>\n\t\t\t\t<\/div>\n\t\t<div id=\"e-n-tab-content-1307999042\" role=\"tabpanel\" aria-labelledby=\"e-n-tab-title-1307999042\" data-tab-index=\"2\" style=\"--n-tabs-title-order: 2;\" class=\" elementor-element elementor-element-69778bf e-con-full e-flex e-con e-child\" data-id=\"69778bf\" data-element_type=\"container\">\n\t\t\t\t<div class=\"elementor-element elementor-element-d9c63f0 elementor-widget elementor-widget-wd_image_or_svg\" data-id=\"d9c63f0\" data-element_type=\"widget\" data-widget_type=\"wd_image_or_svg.default\">\n\t\t\t\t<div class=\"elementor-widget-container\">\n\t\t\t\t\t\n\t\t<div class=\"wd-image text-left\">\n\t\t\t\t\t\t\t\t<img width=\"491\" height=\"159\" data-public-id=\"medical device pic\/DT-8807S\/ocdwxt1y3psecc8fgu4p\/ocdwxt1y3psecc8fgu4p.png\" decoding=\"async\" src=\"https:\/\/res.cloudinary.com\/dathdmgqz\/images\/w_491,h_159,c_scale\/f_auto,q_auto\/v1730126387\/medical device pic\/DT-8807S\/ocdwxt1y3psecc8fgu4p\/ocdwxt1y3psecc8fgu4p.png?_i=AA\" class=\"attachment-full size-full wp-image-31622\" alt=\"\" data-format=\"png\" data-transformations=\"f_auto,q_auto\" data-version=\"1730126387\" data-seo=\"1\" data-responsive=\"1\" srcset=\"https:\/\/res.cloudinary.com\/dathdmgqz\/images\/w_491,h_159,c_scale\/f_auto,q_auto\/v1730126387\/medical device pic\/DT-8807S\/ocdwxt1y3psecc8fgu4p\/ocdwxt1y3psecc8fgu4p.png?_i=AA 491w, https:\/\/res.cloudinary.com\/dathdmgqz\/images\/w_448,h_145,c_scale\/f_auto,q_auto\/v1730126387\/medical device pic\/DT-8807S\/ocdwxt1y3psecc8fgu4p\/ocdwxt1y3psecc8fgu4p.png?_i=AA 448w, https:\/\/res.cloudinary.com\/dathdmgqz\/images\/w_248,h_80,c_scale\/f_auto,q_auto\/v1730126387\/medical device pic\/DT-8807S\/ocdwxt1y3psecc8fgu4p\/ocdwxt1y3psecc8fgu4p.png?_i=AA 248w\" sizes=\"(max-width: 491px) 100vw, 491px\" \/>\t\t\t\t\t<\/div>\n\n\t\t\t\t\t\t<\/div>\n\t\t\t\t<\/div>\n\t\t\t\t<\/div>\n\t\t<div id=\"e-n-tab-content-1307999043\" role=\"tabpanel\" aria-labelledby=\"e-n-tab-title-1307999043\" data-tab-index=\"3\" style=\"--n-tabs-title-order: 3;\" class=\" elementor-element elementor-element-321d0b0 e-con-full e-flex e-con e-child\" data-id=\"321d0b0\" data-element_type=\"container\">\n\t\t<div class=\"elementor-element elementor-element-9ba9e2e e-con-full e-flex e-con e-child\" data-id=\"9ba9e2e\" data-element_type=\"container\">\n\t\t\t\t<div class=\"elementor-element elementor-element-6536c39 elementor-widget elementor-widget-wd_list\" data-id=\"6536c39\" data-element_type=\"widget\" data-widget_type=\"wd_list.default\">\n\t\t\t\t<div class=\"elementor-widget-container\">\n\t\t\t\t\t\t\t<ul class=\"wd-list color-scheme- wd-fontsize-xs wd-type-icon wd-style-default text-left\">\n\t\t\t\t\t\t\t\t\t\t\t<li class=\"elementor-repeater-item-fe163c2\">\n\t\t\t\t\t\t\t\t\t\t\t<span class=\"wd-icon\"><svg class=\"e-font-icon-svg e-fas-star\" viewBox=\"0 0 576 512\" xmlns=\"http:\/\/www.w3.org\/2000\/svg\"><path d=\"M259.3 17.8L194 150.2 47.9 171.5c-26.2 3.8-36.7 36.1-17.7 54.6l105.7 103-25 145.5c-4.5 26.3 23.2 46 46.4 33.7L288 439.6l130.7 68.7c23.2 12.2 50.9-7.4 46.4-33.7l-25-145.5 105.7-103c19-18.5 8.5-50.8-17.7-54.6L382 150.2 316.7 17.8c-11.7-23.6-45.6-23.9-57.4 0z\"><\/path><\/svg><\/span>\t\t\t\t\t\n\t\t\t\t\t<span class=\"wd-list-content list-content\">\n\t\t\t\t\t\tapplication note\t\t\t\t\t<\/span>\n\n\t\t\t\t\t\t\t\t\t<\/li>\n\t\t\t\t\t<\/ul>\n\n\t\t\t\t\t\t<\/div>\n\t\t\t\t<\/div>\n\t\t\t\t<div class=\"elementor-element elementor-element-f67f501 elementor-widget elementor-widget-wd_list\" data-id=\"f67f501\" data-element_type=\"widget\" data-widget_type=\"wd_list.default\">\n\t\t\t\t<div class=\"elementor-widget-container\">\n\t\t\t\t\t\t\t<ul class=\"wd-list color-scheme-custom wd-fontsize-xs wd-type-icon wd-style-default text-left\">\n\t\t\t\t\t\t\t\t\t\t\t<li class=\"elementor-repeater-item-fe163c2\">\n\t\t\t\t\t\t\t\t\t\t\t<span class=\"wd-icon\"><svg class=\"e-font-icon-svg e-fas-star\" viewBox=\"0 0 576 512\" xmlns=\"http:\/\/www.w3.org\/2000\/svg\"><path d=\"M259.3 17.8L194 150.2 47.9 171.5c-26.2 3.8-36.7 36.1-17.7 54.6l105.7 103-25 145.5c-4.5 26.3 23.2 46 46.4 33.7L288 439.6l130.7 68.7c23.2 12.2 50.9-7.4 46.4-33.7l-25-145.5 105.7-103c19-18.5 8.5-50.8-17.7-54.6L382 150.2 316.7 17.8c-11.7-23.6-45.6-23.9-57.4 0z\"><\/path><\/svg><\/span>\t\t\t\t\t\n\t\t\t\t\t<span class=\"wd-list-content list-content\">\n\t\t\t\t\t\tdatasheet\t\t\t\t\t<\/span>\n\n\t\t\t\t\t\t\t\t\t<\/li>\n\t\t\t\t\t\t\t\t\t\t\t<li class=\"elementor-repeater-item-66113ab\">\n\t\t\t\t\t\t\t\t\t\t\t<span class=\"wd-icon\"><svg class=\"e-font-icon-svg e-fas-star\" viewBox=\"0 0 576 512\" xmlns=\"http:\/\/www.w3.org\/2000\/svg\"><path d=\"M259.3 17.8L194 150.2 47.9 171.5c-26.2 3.8-36.7 36.1-17.7 54.6l105.7 103-25 145.5c-4.5 26.3 23.2 46 46.4 33.7L288 439.6l130.7 68.7c23.2 12.2 50.9-7.4 46.4-33.7l-25-145.5 105.7-103c19-18.5 8.5-50.8-17.7-54.6L382 150.2 316.7 17.8c-11.7-23.6-45.6-23.9-57.4 0z\"><\/path><\/svg><\/span>\t\t\t\t\t\n\t\t\t\t\t<span class=\"wd-list-content list-content\">\n\t\t\t\t\t\tuser manual\t\t\t\t\t<\/span>\n\n\t\t\t\t\t\n\t\t\t\t\t\t<a  href=\"https:\/\/cemtestinstrumentsgmbh357-my.sharepoint.com\/:b:\/g\/personal\/sh_li_cemtestinstrumentsgmbh357_onmicrosoft_com\/EdqUdufDvoxOkFN0GQKAX_8B2UnPvCr8lF-YLXLlYLYZtg?e=2aBVGZ\" class=\"wd-fill\" aria-label=\"List item link\" target=\"_blank\" rel=\"nofollow\"><\/a>\n\t\t\t\t\t\t\t\t\t<\/li>\n\t\t\t\t\t<\/ul>\n\n\t\t\t\t\t\t<\/div>\n\t\t\t\t<\/div>\n\t\t\t\t<\/div>\n\t\t<div class=\"elementor-element elementor-element-f32e84c e-con-full e-flex e-con e-child\" data-id=\"f32e84c\" data-element_type=\"container\">\n\t\t\t\t<\/div>\n\t\t\t\t<\/div>\n\t\t\t\t\t<\/div>\n\t\t<\/div>\n\t\t\t\t\t\t<\/div>\n\t\t\t\t<\/div>\n\t\t\t\t<\/div>\n\t\t\t\t\t<\/div>\n\t\t\t\t<\/div>\n\t\t\t\t<\/div>\n\t\t","protected":false},"excerpt":{"rendered":"<p>Der 8807S\/8807B verwendet einen importierten Hochpr\u00e4zisionssensor, misst die Stirntemperatur in 1 Sekunde schnell, erm\u00f6glicht eine schnelle Umschaltung mit nur einem Knopfdruck und kann sowohl f\u00fcr die K\u00f6rpertemperatur als auch f\u00fcr die Objekttemperatur im Dualmodus verwendet werden. Es verf\u00fcgt \u00fcber eine eingebaute Temperaturkompensation, um St\u00f6rungen zu beseitigen. Die Messgenauigkeit im Temperaturbereich von 35 bis 42 Grad betr\u00e4gt bis zu \u00b10,2 Grad.<\/p>\n","protected":false},"featured_media":31618,"template":"","meta":{"_cloudinary_featured_overwrite":false},"product_brand":[],"product_cat":[384,418],"product_tag":[],"class_list":{"0":"post-31617","1":"product","2":"type-product","3":"status-publish","4":"has-post-thumbnail","6":"product_cat-medical_device","7":"product_cat-forehead-thermometer","9":"first","10":"instock","11":"shipping-taxable","12":"product-type-simple"},"yoast_head":"<!-- This site is optimized with the Yoast SEO plugin v24.3 - https:\/\/yoast.com\/wordpress\/plugins\/seo\/ -->\n<title>DT-8807S\/8807B Kontaktlose Klinische Stirn-Infrarot-Thermometer - CEM Test Instruments GmbH<\/title>\n<meta name=\"description\" content=\"Der 8807S\/8807B verwendet einen importierten Hochpr\u00e4zisionssensor, misst die Stirntemperatur in 1 Sekunde schnell, erm\u00f6glicht eine schnelle Umschaltung mit nur einem Knopfdruck und kann sowohl f\u00fcr die K\u00f6rpertemperatur als auch f\u00fcr die Objekttemperatur im Dualmodus verwendet werden. Es verf\u00fcgt \u00fcber eine eingebaute Temperaturkompensation, um St\u00f6rungen zu beseitigen. Die Messgenauigkeit im Temperaturbereich von 35 bis 42 Grad betr\u00e4gt bis zu \u00b10,2 Grad.\" \/>\n<meta name=\"robots\" content=\"index, follow, max-snippet:-1, max-image-preview:large, max-video-preview:-1\" \/>\n<link rel=\"canonical\" href=\"https:\/\/cem-instruments.de\/de\/product\/dt-8807-stirn-thermometer\/\" \/>\n<meta property=\"og:locale\" content=\"de_DE\" \/>\n<meta property=\"og:type\" content=\"article\" \/>\n<meta property=\"og:title\" content=\"DT-8807S\/8807B Kontaktlose Klinische Stirn-Infrarot-Thermometer - CEM Test Instruments GmbH\" \/>\n<meta property=\"og:description\" content=\"Der 8807S\/8807B verwendet einen importierten Hochpr\u00e4zisionssensor, misst die Stirntemperatur in 1 Sekunde schnell, erm\u00f6glicht eine schnelle Umschaltung mit nur einem Knopfdruck und kann sowohl f\u00fcr die K\u00f6rpertemperatur als auch f\u00fcr die Objekttemperatur im Dualmodus verwendet werden. Es verf\u00fcgt \u00fcber eine eingebaute Temperaturkompensation, um St\u00f6rungen zu beseitigen. Die Messgenauigkeit im Temperaturbereich von 35 bis 42 Grad betr\u00e4gt bis zu \u00b10,2 Grad.\" \/>\n<meta property=\"og:url\" content=\"https:\/\/cem-instruments.de\/de\/product\/dt-8807-stirn-thermometer\/\" \/>\n<meta property=\"og:site_name\" content=\"CEM Test Instruments GmbH\" \/>\n<meta property=\"article:modified_time\" content=\"2025-01-23T21:55:17+00:00\" \/>\n<meta property=\"og:image\" content=\"https:\/\/res.cloudinary.com\/dathdmgqz\/images\/f_auto,q_auto\/v1730126387\/medical device pic\/DT-8807S\/pnmaauefkq5gm0shxkpb\/pnmaauefkq5gm0shxkpb.jpg?_i=AA\" \/>\n\t<meta property=\"og:image:width\" content=\"540\" \/>\n\t<meta property=\"og:image:height\" content=\"720\" \/>\n\t<meta property=\"og:image:type\" content=\"image\/jpeg\" \/>\n<meta name=\"twitter:card\" content=\"summary_large_image\" \/>\n<meta name=\"twitter:label1\" content=\"Gesch\u00e4tzte Lesezeit\" \/>\n\t<meta name=\"twitter:data1\" content=\"3\u00a0Minuten\" \/>\n<script type=\"application\/ld+json\" class=\"yoast-schema-graph\">{\"@context\":\"https:\/\/schema.org\",\"@graph\":[{\"@type\":\"WebPage\",\"@id\":\"https:\/\/cem-instruments.de\/de\/product\/dt-8807-stirn-thermometer\/\",\"url\":\"https:\/\/cem-instruments.de\/de\/product\/dt-8807-stirn-thermometer\/\",\"name\":\"DT-8807S\/8807B Kontaktlose Klinische Stirn-Infrarot-Thermometer - CEM Test Instruments GmbH\",\"isPartOf\":{\"@id\":\"https:\/\/cem-instruments.de\/de\/#website\"},\"primaryImageOfPage\":{\"@id\":\"https:\/\/cem-instruments.de\/de\/product\/dt-8807-stirn-thermometer\/#primaryimage\"},\"image\":{\"@id\":\"https:\/\/cem-instruments.de\/de\/product\/dt-8807-stirn-thermometer\/#primaryimage\"},\"thumbnailUrl\":\"https:\/\/res.cloudinary.com\/dathdmgqz\/images\/f_auto,q_auto\/v1730126387\/medical device pic\/DT-8807S\/pnmaauefkq5gm0shxkpb\/pnmaauefkq5gm0shxkpb.jpg?_i=AA\",\"datePublished\":\"2024-10-29T08:52:52+00:00\",\"dateModified\":\"2025-01-23T21:55:17+00:00\",\"description\":\"Der 8807S\/8807B verwendet einen importierten Hochpr\u00e4zisionssensor, misst die Stirntemperatur in 1 Sekunde schnell, erm\u00f6glicht eine schnelle Umschaltung mit nur einem Knopfdruck und kann sowohl f\u00fcr die K\u00f6rpertemperatur als auch f\u00fcr die Objekttemperatur im Dualmodus verwendet werden. Es verf\u00fcgt \u00fcber eine eingebaute Temperaturkompensation, um St\u00f6rungen zu beseitigen. Die Messgenauigkeit im Temperaturbereich von 35 bis 42 Grad betr\u00e4gt bis zu \u00b10,2 Grad.\",\"breadcrumb\":{\"@id\":\"https:\/\/cem-instruments.de\/de\/product\/dt-8807-stirn-thermometer\/#breadcrumb\"},\"inLanguage\":\"de\",\"potentialAction\":[{\"@type\":\"ReadAction\",\"target\":[\"https:\/\/cem-instruments.de\/de\/product\/dt-8807-stirn-thermometer\/\"]}]},{\"@type\":\"ImageObject\",\"inLanguage\":\"de\",\"@id\":\"https:\/\/cem-instruments.de\/de\/product\/dt-8807-stirn-thermometer\/#primaryimage\",\"url\":\"https:\/\/res.cloudinary.com\/dathdmgqz\/images\/f_auto,q_auto\/v1730126387\/medical device pic\/DT-8807S\/pnmaauefkq5gm0shxkpb\/pnmaauefkq5gm0shxkpb.jpg?_i=AA\",\"contentUrl\":\"https:\/\/res.cloudinary.com\/dathdmgqz\/images\/f_auto,q_auto\/v1730126387\/medical device pic\/DT-8807S\/pnmaauefkq5gm0shxkpb\/pnmaauefkq5gm0shxkpb.jpg?_i=AA\",\"width\":540,\"height\":720},{\"@type\":\"BreadcrumbList\",\"@id\":\"https:\/\/cem-instruments.de\/de\/product\/dt-8807-stirn-thermometer\/#breadcrumb\",\"itemListElement\":[{\"@type\":\"ListItem\",\"position\":1,\"name\":\"Home\",\"item\":\"https:\/\/cem-instruments.de\/de\/\"},{\"@type\":\"ListItem\",\"position\":2,\"name\":\"Products\",\"item\":\"https:\/\/cem-instruments.de\/de\/shop\/\"},{\"@type\":\"ListItem\",\"position\":3,\"name\":\"DT-8807S\/8807B Kontaktlose Klinische Stirn-Infrarot-Thermometer\"}]},{\"@type\":\"WebSite\",\"@id\":\"https:\/\/cem-instruments.de\/de\/#website\",\"url\":\"https:\/\/cem-instruments.de\/de\/\",\"name\":\"CEM Test Instruments GmbH\",\"description\":\"CEM Test Instruments GmbH\",\"publisher\":{\"@id\":\"https:\/\/cem-instruments.de\/de\/#organization\"},\"alternateName\":\"best partner for electronic instruments\",\"potentialAction\":[{\"@type\":\"SearchAction\",\"target\":{\"@type\":\"EntryPoint\",\"urlTemplate\":\"https:\/\/cem-instruments.de\/de\/?s={search_term_string}\"},\"query-input\":{\"@type\":\"PropertyValueSpecification\",\"valueRequired\":true,\"valueName\":\"search_term_string\"}}],\"inLanguage\":\"de\"},{\"@type\":\"Organization\",\"@id\":\"https:\/\/cem-instruments.de\/de\/#organization\",\"name\":\"CEM Test Instruments GmbH\",\"url\":\"https:\/\/cem-instruments.de\/de\/\",\"logo\":{\"@type\":\"ImageObject\",\"inLanguage\":\"de\",\"@id\":\"https:\/\/cem-instruments.de\/de\/#\/schema\/logo\/image\/\",\"url\":\"https:\/\/res.cloudinary.com\/dathdmgqz\/images\/f_auto,q_auto\/v1728637129\/cropped-2024-10-11-10_57_57-cem-instruments.de-\u2013-CEM-instruments-GmbH\/cropped-2024-10-11-10_57_57-cem-instruments.de-\u2013-CEM-instruments-GmbH.jpg?_i=AA\",\"contentUrl\":\"https:\/\/res.cloudinary.com\/dathdmgqz\/images\/f_auto,q_auto\/v1728637129\/cropped-2024-10-11-10_57_57-cem-instruments.de-\u2013-CEM-instruments-GmbH\/cropped-2024-10-11-10_57_57-cem-instruments.de-\u2013-CEM-instruments-GmbH.jpg?_i=AA\",\"width\":512,\"height\":512,\"caption\":\"CEM Test Instruments GmbH\"},\"image\":{\"@id\":\"https:\/\/cem-instruments.de\/de\/#\/schema\/logo\/image\/\"}}]}<\/script>\n<!-- \/ Yoast SEO plugin. -->","yoast_head_json":{"title":"DT-8807S\/8807B Kontaktlose Klinische Stirn-Infrarot-Thermometer - CEM Test Instruments GmbH","description":"Der 8807S\/8807B verwendet einen importierten Hochpr\u00e4zisionssensor, misst die Stirntemperatur in 1 Sekunde schnell, erm\u00f6glicht eine schnelle Umschaltung mit nur einem Knopfdruck und kann sowohl f\u00fcr die K\u00f6rpertemperatur als auch f\u00fcr die Objekttemperatur im Dualmodus verwendet werden. Es verf\u00fcgt \u00fcber eine eingebaute Temperaturkompensation, um St\u00f6rungen zu beseitigen. Die Messgenauigkeit im Temperaturbereich von 35 bis 42 Grad betr\u00e4gt bis zu \u00b10,2 Grad.","robots":{"index":"index","follow":"follow","max-snippet":"max-snippet:-1","max-image-preview":"max-image-preview:large","max-video-preview":"max-video-preview:-1"},"canonical":"https:\/\/cem-instruments.de\/de\/product\/dt-8807-stirn-thermometer\/","og_locale":"de_DE","og_type":"article","og_title":"DT-8807S\/8807B Kontaktlose Klinische Stirn-Infrarot-Thermometer - CEM Test Instruments GmbH","og_description":"Der 8807S\/8807B verwendet einen importierten Hochpr\u00e4zisionssensor, misst die Stirntemperatur in 1 Sekunde schnell, erm\u00f6glicht eine schnelle Umschaltung mit nur einem Knopfdruck und kann sowohl f\u00fcr die K\u00f6rpertemperatur als auch f\u00fcr die Objekttemperatur im Dualmodus verwendet werden. Es verf\u00fcgt \u00fcber eine eingebaute Temperaturkompensation, um St\u00f6rungen zu beseitigen. Die Messgenauigkeit im Temperaturbereich von 35 bis 42 Grad betr\u00e4gt bis zu \u00b10,2 Grad.","og_url":"https:\/\/cem-instruments.de\/de\/product\/dt-8807-stirn-thermometer\/","og_site_name":"CEM Test Instruments GmbH","article_modified_time":"2025-01-23T21:55:17+00:00","og_image":[{"width":540,"height":720,"url":"https:\/\/res.cloudinary.com\/dathdmgqz\/images\/f_auto,q_auto\/v1730126387\/medical device pic\/DT-8807S\/pnmaauefkq5gm0shxkpb\/pnmaauefkq5gm0shxkpb.jpg?_i=AA","type":"image\/jpeg"}],"twitter_card":"summary_large_image","twitter_misc":{"Gesch\u00e4tzte Lesezeit":"3\u00a0Minuten"},"schema":{"@context":"https:\/\/schema.org","@graph":[{"@type":"WebPage","@id":"https:\/\/cem-instruments.de\/de\/product\/dt-8807-stirn-thermometer\/","url":"https:\/\/cem-instruments.de\/de\/product\/dt-8807-stirn-thermometer\/","name":"DT-8807S\/8807B Kontaktlose Klinische Stirn-Infrarot-Thermometer - CEM Test Instruments GmbH","isPartOf":{"@id":"https:\/\/cem-instruments.de\/de\/#website"},"primaryImageOfPage":{"@id":"https:\/\/cem-instruments.de\/de\/product\/dt-8807-stirn-thermometer\/#primaryimage"},"image":{"@id":"https:\/\/cem-instruments.de\/de\/product\/dt-8807-stirn-thermometer\/#primaryimage"},"thumbnailUrl":"https:\/\/res.cloudinary.com\/dathdmgqz\/images\/f_auto,q_auto\/v1730126387\/medical device pic\/DT-8807S\/pnmaauefkq5gm0shxkpb\/pnmaauefkq5gm0shxkpb.jpg?_i=AA","datePublished":"2024-10-29T08:52:52+00:00","dateModified":"2025-01-23T21:55:17+00:00","description":"Der 8807S\/8807B verwendet einen importierten Hochpr\u00e4zisionssensor, misst die Stirntemperatur in 1 Sekunde schnell, erm\u00f6glicht eine schnelle Umschaltung mit nur einem Knopfdruck und kann sowohl f\u00fcr die K\u00f6rpertemperatur als auch f\u00fcr die Objekttemperatur im Dualmodus verwendet werden. Es verf\u00fcgt \u00fcber eine eingebaute Temperaturkompensation, um St\u00f6rungen zu beseitigen. Die Messgenauigkeit im Temperaturbereich von 35 bis 42 Grad betr\u00e4gt bis zu \u00b10,2 Grad.","breadcrumb":{"@id":"https:\/\/cem-instruments.de\/de\/product\/dt-8807-stirn-thermometer\/#breadcrumb"},"inLanguage":"de","potentialAction":[{"@type":"ReadAction","target":["https:\/\/cem-instruments.de\/de\/product\/dt-8807-stirn-thermometer\/"]}]},{"@type":"ImageObject","inLanguage":"de","@id":"https:\/\/cem-instruments.de\/de\/product\/dt-8807-stirn-thermometer\/#primaryimage","url":"https:\/\/res.cloudinary.com\/dathdmgqz\/images\/f_auto,q_auto\/v1730126387\/medical device pic\/DT-8807S\/pnmaauefkq5gm0shxkpb\/pnmaauefkq5gm0shxkpb.jpg?_i=AA","contentUrl":"https:\/\/res.cloudinary.com\/dathdmgqz\/images\/f_auto,q_auto\/v1730126387\/medical device pic\/DT-8807S\/pnmaauefkq5gm0shxkpb\/pnmaauefkq5gm0shxkpb.jpg?_i=AA","width":540,"height":720},{"@type":"BreadcrumbList","@id":"https:\/\/cem-instruments.de\/de\/product\/dt-8807-stirn-thermometer\/#breadcrumb","itemListElement":[{"@type":"ListItem","position":1,"name":"Home","item":"https:\/\/cem-instruments.de\/de\/"},{"@type":"ListItem","position":2,"name":"Products","item":"https:\/\/cem-instruments.de\/de\/shop\/"},{"@type":"ListItem","position":3,"name":"DT-8807S\/8807B Kontaktlose Klinische Stirn-Infrarot-Thermometer"}]},{"@type":"WebSite","@id":"https:\/\/cem-instruments.de\/de\/#website","url":"https:\/\/cem-instruments.de\/de\/","name":"CEM Test Instruments GmbH","description":"CEM Test Instruments GmbH","publisher":{"@id":"https:\/\/cem-instruments.de\/de\/#organization"},"alternateName":"best partner for electronic instruments","potentialAction":[{"@type":"SearchAction","target":{"@type":"EntryPoint","urlTemplate":"https:\/\/cem-instruments.de\/de\/?s={search_term_string}"},"query-input":{"@type":"PropertyValueSpecification","valueRequired":true,"valueName":"search_term_string"}}],"inLanguage":"de"},{"@type":"Organization","@id":"https:\/\/cem-instruments.de\/de\/#organization","name":"CEM Test Instruments GmbH","url":"https:\/\/cem-instruments.de\/de\/","logo":{"@type":"ImageObject","inLanguage":"de","@id":"https:\/\/cem-instruments.de\/de\/#\/schema\/logo\/image\/","url":"https:\/\/res.cloudinary.com\/dathdmgqz\/images\/f_auto,q_auto\/v1728637129\/cropped-2024-10-11-10_57_57-cem-instruments.de-\u2013-CEM-instruments-GmbH\/cropped-2024-10-11-10_57_57-cem-instruments.de-\u2013-CEM-instruments-GmbH.jpg?_i=AA","contentUrl":"https:\/\/res.cloudinary.com\/dathdmgqz\/images\/f_auto,q_auto\/v1728637129\/cropped-2024-10-11-10_57_57-cem-instruments.de-\u2013-CEM-instruments-GmbH\/cropped-2024-10-11-10_57_57-cem-instruments.de-\u2013-CEM-instruments-GmbH.jpg?_i=AA","width":512,"height":512,"caption":"CEM Test Instruments GmbH"},"image":{"@id":"https:\/\/cem-instruments.de\/de\/#\/schema\/logo\/image\/"}}]}},"_links":{"self":[{"href":"https:\/\/cem-instruments.de\/de\/wp-json\/wp\/v2\/product\/31617","targetHints":{"allow":["GET"]}}],"collection":[{"href":"https:\/\/cem-instruments.de\/de\/wp-json\/wp\/v2\/product"}],"about":[{"href":"https:\/\/cem-instruments.de\/de\/wp-json\/wp\/v2\/types\/product"}],"version-history":[{"count":4,"href":"https:\/\/cem-instruments.de\/de\/wp-json\/wp\/v2\/product\/31617\/revisions"}],"predecessor-version":[{"id":32081,"href":"https:\/\/cem-instruments.de\/de\/wp-json\/wp\/v2\/product\/31617\/revisions\/32081"}],"wp:featuredmedia":[{"embeddable":true,"href":"https:\/\/cem-instruments.de\/de\/wp-json\/wp\/v2\/media\/31618"}],"wp:attachment":[{"href":"https:\/\/cem-instruments.de\/de\/wp-json\/wp\/v2\/media?parent=31617"}],"wp:term":[{"taxonomy":"product_brand","embeddable":true,"href":"https:\/\/cem-instruments.de\/de\/wp-json\/wp\/v2\/product_brand?post=31617"},{"taxonomy":"product_cat","embeddable":true,"href":"https:\/\/cem-instruments.de\/de\/wp-json\/wp\/v2\/product_cat?post=31617"},{"taxonomy":"product_tag","embeddable":true,"href":"https:\/\/cem-instruments.de\/de\/wp-json\/wp\/v2\/product_tag?post=31617"}],"curies":[{"name":"wp","href":"https:\/\/api.w.org\/{rel}","templated":true}]}}