{"id":31626,"date":"2024-10-29T09:57:58","date_gmt":"2024-10-29T08:57:58","guid":{"rendered":"https:\/\/cem-instruments.de\/de\/?post_type=product&#038;p=31626"},"modified":"2025-01-23T22:52:42","modified_gmt":"2025-01-23T21:52:42","slug":"bp-108-blutdruckmess","status":"publish","type":"product","link":"https:\/\/cem-instruments.de\/de\/product\/bp-108-blutdruckmess\/","title":{"rendered":"BP-108\/108H Elektronische Blutdruckmessger\u00e4te"},"content":{"rendered":"\t\t<div data-elementor-type=\"wp-post\" data-elementor-id=\"31626\" class=\"elementor elementor-31626\" data-elementor-post-type=\"product\">\n\t\t\t\t<div class=\"wd-negative-gap elementor-element elementor-element-10f2b50 e-flex e-con-boxed e-con e-parent\" data-id=\"10f2b50\" data-element_type=\"container\">\n\t\t\t\t\t<div class=\"e-con-inner\">\n\t\t<div class=\"elementor-element elementor-element-bb53243 e-con-full e-flex e-con e-child\" data-id=\"bb53243\" data-element_type=\"container\">\n\t\t\t\t<div class=\"elementor-element elementor-element-79d109a e-n-tabs-mobile elementor-widget elementor-widget-n-tabs\" data-id=\"79d109a\" data-element_type=\"widget\" data-settings=\"{&quot;tabs_justify_horizontal&quot;:&quot;start&quot;,&quot;horizontal_scroll&quot;:&quot;disable&quot;}\" data-widget_type=\"nested-tabs.default\">\n\t\t\t\t<div class=\"elementor-widget-container\">\n\t\t\t\t\t\t\t<div class=\"e-n-tabs\" data-widget-number=\"127733914\" aria-label=\"Tabs. Open items with Enter or Space, close with Escape and navigate using the Arrow keys.\">\n\t\t\t<div class=\"e-n-tabs-heading\" role=\"tablist\">\n\t\t\t\t\t<button id=\"e-n-tab-title-1277339141\" class=\"e-n-tab-title\" aria-selected=\"true\" data-tab-index=\"1\" role=\"tab\" tabindex=\"0\" aria-controls=\"e-n-tab-content-1277339141\" style=\"--n-tabs-title-order: 1;\">\n\t\t\t\t\t\t<span class=\"e-n-tab-title-text\">\n\t\t\t\tDescription\t\t\t<\/span>\n\t\t<\/button>\n\t\t\t\t<button id=\"e-n-tab-title-1277339142\" class=\"e-n-tab-title\" aria-selected=\"false\" data-tab-index=\"2\" role=\"tab\" tabindex=\"-1\" aria-controls=\"e-n-tab-content-1277339142\" style=\"--n-tabs-title-order: 2;\">\n\t\t\t\t\t\t<span class=\"e-n-tab-title-text\">\n\t\t\t\tSpecification\t\t\t<\/span>\n\t\t<\/button>\n\t\t\t\t<button id=\"e-n-tab-title-1277339143\" class=\"e-n-tab-title\" aria-selected=\"false\" data-tab-index=\"3\" role=\"tab\" tabindex=\"-1\" aria-controls=\"e-n-tab-content-1277339143\" style=\"--n-tabs-title-order: 3;\">\n\t\t\t\t\t\t<span class=\"e-n-tab-title-text\">\n\t\t\t\tResources\t\t\t<\/span>\n\t\t<\/button>\n\t\t\t\t\t<\/div>\n\t\t\t<div class=\"e-n-tabs-content\">\n\t\t\t\t<div id=\"e-n-tab-content-1277339141\" role=\"tabpanel\" aria-labelledby=\"e-n-tab-title-1277339141\" data-tab-index=\"1\" style=\"--n-tabs-title-order: 1;\" class=\"e-active elementor-element elementor-element-1e9a15b e-con-full e-flex e-con e-child\" data-id=\"1e9a15b\" data-element_type=\"container\">\n\t\t<div class=\"wd-negative-gap elementor-element elementor-element-343856a e-flex e-con-boxed e-con e-child\" data-id=\"343856a\" data-element_type=\"container\">\n\t\t\t\t\t<div class=\"e-con-inner\">\n\t\t\t\t<div class=\"elementor-element elementor-element-0b562c4 elementor-widget elementor-widget-wd_text_block\" data-id=\"0b562c4\" data-element_type=\"widget\" data-widget_type=\"wd_text_block.default\">\n\t\t\t\t<div class=\"elementor-widget-container\">\n\t\t\t\t\t\t\t<div class=\"wd-text-block reset-last-child text-left\">\n\t\t\t\n\t\t\t<p>BP-108 Heim-Blutdruckmessger\u00e4t wird h\u00e4ufig verwendet und von \u00c4rzten und Apothekern f\u00fcr eine klinisch genaue \u00dcberwachung zu Hause empfohlen. Zu den Funktionen geh\u00f6ren: Die Erkennung unregelm\u00e4\u00dfiger Herzschl\u00e4ge, die Ihre Messwerte sowie unregelm\u00e4\u00dfige Herzschl\u00e4ge und K\u00f6rperbewegungen w\u00e4hrend der Messung erfasst; Die Speicherfunktion speichert 30 Blutdruckmessungen f\u00fcr 1 Benutzer.<\/p><p>BP-108 Heim-Blutdruckmessger\u00e4t ist einfach zu bedienen; Ein-Knopf-Bedienung und K\u00f6rperbewegungserkennung sorgen f\u00fcr eine einfache Anwendung und genaue Messwerte. Es ist mit einer komfortablen Manschette ausgestattet. Diese weiche, gro\u00dffl\u00e4chige D-Ring-Manschette wurde f\u00fcr eine komfortablere Messung entwickelt.<\/p><p><strong>Merkmale<\/strong><\/p><ul><li>Sprachfunktion<\/li><li>30 Speicherpl\u00e4tze<\/li><li>Das Datum und die Uhrzeit werden zusammen mit jedem Blutdruckwert angezeigt und gespeichert<\/li><li>Wenn das Batteriesymbol angezeigt wird, sind die Batterien entladen, und das Ger\u00e4t kann nicht verwendet werden, bis neue Batterien eingesetzt werden<\/li><\/ul>\n\t\t\t\t\t<\/div>\n\t\t\t\t\t\t<\/div>\n\t\t\t\t<\/div>\n\t\t\t\t\t<\/div>\n\t\t\t\t<\/div>\n\t\t\t\t<\/div>\n\t\t<div id=\"e-n-tab-content-1277339142\" role=\"tabpanel\" aria-labelledby=\"e-n-tab-title-1277339142\" data-tab-index=\"2\" style=\"--n-tabs-title-order: 2;\" class=\" elementor-element elementor-element-d98711b e-con-full e-flex e-con e-child\" data-id=\"d98711b\" data-element_type=\"container\">\n\t\t\t\t<div class=\"elementor-element elementor-element-0058c63 elementor-widget elementor-widget-wd_image_or_svg\" data-id=\"0058c63\" data-element_type=\"widget\" data-widget_type=\"wd_image_or_svg.default\">\n\t\t\t\t<div class=\"elementor-widget-container\">\n\t\t\t\t\t\n\t\t<div class=\"wd-image text-left\">\n\t\t\t\t\t\t\t\t<img width=\"319\" height=\"241\" data-public-id=\"medical device pic\/BP-108\/x8fhibxh0b6ngvbhtlum\/x8fhibxh0b6ngvbhtlum.png\" fetchpriority=\"high\" decoding=\"async\" src=\"https:\/\/res.cloudinary.com\/dathdmgqz\/images\/w_319,h_241,c_scale\/f_auto,q_auto\/v1730126385\/medical device pic\/BP-108\/x8fhibxh0b6ngvbhtlum\/x8fhibxh0b6ngvbhtlum.png?_i=AA\" class=\"attachment-full size-full wp-image-31631\" alt=\"\" data-format=\"png\" data-transformations=\"f_auto,q_auto\" data-version=\"1730126385\" data-seo=\"1\" data-responsive=\"1\" srcset=\"https:\/\/res.cloudinary.com\/dathdmgqz\/images\/w_319,h_241,c_scale\/f_auto,q_auto\/v1730126385\/medical device pic\/BP-108\/x8fhibxh0b6ngvbhtlum\/x8fhibxh0b6ngvbhtlum.png?_i=AA 319w, https:\/\/res.cloudinary.com\/dathdmgqz\/images\/w_248,h_187,c_scale\/f_auto,q_auto\/v1730126385\/medical device pic\/BP-108\/x8fhibxh0b6ngvbhtlum\/x8fhibxh0b6ngvbhtlum.png?_i=AA 248w\" sizes=\"(max-width: 319px) 100vw, 319px\" \/>\t\t\t\t\t<\/div>\n\n\t\t\t\t\t\t<\/div>\n\t\t\t\t<\/div>\n\t\t\t\t<\/div>\n\t\t<div id=\"e-n-tab-content-1277339143\" role=\"tabpanel\" aria-labelledby=\"e-n-tab-title-1277339143\" data-tab-index=\"3\" style=\"--n-tabs-title-order: 3;\" class=\" elementor-element elementor-element-65f5857 e-con-full e-flex e-con e-child\" data-id=\"65f5857\" data-element_type=\"container\">\n\t\t<div class=\"elementor-element elementor-element-cd12055 e-con-full e-flex e-con e-child\" data-id=\"cd12055\" data-element_type=\"container\">\n\t\t\t\t<div class=\"elementor-element elementor-element-99afc46 elementor-widget elementor-widget-wd_list\" data-id=\"99afc46\" data-element_type=\"widget\" data-widget_type=\"wd_list.default\">\n\t\t\t\t<div class=\"elementor-widget-container\">\n\t\t\t\t\t\t\t<ul class=\"wd-list color-scheme- wd-fontsize-xs wd-type-icon wd-style-default text-left\">\n\t\t\t\t\t\t\t\t\t\t\t<li class=\"elementor-repeater-item-fe163c2\">\n\t\t\t\t\t\t\t\t\t\t\t<span class=\"wd-icon\"><svg class=\"e-font-icon-svg e-fas-star\" viewBox=\"0 0 576 512\" xmlns=\"http:\/\/www.w3.org\/2000\/svg\"><path d=\"M259.3 17.8L194 150.2 47.9 171.5c-26.2 3.8-36.7 36.1-17.7 54.6l105.7 103-25 145.5c-4.5 26.3 23.2 46 46.4 33.7L288 439.6l130.7 68.7c23.2 12.2 50.9-7.4 46.4-33.7l-25-145.5 105.7-103c19-18.5 8.5-50.8-17.7-54.6L382 150.2 316.7 17.8c-11.7-23.6-45.6-23.9-57.4 0z\"><\/path><\/svg><\/span>\t\t\t\t\t\n\t\t\t\t\t<span class=\"wd-list-content list-content\">\n\t\t\t\t\t\tapplication note\t\t\t\t\t<\/span>\n\n\t\t\t\t\t\t\t\t\t<\/li>\n\t\t\t\t\t<\/ul>\n\n\t\t\t\t\t\t<\/div>\n\t\t\t\t<\/div>\n\t\t\t\t<div class=\"elementor-element elementor-element-b5b5a5c elementor-widget elementor-widget-wd_list\" data-id=\"b5b5a5c\" data-element_type=\"widget\" data-widget_type=\"wd_list.default\">\n\t\t\t\t<div class=\"elementor-widget-container\">\n\t\t\t\t\t\t\t<ul class=\"wd-list color-scheme-custom wd-fontsize-xs wd-type-icon wd-style-default text-left\">\n\t\t\t\t\t\t\t\t\t\t\t<li class=\"elementor-repeater-item-fe163c2\">\n\t\t\t\t\t\t\t\t\t\t\t<span class=\"wd-icon\"><svg class=\"e-font-icon-svg e-fas-star\" viewBox=\"0 0 576 512\" xmlns=\"http:\/\/www.w3.org\/2000\/svg\"><path d=\"M259.3 17.8L194 150.2 47.9 171.5c-26.2 3.8-36.7 36.1-17.7 54.6l105.7 103-25 145.5c-4.5 26.3 23.2 46 46.4 33.7L288 439.6l130.7 68.7c23.2 12.2 50.9-7.4 46.4-33.7l-25-145.5 105.7-103c19-18.5 8.5-50.8-17.7-54.6L382 150.2 316.7 17.8c-11.7-23.6-45.6-23.9-57.4 0z\"><\/path><\/svg><\/span>\t\t\t\t\t\n\t\t\t\t\t<span class=\"wd-list-content list-content\">\n\t\t\t\t\t\tdatasheet\t\t\t\t\t<\/span>\n\n\t\t\t\t\t\t\t\t\t<\/li>\n\t\t\t\t\t\t\t\t\t\t\t<li class=\"elementor-repeater-item-66113ab\">\n\t\t\t\t\t\t\t\t\t\t\t<span class=\"wd-icon\"><svg class=\"e-font-icon-svg e-fas-star\" viewBox=\"0 0 576 512\" xmlns=\"http:\/\/www.w3.org\/2000\/svg\"><path d=\"M259.3 17.8L194 150.2 47.9 171.5c-26.2 3.8-36.7 36.1-17.7 54.6l105.7 103-25 145.5c-4.5 26.3 23.2 46 46.4 33.7L288 439.6l130.7 68.7c23.2 12.2 50.9-7.4 46.4-33.7l-25-145.5 105.7-103c19-18.5 8.5-50.8-17.7-54.6L382 150.2 316.7 17.8c-11.7-23.6-45.6-23.9-57.4 0z\"><\/path><\/svg><\/span>\t\t\t\t\t\n\t\t\t\t\t<span class=\"wd-list-content list-content\">\n\t\t\t\t\t\tuser manual\t\t\t\t\t<\/span>\n\n\t\t\t\t\t\t\t\t\t<\/li>\n\t\t\t\t\t<\/ul>\n\n\t\t\t\t\t\t<\/div>\n\t\t\t\t<\/div>\n\t\t\t\t<\/div>\n\t\t<div class=\"elementor-element elementor-element-eba8fd8 e-con-full e-flex e-con e-child\" data-id=\"eba8fd8\" data-element_type=\"container\">\n\t\t\t\t<\/div>\n\t\t\t\t<\/div>\n\t\t\t\t\t<\/div>\n\t\t<\/div>\n\t\t\t\t\t\t<\/div>\n\t\t\t\t<\/div>\n\t\t\t\t<\/div>\n\t\t\t\t\t<\/div>\n\t\t\t\t<\/div>\n\t\t\t\t<\/div>\n\t\t","protected":false},"excerpt":{"rendered":"<p>BP-108 Heim-Blutdruckmessger\u00e4t wird h\u00e4ufig verwendet und von \u00c4rzten und Apothekern f\u00fcr eine klinisch genaue \u00dcberwachung zu Hause empfohlen. Zu den Funktionen geh\u00f6ren: Die Erkennung unregelm\u00e4\u00dfiger Herzschl\u00e4ge, die Ihre Messwerte sowie unregelm\u00e4\u00dfige Herzschl\u00e4ge und K\u00f6rperbewegungen w\u00e4hrend der Messung erfasst; Die Speicherfunktion speichert 30 Blutdruckmessungen f\u00fcr 1 Benutzer.<\/p>\n<p>BP-108 Heim-Blutdruckmessger\u00e4t ist einfach zu bedienen; Ein-Knopf-Bedienung und K\u00f6rperbewegungserkennung sorgen f\u00fcr eine einfache Anwendung und genaue Messwerte. Es ist mit einer komfortablen Manschette ausgestattet. Diese weiche, gro\u00dffl\u00e4chige D-Ring-Manschette wurde f\u00fcr eine komfortablere Messung entwickelt.<\/p>\n","protected":false},"featured_media":31627,"template":"","meta":{"_cloudinary_featured_overwrite":false},"product_brand":[],"product_cat":[384,437],"product_tag":[],"class_list":{"0":"post-31626","1":"product","2":"type-product","3":"status-publish","4":"has-post-thumbnail","6":"product_cat-medical_device","7":"product_cat-blood-pressure-monitors","9":"first","10":"instock","11":"shipping-taxable","12":"product-type-simple"},"yoast_head":"<!-- This site is optimized with the Yoast SEO plugin v24.3 - https:\/\/yoast.com\/wordpress\/plugins\/seo\/ -->\n<title>BP-108\/108H Elektronische Blutdruckmessger\u00e4te - CEM Test Instruments GmbH<\/title>\n<meta name=\"description\" content=\"BP-108 Heim-Blutdruckmessger\u00e4t wird h\u00e4ufig verwendet und von \u00c4rzten und Apothekern f\u00fcr eine klinisch genaue \u00dcberwachung zu Hause empfohlen. Zu den Funktionen geh\u00f6ren: Die Erkennung unregelm\u00e4\u00dfiger Herzschl\u00e4ge, die Ihre Messwerte sowie unregelm\u00e4\u00dfige Herzschl\u00e4ge und K\u00f6rperbewegungen w\u00e4hrend der Messung erfasst; Die Speicherfunktion speichert 30 Blutdruckmessungen f\u00fcr 1 Benutzer.BP-108 Heim-Blutdruckmessger\u00e4t ist einfach zu bedienen; Ein-Knopf-Bedienung und K\u00f6rperbewegungserkennung sorgen f\u00fcr eine einfache Anwendung und genaue Messwerte. Es ist mit einer komfortablen Manschette ausgestattet. Diese weiche, gro\u00dffl\u00e4chige D-Ring-Manschette wurde f\u00fcr eine komfortablere Messung entwickelt.\" \/>\n<meta name=\"robots\" content=\"index, follow, max-snippet:-1, max-image-preview:large, max-video-preview:-1\" \/>\n<link rel=\"canonical\" href=\"https:\/\/cem-instruments.de\/de\/product\/bp-108-blutdruckmess\/\" \/>\n<meta property=\"og:locale\" content=\"de_DE\" \/>\n<meta property=\"og:type\" content=\"article\" \/>\n<meta property=\"og:title\" content=\"BP-108\/108H Elektronische Blutdruckmessger\u00e4te - CEM Test Instruments GmbH\" \/>\n<meta property=\"og:description\" content=\"BP-108 Heim-Blutdruckmessger\u00e4t wird h\u00e4ufig verwendet und von \u00c4rzten und Apothekern f\u00fcr eine klinisch genaue \u00dcberwachung zu Hause empfohlen. Zu den Funktionen geh\u00f6ren: Die Erkennung unregelm\u00e4\u00dfiger Herzschl\u00e4ge, die Ihre Messwerte sowie unregelm\u00e4\u00dfige Herzschl\u00e4ge und K\u00f6rperbewegungen w\u00e4hrend der Messung erfasst; Die Speicherfunktion speichert 30 Blutdruckmessungen f\u00fcr 1 Benutzer.BP-108 Heim-Blutdruckmessger\u00e4t ist einfach zu bedienen; Ein-Knopf-Bedienung und K\u00f6rperbewegungserkennung sorgen f\u00fcr eine einfache Anwendung und genaue Messwerte. Es ist mit einer komfortablen Manschette ausgestattet. Diese weiche, gro\u00dffl\u00e4chige D-Ring-Manschette wurde f\u00fcr eine komfortablere Messung entwickelt.\" \/>\n<meta property=\"og:url\" content=\"https:\/\/cem-instruments.de\/de\/product\/bp-108-blutdruckmess\/\" \/>\n<meta property=\"og:site_name\" content=\"CEM Test Instruments GmbH\" \/>\n<meta property=\"article:modified_time\" content=\"2025-01-23T21:52:42+00:00\" \/>\n<meta property=\"og:image\" content=\"https:\/\/res.cloudinary.com\/dathdmgqz\/images\/f_auto,q_auto\/v1730126385\/medical device pic\/BP-108\/awmmz0uhr3fpjiob1lqs\/awmmz0uhr3fpjiob1lqs.jpg?_i=AA\" \/>\n\t<meta property=\"og:image:width\" content=\"540\" \/>\n\t<meta property=\"og:image:height\" content=\"720\" \/>\n\t<meta property=\"og:image:type\" content=\"image\/jpeg\" \/>\n<meta name=\"twitter:card\" content=\"summary_large_image\" \/>\n<meta name=\"twitter:label1\" content=\"Gesch\u00e4tzte Lesezeit\" \/>\n\t<meta name=\"twitter:data1\" content=\"2\u00a0Minuten\" \/>\n<script type=\"application\/ld+json\" class=\"yoast-schema-graph\">{\"@context\":\"https:\/\/schema.org\",\"@graph\":[{\"@type\":\"WebPage\",\"@id\":\"https:\/\/cem-instruments.de\/de\/product\/bp-108-blutdruckmess\/\",\"url\":\"https:\/\/cem-instruments.de\/de\/product\/bp-108-blutdruckmess\/\",\"name\":\"BP-108\/108H Elektronische Blutdruckmessger\u00e4te - CEM Test Instruments GmbH\",\"isPartOf\":{\"@id\":\"https:\/\/cem-instruments.de\/de\/#website\"},\"primaryImageOfPage\":{\"@id\":\"https:\/\/cem-instruments.de\/de\/product\/bp-108-blutdruckmess\/#primaryimage\"},\"image\":{\"@id\":\"https:\/\/cem-instruments.de\/de\/product\/bp-108-blutdruckmess\/#primaryimage\"},\"thumbnailUrl\":\"https:\/\/res.cloudinary.com\/dathdmgqz\/images\/f_auto,q_auto\/v1730126385\/medical device pic\/BP-108\/awmmz0uhr3fpjiob1lqs\/awmmz0uhr3fpjiob1lqs.jpg?_i=AA\",\"datePublished\":\"2024-10-29T08:57:58+00:00\",\"dateModified\":\"2025-01-23T21:52:42+00:00\",\"description\":\"BP-108 Heim-Blutdruckmessger\u00e4t wird h\u00e4ufig verwendet und von \u00c4rzten und Apothekern f\u00fcr eine klinisch genaue \u00dcberwachung zu Hause empfohlen. Zu den Funktionen geh\u00f6ren: Die Erkennung unregelm\u00e4\u00dfiger Herzschl\u00e4ge, die Ihre Messwerte sowie unregelm\u00e4\u00dfige Herzschl\u00e4ge und K\u00f6rperbewegungen w\u00e4hrend der Messung erfasst; Die Speicherfunktion speichert 30 Blutdruckmessungen f\u00fcr 1 Benutzer.BP-108 Heim-Blutdruckmessger\u00e4t ist einfach zu bedienen; Ein-Knopf-Bedienung und K\u00f6rperbewegungserkennung sorgen f\u00fcr eine einfache Anwendung und genaue Messwerte. Es ist mit einer komfortablen Manschette ausgestattet. Diese weiche, gro\u00dffl\u00e4chige D-Ring-Manschette wurde f\u00fcr eine komfortablere Messung entwickelt.\",\"breadcrumb\":{\"@id\":\"https:\/\/cem-instruments.de\/de\/product\/bp-108-blutdruckmess\/#breadcrumb\"},\"inLanguage\":\"de\",\"potentialAction\":[{\"@type\":\"ReadAction\",\"target\":[\"https:\/\/cem-instruments.de\/de\/product\/bp-108-blutdruckmess\/\"]}]},{\"@type\":\"ImageObject\",\"inLanguage\":\"de\",\"@id\":\"https:\/\/cem-instruments.de\/de\/product\/bp-108-blutdruckmess\/#primaryimage\",\"url\":\"https:\/\/res.cloudinary.com\/dathdmgqz\/images\/f_auto,q_auto\/v1730126385\/medical device pic\/BP-108\/awmmz0uhr3fpjiob1lqs\/awmmz0uhr3fpjiob1lqs.jpg?_i=AA\",\"contentUrl\":\"https:\/\/res.cloudinary.com\/dathdmgqz\/images\/f_auto,q_auto\/v1730126385\/medical device pic\/BP-108\/awmmz0uhr3fpjiob1lqs\/awmmz0uhr3fpjiob1lqs.jpg?_i=AA\",\"width\":540,\"height\":720},{\"@type\":\"BreadcrumbList\",\"@id\":\"https:\/\/cem-instruments.de\/de\/product\/bp-108-blutdruckmess\/#breadcrumb\",\"itemListElement\":[{\"@type\":\"ListItem\",\"position\":1,\"name\":\"Home\",\"item\":\"https:\/\/cem-instruments.de\/de\/\"},{\"@type\":\"ListItem\",\"position\":2,\"name\":\"Products\",\"item\":\"https:\/\/cem-instruments.de\/de\/shop\/\"},{\"@type\":\"ListItem\",\"position\":3,\"name\":\"BP-108\/108H Elektronische Blutdruckmessger\u00e4te\"}]},{\"@type\":\"WebSite\",\"@id\":\"https:\/\/cem-instruments.de\/de\/#website\",\"url\":\"https:\/\/cem-instruments.de\/de\/\",\"name\":\"CEM Test Instruments GmbH\",\"description\":\"CEM Test Instruments GmbH\",\"publisher\":{\"@id\":\"https:\/\/cem-instruments.de\/de\/#organization\"},\"alternateName\":\"best partner for electronic instruments\",\"potentialAction\":[{\"@type\":\"SearchAction\",\"target\":{\"@type\":\"EntryPoint\",\"urlTemplate\":\"https:\/\/cem-instruments.de\/de\/?s={search_term_string}\"},\"query-input\":{\"@type\":\"PropertyValueSpecification\",\"valueRequired\":true,\"valueName\":\"search_term_string\"}}],\"inLanguage\":\"de\"},{\"@type\":\"Organization\",\"@id\":\"https:\/\/cem-instruments.de\/de\/#organization\",\"name\":\"CEM Test Instruments GmbH\",\"url\":\"https:\/\/cem-instruments.de\/de\/\",\"logo\":{\"@type\":\"ImageObject\",\"inLanguage\":\"de\",\"@id\":\"https:\/\/cem-instruments.de\/de\/#\/schema\/logo\/image\/\",\"url\":\"https:\/\/res.cloudinary.com\/dathdmgqz\/images\/f_auto,q_auto\/v1728637129\/cropped-2024-10-11-10_57_57-cem-instruments.de-\u2013-CEM-instruments-GmbH\/cropped-2024-10-11-10_57_57-cem-instruments.de-\u2013-CEM-instruments-GmbH.jpg?_i=AA\",\"contentUrl\":\"https:\/\/res.cloudinary.com\/dathdmgqz\/images\/f_auto,q_auto\/v1728637129\/cropped-2024-10-11-10_57_57-cem-instruments.de-\u2013-CEM-instruments-GmbH\/cropped-2024-10-11-10_57_57-cem-instruments.de-\u2013-CEM-instruments-GmbH.jpg?_i=AA\",\"width\":512,\"height\":512,\"caption\":\"CEM Test Instruments GmbH\"},\"image\":{\"@id\":\"https:\/\/cem-instruments.de\/de\/#\/schema\/logo\/image\/\"}}]}<\/script>\n<!-- \/ Yoast SEO plugin. -->","yoast_head_json":{"title":"BP-108\/108H Elektronische Blutdruckmessger\u00e4te - CEM Test Instruments GmbH","description":"BP-108 Heim-Blutdruckmessger\u00e4t wird h\u00e4ufig verwendet und von \u00c4rzten und Apothekern f\u00fcr eine klinisch genaue \u00dcberwachung zu Hause empfohlen. Zu den Funktionen geh\u00f6ren: Die Erkennung unregelm\u00e4\u00dfiger Herzschl\u00e4ge, die Ihre Messwerte sowie unregelm\u00e4\u00dfige Herzschl\u00e4ge und K\u00f6rperbewegungen w\u00e4hrend der Messung erfasst; Die Speicherfunktion speichert 30 Blutdruckmessungen f\u00fcr 1 Benutzer.BP-108 Heim-Blutdruckmessger\u00e4t ist einfach zu bedienen; Ein-Knopf-Bedienung und K\u00f6rperbewegungserkennung sorgen f\u00fcr eine einfache Anwendung und genaue Messwerte. Es ist mit einer komfortablen Manschette ausgestattet. Diese weiche, gro\u00dffl\u00e4chige D-Ring-Manschette wurde f\u00fcr eine komfortablere Messung entwickelt.","robots":{"index":"index","follow":"follow","max-snippet":"max-snippet:-1","max-image-preview":"max-image-preview:large","max-video-preview":"max-video-preview:-1"},"canonical":"https:\/\/cem-instruments.de\/de\/product\/bp-108-blutdruckmess\/","og_locale":"de_DE","og_type":"article","og_title":"BP-108\/108H Elektronische Blutdruckmessger\u00e4te - CEM Test Instruments GmbH","og_description":"BP-108 Heim-Blutdruckmessger\u00e4t wird h\u00e4ufig verwendet und von \u00c4rzten und Apothekern f\u00fcr eine klinisch genaue \u00dcberwachung zu Hause empfohlen. Zu den Funktionen geh\u00f6ren: Die Erkennung unregelm\u00e4\u00dfiger Herzschl\u00e4ge, die Ihre Messwerte sowie unregelm\u00e4\u00dfige Herzschl\u00e4ge und K\u00f6rperbewegungen w\u00e4hrend der Messung erfasst; Die Speicherfunktion speichert 30 Blutdruckmessungen f\u00fcr 1 Benutzer.BP-108 Heim-Blutdruckmessger\u00e4t ist einfach zu bedienen; Ein-Knopf-Bedienung und K\u00f6rperbewegungserkennung sorgen f\u00fcr eine einfache Anwendung und genaue Messwerte. Es ist mit einer komfortablen Manschette ausgestattet. Diese weiche, gro\u00dffl\u00e4chige D-Ring-Manschette wurde f\u00fcr eine komfortablere Messung entwickelt.","og_url":"https:\/\/cem-instruments.de\/de\/product\/bp-108-blutdruckmess\/","og_site_name":"CEM Test Instruments GmbH","article_modified_time":"2025-01-23T21:52:42+00:00","og_image":[{"width":540,"height":720,"url":"https:\/\/res.cloudinary.com\/dathdmgqz\/images\/f_auto,q_auto\/v1730126385\/medical device pic\/BP-108\/awmmz0uhr3fpjiob1lqs\/awmmz0uhr3fpjiob1lqs.jpg?_i=AA","type":"image\/jpeg"}],"twitter_card":"summary_large_image","twitter_misc":{"Gesch\u00e4tzte Lesezeit":"2\u00a0Minuten"},"schema":{"@context":"https:\/\/schema.org","@graph":[{"@type":"WebPage","@id":"https:\/\/cem-instruments.de\/de\/product\/bp-108-blutdruckmess\/","url":"https:\/\/cem-instruments.de\/de\/product\/bp-108-blutdruckmess\/","name":"BP-108\/108H Elektronische Blutdruckmessger\u00e4te - CEM Test Instruments GmbH","isPartOf":{"@id":"https:\/\/cem-instruments.de\/de\/#website"},"primaryImageOfPage":{"@id":"https:\/\/cem-instruments.de\/de\/product\/bp-108-blutdruckmess\/#primaryimage"},"image":{"@id":"https:\/\/cem-instruments.de\/de\/product\/bp-108-blutdruckmess\/#primaryimage"},"thumbnailUrl":"https:\/\/res.cloudinary.com\/dathdmgqz\/images\/f_auto,q_auto\/v1730126385\/medical device pic\/BP-108\/awmmz0uhr3fpjiob1lqs\/awmmz0uhr3fpjiob1lqs.jpg?_i=AA","datePublished":"2024-10-29T08:57:58+00:00","dateModified":"2025-01-23T21:52:42+00:00","description":"BP-108 Heim-Blutdruckmessger\u00e4t wird h\u00e4ufig verwendet und von \u00c4rzten und Apothekern f\u00fcr eine klinisch genaue \u00dcberwachung zu Hause empfohlen. Zu den Funktionen geh\u00f6ren: Die Erkennung unregelm\u00e4\u00dfiger Herzschl\u00e4ge, die Ihre Messwerte sowie unregelm\u00e4\u00dfige Herzschl\u00e4ge und K\u00f6rperbewegungen w\u00e4hrend der Messung erfasst; Die Speicherfunktion speichert 30 Blutdruckmessungen f\u00fcr 1 Benutzer.BP-108 Heim-Blutdruckmessger\u00e4t ist einfach zu bedienen; Ein-Knopf-Bedienung und K\u00f6rperbewegungserkennung sorgen f\u00fcr eine einfache Anwendung und genaue Messwerte. Es ist mit einer komfortablen Manschette ausgestattet. Diese weiche, gro\u00dffl\u00e4chige D-Ring-Manschette wurde f\u00fcr eine komfortablere Messung entwickelt.","breadcrumb":{"@id":"https:\/\/cem-instruments.de\/de\/product\/bp-108-blutdruckmess\/#breadcrumb"},"inLanguage":"de","potentialAction":[{"@type":"ReadAction","target":["https:\/\/cem-instruments.de\/de\/product\/bp-108-blutdruckmess\/"]}]},{"@type":"ImageObject","inLanguage":"de","@id":"https:\/\/cem-instruments.de\/de\/product\/bp-108-blutdruckmess\/#primaryimage","url":"https:\/\/res.cloudinary.com\/dathdmgqz\/images\/f_auto,q_auto\/v1730126385\/medical device pic\/BP-108\/awmmz0uhr3fpjiob1lqs\/awmmz0uhr3fpjiob1lqs.jpg?_i=AA","contentUrl":"https:\/\/res.cloudinary.com\/dathdmgqz\/images\/f_auto,q_auto\/v1730126385\/medical device pic\/BP-108\/awmmz0uhr3fpjiob1lqs\/awmmz0uhr3fpjiob1lqs.jpg?_i=AA","width":540,"height":720},{"@type":"BreadcrumbList","@id":"https:\/\/cem-instruments.de\/de\/product\/bp-108-blutdruckmess\/#breadcrumb","itemListElement":[{"@type":"ListItem","position":1,"name":"Home","item":"https:\/\/cem-instruments.de\/de\/"},{"@type":"ListItem","position":2,"name":"Products","item":"https:\/\/cem-instruments.de\/de\/shop\/"},{"@type":"ListItem","position":3,"name":"BP-108\/108H Elektronische Blutdruckmessger\u00e4te"}]},{"@type":"WebSite","@id":"https:\/\/cem-instruments.de\/de\/#website","url":"https:\/\/cem-instruments.de\/de\/","name":"CEM Test Instruments GmbH","description":"CEM Test Instruments GmbH","publisher":{"@id":"https:\/\/cem-instruments.de\/de\/#organization"},"alternateName":"best partner for electronic instruments","potentialAction":[{"@type":"SearchAction","target":{"@type":"EntryPoint","urlTemplate":"https:\/\/cem-instruments.de\/de\/?s={search_term_string}"},"query-input":{"@type":"PropertyValueSpecification","valueRequired":true,"valueName":"search_term_string"}}],"inLanguage":"de"},{"@type":"Organization","@id":"https:\/\/cem-instruments.de\/de\/#organization","name":"CEM Test Instruments GmbH","url":"https:\/\/cem-instruments.de\/de\/","logo":{"@type":"ImageObject","inLanguage":"de","@id":"https:\/\/cem-instruments.de\/de\/#\/schema\/logo\/image\/","url":"https:\/\/res.cloudinary.com\/dathdmgqz\/images\/f_auto,q_auto\/v1728637129\/cropped-2024-10-11-10_57_57-cem-instruments.de-\u2013-CEM-instruments-GmbH\/cropped-2024-10-11-10_57_57-cem-instruments.de-\u2013-CEM-instruments-GmbH.jpg?_i=AA","contentUrl":"https:\/\/res.cloudinary.com\/dathdmgqz\/images\/f_auto,q_auto\/v1728637129\/cropped-2024-10-11-10_57_57-cem-instruments.de-\u2013-CEM-instruments-GmbH\/cropped-2024-10-11-10_57_57-cem-instruments.de-\u2013-CEM-instruments-GmbH.jpg?_i=AA","width":512,"height":512,"caption":"CEM Test Instruments GmbH"},"image":{"@id":"https:\/\/cem-instruments.de\/de\/#\/schema\/logo\/image\/"}}]}},"_links":{"self":[{"href":"https:\/\/cem-instruments.de\/de\/wp-json\/wp\/v2\/product\/31626","targetHints":{"allow":["GET"]}}],"collection":[{"href":"https:\/\/cem-instruments.de\/de\/wp-json\/wp\/v2\/product"}],"about":[{"href":"https:\/\/cem-instruments.de\/de\/wp-json\/wp\/v2\/types\/product"}],"version-history":[{"count":4,"href":"https:\/\/cem-instruments.de\/de\/wp-json\/wp\/v2\/product\/31626\/revisions"}],"predecessor-version":[{"id":32077,"href":"https:\/\/cem-instruments.de\/de\/wp-json\/wp\/v2\/product\/31626\/revisions\/32077"}],"wp:featuredmedia":[{"embeddable":true,"href":"https:\/\/cem-instruments.de\/de\/wp-json\/wp\/v2\/media\/31627"}],"wp:attachment":[{"href":"https:\/\/cem-instruments.de\/de\/wp-json\/wp\/v2\/media?parent=31626"}],"wp:term":[{"taxonomy":"product_brand","embeddable":true,"href":"https:\/\/cem-instruments.de\/de\/wp-json\/wp\/v2\/product_brand?post=31626"},{"taxonomy":"product_cat","embeddable":true,"href":"https:\/\/cem-instruments.de\/de\/wp-json\/wp\/v2\/product_cat?post=31626"},{"taxonomy":"product_tag","embeddable":true,"href":"https:\/\/cem-instruments.de\/de\/wp-json\/wp\/v2\/product_tag?post=31626"}],"curies":[{"name":"wp","href":"https:\/\/api.w.org\/{rel}","templated":true}]}}