{"id":31644,"date":"2024-10-29T10:07:20","date_gmt":"2024-10-29T09:07:20","guid":{"rendered":"https:\/\/cem-instruments.de\/de\/?post_type=product&#038;p=31644"},"modified":"2025-01-23T22:47:24","modified_gmt":"2025-01-23T21:47:24","slug":"fz100-pcr-system","status":"publish","type":"product","link":"https:\/\/cem-instruments.de\/de\/product\/fz100-pcr-system\/","title":{"rendered":"FZ-100 Echtzeit-PCR-System"},"content":{"rendered":"\t\t<div data-elementor-type=\"wp-post\" data-elementor-id=\"31644\" class=\"elementor elementor-31644\" data-elementor-post-type=\"product\">\n\t\t\t\t<div class=\"wd-negative-gap elementor-element elementor-element-57efbc4 e-flex e-con-boxed e-con e-parent\" data-id=\"57efbc4\" data-element_type=\"container\">\n\t\t\t\t\t<div class=\"e-con-inner\">\n\t\t<div class=\"elementor-element elementor-element-2c5d151 e-con-full e-flex e-con e-child\" data-id=\"2c5d151\" data-element_type=\"container\">\n\t\t\t\t<div class=\"elementor-element elementor-element-09de27e e-n-tabs-mobile elementor-widget elementor-widget-n-tabs\" data-id=\"09de27e\" data-element_type=\"widget\" data-settings=\"{&quot;tabs_justify_horizontal&quot;:&quot;start&quot;,&quot;horizontal_scroll&quot;:&quot;disable&quot;}\" data-widget_type=\"nested-tabs.default\">\n\t\t\t\t<div class=\"elementor-widget-container\">\n\t\t\t\t\t\t\t<div class=\"e-n-tabs\" data-widget-number=\"10347134\" aria-label=\"Tabs. Open items with Enter or Space, close with Escape and navigate using the Arrow keys.\">\n\t\t\t<div class=\"e-n-tabs-heading\" role=\"tablist\">\n\t\t\t\t\t<button id=\"e-n-tab-title-103471341\" class=\"e-n-tab-title\" aria-selected=\"true\" data-tab-index=\"1\" role=\"tab\" tabindex=\"0\" aria-controls=\"e-n-tab-content-103471341\" style=\"--n-tabs-title-order: 1;\">\n\t\t\t\t\t\t<span class=\"e-n-tab-title-text\">\n\t\t\t\tDescription\t\t\t<\/span>\n\t\t<\/button>\n\t\t\t\t<button id=\"e-n-tab-title-103471342\" class=\"e-n-tab-title\" aria-selected=\"false\" data-tab-index=\"2\" role=\"tab\" tabindex=\"-1\" aria-controls=\"e-n-tab-content-103471342\" style=\"--n-tabs-title-order: 2;\">\n\t\t\t\t\t\t<span class=\"e-n-tab-title-text\">\n\t\t\t\tSpecification\t\t\t<\/span>\n\t\t<\/button>\n\t\t\t\t<button id=\"e-n-tab-title-103471343\" class=\"e-n-tab-title\" aria-selected=\"false\" data-tab-index=\"3\" role=\"tab\" tabindex=\"-1\" aria-controls=\"e-n-tab-content-103471343\" style=\"--n-tabs-title-order: 3;\">\n\t\t\t\t\t\t<span class=\"e-n-tab-title-text\">\n\t\t\t\tResources\t\t\t<\/span>\n\t\t<\/button>\n\t\t\t\t\t<\/div>\n\t\t\t<div class=\"e-n-tabs-content\">\n\t\t\t\t<div id=\"e-n-tab-content-103471341\" role=\"tabpanel\" aria-labelledby=\"e-n-tab-title-103471341\" data-tab-index=\"1\" style=\"--n-tabs-title-order: 1;\" class=\"e-active elementor-element elementor-element-75cf58a e-con-full e-flex e-con e-child\" data-id=\"75cf58a\" data-element_type=\"container\">\n\t\t<div class=\"wd-negative-gap elementor-element elementor-element-4204ac7 e-flex e-con-boxed e-con e-child\" data-id=\"4204ac7\" data-element_type=\"container\">\n\t\t\t\t\t<div class=\"e-con-inner\">\n\t\t\t\t<div class=\"elementor-element elementor-element-8305a56 elementor-widget elementor-widget-wd_text_block\" data-id=\"8305a56\" data-element_type=\"widget\" data-widget_type=\"wd_text_block.default\">\n\t\t\t\t<div class=\"elementor-widget-container\">\n\t\t\t\t\t\t\t<div class=\"wd-text-block reset-last-child text-left\">\n\t\t\t\n\t\t\t<p>FZ-100 ist ein Echtzeit-PCR-Instrument von CEM, das haupts\u00e4chlich zur Nukleins\u00e4uredetektion verwendet wird. Das FZ-100 ist kompakt, einfach zu bedienen, flexibel und mit 4-Kanal-Fluoreszenzkan\u00e4len ausgestattet. Es kann sich an die meisten auf dem Markt erh\u00e4ltlichen Nukleins\u00e4urereagenzien anpassen und eine Vielzahl von Krankheitserregern und Genzielen genau nachweisen. Das System bietet ein breites Anwendungsspektrum.<\/p><ul><li><strong>Flexible Temperaturkontrolle und schnelle Detektion<\/strong><\/li><li><strong>4-Kanal-Multiple-Fluoreszenzdetektion, es k\u00f6nnen gleichzeitig 16 Proben untersucht werden<\/strong><\/li><li><strong>Offen und kompatibel, geeignet f\u00fcr eine Vielzahl von Reagenzien, weit verbreitet<\/strong><\/li><li><strong>Ergonomisches Design, Touchscreen-Neigungsdesign, einfach zu bedienen und Ergebnisse abzulesen<\/strong><\/li><li><strong>Integriertes Design, ausgestattet mit einem 8-Zoll-Touchscreen, eigenst\u00e4ndiger Betrieb, keine zus\u00e4tzliche Computer-Konfiguration erforderlich<\/strong><\/li><li><strong>Konfigurierbare WiFi-Funktion zum Senden und Teilen von Testberichten<\/strong><\/li><\/ul>\n\t\t\t\t\t<\/div>\n\t\t\t\t\t\t<\/div>\n\t\t\t\t<\/div>\n\t\t\t\t\t<\/div>\n\t\t\t\t<\/div>\n\t\t\t\t<\/div>\n\t\t<div id=\"e-n-tab-content-103471342\" role=\"tabpanel\" aria-labelledby=\"e-n-tab-title-103471342\" data-tab-index=\"2\" style=\"--n-tabs-title-order: 2;\" class=\" elementor-element elementor-element-4d6f9d8 e-con-full e-flex e-con e-child\" data-id=\"4d6f9d8\" data-element_type=\"container\">\n\t\t\t\t<div class=\"elementor-element elementor-element-4a28639 elementor-widget elementor-widget-wd_image_or_svg\" data-id=\"4a28639\" data-element_type=\"widget\" data-widget_type=\"wd_image_or_svg.default\">\n\t\t\t\t<div class=\"elementor-widget-container\">\n\t\t\t\t\t\n\t\t<div class=\"wd-image text-left\">\n\t\t\t\t\t\t\t\t<img width=\"485\" height=\"471\" data-public-id=\"medical device pic\/FZ-100\/tilzksyejqfrh0cdpo9i\/tilzksyejqfrh0cdpo9i.png\" fetchpriority=\"high\" decoding=\"async\" src=\"https:\/\/res.cloudinary.com\/dathdmgqz\/images\/w_485,h_471,c_scale\/f_auto,q_auto\/v1730126388\/medical device pic\/FZ-100\/tilzksyejqfrh0cdpo9i\/tilzksyejqfrh0cdpo9i.png?_i=AA\" class=\"attachment-full size-full wp-image-31648\" alt=\"\" data-format=\"png\" data-transformations=\"f_auto,q_auto\" data-version=\"1730126388\" data-seo=\"1\" data-responsive=\"1\" srcset=\"https:\/\/res.cloudinary.com\/dathdmgqz\/images\/w_485,h_471,c_scale\/f_auto,q_auto\/v1730126388\/medical device pic\/FZ-100\/tilzksyejqfrh0cdpo9i\/tilzksyejqfrh0cdpo9i.png?_i=AA 485w, https:\/\/res.cloudinary.com\/dathdmgqz\/images\/w_448,h_435,c_scale\/f_auto,q_auto\/v1730126388\/medical device pic\/FZ-100\/tilzksyejqfrh0cdpo9i\/tilzksyejqfrh0cdpo9i.png?_i=AA 448w, https:\/\/res.cloudinary.com\/dathdmgqz\/images\/w_248,h_240,c_scale\/f_auto,q_auto\/v1730126388\/medical device pic\/FZ-100\/tilzksyejqfrh0cdpo9i\/tilzksyejqfrh0cdpo9i.png?_i=AA 248w\" sizes=\"(max-width: 485px) 100vw, 485px\" \/>\t\t\t\t\t<\/div>\n\n\t\t\t\t\t\t<\/div>\n\t\t\t\t<\/div>\n\t\t\t\t<\/div>\n\t\t<div id=\"e-n-tab-content-103471343\" role=\"tabpanel\" aria-labelledby=\"e-n-tab-title-103471343\" data-tab-index=\"3\" style=\"--n-tabs-title-order: 3;\" class=\" elementor-element elementor-element-48326a9 e-con-full e-flex e-con e-child\" data-id=\"48326a9\" data-element_type=\"container\">\n\t\t<div class=\"elementor-element elementor-element-83b5450 e-con-full e-flex e-con e-child\" data-id=\"83b5450\" data-element_type=\"container\">\n\t\t\t\t<div class=\"elementor-element elementor-element-69f4e74 elementor-widget elementor-widget-wd_list\" data-id=\"69f4e74\" data-element_type=\"widget\" data-widget_type=\"wd_list.default\">\n\t\t\t\t<div class=\"elementor-widget-container\">\n\t\t\t\t\t\t\t<ul class=\"wd-list color-scheme- wd-fontsize-xs wd-type-icon wd-style-default text-left\">\n\t\t\t\t\t\t\t\t\t\t\t<li class=\"elementor-repeater-item-fe163c2\">\n\t\t\t\t\t\t\t\t\t\t\t<span class=\"wd-icon\"><svg class=\"e-font-icon-svg e-fas-star\" viewBox=\"0 0 576 512\" xmlns=\"http:\/\/www.w3.org\/2000\/svg\"><path d=\"M259.3 17.8L194 150.2 47.9 171.5c-26.2 3.8-36.7 36.1-17.7 54.6l105.7 103-25 145.5c-4.5 26.3 23.2 46 46.4 33.7L288 439.6l130.7 68.7c23.2 12.2 50.9-7.4 46.4-33.7l-25-145.5 105.7-103c19-18.5 8.5-50.8-17.7-54.6L382 150.2 316.7 17.8c-11.7-23.6-45.6-23.9-57.4 0z\"><\/path><\/svg><\/span>\t\t\t\t\t\n\t\t\t\t\t<span class=\"wd-list-content list-content\">\n\t\t\t\t\t\tapplication note\t\t\t\t\t<\/span>\n\n\t\t\t\t\t\t\t\t\t<\/li>\n\t\t\t\t\t<\/ul>\n\n\t\t\t\t\t\t<\/div>\n\t\t\t\t<\/div>\n\t\t\t\t<div class=\"elementor-element elementor-element-93e6b4f elementor-widget elementor-widget-wd_list\" data-id=\"93e6b4f\" data-element_type=\"widget\" data-widget_type=\"wd_list.default\">\n\t\t\t\t<div class=\"elementor-widget-container\">\n\t\t\t\t\t\t\t<ul class=\"wd-list color-scheme-custom wd-fontsize-xs wd-type-icon wd-style-default text-left\">\n\t\t\t\t\t\t\t\t\t\t\t<li class=\"elementor-repeater-item-fe163c2\">\n\t\t\t\t\t\t\t\t\t\t\t<span class=\"wd-icon\"><svg class=\"e-font-icon-svg e-fas-star\" viewBox=\"0 0 576 512\" xmlns=\"http:\/\/www.w3.org\/2000\/svg\"><path d=\"M259.3 17.8L194 150.2 47.9 171.5c-26.2 3.8-36.7 36.1-17.7 54.6l105.7 103-25 145.5c-4.5 26.3 23.2 46 46.4 33.7L288 439.6l130.7 68.7c23.2 12.2 50.9-7.4 46.4-33.7l-25-145.5 105.7-103c19-18.5 8.5-50.8-17.7-54.6L382 150.2 316.7 17.8c-11.7-23.6-45.6-23.9-57.4 0z\"><\/path><\/svg><\/span>\t\t\t\t\t\n\t\t\t\t\t<span class=\"wd-list-content list-content\">\n\t\t\t\t\t\tdatasheet\t\t\t\t\t<\/span>\n\n\t\t\t\t\t\t\t\t\t<\/li>\n\t\t\t\t\t\t\t\t\t\t\t<li class=\"elementor-repeater-item-66113ab\">\n\t\t\t\t\t\t\t\t\t\t\t<span class=\"wd-icon\"><svg class=\"e-font-icon-svg e-fas-star\" viewBox=\"0 0 576 512\" xmlns=\"http:\/\/www.w3.org\/2000\/svg\"><path d=\"M259.3 17.8L194 150.2 47.9 171.5c-26.2 3.8-36.7 36.1-17.7 54.6l105.7 103-25 145.5c-4.5 26.3 23.2 46 46.4 33.7L288 439.6l130.7 68.7c23.2 12.2 50.9-7.4 46.4-33.7l-25-145.5 105.7-103c19-18.5 8.5-50.8-17.7-54.6L382 150.2 316.7 17.8c-11.7-23.6-45.6-23.9-57.4 0z\"><\/path><\/svg><\/span>\t\t\t\t\t\n\t\t\t\t\t<span class=\"wd-list-content list-content\">\n\t\t\t\t\t\tuser manual\t\t\t\t\t<\/span>\n\n\t\t\t\t\t\t\t\t\t<\/li>\n\t\t\t\t\t<\/ul>\n\n\t\t\t\t\t\t<\/div>\n\t\t\t\t<\/div>\n\t\t\t\t<\/div>\n\t\t<div class=\"elementor-element elementor-element-ead7502 e-con-full e-flex e-con e-child\" data-id=\"ead7502\" data-element_type=\"container\">\n\t\t\t\t<\/div>\n\t\t\t\t<\/div>\n\t\t\t\t\t<\/div>\n\t\t<\/div>\n\t\t\t\t\t\t<\/div>\n\t\t\t\t<\/div>\n\t\t\t\t<\/div>\n\t\t\t\t\t<\/div>\n\t\t\t\t<\/div>\n\t\t\t\t<\/div>\n\t\t","protected":false},"excerpt":{"rendered":"<p>FZ-100 ist ein Echtzeit-PCR-Instrument von CEM, das haupts\u00e4chlich zur Nukleins\u00e4uredetektion verwendet wird. Das FZ-100 ist kompakt, einfach zu bedienen, flexibel und mit 4-Kanal-Fluoreszenzkan\u00e4len ausgestattet. Es kann sich an die meisten auf dem Markt erh\u00e4ltlichen Nukleins\u00e4urereagenzien anpassen und eine Vielzahl von Krankheitserregern und Genzielen genau nachweisen. Das System bietet ein breites Anwendungsspektrum.<\/p>\n","protected":false},"featured_media":31645,"template":"","meta":{"_cloudinary_featured_overwrite":false},"product_brand":[],"product_cat":[384,438],"product_tag":[],"class_list":{"0":"post-31644","1":"product","2":"type-product","3":"status-publish","4":"has-post-thumbnail","6":"product_cat-medical_device","7":"product_cat-pcr-tester","9":"first","10":"instock","11":"shipping-taxable","12":"product-type-simple"},"yoast_head":"<!-- This site is optimized with the Yoast SEO plugin v24.3 - https:\/\/yoast.com\/wordpress\/plugins\/seo\/ -->\n<title>FZ-100 Echtzeit-PCR-System - CEM Test Instruments GmbH<\/title>\n<meta name=\"description\" content=\"FZ-100 ist ein Echtzeit-PCR-Instrument von CEM, das haupts\u00e4chlich zur Nukleins\u00e4uredetektion verwendet wird. Das FZ-100 ist kompakt, einfach zu bedienen, flexibel und mit 4-Kanal-Fluoreszenzkan\u00e4len ausgestattet. Es kann sich an die meisten auf dem Markt erh\u00e4ltlichen Nukleins\u00e4urereagenzien anpassen und eine Vielzahl von Krankheitserregern und Genzielen genau nachweisen. Das System bietet ein breites Anwendungsspektrum.\" \/>\n<meta name=\"robots\" content=\"index, follow, max-snippet:-1, max-image-preview:large, max-video-preview:-1\" \/>\n<link rel=\"canonical\" href=\"https:\/\/cem-instruments.de\/de\/product\/fz100-pcr-system\/\" \/>\n<meta property=\"og:locale\" content=\"de_DE\" \/>\n<meta property=\"og:type\" content=\"article\" \/>\n<meta property=\"og:title\" content=\"FZ-100 Echtzeit-PCR-System - CEM Test Instruments GmbH\" \/>\n<meta property=\"og:description\" content=\"FZ-100 ist ein Echtzeit-PCR-Instrument von CEM, das haupts\u00e4chlich zur Nukleins\u00e4uredetektion verwendet wird. Das FZ-100 ist kompakt, einfach zu bedienen, flexibel und mit 4-Kanal-Fluoreszenzkan\u00e4len ausgestattet. Es kann sich an die meisten auf dem Markt erh\u00e4ltlichen Nukleins\u00e4urereagenzien anpassen und eine Vielzahl von Krankheitserregern und Genzielen genau nachweisen. Das System bietet ein breites Anwendungsspektrum.\" \/>\n<meta property=\"og:url\" content=\"https:\/\/cem-instruments.de\/de\/product\/fz100-pcr-system\/\" \/>\n<meta property=\"og:site_name\" content=\"CEM Test Instruments GmbH\" \/>\n<meta property=\"article:modified_time\" content=\"2025-01-23T21:47:24+00:00\" \/>\n<meta property=\"og:image\" content=\"https:\/\/res.cloudinary.com\/dathdmgqz\/images\/f_auto,q_auto\/v1730126388\/medical device pic\/FZ-100\/vgprbedkj7hanwxo7py3\/vgprbedkj7hanwxo7py3.jpg?_i=AA\" \/>\n\t<meta property=\"og:image:width\" content=\"540\" \/>\n\t<meta property=\"og:image:height\" content=\"720\" \/>\n\t<meta property=\"og:image:type\" content=\"image\/jpeg\" \/>\n<meta name=\"twitter:card\" content=\"summary_large_image\" \/>\n<meta name=\"twitter:label1\" content=\"Gesch\u00e4tzte Lesezeit\" \/>\n\t<meta name=\"twitter:data1\" content=\"2\u00a0Minuten\" \/>\n<script type=\"application\/ld+json\" class=\"yoast-schema-graph\">{\"@context\":\"https:\/\/schema.org\",\"@graph\":[{\"@type\":\"WebPage\",\"@id\":\"https:\/\/cem-instruments.de\/de\/product\/fz100-pcr-system\/\",\"url\":\"https:\/\/cem-instruments.de\/de\/product\/fz100-pcr-system\/\",\"name\":\"FZ-100 Echtzeit-PCR-System - CEM Test Instruments GmbH\",\"isPartOf\":{\"@id\":\"https:\/\/cem-instruments.de\/de\/#website\"},\"primaryImageOfPage\":{\"@id\":\"https:\/\/cem-instruments.de\/de\/product\/fz100-pcr-system\/#primaryimage\"},\"image\":{\"@id\":\"https:\/\/cem-instruments.de\/de\/product\/fz100-pcr-system\/#primaryimage\"},\"thumbnailUrl\":\"https:\/\/res.cloudinary.com\/dathdmgqz\/images\/f_auto,q_auto\/v1730126388\/medical device pic\/FZ-100\/vgprbedkj7hanwxo7py3\/vgprbedkj7hanwxo7py3.jpg?_i=AA\",\"datePublished\":\"2024-10-29T09:07:20+00:00\",\"dateModified\":\"2025-01-23T21:47:24+00:00\",\"description\":\"FZ-100 ist ein Echtzeit-PCR-Instrument von CEM, das haupts\u00e4chlich zur Nukleins\u00e4uredetektion verwendet wird. Das FZ-100 ist kompakt, einfach zu bedienen, flexibel und mit 4-Kanal-Fluoreszenzkan\u00e4len ausgestattet. Es kann sich an die meisten auf dem Markt erh\u00e4ltlichen Nukleins\u00e4urereagenzien anpassen und eine Vielzahl von Krankheitserregern und Genzielen genau nachweisen. Das System bietet ein breites Anwendungsspektrum.\",\"breadcrumb\":{\"@id\":\"https:\/\/cem-instruments.de\/de\/product\/fz100-pcr-system\/#breadcrumb\"},\"inLanguage\":\"de\",\"potentialAction\":[{\"@type\":\"ReadAction\",\"target\":[\"https:\/\/cem-instruments.de\/de\/product\/fz100-pcr-system\/\"]}]},{\"@type\":\"ImageObject\",\"inLanguage\":\"de\",\"@id\":\"https:\/\/cem-instruments.de\/de\/product\/fz100-pcr-system\/#primaryimage\",\"url\":\"https:\/\/res.cloudinary.com\/dathdmgqz\/images\/f_auto,q_auto\/v1730126388\/medical device pic\/FZ-100\/vgprbedkj7hanwxo7py3\/vgprbedkj7hanwxo7py3.jpg?_i=AA\",\"contentUrl\":\"https:\/\/res.cloudinary.com\/dathdmgqz\/images\/f_auto,q_auto\/v1730126388\/medical device pic\/FZ-100\/vgprbedkj7hanwxo7py3\/vgprbedkj7hanwxo7py3.jpg?_i=AA\",\"width\":540,\"height\":720},{\"@type\":\"BreadcrumbList\",\"@id\":\"https:\/\/cem-instruments.de\/de\/product\/fz100-pcr-system\/#breadcrumb\",\"itemListElement\":[{\"@type\":\"ListItem\",\"position\":1,\"name\":\"Home\",\"item\":\"https:\/\/cem-instruments.de\/de\/\"},{\"@type\":\"ListItem\",\"position\":2,\"name\":\"Products\",\"item\":\"https:\/\/cem-instruments.de\/de\/shop\/\"},{\"@type\":\"ListItem\",\"position\":3,\"name\":\"FZ-100 Echtzeit-PCR-System\"}]},{\"@type\":\"WebSite\",\"@id\":\"https:\/\/cem-instruments.de\/de\/#website\",\"url\":\"https:\/\/cem-instruments.de\/de\/\",\"name\":\"CEM Test Instruments GmbH\",\"description\":\"CEM Test Instruments GmbH\",\"publisher\":{\"@id\":\"https:\/\/cem-instruments.de\/de\/#organization\"},\"alternateName\":\"best partner for electronic instruments\",\"potentialAction\":[{\"@type\":\"SearchAction\",\"target\":{\"@type\":\"EntryPoint\",\"urlTemplate\":\"https:\/\/cem-instruments.de\/de\/?s={search_term_string}\"},\"query-input\":{\"@type\":\"PropertyValueSpecification\",\"valueRequired\":true,\"valueName\":\"search_term_string\"}}],\"inLanguage\":\"de\"},{\"@type\":\"Organization\",\"@id\":\"https:\/\/cem-instruments.de\/de\/#organization\",\"name\":\"CEM Test Instruments GmbH\",\"url\":\"https:\/\/cem-instruments.de\/de\/\",\"logo\":{\"@type\":\"ImageObject\",\"inLanguage\":\"de\",\"@id\":\"https:\/\/cem-instruments.de\/de\/#\/schema\/logo\/image\/\",\"url\":\"https:\/\/res.cloudinary.com\/dathdmgqz\/images\/f_auto,q_auto\/v1728637129\/cropped-2024-10-11-10_57_57-cem-instruments.de-\u2013-CEM-instruments-GmbH\/cropped-2024-10-11-10_57_57-cem-instruments.de-\u2013-CEM-instruments-GmbH.jpg?_i=AA\",\"contentUrl\":\"https:\/\/res.cloudinary.com\/dathdmgqz\/images\/f_auto,q_auto\/v1728637129\/cropped-2024-10-11-10_57_57-cem-instruments.de-\u2013-CEM-instruments-GmbH\/cropped-2024-10-11-10_57_57-cem-instruments.de-\u2013-CEM-instruments-GmbH.jpg?_i=AA\",\"width\":512,\"height\":512,\"caption\":\"CEM Test Instruments GmbH\"},\"image\":{\"@id\":\"https:\/\/cem-instruments.de\/de\/#\/schema\/logo\/image\/\"}}]}<\/script>\n<!-- \/ Yoast SEO plugin. -->","yoast_head_json":{"title":"FZ-100 Echtzeit-PCR-System - CEM Test Instruments GmbH","description":"FZ-100 ist ein Echtzeit-PCR-Instrument von CEM, das haupts\u00e4chlich zur Nukleins\u00e4uredetektion verwendet wird. Das FZ-100 ist kompakt, einfach zu bedienen, flexibel und mit 4-Kanal-Fluoreszenzkan\u00e4len ausgestattet. Es kann sich an die meisten auf dem Markt erh\u00e4ltlichen Nukleins\u00e4urereagenzien anpassen und eine Vielzahl von Krankheitserregern und Genzielen genau nachweisen. Das System bietet ein breites Anwendungsspektrum.","robots":{"index":"index","follow":"follow","max-snippet":"max-snippet:-1","max-image-preview":"max-image-preview:large","max-video-preview":"max-video-preview:-1"},"canonical":"https:\/\/cem-instruments.de\/de\/product\/fz100-pcr-system\/","og_locale":"de_DE","og_type":"article","og_title":"FZ-100 Echtzeit-PCR-System - CEM Test Instruments GmbH","og_description":"FZ-100 ist ein Echtzeit-PCR-Instrument von CEM, das haupts\u00e4chlich zur Nukleins\u00e4uredetektion verwendet wird. Das FZ-100 ist kompakt, einfach zu bedienen, flexibel und mit 4-Kanal-Fluoreszenzkan\u00e4len ausgestattet. Es kann sich an die meisten auf dem Markt erh\u00e4ltlichen Nukleins\u00e4urereagenzien anpassen und eine Vielzahl von Krankheitserregern und Genzielen genau nachweisen. Das System bietet ein breites Anwendungsspektrum.","og_url":"https:\/\/cem-instruments.de\/de\/product\/fz100-pcr-system\/","og_site_name":"CEM Test Instruments GmbH","article_modified_time":"2025-01-23T21:47:24+00:00","og_image":[{"width":540,"height":720,"url":"https:\/\/res.cloudinary.com\/dathdmgqz\/images\/f_auto,q_auto\/v1730126388\/medical device pic\/FZ-100\/vgprbedkj7hanwxo7py3\/vgprbedkj7hanwxo7py3.jpg?_i=AA","type":"image\/jpeg"}],"twitter_card":"summary_large_image","twitter_misc":{"Gesch\u00e4tzte Lesezeit":"2\u00a0Minuten"},"schema":{"@context":"https:\/\/schema.org","@graph":[{"@type":"WebPage","@id":"https:\/\/cem-instruments.de\/de\/product\/fz100-pcr-system\/","url":"https:\/\/cem-instruments.de\/de\/product\/fz100-pcr-system\/","name":"FZ-100 Echtzeit-PCR-System - CEM Test Instruments GmbH","isPartOf":{"@id":"https:\/\/cem-instruments.de\/de\/#website"},"primaryImageOfPage":{"@id":"https:\/\/cem-instruments.de\/de\/product\/fz100-pcr-system\/#primaryimage"},"image":{"@id":"https:\/\/cem-instruments.de\/de\/product\/fz100-pcr-system\/#primaryimage"},"thumbnailUrl":"https:\/\/res.cloudinary.com\/dathdmgqz\/images\/f_auto,q_auto\/v1730126388\/medical device pic\/FZ-100\/vgprbedkj7hanwxo7py3\/vgprbedkj7hanwxo7py3.jpg?_i=AA","datePublished":"2024-10-29T09:07:20+00:00","dateModified":"2025-01-23T21:47:24+00:00","description":"FZ-100 ist ein Echtzeit-PCR-Instrument von CEM, das haupts\u00e4chlich zur Nukleins\u00e4uredetektion verwendet wird. Das FZ-100 ist kompakt, einfach zu bedienen, flexibel und mit 4-Kanal-Fluoreszenzkan\u00e4len ausgestattet. Es kann sich an die meisten auf dem Markt erh\u00e4ltlichen Nukleins\u00e4urereagenzien anpassen und eine Vielzahl von Krankheitserregern und Genzielen genau nachweisen. Das System bietet ein breites Anwendungsspektrum.","breadcrumb":{"@id":"https:\/\/cem-instruments.de\/de\/product\/fz100-pcr-system\/#breadcrumb"},"inLanguage":"de","potentialAction":[{"@type":"ReadAction","target":["https:\/\/cem-instruments.de\/de\/product\/fz100-pcr-system\/"]}]},{"@type":"ImageObject","inLanguage":"de","@id":"https:\/\/cem-instruments.de\/de\/product\/fz100-pcr-system\/#primaryimage","url":"https:\/\/res.cloudinary.com\/dathdmgqz\/images\/f_auto,q_auto\/v1730126388\/medical device pic\/FZ-100\/vgprbedkj7hanwxo7py3\/vgprbedkj7hanwxo7py3.jpg?_i=AA","contentUrl":"https:\/\/res.cloudinary.com\/dathdmgqz\/images\/f_auto,q_auto\/v1730126388\/medical device pic\/FZ-100\/vgprbedkj7hanwxo7py3\/vgprbedkj7hanwxo7py3.jpg?_i=AA","width":540,"height":720},{"@type":"BreadcrumbList","@id":"https:\/\/cem-instruments.de\/de\/product\/fz100-pcr-system\/#breadcrumb","itemListElement":[{"@type":"ListItem","position":1,"name":"Home","item":"https:\/\/cem-instruments.de\/de\/"},{"@type":"ListItem","position":2,"name":"Products","item":"https:\/\/cem-instruments.de\/de\/shop\/"},{"@type":"ListItem","position":3,"name":"FZ-100 Echtzeit-PCR-System"}]},{"@type":"WebSite","@id":"https:\/\/cem-instruments.de\/de\/#website","url":"https:\/\/cem-instruments.de\/de\/","name":"CEM Test Instruments GmbH","description":"CEM Test Instruments GmbH","publisher":{"@id":"https:\/\/cem-instruments.de\/de\/#organization"},"alternateName":"best partner for electronic instruments","potentialAction":[{"@type":"SearchAction","target":{"@type":"EntryPoint","urlTemplate":"https:\/\/cem-instruments.de\/de\/?s={search_term_string}"},"query-input":{"@type":"PropertyValueSpecification","valueRequired":true,"valueName":"search_term_string"}}],"inLanguage":"de"},{"@type":"Organization","@id":"https:\/\/cem-instruments.de\/de\/#organization","name":"CEM Test Instruments GmbH","url":"https:\/\/cem-instruments.de\/de\/","logo":{"@type":"ImageObject","inLanguage":"de","@id":"https:\/\/cem-instruments.de\/de\/#\/schema\/logo\/image\/","url":"https:\/\/res.cloudinary.com\/dathdmgqz\/images\/f_auto,q_auto\/v1728637129\/cropped-2024-10-11-10_57_57-cem-instruments.de-\u2013-CEM-instruments-GmbH\/cropped-2024-10-11-10_57_57-cem-instruments.de-\u2013-CEM-instruments-GmbH.jpg?_i=AA","contentUrl":"https:\/\/res.cloudinary.com\/dathdmgqz\/images\/f_auto,q_auto\/v1728637129\/cropped-2024-10-11-10_57_57-cem-instruments.de-\u2013-CEM-instruments-GmbH\/cropped-2024-10-11-10_57_57-cem-instruments.de-\u2013-CEM-instruments-GmbH.jpg?_i=AA","width":512,"height":512,"caption":"CEM Test Instruments GmbH"},"image":{"@id":"https:\/\/cem-instruments.de\/de\/#\/schema\/logo\/image\/"}}]}},"_links":{"self":[{"href":"https:\/\/cem-instruments.de\/de\/wp-json\/wp\/v2\/product\/31644","targetHints":{"allow":["GET"]}}],"collection":[{"href":"https:\/\/cem-instruments.de\/de\/wp-json\/wp\/v2\/product"}],"about":[{"href":"https:\/\/cem-instruments.de\/de\/wp-json\/wp\/v2\/types\/product"}],"version-history":[{"count":4,"href":"https:\/\/cem-instruments.de\/de\/wp-json\/wp\/v2\/product\/31644\/revisions"}],"predecessor-version":[{"id":32070,"href":"https:\/\/cem-instruments.de\/de\/wp-json\/wp\/v2\/product\/31644\/revisions\/32070"}],"wp:featuredmedia":[{"embeddable":true,"href":"https:\/\/cem-instruments.de\/de\/wp-json\/wp\/v2\/media\/31645"}],"wp:attachment":[{"href":"https:\/\/cem-instruments.de\/de\/wp-json\/wp\/v2\/media?parent=31644"}],"wp:term":[{"taxonomy":"product_brand","embeddable":true,"href":"https:\/\/cem-instruments.de\/de\/wp-json\/wp\/v2\/product_brand?post=31644"},{"taxonomy":"product_cat","embeddable":true,"href":"https:\/\/cem-instruments.de\/de\/wp-json\/wp\/v2\/product_cat?post=31644"},{"taxonomy":"product_tag","embeddable":true,"href":"https:\/\/cem-instruments.de\/de\/wp-json\/wp\/v2\/product_tag?post=31644"}],"curies":[{"name":"wp","href":"https:\/\/api.w.org\/{rel}","templated":true}]}}