{"id":31687,"date":"2024-10-29T10:36:28","date_gmt":"2024-10-29T09:36:28","guid":{"rendered":"https:\/\/cem-instruments.de\/de\/?post_type=product&#038;p=31687"},"modified":"2025-01-23T22:34:33","modified_gmt":"2025-01-23T21:34:33","slug":"pw-520-520h-powerstation","status":"publish","type":"product","link":"https:\/\/cem-instruments.de\/de\/product\/pw-520-520h-powerstation\/","title":{"rendered":"PW-520\/520H Tragbare Powerstation"},"content":{"rendered":"\t\t<div data-elementor-type=\"wp-post\" data-elementor-id=\"31687\" class=\"elementor elementor-31687\" data-elementor-post-type=\"product\">\n\t\t\t\t<div class=\"wd-negative-gap elementor-element elementor-element-9412439 e-flex e-con-boxed e-con e-parent\" data-id=\"9412439\" data-element_type=\"container\">\n\t\t\t\t\t<div class=\"e-con-inner\">\n\t\t<div class=\"elementor-element elementor-element-a5a3b8a e-con-full e-flex e-con e-child\" data-id=\"a5a3b8a\" data-element_type=\"container\">\n\t\t<div class=\"elementor-element elementor-element-27f1ea2 e-con-full e-flex e-con e-child\" data-id=\"27f1ea2\" data-element_type=\"container\">\n\t\t<div class=\"elementor-element elementor-element-cdb18a9 e-con-full e-flex e-con e-child\" data-id=\"cdb18a9\" data-element_type=\"container\">\n\t\t\t\t<div class=\"elementor-element elementor-element-fd88dc2 e-n-tabs-mobile elementor-widget elementor-widget-n-tabs\" data-id=\"fd88dc2\" data-element_type=\"widget\" data-settings=\"{&quot;tabs_justify_horizontal&quot;:&quot;start&quot;,&quot;horizontal_scroll&quot;:&quot;disable&quot;}\" data-widget_type=\"nested-tabs.default\">\n\t\t\t\t<div class=\"elementor-widget-container\">\n\t\t\t\t\t\t\t<div class=\"e-n-tabs\" data-widget-number=\"265850306\" aria-label=\"Tabs. Open items with Enter or Space, close with Escape and navigate using the Arrow keys.\">\n\t\t\t<div class=\"e-n-tabs-heading\" role=\"tablist\">\n\t\t\t\t\t<button id=\"e-n-tab-title-2658503061\" class=\"e-n-tab-title\" aria-selected=\"true\" data-tab-index=\"1\" role=\"tab\" tabindex=\"0\" aria-controls=\"e-n-tab-content-2658503061\" style=\"--n-tabs-title-order: 1;\">\n\t\t\t\t\t\t<span class=\"e-n-tab-title-text\">\n\t\t\t\tDescription\t\t\t<\/span>\n\t\t<\/button>\n\t\t\t\t<button id=\"e-n-tab-title-2658503062\" class=\"e-n-tab-title\" aria-selected=\"false\" data-tab-index=\"2\" role=\"tab\" tabindex=\"-1\" aria-controls=\"e-n-tab-content-2658503062\" style=\"--n-tabs-title-order: 2;\">\n\t\t\t\t\t\t<span class=\"e-n-tab-title-text\">\n\t\t\t\tSpecification\t\t\t<\/span>\n\t\t<\/button>\n\t\t\t\t<button id=\"e-n-tab-title-2658503063\" class=\"e-n-tab-title\" aria-selected=\"false\" data-tab-index=\"3\" role=\"tab\" tabindex=\"-1\" aria-controls=\"e-n-tab-content-2658503063\" style=\"--n-tabs-title-order: 3;\">\n\t\t\t\t\t\t<span class=\"e-n-tab-title-text\">\n\t\t\t\tResources\t\t\t<\/span>\n\t\t<\/button>\n\t\t\t\t\t<\/div>\n\t\t\t<div class=\"e-n-tabs-content\">\n\t\t\t\t<div id=\"e-n-tab-content-2658503061\" role=\"tabpanel\" aria-labelledby=\"e-n-tab-title-2658503061\" data-tab-index=\"1\" style=\"--n-tabs-title-order: 1;\" class=\"e-active elementor-element elementor-element-9528214 e-con-full e-flex e-con e-child\" data-id=\"9528214\" data-element_type=\"container\">\n\t\t<div class=\"wd-negative-gap elementor-element elementor-element-ccf52f4 e-flex e-con-boxed e-con e-child\" data-id=\"ccf52f4\" data-element_type=\"container\">\n\t\t\t\t\t<div class=\"e-con-inner\">\n\t\t\t\t<div class=\"elementor-element elementor-element-e6a0797 elementor-widget elementor-widget-wd_text_block\" data-id=\"e6a0797\" data-element_type=\"widget\" data-widget_type=\"wd_text_block.default\">\n\t\t\t\t<div class=\"elementor-widget-container\">\n\t\t\t\t\t\t\t<div class=\"wd-text-block reset-last-child text-left\">\n\t\t\t\n\t\t\t<p>PW-520\/520H Tragbare Powerstation mit integrierter LiFePO4-Batterie mit hoher Kapazit\u00e4t. Es handelt sich um einen wiederaufladbaren, batteriebetriebenen Generator. Ausgestattet mit einer AC-Steckdose, einem DC-Autostromanschluss und USB-Ladeanschl\u00fcssen, kann sie all Ihre Ger\u00e4te aufladen, von Smartphones und Laptops bis hin zu Haushaltsger\u00e4ten wie Mini-K\u00fchlschr\u00e4nken, Elektrogrills und Kaffeemaschinen.<\/p><p><strong>Eigenschaften<\/strong><\/p><ul><li>Die PW-520 Tragbare Powerstation liefert 300 W reine Sinuswellen-AC-Leistung (bis zu 600 W Spitzenleistung)<\/li><li>Die PW-520H Tragbare Powerstation liefert 500 W reine Sinuswellen-AC-Leistung (bis zu 1000 W Spitzenleistung)<\/li><li>Integriertes Lithium-Ionen (LiFePO4) Batteriepacks mit hoher Kapazit\u00e4t erm\u00f6glicht eine sichere Nutzung im Innenbereich, auch in engen R\u00e4umen<\/li><li>L\u00e4d und versorgt gleichzeitig bis zu 6 Ger\u00e4te: eine amerikanische Standard-120V\/60Hz (europ\u00e4ischer Standard: 220V\/50Hz) Steckdose, drei USB-Ports (60W USB-C PD, 2x USB-A) und einen 12V Autostromanschluss<\/li><li>Digitales LCD-Display zeigt Echtzeit-Leistungsmetriken, einschlie\u00dflich der verbleibenden Betriebszeit bis zum Entladen<\/li><li>Nutzen Sie die Sonnenenergie mit dem Solarpanel, um die tragbare Powerstation zu laden, und integriertes MPPT<\/li><li>Durchgangsladung, um gleichzeitig zu laden und Ger\u00e4te zu versorgen<\/li><li>Kompakte Gr\u00f6\u00dfe f\u00fcr bequeme Aufbewahrung in einer Werkzeugbox oder im Fahrzeug, um Ger\u00e4te \u00fcberall zu betreiben<\/li><li>Eingebauter K\u00fchlventilator sorgt f\u00fcr die Aufrechterhaltung der richtigen Betriebstemperatur<\/li><\/ul>\n\t\t\t\t\t<\/div>\n\t\t\t\t\t\t<\/div>\n\t\t\t\t<\/div>\n\t\t\t\t\t<\/div>\n\t\t\t\t<\/div>\n\t\t\t\t<\/div>\n\t\t<div id=\"e-n-tab-content-2658503062\" role=\"tabpanel\" aria-labelledby=\"e-n-tab-title-2658503062\" data-tab-index=\"2\" style=\"--n-tabs-title-order: 2;\" class=\" elementor-element elementor-element-0b28032 e-con-full e-flex e-con e-child\" data-id=\"0b28032\" data-element_type=\"container\">\n\t\t<div class=\"wd-negative-gap elementor-element elementor-element-b440ad8 e-flex e-con-boxed e-con e-child\" data-id=\"b440ad8\" data-element_type=\"container\">\n\t\t\t\t\t<div class=\"e-con-inner\">\n\t\t\t\t<div class=\"elementor-element elementor-element-7860498 elementor-widget elementor-widget-wd_image_or_svg\" data-id=\"7860498\" data-element_type=\"widget\" data-widget_type=\"wd_image_or_svg.default\">\n\t\t\t\t<div class=\"elementor-widget-container\">\n\t\t\t\t\t\n\t\t<div class=\"wd-image text-left\">\n\t\t\t\t\t\t\t\t<img width=\"524\" height=\"457\" data-public-id=\"energy solutions pic\/PW-520H\/hfb2cto1stjwovtanoii\/hfb2cto1stjwovtanoii.png\" fetchpriority=\"high\" decoding=\"async\" src=\"https:\/\/res.cloudinary.com\/dathdmgqz\/images\/w_524,h_457,c_scale\/f_auto,q_auto\/v1730126405\/energy solutions pic\/PW-520H\/hfb2cto1stjwovtanoii\/hfb2cto1stjwovtanoii.png?_i=AA\" class=\"attachment-full size-full wp-image-31691\" alt=\"\" data-format=\"png\" data-transformations=\"f_auto,q_auto\" data-version=\"1730126405\" data-seo=\"1\" data-responsive=\"1\" srcset=\"https:\/\/res.cloudinary.com\/dathdmgqz\/images\/w_524,h_457,c_scale\/f_auto,q_auto\/v1730126405\/energy solutions pic\/PW-520H\/hfb2cto1stjwovtanoii\/hfb2cto1stjwovtanoii.png?_i=AA 524w, https:\/\/res.cloudinary.com\/dathdmgqz\/images\/w_448,h_390,c_scale\/f_auto,q_auto\/v1730126405\/energy solutions pic\/PW-520H\/hfb2cto1stjwovtanoii\/hfb2cto1stjwovtanoii.png?_i=AA 448w, https:\/\/res.cloudinary.com\/dathdmgqz\/images\/w_248,h_216,c_scale\/f_auto,q_auto\/v1730126405\/energy solutions pic\/PW-520H\/hfb2cto1stjwovtanoii\/hfb2cto1stjwovtanoii.png?_i=AA 248w\" sizes=\"(max-width: 524px) 100vw, 524px\" \/>\t\t\t\t\t<\/div>\n\n\t\t\t\t\t\t<\/div>\n\t\t\t\t<\/div>\n\t\t\t\t\t<\/div>\n\t\t\t\t<\/div>\n\t\t\t\t<\/div>\n\t\t<div id=\"e-n-tab-content-2658503063\" role=\"tabpanel\" aria-labelledby=\"e-n-tab-title-2658503063\" data-tab-index=\"3\" style=\"--n-tabs-title-order: 3;\" class=\" elementor-element elementor-element-12265fb e-con-full e-flex e-con e-child\" data-id=\"12265fb\" data-element_type=\"container\">\n\t\t<div class=\"elementor-element elementor-element-2b34c88 e-con-full e-flex e-con e-child\" data-id=\"2b34c88\" data-element_type=\"container\">\n\t\t\t\t<div class=\"elementor-element elementor-element-d19acbd elementor-widget elementor-widget-wd_list\" data-id=\"d19acbd\" data-element_type=\"widget\" data-widget_type=\"wd_list.default\">\n\t\t\t\t<div class=\"elementor-widget-container\">\n\t\t\t\t\t\t\t<ul class=\"wd-list color-scheme- wd-fontsize-xs wd-type-icon wd-style-default text-left\">\n\t\t\t\t\t\t\t\t\t\t\t<li class=\"elementor-repeater-item-fe163c2\">\n\t\t\t\t\t\t\t\t\t\t\t<span class=\"wd-icon\"><svg class=\"e-font-icon-svg e-fas-star\" viewBox=\"0 0 576 512\" xmlns=\"http:\/\/www.w3.org\/2000\/svg\"><path d=\"M259.3 17.8L194 150.2 47.9 171.5c-26.2 3.8-36.7 36.1-17.7 54.6l105.7 103-25 145.5c-4.5 26.3 23.2 46 46.4 33.7L288 439.6l130.7 68.7c23.2 12.2 50.9-7.4 46.4-33.7l-25-145.5 105.7-103c19-18.5 8.5-50.8-17.7-54.6L382 150.2 316.7 17.8c-11.7-23.6-45.6-23.9-57.4 0z\"><\/path><\/svg><\/span>\t\t\t\t\t\n\t\t\t\t\t<span class=\"wd-list-content list-content\">\n\t\t\t\t\t\tapplication note\t\t\t\t\t<\/span>\n\n\t\t\t\t\t\t\t\t\t<\/li>\n\t\t\t\t\t<\/ul>\n\n\t\t\t\t\t\t<\/div>\n\t\t\t\t<\/div>\n\t\t\t\t<div class=\"elementor-element elementor-element-b7fe009 elementor-widget elementor-widget-wd_list\" data-id=\"b7fe009\" data-element_type=\"widget\" data-widget_type=\"wd_list.default\">\n\t\t\t\t<div class=\"elementor-widget-container\">\n\t\t\t\t\t\t\t<ul class=\"wd-list color-scheme-custom wd-fontsize-xs wd-type-icon wd-style-default text-left\">\n\t\t\t\t\t\t\t\t\t\t\t<li class=\"elementor-repeater-item-fe163c2\">\n\t\t\t\t\t\t\t\t\t\t\t<span class=\"wd-icon\"><svg class=\"e-font-icon-svg e-fas-star\" viewBox=\"0 0 576 512\" xmlns=\"http:\/\/www.w3.org\/2000\/svg\"><path d=\"M259.3 17.8L194 150.2 47.9 171.5c-26.2 3.8-36.7 36.1-17.7 54.6l105.7 103-25 145.5c-4.5 26.3 23.2 46 46.4 33.7L288 439.6l130.7 68.7c23.2 12.2 50.9-7.4 46.4-33.7l-25-145.5 105.7-103c19-18.5 8.5-50.8-17.7-54.6L382 150.2 316.7 17.8c-11.7-23.6-45.6-23.9-57.4 0z\"><\/path><\/svg><\/span>\t\t\t\t\t\n\t\t\t\t\t<span class=\"wd-list-content list-content\">\n\t\t\t\t\t\tdatasheet\t\t\t\t\t<\/span>\n\n\t\t\t\t\t\t\t\t\t<\/li>\n\t\t\t\t\t\t\t\t\t\t\t<li class=\"elementor-repeater-item-66113ab\">\n\t\t\t\t\t\t\t\t\t\t\t<span class=\"wd-icon\"><svg class=\"e-font-icon-svg e-fas-star\" viewBox=\"0 0 576 512\" xmlns=\"http:\/\/www.w3.org\/2000\/svg\"><path d=\"M259.3 17.8L194 150.2 47.9 171.5c-26.2 3.8-36.7 36.1-17.7 54.6l105.7 103-25 145.5c-4.5 26.3 23.2 46 46.4 33.7L288 439.6l130.7 68.7c23.2 12.2 50.9-7.4 46.4-33.7l-25-145.5 105.7-103c19-18.5 8.5-50.8-17.7-54.6L382 150.2 316.7 17.8c-11.7-23.6-45.6-23.9-57.4 0z\"><\/path><\/svg><\/span>\t\t\t\t\t\n\t\t\t\t\t<span class=\"wd-list-content list-content\">\n\t\t\t\t\t\tuser manual\t\t\t\t\t<\/span>\n\n\t\t\t\t\t\t\t\t\t<\/li>\n\t\t\t\t\t<\/ul>\n\n\t\t\t\t\t\t<\/div>\n\t\t\t\t<\/div>\n\t\t\t\t<\/div>\n\t\t<div class=\"elementor-element elementor-element-a093d38 e-con-full e-flex e-con e-child\" data-id=\"a093d38\" data-element_type=\"container\">\n\t\t\t\t<\/div>\n\t\t\t\t<\/div>\n\t\t\t\t\t<\/div>\n\t\t<\/div>\n\t\t\t\t\t\t<\/div>\n\t\t\t\t<\/div>\n\t\t\t\t<\/div>\n\t\t\t\t<\/div>\n\t\t\t\t<\/div>\n\t\t\t\t\t<\/div>\n\t\t\t\t<\/div>\n\t\t\t\t<\/div>\n\t\t","protected":false},"excerpt":{"rendered":"<p>PW-520\/520H Tragbare Powerstation mit integrierter LiFePO4-Batterie mit hoher Kapazit\u00e4t. Es handelt sich um einen wiederaufladbaren, batteriebetriebenen Generator. Ausgestattet mit einer AC-Steckdose, einem DC-Autostromanschluss und USB-Ladeanschl\u00fcssen, kann sie all Ihre Ger\u00e4te aufladen, von Smartphones und Laptops bis hin zu Haushaltsger\u00e4ten wie Mini-K\u00fchlschr\u00e4nken, Elektrogrills und Kaffeemaschinen.<\/p>\n","protected":false},"featured_media":31688,"template":"","meta":{"_cloudinary_featured_overwrite":false},"product_brand":[],"product_cat":[385,434],"product_tag":[],"class_list":{"0":"post-31687","1":"product","2":"type-product","3":"status-publish","4":"has-post-thumbnail","6":"product_cat-energy_solutions","7":"product_cat-power_station","9":"first","10":"instock","11":"shipping-taxable","12":"product-type-simple"},"yoast_head":"<!-- This site is optimized with the Yoast SEO plugin v24.3 - https:\/\/yoast.com\/wordpress\/plugins\/seo\/ -->\n<title>PW-520\/520H Tragbare Powerstation - CEM Test Instruments GmbH<\/title>\n<meta name=\"description\" content=\"PW-520\/520H Tragbare Powerstation mit integrierter LiFePO4-Batterie mit hoher Kapazit\u00e4t. Es handelt sich um einen wiederaufladbaren, batteriebetriebenen Generator. Ausgestattet mit einer AC-Steckdose, einem DC-Autostromanschluss und USB-Ladeanschl\u00fcssen, kann sie all Ihre Ger\u00e4te aufladen, von Smartphones und Laptops bis hin zu Haushaltsger\u00e4ten wie Mini-K\u00fchlschr\u00e4nken, Elektrogrills und Kaffeemaschinen.\" \/>\n<meta name=\"robots\" content=\"index, follow, max-snippet:-1, max-image-preview:large, max-video-preview:-1\" \/>\n<link rel=\"canonical\" href=\"https:\/\/cem-instruments.de\/de\/product\/pw-520-520h-powerstation\/\" \/>\n<meta property=\"og:locale\" content=\"de_DE\" \/>\n<meta property=\"og:type\" content=\"article\" \/>\n<meta property=\"og:title\" content=\"PW-520\/520H Tragbare Powerstation - CEM Test Instruments GmbH\" \/>\n<meta property=\"og:description\" content=\"PW-520\/520H Tragbare Powerstation mit integrierter LiFePO4-Batterie mit hoher Kapazit\u00e4t. Es handelt sich um einen wiederaufladbaren, batteriebetriebenen Generator. Ausgestattet mit einer AC-Steckdose, einem DC-Autostromanschluss und USB-Ladeanschl\u00fcssen, kann sie all Ihre Ger\u00e4te aufladen, von Smartphones und Laptops bis hin zu Haushaltsger\u00e4ten wie Mini-K\u00fchlschr\u00e4nken, Elektrogrills und Kaffeemaschinen.\" \/>\n<meta property=\"og:url\" content=\"https:\/\/cem-instruments.de\/de\/product\/pw-520-520h-powerstation\/\" \/>\n<meta property=\"og:site_name\" content=\"CEM Test Instruments GmbH\" \/>\n<meta property=\"article:modified_time\" content=\"2025-01-23T21:34:33+00:00\" \/>\n<meta property=\"og:image\" content=\"https:\/\/res.cloudinary.com\/dathdmgqz\/images\/f_auto,q_auto\/v1730126405\/energy solutions pic\/PW-520H\/kxzacpx9x6nqpkeq8tcb\/kxzacpx9x6nqpkeq8tcb.jpg?_i=AA\" \/>\n\t<meta property=\"og:image:width\" content=\"540\" \/>\n\t<meta property=\"og:image:height\" content=\"720\" \/>\n\t<meta property=\"og:image:type\" content=\"image\/jpeg\" \/>\n<meta name=\"twitter:card\" content=\"summary_large_image\" \/>\n<meta name=\"twitter:label1\" content=\"Gesch\u00e4tzte Lesezeit\" \/>\n\t<meta name=\"twitter:data1\" content=\"3\u00a0Minuten\" \/>\n<script type=\"application\/ld+json\" class=\"yoast-schema-graph\">{\"@context\":\"https:\/\/schema.org\",\"@graph\":[{\"@type\":\"WebPage\",\"@id\":\"https:\/\/cem-instruments.de\/de\/product\/pw-520-520h-powerstation\/\",\"url\":\"https:\/\/cem-instruments.de\/de\/product\/pw-520-520h-powerstation\/\",\"name\":\"PW-520\/520H Tragbare Powerstation - CEM Test Instruments GmbH\",\"isPartOf\":{\"@id\":\"https:\/\/cem-instruments.de\/de\/#website\"},\"primaryImageOfPage\":{\"@id\":\"https:\/\/cem-instruments.de\/de\/product\/pw-520-520h-powerstation\/#primaryimage\"},\"image\":{\"@id\":\"https:\/\/cem-instruments.de\/de\/product\/pw-520-520h-powerstation\/#primaryimage\"},\"thumbnailUrl\":\"https:\/\/res.cloudinary.com\/dathdmgqz\/images\/f_auto,q_auto\/v1730126405\/energy solutions pic\/PW-520H\/kxzacpx9x6nqpkeq8tcb\/kxzacpx9x6nqpkeq8tcb.jpg?_i=AA\",\"datePublished\":\"2024-10-29T09:36:28+00:00\",\"dateModified\":\"2025-01-23T21:34:33+00:00\",\"description\":\"PW-520\/520H Tragbare Powerstation mit integrierter LiFePO4-Batterie mit hoher Kapazit\u00e4t. Es handelt sich um einen wiederaufladbaren, batteriebetriebenen Generator. Ausgestattet mit einer AC-Steckdose, einem DC-Autostromanschluss und USB-Ladeanschl\u00fcssen, kann sie all Ihre Ger\u00e4te aufladen, von Smartphones und Laptops bis hin zu Haushaltsger\u00e4ten wie Mini-K\u00fchlschr\u00e4nken, Elektrogrills und Kaffeemaschinen.\",\"breadcrumb\":{\"@id\":\"https:\/\/cem-instruments.de\/de\/product\/pw-520-520h-powerstation\/#breadcrumb\"},\"inLanguage\":\"de\",\"potentialAction\":[{\"@type\":\"ReadAction\",\"target\":[\"https:\/\/cem-instruments.de\/de\/product\/pw-520-520h-powerstation\/\"]}]},{\"@type\":\"ImageObject\",\"inLanguage\":\"de\",\"@id\":\"https:\/\/cem-instruments.de\/de\/product\/pw-520-520h-powerstation\/#primaryimage\",\"url\":\"https:\/\/res.cloudinary.com\/dathdmgqz\/images\/f_auto,q_auto\/v1730126405\/energy solutions pic\/PW-520H\/kxzacpx9x6nqpkeq8tcb\/kxzacpx9x6nqpkeq8tcb.jpg?_i=AA\",\"contentUrl\":\"https:\/\/res.cloudinary.com\/dathdmgqz\/images\/f_auto,q_auto\/v1730126405\/energy solutions pic\/PW-520H\/kxzacpx9x6nqpkeq8tcb\/kxzacpx9x6nqpkeq8tcb.jpg?_i=AA\",\"width\":540,\"height\":720},{\"@type\":\"BreadcrumbList\",\"@id\":\"https:\/\/cem-instruments.de\/de\/product\/pw-520-520h-powerstation\/#breadcrumb\",\"itemListElement\":[{\"@type\":\"ListItem\",\"position\":1,\"name\":\"Home\",\"item\":\"https:\/\/cem-instruments.de\/de\/\"},{\"@type\":\"ListItem\",\"position\":2,\"name\":\"Products\",\"item\":\"https:\/\/cem-instruments.de\/de\/shop\/\"},{\"@type\":\"ListItem\",\"position\":3,\"name\":\"PW-520\/520H Tragbare Powerstation\"}]},{\"@type\":\"WebSite\",\"@id\":\"https:\/\/cem-instruments.de\/de\/#website\",\"url\":\"https:\/\/cem-instruments.de\/de\/\",\"name\":\"CEM Test Instruments GmbH\",\"description\":\"CEM Test Instruments GmbH\",\"publisher\":{\"@id\":\"https:\/\/cem-instruments.de\/de\/#organization\"},\"alternateName\":\"best partner for electronic instruments\",\"potentialAction\":[{\"@type\":\"SearchAction\",\"target\":{\"@type\":\"EntryPoint\",\"urlTemplate\":\"https:\/\/cem-instruments.de\/de\/?s={search_term_string}\"},\"query-input\":{\"@type\":\"PropertyValueSpecification\",\"valueRequired\":true,\"valueName\":\"search_term_string\"}}],\"inLanguage\":\"de\"},{\"@type\":\"Organization\",\"@id\":\"https:\/\/cem-instruments.de\/de\/#organization\",\"name\":\"CEM Test Instruments GmbH\",\"url\":\"https:\/\/cem-instruments.de\/de\/\",\"logo\":{\"@type\":\"ImageObject\",\"inLanguage\":\"de\",\"@id\":\"https:\/\/cem-instruments.de\/de\/#\/schema\/logo\/image\/\",\"url\":\"https:\/\/res.cloudinary.com\/dathdmgqz\/images\/f_auto,q_auto\/v1728637129\/cropped-2024-10-11-10_57_57-cem-instruments.de-\u2013-CEM-instruments-GmbH\/cropped-2024-10-11-10_57_57-cem-instruments.de-\u2013-CEM-instruments-GmbH.jpg?_i=AA\",\"contentUrl\":\"https:\/\/res.cloudinary.com\/dathdmgqz\/images\/f_auto,q_auto\/v1728637129\/cropped-2024-10-11-10_57_57-cem-instruments.de-\u2013-CEM-instruments-GmbH\/cropped-2024-10-11-10_57_57-cem-instruments.de-\u2013-CEM-instruments-GmbH.jpg?_i=AA\",\"width\":512,\"height\":512,\"caption\":\"CEM Test Instruments GmbH\"},\"image\":{\"@id\":\"https:\/\/cem-instruments.de\/de\/#\/schema\/logo\/image\/\"}}]}<\/script>\n<!-- \/ Yoast SEO plugin. -->","yoast_head_json":{"title":"PW-520\/520H Tragbare Powerstation - CEM Test Instruments GmbH","description":"PW-520\/520H Tragbare Powerstation mit integrierter LiFePO4-Batterie mit hoher Kapazit\u00e4t. Es handelt sich um einen wiederaufladbaren, batteriebetriebenen Generator. Ausgestattet mit einer AC-Steckdose, einem DC-Autostromanschluss und USB-Ladeanschl\u00fcssen, kann sie all Ihre Ger\u00e4te aufladen, von Smartphones und Laptops bis hin zu Haushaltsger\u00e4ten wie Mini-K\u00fchlschr\u00e4nken, Elektrogrills und Kaffeemaschinen.","robots":{"index":"index","follow":"follow","max-snippet":"max-snippet:-1","max-image-preview":"max-image-preview:large","max-video-preview":"max-video-preview:-1"},"canonical":"https:\/\/cem-instruments.de\/de\/product\/pw-520-520h-powerstation\/","og_locale":"de_DE","og_type":"article","og_title":"PW-520\/520H Tragbare Powerstation - CEM Test Instruments GmbH","og_description":"PW-520\/520H Tragbare Powerstation mit integrierter LiFePO4-Batterie mit hoher Kapazit\u00e4t. Es handelt sich um einen wiederaufladbaren, batteriebetriebenen Generator. Ausgestattet mit einer AC-Steckdose, einem DC-Autostromanschluss und USB-Ladeanschl\u00fcssen, kann sie all Ihre Ger\u00e4te aufladen, von Smartphones und Laptops bis hin zu Haushaltsger\u00e4ten wie Mini-K\u00fchlschr\u00e4nken, Elektrogrills und Kaffeemaschinen.","og_url":"https:\/\/cem-instruments.de\/de\/product\/pw-520-520h-powerstation\/","og_site_name":"CEM Test Instruments GmbH","article_modified_time":"2025-01-23T21:34:33+00:00","og_image":[{"width":540,"height":720,"url":"https:\/\/res.cloudinary.com\/dathdmgqz\/images\/f_auto,q_auto\/v1730126405\/energy solutions pic\/PW-520H\/kxzacpx9x6nqpkeq8tcb\/kxzacpx9x6nqpkeq8tcb.jpg?_i=AA","type":"image\/jpeg"}],"twitter_card":"summary_large_image","twitter_misc":{"Gesch\u00e4tzte Lesezeit":"3\u00a0Minuten"},"schema":{"@context":"https:\/\/schema.org","@graph":[{"@type":"WebPage","@id":"https:\/\/cem-instruments.de\/de\/product\/pw-520-520h-powerstation\/","url":"https:\/\/cem-instruments.de\/de\/product\/pw-520-520h-powerstation\/","name":"PW-520\/520H Tragbare Powerstation - CEM Test Instruments GmbH","isPartOf":{"@id":"https:\/\/cem-instruments.de\/de\/#website"},"primaryImageOfPage":{"@id":"https:\/\/cem-instruments.de\/de\/product\/pw-520-520h-powerstation\/#primaryimage"},"image":{"@id":"https:\/\/cem-instruments.de\/de\/product\/pw-520-520h-powerstation\/#primaryimage"},"thumbnailUrl":"https:\/\/res.cloudinary.com\/dathdmgqz\/images\/f_auto,q_auto\/v1730126405\/energy solutions pic\/PW-520H\/kxzacpx9x6nqpkeq8tcb\/kxzacpx9x6nqpkeq8tcb.jpg?_i=AA","datePublished":"2024-10-29T09:36:28+00:00","dateModified":"2025-01-23T21:34:33+00:00","description":"PW-520\/520H Tragbare Powerstation mit integrierter LiFePO4-Batterie mit hoher Kapazit\u00e4t. Es handelt sich um einen wiederaufladbaren, batteriebetriebenen Generator. Ausgestattet mit einer AC-Steckdose, einem DC-Autostromanschluss und USB-Ladeanschl\u00fcssen, kann sie all Ihre Ger\u00e4te aufladen, von Smartphones und Laptops bis hin zu Haushaltsger\u00e4ten wie Mini-K\u00fchlschr\u00e4nken, Elektrogrills und Kaffeemaschinen.","breadcrumb":{"@id":"https:\/\/cem-instruments.de\/de\/product\/pw-520-520h-powerstation\/#breadcrumb"},"inLanguage":"de","potentialAction":[{"@type":"ReadAction","target":["https:\/\/cem-instruments.de\/de\/product\/pw-520-520h-powerstation\/"]}]},{"@type":"ImageObject","inLanguage":"de","@id":"https:\/\/cem-instruments.de\/de\/product\/pw-520-520h-powerstation\/#primaryimage","url":"https:\/\/res.cloudinary.com\/dathdmgqz\/images\/f_auto,q_auto\/v1730126405\/energy solutions pic\/PW-520H\/kxzacpx9x6nqpkeq8tcb\/kxzacpx9x6nqpkeq8tcb.jpg?_i=AA","contentUrl":"https:\/\/res.cloudinary.com\/dathdmgqz\/images\/f_auto,q_auto\/v1730126405\/energy solutions pic\/PW-520H\/kxzacpx9x6nqpkeq8tcb\/kxzacpx9x6nqpkeq8tcb.jpg?_i=AA","width":540,"height":720},{"@type":"BreadcrumbList","@id":"https:\/\/cem-instruments.de\/de\/product\/pw-520-520h-powerstation\/#breadcrumb","itemListElement":[{"@type":"ListItem","position":1,"name":"Home","item":"https:\/\/cem-instruments.de\/de\/"},{"@type":"ListItem","position":2,"name":"Products","item":"https:\/\/cem-instruments.de\/de\/shop\/"},{"@type":"ListItem","position":3,"name":"PW-520\/520H Tragbare Powerstation"}]},{"@type":"WebSite","@id":"https:\/\/cem-instruments.de\/de\/#website","url":"https:\/\/cem-instruments.de\/de\/","name":"CEM Test Instruments GmbH","description":"CEM Test Instruments GmbH","publisher":{"@id":"https:\/\/cem-instruments.de\/de\/#organization"},"alternateName":"best partner for electronic instruments","potentialAction":[{"@type":"SearchAction","target":{"@type":"EntryPoint","urlTemplate":"https:\/\/cem-instruments.de\/de\/?s={search_term_string}"},"query-input":{"@type":"PropertyValueSpecification","valueRequired":true,"valueName":"search_term_string"}}],"inLanguage":"de"},{"@type":"Organization","@id":"https:\/\/cem-instruments.de\/de\/#organization","name":"CEM Test Instruments GmbH","url":"https:\/\/cem-instruments.de\/de\/","logo":{"@type":"ImageObject","inLanguage":"de","@id":"https:\/\/cem-instruments.de\/de\/#\/schema\/logo\/image\/","url":"https:\/\/res.cloudinary.com\/dathdmgqz\/images\/f_auto,q_auto\/v1728637129\/cropped-2024-10-11-10_57_57-cem-instruments.de-\u2013-CEM-instruments-GmbH\/cropped-2024-10-11-10_57_57-cem-instruments.de-\u2013-CEM-instruments-GmbH.jpg?_i=AA","contentUrl":"https:\/\/res.cloudinary.com\/dathdmgqz\/images\/f_auto,q_auto\/v1728637129\/cropped-2024-10-11-10_57_57-cem-instruments.de-\u2013-CEM-instruments-GmbH\/cropped-2024-10-11-10_57_57-cem-instruments.de-\u2013-CEM-instruments-GmbH.jpg?_i=AA","width":512,"height":512,"caption":"CEM Test Instruments GmbH"},"image":{"@id":"https:\/\/cem-instruments.de\/de\/#\/schema\/logo\/image\/"}}]}},"_links":{"self":[{"href":"https:\/\/cem-instruments.de\/de\/wp-json\/wp\/v2\/product\/31687","targetHints":{"allow":["GET"]}}],"collection":[{"href":"https:\/\/cem-instruments.de\/de\/wp-json\/wp\/v2\/product"}],"about":[{"href":"https:\/\/cem-instruments.de\/de\/wp-json\/wp\/v2\/types\/product"}],"version-history":[{"count":5,"href":"https:\/\/cem-instruments.de\/de\/wp-json\/wp\/v2\/product\/31687\/revisions"}],"predecessor-version":[{"id":32046,"href":"https:\/\/cem-instruments.de\/de\/wp-json\/wp\/v2\/product\/31687\/revisions\/32046"}],"wp:featuredmedia":[{"embeddable":true,"href":"https:\/\/cem-instruments.de\/de\/wp-json\/wp\/v2\/media\/31688"}],"wp:attachment":[{"href":"https:\/\/cem-instruments.de\/de\/wp-json\/wp\/v2\/media?parent=31687"}],"wp:term":[{"taxonomy":"product_brand","embeddable":true,"href":"https:\/\/cem-instruments.de\/de\/wp-json\/wp\/v2\/product_brand?post=31687"},{"taxonomy":"product_cat","embeddable":true,"href":"https:\/\/cem-instruments.de\/de\/wp-json\/wp\/v2\/product_cat?post=31687"},{"taxonomy":"product_tag","embeddable":true,"href":"https:\/\/cem-instruments.de\/de\/wp-json\/wp\/v2\/product_tag?post=31687"}],"curies":[{"name":"wp","href":"https:\/\/api.w.org\/{rel}","templated":true}]}}