{"id":31696,"date":"2024-10-29T10:50:34","date_gmt":"2024-10-29T09:50:34","guid":{"rendered":"https:\/\/cem-instruments.de\/de\/?post_type=product&#038;p=31696"},"modified":"2025-01-23T22:31:45","modified_gmt":"2025-01-23T21:31:45","slug":"pw2500e-energiespeicher","status":"publish","type":"product","link":"https:\/\/cem-instruments.de\/de\/product\/pw2500e-energiespeicher\/","title":{"rendered":"PW-2500E\/2500C\/2500U 2,5 kW Hochwertige Haushaltsenergiespeicher-Stromversorgung"},"content":{"rendered":"\t\t<div data-elementor-type=\"wp-post\" data-elementor-id=\"31696\" class=\"elementor elementor-31696\" data-elementor-post-type=\"product\">\n\t\t\t\t<div class=\"wd-negative-gap elementor-element elementor-element-b0ef7e7 e-flex e-con-boxed e-con e-parent\" data-id=\"b0ef7e7\" data-element_type=\"container\">\n\t\t\t\t\t<div class=\"e-con-inner\">\n\t\t<div class=\"elementor-element elementor-element-0e143d3 e-con-full e-flex e-con e-child\" data-id=\"0e143d3\" data-element_type=\"container\">\n\t\t<div class=\"elementor-element elementor-element-1016595 e-con-full e-flex e-con e-child\" data-id=\"1016595\" data-element_type=\"container\">\n\t\t<div class=\"elementor-element elementor-element-d8b9cf8 e-con-full e-flex e-con e-child\" data-id=\"d8b9cf8\" data-element_type=\"container\">\n\t\t\t\t<div class=\"elementor-element elementor-element-80d2c69 e-n-tabs-mobile elementor-widget elementor-widget-n-tabs\" data-id=\"80d2c69\" data-element_type=\"widget\" data-settings=\"{&quot;tabs_justify_horizontal&quot;:&quot;start&quot;,&quot;horizontal_scroll&quot;:&quot;disable&quot;}\" data-widget_type=\"nested-tabs.default\">\n\t\t\t\t<div class=\"elementor-widget-container\">\n\t\t\t\t\t\t\t<div class=\"e-n-tabs\" data-widget-number=\"135081065\" aria-label=\"Tabs. Open items with Enter or Space, close with Escape and navigate using the Arrow keys.\">\n\t\t\t<div class=\"e-n-tabs-heading\" role=\"tablist\">\n\t\t\t\t\t<button id=\"e-n-tab-title-1350810651\" class=\"e-n-tab-title\" aria-selected=\"true\" data-tab-index=\"1\" role=\"tab\" tabindex=\"0\" aria-controls=\"e-n-tab-content-1350810651\" style=\"--n-tabs-title-order: 1;\">\n\t\t\t\t\t\t<span class=\"e-n-tab-title-text\">\n\t\t\t\tDescription\t\t\t<\/span>\n\t\t<\/button>\n\t\t\t\t<button id=\"e-n-tab-title-1350810652\" class=\"e-n-tab-title\" aria-selected=\"false\" data-tab-index=\"2\" role=\"tab\" tabindex=\"-1\" aria-controls=\"e-n-tab-content-1350810652\" style=\"--n-tabs-title-order: 2;\">\n\t\t\t\t\t\t<span class=\"e-n-tab-title-text\">\n\t\t\t\tSpecification\t\t\t<\/span>\n\t\t<\/button>\n\t\t\t\t<button id=\"e-n-tab-title-1350810653\" class=\"e-n-tab-title\" aria-selected=\"false\" data-tab-index=\"3\" role=\"tab\" tabindex=\"-1\" aria-controls=\"e-n-tab-content-1350810653\" style=\"--n-tabs-title-order: 3;\">\n\t\t\t\t\t\t<span class=\"e-n-tab-title-text\">\n\t\t\t\tResources\t\t\t<\/span>\n\t\t<\/button>\n\t\t\t\t\t<\/div>\n\t\t\t<div class=\"e-n-tabs-content\">\n\t\t\t\t<div id=\"e-n-tab-content-1350810651\" role=\"tabpanel\" aria-labelledby=\"e-n-tab-title-1350810651\" data-tab-index=\"1\" style=\"--n-tabs-title-order: 1;\" class=\"e-active elementor-element elementor-element-d6266f1 e-con-full e-flex e-con e-child\" data-id=\"d6266f1\" data-element_type=\"container\">\n\t\t<div class=\"wd-negative-gap elementor-element elementor-element-a97141f e-flex e-con-boxed e-con e-child\" data-id=\"a97141f\" data-element_type=\"container\">\n\t\t\t\t\t<div class=\"e-con-inner\">\n\t\t\t\t<div class=\"elementor-element elementor-element-0d3228e elementor-widget elementor-widget-wd_text_block\" data-id=\"0d3228e\" data-element_type=\"widget\" data-widget_type=\"wd_text_block.default\">\n\t\t\t\t<div class=\"elementor-widget-container\">\n\t\t\t\t\t\t\t<div class=\"wd-text-block reset-last-child text-left\">\n\t\t\t\n\t\t\t<p>Max. 10,24 kWh<\/p><p>Die Farbe ist schlicht und elegant mit einem modernen Touch. Das Metallmaterial besticht durch eine glatte, abgerundete Form, und das kompakte, integrierte Design erm\u00f6glicht eine vielseitige Installation in Innenr\u00e4umen.<\/p><p><strong>VORTEILE<\/strong><\/p><ul><li><strong>Flexible Kapazit\u00e4tsoptionen:<\/strong> 2,56 kWh bis 5,12 kWh<\/li><li><strong>Hervorragende Sicherheit:<\/strong> LiFePO4-Batterie, zertifiziert vom UL-Labor<\/li><li><strong>Kompatibilit\u00e4t:<\/strong> Kompatibel mit den meisten Markenwechselrichtern auf dem Markt<\/li><li><strong>Flexible Batteriepacks:<\/strong> Hochpr\u00e4zise Packtechnologie<\/li><li><strong>Lange Lebensdauer:<\/strong> Zykluslebensdauer &gt; 5000+<\/li><li><strong>Einfache Installation:<\/strong> Mit Bodenst\u00e4nder<\/li><li><strong>Modulares Design:<\/strong> F\u00fcr einfache Montage und Temperaturkontrolle<\/li><li><strong>Stapelbare Batterien:<\/strong> Nutzer k\u00f6nnen zus\u00e4tzliche Batterien erwerben, um die Kapazit\u00e4t von 2,5 kWh auf 5,12 kWh zu erh\u00f6hen.<\/li><\/ul>\n\t\t\t\t\t<\/div>\n\t\t\t\t\t\t<\/div>\n\t\t\t\t<\/div>\n\t\t\t\t\t<\/div>\n\t\t\t\t<\/div>\n\t\t\t\t<\/div>\n\t\t<div id=\"e-n-tab-content-1350810652\" role=\"tabpanel\" aria-labelledby=\"e-n-tab-title-1350810652\" data-tab-index=\"2\" style=\"--n-tabs-title-order: 2;\" class=\" elementor-element elementor-element-28e66dd e-con-full e-flex e-con e-child\" data-id=\"28e66dd\" data-element_type=\"container\">\n\t\t<div class=\"wd-negative-gap elementor-element elementor-element-4d74695 e-flex e-con-boxed e-con e-child\" data-id=\"4d74695\" data-element_type=\"container\">\n\t\t\t\t\t<div class=\"e-con-inner\">\n\t\t\t\t<div class=\"elementor-element elementor-element-3364fea elementor-widget elementor-widget-wd_image_or_svg\" data-id=\"3364fea\" data-element_type=\"widget\" data-widget_type=\"wd_image_or_svg.default\">\n\t\t\t\t<div class=\"elementor-widget-container\">\n\t\t\t\t\t\n\t\t<div class=\"wd-image text-left\">\n\t\t\t\t\t\t\t\t<img width=\"651\" height=\"814\" data-public-id=\"energy solutions pic\/PW-2500E\/zolj9j8ntpdtnnitiptl\/zolj9j8ntpdtnnitiptl.png\" fetchpriority=\"high\" decoding=\"async\" src=\"https:\/\/res.cloudinary.com\/dathdmgqz\/images\/w_651,h_814,c_scale\/f_auto,q_auto\/v1730126404\/energy solutions pic\/PW-2500E\/zolj9j8ntpdtnnitiptl\/zolj9j8ntpdtnnitiptl.png?_i=AA\" class=\"attachment-full size-full wp-image-31700\" alt=\"\" data-format=\"png\" data-transformations=\"f_auto,q_auto\" data-version=\"1730126404\" data-seo=\"1\" data-responsive=\"1\" srcset=\"https:\/\/res.cloudinary.com\/dathdmgqz\/images\/w_651,h_814,c_scale\/f_auto,q_auto\/v1730126404\/energy solutions pic\/PW-2500E\/zolj9j8ntpdtnnitiptl\/zolj9j8ntpdtnnitiptl.png?_i=AA 651w, https:\/\/res.cloudinary.com\/dathdmgqz\/images\/w_648,h_810,c_scale\/f_auto,q_auto\/v1730126404\/energy solutions pic\/PW-2500E\/zolj9j8ntpdtnnitiptl\/zolj9j8ntpdtnnitiptl.png?_i=AA 648w, https:\/\/res.cloudinary.com\/dathdmgqz\/images\/w_448,h_560,c_scale\/f_auto,q_auto\/v1730126404\/energy solutions pic\/PW-2500E\/zolj9j8ntpdtnnitiptl\/zolj9j8ntpdtnnitiptl.png?_i=AA 448w, https:\/\/res.cloudinary.com\/dathdmgqz\/images\/w_248,h_310,c_scale\/f_auto,q_auto\/v1730126404\/energy solutions pic\/PW-2500E\/zolj9j8ntpdtnnitiptl\/zolj9j8ntpdtnnitiptl.png?_i=AA 248w\" sizes=\"(max-width: 651px) 100vw, 651px\" \/>\t\t\t\t\t<\/div>\n\n\t\t\t\t\t\t<\/div>\n\t\t\t\t<\/div>\n\t\t\t\t\t<\/div>\n\t\t\t\t<\/div>\n\t\t\t\t<\/div>\n\t\t<div id=\"e-n-tab-content-1350810653\" role=\"tabpanel\" aria-labelledby=\"e-n-tab-title-1350810653\" data-tab-index=\"3\" style=\"--n-tabs-title-order: 3;\" class=\" elementor-element elementor-element-ce66fd6 e-con-full e-flex e-con e-child\" data-id=\"ce66fd6\" data-element_type=\"container\">\n\t\t<div class=\"elementor-element elementor-element-d352a05 e-con-full e-flex e-con e-child\" data-id=\"d352a05\" data-element_type=\"container\">\n\t\t\t\t<div class=\"elementor-element elementor-element-def26b8 elementor-widget elementor-widget-wd_list\" data-id=\"def26b8\" data-element_type=\"widget\" data-widget_type=\"wd_list.default\">\n\t\t\t\t<div class=\"elementor-widget-container\">\n\t\t\t\t\t\t\t<ul class=\"wd-list color-scheme- wd-fontsize-xs wd-type-icon wd-style-default text-left\">\n\t\t\t\t\t\t\t\t\t\t\t<li class=\"elementor-repeater-item-fe163c2\">\n\t\t\t\t\t\t\t\t\t\t\t<span class=\"wd-icon\"><svg class=\"e-font-icon-svg e-fas-star\" viewBox=\"0 0 576 512\" xmlns=\"http:\/\/www.w3.org\/2000\/svg\"><path d=\"M259.3 17.8L194 150.2 47.9 171.5c-26.2 3.8-36.7 36.1-17.7 54.6l105.7 103-25 145.5c-4.5 26.3 23.2 46 46.4 33.7L288 439.6l130.7 68.7c23.2 12.2 50.9-7.4 46.4-33.7l-25-145.5 105.7-103c19-18.5 8.5-50.8-17.7-54.6L382 150.2 316.7 17.8c-11.7-23.6-45.6-23.9-57.4 0z\"><\/path><\/svg><\/span>\t\t\t\t\t\n\t\t\t\t\t<span class=\"wd-list-content list-content\">\n\t\t\t\t\t\tapplication note\t\t\t\t\t<\/span>\n\n\t\t\t\t\t\t\t\t\t<\/li>\n\t\t\t\t\t<\/ul>\n\n\t\t\t\t\t\t<\/div>\n\t\t\t\t<\/div>\n\t\t\t\t<div class=\"elementor-element elementor-element-2e47ea4 elementor-widget elementor-widget-wd_list\" data-id=\"2e47ea4\" data-element_type=\"widget\" data-widget_type=\"wd_list.default\">\n\t\t\t\t<div class=\"elementor-widget-container\">\n\t\t\t\t\t\t\t<ul class=\"wd-list color-scheme-custom wd-fontsize-xs wd-type-icon wd-style-default text-left\">\n\t\t\t\t\t\t\t\t\t\t\t<li class=\"elementor-repeater-item-fe163c2\">\n\t\t\t\t\t\t\t\t\t\t\t<span class=\"wd-icon\"><svg class=\"e-font-icon-svg e-fas-star\" viewBox=\"0 0 576 512\" xmlns=\"http:\/\/www.w3.org\/2000\/svg\"><path d=\"M259.3 17.8L194 150.2 47.9 171.5c-26.2 3.8-36.7 36.1-17.7 54.6l105.7 103-25 145.5c-4.5 26.3 23.2 46 46.4 33.7L288 439.6l130.7 68.7c23.2 12.2 50.9-7.4 46.4-33.7l-25-145.5 105.7-103c19-18.5 8.5-50.8-17.7-54.6L382 150.2 316.7 17.8c-11.7-23.6-45.6-23.9-57.4 0z\"><\/path><\/svg><\/span>\t\t\t\t\t\n\t\t\t\t\t<span class=\"wd-list-content list-content\">\n\t\t\t\t\t\tdatasheet\t\t\t\t\t<\/span>\n\n\t\t\t\t\t\t\t\t\t<\/li>\n\t\t\t\t\t\t\t\t\t\t\t<li class=\"elementor-repeater-item-66113ab\">\n\t\t\t\t\t\t\t\t\t\t\t<span class=\"wd-icon\"><svg class=\"e-font-icon-svg e-fas-star\" viewBox=\"0 0 576 512\" xmlns=\"http:\/\/www.w3.org\/2000\/svg\"><path d=\"M259.3 17.8L194 150.2 47.9 171.5c-26.2 3.8-36.7 36.1-17.7 54.6l105.7 103-25 145.5c-4.5 26.3 23.2 46 46.4 33.7L288 439.6l130.7 68.7c23.2 12.2 50.9-7.4 46.4-33.7l-25-145.5 105.7-103c19-18.5 8.5-50.8-17.7-54.6L382 150.2 316.7 17.8c-11.7-23.6-45.6-23.9-57.4 0z\"><\/path><\/svg><\/span>\t\t\t\t\t\n\t\t\t\t\t<span class=\"wd-list-content list-content\">\n\t\t\t\t\t\tuser manual\t\t\t\t\t<\/span>\n\n\t\t\t\t\t\n\t\t\t\t\t\t<a  href=\"https:\/\/cemtestinstrumentsgmbh357-my.sharepoint.com\/:b:\/g\/personal\/sh_li_cemtestinstrumentsgmbh357_onmicrosoft_com\/EXF_DlINy8BEtStDhLvPSQsB77FUVxCru-P4kQS5VlWcKA?e=ruc3tn\" class=\"wd-fill\" aria-label=\"List item link\" target=\"_blank\" rel=\"nofollow\"><\/a>\n\t\t\t\t\t\t\t\t\t<\/li>\n\t\t\t\t\t<\/ul>\n\n\t\t\t\t\t\t<\/div>\n\t\t\t\t<\/div>\n\t\t\t\t<\/div>\n\t\t<div class=\"elementor-element elementor-element-0ebdfff e-con-full e-flex e-con e-child\" data-id=\"0ebdfff\" data-element_type=\"container\">\n\t\t\t\t<\/div>\n\t\t\t\t<\/div>\n\t\t\t\t\t<\/div>\n\t\t<\/div>\n\t\t\t\t\t\t<\/div>\n\t\t\t\t<\/div>\n\t\t\t\t<\/div>\n\t\t\t\t<\/div>\n\t\t\t\t<\/div>\n\t\t\t\t\t<\/div>\n\t\t\t\t<\/div>\n\t\t\t\t<\/div>\n\t\t","protected":false},"excerpt":{"rendered":"<p>Max. 10,24 kWh<\/p>\n<p>Die Farbe ist schlicht und elegant mit einem modernen Touch. Das Metallmaterial besticht durch eine glatte, abgerundete Form, und das kompakte, integrierte Design erm\u00f6glicht eine vielseitige Installation in Innenr\u00e4umen.<\/p>\n","protected":false},"featured_media":31697,"template":"","meta":{"_cloudinary_featured_overwrite":false},"product_brand":[],"product_cat":[385,435],"product_tag":[],"class_list":{"0":"post-31696","1":"product","2":"type-product","3":"status-publish","4":"has-post-thumbnail","6":"product_cat-energy_solutions","7":"product_cat-energy_storage","9":"first","10":"instock","11":"shipping-taxable","12":"product-type-simple"},"yoast_head":"<!-- This site is optimized with the Yoast SEO plugin v24.3 - https:\/\/yoast.com\/wordpress\/plugins\/seo\/ -->\n<title>PW-2500E\/2500C\/2500U 2,5 kW Hochwertige Haushaltsenergiespeicher-Stromversorgung - CEM Test Instruments GmbH<\/title>\n<meta name=\"description\" content=\"Max. 10,24 kWh. Die Farbe ist schlicht und elegant mit einem modernen Touch. Das Metallmaterial besticht durch eine glatte, abgerundete Form, und das kompakte, integrierte Design erm\u00f6glicht eine vielseitige Installation in Innenr\u00e4umen.\" \/>\n<meta name=\"robots\" content=\"index, follow, max-snippet:-1, max-image-preview:large, max-video-preview:-1\" \/>\n<link rel=\"canonical\" href=\"https:\/\/cem-instruments.de\/de\/product\/pw2500e-energiespeicher\/\" \/>\n<meta property=\"og:locale\" content=\"de_DE\" \/>\n<meta property=\"og:type\" content=\"article\" \/>\n<meta property=\"og:title\" content=\"PW-2500E\/2500C\/2500U 2,5 kW Hochwertige Haushaltsenergiespeicher-Stromversorgung - CEM Test Instruments GmbH\" \/>\n<meta property=\"og:description\" content=\"Max. 10,24 kWh. Die Farbe ist schlicht und elegant mit einem modernen Touch. Das Metallmaterial besticht durch eine glatte, abgerundete Form, und das kompakte, integrierte Design erm\u00f6glicht eine vielseitige Installation in Innenr\u00e4umen.\" \/>\n<meta property=\"og:url\" content=\"https:\/\/cem-instruments.de\/de\/product\/pw2500e-energiespeicher\/\" \/>\n<meta property=\"og:site_name\" content=\"CEM Test Instruments GmbH\" \/>\n<meta property=\"article:modified_time\" content=\"2025-01-23T21:31:45+00:00\" \/>\n<meta property=\"og:image\" content=\"https:\/\/res.cloudinary.com\/dathdmgqz\/images\/f_auto,q_auto\/v1730126404\/energy solutions pic\/PW-2500E\/bpfiyj0uknjihlnrt7hw\/bpfiyj0uknjihlnrt7hw.jpg?_i=AA\" \/>\n\t<meta property=\"og:image:width\" content=\"540\" \/>\n\t<meta property=\"og:image:height\" content=\"720\" \/>\n\t<meta property=\"og:image:type\" content=\"image\/jpeg\" \/>\n<meta name=\"twitter:card\" content=\"summary_large_image\" \/>\n<meta name=\"twitter:label1\" content=\"Gesch\u00e4tzte Lesezeit\" \/>\n\t<meta name=\"twitter:data1\" content=\"2\u00a0Minuten\" \/>\n<script type=\"application\/ld+json\" class=\"yoast-schema-graph\">{\"@context\":\"https:\/\/schema.org\",\"@graph\":[{\"@type\":\"WebPage\",\"@id\":\"https:\/\/cem-instruments.de\/de\/product\/pw2500e-energiespeicher\/\",\"url\":\"https:\/\/cem-instruments.de\/de\/product\/pw2500e-energiespeicher\/\",\"name\":\"PW-2500E\/2500C\/2500U 2,5 kW Hochwertige Haushaltsenergiespeicher-Stromversorgung - CEM Test Instruments GmbH\",\"isPartOf\":{\"@id\":\"https:\/\/cem-instruments.de\/de\/#website\"},\"primaryImageOfPage\":{\"@id\":\"https:\/\/cem-instruments.de\/de\/product\/pw2500e-energiespeicher\/#primaryimage\"},\"image\":{\"@id\":\"https:\/\/cem-instruments.de\/de\/product\/pw2500e-energiespeicher\/#primaryimage\"},\"thumbnailUrl\":\"https:\/\/res.cloudinary.com\/dathdmgqz\/images\/f_auto,q_auto\/v1730126404\/energy solutions pic\/PW-2500E\/bpfiyj0uknjihlnrt7hw\/bpfiyj0uknjihlnrt7hw.jpg?_i=AA\",\"datePublished\":\"2024-10-29T09:50:34+00:00\",\"dateModified\":\"2025-01-23T21:31:45+00:00\",\"description\":\"Max. 10,24 kWh. Die Farbe ist schlicht und elegant mit einem modernen Touch. Das Metallmaterial besticht durch eine glatte, abgerundete Form, und das kompakte, integrierte Design erm\u00f6glicht eine vielseitige Installation in Innenr\u00e4umen.\",\"breadcrumb\":{\"@id\":\"https:\/\/cem-instruments.de\/de\/product\/pw2500e-energiespeicher\/#breadcrumb\"},\"inLanguage\":\"de\",\"potentialAction\":[{\"@type\":\"ReadAction\",\"target\":[\"https:\/\/cem-instruments.de\/de\/product\/pw2500e-energiespeicher\/\"]}]},{\"@type\":\"ImageObject\",\"inLanguage\":\"de\",\"@id\":\"https:\/\/cem-instruments.de\/de\/product\/pw2500e-energiespeicher\/#primaryimage\",\"url\":\"https:\/\/res.cloudinary.com\/dathdmgqz\/images\/f_auto,q_auto\/v1730126404\/energy solutions pic\/PW-2500E\/bpfiyj0uknjihlnrt7hw\/bpfiyj0uknjihlnrt7hw.jpg?_i=AA\",\"contentUrl\":\"https:\/\/res.cloudinary.com\/dathdmgqz\/images\/f_auto,q_auto\/v1730126404\/energy solutions pic\/PW-2500E\/bpfiyj0uknjihlnrt7hw\/bpfiyj0uknjihlnrt7hw.jpg?_i=AA\",\"width\":540,\"height\":720},{\"@type\":\"BreadcrumbList\",\"@id\":\"https:\/\/cem-instruments.de\/de\/product\/pw2500e-energiespeicher\/#breadcrumb\",\"itemListElement\":[{\"@type\":\"ListItem\",\"position\":1,\"name\":\"Home\",\"item\":\"https:\/\/cem-instruments.de\/de\/\"},{\"@type\":\"ListItem\",\"position\":2,\"name\":\"Products\",\"item\":\"https:\/\/cem-instruments.de\/de\/shop\/\"},{\"@type\":\"ListItem\",\"position\":3,\"name\":\"PW-2500E\/2500C\/2500U 2,5 kW Hochwertige Haushaltsenergiespeicher-Stromversorgung\"}]},{\"@type\":\"WebSite\",\"@id\":\"https:\/\/cem-instruments.de\/de\/#website\",\"url\":\"https:\/\/cem-instruments.de\/de\/\",\"name\":\"CEM Test Instruments GmbH\",\"description\":\"CEM Test Instruments GmbH\",\"publisher\":{\"@id\":\"https:\/\/cem-instruments.de\/de\/#organization\"},\"alternateName\":\"best partner for electronic instruments\",\"potentialAction\":[{\"@type\":\"SearchAction\",\"target\":{\"@type\":\"EntryPoint\",\"urlTemplate\":\"https:\/\/cem-instruments.de\/de\/?s={search_term_string}\"},\"query-input\":{\"@type\":\"PropertyValueSpecification\",\"valueRequired\":true,\"valueName\":\"search_term_string\"}}],\"inLanguage\":\"de\"},{\"@type\":\"Organization\",\"@id\":\"https:\/\/cem-instruments.de\/de\/#organization\",\"name\":\"CEM Test Instruments GmbH\",\"url\":\"https:\/\/cem-instruments.de\/de\/\",\"logo\":{\"@type\":\"ImageObject\",\"inLanguage\":\"de\",\"@id\":\"https:\/\/cem-instruments.de\/de\/#\/schema\/logo\/image\/\",\"url\":\"https:\/\/res.cloudinary.com\/dathdmgqz\/images\/f_auto,q_auto\/v1728637129\/cropped-2024-10-11-10_57_57-cem-instruments.de-\u2013-CEM-instruments-GmbH\/cropped-2024-10-11-10_57_57-cem-instruments.de-\u2013-CEM-instruments-GmbH.jpg?_i=AA\",\"contentUrl\":\"https:\/\/res.cloudinary.com\/dathdmgqz\/images\/f_auto,q_auto\/v1728637129\/cropped-2024-10-11-10_57_57-cem-instruments.de-\u2013-CEM-instruments-GmbH\/cropped-2024-10-11-10_57_57-cem-instruments.de-\u2013-CEM-instruments-GmbH.jpg?_i=AA\",\"width\":512,\"height\":512,\"caption\":\"CEM Test Instruments GmbH\"},\"image\":{\"@id\":\"https:\/\/cem-instruments.de\/de\/#\/schema\/logo\/image\/\"}}]}<\/script>\n<!-- \/ Yoast SEO plugin. -->","yoast_head_json":{"title":"PW-2500E\/2500C\/2500U 2,5 kW Hochwertige Haushaltsenergiespeicher-Stromversorgung - CEM Test Instruments GmbH","description":"Max. 10,24 kWh. Die Farbe ist schlicht und elegant mit einem modernen Touch. Das Metallmaterial besticht durch eine glatte, abgerundete Form, und das kompakte, integrierte Design erm\u00f6glicht eine vielseitige Installation in Innenr\u00e4umen.","robots":{"index":"index","follow":"follow","max-snippet":"max-snippet:-1","max-image-preview":"max-image-preview:large","max-video-preview":"max-video-preview:-1"},"canonical":"https:\/\/cem-instruments.de\/de\/product\/pw2500e-energiespeicher\/","og_locale":"de_DE","og_type":"article","og_title":"PW-2500E\/2500C\/2500U 2,5 kW Hochwertige Haushaltsenergiespeicher-Stromversorgung - CEM Test Instruments GmbH","og_description":"Max. 10,24 kWh. Die Farbe ist schlicht und elegant mit einem modernen Touch. Das Metallmaterial besticht durch eine glatte, abgerundete Form, und das kompakte, integrierte Design erm\u00f6glicht eine vielseitige Installation in Innenr\u00e4umen.","og_url":"https:\/\/cem-instruments.de\/de\/product\/pw2500e-energiespeicher\/","og_site_name":"CEM Test Instruments GmbH","article_modified_time":"2025-01-23T21:31:45+00:00","og_image":[{"width":540,"height":720,"url":"https:\/\/res.cloudinary.com\/dathdmgqz\/images\/f_auto,q_auto\/v1730126404\/energy solutions pic\/PW-2500E\/bpfiyj0uknjihlnrt7hw\/bpfiyj0uknjihlnrt7hw.jpg?_i=AA","type":"image\/jpeg"}],"twitter_card":"summary_large_image","twitter_misc":{"Gesch\u00e4tzte Lesezeit":"2\u00a0Minuten"},"schema":{"@context":"https:\/\/schema.org","@graph":[{"@type":"WebPage","@id":"https:\/\/cem-instruments.de\/de\/product\/pw2500e-energiespeicher\/","url":"https:\/\/cem-instruments.de\/de\/product\/pw2500e-energiespeicher\/","name":"PW-2500E\/2500C\/2500U 2,5 kW Hochwertige Haushaltsenergiespeicher-Stromversorgung - CEM Test Instruments GmbH","isPartOf":{"@id":"https:\/\/cem-instruments.de\/de\/#website"},"primaryImageOfPage":{"@id":"https:\/\/cem-instruments.de\/de\/product\/pw2500e-energiespeicher\/#primaryimage"},"image":{"@id":"https:\/\/cem-instruments.de\/de\/product\/pw2500e-energiespeicher\/#primaryimage"},"thumbnailUrl":"https:\/\/res.cloudinary.com\/dathdmgqz\/images\/f_auto,q_auto\/v1730126404\/energy solutions pic\/PW-2500E\/bpfiyj0uknjihlnrt7hw\/bpfiyj0uknjihlnrt7hw.jpg?_i=AA","datePublished":"2024-10-29T09:50:34+00:00","dateModified":"2025-01-23T21:31:45+00:00","description":"Max. 10,24 kWh. Die Farbe ist schlicht und elegant mit einem modernen Touch. Das Metallmaterial besticht durch eine glatte, abgerundete Form, und das kompakte, integrierte Design erm\u00f6glicht eine vielseitige Installation in Innenr\u00e4umen.","breadcrumb":{"@id":"https:\/\/cem-instruments.de\/de\/product\/pw2500e-energiespeicher\/#breadcrumb"},"inLanguage":"de","potentialAction":[{"@type":"ReadAction","target":["https:\/\/cem-instruments.de\/de\/product\/pw2500e-energiespeicher\/"]}]},{"@type":"ImageObject","inLanguage":"de","@id":"https:\/\/cem-instruments.de\/de\/product\/pw2500e-energiespeicher\/#primaryimage","url":"https:\/\/res.cloudinary.com\/dathdmgqz\/images\/f_auto,q_auto\/v1730126404\/energy solutions pic\/PW-2500E\/bpfiyj0uknjihlnrt7hw\/bpfiyj0uknjihlnrt7hw.jpg?_i=AA","contentUrl":"https:\/\/res.cloudinary.com\/dathdmgqz\/images\/f_auto,q_auto\/v1730126404\/energy solutions pic\/PW-2500E\/bpfiyj0uknjihlnrt7hw\/bpfiyj0uknjihlnrt7hw.jpg?_i=AA","width":540,"height":720},{"@type":"BreadcrumbList","@id":"https:\/\/cem-instruments.de\/de\/product\/pw2500e-energiespeicher\/#breadcrumb","itemListElement":[{"@type":"ListItem","position":1,"name":"Home","item":"https:\/\/cem-instruments.de\/de\/"},{"@type":"ListItem","position":2,"name":"Products","item":"https:\/\/cem-instruments.de\/de\/shop\/"},{"@type":"ListItem","position":3,"name":"PW-2500E\/2500C\/2500U 2,5 kW Hochwertige Haushaltsenergiespeicher-Stromversorgung"}]},{"@type":"WebSite","@id":"https:\/\/cem-instruments.de\/de\/#website","url":"https:\/\/cem-instruments.de\/de\/","name":"CEM Test Instruments GmbH","description":"CEM Test Instruments GmbH","publisher":{"@id":"https:\/\/cem-instruments.de\/de\/#organization"},"alternateName":"best partner for electronic instruments","potentialAction":[{"@type":"SearchAction","target":{"@type":"EntryPoint","urlTemplate":"https:\/\/cem-instruments.de\/de\/?s={search_term_string}"},"query-input":{"@type":"PropertyValueSpecification","valueRequired":true,"valueName":"search_term_string"}}],"inLanguage":"de"},{"@type":"Organization","@id":"https:\/\/cem-instruments.de\/de\/#organization","name":"CEM Test Instruments GmbH","url":"https:\/\/cem-instruments.de\/de\/","logo":{"@type":"ImageObject","inLanguage":"de","@id":"https:\/\/cem-instruments.de\/de\/#\/schema\/logo\/image\/","url":"https:\/\/res.cloudinary.com\/dathdmgqz\/images\/f_auto,q_auto\/v1728637129\/cropped-2024-10-11-10_57_57-cem-instruments.de-\u2013-CEM-instruments-GmbH\/cropped-2024-10-11-10_57_57-cem-instruments.de-\u2013-CEM-instruments-GmbH.jpg?_i=AA","contentUrl":"https:\/\/res.cloudinary.com\/dathdmgqz\/images\/f_auto,q_auto\/v1728637129\/cropped-2024-10-11-10_57_57-cem-instruments.de-\u2013-CEM-instruments-GmbH\/cropped-2024-10-11-10_57_57-cem-instruments.de-\u2013-CEM-instruments-GmbH.jpg?_i=AA","width":512,"height":512,"caption":"CEM Test Instruments GmbH"},"image":{"@id":"https:\/\/cem-instruments.de\/de\/#\/schema\/logo\/image\/"}}]}},"_links":{"self":[{"href":"https:\/\/cem-instruments.de\/de\/wp-json\/wp\/v2\/product\/31696","targetHints":{"allow":["GET"]}}],"collection":[{"href":"https:\/\/cem-instruments.de\/de\/wp-json\/wp\/v2\/product"}],"about":[{"href":"https:\/\/cem-instruments.de\/de\/wp-json\/wp\/v2\/types\/product"}],"version-history":[{"count":4,"href":"https:\/\/cem-instruments.de\/de\/wp-json\/wp\/v2\/product\/31696\/revisions"}],"predecessor-version":[{"id":32041,"href":"https:\/\/cem-instruments.de\/de\/wp-json\/wp\/v2\/product\/31696\/revisions\/32041"}],"wp:featuredmedia":[{"embeddable":true,"href":"https:\/\/cem-instruments.de\/de\/wp-json\/wp\/v2\/media\/31697"}],"wp:attachment":[{"href":"https:\/\/cem-instruments.de\/de\/wp-json\/wp\/v2\/media?parent=31696"}],"wp:term":[{"taxonomy":"product_brand","embeddable":true,"href":"https:\/\/cem-instruments.de\/de\/wp-json\/wp\/v2\/product_brand?post=31696"},{"taxonomy":"product_cat","embeddable":true,"href":"https:\/\/cem-instruments.de\/de\/wp-json\/wp\/v2\/product_cat?post=31696"},{"taxonomy":"product_tag","embeddable":true,"href":"https:\/\/cem-instruments.de\/de\/wp-json\/wp\/v2\/product_tag?post=31696"}],"curies":[{"name":"wp","href":"https:\/\/api.w.org\/{rel}","templated":true}]}}