{"id":31704,"date":"2024-10-29T10:56:07","date_gmt":"2024-10-29T09:56:07","guid":{"rendered":"https:\/\/cem-instruments.de\/de\/?post_type=product&#038;p=31704"},"modified":"2025-01-23T22:25:37","modified_gmt":"2025-01-23T21:25:37","slug":"pw3500e-energiespeicher","status":"publish","type":"product","link":"https:\/\/cem-instruments.de\/de\/product\/pw3500e-energiespeicher\/","title":{"rendered":"PW-3500E\/3500C\/3500U 3,5 kW All-in-One Einphasen-Solarenergiespeichersystem f\u00fcr Zuhause"},"content":{"rendered":"\t\t<div data-elementor-type=\"wp-post\" data-elementor-id=\"31704\" class=\"elementor elementor-31704\" data-elementor-post-type=\"product\">\n\t\t\t\t<div class=\"wd-negative-gap elementor-element elementor-element-5b4680c e-flex e-con-boxed e-con e-parent\" data-id=\"5b4680c\" data-element_type=\"container\">\n\t\t\t\t\t<div class=\"e-con-inner\">\n\t\t<div class=\"elementor-element elementor-element-000eb9d e-con-full e-flex e-con e-child\" data-id=\"000eb9d\" data-element_type=\"container\">\n\t\t<div class=\"elementor-element elementor-element-5dd82e0 e-con-full e-flex e-con e-child\" data-id=\"5dd82e0\" data-element_type=\"container\">\n\t\t<div class=\"elementor-element elementor-element-f7c3ff5 e-con-full e-flex e-con e-child\" data-id=\"f7c3ff5\" data-element_type=\"container\">\n\t\t\t\t<div class=\"elementor-element elementor-element-2bdfdd0 e-n-tabs-mobile elementor-widget elementor-widget-n-tabs\" data-id=\"2bdfdd0\" data-element_type=\"widget\" data-settings=\"{&quot;tabs_justify_horizontal&quot;:&quot;start&quot;,&quot;horizontal_scroll&quot;:&quot;disable&quot;}\" data-widget_type=\"nested-tabs.default\">\n\t\t\t\t<div class=\"elementor-widget-container\">\n\t\t\t\t\t\t\t<div class=\"e-n-tabs\" data-widget-number=\"46005712\" aria-label=\"Tabs. Open items with Enter or Space, close with Escape and navigate using the Arrow keys.\">\n\t\t\t<div class=\"e-n-tabs-heading\" role=\"tablist\">\n\t\t\t\t\t<button id=\"e-n-tab-title-460057121\" class=\"e-n-tab-title\" aria-selected=\"true\" data-tab-index=\"1\" role=\"tab\" tabindex=\"0\" aria-controls=\"e-n-tab-content-460057121\" style=\"--n-tabs-title-order: 1;\">\n\t\t\t\t\t\t<span class=\"e-n-tab-title-text\">\n\t\t\t\tDescription\t\t\t<\/span>\n\t\t<\/button>\n\t\t\t\t<button id=\"e-n-tab-title-460057122\" class=\"e-n-tab-title\" aria-selected=\"false\" data-tab-index=\"2\" role=\"tab\" tabindex=\"-1\" aria-controls=\"e-n-tab-content-460057122\" style=\"--n-tabs-title-order: 2;\">\n\t\t\t\t\t\t<span class=\"e-n-tab-title-text\">\n\t\t\t\tSpecification\t\t\t<\/span>\n\t\t<\/button>\n\t\t\t\t<button id=\"e-n-tab-title-460057123\" class=\"e-n-tab-title\" aria-selected=\"false\" data-tab-index=\"3\" role=\"tab\" tabindex=\"-1\" aria-controls=\"e-n-tab-content-460057123\" style=\"--n-tabs-title-order: 3;\">\n\t\t\t\t\t\t<span class=\"e-n-tab-title-text\">\n\t\t\t\tResources\t\t\t<\/span>\n\t\t<\/button>\n\t\t\t\t\t<\/div>\n\t\t\t<div class=\"e-n-tabs-content\">\n\t\t\t\t<div id=\"e-n-tab-content-460057121\" role=\"tabpanel\" aria-labelledby=\"e-n-tab-title-460057121\" data-tab-index=\"1\" style=\"--n-tabs-title-order: 1;\" class=\"e-active elementor-element elementor-element-c51b3c3 e-con-full e-flex e-con e-child\" data-id=\"c51b3c3\" data-element_type=\"container\">\n\t\t<div class=\"wd-negative-gap elementor-element elementor-element-c832c04 e-flex e-con-boxed e-con e-child\" data-id=\"c832c04\" data-element_type=\"container\">\n\t\t\t\t\t<div class=\"e-con-inner\">\n\t\t\t\t<div class=\"elementor-element elementor-element-6001f2d elementor-widget elementor-widget-wd_text_block\" data-id=\"6001f2d\" data-element_type=\"widget\" data-widget_type=\"wd_text_block.default\">\n\t\t\t\t<div class=\"elementor-widget-container\">\n\t\t\t\t\t\t\t<div class=\"wd-text-block reset-last-child text-left\">\n\t\t\t\n\t\t\t<p>Das Ger\u00e4t verf\u00fcgt \u00fcber vier Betriebsmodi:<\/p><ol><li><p><strong>Normalmodus<\/strong>: Die erste Priorit\u00e4t liegt in der Stromversorgung durch die Photovoltaikanlage, die zweite Priorit\u00e4t in der Versorgung der Batterie und schlie\u00dflich in der Versorgung des Stromnetzes.<\/p><\/li><li><p><strong>Sparmodus<\/strong>: Sie k\u00f6nnen \u00fcber den Bildschirm den Lade- und Entladezeitraum individuell anpassen und mehrere Gruppen einstellen.<\/p><\/li><li><p><strong>Erzwungener Lademodus<\/strong>: Das Stromnetz l\u00e4dt die Batterie, bis der Ladezustand (SoC) 100 % erreicht. Anschlie\u00dfend wird dieser Modus automatisch beendet.<\/p><\/li><li><p><strong>Erzwungener Entlademodus<\/strong>: Die Batterie versorgt die Last mit Strom. Sobald der SoC 20 % erreicht, wird dieser Modus automatisch beendet.<\/p><\/li><\/ol><p><strong>VORTEILE<\/strong><\/p><ul><li><strong>Flexible Kapazit\u00e4tsoptionen:<\/strong> 5 kWh bis 10 kWh<\/li><li><strong>Hervorragende Sicherheit:<\/strong> LiFePO4-Batterie, zertifiziert vom UL-Labor<\/li><li><strong>Kompatibilit\u00e4t:<\/strong> Kompatibel mit den meisten Markenwechselrichtern auf dem Markt<\/li><li><strong>Flexible Batteriepacks:<\/strong> Hochpr\u00e4zise Packtechnologie<\/li><li><strong>Lange Lebensdauer:<\/strong> Zykluslebensdauer &gt; 5000+<\/li><li><strong>Einfache Installation:<\/strong> Mit Bodenst\u00e4nder<\/li><li><strong>Modulares Design:<\/strong> F\u00fcr einfache Montage und Temperaturkontrolle<\/li><li><strong>Erweiterbare Kapazit\u00e4t:<\/strong> Nutzer k\u00f6nnen zus\u00e4tzliche Batterien kaufen, um die Kapazit\u00e4t von 5 kWh auf 10 kWh zu erh\u00f6hen.<\/li><\/ul>\n\t\t\t\t\t<\/div>\n\t\t\t\t\t\t<\/div>\n\t\t\t\t<\/div>\n\t\t\t\t\t<\/div>\n\t\t\t\t<\/div>\n\t\t\t\t<\/div>\n\t\t<div id=\"e-n-tab-content-460057122\" role=\"tabpanel\" aria-labelledby=\"e-n-tab-title-460057122\" data-tab-index=\"2\" style=\"--n-tabs-title-order: 2;\" class=\" elementor-element elementor-element-d016755 e-con-full e-flex e-con e-child\" data-id=\"d016755\" data-element_type=\"container\">\n\t\t<div class=\"wd-negative-gap elementor-element elementor-element-d552cc3 e-flex e-con-boxed e-con e-child\" data-id=\"d552cc3\" data-element_type=\"container\">\n\t\t\t\t\t<div class=\"e-con-inner\">\n\t\t\t\t<div class=\"elementor-element elementor-element-e020bbc elementor-widget elementor-widget-wd_image_or_svg\" data-id=\"e020bbc\" data-element_type=\"widget\" data-widget_type=\"wd_image_or_svg.default\">\n\t\t\t\t<div class=\"elementor-widget-container\">\n\t\t\t\t\t\n\t\t<div class=\"wd-image text-left\">\n\t\t\t\t\t\t\t\t<img width=\"644\" height=\"809\" data-public-id=\"energy solutions pic\/PW-3500E\/zgvxrqtnwqvbdwvyg1p6\/zgvxrqtnwqvbdwvyg1p6.png\" fetchpriority=\"high\" decoding=\"async\" src=\"https:\/\/res.cloudinary.com\/dathdmgqz\/images\/w_644,h_809,c_scale\/f_auto,q_auto\/v1730126405\/energy solutions pic\/PW-3500E\/zgvxrqtnwqvbdwvyg1p6\/zgvxrqtnwqvbdwvyg1p6.png?_i=AA\" class=\"attachment-full size-full wp-image-31708\" alt=\"\" data-format=\"png\" data-transformations=\"f_auto,q_auto\" data-version=\"1730126405\" data-seo=\"1\" data-responsive=\"1\" srcset=\"https:\/\/res.cloudinary.com\/dathdmgqz\/images\/w_644,h_809,c_scale\/f_auto,q_auto\/v1730126405\/energy solutions pic\/PW-3500E\/zgvxrqtnwqvbdwvyg1p6\/zgvxrqtnwqvbdwvyg1p6.png?_i=AA 644w, https:\/\/res.cloudinary.com\/dathdmgqz\/images\/w_448,h_562,c_scale\/f_auto,q_auto\/v1730126405\/energy solutions pic\/PW-3500E\/zgvxrqtnwqvbdwvyg1p6\/zgvxrqtnwqvbdwvyg1p6.png?_i=AA 448w, https:\/\/res.cloudinary.com\/dathdmgqz\/images\/w_248,h_311,c_scale\/f_auto,q_auto\/v1730126405\/energy solutions pic\/PW-3500E\/zgvxrqtnwqvbdwvyg1p6\/zgvxrqtnwqvbdwvyg1p6.png?_i=AA 248w\" sizes=\"(max-width: 644px) 100vw, 644px\" \/>\t\t\t\t\t<\/div>\n\n\t\t\t\t\t\t<\/div>\n\t\t\t\t<\/div>\n\t\t\t\t\t<\/div>\n\t\t\t\t<\/div>\n\t\t\t\t<\/div>\n\t\t<div id=\"e-n-tab-content-460057123\" role=\"tabpanel\" aria-labelledby=\"e-n-tab-title-460057123\" data-tab-index=\"3\" style=\"--n-tabs-title-order: 3;\" class=\" elementor-element elementor-element-1fd1985 e-con-full e-flex e-con e-child\" data-id=\"1fd1985\" data-element_type=\"container\">\n\t\t<div class=\"elementor-element elementor-element-d8a5424 e-con-full e-flex e-con e-child\" data-id=\"d8a5424\" data-element_type=\"container\">\n\t\t\t\t<div class=\"elementor-element elementor-element-5f4a9f3 elementor-widget elementor-widget-wd_list\" data-id=\"5f4a9f3\" data-element_type=\"widget\" data-widget_type=\"wd_list.default\">\n\t\t\t\t<div class=\"elementor-widget-container\">\n\t\t\t\t\t\t\t<ul class=\"wd-list color-scheme- wd-fontsize-xs wd-type-icon wd-style-default text-left\">\n\t\t\t\t\t\t\t\t\t\t\t<li class=\"elementor-repeater-item-fe163c2\">\n\t\t\t\t\t\t\t\t\t\t\t<span class=\"wd-icon\"><svg class=\"e-font-icon-svg e-fas-star\" viewBox=\"0 0 576 512\" xmlns=\"http:\/\/www.w3.org\/2000\/svg\"><path d=\"M259.3 17.8L194 150.2 47.9 171.5c-26.2 3.8-36.7 36.1-17.7 54.6l105.7 103-25 145.5c-4.5 26.3 23.2 46 46.4 33.7L288 439.6l130.7 68.7c23.2 12.2 50.9-7.4 46.4-33.7l-25-145.5 105.7-103c19-18.5 8.5-50.8-17.7-54.6L382 150.2 316.7 17.8c-11.7-23.6-45.6-23.9-57.4 0z\"><\/path><\/svg><\/span>\t\t\t\t\t\n\t\t\t\t\t<span class=\"wd-list-content list-content\">\n\t\t\t\t\t\tapplication note\t\t\t\t\t<\/span>\n\n\t\t\t\t\t\t\t\t\t<\/li>\n\t\t\t\t\t<\/ul>\n\n\t\t\t\t\t\t<\/div>\n\t\t\t\t<\/div>\n\t\t\t\t<div class=\"elementor-element elementor-element-a672524 elementor-widget elementor-widget-wd_list\" data-id=\"a672524\" data-element_type=\"widget\" data-widget_type=\"wd_list.default\">\n\t\t\t\t<div class=\"elementor-widget-container\">\n\t\t\t\t\t\t\t<ul class=\"wd-list color-scheme-custom wd-fontsize-xs wd-type-icon wd-style-default text-left\">\n\t\t\t\t\t\t\t\t\t\t\t<li class=\"elementor-repeater-item-fe163c2\">\n\t\t\t\t\t\t\t\t\t\t\t<span class=\"wd-icon\"><svg class=\"e-font-icon-svg e-fas-star\" viewBox=\"0 0 576 512\" xmlns=\"http:\/\/www.w3.org\/2000\/svg\"><path d=\"M259.3 17.8L194 150.2 47.9 171.5c-26.2 3.8-36.7 36.1-17.7 54.6l105.7 103-25 145.5c-4.5 26.3 23.2 46 46.4 33.7L288 439.6l130.7 68.7c23.2 12.2 50.9-7.4 46.4-33.7l-25-145.5 105.7-103c19-18.5 8.5-50.8-17.7-54.6L382 150.2 316.7 17.8c-11.7-23.6-45.6-23.9-57.4 0z\"><\/path><\/svg><\/span>\t\t\t\t\t\n\t\t\t\t\t<span class=\"wd-list-content list-content\">\n\t\t\t\t\t\tdatasheet\t\t\t\t\t<\/span>\n\n\t\t\t\t\t\t\t\t\t<\/li>\n\t\t\t\t\t\t\t\t\t\t\t<li class=\"elementor-repeater-item-66113ab\">\n\t\t\t\t\t\t\t\t\t\t\t<span class=\"wd-icon\"><svg class=\"e-font-icon-svg e-fas-star\" viewBox=\"0 0 576 512\" xmlns=\"http:\/\/www.w3.org\/2000\/svg\"><path d=\"M259.3 17.8L194 150.2 47.9 171.5c-26.2 3.8-36.7 36.1-17.7 54.6l105.7 103-25 145.5c-4.5 26.3 23.2 46 46.4 33.7L288 439.6l130.7 68.7c23.2 12.2 50.9-7.4 46.4-33.7l-25-145.5 105.7-103c19-18.5 8.5-50.8-17.7-54.6L382 150.2 316.7 17.8c-11.7-23.6-45.6-23.9-57.4 0z\"><\/path><\/svg><\/span>\t\t\t\t\t\n\t\t\t\t\t<span class=\"wd-list-content list-content\">\n\t\t\t\t\t\tuser manual\t\t\t\t\t<\/span>\n\n\t\t\t\t\t\t\t\t\t<\/li>\n\t\t\t\t\t<\/ul>\n\n\t\t\t\t\t\t<\/div>\n\t\t\t\t<\/div>\n\t\t\t\t<\/div>\n\t\t<div class=\"elementor-element elementor-element-d334a05 e-con-full e-flex e-con e-child\" data-id=\"d334a05\" data-element_type=\"container\">\n\t\t\t\t<\/div>\n\t\t\t\t<\/div>\n\t\t\t\t\t<\/div>\n\t\t<\/div>\n\t\t\t\t\t\t<\/div>\n\t\t\t\t<\/div>\n\t\t\t\t<\/div>\n\t\t\t\t<\/div>\n\t\t\t\t<\/div>\n\t\t\t\t\t<\/div>\n\t\t\t\t<\/div>\n\t\t\t\t<\/div>\n\t\t","protected":false},"excerpt":{"rendered":"<p>Das Ger\u00e4t verf\u00fcgt \u00fcber vier Betriebsmodi:<\/p>\n<ol>\n<li><strong>Normalmodus<\/strong>: Die erste Priorit\u00e4t liegt in der Stromversorgung durch die Photovoltaikanlage, die zweite Priorit\u00e4t in der Versorgung der Batterie und schlie\u00dflich in der Versorgung des Stromnetzes.<\/li>\n<li><strong>Sparmodus<\/strong>: Sie k\u00f6nnen \u00fcber den Bildschirm den Lade- und Entladezeitraum individuell anpassen und mehrere Gruppen einstellen.<\/li>\n<li><strong>Erzwungener Lademodus<\/strong>: Das Stromnetz l\u00e4dt die Batterie, bis der Ladezustand (SoC) 100 % erreicht. Anschlie\u00dfend wird dieser Modus automatisch beendet.<\/li>\n<li><strong>Erzwungener Entlademodus<\/strong>: Die Batterie versorgt die Last mit Strom. Sobald der SoC 20 % erreicht, wird dieser Modus automatisch beendet.<\/li>\n<\/ol>\n","protected":false},"featured_media":31705,"template":"","meta":{"_cloudinary_featured_overwrite":false},"product_brand":[],"product_cat":[385,435],"product_tag":[],"class_list":{"0":"post-31704","1":"product","2":"type-product","3":"status-publish","4":"has-post-thumbnail","6":"product_cat-energy_solutions","7":"product_cat-energy_storage","9":"first","10":"instock","11":"shipping-taxable","12":"product-type-simple"},"yoast_head":"<!-- This site is optimized with the Yoast SEO plugin v24.3 - https:\/\/yoast.com\/wordpress\/plugins\/seo\/ -->\n<title>PW-3500E\/3500C\/3500U 3,5 kW All-in-One Einphasen-Solarenergiespeichersystem f\u00fcr Zuhause - CEM Test Instruments GmbH<\/title>\n<meta name=\"description\" content=\"All-in-One Einphasen-Solarenergiespeichersystem f\u00fcr Zuhause\" \/>\n<meta name=\"robots\" content=\"index, follow, max-snippet:-1, max-image-preview:large, max-video-preview:-1\" \/>\n<link rel=\"canonical\" href=\"https:\/\/cem-instruments.de\/de\/product\/pw3500e-energiespeicher\/\" \/>\n<meta property=\"og:locale\" content=\"de_DE\" \/>\n<meta property=\"og:type\" content=\"article\" \/>\n<meta property=\"og:title\" content=\"PW-3500E\/3500C\/3500U 3,5 kW All-in-One Einphasen-Solarenergiespeichersystem f\u00fcr Zuhause - CEM Test Instruments GmbH\" \/>\n<meta property=\"og:description\" content=\"All-in-One Einphasen-Solarenergiespeichersystem f\u00fcr Zuhause\" \/>\n<meta property=\"og:url\" content=\"https:\/\/cem-instruments.de\/de\/product\/pw3500e-energiespeicher\/\" \/>\n<meta property=\"og:site_name\" content=\"CEM Test Instruments GmbH\" \/>\n<meta property=\"article:modified_time\" content=\"2025-01-23T21:25:37+00:00\" \/>\n<meta property=\"og:image\" content=\"https:\/\/res.cloudinary.com\/dathdmgqz\/images\/f_auto,q_auto\/v1730126405\/energy solutions pic\/PW-3500E\/p18yiuxscdrmdt8pnvbg\/p18yiuxscdrmdt8pnvbg.jpg?_i=AA\" \/>\n\t<meta property=\"og:image:width\" content=\"540\" \/>\n\t<meta property=\"og:image:height\" content=\"720\" \/>\n\t<meta property=\"og:image:type\" content=\"image\/jpeg\" \/>\n<meta name=\"twitter:card\" content=\"summary_large_image\" \/>\n<meta name=\"twitter:label1\" content=\"Gesch\u00e4tzte Lesezeit\" \/>\n\t<meta name=\"twitter:data1\" content=\"3\u00a0Minuten\" \/>\n<script type=\"application\/ld+json\" class=\"yoast-schema-graph\">{\"@context\":\"https:\/\/schema.org\",\"@graph\":[{\"@type\":\"WebPage\",\"@id\":\"https:\/\/cem-instruments.de\/de\/product\/pw3500e-energiespeicher\/\",\"url\":\"https:\/\/cem-instruments.de\/de\/product\/pw3500e-energiespeicher\/\",\"name\":\"PW-3500E\/3500C\/3500U 3,5 kW All-in-One Einphasen-Solarenergiespeichersystem f\u00fcr Zuhause - CEM Test Instruments GmbH\",\"isPartOf\":{\"@id\":\"https:\/\/cem-instruments.de\/de\/#website\"},\"primaryImageOfPage\":{\"@id\":\"https:\/\/cem-instruments.de\/de\/product\/pw3500e-energiespeicher\/#primaryimage\"},\"image\":{\"@id\":\"https:\/\/cem-instruments.de\/de\/product\/pw3500e-energiespeicher\/#primaryimage\"},\"thumbnailUrl\":\"https:\/\/res.cloudinary.com\/dathdmgqz\/images\/f_auto,q_auto\/v1730126405\/energy solutions pic\/PW-3500E\/p18yiuxscdrmdt8pnvbg\/p18yiuxscdrmdt8pnvbg.jpg?_i=AA\",\"datePublished\":\"2024-10-29T09:56:07+00:00\",\"dateModified\":\"2025-01-23T21:25:37+00:00\",\"description\":\"All-in-One Einphasen-Solarenergiespeichersystem f\u00fcr Zuhause\",\"breadcrumb\":{\"@id\":\"https:\/\/cem-instruments.de\/de\/product\/pw3500e-energiespeicher\/#breadcrumb\"},\"inLanguage\":\"de\",\"potentialAction\":[{\"@type\":\"ReadAction\",\"target\":[\"https:\/\/cem-instruments.de\/de\/product\/pw3500e-energiespeicher\/\"]}]},{\"@type\":\"ImageObject\",\"inLanguage\":\"de\",\"@id\":\"https:\/\/cem-instruments.de\/de\/product\/pw3500e-energiespeicher\/#primaryimage\",\"url\":\"https:\/\/res.cloudinary.com\/dathdmgqz\/images\/f_auto,q_auto\/v1730126405\/energy solutions pic\/PW-3500E\/p18yiuxscdrmdt8pnvbg\/p18yiuxscdrmdt8pnvbg.jpg?_i=AA\",\"contentUrl\":\"https:\/\/res.cloudinary.com\/dathdmgqz\/images\/f_auto,q_auto\/v1730126405\/energy solutions pic\/PW-3500E\/p18yiuxscdrmdt8pnvbg\/p18yiuxscdrmdt8pnvbg.jpg?_i=AA\",\"width\":540,\"height\":720},{\"@type\":\"BreadcrumbList\",\"@id\":\"https:\/\/cem-instruments.de\/de\/product\/pw3500e-energiespeicher\/#breadcrumb\",\"itemListElement\":[{\"@type\":\"ListItem\",\"position\":1,\"name\":\"Home\",\"item\":\"https:\/\/cem-instruments.de\/de\/\"},{\"@type\":\"ListItem\",\"position\":2,\"name\":\"Products\",\"item\":\"https:\/\/cem-instruments.de\/de\/shop\/\"},{\"@type\":\"ListItem\",\"position\":3,\"name\":\"PW-3500E\/3500C\/3500U 3,5 kW All-in-One Einphasen-Solarenergiespeichersystem f\u00fcr Zuhause\"}]},{\"@type\":\"WebSite\",\"@id\":\"https:\/\/cem-instruments.de\/de\/#website\",\"url\":\"https:\/\/cem-instruments.de\/de\/\",\"name\":\"CEM Test Instruments GmbH\",\"description\":\"CEM Test Instruments GmbH\",\"publisher\":{\"@id\":\"https:\/\/cem-instruments.de\/de\/#organization\"},\"alternateName\":\"best partner for electronic instruments\",\"potentialAction\":[{\"@type\":\"SearchAction\",\"target\":{\"@type\":\"EntryPoint\",\"urlTemplate\":\"https:\/\/cem-instruments.de\/de\/?s={search_term_string}\"},\"query-input\":{\"@type\":\"PropertyValueSpecification\",\"valueRequired\":true,\"valueName\":\"search_term_string\"}}],\"inLanguage\":\"de\"},{\"@type\":\"Organization\",\"@id\":\"https:\/\/cem-instruments.de\/de\/#organization\",\"name\":\"CEM Test Instruments GmbH\",\"url\":\"https:\/\/cem-instruments.de\/de\/\",\"logo\":{\"@type\":\"ImageObject\",\"inLanguage\":\"de\",\"@id\":\"https:\/\/cem-instruments.de\/de\/#\/schema\/logo\/image\/\",\"url\":\"https:\/\/res.cloudinary.com\/dathdmgqz\/images\/f_auto,q_auto\/v1728637129\/cropped-2024-10-11-10_57_57-cem-instruments.de-\u2013-CEM-instruments-GmbH\/cropped-2024-10-11-10_57_57-cem-instruments.de-\u2013-CEM-instruments-GmbH.jpg?_i=AA\",\"contentUrl\":\"https:\/\/res.cloudinary.com\/dathdmgqz\/images\/f_auto,q_auto\/v1728637129\/cropped-2024-10-11-10_57_57-cem-instruments.de-\u2013-CEM-instruments-GmbH\/cropped-2024-10-11-10_57_57-cem-instruments.de-\u2013-CEM-instruments-GmbH.jpg?_i=AA\",\"width\":512,\"height\":512,\"caption\":\"CEM Test Instruments GmbH\"},\"image\":{\"@id\":\"https:\/\/cem-instruments.de\/de\/#\/schema\/logo\/image\/\"}}]}<\/script>\n<!-- \/ Yoast SEO plugin. -->","yoast_head_json":{"title":"PW-3500E\/3500C\/3500U 3,5 kW All-in-One Einphasen-Solarenergiespeichersystem f\u00fcr Zuhause - CEM Test Instruments GmbH","description":"All-in-One Einphasen-Solarenergiespeichersystem f\u00fcr Zuhause","robots":{"index":"index","follow":"follow","max-snippet":"max-snippet:-1","max-image-preview":"max-image-preview:large","max-video-preview":"max-video-preview:-1"},"canonical":"https:\/\/cem-instruments.de\/de\/product\/pw3500e-energiespeicher\/","og_locale":"de_DE","og_type":"article","og_title":"PW-3500E\/3500C\/3500U 3,5 kW All-in-One Einphasen-Solarenergiespeichersystem f\u00fcr Zuhause - CEM Test Instruments GmbH","og_description":"All-in-One Einphasen-Solarenergiespeichersystem f\u00fcr Zuhause","og_url":"https:\/\/cem-instruments.de\/de\/product\/pw3500e-energiespeicher\/","og_site_name":"CEM Test Instruments GmbH","article_modified_time":"2025-01-23T21:25:37+00:00","og_image":[{"width":540,"height":720,"url":"https:\/\/res.cloudinary.com\/dathdmgqz\/images\/f_auto,q_auto\/v1730126405\/energy solutions pic\/PW-3500E\/p18yiuxscdrmdt8pnvbg\/p18yiuxscdrmdt8pnvbg.jpg?_i=AA","type":"image\/jpeg"}],"twitter_card":"summary_large_image","twitter_misc":{"Gesch\u00e4tzte Lesezeit":"3\u00a0Minuten"},"schema":{"@context":"https:\/\/schema.org","@graph":[{"@type":"WebPage","@id":"https:\/\/cem-instruments.de\/de\/product\/pw3500e-energiespeicher\/","url":"https:\/\/cem-instruments.de\/de\/product\/pw3500e-energiespeicher\/","name":"PW-3500E\/3500C\/3500U 3,5 kW All-in-One Einphasen-Solarenergiespeichersystem f\u00fcr Zuhause - CEM Test Instruments GmbH","isPartOf":{"@id":"https:\/\/cem-instruments.de\/de\/#website"},"primaryImageOfPage":{"@id":"https:\/\/cem-instruments.de\/de\/product\/pw3500e-energiespeicher\/#primaryimage"},"image":{"@id":"https:\/\/cem-instruments.de\/de\/product\/pw3500e-energiespeicher\/#primaryimage"},"thumbnailUrl":"https:\/\/res.cloudinary.com\/dathdmgqz\/images\/f_auto,q_auto\/v1730126405\/energy solutions pic\/PW-3500E\/p18yiuxscdrmdt8pnvbg\/p18yiuxscdrmdt8pnvbg.jpg?_i=AA","datePublished":"2024-10-29T09:56:07+00:00","dateModified":"2025-01-23T21:25:37+00:00","description":"All-in-One Einphasen-Solarenergiespeichersystem f\u00fcr Zuhause","breadcrumb":{"@id":"https:\/\/cem-instruments.de\/de\/product\/pw3500e-energiespeicher\/#breadcrumb"},"inLanguage":"de","potentialAction":[{"@type":"ReadAction","target":["https:\/\/cem-instruments.de\/de\/product\/pw3500e-energiespeicher\/"]}]},{"@type":"ImageObject","inLanguage":"de","@id":"https:\/\/cem-instruments.de\/de\/product\/pw3500e-energiespeicher\/#primaryimage","url":"https:\/\/res.cloudinary.com\/dathdmgqz\/images\/f_auto,q_auto\/v1730126405\/energy solutions pic\/PW-3500E\/p18yiuxscdrmdt8pnvbg\/p18yiuxscdrmdt8pnvbg.jpg?_i=AA","contentUrl":"https:\/\/res.cloudinary.com\/dathdmgqz\/images\/f_auto,q_auto\/v1730126405\/energy solutions pic\/PW-3500E\/p18yiuxscdrmdt8pnvbg\/p18yiuxscdrmdt8pnvbg.jpg?_i=AA","width":540,"height":720},{"@type":"BreadcrumbList","@id":"https:\/\/cem-instruments.de\/de\/product\/pw3500e-energiespeicher\/#breadcrumb","itemListElement":[{"@type":"ListItem","position":1,"name":"Home","item":"https:\/\/cem-instruments.de\/de\/"},{"@type":"ListItem","position":2,"name":"Products","item":"https:\/\/cem-instruments.de\/de\/shop\/"},{"@type":"ListItem","position":3,"name":"PW-3500E\/3500C\/3500U 3,5 kW All-in-One Einphasen-Solarenergiespeichersystem f\u00fcr Zuhause"}]},{"@type":"WebSite","@id":"https:\/\/cem-instruments.de\/de\/#website","url":"https:\/\/cem-instruments.de\/de\/","name":"CEM Test Instruments GmbH","description":"CEM Test Instruments GmbH","publisher":{"@id":"https:\/\/cem-instruments.de\/de\/#organization"},"alternateName":"best partner for electronic instruments","potentialAction":[{"@type":"SearchAction","target":{"@type":"EntryPoint","urlTemplate":"https:\/\/cem-instruments.de\/de\/?s={search_term_string}"},"query-input":{"@type":"PropertyValueSpecification","valueRequired":true,"valueName":"search_term_string"}}],"inLanguage":"de"},{"@type":"Organization","@id":"https:\/\/cem-instruments.de\/de\/#organization","name":"CEM Test Instruments GmbH","url":"https:\/\/cem-instruments.de\/de\/","logo":{"@type":"ImageObject","inLanguage":"de","@id":"https:\/\/cem-instruments.de\/de\/#\/schema\/logo\/image\/","url":"https:\/\/res.cloudinary.com\/dathdmgqz\/images\/f_auto,q_auto\/v1728637129\/cropped-2024-10-11-10_57_57-cem-instruments.de-\u2013-CEM-instruments-GmbH\/cropped-2024-10-11-10_57_57-cem-instruments.de-\u2013-CEM-instruments-GmbH.jpg?_i=AA","contentUrl":"https:\/\/res.cloudinary.com\/dathdmgqz\/images\/f_auto,q_auto\/v1728637129\/cropped-2024-10-11-10_57_57-cem-instruments.de-\u2013-CEM-instruments-GmbH\/cropped-2024-10-11-10_57_57-cem-instruments.de-\u2013-CEM-instruments-GmbH.jpg?_i=AA","width":512,"height":512,"caption":"CEM Test Instruments GmbH"},"image":{"@id":"https:\/\/cem-instruments.de\/de\/#\/schema\/logo\/image\/"}}]}},"_links":{"self":[{"href":"https:\/\/cem-instruments.de\/de\/wp-json\/wp\/v2\/product\/31704","targetHints":{"allow":["GET"]}}],"collection":[{"href":"https:\/\/cem-instruments.de\/de\/wp-json\/wp\/v2\/product"}],"about":[{"href":"https:\/\/cem-instruments.de\/de\/wp-json\/wp\/v2\/types\/product"}],"version-history":[{"count":5,"href":"https:\/\/cem-instruments.de\/de\/wp-json\/wp\/v2\/product\/31704\/revisions"}],"predecessor-version":[{"id":32033,"href":"https:\/\/cem-instruments.de\/de\/wp-json\/wp\/v2\/product\/31704\/revisions\/32033"}],"wp:featuredmedia":[{"embeddable":true,"href":"https:\/\/cem-instruments.de\/de\/wp-json\/wp\/v2\/media\/31705"}],"wp:attachment":[{"href":"https:\/\/cem-instruments.de\/de\/wp-json\/wp\/v2\/media?parent=31704"}],"wp:term":[{"taxonomy":"product_brand","embeddable":true,"href":"https:\/\/cem-instruments.de\/de\/wp-json\/wp\/v2\/product_brand?post=31704"},{"taxonomy":"product_cat","embeddable":true,"href":"https:\/\/cem-instruments.de\/de\/wp-json\/wp\/v2\/product_cat?post=31704"},{"taxonomy":"product_tag","embeddable":true,"href":"https:\/\/cem-instruments.de\/de\/wp-json\/wp\/v2\/product_tag?post=31704"}],"curies":[{"name":"wp","href":"https:\/\/api.w.org\/{rel}","templated":true}]}}