{"id":31712,"date":"2024-10-29T11:00:07","date_gmt":"2024-10-29T10:00:07","guid":{"rendered":"https:\/\/cem-instruments.de\/de\/?post_type=product&#038;p=31712"},"modified":"2025-01-23T22:19:28","modified_gmt":"2025-01-23T21:19:28","slug":"bt-50h-serie-batterie","status":"publish","type":"product","link":"https:\/\/cem-instruments.de\/de\/product\/bt-50h-serie-batterie\/","title":{"rendered":"BT-50H-Serie Niederspannungs-Batteriesystem"},"content":{"rendered":"\t\t<div data-elementor-type=\"wp-post\" data-elementor-id=\"31712\" class=\"elementor elementor-31712\" data-elementor-post-type=\"product\">\n\t\t\t\t<div class=\"wd-negative-gap elementor-element elementor-element-ed9d283 e-flex e-con-boxed e-con e-parent\" data-id=\"ed9d283\" data-element_type=\"container\">\n\t\t\t\t\t<div class=\"e-con-inner\">\n\t\t<div class=\"elementor-element elementor-element-a0f9aa4 e-con-full e-flex e-con e-child\" data-id=\"a0f9aa4\" data-element_type=\"container\">\n\t\t<div class=\"elementor-element elementor-element-a6ddb58 e-con-full e-flex e-con e-child\" data-id=\"a6ddb58\" data-element_type=\"container\">\n\t\t<div class=\"elementor-element elementor-element-986b893 e-con-full e-flex e-con e-child\" data-id=\"986b893\" data-element_type=\"container\">\n\t\t\t\t<div class=\"elementor-element elementor-element-c6c3a1f e-n-tabs-mobile elementor-widget elementor-widget-n-tabs\" data-id=\"c6c3a1f\" data-element_type=\"widget\" data-settings=\"{&quot;tabs_justify_horizontal&quot;:&quot;start&quot;,&quot;horizontal_scroll&quot;:&quot;disable&quot;}\" data-widget_type=\"nested-tabs.default\">\n\t\t\t\t<div class=\"elementor-widget-container\">\n\t\t\t\t\t\t\t<div class=\"e-n-tabs\" data-widget-number=\"208419359\" aria-label=\"Tabs. Open items with Enter or Space, close with Escape and navigate using the Arrow keys.\">\n\t\t\t<div class=\"e-n-tabs-heading\" role=\"tablist\">\n\t\t\t\t\t<button id=\"e-n-tab-title-2084193591\" class=\"e-n-tab-title\" aria-selected=\"true\" data-tab-index=\"1\" role=\"tab\" tabindex=\"0\" aria-controls=\"e-n-tab-content-2084193591\" style=\"--n-tabs-title-order: 1;\">\n\t\t\t\t\t\t<span class=\"e-n-tab-title-text\">\n\t\t\t\tDescription\t\t\t<\/span>\n\t\t<\/button>\n\t\t\t\t<button id=\"e-n-tab-title-2084193592\" class=\"e-n-tab-title\" aria-selected=\"false\" data-tab-index=\"2\" role=\"tab\" tabindex=\"-1\" aria-controls=\"e-n-tab-content-2084193592\" style=\"--n-tabs-title-order: 2;\">\n\t\t\t\t\t\t<span class=\"e-n-tab-title-text\">\n\t\t\t\tSpecification\t\t\t<\/span>\n\t\t<\/button>\n\t\t\t\t<button id=\"e-n-tab-title-2084193593\" class=\"e-n-tab-title\" aria-selected=\"false\" data-tab-index=\"3\" role=\"tab\" tabindex=\"-1\" aria-controls=\"e-n-tab-content-2084193593\" style=\"--n-tabs-title-order: 3;\">\n\t\t\t\t\t\t<span class=\"e-n-tab-title-text\">\n\t\t\t\tResources\t\t\t<\/span>\n\t\t<\/button>\n\t\t\t\t\t<\/div>\n\t\t\t<div class=\"e-n-tabs-content\">\n\t\t\t\t<div id=\"e-n-tab-content-2084193591\" role=\"tabpanel\" aria-labelledby=\"e-n-tab-title-2084193591\" data-tab-index=\"1\" style=\"--n-tabs-title-order: 1;\" class=\"e-active elementor-element elementor-element-528e8e1 e-con-full e-flex e-con e-child\" data-id=\"528e8e1\" data-element_type=\"container\">\n\t\t<div class=\"wd-negative-gap elementor-element elementor-element-0801493 e-flex e-con-boxed e-con e-child\" data-id=\"0801493\" data-element_type=\"container\">\n\t\t\t\t\t<div class=\"e-con-inner\">\n\t\t\t\t<div class=\"elementor-element elementor-element-f641bf5 elementor-widget elementor-widget-wd_text_block\" data-id=\"f641bf5\" data-element_type=\"widget\" data-widget_type=\"wd_text_block.default\">\n\t\t\t\t<div class=\"elementor-widget-container\">\n\t\t\t\t\t\t\t<div class=\"wd-text-block reset-last-child text-left\">\n\t\t\t\n\t\t\t<p>Die BT-50H-Serie der Batteriespeicherl\u00f6sung ist mit den EH- und ET-Wechselrichtern kompatibel. Sie bietet einen breiten Kapazit\u00e4tsbereich von 5,12 kWh bis 10,24 kWh und stellt umfassende Energiespeicheroptionen bereit, um anspruchsvolle Systemanforderungen zu erf\u00fcllen \u2013 von der Optimierung des Eigenverbrauchs bis hin zur Nutzung als Notstromversorgung. Die stapelbaren, selbst-erkennenden Module machen das System besonders einfach zu installieren und zu warten. Gleichzeitig sorgt die zuverl\u00e4ssige Lithium-Eisen-Phosphat (LFP)-Batteriezellentechnologie f\u00fcr maximale Sicherheit und eine l\u00e4ngere Lebensdauer.<\/p>\n\t\t\t\t\t<\/div>\n\t\t\t\t\t\t<\/div>\n\t\t\t\t<\/div>\n\t\t\t\t\t<\/div>\n\t\t\t\t<\/div>\n\t\t\t\t<\/div>\n\t\t<div id=\"e-n-tab-content-2084193592\" role=\"tabpanel\" aria-labelledby=\"e-n-tab-title-2084193592\" data-tab-index=\"2\" style=\"--n-tabs-title-order: 2;\" class=\" elementor-element elementor-element-c67131e e-con-full e-flex e-con e-child\" data-id=\"c67131e\" data-element_type=\"container\">\n\t\t<div class=\"wd-negative-gap elementor-element elementor-element-495a6a9 e-flex e-con-boxed e-con e-child\" data-id=\"495a6a9\" data-element_type=\"container\">\n\t\t\t\t\t<div class=\"e-con-inner\">\n\t\t\t\t<div class=\"elementor-element elementor-element-8824220 elementor-widget elementor-widget-wd_image_or_svg\" data-id=\"8824220\" data-element_type=\"widget\" data-widget_type=\"wd_image_or_svg.default\">\n\t\t\t\t<div class=\"elementor-widget-container\">\n\t\t\t\t\t\n\t\t<div class=\"wd-image text-left\">\n\t\t\t\t\t\t\t\t<img width=\"773\" height=\"425\" data-public-id=\"energy solutions pic\/BT-50H\/h1vv94q6dsguu7y1qbtr\/h1vv94q6dsguu7y1qbtr.png\" fetchpriority=\"high\" decoding=\"async\" src=\"https:\/\/res.cloudinary.com\/dathdmgqz\/images\/w_773,h_425,c_scale\/f_auto,q_auto\/v1730126403\/energy solutions pic\/BT-50H\/h1vv94q6dsguu7y1qbtr\/h1vv94q6dsguu7y1qbtr.png?_i=AA\" class=\"attachment-full size-full wp-image-31715\" alt=\"\" data-format=\"png\" data-transformations=\"f_auto,q_auto\" data-version=\"1730126403\" data-seo=\"1\" data-responsive=\"1\" srcset=\"https:\/\/res.cloudinary.com\/dathdmgqz\/images\/w_773,h_425,c_scale\/f_auto,q_auto\/v1730126403\/energy solutions pic\/BT-50H\/h1vv94q6dsguu7y1qbtr\/h1vv94q6dsguu7y1qbtr.png?_i=AA 773w, https:\/\/res.cloudinary.com\/dathdmgqz\/images\/w_648,h_356,c_scale\/f_auto,q_auto\/v1730126403\/energy solutions pic\/BT-50H\/h1vv94q6dsguu7y1qbtr\/h1vv94q6dsguu7y1qbtr.png?_i=AA 648w, https:\/\/res.cloudinary.com\/dathdmgqz\/images\/w_448,h_246,c_scale\/f_auto,q_auto\/v1730126403\/energy solutions pic\/BT-50H\/h1vv94q6dsguu7y1qbtr\/h1vv94q6dsguu7y1qbtr.png?_i=AA 448w, https:\/\/res.cloudinary.com\/dathdmgqz\/images\/w_248,h_136,c_scale\/f_auto,q_auto\/v1730126403\/energy solutions pic\/BT-50H\/h1vv94q6dsguu7y1qbtr\/h1vv94q6dsguu7y1qbtr.png?_i=AA 248w\" sizes=\"(max-width: 773px) 100vw, 773px\" \/>\t\t\t\t\t<\/div>\n\n\t\t\t\t\t\t<\/div>\n\t\t\t\t<\/div>\n\t\t\t\t\t<\/div>\n\t\t\t\t<\/div>\n\t\t\t\t<\/div>\n\t\t<div id=\"e-n-tab-content-2084193593\" role=\"tabpanel\" aria-labelledby=\"e-n-tab-title-2084193593\" data-tab-index=\"3\" style=\"--n-tabs-title-order: 3;\" class=\" elementor-element elementor-element-33ac11e e-con-full e-flex e-con e-child\" data-id=\"33ac11e\" data-element_type=\"container\">\n\t\t<div class=\"elementor-element elementor-element-57dee3d e-con-full e-flex e-con e-child\" data-id=\"57dee3d\" data-element_type=\"container\">\n\t\t\t\t<div class=\"elementor-element elementor-element-6b8dec1 elementor-widget elementor-widget-wd_list\" data-id=\"6b8dec1\" data-element_type=\"widget\" data-widget_type=\"wd_list.default\">\n\t\t\t\t<div class=\"elementor-widget-container\">\n\t\t\t\t\t\t\t<ul class=\"wd-list color-scheme- wd-fontsize-xs wd-type-icon wd-style-default text-left\">\n\t\t\t\t\t\t\t\t\t\t\t<li class=\"elementor-repeater-item-fe163c2\">\n\t\t\t\t\t\t\t\t\t\t\t<span class=\"wd-icon\"><svg class=\"e-font-icon-svg e-fas-star\" viewBox=\"0 0 576 512\" xmlns=\"http:\/\/www.w3.org\/2000\/svg\"><path d=\"M259.3 17.8L194 150.2 47.9 171.5c-26.2 3.8-36.7 36.1-17.7 54.6l105.7 103-25 145.5c-4.5 26.3 23.2 46 46.4 33.7L288 439.6l130.7 68.7c23.2 12.2 50.9-7.4 46.4-33.7l-25-145.5 105.7-103c19-18.5 8.5-50.8-17.7-54.6L382 150.2 316.7 17.8c-11.7-23.6-45.6-23.9-57.4 0z\"><\/path><\/svg><\/span>\t\t\t\t\t\n\t\t\t\t\t<span class=\"wd-list-content list-content\">\n\t\t\t\t\t\tapplication note\t\t\t\t\t<\/span>\n\n\t\t\t\t\t\t\t\t\t<\/li>\n\t\t\t\t\t<\/ul>\n\n\t\t\t\t\t\t<\/div>\n\t\t\t\t<\/div>\n\t\t\t\t<div class=\"elementor-element elementor-element-7a7d308 elementor-widget elementor-widget-wd_list\" data-id=\"7a7d308\" data-element_type=\"widget\" data-widget_type=\"wd_list.default\">\n\t\t\t\t<div class=\"elementor-widget-container\">\n\t\t\t\t\t\t\t<ul class=\"wd-list color-scheme-custom wd-fontsize-xs wd-type-icon wd-style-default text-left\">\n\t\t\t\t\t\t\t\t\t\t\t<li class=\"elementor-repeater-item-fe163c2\">\n\t\t\t\t\t\t\t\t\t\t\t<span class=\"wd-icon\"><svg class=\"e-font-icon-svg e-fas-star\" viewBox=\"0 0 576 512\" xmlns=\"http:\/\/www.w3.org\/2000\/svg\"><path d=\"M259.3 17.8L194 150.2 47.9 171.5c-26.2 3.8-36.7 36.1-17.7 54.6l105.7 103-25 145.5c-4.5 26.3 23.2 46 46.4 33.7L288 439.6l130.7 68.7c23.2 12.2 50.9-7.4 46.4-33.7l-25-145.5 105.7-103c19-18.5 8.5-50.8-17.7-54.6L382 150.2 316.7 17.8c-11.7-23.6-45.6-23.9-57.4 0z\"><\/path><\/svg><\/span>\t\t\t\t\t\n\t\t\t\t\t<span class=\"wd-list-content list-content\">\n\t\t\t\t\t\tdatasheet\t\t\t\t\t<\/span>\n\n\t\t\t\t\t\t\t\t\t<\/li>\n\t\t\t\t\t\t\t\t\t\t\t<li class=\"elementor-repeater-item-66113ab\">\n\t\t\t\t\t\t\t\t\t\t\t<span class=\"wd-icon\"><svg class=\"e-font-icon-svg e-fas-star\" viewBox=\"0 0 576 512\" xmlns=\"http:\/\/www.w3.org\/2000\/svg\"><path d=\"M259.3 17.8L194 150.2 47.9 171.5c-26.2 3.8-36.7 36.1-17.7 54.6l105.7 103-25 145.5c-4.5 26.3 23.2 46 46.4 33.7L288 439.6l130.7 68.7c23.2 12.2 50.9-7.4 46.4-33.7l-25-145.5 105.7-103c19-18.5 8.5-50.8-17.7-54.6L382 150.2 316.7 17.8c-11.7-23.6-45.6-23.9-57.4 0z\"><\/path><\/svg><\/span>\t\t\t\t\t\n\t\t\t\t\t<span class=\"wd-list-content list-content\">\n\t\t\t\t\t\tuser manual\t\t\t\t\t<\/span>\n\n\t\t\t\t\t\t\t\t\t<\/li>\n\t\t\t\t\t<\/ul>\n\n\t\t\t\t\t\t<\/div>\n\t\t\t\t<\/div>\n\t\t\t\t<\/div>\n\t\t<div class=\"elementor-element elementor-element-3271224 e-con-full e-flex e-con e-child\" data-id=\"3271224\" data-element_type=\"container\">\n\t\t\t\t<\/div>\n\t\t\t\t<\/div>\n\t\t\t\t\t<\/div>\n\t\t<\/div>\n\t\t\t\t\t\t<\/div>\n\t\t\t\t<\/div>\n\t\t\t\t<\/div>\n\t\t\t\t<\/div>\n\t\t\t\t<\/div>\n\t\t\t\t\t<\/div>\n\t\t\t\t<\/div>\n\t\t\t\t<\/div>\n\t\t","protected":false},"excerpt":{"rendered":"<p>Die BT-50H-Serie der Batteriespeicherl\u00f6sung ist mit den EH- und ET-Wechselrichtern kompatibel. Sie bietet einen breiten Kapazit\u00e4tsbereich von 5,12 kWh bis 10,24 kWh und stellt umfassende Energiespeicheroptionen bereit, um anspruchsvolle Systemanforderungen zu erf\u00fcllen \u2013 von der Optimierung des Eigenverbrauchs bis hin zur Nutzung als Notstromversorgung. Die stapelbaren, selbst-erkennenden Module machen das System besonders einfach zu installieren und zu warten. Gleichzeitig sorgt die zuverl\u00e4ssige Lithium-Eisen-Phosphat (LFP)-Batteriezellentechnologie f\u00fcr maximale Sicherheit und eine l\u00e4ngere Lebensdauer.<\/p>\n","protected":false},"featured_media":31713,"template":"","meta":{"_cloudinary_featured_overwrite":false},"product_brand":[],"product_cat":[385,435],"product_tag":[],"class_list":{"0":"post-31712","1":"product","2":"type-product","3":"status-publish","4":"has-post-thumbnail","6":"product_cat-energy_solutions","7":"product_cat-energy_storage","9":"first","10":"instock","11":"shipping-taxable","12":"product-type-simple"},"yoast_head":"<!-- This site is optimized with the Yoast SEO plugin v24.3 - https:\/\/yoast.com\/wordpress\/plugins\/seo\/ -->\n<title>BT-50H-Serie Niederspannungs-Batteriesystem - CEM Test Instruments GmbH<\/title>\n<meta name=\"description\" content=\"Die BT-50H-Serie der Batteriespeicherl\u00f6sung ist mit den EH- und ET-Wechselrichtern kompatibel. Sie bietet einen breiten Kapazit\u00e4tsbereich von 5,12 kWh bis 10,24 kWh und stellt umfassende Energiespeicheroptionen bereit, um anspruchsvolle Systemanforderungen zu erf\u00fcllen \u2013 von der Optimierung des Eigenverbrauchs bis hin zur Nutzung als Notstromversorgung. Die stapelbaren, selbst-erkennenden Module machen das System besonders einfach zu installieren und zu warten. Gleichzeitig sorgt die zuverl\u00e4ssige Lithium-Eisen-Phosphat (LFP)-Batteriezellentechnologie f\u00fcr maximale Sicherheit und eine l\u00e4ngere Lebensdauer.\" \/>\n<meta name=\"robots\" content=\"index, follow, max-snippet:-1, max-image-preview:large, max-video-preview:-1\" \/>\n<link rel=\"canonical\" href=\"https:\/\/cem-instruments.de\/de\/product\/bt-50h-serie-batterie\/\" \/>\n<meta property=\"og:locale\" content=\"de_DE\" \/>\n<meta property=\"og:type\" content=\"article\" \/>\n<meta property=\"og:title\" content=\"BT-50H-Serie Niederspannungs-Batteriesystem - CEM Test Instruments GmbH\" \/>\n<meta property=\"og:description\" content=\"Die BT-50H-Serie der Batteriespeicherl\u00f6sung ist mit den EH- und ET-Wechselrichtern kompatibel. Sie bietet einen breiten Kapazit\u00e4tsbereich von 5,12 kWh bis 10,24 kWh und stellt umfassende Energiespeicheroptionen bereit, um anspruchsvolle Systemanforderungen zu erf\u00fcllen \u2013 von der Optimierung des Eigenverbrauchs bis hin zur Nutzung als Notstromversorgung. Die stapelbaren, selbst-erkennenden Module machen das System besonders einfach zu installieren und zu warten. Gleichzeitig sorgt die zuverl\u00e4ssige Lithium-Eisen-Phosphat (LFP)-Batteriezellentechnologie f\u00fcr maximale Sicherheit und eine l\u00e4ngere Lebensdauer.\" \/>\n<meta property=\"og:url\" content=\"https:\/\/cem-instruments.de\/de\/product\/bt-50h-serie-batterie\/\" \/>\n<meta property=\"og:site_name\" content=\"CEM Test Instruments GmbH\" \/>\n<meta property=\"article:modified_time\" content=\"2025-01-23T21:19:28+00:00\" \/>\n<meta property=\"og:image\" content=\"https:\/\/res.cloudinary.com\/dathdmgqz\/images\/f_auto,q_auto\/v1730126403\/energy solutions pic\/BT-50H\/gr1mid77px4jhb7rdqlm\/gr1mid77px4jhb7rdqlm.jpg?_i=AA\" \/>\n\t<meta property=\"og:image:width\" content=\"540\" \/>\n\t<meta property=\"og:image:height\" content=\"720\" \/>\n\t<meta property=\"og:image:type\" content=\"image\/jpeg\" \/>\n<meta name=\"twitter:card\" content=\"summary_large_image\" \/>\n<meta name=\"twitter:label1\" content=\"Gesch\u00e4tzte Lesezeit\" \/>\n\t<meta name=\"twitter:data1\" content=\"2\u00a0Minuten\" \/>\n<script type=\"application\/ld+json\" class=\"yoast-schema-graph\">{\"@context\":\"https:\/\/schema.org\",\"@graph\":[{\"@type\":\"WebPage\",\"@id\":\"https:\/\/cem-instruments.de\/de\/product\/bt-50h-serie-batterie\/\",\"url\":\"https:\/\/cem-instruments.de\/de\/product\/bt-50h-serie-batterie\/\",\"name\":\"BT-50H-Serie Niederspannungs-Batteriesystem - CEM Test Instruments GmbH\",\"isPartOf\":{\"@id\":\"https:\/\/cem-instruments.de\/de\/#website\"},\"primaryImageOfPage\":{\"@id\":\"https:\/\/cem-instruments.de\/de\/product\/bt-50h-serie-batterie\/#primaryimage\"},\"image\":{\"@id\":\"https:\/\/cem-instruments.de\/de\/product\/bt-50h-serie-batterie\/#primaryimage\"},\"thumbnailUrl\":\"https:\/\/res.cloudinary.com\/dathdmgqz\/images\/f_auto,q_auto\/v1730126403\/energy solutions pic\/BT-50H\/gr1mid77px4jhb7rdqlm\/gr1mid77px4jhb7rdqlm.jpg?_i=AA\",\"datePublished\":\"2024-10-29T10:00:07+00:00\",\"dateModified\":\"2025-01-23T21:19:28+00:00\",\"description\":\"Die BT-50H-Serie der Batteriespeicherl\u00f6sung ist mit den EH- und ET-Wechselrichtern kompatibel. Sie bietet einen breiten Kapazit\u00e4tsbereich von 5,12 kWh bis 10,24 kWh und stellt umfassende Energiespeicheroptionen bereit, um anspruchsvolle Systemanforderungen zu erf\u00fcllen \u2013 von der Optimierung des Eigenverbrauchs bis hin zur Nutzung als Notstromversorgung. Die stapelbaren, selbst-erkennenden Module machen das System besonders einfach zu installieren und zu warten. Gleichzeitig sorgt die zuverl\u00e4ssige Lithium-Eisen-Phosphat (LFP)-Batteriezellentechnologie f\u00fcr maximale Sicherheit und eine l\u00e4ngere Lebensdauer.\",\"breadcrumb\":{\"@id\":\"https:\/\/cem-instruments.de\/de\/product\/bt-50h-serie-batterie\/#breadcrumb\"},\"inLanguage\":\"de\",\"potentialAction\":[{\"@type\":\"ReadAction\",\"target\":[\"https:\/\/cem-instruments.de\/de\/product\/bt-50h-serie-batterie\/\"]}]},{\"@type\":\"ImageObject\",\"inLanguage\":\"de\",\"@id\":\"https:\/\/cem-instruments.de\/de\/product\/bt-50h-serie-batterie\/#primaryimage\",\"url\":\"https:\/\/res.cloudinary.com\/dathdmgqz\/images\/f_auto,q_auto\/v1730126403\/energy solutions pic\/BT-50H\/gr1mid77px4jhb7rdqlm\/gr1mid77px4jhb7rdqlm.jpg?_i=AA\",\"contentUrl\":\"https:\/\/res.cloudinary.com\/dathdmgqz\/images\/f_auto,q_auto\/v1730126403\/energy solutions pic\/BT-50H\/gr1mid77px4jhb7rdqlm\/gr1mid77px4jhb7rdqlm.jpg?_i=AA\",\"width\":540,\"height\":720},{\"@type\":\"BreadcrumbList\",\"@id\":\"https:\/\/cem-instruments.de\/de\/product\/bt-50h-serie-batterie\/#breadcrumb\",\"itemListElement\":[{\"@type\":\"ListItem\",\"position\":1,\"name\":\"Home\",\"item\":\"https:\/\/cem-instruments.de\/de\/\"},{\"@type\":\"ListItem\",\"position\":2,\"name\":\"Products\",\"item\":\"https:\/\/cem-instruments.de\/de\/shop\/\"},{\"@type\":\"ListItem\",\"position\":3,\"name\":\"BT-50H-Serie Niederspannungs-Batteriesystem\"}]},{\"@type\":\"WebSite\",\"@id\":\"https:\/\/cem-instruments.de\/de\/#website\",\"url\":\"https:\/\/cem-instruments.de\/de\/\",\"name\":\"CEM Test Instruments GmbH\",\"description\":\"CEM Test Instruments GmbH\",\"publisher\":{\"@id\":\"https:\/\/cem-instruments.de\/de\/#organization\"},\"alternateName\":\"best partner for electronic instruments\",\"potentialAction\":[{\"@type\":\"SearchAction\",\"target\":{\"@type\":\"EntryPoint\",\"urlTemplate\":\"https:\/\/cem-instruments.de\/de\/?s={search_term_string}\"},\"query-input\":{\"@type\":\"PropertyValueSpecification\",\"valueRequired\":true,\"valueName\":\"search_term_string\"}}],\"inLanguage\":\"de\"},{\"@type\":\"Organization\",\"@id\":\"https:\/\/cem-instruments.de\/de\/#organization\",\"name\":\"CEM Test Instruments GmbH\",\"url\":\"https:\/\/cem-instruments.de\/de\/\",\"logo\":{\"@type\":\"ImageObject\",\"inLanguage\":\"de\",\"@id\":\"https:\/\/cem-instruments.de\/de\/#\/schema\/logo\/image\/\",\"url\":\"https:\/\/res.cloudinary.com\/dathdmgqz\/images\/f_auto,q_auto\/v1728637129\/cropped-2024-10-11-10_57_57-cem-instruments.de-\u2013-CEM-instruments-GmbH\/cropped-2024-10-11-10_57_57-cem-instruments.de-\u2013-CEM-instruments-GmbH.jpg?_i=AA\",\"contentUrl\":\"https:\/\/res.cloudinary.com\/dathdmgqz\/images\/f_auto,q_auto\/v1728637129\/cropped-2024-10-11-10_57_57-cem-instruments.de-\u2013-CEM-instruments-GmbH\/cropped-2024-10-11-10_57_57-cem-instruments.de-\u2013-CEM-instruments-GmbH.jpg?_i=AA\",\"width\":512,\"height\":512,\"caption\":\"CEM Test Instruments GmbH\"},\"image\":{\"@id\":\"https:\/\/cem-instruments.de\/de\/#\/schema\/logo\/image\/\"}}]}<\/script>\n<!-- \/ Yoast SEO plugin. -->","yoast_head_json":{"title":"BT-50H-Serie Niederspannungs-Batteriesystem - CEM Test Instruments GmbH","description":"Die BT-50H-Serie der Batteriespeicherl\u00f6sung ist mit den EH- und ET-Wechselrichtern kompatibel. Sie bietet einen breiten Kapazit\u00e4tsbereich von 5,12 kWh bis 10,24 kWh und stellt umfassende Energiespeicheroptionen bereit, um anspruchsvolle Systemanforderungen zu erf\u00fcllen \u2013 von der Optimierung des Eigenverbrauchs bis hin zur Nutzung als Notstromversorgung. Die stapelbaren, selbst-erkennenden Module machen das System besonders einfach zu installieren und zu warten. Gleichzeitig sorgt die zuverl\u00e4ssige Lithium-Eisen-Phosphat (LFP)-Batteriezellentechnologie f\u00fcr maximale Sicherheit und eine l\u00e4ngere Lebensdauer.","robots":{"index":"index","follow":"follow","max-snippet":"max-snippet:-1","max-image-preview":"max-image-preview:large","max-video-preview":"max-video-preview:-1"},"canonical":"https:\/\/cem-instruments.de\/de\/product\/bt-50h-serie-batterie\/","og_locale":"de_DE","og_type":"article","og_title":"BT-50H-Serie Niederspannungs-Batteriesystem - CEM Test Instruments GmbH","og_description":"Die BT-50H-Serie der Batteriespeicherl\u00f6sung ist mit den EH- und ET-Wechselrichtern kompatibel. Sie bietet einen breiten Kapazit\u00e4tsbereich von 5,12 kWh bis 10,24 kWh und stellt umfassende Energiespeicheroptionen bereit, um anspruchsvolle Systemanforderungen zu erf\u00fcllen \u2013 von der Optimierung des Eigenverbrauchs bis hin zur Nutzung als Notstromversorgung. Die stapelbaren, selbst-erkennenden Module machen das System besonders einfach zu installieren und zu warten. Gleichzeitig sorgt die zuverl\u00e4ssige Lithium-Eisen-Phosphat (LFP)-Batteriezellentechnologie f\u00fcr maximale Sicherheit und eine l\u00e4ngere Lebensdauer.","og_url":"https:\/\/cem-instruments.de\/de\/product\/bt-50h-serie-batterie\/","og_site_name":"CEM Test Instruments GmbH","article_modified_time":"2025-01-23T21:19:28+00:00","og_image":[{"width":540,"height":720,"url":"https:\/\/res.cloudinary.com\/dathdmgqz\/images\/f_auto,q_auto\/v1730126403\/energy solutions pic\/BT-50H\/gr1mid77px4jhb7rdqlm\/gr1mid77px4jhb7rdqlm.jpg?_i=AA","type":"image\/jpeg"}],"twitter_card":"summary_large_image","twitter_misc":{"Gesch\u00e4tzte Lesezeit":"2\u00a0Minuten"},"schema":{"@context":"https:\/\/schema.org","@graph":[{"@type":"WebPage","@id":"https:\/\/cem-instruments.de\/de\/product\/bt-50h-serie-batterie\/","url":"https:\/\/cem-instruments.de\/de\/product\/bt-50h-serie-batterie\/","name":"BT-50H-Serie Niederspannungs-Batteriesystem - CEM Test Instruments GmbH","isPartOf":{"@id":"https:\/\/cem-instruments.de\/de\/#website"},"primaryImageOfPage":{"@id":"https:\/\/cem-instruments.de\/de\/product\/bt-50h-serie-batterie\/#primaryimage"},"image":{"@id":"https:\/\/cem-instruments.de\/de\/product\/bt-50h-serie-batterie\/#primaryimage"},"thumbnailUrl":"https:\/\/res.cloudinary.com\/dathdmgqz\/images\/f_auto,q_auto\/v1730126403\/energy solutions pic\/BT-50H\/gr1mid77px4jhb7rdqlm\/gr1mid77px4jhb7rdqlm.jpg?_i=AA","datePublished":"2024-10-29T10:00:07+00:00","dateModified":"2025-01-23T21:19:28+00:00","description":"Die BT-50H-Serie der Batteriespeicherl\u00f6sung ist mit den EH- und ET-Wechselrichtern kompatibel. Sie bietet einen breiten Kapazit\u00e4tsbereich von 5,12 kWh bis 10,24 kWh und stellt umfassende Energiespeicheroptionen bereit, um anspruchsvolle Systemanforderungen zu erf\u00fcllen \u2013 von der Optimierung des Eigenverbrauchs bis hin zur Nutzung als Notstromversorgung. Die stapelbaren, selbst-erkennenden Module machen das System besonders einfach zu installieren und zu warten. Gleichzeitig sorgt die zuverl\u00e4ssige Lithium-Eisen-Phosphat (LFP)-Batteriezellentechnologie f\u00fcr maximale Sicherheit und eine l\u00e4ngere Lebensdauer.","breadcrumb":{"@id":"https:\/\/cem-instruments.de\/de\/product\/bt-50h-serie-batterie\/#breadcrumb"},"inLanguage":"de","potentialAction":[{"@type":"ReadAction","target":["https:\/\/cem-instruments.de\/de\/product\/bt-50h-serie-batterie\/"]}]},{"@type":"ImageObject","inLanguage":"de","@id":"https:\/\/cem-instruments.de\/de\/product\/bt-50h-serie-batterie\/#primaryimage","url":"https:\/\/res.cloudinary.com\/dathdmgqz\/images\/f_auto,q_auto\/v1730126403\/energy solutions pic\/BT-50H\/gr1mid77px4jhb7rdqlm\/gr1mid77px4jhb7rdqlm.jpg?_i=AA","contentUrl":"https:\/\/res.cloudinary.com\/dathdmgqz\/images\/f_auto,q_auto\/v1730126403\/energy solutions pic\/BT-50H\/gr1mid77px4jhb7rdqlm\/gr1mid77px4jhb7rdqlm.jpg?_i=AA","width":540,"height":720},{"@type":"BreadcrumbList","@id":"https:\/\/cem-instruments.de\/de\/product\/bt-50h-serie-batterie\/#breadcrumb","itemListElement":[{"@type":"ListItem","position":1,"name":"Home","item":"https:\/\/cem-instruments.de\/de\/"},{"@type":"ListItem","position":2,"name":"Products","item":"https:\/\/cem-instruments.de\/de\/shop\/"},{"@type":"ListItem","position":3,"name":"BT-50H-Serie Niederspannungs-Batteriesystem"}]},{"@type":"WebSite","@id":"https:\/\/cem-instruments.de\/de\/#website","url":"https:\/\/cem-instruments.de\/de\/","name":"CEM Test Instruments GmbH","description":"CEM Test Instruments GmbH","publisher":{"@id":"https:\/\/cem-instruments.de\/de\/#organization"},"alternateName":"best partner for electronic instruments","potentialAction":[{"@type":"SearchAction","target":{"@type":"EntryPoint","urlTemplate":"https:\/\/cem-instruments.de\/de\/?s={search_term_string}"},"query-input":{"@type":"PropertyValueSpecification","valueRequired":true,"valueName":"search_term_string"}}],"inLanguage":"de"},{"@type":"Organization","@id":"https:\/\/cem-instruments.de\/de\/#organization","name":"CEM Test Instruments GmbH","url":"https:\/\/cem-instruments.de\/de\/","logo":{"@type":"ImageObject","inLanguage":"de","@id":"https:\/\/cem-instruments.de\/de\/#\/schema\/logo\/image\/","url":"https:\/\/res.cloudinary.com\/dathdmgqz\/images\/f_auto,q_auto\/v1728637129\/cropped-2024-10-11-10_57_57-cem-instruments.de-\u2013-CEM-instruments-GmbH\/cropped-2024-10-11-10_57_57-cem-instruments.de-\u2013-CEM-instruments-GmbH.jpg?_i=AA","contentUrl":"https:\/\/res.cloudinary.com\/dathdmgqz\/images\/f_auto,q_auto\/v1728637129\/cropped-2024-10-11-10_57_57-cem-instruments.de-\u2013-CEM-instruments-GmbH\/cropped-2024-10-11-10_57_57-cem-instruments.de-\u2013-CEM-instruments-GmbH.jpg?_i=AA","width":512,"height":512,"caption":"CEM Test Instruments GmbH"},"image":{"@id":"https:\/\/cem-instruments.de\/de\/#\/schema\/logo\/image\/"}}]}},"_links":{"self":[{"href":"https:\/\/cem-instruments.de\/de\/wp-json\/wp\/v2\/product\/31712","targetHints":{"allow":["GET"]}}],"collection":[{"href":"https:\/\/cem-instruments.de\/de\/wp-json\/wp\/v2\/product"}],"about":[{"href":"https:\/\/cem-instruments.de\/de\/wp-json\/wp\/v2\/types\/product"}],"version-history":[{"count":8,"href":"https:\/\/cem-instruments.de\/de\/wp-json\/wp\/v2\/product\/31712\/revisions"}],"predecessor-version":[{"id":32027,"href":"https:\/\/cem-instruments.de\/de\/wp-json\/wp\/v2\/product\/31712\/revisions\/32027"}],"wp:featuredmedia":[{"embeddable":true,"href":"https:\/\/cem-instruments.de\/de\/wp-json\/wp\/v2\/media\/31713"}],"wp:attachment":[{"href":"https:\/\/cem-instruments.de\/de\/wp-json\/wp\/v2\/media?parent=31712"}],"wp:term":[{"taxonomy":"product_brand","embeddable":true,"href":"https:\/\/cem-instruments.de\/de\/wp-json\/wp\/v2\/product_brand?post=31712"},{"taxonomy":"product_cat","embeddable":true,"href":"https:\/\/cem-instruments.de\/de\/wp-json\/wp\/v2\/product_cat?post=31712"},{"taxonomy":"product_tag","embeddable":true,"href":"https:\/\/cem-instruments.de\/de\/wp-json\/wp\/v2\/product_tag?post=31712"}],"curies":[{"name":"wp","href":"https:\/\/api.w.org\/{rel}","templated":true}]}}