{"id":31719,"date":"2024-10-29T11:03:07","date_gmt":"2024-10-29T10:03:07","guid":{"rendered":"https:\/\/cem-instruments.de\/de\/?post_type=product&#038;p=31719"},"modified":"2025-01-23T22:27:56","modified_gmt":"2025-01-23T21:27:56","slug":"ev230-efahrzeug-ladestation","status":"publish","type":"product","link":"https:\/\/cem-instruments.de\/de\/product\/ev230-efahrzeug-ladestation\/","title":{"rendered":"EV-230 Serie AC-Elektrofahrzeug-Ladestation"},"content":{"rendered":"\t\t<div data-elementor-type=\"wp-post\" data-elementor-id=\"31719\" class=\"elementor elementor-31719\" data-elementor-post-type=\"product\">\n\t\t\t\t<div class=\"wd-negative-gap elementor-element elementor-element-559a6b0 e-flex e-con-boxed e-con e-parent\" data-id=\"559a6b0\" data-element_type=\"container\">\n\t\t\t\t\t<div class=\"e-con-inner\">\n\t\t<div class=\"elementor-element elementor-element-1932e0a e-con-full e-flex e-con e-child\" data-id=\"1932e0a\" data-element_type=\"container\">\n\t\t<div class=\"elementor-element elementor-element-3bd3cae e-con-full e-flex e-con e-child\" data-id=\"3bd3cae\" data-element_type=\"container\">\n\t\t<div class=\"elementor-element elementor-element-14bd7e6 e-con-full e-flex e-con e-child\" data-id=\"14bd7e6\" data-element_type=\"container\">\n\t\t\t\t<div class=\"elementor-element elementor-element-7190a2b e-n-tabs-mobile elementor-widget elementor-widget-n-tabs\" data-id=\"7190a2b\" data-element_type=\"widget\" data-settings=\"{&quot;tabs_justify_horizontal&quot;:&quot;start&quot;,&quot;horizontal_scroll&quot;:&quot;disable&quot;}\" data-widget_type=\"nested-tabs.default\">\n\t\t\t\t<div class=\"elementor-widget-container\">\n\t\t\t\t\t\t\t<div class=\"e-n-tabs\" data-widget-number=\"119081515\" aria-label=\"Tabs. Open items with Enter or Space, close with Escape and navigate using the Arrow keys.\">\n\t\t\t<div class=\"e-n-tabs-heading\" role=\"tablist\">\n\t\t\t\t\t<button id=\"e-n-tab-title-1190815151\" class=\"e-n-tab-title\" aria-selected=\"true\" data-tab-index=\"1\" role=\"tab\" tabindex=\"0\" aria-controls=\"e-n-tab-content-1190815151\" style=\"--n-tabs-title-order: 1;\">\n\t\t\t\t\t\t<span class=\"e-n-tab-title-text\">\n\t\t\t\tDescription\t\t\t<\/span>\n\t\t<\/button>\n\t\t\t\t<button id=\"e-n-tab-title-1190815152\" class=\"e-n-tab-title\" aria-selected=\"false\" data-tab-index=\"2\" role=\"tab\" tabindex=\"-1\" aria-controls=\"e-n-tab-content-1190815152\" style=\"--n-tabs-title-order: 2;\">\n\t\t\t\t\t\t<span class=\"e-n-tab-title-text\">\n\t\t\t\tSpecification\t\t\t<\/span>\n\t\t<\/button>\n\t\t\t\t<button id=\"e-n-tab-title-1190815153\" class=\"e-n-tab-title\" aria-selected=\"false\" data-tab-index=\"3\" role=\"tab\" tabindex=\"-1\" aria-controls=\"e-n-tab-content-1190815153\" style=\"--n-tabs-title-order: 3;\">\n\t\t\t\t\t\t<span class=\"e-n-tab-title-text\">\n\t\t\t\tResources\t\t\t<\/span>\n\t\t<\/button>\n\t\t\t\t\t<\/div>\n\t\t\t<div class=\"e-n-tabs-content\">\n\t\t\t\t<div id=\"e-n-tab-content-1190815151\" role=\"tabpanel\" aria-labelledby=\"e-n-tab-title-1190815151\" data-tab-index=\"1\" style=\"--n-tabs-title-order: 1;\" class=\"e-active elementor-element elementor-element-75c7682 e-con-full e-flex e-con e-child\" data-id=\"75c7682\" data-element_type=\"container\">\n\t\t<div class=\"wd-negative-gap elementor-element elementor-element-7f63c8f e-flex e-con-boxed e-con e-child\" data-id=\"7f63c8f\" data-element_type=\"container\">\n\t\t\t\t\t<div class=\"e-con-inner\">\n\t\t\t\t<div class=\"elementor-element elementor-element-1d54fc2 elementor-widget elementor-widget-wd_text_block\" data-id=\"1d54fc2\" data-element_type=\"widget\" data-widget_type=\"wd_text_block.default\">\n\t\t\t\t<div class=\"elementor-widget-container\">\n\t\t\t\t\t\t\t<div class=\"wd-text-block reset-last-child text-left\">\n\t\t\t\n\t\t\t<div class=\"flex-shrink-0 flex flex-col relative items-end\"><div><div class=\"pt-0\"><div class=\"gizmo-bot-avatar flex h-8 w-8 items-center justify-center overflow-hidden rounded-full\"><div class=\"relative p-1 rounded-sm flex items-center justify-center bg-token-main-surface-primary text-token-text-primary h-8 w-8\">Ein einfaches, erschwingliches Ladeger\u00e4t f\u00fcr zu Hause oder den gewerblichen Einsatz, ideal zum Laden aller Fahrzeuge, die mit Typ 1 und Typ 2 kompatibel sind, sowohl zu Hause als auch am Arbeitsplatz. Typ 2 Ladesockel mit 32 Ampere (7,2 kW), einfach zu installieren und zu warten, IP65 wetterfest bewertet, was als die h\u00f6chste Wetterfestigkeit f\u00fcr Heim-Ladeger\u00e4te gilt, korrosionsbest\u00e4ndig, UV-stabilisiert, \u00e4u\u00dferst langlebig, mit eingebautem \u00dcberlast- und Stromschutz.<\/div><div>\u00a0<\/div><div class=\"relative p-1 rounded-sm flex items-center justify-center bg-token-main-surface-primary text-token-text-primary h-8 w-8\"><strong>Merkmale<\/strong><\/div><div>\u00a0<\/div><\/div><\/div><\/div><\/div><ul><li>Hergestellt aus hochwertigem und strapazierf\u00e4higem PC-Material, das Kabel und Stecker sicher an ihrem Platz h\u00e4lt.<\/li><li>Matte Oberfl\u00e4che, staubfrei, elegantes, modernes Design das ganze Jahr \u00fcber.<\/li><li>Der Ladeanschluss klickt einfach ein, um eine erfolgreiche, frei h\u00e4ngende Befestigung anzuzeigen.<\/li><li>Die LED-Anzeigelampen am Ladekabel zeigen Ihnen den Status Ihres Fahrzeugs \u00fcber drei verschiedene Ladelevel hinweg. Sie warnt Sie, wenn ein Fehler entdeckt wird, sodass Sie das Problem sofort beheben k\u00f6nnen.<\/li><li>Schnelle und einfache Installation.<\/li><\/ul>\n\t\t\t\t\t<\/div>\n\t\t\t\t\t\t<\/div>\n\t\t\t\t<\/div>\n\t\t\t\t\t<\/div>\n\t\t\t\t<\/div>\n\t\t\t\t<\/div>\n\t\t<div id=\"e-n-tab-content-1190815152\" role=\"tabpanel\" aria-labelledby=\"e-n-tab-title-1190815152\" data-tab-index=\"2\" style=\"--n-tabs-title-order: 2;\" class=\" elementor-element elementor-element-2ffcc05 e-con-full e-flex e-con e-child\" data-id=\"2ffcc05\" data-element_type=\"container\">\n\t\t<div class=\"wd-negative-gap elementor-element elementor-element-2ba2be3 e-flex e-con-boxed e-con e-child\" data-id=\"2ba2be3\" data-element_type=\"container\">\n\t\t\t\t\t<div class=\"e-con-inner\">\n\t\t\t\t<div class=\"elementor-element elementor-element-66dd22c elementor-widget elementor-widget-wd_image_or_svg\" data-id=\"66dd22c\" data-element_type=\"widget\" data-widget_type=\"wd_image_or_svg.default\">\n\t\t\t\t<div class=\"elementor-widget-container\">\n\t\t\t\t\t\n\t\t<div class=\"wd-image text-left\">\n\t\t\t\t\t\t\t\t<img width=\"780\" height=\"450\" data-public-id=\"energy solutions pic\/EV-230\/rt3lo8jijag5rm8dfvmx\/rt3lo8jijag5rm8dfvmx.png\" fetchpriority=\"high\" decoding=\"async\" src=\"https:\/\/res.cloudinary.com\/dathdmgqz\/images\/w_780,h_450,c_scale\/f_auto,q_auto\/v1730126403\/energy solutions pic\/EV-230\/rt3lo8jijag5rm8dfvmx\/rt3lo8jijag5rm8dfvmx.png?_i=AA\" class=\"attachment-full size-full wp-image-31723\" alt=\"\" data-format=\"png\" data-transformations=\"f_auto,q_auto\" data-version=\"1730126403\" data-seo=\"1\" data-responsive=\"1\" srcset=\"https:\/\/res.cloudinary.com\/dathdmgqz\/images\/w_780,h_450,c_scale\/f_auto,q_auto\/v1730126403\/energy solutions pic\/EV-230\/rt3lo8jijag5rm8dfvmx\/rt3lo8jijag5rm8dfvmx.png?_i=AA 780w, https:\/\/res.cloudinary.com\/dathdmgqz\/images\/w_648,h_373,c_scale\/f_auto,q_auto\/v1730126403\/energy solutions pic\/EV-230\/rt3lo8jijag5rm8dfvmx\/rt3lo8jijag5rm8dfvmx.png?_i=AA 648w, https:\/\/res.cloudinary.com\/dathdmgqz\/images\/w_448,h_258,c_scale\/f_auto,q_auto\/v1730126403\/energy solutions pic\/EV-230\/rt3lo8jijag5rm8dfvmx\/rt3lo8jijag5rm8dfvmx.png?_i=AA 448w, https:\/\/res.cloudinary.com\/dathdmgqz\/images\/w_248,h_143,c_scale\/f_auto,q_auto\/v1730126403\/energy solutions pic\/EV-230\/rt3lo8jijag5rm8dfvmx\/rt3lo8jijag5rm8dfvmx.png?_i=AA 248w\" sizes=\"(max-width: 780px) 100vw, 780px\" \/>\t\t\t\t\t<\/div>\n\n\t\t\t\t\t\t<\/div>\n\t\t\t\t<\/div>\n\t\t\t\t\t<\/div>\n\t\t\t\t<\/div>\n\t\t\t\t<\/div>\n\t\t<div id=\"e-n-tab-content-1190815153\" role=\"tabpanel\" aria-labelledby=\"e-n-tab-title-1190815153\" data-tab-index=\"3\" style=\"--n-tabs-title-order: 3;\" class=\" elementor-element elementor-element-c653411 e-con-full e-flex e-con e-child\" data-id=\"c653411\" data-element_type=\"container\">\n\t\t<div class=\"elementor-element elementor-element-3c1bd73 e-con-full e-flex e-con e-child\" data-id=\"3c1bd73\" data-element_type=\"container\">\n\t\t\t\t<div class=\"elementor-element elementor-element-66410f3 elementor-widget elementor-widget-wd_list\" data-id=\"66410f3\" data-element_type=\"widget\" data-widget_type=\"wd_list.default\">\n\t\t\t\t<div class=\"elementor-widget-container\">\n\t\t\t\t\t\t\t<ul class=\"wd-list color-scheme- wd-fontsize-xs wd-type-icon wd-style-default text-left\">\n\t\t\t\t\t\t\t\t\t\t\t<li class=\"elementor-repeater-item-fe163c2\">\n\t\t\t\t\t\t\t\t\t\t\t<span class=\"wd-icon\"><svg class=\"e-font-icon-svg e-fas-star\" viewBox=\"0 0 576 512\" xmlns=\"http:\/\/www.w3.org\/2000\/svg\"><path d=\"M259.3 17.8L194 150.2 47.9 171.5c-26.2 3.8-36.7 36.1-17.7 54.6l105.7 103-25 145.5c-4.5 26.3 23.2 46 46.4 33.7L288 439.6l130.7 68.7c23.2 12.2 50.9-7.4 46.4-33.7l-25-145.5 105.7-103c19-18.5 8.5-50.8-17.7-54.6L382 150.2 316.7 17.8c-11.7-23.6-45.6-23.9-57.4 0z\"><\/path><\/svg><\/span>\t\t\t\t\t\n\t\t\t\t\t<span class=\"wd-list-content list-content\">\n\t\t\t\t\t\tapplication note\t\t\t\t\t<\/span>\n\n\t\t\t\t\t\t\t\t\t<\/li>\n\t\t\t\t\t<\/ul>\n\n\t\t\t\t\t\t<\/div>\n\t\t\t\t<\/div>\n\t\t\t\t<div class=\"elementor-element elementor-element-d91c190 elementor-widget elementor-widget-wd_list\" data-id=\"d91c190\" data-element_type=\"widget\" data-widget_type=\"wd_list.default\">\n\t\t\t\t<div class=\"elementor-widget-container\">\n\t\t\t\t\t\t\t<ul class=\"wd-list color-scheme-custom wd-fontsize-xs wd-type-icon wd-style-default text-left\">\n\t\t\t\t\t\t\t\t\t\t\t<li class=\"elementor-repeater-item-fe163c2\">\n\t\t\t\t\t\t\t\t\t\t\t<span class=\"wd-icon\"><svg class=\"e-font-icon-svg e-fas-star\" viewBox=\"0 0 576 512\" xmlns=\"http:\/\/www.w3.org\/2000\/svg\"><path d=\"M259.3 17.8L194 150.2 47.9 171.5c-26.2 3.8-36.7 36.1-17.7 54.6l105.7 103-25 145.5c-4.5 26.3 23.2 46 46.4 33.7L288 439.6l130.7 68.7c23.2 12.2 50.9-7.4 46.4-33.7l-25-145.5 105.7-103c19-18.5 8.5-50.8-17.7-54.6L382 150.2 316.7 17.8c-11.7-23.6-45.6-23.9-57.4 0z\"><\/path><\/svg><\/span>\t\t\t\t\t\n\t\t\t\t\t<span class=\"wd-list-content list-content\">\n\t\t\t\t\t\tdatasheet\t\t\t\t\t<\/span>\n\n\t\t\t\t\t\t\t\t\t<\/li>\n\t\t\t\t\t\t\t\t\t\t\t<li class=\"elementor-repeater-item-66113ab\">\n\t\t\t\t\t\t\t\t\t\t\t<span class=\"wd-icon\"><svg class=\"e-font-icon-svg e-fas-star\" viewBox=\"0 0 576 512\" xmlns=\"http:\/\/www.w3.org\/2000\/svg\"><path d=\"M259.3 17.8L194 150.2 47.9 171.5c-26.2 3.8-36.7 36.1-17.7 54.6l105.7 103-25 145.5c-4.5 26.3 23.2 46 46.4 33.7L288 439.6l130.7 68.7c23.2 12.2 50.9-7.4 46.4-33.7l-25-145.5 105.7-103c19-18.5 8.5-50.8-17.7-54.6L382 150.2 316.7 17.8c-11.7-23.6-45.6-23.9-57.4 0z\"><\/path><\/svg><\/span>\t\t\t\t\t\n\t\t\t\t\t<span class=\"wd-list-content list-content\">\n\t\t\t\t\t\tuser manual\t\t\t\t\t<\/span>\n\n\t\t\t\t\t\t\t\t\t<\/li>\n\t\t\t\t\t<\/ul>\n\n\t\t\t\t\t\t<\/div>\n\t\t\t\t<\/div>\n\t\t\t\t<\/div>\n\t\t<div class=\"elementor-element elementor-element-34152b1 e-con-full e-flex e-con e-child\" data-id=\"34152b1\" data-element_type=\"container\">\n\t\t\t\t<\/div>\n\t\t\t\t<\/div>\n\t\t\t\t\t<\/div>\n\t\t<\/div>\n\t\t\t\t\t\t<\/div>\n\t\t\t\t<\/div>\n\t\t\t\t<\/div>\n\t\t\t\t<\/div>\n\t\t\t\t<\/div>\n\t\t\t\t\t<\/div>\n\t\t\t\t<\/div>\n\t\t\t\t<\/div>\n\t\t","protected":false},"excerpt":{"rendered":"<div class=\"flex-shrink-0 flex flex-col relative items-end\">\n<div>\n<div class=\"pt-0\">\n<div class=\"gizmo-bot-avatar flex h-8 w-8 items-center justify-center overflow-hidden rounded-full\">\n<div class=\"relative p-1 rounded-sm flex items-center justify-center bg-token-main-surface-primary text-token-text-primary h-8 w-8\">Ein einfaches, erschwingliches Ladeger\u00e4t f\u00fcr zu Hause oder den gewerblichen Einsatz, ideal zum Laden aller Fahrzeuge, die mit Typ 1 und Typ 2 kompatibel sind, sowohl zu Hause als auch am Arbeitsplatz. Typ 2 Ladesockel mit 32 Ampere (7,2 kW), einfach zu installieren und zu warten, IP65 wetterfest bewertet, was als die h\u00f6chste Wetterfestigkeit f\u00fcr Heim-Ladeger\u00e4te gilt, korrosionsbest\u00e4ndig, UV-stabilisiert, \u00e4u\u00dferst langlebig, mit eingebautem \u00dcberlast- und Stromschutz.<\/div>\n<\/div>\n<\/div>\n<\/div>\n<\/div>\n","protected":false},"featured_media":31720,"template":"","meta":{"_cloudinary_featured_overwrite":false},"product_brand":[],"product_cat":[385,436],"product_tag":[],"class_list":{"0":"post-31719","1":"product","2":"type-product","3":"status-publish","4":"has-post-thumbnail","6":"product_cat-energy_solutions","7":"product_cat-ev_charging","9":"first","10":"instock","11":"shipping-taxable","12":"product-type-simple"},"yoast_head":"<!-- This site is optimized with the Yoast SEO plugin v24.3 - https:\/\/yoast.com\/wordpress\/plugins\/seo\/ -->\n<title>EV-230 Serie AC-Elektrofahrzeug-Ladestation - CEM Test Instruments GmbH<\/title>\n<meta name=\"robots\" content=\"index, follow, max-snippet:-1, max-image-preview:large, max-video-preview:-1\" \/>\n<link rel=\"canonical\" href=\"https:\/\/cem-instruments.de\/de\/product\/ev230-efahrzeug-ladestation\/\" \/>\n<meta property=\"og:locale\" content=\"de_DE\" \/>\n<meta property=\"og:type\" content=\"article\" \/>\n<meta property=\"og:title\" content=\"EV-230 Serie AC-Elektrofahrzeug-Ladestation - CEM Test Instruments GmbH\" \/>\n<meta property=\"og:description\" content=\"Ein einfaches, erschwingliches Ladeger\u00e4t f\u00fcr zu Hause oder den gewerblichen Einsatz, ideal zum Laden aller Fahrzeuge, die mit Typ 1 und Typ 2 kompatibel sind, sowohl zu Hause als auch am Arbeitsplatz. Typ 2 Ladesockel mit 32 Ampere (7,2 kW), einfach zu installieren und zu warten, IP65 wetterfest bewertet, was als die h\u00f6chste Wetterfestigkeit f\u00fcr Heim-Ladeger\u00e4te gilt, korrosionsbest\u00e4ndig, UV-stabilisiert, \u00e4u\u00dferst langlebig, mit eingebautem \u00dcberlast- und Stromschutz.\" \/>\n<meta property=\"og:url\" content=\"https:\/\/cem-instruments.de\/de\/product\/ev230-efahrzeug-ladestation\/\" \/>\n<meta property=\"og:site_name\" content=\"CEM Test Instruments GmbH\" \/>\n<meta property=\"article:modified_time\" content=\"2025-01-23T21:27:56+00:00\" \/>\n<meta property=\"og:image\" content=\"https:\/\/res.cloudinary.com\/dathdmgqz\/images\/f_auto,q_auto\/v1730126403\/energy solutions pic\/EV-230\/mtim1f7x7dujrngxzwrw\/mtim1f7x7dujrngxzwrw.jpg?_i=AA\" \/>\n\t<meta property=\"og:image:width\" content=\"540\" \/>\n\t<meta property=\"og:image:height\" content=\"720\" \/>\n\t<meta property=\"og:image:type\" content=\"image\/jpeg\" \/>\n<meta name=\"twitter:card\" content=\"summary_large_image\" \/>\n<meta name=\"twitter:label1\" content=\"Gesch\u00e4tzte Lesezeit\" \/>\n\t<meta name=\"twitter:data1\" content=\"3\u00a0Minuten\" \/>\n<script type=\"application\/ld+json\" class=\"yoast-schema-graph\">{\"@context\":\"https:\/\/schema.org\",\"@graph\":[{\"@type\":\"WebPage\",\"@id\":\"https:\/\/cem-instruments.de\/de\/product\/ev230-efahrzeug-ladestation\/\",\"url\":\"https:\/\/cem-instruments.de\/de\/product\/ev230-efahrzeug-ladestation\/\",\"name\":\"EV-230 Serie AC-Elektrofahrzeug-Ladestation - CEM Test Instruments GmbH\",\"isPartOf\":{\"@id\":\"https:\/\/cem-instruments.de\/de\/#website\"},\"primaryImageOfPage\":{\"@id\":\"https:\/\/cem-instruments.de\/de\/product\/ev230-efahrzeug-ladestation\/#primaryimage\"},\"image\":{\"@id\":\"https:\/\/cem-instruments.de\/de\/product\/ev230-efahrzeug-ladestation\/#primaryimage\"},\"thumbnailUrl\":\"https:\/\/res.cloudinary.com\/dathdmgqz\/images\/f_auto,q_auto\/v1730126403\/energy solutions pic\/EV-230\/mtim1f7x7dujrngxzwrw\/mtim1f7x7dujrngxzwrw.jpg?_i=AA\",\"datePublished\":\"2024-10-29T10:03:07+00:00\",\"dateModified\":\"2025-01-23T21:27:56+00:00\",\"breadcrumb\":{\"@id\":\"https:\/\/cem-instruments.de\/de\/product\/ev230-efahrzeug-ladestation\/#breadcrumb\"},\"inLanguage\":\"de\",\"potentialAction\":[{\"@type\":\"ReadAction\",\"target\":[\"https:\/\/cem-instruments.de\/de\/product\/ev230-efahrzeug-ladestation\/\"]}]},{\"@type\":\"ImageObject\",\"inLanguage\":\"de\",\"@id\":\"https:\/\/cem-instruments.de\/de\/product\/ev230-efahrzeug-ladestation\/#primaryimage\",\"url\":\"https:\/\/res.cloudinary.com\/dathdmgqz\/images\/f_auto,q_auto\/v1730126403\/energy solutions pic\/EV-230\/mtim1f7x7dujrngxzwrw\/mtim1f7x7dujrngxzwrw.jpg?_i=AA\",\"contentUrl\":\"https:\/\/res.cloudinary.com\/dathdmgqz\/images\/f_auto,q_auto\/v1730126403\/energy solutions pic\/EV-230\/mtim1f7x7dujrngxzwrw\/mtim1f7x7dujrngxzwrw.jpg?_i=AA\",\"width\":540,\"height\":720},{\"@type\":\"BreadcrumbList\",\"@id\":\"https:\/\/cem-instruments.de\/de\/product\/ev230-efahrzeug-ladestation\/#breadcrumb\",\"itemListElement\":[{\"@type\":\"ListItem\",\"position\":1,\"name\":\"Home\",\"item\":\"https:\/\/cem-instruments.de\/de\/\"},{\"@type\":\"ListItem\",\"position\":2,\"name\":\"Products\",\"item\":\"https:\/\/cem-instruments.de\/de\/shop\/\"},{\"@type\":\"ListItem\",\"position\":3,\"name\":\"EV-230 Serie AC-Elektrofahrzeug-Ladestation\"}]},{\"@type\":\"WebSite\",\"@id\":\"https:\/\/cem-instruments.de\/de\/#website\",\"url\":\"https:\/\/cem-instruments.de\/de\/\",\"name\":\"CEM Test Instruments GmbH\",\"description\":\"CEM Test Instruments GmbH\",\"publisher\":{\"@id\":\"https:\/\/cem-instruments.de\/de\/#organization\"},\"alternateName\":\"best partner for electronic instruments\",\"potentialAction\":[{\"@type\":\"SearchAction\",\"target\":{\"@type\":\"EntryPoint\",\"urlTemplate\":\"https:\/\/cem-instruments.de\/de\/?s={search_term_string}\"},\"query-input\":{\"@type\":\"PropertyValueSpecification\",\"valueRequired\":true,\"valueName\":\"search_term_string\"}}],\"inLanguage\":\"de\"},{\"@type\":\"Organization\",\"@id\":\"https:\/\/cem-instruments.de\/de\/#organization\",\"name\":\"CEM Test Instruments GmbH\",\"url\":\"https:\/\/cem-instruments.de\/de\/\",\"logo\":{\"@type\":\"ImageObject\",\"inLanguage\":\"de\",\"@id\":\"https:\/\/cem-instruments.de\/de\/#\/schema\/logo\/image\/\",\"url\":\"https:\/\/res.cloudinary.com\/dathdmgqz\/images\/f_auto,q_auto\/v1728637129\/cropped-2024-10-11-10_57_57-cem-instruments.de-\u2013-CEM-instruments-GmbH\/cropped-2024-10-11-10_57_57-cem-instruments.de-\u2013-CEM-instruments-GmbH.jpg?_i=AA\",\"contentUrl\":\"https:\/\/res.cloudinary.com\/dathdmgqz\/images\/f_auto,q_auto\/v1728637129\/cropped-2024-10-11-10_57_57-cem-instruments.de-\u2013-CEM-instruments-GmbH\/cropped-2024-10-11-10_57_57-cem-instruments.de-\u2013-CEM-instruments-GmbH.jpg?_i=AA\",\"width\":512,\"height\":512,\"caption\":\"CEM Test Instruments GmbH\"},\"image\":{\"@id\":\"https:\/\/cem-instruments.de\/de\/#\/schema\/logo\/image\/\"}}]}<\/script>\n<!-- \/ Yoast SEO plugin. -->","yoast_head_json":{"title":"EV-230 Serie AC-Elektrofahrzeug-Ladestation - CEM Test Instruments GmbH","robots":{"index":"index","follow":"follow","max-snippet":"max-snippet:-1","max-image-preview":"max-image-preview:large","max-video-preview":"max-video-preview:-1"},"canonical":"https:\/\/cem-instruments.de\/de\/product\/ev230-efahrzeug-ladestation\/","og_locale":"de_DE","og_type":"article","og_title":"EV-230 Serie AC-Elektrofahrzeug-Ladestation - CEM Test Instruments GmbH","og_description":"Ein einfaches, erschwingliches Ladeger\u00e4t f\u00fcr zu Hause oder den gewerblichen Einsatz, ideal zum Laden aller Fahrzeuge, die mit Typ 1 und Typ 2 kompatibel sind, sowohl zu Hause als auch am Arbeitsplatz. Typ 2 Ladesockel mit 32 Ampere (7,2 kW), einfach zu installieren und zu warten, IP65 wetterfest bewertet, was als die h\u00f6chste Wetterfestigkeit f\u00fcr Heim-Ladeger\u00e4te gilt, korrosionsbest\u00e4ndig, UV-stabilisiert, \u00e4u\u00dferst langlebig, mit eingebautem \u00dcberlast- und Stromschutz.","og_url":"https:\/\/cem-instruments.de\/de\/product\/ev230-efahrzeug-ladestation\/","og_site_name":"CEM Test Instruments GmbH","article_modified_time":"2025-01-23T21:27:56+00:00","og_image":[{"width":540,"height":720,"url":"https:\/\/res.cloudinary.com\/dathdmgqz\/images\/f_auto,q_auto\/v1730126403\/energy solutions pic\/EV-230\/mtim1f7x7dujrngxzwrw\/mtim1f7x7dujrngxzwrw.jpg?_i=AA","type":"image\/jpeg"}],"twitter_card":"summary_large_image","twitter_misc":{"Gesch\u00e4tzte Lesezeit":"3\u00a0Minuten"},"schema":{"@context":"https:\/\/schema.org","@graph":[{"@type":"WebPage","@id":"https:\/\/cem-instruments.de\/de\/product\/ev230-efahrzeug-ladestation\/","url":"https:\/\/cem-instruments.de\/de\/product\/ev230-efahrzeug-ladestation\/","name":"EV-230 Serie AC-Elektrofahrzeug-Ladestation - CEM Test Instruments GmbH","isPartOf":{"@id":"https:\/\/cem-instruments.de\/de\/#website"},"primaryImageOfPage":{"@id":"https:\/\/cem-instruments.de\/de\/product\/ev230-efahrzeug-ladestation\/#primaryimage"},"image":{"@id":"https:\/\/cem-instruments.de\/de\/product\/ev230-efahrzeug-ladestation\/#primaryimage"},"thumbnailUrl":"https:\/\/res.cloudinary.com\/dathdmgqz\/images\/f_auto,q_auto\/v1730126403\/energy solutions pic\/EV-230\/mtim1f7x7dujrngxzwrw\/mtim1f7x7dujrngxzwrw.jpg?_i=AA","datePublished":"2024-10-29T10:03:07+00:00","dateModified":"2025-01-23T21:27:56+00:00","breadcrumb":{"@id":"https:\/\/cem-instruments.de\/de\/product\/ev230-efahrzeug-ladestation\/#breadcrumb"},"inLanguage":"de","potentialAction":[{"@type":"ReadAction","target":["https:\/\/cem-instruments.de\/de\/product\/ev230-efahrzeug-ladestation\/"]}]},{"@type":"ImageObject","inLanguage":"de","@id":"https:\/\/cem-instruments.de\/de\/product\/ev230-efahrzeug-ladestation\/#primaryimage","url":"https:\/\/res.cloudinary.com\/dathdmgqz\/images\/f_auto,q_auto\/v1730126403\/energy solutions pic\/EV-230\/mtim1f7x7dujrngxzwrw\/mtim1f7x7dujrngxzwrw.jpg?_i=AA","contentUrl":"https:\/\/res.cloudinary.com\/dathdmgqz\/images\/f_auto,q_auto\/v1730126403\/energy solutions pic\/EV-230\/mtim1f7x7dujrngxzwrw\/mtim1f7x7dujrngxzwrw.jpg?_i=AA","width":540,"height":720},{"@type":"BreadcrumbList","@id":"https:\/\/cem-instruments.de\/de\/product\/ev230-efahrzeug-ladestation\/#breadcrumb","itemListElement":[{"@type":"ListItem","position":1,"name":"Home","item":"https:\/\/cem-instruments.de\/de\/"},{"@type":"ListItem","position":2,"name":"Products","item":"https:\/\/cem-instruments.de\/de\/shop\/"},{"@type":"ListItem","position":3,"name":"EV-230 Serie AC-Elektrofahrzeug-Ladestation"}]},{"@type":"WebSite","@id":"https:\/\/cem-instruments.de\/de\/#website","url":"https:\/\/cem-instruments.de\/de\/","name":"CEM Test Instruments GmbH","description":"CEM Test Instruments GmbH","publisher":{"@id":"https:\/\/cem-instruments.de\/de\/#organization"},"alternateName":"best partner for electronic instruments","potentialAction":[{"@type":"SearchAction","target":{"@type":"EntryPoint","urlTemplate":"https:\/\/cem-instruments.de\/de\/?s={search_term_string}"},"query-input":{"@type":"PropertyValueSpecification","valueRequired":true,"valueName":"search_term_string"}}],"inLanguage":"de"},{"@type":"Organization","@id":"https:\/\/cem-instruments.de\/de\/#organization","name":"CEM Test Instruments GmbH","url":"https:\/\/cem-instruments.de\/de\/","logo":{"@type":"ImageObject","inLanguage":"de","@id":"https:\/\/cem-instruments.de\/de\/#\/schema\/logo\/image\/","url":"https:\/\/res.cloudinary.com\/dathdmgqz\/images\/f_auto,q_auto\/v1728637129\/cropped-2024-10-11-10_57_57-cem-instruments.de-\u2013-CEM-instruments-GmbH\/cropped-2024-10-11-10_57_57-cem-instruments.de-\u2013-CEM-instruments-GmbH.jpg?_i=AA","contentUrl":"https:\/\/res.cloudinary.com\/dathdmgqz\/images\/f_auto,q_auto\/v1728637129\/cropped-2024-10-11-10_57_57-cem-instruments.de-\u2013-CEM-instruments-GmbH\/cropped-2024-10-11-10_57_57-cem-instruments.de-\u2013-CEM-instruments-GmbH.jpg?_i=AA","width":512,"height":512,"caption":"CEM Test Instruments GmbH"},"image":{"@id":"https:\/\/cem-instruments.de\/de\/#\/schema\/logo\/image\/"}}]}},"_links":{"self":[{"href":"https:\/\/cem-instruments.de\/de\/wp-json\/wp\/v2\/product\/31719","targetHints":{"allow":["GET"]}}],"collection":[{"href":"https:\/\/cem-instruments.de\/de\/wp-json\/wp\/v2\/product"}],"about":[{"href":"https:\/\/cem-instruments.de\/de\/wp-json\/wp\/v2\/types\/product"}],"version-history":[{"count":14,"href":"https:\/\/cem-instruments.de\/de\/wp-json\/wp\/v2\/product\/31719\/revisions"}],"predecessor-version":[{"id":32036,"href":"https:\/\/cem-instruments.de\/de\/wp-json\/wp\/v2\/product\/31719\/revisions\/32036"}],"wp:featuredmedia":[{"embeddable":true,"href":"https:\/\/cem-instruments.de\/de\/wp-json\/wp\/v2\/media\/31720"}],"wp:attachment":[{"href":"https:\/\/cem-instruments.de\/de\/wp-json\/wp\/v2\/media?parent=31719"}],"wp:term":[{"taxonomy":"product_brand","embeddable":true,"href":"https:\/\/cem-instruments.de\/de\/wp-json\/wp\/v2\/product_brand?post=31719"},{"taxonomy":"product_cat","embeddable":true,"href":"https:\/\/cem-instruments.de\/de\/wp-json\/wp\/v2\/product_cat?post=31719"},{"taxonomy":"product_tag","embeddable":true,"href":"https:\/\/cem-instruments.de\/de\/wp-json\/wp\/v2\/product_tag?post=31719"}],"curies":[{"name":"wp","href":"https:\/\/api.w.org\/{rel}","templated":true}]}}