{"id":31727,"date":"2024-10-29T11:07:16","date_gmt":"2024-10-29T10:07:16","guid":{"rendered":"https:\/\/cem-instruments.de\/de\/?post_type=product&#038;p=31727"},"modified":"2025-01-09T15:45:20","modified_gmt":"2025-01-09T14:45:20","slug":"ev210-serie-ac-ev-ladestation","status":"publish","type":"product","link":"https:\/\/cem-instruments.de\/de\/product\/ev210-serie-ac-ev-ladestation\/","title":{"rendered":"EV-210 Serie AC-EV-Ladestation"},"content":{"rendered":"\t\t<div data-elementor-type=\"wp-post\" data-elementor-id=\"31727\" class=\"elementor elementor-31727\" data-elementor-post-type=\"product\">\n\t\t\t\t<div class=\"wd-negative-gap elementor-element elementor-element-4c1a7d3 e-flex e-con-boxed e-con e-parent\" data-id=\"4c1a7d3\" data-element_type=\"container\">\n\t\t\t\t\t<div class=\"e-con-inner\">\n\t\t<div class=\"elementor-element elementor-element-2ae959c e-con-full e-flex e-con e-child\" data-id=\"2ae959c\" data-element_type=\"container\">\n\t\t<div class=\"elementor-element elementor-element-ae522d9 e-con-full e-flex e-con e-child\" data-id=\"ae522d9\" data-element_type=\"container\">\n\t\t<div class=\"elementor-element elementor-element-1038092 e-con-full e-flex e-con e-child\" data-id=\"1038092\" data-element_type=\"container\">\n\t\t\t\t<div class=\"elementor-element elementor-element-4cdc5de e-n-tabs-mobile elementor-widget elementor-widget-n-tabs\" data-id=\"4cdc5de\" data-element_type=\"widget\" data-settings=\"{&quot;tabs_justify_horizontal&quot;:&quot;start&quot;,&quot;horizontal_scroll&quot;:&quot;disable&quot;}\" data-widget_type=\"nested-tabs.default\">\n\t\t\t\t<div class=\"elementor-widget-container\">\n\t\t\t\t\t\t\t<div class=\"e-n-tabs\" data-widget-number=\"80594398\" aria-label=\"Tabs. Open items with Enter or Space, close with Escape and navigate using the Arrow keys.\">\n\t\t\t<div class=\"e-n-tabs-heading\" role=\"tablist\">\n\t\t\t\t\t<button id=\"e-n-tab-title-805943981\" class=\"e-n-tab-title\" aria-selected=\"true\" data-tab-index=\"1\" role=\"tab\" tabindex=\"0\" aria-controls=\"e-n-tab-content-805943981\" style=\"--n-tabs-title-order: 1;\">\n\t\t\t\t\t\t<span class=\"e-n-tab-title-text\">\n\t\t\t\tDescription\t\t\t<\/span>\n\t\t<\/button>\n\t\t\t\t<button id=\"e-n-tab-title-805943982\" class=\"e-n-tab-title\" aria-selected=\"false\" data-tab-index=\"2\" role=\"tab\" tabindex=\"-1\" aria-controls=\"e-n-tab-content-805943982\" style=\"--n-tabs-title-order: 2;\">\n\t\t\t\t\t\t<span class=\"e-n-tab-title-text\">\n\t\t\t\tSpecification\t\t\t<\/span>\n\t\t<\/button>\n\t\t\t\t<button id=\"e-n-tab-title-805943983\" class=\"e-n-tab-title\" aria-selected=\"false\" data-tab-index=\"3\" role=\"tab\" tabindex=\"-1\" aria-controls=\"e-n-tab-content-805943983\" style=\"--n-tabs-title-order: 3;\">\n\t\t\t\t\t\t<span class=\"e-n-tab-title-text\">\n\t\t\t\tResources\t\t\t<\/span>\n\t\t<\/button>\n\t\t\t\t\t<\/div>\n\t\t\t<div class=\"e-n-tabs-content\">\n\t\t\t\t<div id=\"e-n-tab-content-805943981\" role=\"tabpanel\" aria-labelledby=\"e-n-tab-title-805943981\" data-tab-index=\"1\" style=\"--n-tabs-title-order: 1;\" class=\"e-active elementor-element elementor-element-cbf6032 e-con-full e-flex e-con e-child\" data-id=\"cbf6032\" data-element_type=\"container\">\n\t\t<div class=\"wd-negative-gap elementor-element elementor-element-634b19c e-flex e-con-boxed e-con e-child\" data-id=\"634b19c\" data-element_type=\"container\">\n\t\t\t\t\t<div class=\"e-con-inner\">\n\t\t\t\t<div class=\"elementor-element elementor-element-e58bf89 elementor-widget elementor-widget-wd_text_block\" data-id=\"e58bf89\" data-element_type=\"widget\" data-widget_type=\"wd_text_block.default\">\n\t\t\t\t<div class=\"elementor-widget-container\">\n\t\t\t\t\t\t\t<div class=\"wd-text-block reset-last-child text-left\">\n\t\t\t\n\t\t\t<p>EV-210 Serie Elektroauto-Ladeger\u00e4t, 110V-240V 32 Ampere, NEMA 14-50 Stecker, 7,6 Meter Verl\u00e4ngerungskabel, tragbares EVSE-Ladeger\u00e4t f\u00fcr den Innen- und Au\u00dfenbereich, kompatibel mit J1772 Elektroautos.<\/p><p><strong>Merkmale<\/strong><\/p><p>240 Volt, 7,2 KW bei 32 Ampere, NEMA 14-50 Stecker, schnelles Laden zu Hause ist jetzt einfach und bequem mit dem EV-210 32A tragbaren EV-Ladeger\u00e4t. Kompakt und dennoch leistungsstark, ist dieses Ladeger\u00e4t 6-mal schneller als 10A Level-1-Ladeger\u00e4te, die mit Ihren Elektrofahrzeugen (EVs) geliefert werden, und liefert bis zu 23 Meilen pro Stunde Ladeleistung, mit flexiblen Ampere-Einstellungen von 10\/16\/20\/24\/32A.<\/p><p>Dieses EV-Ladeger\u00e4t verwendet den SAE-J1772 Standardstecker, der mit fast allen Elektrofahrzeugen und Plug-in-Hybridfahrzeugen kompatibel ist.<\/p>\n\t\t\t\t\t<\/div>\n\t\t\t\t\t\t<\/div>\n\t\t\t\t<\/div>\n\t\t\t\t\t<\/div>\n\t\t\t\t<\/div>\n\t\t\t\t<\/div>\n\t\t<div id=\"e-n-tab-content-805943982\" role=\"tabpanel\" aria-labelledby=\"e-n-tab-title-805943982\" data-tab-index=\"2\" style=\"--n-tabs-title-order: 2;\" class=\" elementor-element elementor-element-41cc832 e-con-full e-flex e-con e-child\" data-id=\"41cc832\" data-element_type=\"container\">\n\t\t<div class=\"wd-negative-gap elementor-element elementor-element-445f166 e-flex e-con-boxed e-con e-child\" data-id=\"445f166\" data-element_type=\"container\">\n\t\t\t\t\t<div class=\"e-con-inner\">\n\t\t\t\t<div class=\"elementor-element elementor-element-a11baf4 elementor-widget elementor-widget-wd_image_or_svg\" data-id=\"a11baf4\" data-element_type=\"widget\" data-widget_type=\"wd_image_or_svg.default\">\n\t\t\t\t<div class=\"elementor-widget-container\">\n\t\t\t\t\t\n\t\t<div class=\"wd-image text-left\">\n\t\t\t\t\t\t\t\t<img width=\"792\" height=\"192\" data-public-id=\"energy solutions pic\/EV-210\/gdrua0wdz7jht7vqjpad\/gdrua0wdz7jht7vqjpad.png\" fetchpriority=\"high\" decoding=\"async\" src=\"https:\/\/res.cloudinary.com\/dathdmgqz\/images\/w_792,h_192,c_scale\/f_auto,q_auto\/v1730126402\/energy solutions pic\/EV-210\/gdrua0wdz7jht7vqjpad\/gdrua0wdz7jht7vqjpad.png?_i=AA\" class=\"attachment-full size-full wp-image-31731\" alt=\"\" data-format=\"png\" data-transformations=\"f_auto,q_auto\" data-version=\"1730126402\" data-seo=\"1\" data-responsive=\"1\" srcset=\"https:\/\/res.cloudinary.com\/dathdmgqz\/images\/w_792,h_192,c_scale\/f_auto,q_auto\/v1730126402\/energy solutions pic\/EV-210\/gdrua0wdz7jht7vqjpad\/gdrua0wdz7jht7vqjpad.png?_i=AA 792w, https:\/\/res.cloudinary.com\/dathdmgqz\/images\/w_648,h_157,c_scale\/f_auto,q_auto\/v1730126402\/energy solutions pic\/EV-210\/gdrua0wdz7jht7vqjpad\/gdrua0wdz7jht7vqjpad.png?_i=AA 648w, https:\/\/res.cloudinary.com\/dathdmgqz\/images\/w_448,h_108,c_scale\/f_auto,q_auto\/v1730126402\/energy solutions pic\/EV-210\/gdrua0wdz7jht7vqjpad\/gdrua0wdz7jht7vqjpad.png?_i=AA 448w, https:\/\/res.cloudinary.com\/dathdmgqz\/images\/w_248,h_60,c_scale\/f_auto,q_auto\/v1730126402\/energy solutions pic\/EV-210\/gdrua0wdz7jht7vqjpad\/gdrua0wdz7jht7vqjpad.png?_i=AA 248w\" sizes=\"(max-width: 792px) 100vw, 792px\" \/>\t\t\t\t\t<\/div>\n\n\t\t\t\t\t\t<\/div>\n\t\t\t\t<\/div>\n\t\t\t\t\t<\/div>\n\t\t\t\t<\/div>\n\t\t\t\t<\/div>\n\t\t<div id=\"e-n-tab-content-805943983\" role=\"tabpanel\" aria-labelledby=\"e-n-tab-title-805943983\" data-tab-index=\"3\" style=\"--n-tabs-title-order: 3;\" class=\" elementor-element elementor-element-c26c6c4 e-con-full e-flex e-con e-child\" data-id=\"c26c6c4\" data-element_type=\"container\">\n\t\t<div class=\"elementor-element elementor-element-f987033 e-con-full e-flex e-con e-child\" data-id=\"f987033\" data-element_type=\"container\">\n\t\t\t\t<div class=\"elementor-element elementor-element-743c289 elementor-widget elementor-widget-wd_list\" data-id=\"743c289\" data-element_type=\"widget\" data-widget_type=\"wd_list.default\">\n\t\t\t\t<div class=\"elementor-widget-container\">\n\t\t\t\t\t\t\t<ul class=\"wd-list color-scheme- wd-fontsize-xs wd-type-icon wd-style-default text-left\">\n\t\t\t\t\t\t\t\t\t\t\t<li class=\"elementor-repeater-item-fe163c2\">\n\t\t\t\t\t\t\t\t\t\t\t<span class=\"wd-icon\"><svg class=\"e-font-icon-svg e-fas-star\" viewBox=\"0 0 576 512\" xmlns=\"http:\/\/www.w3.org\/2000\/svg\"><path d=\"M259.3 17.8L194 150.2 47.9 171.5c-26.2 3.8-36.7 36.1-17.7 54.6l105.7 103-25 145.5c-4.5 26.3 23.2 46 46.4 33.7L288 439.6l130.7 68.7c23.2 12.2 50.9-7.4 46.4-33.7l-25-145.5 105.7-103c19-18.5 8.5-50.8-17.7-54.6L382 150.2 316.7 17.8c-11.7-23.6-45.6-23.9-57.4 0z\"><\/path><\/svg><\/span>\t\t\t\t\t\n\t\t\t\t\t<span class=\"wd-list-content list-content\">\n\t\t\t\t\t\tapplication note\t\t\t\t\t<\/span>\n\n\t\t\t\t\t\t\t\t\t<\/li>\n\t\t\t\t\t<\/ul>\n\n\t\t\t\t\t\t<\/div>\n\t\t\t\t<\/div>\n\t\t\t\t<div class=\"elementor-element elementor-element-24e5d95 elementor-widget elementor-widget-wd_list\" data-id=\"24e5d95\" data-element_type=\"widget\" data-widget_type=\"wd_list.default\">\n\t\t\t\t<div class=\"elementor-widget-container\">\n\t\t\t\t\t\t\t<ul class=\"wd-list color-scheme-custom wd-fontsize-xs wd-type-icon wd-style-default text-left\">\n\t\t\t\t\t\t\t\t\t\t\t<li class=\"elementor-repeater-item-fe163c2\">\n\t\t\t\t\t\t\t\t\t\t\t<span class=\"wd-icon\"><svg class=\"e-font-icon-svg e-fas-star\" viewBox=\"0 0 576 512\" xmlns=\"http:\/\/www.w3.org\/2000\/svg\"><path d=\"M259.3 17.8L194 150.2 47.9 171.5c-26.2 3.8-36.7 36.1-17.7 54.6l105.7 103-25 145.5c-4.5 26.3 23.2 46 46.4 33.7L288 439.6l130.7 68.7c23.2 12.2 50.9-7.4 46.4-33.7l-25-145.5 105.7-103c19-18.5 8.5-50.8-17.7-54.6L382 150.2 316.7 17.8c-11.7-23.6-45.6-23.9-57.4 0z\"><\/path><\/svg><\/span>\t\t\t\t\t\n\t\t\t\t\t<span class=\"wd-list-content list-content\">\n\t\t\t\t\t\tdatasheet\t\t\t\t\t<\/span>\n\n\t\t\t\t\t\t\t\t\t<\/li>\n\t\t\t\t\t\t\t\t\t\t\t<li class=\"elementor-repeater-item-66113ab\">\n\t\t\t\t\t\t\t\t\t\t\t<span class=\"wd-icon\"><svg class=\"e-font-icon-svg e-fas-star\" viewBox=\"0 0 576 512\" xmlns=\"http:\/\/www.w3.org\/2000\/svg\"><path d=\"M259.3 17.8L194 150.2 47.9 171.5c-26.2 3.8-36.7 36.1-17.7 54.6l105.7 103-25 145.5c-4.5 26.3 23.2 46 46.4 33.7L288 439.6l130.7 68.7c23.2 12.2 50.9-7.4 46.4-33.7l-25-145.5 105.7-103c19-18.5 8.5-50.8-17.7-54.6L382 150.2 316.7 17.8c-11.7-23.6-45.6-23.9-57.4 0z\"><\/path><\/svg><\/span>\t\t\t\t\t\n\t\t\t\t\t<span class=\"wd-list-content list-content\">\n\t\t\t\t\t\tuser manual\t\t\t\t\t<\/span>\n\n\t\t\t\t\t\t\t\t\t<\/li>\n\t\t\t\t\t<\/ul>\n\n\t\t\t\t\t\t<\/div>\n\t\t\t\t<\/div>\n\t\t\t\t<\/div>\n\t\t<div class=\"elementor-element elementor-element-029866a e-con-full e-flex e-con e-child\" data-id=\"029866a\" data-element_type=\"container\">\n\t\t\t\t<\/div>\n\t\t\t\t<\/div>\n\t\t\t\t\t<\/div>\n\t\t<\/div>\n\t\t\t\t\t\t<\/div>\n\t\t\t\t<\/div>\n\t\t\t\t<\/div>\n\t\t\t\t<\/div>\n\t\t\t\t<\/div>\n\t\t\t\t\t<\/div>\n\t\t\t\t<\/div>\n\t\t\t\t<\/div>\n\t\t","protected":false},"excerpt":{"rendered":"<p>EV-210 Serie Elektroauto-Ladeger\u00e4t, 110V-240V 32 Ampere, NEMA 14-50 Stecker, 7,6 Meter Verl\u00e4ngerungskabel, tragbares EVSE-Ladeger\u00e4t f\u00fcr den Innen- und Au\u00dfenbereich, kompatibel mit J1772 Elektroautos.<\/p>\n","protected":false},"featured_media":31728,"template":"","meta":{"_cloudinary_featured_overwrite":false},"product_brand":[],"product_cat":[385,436],"product_tag":[],"class_list":{"0":"post-31727","1":"product","2":"type-product","3":"status-publish","4":"has-post-thumbnail","6":"product_cat-energy_solutions","7":"product_cat-ev_charging","9":"first","10":"instock","11":"shipping-taxable","12":"product-type-simple"},"yoast_head":"<!-- This site is optimized with the Yoast SEO plugin v24.3 - https:\/\/yoast.com\/wordpress\/plugins\/seo\/ -->\n<title>EV-210 Serie AC-EV-Ladestation - CEM Test Instruments GmbH<\/title>\n<meta name=\"description\" content=\"EV-210 Serie Elektroauto-Ladeger\u00e4t, 110V-240V 32 Ampere, NEMA 14-50 Stecker, 7,6 Meter Verl\u00e4ngerungskabel, tragbares EVSE-Ladeger\u00e4t f\u00fcr den Innen- und Au\u00dfenbereich, kompatibel mit J1772 Elektroautos.\" \/>\n<meta name=\"robots\" content=\"index, follow, max-snippet:-1, max-image-preview:large, max-video-preview:-1\" \/>\n<link rel=\"canonical\" href=\"https:\/\/cem-instruments.de\/de\/product\/ev210-serie-ac-ev-ladestation\/\" \/>\n<meta property=\"og:locale\" content=\"de_DE\" \/>\n<meta property=\"og:type\" content=\"article\" \/>\n<meta property=\"og:title\" content=\"EV-210 Serie AC-EV-Ladestation - CEM Test Instruments GmbH\" \/>\n<meta property=\"og:description\" content=\"EV-210 Serie Elektroauto-Ladeger\u00e4t, 110V-240V 32 Ampere, NEMA 14-50 Stecker, 7,6 Meter Verl\u00e4ngerungskabel, tragbares EVSE-Ladeger\u00e4t f\u00fcr den Innen- und Au\u00dfenbereich, kompatibel mit J1772 Elektroautos.\" \/>\n<meta property=\"og:url\" content=\"https:\/\/cem-instruments.de\/de\/product\/ev210-serie-ac-ev-ladestation\/\" \/>\n<meta property=\"og:site_name\" content=\"CEM Test Instruments GmbH\" \/>\n<meta property=\"article:modified_time\" content=\"2025-01-09T14:45:20+00:00\" \/>\n<meta property=\"og:image\" content=\"https:\/\/res.cloudinary.com\/dathdmgqz\/images\/f_auto,q_auto\/v1730126403\/energy solutions pic\/EV-210\/mdzs9xmw6zf43nhgbrji\/mdzs9xmw6zf43nhgbrji.jpg?_i=AA\" \/>\n\t<meta property=\"og:image:width\" content=\"540\" \/>\n\t<meta property=\"og:image:height\" content=\"720\" \/>\n\t<meta property=\"og:image:type\" content=\"image\/jpeg\" \/>\n<meta name=\"twitter:card\" content=\"summary_large_image\" \/>\n<meta name=\"twitter:label1\" content=\"Gesch\u00e4tzte Lesezeit\" \/>\n\t<meta name=\"twitter:data1\" content=\"2\u00a0Minuten\" \/>\n<script type=\"application\/ld+json\" class=\"yoast-schema-graph\">{\"@context\":\"https:\/\/schema.org\",\"@graph\":[{\"@type\":\"WebPage\",\"@id\":\"https:\/\/cem-instruments.de\/de\/product\/ev210-serie-ac-ev-ladestation\/\",\"url\":\"https:\/\/cem-instruments.de\/de\/product\/ev210-serie-ac-ev-ladestation\/\",\"name\":\"EV-210 Serie AC-EV-Ladestation - CEM Test Instruments GmbH\",\"isPartOf\":{\"@id\":\"https:\/\/cem-instruments.de\/de\/#website\"},\"primaryImageOfPage\":{\"@id\":\"https:\/\/cem-instruments.de\/de\/product\/ev210-serie-ac-ev-ladestation\/#primaryimage\"},\"image\":{\"@id\":\"https:\/\/cem-instruments.de\/de\/product\/ev210-serie-ac-ev-ladestation\/#primaryimage\"},\"thumbnailUrl\":\"https:\/\/res.cloudinary.com\/dathdmgqz\/images\/f_auto,q_auto\/v1730126403\/energy solutions pic\/EV-210\/mdzs9xmw6zf43nhgbrji\/mdzs9xmw6zf43nhgbrji.jpg?_i=AA\",\"datePublished\":\"2024-10-29T10:07:16+00:00\",\"dateModified\":\"2025-01-09T14:45:20+00:00\",\"description\":\"EV-210 Serie Elektroauto-Ladeger\u00e4t, 110V-240V 32 Ampere, NEMA 14-50 Stecker, 7,6 Meter Verl\u00e4ngerungskabel, tragbares EVSE-Ladeger\u00e4t f\u00fcr den Innen- und Au\u00dfenbereich, kompatibel mit J1772 Elektroautos.\",\"breadcrumb\":{\"@id\":\"https:\/\/cem-instruments.de\/de\/product\/ev210-serie-ac-ev-ladestation\/#breadcrumb\"},\"inLanguage\":\"de\",\"potentialAction\":[{\"@type\":\"ReadAction\",\"target\":[\"https:\/\/cem-instruments.de\/de\/product\/ev210-serie-ac-ev-ladestation\/\"]}]},{\"@type\":\"ImageObject\",\"inLanguage\":\"de\",\"@id\":\"https:\/\/cem-instruments.de\/de\/product\/ev210-serie-ac-ev-ladestation\/#primaryimage\",\"url\":\"https:\/\/res.cloudinary.com\/dathdmgqz\/images\/f_auto,q_auto\/v1730126403\/energy solutions pic\/EV-210\/mdzs9xmw6zf43nhgbrji\/mdzs9xmw6zf43nhgbrji.jpg?_i=AA\",\"contentUrl\":\"https:\/\/res.cloudinary.com\/dathdmgqz\/images\/f_auto,q_auto\/v1730126403\/energy solutions pic\/EV-210\/mdzs9xmw6zf43nhgbrji\/mdzs9xmw6zf43nhgbrji.jpg?_i=AA\",\"width\":540,\"height\":720},{\"@type\":\"BreadcrumbList\",\"@id\":\"https:\/\/cem-instruments.de\/de\/product\/ev210-serie-ac-ev-ladestation\/#breadcrumb\",\"itemListElement\":[{\"@type\":\"ListItem\",\"position\":1,\"name\":\"Home\",\"item\":\"https:\/\/cem-instruments.de\/de\/\"},{\"@type\":\"ListItem\",\"position\":2,\"name\":\"Products\",\"item\":\"https:\/\/cem-instruments.de\/de\/shop\/\"},{\"@type\":\"ListItem\",\"position\":3,\"name\":\"EV-210 Serie AC-EV-Ladestation\"}]},{\"@type\":\"WebSite\",\"@id\":\"https:\/\/cem-instruments.de\/de\/#website\",\"url\":\"https:\/\/cem-instruments.de\/de\/\",\"name\":\"CEM Test Instruments GmbH\",\"description\":\"CEM Test Instruments GmbH\",\"publisher\":{\"@id\":\"https:\/\/cem-instruments.de\/de\/#organization\"},\"alternateName\":\"best partner for electronic instruments\",\"potentialAction\":[{\"@type\":\"SearchAction\",\"target\":{\"@type\":\"EntryPoint\",\"urlTemplate\":\"https:\/\/cem-instruments.de\/de\/?s={search_term_string}\"},\"query-input\":{\"@type\":\"PropertyValueSpecification\",\"valueRequired\":true,\"valueName\":\"search_term_string\"}}],\"inLanguage\":\"de\"},{\"@type\":\"Organization\",\"@id\":\"https:\/\/cem-instruments.de\/de\/#organization\",\"name\":\"CEM Test Instruments GmbH\",\"url\":\"https:\/\/cem-instruments.de\/de\/\",\"logo\":{\"@type\":\"ImageObject\",\"inLanguage\":\"de\",\"@id\":\"https:\/\/cem-instruments.de\/de\/#\/schema\/logo\/image\/\",\"url\":\"https:\/\/res.cloudinary.com\/dathdmgqz\/images\/f_auto,q_auto\/v1728637129\/cropped-2024-10-11-10_57_57-cem-instruments.de-\u2013-CEM-instruments-GmbH\/cropped-2024-10-11-10_57_57-cem-instruments.de-\u2013-CEM-instruments-GmbH.jpg?_i=AA\",\"contentUrl\":\"https:\/\/res.cloudinary.com\/dathdmgqz\/images\/f_auto,q_auto\/v1728637129\/cropped-2024-10-11-10_57_57-cem-instruments.de-\u2013-CEM-instruments-GmbH\/cropped-2024-10-11-10_57_57-cem-instruments.de-\u2013-CEM-instruments-GmbH.jpg?_i=AA\",\"width\":512,\"height\":512,\"caption\":\"CEM Test Instruments GmbH\"},\"image\":{\"@id\":\"https:\/\/cem-instruments.de\/de\/#\/schema\/logo\/image\/\"}}]}<\/script>\n<!-- \/ Yoast SEO plugin. -->","yoast_head_json":{"title":"EV-210 Serie AC-EV-Ladestation - CEM Test Instruments GmbH","description":"EV-210 Serie Elektroauto-Ladeger\u00e4t, 110V-240V 32 Ampere, NEMA 14-50 Stecker, 7,6 Meter Verl\u00e4ngerungskabel, tragbares EVSE-Ladeger\u00e4t f\u00fcr den Innen- und Au\u00dfenbereich, kompatibel mit J1772 Elektroautos.","robots":{"index":"index","follow":"follow","max-snippet":"max-snippet:-1","max-image-preview":"max-image-preview:large","max-video-preview":"max-video-preview:-1"},"canonical":"https:\/\/cem-instruments.de\/de\/product\/ev210-serie-ac-ev-ladestation\/","og_locale":"de_DE","og_type":"article","og_title":"EV-210 Serie AC-EV-Ladestation - CEM Test Instruments GmbH","og_description":"EV-210 Serie Elektroauto-Ladeger\u00e4t, 110V-240V 32 Ampere, NEMA 14-50 Stecker, 7,6 Meter Verl\u00e4ngerungskabel, tragbares EVSE-Ladeger\u00e4t f\u00fcr den Innen- und Au\u00dfenbereich, kompatibel mit J1772 Elektroautos.","og_url":"https:\/\/cem-instruments.de\/de\/product\/ev210-serie-ac-ev-ladestation\/","og_site_name":"CEM Test Instruments GmbH","article_modified_time":"2025-01-09T14:45:20+00:00","og_image":[{"width":540,"height":720,"url":"https:\/\/res.cloudinary.com\/dathdmgqz\/images\/f_auto,q_auto\/v1730126403\/energy solutions pic\/EV-210\/mdzs9xmw6zf43nhgbrji\/mdzs9xmw6zf43nhgbrji.jpg?_i=AA","type":"image\/jpeg"}],"twitter_card":"summary_large_image","twitter_misc":{"Gesch\u00e4tzte Lesezeit":"2\u00a0Minuten"},"schema":{"@context":"https:\/\/schema.org","@graph":[{"@type":"WebPage","@id":"https:\/\/cem-instruments.de\/de\/product\/ev210-serie-ac-ev-ladestation\/","url":"https:\/\/cem-instruments.de\/de\/product\/ev210-serie-ac-ev-ladestation\/","name":"EV-210 Serie AC-EV-Ladestation - CEM Test Instruments GmbH","isPartOf":{"@id":"https:\/\/cem-instruments.de\/de\/#website"},"primaryImageOfPage":{"@id":"https:\/\/cem-instruments.de\/de\/product\/ev210-serie-ac-ev-ladestation\/#primaryimage"},"image":{"@id":"https:\/\/cem-instruments.de\/de\/product\/ev210-serie-ac-ev-ladestation\/#primaryimage"},"thumbnailUrl":"https:\/\/res.cloudinary.com\/dathdmgqz\/images\/f_auto,q_auto\/v1730126403\/energy solutions pic\/EV-210\/mdzs9xmw6zf43nhgbrji\/mdzs9xmw6zf43nhgbrji.jpg?_i=AA","datePublished":"2024-10-29T10:07:16+00:00","dateModified":"2025-01-09T14:45:20+00:00","description":"EV-210 Serie Elektroauto-Ladeger\u00e4t, 110V-240V 32 Ampere, NEMA 14-50 Stecker, 7,6 Meter Verl\u00e4ngerungskabel, tragbares EVSE-Ladeger\u00e4t f\u00fcr den Innen- und Au\u00dfenbereich, kompatibel mit J1772 Elektroautos.","breadcrumb":{"@id":"https:\/\/cem-instruments.de\/de\/product\/ev210-serie-ac-ev-ladestation\/#breadcrumb"},"inLanguage":"de","potentialAction":[{"@type":"ReadAction","target":["https:\/\/cem-instruments.de\/de\/product\/ev210-serie-ac-ev-ladestation\/"]}]},{"@type":"ImageObject","inLanguage":"de","@id":"https:\/\/cem-instruments.de\/de\/product\/ev210-serie-ac-ev-ladestation\/#primaryimage","url":"https:\/\/res.cloudinary.com\/dathdmgqz\/images\/f_auto,q_auto\/v1730126403\/energy solutions pic\/EV-210\/mdzs9xmw6zf43nhgbrji\/mdzs9xmw6zf43nhgbrji.jpg?_i=AA","contentUrl":"https:\/\/res.cloudinary.com\/dathdmgqz\/images\/f_auto,q_auto\/v1730126403\/energy solutions pic\/EV-210\/mdzs9xmw6zf43nhgbrji\/mdzs9xmw6zf43nhgbrji.jpg?_i=AA","width":540,"height":720},{"@type":"BreadcrumbList","@id":"https:\/\/cem-instruments.de\/de\/product\/ev210-serie-ac-ev-ladestation\/#breadcrumb","itemListElement":[{"@type":"ListItem","position":1,"name":"Home","item":"https:\/\/cem-instruments.de\/de\/"},{"@type":"ListItem","position":2,"name":"Products","item":"https:\/\/cem-instruments.de\/de\/shop\/"},{"@type":"ListItem","position":3,"name":"EV-210 Serie AC-EV-Ladestation"}]},{"@type":"WebSite","@id":"https:\/\/cem-instruments.de\/de\/#website","url":"https:\/\/cem-instruments.de\/de\/","name":"CEM Test Instruments GmbH","description":"CEM Test Instruments GmbH","publisher":{"@id":"https:\/\/cem-instruments.de\/de\/#organization"},"alternateName":"best partner for electronic instruments","potentialAction":[{"@type":"SearchAction","target":{"@type":"EntryPoint","urlTemplate":"https:\/\/cem-instruments.de\/de\/?s={search_term_string}"},"query-input":{"@type":"PropertyValueSpecification","valueRequired":true,"valueName":"search_term_string"}}],"inLanguage":"de"},{"@type":"Organization","@id":"https:\/\/cem-instruments.de\/de\/#organization","name":"CEM Test Instruments GmbH","url":"https:\/\/cem-instruments.de\/de\/","logo":{"@type":"ImageObject","inLanguage":"de","@id":"https:\/\/cem-instruments.de\/de\/#\/schema\/logo\/image\/","url":"https:\/\/res.cloudinary.com\/dathdmgqz\/images\/f_auto,q_auto\/v1728637129\/cropped-2024-10-11-10_57_57-cem-instruments.de-\u2013-CEM-instruments-GmbH\/cropped-2024-10-11-10_57_57-cem-instruments.de-\u2013-CEM-instruments-GmbH.jpg?_i=AA","contentUrl":"https:\/\/res.cloudinary.com\/dathdmgqz\/images\/f_auto,q_auto\/v1728637129\/cropped-2024-10-11-10_57_57-cem-instruments.de-\u2013-CEM-instruments-GmbH\/cropped-2024-10-11-10_57_57-cem-instruments.de-\u2013-CEM-instruments-GmbH.jpg?_i=AA","width":512,"height":512,"caption":"CEM Test Instruments GmbH"},"image":{"@id":"https:\/\/cem-instruments.de\/de\/#\/schema\/logo\/image\/"}}]}},"_links":{"self":[{"href":"https:\/\/cem-instruments.de\/de\/wp-json\/wp\/v2\/product\/31727","targetHints":{"allow":["GET"]}}],"collection":[{"href":"https:\/\/cem-instruments.de\/de\/wp-json\/wp\/v2\/product"}],"about":[{"href":"https:\/\/cem-instruments.de\/de\/wp-json\/wp\/v2\/types\/product"}],"version-history":[{"count":7,"href":"https:\/\/cem-instruments.de\/de\/wp-json\/wp\/v2\/product\/31727\/revisions"}],"predecessor-version":[{"id":32001,"href":"https:\/\/cem-instruments.de\/de\/wp-json\/wp\/v2\/product\/31727\/revisions\/32001"}],"wp:featuredmedia":[{"embeddable":true,"href":"https:\/\/cem-instruments.de\/de\/wp-json\/wp\/v2\/media\/31728"}],"wp:attachment":[{"href":"https:\/\/cem-instruments.de\/de\/wp-json\/wp\/v2\/media?parent=31727"}],"wp:term":[{"taxonomy":"product_brand","embeddable":true,"href":"https:\/\/cem-instruments.de\/de\/wp-json\/wp\/v2\/product_brand?post=31727"},{"taxonomy":"product_cat","embeddable":true,"href":"https:\/\/cem-instruments.de\/de\/wp-json\/wp\/v2\/product_cat?post=31727"},{"taxonomy":"product_tag","embeddable":true,"href":"https:\/\/cem-instruments.de\/de\/wp-json\/wp\/v2\/product_tag?post=31727"}],"curies":[{"name":"wp","href":"https:\/\/api.w.org\/{rel}","templated":true}]}}