{"id":31735,"date":"2024-10-29T11:11:41","date_gmt":"2024-10-29T10:11:41","guid":{"rendered":"https:\/\/cem-instruments.de\/de\/?post_type=product&#038;p=31735"},"modified":"2025-01-23T22:27:06","modified_gmt":"2025-01-23T21:27:06","slug":"ir97-lm-thermometer","status":"publish","type":"product","link":"https:\/\/cem-instruments.de\/de\/product\/ir97-lm-thermometer\/","title":{"rendered":"IR-97 Lebensmittelsicherheits-Infrarotthermometer"},"content":{"rendered":"\t\t<div data-elementor-type=\"wp-post\" data-elementor-id=\"31735\" class=\"elementor elementor-31735\" data-elementor-post-type=\"product\">\n\t\t\t\t<div class=\"wd-negative-gap elementor-element elementor-element-11aace2 e-flex e-con-boxed e-con e-parent\" data-id=\"11aace2\" data-element_type=\"container\">\n\t\t\t\t\t<div class=\"e-con-inner\">\n\t\t<div class=\"elementor-element elementor-element-4d8dd45 e-con-full e-flex e-con e-child\" data-id=\"4d8dd45\" data-element_type=\"container\">\n\t\t<div class=\"elementor-element elementor-element-82195db e-con-full e-flex e-con e-child\" data-id=\"82195db\" data-element_type=\"container\">\n\t\t<div class=\"elementor-element elementor-element-8a6aa08 e-con-full e-flex e-con e-child\" data-id=\"8a6aa08\" data-element_type=\"container\">\n\t\t\t\t<div class=\"elementor-element elementor-element-b3c61f7 e-n-tabs-mobile elementor-widget elementor-widget-n-tabs\" data-id=\"b3c61f7\" data-element_type=\"widget\" data-settings=\"{&quot;tabs_justify_horizontal&quot;:&quot;start&quot;,&quot;horizontal_scroll&quot;:&quot;disable&quot;}\" data-widget_type=\"nested-tabs.default\">\n\t\t\t\t<div class=\"elementor-widget-container\">\n\t\t\t\t\t\t\t<div class=\"e-n-tabs\" data-widget-number=\"188506615\" aria-label=\"Tabs. Open items with Enter or Space, close with Escape and navigate using the Arrow keys.\">\n\t\t\t<div class=\"e-n-tabs-heading\" role=\"tablist\">\n\t\t\t\t\t<button id=\"e-n-tab-title-1885066151\" class=\"e-n-tab-title\" aria-selected=\"true\" data-tab-index=\"1\" role=\"tab\" tabindex=\"0\" aria-controls=\"e-n-tab-content-1885066151\" style=\"--n-tabs-title-order: 1;\">\n\t\t\t\t\t\t<span class=\"e-n-tab-title-text\">\n\t\t\t\tDescription\t\t\t<\/span>\n\t\t<\/button>\n\t\t\t\t<button id=\"e-n-tab-title-1885066152\" class=\"e-n-tab-title\" aria-selected=\"false\" data-tab-index=\"2\" role=\"tab\" tabindex=\"-1\" aria-controls=\"e-n-tab-content-1885066152\" style=\"--n-tabs-title-order: 2;\">\n\t\t\t\t\t\t<span class=\"e-n-tab-title-text\">\n\t\t\t\tSpecification\t\t\t<\/span>\n\t\t<\/button>\n\t\t\t\t<button id=\"e-n-tab-title-1885066153\" class=\"e-n-tab-title\" aria-selected=\"false\" data-tab-index=\"3\" role=\"tab\" tabindex=\"-1\" aria-controls=\"e-n-tab-content-1885066153\" style=\"--n-tabs-title-order: 3;\">\n\t\t\t\t\t\t<span class=\"e-n-tab-title-text\">\n\t\t\t\tResources\t\t\t<\/span>\n\t\t<\/button>\n\t\t\t\t\t<\/div>\n\t\t\t<div class=\"e-n-tabs-content\">\n\t\t\t\t<div id=\"e-n-tab-content-1885066151\" role=\"tabpanel\" aria-labelledby=\"e-n-tab-title-1885066151\" data-tab-index=\"1\" style=\"--n-tabs-title-order: 1;\" class=\"e-active elementor-element elementor-element-e28e89b e-con-full e-flex e-con e-child\" data-id=\"e28e89b\" data-element_type=\"container\">\n\t\t<div class=\"wd-negative-gap elementor-element elementor-element-2bc3f4f e-flex e-con-boxed e-con e-child\" data-id=\"2bc3f4f\" data-element_type=\"container\">\n\t\t\t\t\t<div class=\"e-con-inner\">\n\t\t\t\t<div class=\"elementor-element elementor-element-98093ca elementor-widget elementor-widget-wd_text_block\" data-id=\"98093ca\" data-element_type=\"widget\" data-widget_type=\"wd_text_block.default\">\n\t\t\t\t<div class=\"elementor-widget-container\">\n\t\t\t\t\t\t\t<div class=\"wd-text-block reset-last-child text-left\">\n\t\t\t\n\t\t\t<p>Das IR-97 Lebensmittelsicherheits-Infrarotthermometer erm\u00f6glicht ber\u00fchrungslose Oberfl\u00e4chenscans und verf\u00fcgt \u00fcber ein Sondenthermometer zur Messung der Kerntemperatur. Ein integrierter Countdown-Timer mit Alarm \u00fcberwacht sowohl Linienkontrollen als auch Koch- und Abk\u00fchlintervalle.<\/p><h4>Features<\/h4>\n\t\t\t\t\t<\/div>\n\t\t\t\t\t\t<\/div>\n\t\t\t\t<\/div>\n\t\t\t\t\t<\/div>\n\t\t\t\t<\/div>\n\t\t\t\t<div class=\"elementor-element elementor-element-dbb2fcd elementor-widget elementor-widget-wd_image_or_svg\" data-id=\"dbb2fcd\" data-element_type=\"widget\" data-widget_type=\"wd_image_or_svg.default\">\n\t\t\t\t<div class=\"elementor-widget-container\">\n\t\t\t\t\t\n\t\t<div class=\"wd-image text-left\">\n\t\t\t\t\t\t\t\t<img width=\"379\" height=\"144\" data-public-id=\"kitchen and bathroom pic\/IR-97\/lqd8hhn2lkomavrfm6q3\/lqd8hhn2lkomavrfm6q3.png\" fetchpriority=\"high\" decoding=\"async\" src=\"https:\/\/res.cloudinary.com\/dathdmgqz\/images\/w_379,h_144,c_scale\/f_auto,q_auto\/v1730126364\/kitchen and bathroom pic\/IR-97\/lqd8hhn2lkomavrfm6q3\/lqd8hhn2lkomavrfm6q3.png?_i=AA\" class=\"attachment-full size-full wp-image-31740\" alt=\"\" data-format=\"png\" data-transformations=\"f_auto,q_auto\" data-version=\"1730126364\" data-seo=\"1\" data-responsive=\"1\" srcset=\"https:\/\/res.cloudinary.com\/dathdmgqz\/images\/w_379,h_144,c_scale\/f_auto,q_auto\/v1730126364\/kitchen and bathroom pic\/IR-97\/lqd8hhn2lkomavrfm6q3\/lqd8hhn2lkomavrfm6q3.png?_i=AA 379w, https:\/\/res.cloudinary.com\/dathdmgqz\/images\/w_248,h_94,c_scale\/f_auto,q_auto\/v1730126364\/kitchen and bathroom pic\/IR-97\/lqd8hhn2lkomavrfm6q3\/lqd8hhn2lkomavrfm6q3.png?_i=AA 248w\" sizes=\"(max-width: 379px) 100vw, 379px\" \/>\t\t\t\t\t<\/div>\n\n\t\t\t\t\t\t<\/div>\n\t\t\t\t<\/div>\n\t\t\t\t<\/div>\n\t\t<div id=\"e-n-tab-content-1885066152\" role=\"tabpanel\" aria-labelledby=\"e-n-tab-title-1885066152\" data-tab-index=\"2\" style=\"--n-tabs-title-order: 2;\" class=\" elementor-element elementor-element-6a5bd05 e-con-full e-flex e-con e-child\" data-id=\"6a5bd05\" data-element_type=\"container\">\n\t\t<div class=\"wd-negative-gap elementor-element elementor-element-669409a e-flex e-con-boxed e-con e-child\" data-id=\"669409a\" data-element_type=\"container\">\n\t\t\t\t\t<div class=\"e-con-inner\">\n\t\t\t\t<div class=\"elementor-element elementor-element-3d32326 elementor-widget elementor-widget-wd_image_or_svg\" data-id=\"3d32326\" data-element_type=\"widget\" data-widget_type=\"wd_image_or_svg.default\">\n\t\t\t\t<div class=\"elementor-widget-container\">\n\t\t\t\t\t\n\t\t<div class=\"wd-image text-left\">\n\t\t\t\t\t\t\t\t<img width=\"374\" height=\"160\" data-public-id=\"kitchen and bathroom pic\/IR-97\/tosenqlqtekhg4avprid\/tosenqlqtekhg4avprid.png\" decoding=\"async\" src=\"https:\/\/res.cloudinary.com\/dathdmgqz\/images\/w_374,h_160,c_scale\/f_auto,q_auto\/v1730126363\/kitchen and bathroom pic\/IR-97\/tosenqlqtekhg4avprid\/tosenqlqtekhg4avprid.png?_i=AA\" class=\"attachment-full size-full wp-image-31739\" alt=\"\" data-format=\"png\" data-transformations=\"f_auto,q_auto\" data-version=\"1730126363\" data-seo=\"1\" data-responsive=\"1\" srcset=\"https:\/\/res.cloudinary.com\/dathdmgqz\/images\/w_374,h_160,c_scale\/f_auto,q_auto\/v1730126363\/kitchen and bathroom pic\/IR-97\/tosenqlqtekhg4avprid\/tosenqlqtekhg4avprid.png?_i=AA 374w, https:\/\/res.cloudinary.com\/dathdmgqz\/images\/w_248,h_106,c_scale\/f_auto,q_auto\/v1730126363\/kitchen and bathroom pic\/IR-97\/tosenqlqtekhg4avprid\/tosenqlqtekhg4avprid.png?_i=AA 248w\" sizes=\"(max-width: 374px) 100vw, 374px\" \/>\t\t\t\t\t<\/div>\n\n\t\t\t\t\t\t<\/div>\n\t\t\t\t<\/div>\n\t\t\t\t\t<\/div>\n\t\t\t\t<\/div>\n\t\t\t\t<\/div>\n\t\t<div id=\"e-n-tab-content-1885066153\" role=\"tabpanel\" aria-labelledby=\"e-n-tab-title-1885066153\" data-tab-index=\"3\" style=\"--n-tabs-title-order: 3;\" class=\" elementor-element elementor-element-4c58c42 e-con-full e-flex e-con e-child\" data-id=\"4c58c42\" data-element_type=\"container\">\n\t\t<div class=\"elementor-element elementor-element-e751932 e-con-full e-flex e-con e-child\" data-id=\"e751932\" data-element_type=\"container\">\n\t\t\t\t<div class=\"elementor-element elementor-element-e138909 elementor-widget elementor-widget-wd_list\" data-id=\"e138909\" data-element_type=\"widget\" data-widget_type=\"wd_list.default\">\n\t\t\t\t<div class=\"elementor-widget-container\">\n\t\t\t\t\t\t\t<ul class=\"wd-list color-scheme- wd-fontsize-xs wd-type-icon wd-style-default text-left\">\n\t\t\t\t\t\t\t\t\t\t\t<li class=\"elementor-repeater-item-fe163c2\">\n\t\t\t\t\t\t\t\t\t\t\t<span class=\"wd-icon\"><svg class=\"e-font-icon-svg e-fas-star\" viewBox=\"0 0 576 512\" xmlns=\"http:\/\/www.w3.org\/2000\/svg\"><path d=\"M259.3 17.8L194 150.2 47.9 171.5c-26.2 3.8-36.7 36.1-17.7 54.6l105.7 103-25 145.5c-4.5 26.3 23.2 46 46.4 33.7L288 439.6l130.7 68.7c23.2 12.2 50.9-7.4 46.4-33.7l-25-145.5 105.7-103c19-18.5 8.5-50.8-17.7-54.6L382 150.2 316.7 17.8c-11.7-23.6-45.6-23.9-57.4 0z\"><\/path><\/svg><\/span>\t\t\t\t\t\n\t\t\t\t\t<span class=\"wd-list-content list-content\">\n\t\t\t\t\t\tapplication note\t\t\t\t\t<\/span>\n\n\t\t\t\t\t\t\t\t\t<\/li>\n\t\t\t\t\t<\/ul>\n\n\t\t\t\t\t\t<\/div>\n\t\t\t\t<\/div>\n\t\t\t\t<div class=\"elementor-element elementor-element-3860b07 elementor-widget elementor-widget-wd_list\" data-id=\"3860b07\" data-element_type=\"widget\" data-widget_type=\"wd_list.default\">\n\t\t\t\t<div class=\"elementor-widget-container\">\n\t\t\t\t\t\t\t<ul class=\"wd-list color-scheme-custom wd-fontsize-xs wd-type-icon wd-style-default text-left\">\n\t\t\t\t\t\t\t\t\t\t\t<li class=\"elementor-repeater-item-fe163c2\">\n\t\t\t\t\t\t\t\t\t\t\t<span class=\"wd-icon\"><svg class=\"e-font-icon-svg e-fas-star\" viewBox=\"0 0 576 512\" xmlns=\"http:\/\/www.w3.org\/2000\/svg\"><path d=\"M259.3 17.8L194 150.2 47.9 171.5c-26.2 3.8-36.7 36.1-17.7 54.6l105.7 103-25 145.5c-4.5 26.3 23.2 46 46.4 33.7L288 439.6l130.7 68.7c23.2 12.2 50.9-7.4 46.4-33.7l-25-145.5 105.7-103c19-18.5 8.5-50.8-17.7-54.6L382 150.2 316.7 17.8c-11.7-23.6-45.6-23.9-57.4 0z\"><\/path><\/svg><\/span>\t\t\t\t\t\n\t\t\t\t\t<span class=\"wd-list-content list-content\">\n\t\t\t\t\t\tdatasheet\t\t\t\t\t<\/span>\n\n\t\t\t\t\t\t\t\t\t<\/li>\n\t\t\t\t\t\t\t\t\t\t\t<li class=\"elementor-repeater-item-66113ab\">\n\t\t\t\t\t\t\t\t\t\t\t<span class=\"wd-icon\"><svg class=\"e-font-icon-svg e-fas-star\" viewBox=\"0 0 576 512\" xmlns=\"http:\/\/www.w3.org\/2000\/svg\"><path d=\"M259.3 17.8L194 150.2 47.9 171.5c-26.2 3.8-36.7 36.1-17.7 54.6l105.7 103-25 145.5c-4.5 26.3 23.2 46 46.4 33.7L288 439.6l130.7 68.7c23.2 12.2 50.9-7.4 46.4-33.7l-25-145.5 105.7-103c19-18.5 8.5-50.8-17.7-54.6L382 150.2 316.7 17.8c-11.7-23.6-45.6-23.9-57.4 0z\"><\/path><\/svg><\/span>\t\t\t\t\t\n\t\t\t\t\t<span class=\"wd-list-content list-content\">\n\t\t\t\t\t\tuser manual\t\t\t\t\t<\/span>\n\n\t\t\t\t\t\t\t\t\t<\/li>\n\t\t\t\t\t<\/ul>\n\n\t\t\t\t\t\t<\/div>\n\t\t\t\t<\/div>\n\t\t\t\t<\/div>\n\t\t<div class=\"elementor-element elementor-element-c34d2a3 e-con-full e-flex e-con e-child\" data-id=\"c34d2a3\" data-element_type=\"container\">\n\t\t\t\t<\/div>\n\t\t\t\t<\/div>\n\t\t\t\t\t<\/div>\n\t\t<\/div>\n\t\t\t\t\t\t<\/div>\n\t\t\t\t<\/div>\n\t\t\t\t<\/div>\n\t\t\t\t<\/div>\n\t\t\t\t<\/div>\n\t\t\t\t\t<\/div>\n\t\t\t\t<\/div>\n\t\t\t\t<\/div>\n\t\t","protected":false},"excerpt":{"rendered":"<p>Das IR-97 Lebensmittelsicherheits-Infrarotthermometer erm\u00f6glicht ber\u00fchrungslose Oberfl\u00e4chenscans und verf\u00fcgt \u00fcber ein Sondenthermometer zur Messung der Kerntemperatur. Ein integrierter Countdown-Timer mit Alarm \u00fcberwacht sowohl Linienkontrollen als auch Koch- und Abk\u00fchlintervalle.<\/p>\n","protected":false},"featured_media":31736,"template":"","meta":{"_cloudinary_featured_overwrite":false},"product_brand":[],"product_cat":[427],"product_tag":[],"class_list":{"0":"post-31735","1":"product","2":"type-product","3":"status-publish","4":"has-post-thumbnail","6":"product_cat-food_safety","8":"first","9":"instock","10":"shipping-taxable","11":"product-type-simple"},"yoast_head":"<!-- This site is optimized with the Yoast SEO plugin v24.3 - https:\/\/yoast.com\/wordpress\/plugins\/seo\/ -->\n<title>IR-97 Lebensmittelsicherheits-Infrarotthermometer - CEM Test Instruments GmbH<\/title>\n<meta name=\"description\" content=\"Das IR-97 Lebensmittelsicherheits-Infrarotthermometer erm\u00f6glicht ber\u00fchrungslose Oberfl\u00e4chenscans und verf\u00fcgt \u00fcber ein Sondenthermometer zur Messung der Kerntemperatur. Ein integrierter Countdown-Timer mit Alarm \u00fcberwacht sowohl Linienkontrollen als auch Koch- und Abk\u00fchlintervalle.\" \/>\n<meta name=\"robots\" content=\"index, follow, max-snippet:-1, max-image-preview:large, max-video-preview:-1\" \/>\n<link rel=\"canonical\" href=\"https:\/\/cem-instruments.de\/de\/product\/ir97-lm-thermometer\/\" \/>\n<meta property=\"og:locale\" content=\"de_DE\" \/>\n<meta property=\"og:type\" content=\"article\" \/>\n<meta property=\"og:title\" content=\"IR-97 Lebensmittelsicherheits-Infrarotthermometer - CEM Test Instruments GmbH\" \/>\n<meta property=\"og:description\" content=\"Das IR-97 Lebensmittelsicherheits-Infrarotthermometer erm\u00f6glicht ber\u00fchrungslose Oberfl\u00e4chenscans und verf\u00fcgt \u00fcber ein Sondenthermometer zur Messung der Kerntemperatur. Ein integrierter Countdown-Timer mit Alarm \u00fcberwacht sowohl Linienkontrollen als auch Koch- und Abk\u00fchlintervalle.\" \/>\n<meta property=\"og:url\" content=\"https:\/\/cem-instruments.de\/de\/product\/ir97-lm-thermometer\/\" \/>\n<meta property=\"og:site_name\" content=\"CEM Test Instruments GmbH\" \/>\n<meta property=\"article:modified_time\" content=\"2025-01-23T21:27:06+00:00\" \/>\n<meta property=\"og:image\" content=\"https:\/\/res.cloudinary.com\/dathdmgqz\/images\/f_auto,q_auto\/v1730126364\/kitchen and bathroom pic\/IR-97\/ochczaszqackqcmekiu2\/ochczaszqackqcmekiu2.jpg?_i=AA\" \/>\n\t<meta property=\"og:image:width\" content=\"540\" \/>\n\t<meta property=\"og:image:height\" content=\"720\" \/>\n\t<meta property=\"og:image:type\" content=\"image\/jpeg\" \/>\n<meta name=\"twitter:card\" content=\"summary_large_image\" \/>\n<meta name=\"twitter:label1\" content=\"Gesch\u00e4tzte Lesezeit\" \/>\n\t<meta name=\"twitter:data1\" content=\"2\u00a0Minuten\" \/>\n<script type=\"application\/ld+json\" class=\"yoast-schema-graph\">{\"@context\":\"https:\/\/schema.org\",\"@graph\":[{\"@type\":\"WebPage\",\"@id\":\"https:\/\/cem-instruments.de\/de\/product\/ir97-lm-thermometer\/\",\"url\":\"https:\/\/cem-instruments.de\/de\/product\/ir97-lm-thermometer\/\",\"name\":\"IR-97 Lebensmittelsicherheits-Infrarotthermometer - CEM Test Instruments GmbH\",\"isPartOf\":{\"@id\":\"https:\/\/cem-instruments.de\/de\/#website\"},\"primaryImageOfPage\":{\"@id\":\"https:\/\/cem-instruments.de\/de\/product\/ir97-lm-thermometer\/#primaryimage\"},\"image\":{\"@id\":\"https:\/\/cem-instruments.de\/de\/product\/ir97-lm-thermometer\/#primaryimage\"},\"thumbnailUrl\":\"https:\/\/res.cloudinary.com\/dathdmgqz\/images\/f_auto,q_auto\/v1730126364\/kitchen and bathroom pic\/IR-97\/ochczaszqackqcmekiu2\/ochczaszqackqcmekiu2.jpg?_i=AA\",\"datePublished\":\"2024-10-29T10:11:41+00:00\",\"dateModified\":\"2025-01-23T21:27:06+00:00\",\"description\":\"Das IR-97 Lebensmittelsicherheits-Infrarotthermometer erm\u00f6glicht ber\u00fchrungslose Oberfl\u00e4chenscans und verf\u00fcgt \u00fcber ein Sondenthermometer zur Messung der Kerntemperatur. Ein integrierter Countdown-Timer mit Alarm \u00fcberwacht sowohl Linienkontrollen als auch Koch- und Abk\u00fchlintervalle.\",\"breadcrumb\":{\"@id\":\"https:\/\/cem-instruments.de\/de\/product\/ir97-lm-thermometer\/#breadcrumb\"},\"inLanguage\":\"de\",\"potentialAction\":[{\"@type\":\"ReadAction\",\"target\":[\"https:\/\/cem-instruments.de\/de\/product\/ir97-lm-thermometer\/\"]}]},{\"@type\":\"ImageObject\",\"inLanguage\":\"de\",\"@id\":\"https:\/\/cem-instruments.de\/de\/product\/ir97-lm-thermometer\/#primaryimage\",\"url\":\"https:\/\/res.cloudinary.com\/dathdmgqz\/images\/f_auto,q_auto\/v1730126364\/kitchen and bathroom pic\/IR-97\/ochczaszqackqcmekiu2\/ochczaszqackqcmekiu2.jpg?_i=AA\",\"contentUrl\":\"https:\/\/res.cloudinary.com\/dathdmgqz\/images\/f_auto,q_auto\/v1730126364\/kitchen and bathroom pic\/IR-97\/ochczaszqackqcmekiu2\/ochczaszqackqcmekiu2.jpg?_i=AA\",\"width\":540,\"height\":720},{\"@type\":\"BreadcrumbList\",\"@id\":\"https:\/\/cem-instruments.de\/de\/product\/ir97-lm-thermometer\/#breadcrumb\",\"itemListElement\":[{\"@type\":\"ListItem\",\"position\":1,\"name\":\"Home\",\"item\":\"https:\/\/cem-instruments.de\/de\/\"},{\"@type\":\"ListItem\",\"position\":2,\"name\":\"Products\",\"item\":\"https:\/\/cem-instruments.de\/de\/shop\/\"},{\"@type\":\"ListItem\",\"position\":3,\"name\":\"IR-97 Lebensmittelsicherheits-Infrarotthermometer\"}]},{\"@type\":\"WebSite\",\"@id\":\"https:\/\/cem-instruments.de\/de\/#website\",\"url\":\"https:\/\/cem-instruments.de\/de\/\",\"name\":\"CEM Test Instruments GmbH\",\"description\":\"CEM Test Instruments GmbH\",\"publisher\":{\"@id\":\"https:\/\/cem-instruments.de\/de\/#organization\"},\"alternateName\":\"best partner for electronic instruments\",\"potentialAction\":[{\"@type\":\"SearchAction\",\"target\":{\"@type\":\"EntryPoint\",\"urlTemplate\":\"https:\/\/cem-instruments.de\/de\/?s={search_term_string}\"},\"query-input\":{\"@type\":\"PropertyValueSpecification\",\"valueRequired\":true,\"valueName\":\"search_term_string\"}}],\"inLanguage\":\"de\"},{\"@type\":\"Organization\",\"@id\":\"https:\/\/cem-instruments.de\/de\/#organization\",\"name\":\"CEM Test Instruments GmbH\",\"url\":\"https:\/\/cem-instruments.de\/de\/\",\"logo\":{\"@type\":\"ImageObject\",\"inLanguage\":\"de\",\"@id\":\"https:\/\/cem-instruments.de\/de\/#\/schema\/logo\/image\/\",\"url\":\"https:\/\/res.cloudinary.com\/dathdmgqz\/images\/f_auto,q_auto\/v1728637129\/cropped-2024-10-11-10_57_57-cem-instruments.de-\u2013-CEM-instruments-GmbH\/cropped-2024-10-11-10_57_57-cem-instruments.de-\u2013-CEM-instruments-GmbH.jpg?_i=AA\",\"contentUrl\":\"https:\/\/res.cloudinary.com\/dathdmgqz\/images\/f_auto,q_auto\/v1728637129\/cropped-2024-10-11-10_57_57-cem-instruments.de-\u2013-CEM-instruments-GmbH\/cropped-2024-10-11-10_57_57-cem-instruments.de-\u2013-CEM-instruments-GmbH.jpg?_i=AA\",\"width\":512,\"height\":512,\"caption\":\"CEM Test Instruments GmbH\"},\"image\":{\"@id\":\"https:\/\/cem-instruments.de\/de\/#\/schema\/logo\/image\/\"}}]}<\/script>\n<!-- \/ Yoast SEO plugin. -->","yoast_head_json":{"title":"IR-97 Lebensmittelsicherheits-Infrarotthermometer - CEM Test Instruments GmbH","description":"Das IR-97 Lebensmittelsicherheits-Infrarotthermometer erm\u00f6glicht ber\u00fchrungslose Oberfl\u00e4chenscans und verf\u00fcgt \u00fcber ein Sondenthermometer zur Messung der Kerntemperatur. Ein integrierter Countdown-Timer mit Alarm \u00fcberwacht sowohl Linienkontrollen als auch Koch- und Abk\u00fchlintervalle.","robots":{"index":"index","follow":"follow","max-snippet":"max-snippet:-1","max-image-preview":"max-image-preview:large","max-video-preview":"max-video-preview:-1"},"canonical":"https:\/\/cem-instruments.de\/de\/product\/ir97-lm-thermometer\/","og_locale":"de_DE","og_type":"article","og_title":"IR-97 Lebensmittelsicherheits-Infrarotthermometer - CEM Test Instruments GmbH","og_description":"Das IR-97 Lebensmittelsicherheits-Infrarotthermometer erm\u00f6glicht ber\u00fchrungslose Oberfl\u00e4chenscans und verf\u00fcgt \u00fcber ein Sondenthermometer zur Messung der Kerntemperatur. Ein integrierter Countdown-Timer mit Alarm \u00fcberwacht sowohl Linienkontrollen als auch Koch- und Abk\u00fchlintervalle.","og_url":"https:\/\/cem-instruments.de\/de\/product\/ir97-lm-thermometer\/","og_site_name":"CEM Test Instruments GmbH","article_modified_time":"2025-01-23T21:27:06+00:00","og_image":[{"width":540,"height":720,"url":"https:\/\/res.cloudinary.com\/dathdmgqz\/images\/f_auto,q_auto\/v1730126364\/kitchen and bathroom pic\/IR-97\/ochczaszqackqcmekiu2\/ochczaszqackqcmekiu2.jpg?_i=AA","type":"image\/jpeg"}],"twitter_card":"summary_large_image","twitter_misc":{"Gesch\u00e4tzte Lesezeit":"2\u00a0Minuten"},"schema":{"@context":"https:\/\/schema.org","@graph":[{"@type":"WebPage","@id":"https:\/\/cem-instruments.de\/de\/product\/ir97-lm-thermometer\/","url":"https:\/\/cem-instruments.de\/de\/product\/ir97-lm-thermometer\/","name":"IR-97 Lebensmittelsicherheits-Infrarotthermometer - CEM Test Instruments GmbH","isPartOf":{"@id":"https:\/\/cem-instruments.de\/de\/#website"},"primaryImageOfPage":{"@id":"https:\/\/cem-instruments.de\/de\/product\/ir97-lm-thermometer\/#primaryimage"},"image":{"@id":"https:\/\/cem-instruments.de\/de\/product\/ir97-lm-thermometer\/#primaryimage"},"thumbnailUrl":"https:\/\/res.cloudinary.com\/dathdmgqz\/images\/f_auto,q_auto\/v1730126364\/kitchen and bathroom pic\/IR-97\/ochczaszqackqcmekiu2\/ochczaszqackqcmekiu2.jpg?_i=AA","datePublished":"2024-10-29T10:11:41+00:00","dateModified":"2025-01-23T21:27:06+00:00","description":"Das IR-97 Lebensmittelsicherheits-Infrarotthermometer erm\u00f6glicht ber\u00fchrungslose Oberfl\u00e4chenscans und verf\u00fcgt \u00fcber ein Sondenthermometer zur Messung der Kerntemperatur. Ein integrierter Countdown-Timer mit Alarm \u00fcberwacht sowohl Linienkontrollen als auch Koch- und Abk\u00fchlintervalle.","breadcrumb":{"@id":"https:\/\/cem-instruments.de\/de\/product\/ir97-lm-thermometer\/#breadcrumb"},"inLanguage":"de","potentialAction":[{"@type":"ReadAction","target":["https:\/\/cem-instruments.de\/de\/product\/ir97-lm-thermometer\/"]}]},{"@type":"ImageObject","inLanguage":"de","@id":"https:\/\/cem-instruments.de\/de\/product\/ir97-lm-thermometer\/#primaryimage","url":"https:\/\/res.cloudinary.com\/dathdmgqz\/images\/f_auto,q_auto\/v1730126364\/kitchen and bathroom pic\/IR-97\/ochczaszqackqcmekiu2\/ochczaszqackqcmekiu2.jpg?_i=AA","contentUrl":"https:\/\/res.cloudinary.com\/dathdmgqz\/images\/f_auto,q_auto\/v1730126364\/kitchen and bathroom pic\/IR-97\/ochczaszqackqcmekiu2\/ochczaszqackqcmekiu2.jpg?_i=AA","width":540,"height":720},{"@type":"BreadcrumbList","@id":"https:\/\/cem-instruments.de\/de\/product\/ir97-lm-thermometer\/#breadcrumb","itemListElement":[{"@type":"ListItem","position":1,"name":"Home","item":"https:\/\/cem-instruments.de\/de\/"},{"@type":"ListItem","position":2,"name":"Products","item":"https:\/\/cem-instruments.de\/de\/shop\/"},{"@type":"ListItem","position":3,"name":"IR-97 Lebensmittelsicherheits-Infrarotthermometer"}]},{"@type":"WebSite","@id":"https:\/\/cem-instruments.de\/de\/#website","url":"https:\/\/cem-instruments.de\/de\/","name":"CEM Test Instruments GmbH","description":"CEM Test Instruments GmbH","publisher":{"@id":"https:\/\/cem-instruments.de\/de\/#organization"},"alternateName":"best partner for electronic instruments","potentialAction":[{"@type":"SearchAction","target":{"@type":"EntryPoint","urlTemplate":"https:\/\/cem-instruments.de\/de\/?s={search_term_string}"},"query-input":{"@type":"PropertyValueSpecification","valueRequired":true,"valueName":"search_term_string"}}],"inLanguage":"de"},{"@type":"Organization","@id":"https:\/\/cem-instruments.de\/de\/#organization","name":"CEM Test Instruments GmbH","url":"https:\/\/cem-instruments.de\/de\/","logo":{"@type":"ImageObject","inLanguage":"de","@id":"https:\/\/cem-instruments.de\/de\/#\/schema\/logo\/image\/","url":"https:\/\/res.cloudinary.com\/dathdmgqz\/images\/f_auto,q_auto\/v1728637129\/cropped-2024-10-11-10_57_57-cem-instruments.de-\u2013-CEM-instruments-GmbH\/cropped-2024-10-11-10_57_57-cem-instruments.de-\u2013-CEM-instruments-GmbH.jpg?_i=AA","contentUrl":"https:\/\/res.cloudinary.com\/dathdmgqz\/images\/f_auto,q_auto\/v1728637129\/cropped-2024-10-11-10_57_57-cem-instruments.de-\u2013-CEM-instruments-GmbH\/cropped-2024-10-11-10_57_57-cem-instruments.de-\u2013-CEM-instruments-GmbH.jpg?_i=AA","width":512,"height":512,"caption":"CEM Test Instruments GmbH"},"image":{"@id":"https:\/\/cem-instruments.de\/de\/#\/schema\/logo\/image\/"}}]}},"_links":{"self":[{"href":"https:\/\/cem-instruments.de\/de\/wp-json\/wp\/v2\/product\/31735","targetHints":{"allow":["GET"]}}],"collection":[{"href":"https:\/\/cem-instruments.de\/de\/wp-json\/wp\/v2\/product"}],"about":[{"href":"https:\/\/cem-instruments.de\/de\/wp-json\/wp\/v2\/types\/product"}],"version-history":[{"count":5,"href":"https:\/\/cem-instruments.de\/de\/wp-json\/wp\/v2\/product\/31735\/revisions"}],"predecessor-version":[{"id":32035,"href":"https:\/\/cem-instruments.de\/de\/wp-json\/wp\/v2\/product\/31735\/revisions\/32035"}],"wp:featuredmedia":[{"embeddable":true,"href":"https:\/\/cem-instruments.de\/de\/wp-json\/wp\/v2\/media\/31736"}],"wp:attachment":[{"href":"https:\/\/cem-instruments.de\/de\/wp-json\/wp\/v2\/media?parent=31735"}],"wp:term":[{"taxonomy":"product_brand","embeddable":true,"href":"https:\/\/cem-instruments.de\/de\/wp-json\/wp\/v2\/product_brand?post=31735"},{"taxonomy":"product_cat","embeddable":true,"href":"https:\/\/cem-instruments.de\/de\/wp-json\/wp\/v2\/product_cat?post=31735"},{"taxonomy":"product_tag","embeddable":true,"href":"https:\/\/cem-instruments.de\/de\/wp-json\/wp\/v2\/product_tag?post=31735"}],"curies":[{"name":"wp","href":"https:\/\/api.w.org\/{rel}","templated":true}]}}