{"id":31744,"date":"2024-10-29T11:14:51","date_gmt":"2024-10-29T10:14:51","guid":{"rendered":"https:\/\/cem-instruments.de\/de\/?post_type=product&#038;p=31744"},"modified":"2025-01-23T22:26:47","modified_gmt":"2025-01-23T21:26:47","slug":"ir95-lm-thermometer","status":"publish","type":"product","link":"https:\/\/cem-instruments.de\/de\/product\/ir95-lm-thermometer\/","title":{"rendered":"IR-95 Lebensmittelsicherheits-Infrarotthermometer"},"content":{"rendered":"\t\t<div data-elementor-type=\"wp-post\" data-elementor-id=\"31744\" class=\"elementor elementor-31744\" data-elementor-post-type=\"product\">\n\t\t\t\t<div class=\"wd-negative-gap elementor-element elementor-element-cebf4cf e-flex e-con-boxed e-con e-parent\" data-id=\"cebf4cf\" data-element_type=\"container\">\n\t\t\t\t\t<div class=\"e-con-inner\">\n\t\t<div class=\"elementor-element elementor-element-5279fcc e-con-full e-flex e-con e-child\" data-id=\"5279fcc\" data-element_type=\"container\">\n\t\t<div class=\"elementor-element elementor-element-ce7cdf8 e-con-full e-flex e-con e-child\" data-id=\"ce7cdf8\" data-element_type=\"container\">\n\t\t<div class=\"elementor-element elementor-element-b5eef05 e-con-full e-flex e-con e-child\" data-id=\"b5eef05\" data-element_type=\"container\">\n\t\t\t\t<div class=\"elementor-element elementor-element-145fc0d e-n-tabs-mobile elementor-widget elementor-widget-n-tabs\" data-id=\"145fc0d\" data-element_type=\"widget\" data-settings=\"{&quot;tabs_justify_horizontal&quot;:&quot;start&quot;,&quot;horizontal_scroll&quot;:&quot;disable&quot;}\" data-widget_type=\"nested-tabs.default\">\n\t\t\t\t<div class=\"elementor-widget-container\">\n\t\t\t\t\t\t\t<div class=\"e-n-tabs\" data-widget-number=\"21363725\" aria-label=\"Tabs. Open items with Enter or Space, close with Escape and navigate using the Arrow keys.\">\n\t\t\t<div class=\"e-n-tabs-heading\" role=\"tablist\">\n\t\t\t\t\t<button id=\"e-n-tab-title-213637251\" class=\"e-n-tab-title\" aria-selected=\"true\" data-tab-index=\"1\" role=\"tab\" tabindex=\"0\" aria-controls=\"e-n-tab-content-213637251\" style=\"--n-tabs-title-order: 1;\">\n\t\t\t\t\t\t<span class=\"e-n-tab-title-text\">\n\t\t\t\tDescription\t\t\t<\/span>\n\t\t<\/button>\n\t\t\t\t<button id=\"e-n-tab-title-213637252\" class=\"e-n-tab-title\" aria-selected=\"false\" data-tab-index=\"2\" role=\"tab\" tabindex=\"-1\" aria-controls=\"e-n-tab-content-213637252\" style=\"--n-tabs-title-order: 2;\">\n\t\t\t\t\t\t<span class=\"e-n-tab-title-text\">\n\t\t\t\tSpecification\t\t\t<\/span>\n\t\t<\/button>\n\t\t\t\t<button id=\"e-n-tab-title-213637253\" class=\"e-n-tab-title\" aria-selected=\"false\" data-tab-index=\"3\" role=\"tab\" tabindex=\"-1\" aria-controls=\"e-n-tab-content-213637253\" style=\"--n-tabs-title-order: 3;\">\n\t\t\t\t\t\t<span class=\"e-n-tab-title-text\">\n\t\t\t\tResources\t\t\t<\/span>\n\t\t<\/button>\n\t\t\t\t\t<\/div>\n\t\t\t<div class=\"e-n-tabs-content\">\n\t\t\t\t<div id=\"e-n-tab-content-213637251\" role=\"tabpanel\" aria-labelledby=\"e-n-tab-title-213637251\" data-tab-index=\"1\" style=\"--n-tabs-title-order: 1;\" class=\"e-active elementor-element elementor-element-5a4cc3f e-con-full e-flex e-con e-child\" data-id=\"5a4cc3f\" data-element_type=\"container\">\n\t\t<div class=\"wd-negative-gap elementor-element elementor-element-27ef40d e-flex e-con-boxed e-con e-child\" data-id=\"27ef40d\" data-element_type=\"container\">\n\t\t\t\t\t<div class=\"e-con-inner\">\n\t\t\t\t<div class=\"elementor-element elementor-element-ab1feda elementor-widget elementor-widget-wd_text_block\" data-id=\"ab1feda\" data-element_type=\"widget\" data-widget_type=\"wd_text_block.default\">\n\t\t\t\t<div class=\"elementor-widget-container\">\n\t\t\t\t\t\t\t<div class=\"wd-text-block reset-last-child text-left\">\n\t\t\t\n\t\t\t<p>Das IR-95 Lebensmittelsicherheits-Infrarot- und Kontaktthermometer f\u00fcr Oberfl\u00e4chenscans mit einem Sondenthermometer und Alarm\u00fcberwachung zur Messung der Kerntemperatur.<\/p><h4>Features<\/h4>\n\t\t\t\t\t<\/div>\n\t\t\t\t\t\t<\/div>\n\t\t\t\t<\/div>\n\t\t\t\t\t<\/div>\n\t\t\t\t<\/div>\n\t\t\t\t<div class=\"elementor-element elementor-element-1c9d692 elementor-widget elementor-widget-wd_image_or_svg\" data-id=\"1c9d692\" data-element_type=\"widget\" data-widget_type=\"wd_image_or_svg.default\">\n\t\t\t\t<div class=\"elementor-widget-container\">\n\t\t\t\t\t\n\t\t<div class=\"wd-image text-left\">\n\t\t\t\t\t\t\t\t<img width=\"378\" height=\"201\" data-public-id=\"kitchen and bathroom pic\/IR-95\/z5gbiszhk0exr5wnrkfj\/z5gbiszhk0exr5wnrkfj.png\" fetchpriority=\"high\" decoding=\"async\" src=\"https:\/\/res.cloudinary.com\/dathdmgqz\/images\/w_378,h_201,c_scale\/f_auto,q_auto\/v1730126363\/kitchen and bathroom pic\/IR-95\/z5gbiszhk0exr5wnrkfj\/z5gbiszhk0exr5wnrkfj.png?_i=AA\" class=\"attachment-full size-full wp-image-31748\" alt=\"\" data-format=\"png\" data-transformations=\"f_auto,q_auto\" data-version=\"1730126363\" data-seo=\"1\" data-responsive=\"1\" srcset=\"https:\/\/res.cloudinary.com\/dathdmgqz\/images\/w_378,h_201,c_scale\/f_auto,q_auto\/v1730126363\/kitchen and bathroom pic\/IR-95\/z5gbiszhk0exr5wnrkfj\/z5gbiszhk0exr5wnrkfj.png?_i=AA 378w, https:\/\/res.cloudinary.com\/dathdmgqz\/images\/w_248,h_131,c_scale\/f_auto,q_auto\/v1730126363\/kitchen and bathroom pic\/IR-95\/z5gbiszhk0exr5wnrkfj\/z5gbiszhk0exr5wnrkfj.png?_i=AA 248w\" sizes=\"(max-width: 378px) 100vw, 378px\" \/>\t\t\t\t\t<\/div>\n\n\t\t\t\t\t\t<\/div>\n\t\t\t\t<\/div>\n\t\t\t\t<\/div>\n\t\t<div id=\"e-n-tab-content-213637252\" role=\"tabpanel\" aria-labelledby=\"e-n-tab-title-213637252\" data-tab-index=\"2\" style=\"--n-tabs-title-order: 2;\" class=\" elementor-element elementor-element-d3ca32c e-con-full e-flex e-con e-child\" data-id=\"d3ca32c\" data-element_type=\"container\">\n\t\t<div class=\"wd-negative-gap elementor-element elementor-element-fb49c86 e-flex e-con-boxed e-con e-child\" data-id=\"fb49c86\" data-element_type=\"container\">\n\t\t\t\t\t<div class=\"e-con-inner\">\n\t\t\t\t<div class=\"elementor-element elementor-element-fed1f9a elementor-widget elementor-widget-wd_image_or_svg\" data-id=\"fed1f9a\" data-element_type=\"widget\" data-widget_type=\"wd_image_or_svg.default\">\n\t\t\t\t<div class=\"elementor-widget-container\">\n\t\t\t\t\t\n\t\t<div class=\"wd-image text-left\">\n\t\t\t\t\t\t\t\t<img width=\"376\" height=\"162\" data-public-id=\"kitchen and bathroom pic\/IR-95\/ynksdoglsxguikuhiowy\/ynksdoglsxguikuhiowy.png\" decoding=\"async\" src=\"https:\/\/res.cloudinary.com\/dathdmgqz\/images\/w_376,h_162,c_scale\/f_auto,q_auto\/v1730126363\/kitchen and bathroom pic\/IR-95\/ynksdoglsxguikuhiowy\/ynksdoglsxguikuhiowy.png?_i=AA\" class=\"attachment-full size-full wp-image-31747\" alt=\"\" data-format=\"png\" data-transformations=\"f_auto,q_auto\" data-version=\"1730126363\" data-seo=\"1\" data-responsive=\"1\" srcset=\"https:\/\/res.cloudinary.com\/dathdmgqz\/images\/w_376,h_162,c_scale\/f_auto,q_auto\/v1730126363\/kitchen and bathroom pic\/IR-95\/ynksdoglsxguikuhiowy\/ynksdoglsxguikuhiowy.png?_i=AA 376w, https:\/\/res.cloudinary.com\/dathdmgqz\/images\/w_248,h_106,c_scale\/f_auto,q_auto\/v1730126363\/kitchen and bathroom pic\/IR-95\/ynksdoglsxguikuhiowy\/ynksdoglsxguikuhiowy.png?_i=AA 248w\" sizes=\"(max-width: 376px) 100vw, 376px\" \/>\t\t\t\t\t<\/div>\n\n\t\t\t\t\t\t<\/div>\n\t\t\t\t<\/div>\n\t\t\t\t\t<\/div>\n\t\t\t\t<\/div>\n\t\t\t\t<\/div>\n\t\t<div id=\"e-n-tab-content-213637253\" role=\"tabpanel\" aria-labelledby=\"e-n-tab-title-213637253\" data-tab-index=\"3\" style=\"--n-tabs-title-order: 3;\" class=\" elementor-element elementor-element-545762a e-con-full e-flex e-con e-child\" data-id=\"545762a\" data-element_type=\"container\">\n\t\t<div class=\"elementor-element elementor-element-f6d7f2b e-con-full e-flex e-con e-child\" data-id=\"f6d7f2b\" data-element_type=\"container\">\n\t\t\t\t<div class=\"elementor-element elementor-element-5deccbf elementor-widget elementor-widget-wd_list\" data-id=\"5deccbf\" data-element_type=\"widget\" data-widget_type=\"wd_list.default\">\n\t\t\t\t<div class=\"elementor-widget-container\">\n\t\t\t\t\t\t\t<ul class=\"wd-list color-scheme- wd-fontsize-xs wd-type-icon wd-style-default text-left\">\n\t\t\t\t\t\t\t\t\t\t\t<li class=\"elementor-repeater-item-fe163c2\">\n\t\t\t\t\t\t\t\t\t\t\t<span class=\"wd-icon\"><svg class=\"e-font-icon-svg e-fas-star\" viewBox=\"0 0 576 512\" xmlns=\"http:\/\/www.w3.org\/2000\/svg\"><path d=\"M259.3 17.8L194 150.2 47.9 171.5c-26.2 3.8-36.7 36.1-17.7 54.6l105.7 103-25 145.5c-4.5 26.3 23.2 46 46.4 33.7L288 439.6l130.7 68.7c23.2 12.2 50.9-7.4 46.4-33.7l-25-145.5 105.7-103c19-18.5 8.5-50.8-17.7-54.6L382 150.2 316.7 17.8c-11.7-23.6-45.6-23.9-57.4 0z\"><\/path><\/svg><\/span>\t\t\t\t\t\n\t\t\t\t\t<span class=\"wd-list-content list-content\">\n\t\t\t\t\t\tapplication note\t\t\t\t\t<\/span>\n\n\t\t\t\t\t\t\t\t\t<\/li>\n\t\t\t\t\t<\/ul>\n\n\t\t\t\t\t\t<\/div>\n\t\t\t\t<\/div>\n\t\t\t\t<div class=\"elementor-element elementor-element-d887b0e elementor-widget elementor-widget-wd_list\" data-id=\"d887b0e\" data-element_type=\"widget\" data-widget_type=\"wd_list.default\">\n\t\t\t\t<div class=\"elementor-widget-container\">\n\t\t\t\t\t\t\t<ul class=\"wd-list color-scheme-custom wd-fontsize-xs wd-type-icon wd-style-default text-left\">\n\t\t\t\t\t\t\t\t\t\t\t<li class=\"elementor-repeater-item-fe163c2\">\n\t\t\t\t\t\t\t\t\t\t\t<span class=\"wd-icon\"><svg class=\"e-font-icon-svg e-fas-star\" viewBox=\"0 0 576 512\" xmlns=\"http:\/\/www.w3.org\/2000\/svg\"><path d=\"M259.3 17.8L194 150.2 47.9 171.5c-26.2 3.8-36.7 36.1-17.7 54.6l105.7 103-25 145.5c-4.5 26.3 23.2 46 46.4 33.7L288 439.6l130.7 68.7c23.2 12.2 50.9-7.4 46.4-33.7l-25-145.5 105.7-103c19-18.5 8.5-50.8-17.7-54.6L382 150.2 316.7 17.8c-11.7-23.6-45.6-23.9-57.4 0z\"><\/path><\/svg><\/span>\t\t\t\t\t\n\t\t\t\t\t<span class=\"wd-list-content list-content\">\n\t\t\t\t\t\tdatasheet\t\t\t\t\t<\/span>\n\n\t\t\t\t\t\t\t\t\t<\/li>\n\t\t\t\t\t\t\t\t\t\t\t<li class=\"elementor-repeater-item-66113ab\">\n\t\t\t\t\t\t\t\t\t\t\t<span class=\"wd-icon\"><svg class=\"e-font-icon-svg e-fas-star\" viewBox=\"0 0 576 512\" xmlns=\"http:\/\/www.w3.org\/2000\/svg\"><path d=\"M259.3 17.8L194 150.2 47.9 171.5c-26.2 3.8-36.7 36.1-17.7 54.6l105.7 103-25 145.5c-4.5 26.3 23.2 46 46.4 33.7L288 439.6l130.7 68.7c23.2 12.2 50.9-7.4 46.4-33.7l-25-145.5 105.7-103c19-18.5 8.5-50.8-17.7-54.6L382 150.2 316.7 17.8c-11.7-23.6-45.6-23.9-57.4 0z\"><\/path><\/svg><\/span>\t\t\t\t\t\n\t\t\t\t\t<span class=\"wd-list-content list-content\">\n\t\t\t\t\t\tuser manual\t\t\t\t\t<\/span>\n\n\t\t\t\t\t\t\t\t\t<\/li>\n\t\t\t\t\t<\/ul>\n\n\t\t\t\t\t\t<\/div>\n\t\t\t\t<\/div>\n\t\t\t\t<\/div>\n\t\t<div class=\"elementor-element elementor-element-5c7cffb e-con-full e-flex e-con e-child\" data-id=\"5c7cffb\" data-element_type=\"container\">\n\t\t\t\t<\/div>\n\t\t\t\t<\/div>\n\t\t\t\t\t<\/div>\n\t\t<\/div>\n\t\t\t\t\t\t<\/div>\n\t\t\t\t<\/div>\n\t\t\t\t<\/div>\n\t\t\t\t<\/div>\n\t\t\t\t<\/div>\n\t\t\t\t\t<\/div>\n\t\t\t\t<\/div>\n\t\t\t\t<\/div>\n\t\t","protected":false},"excerpt":{"rendered":"<p>Das IR-95 Lebensmittelsicherheits-Infrarot- und Kontaktthermometer f\u00fcr Oberfl\u00e4chenscans mit einem Sondenthermometer und Alarm\u00fcberwachung zur Messung der Kerntemperatur.<\/p>\n","protected":false},"featured_media":31745,"template":"","meta":{"_cloudinary_featured_overwrite":false},"product_brand":[],"product_cat":[427],"product_tag":[],"class_list":{"0":"post-31744","1":"product","2":"type-product","3":"status-publish","4":"has-post-thumbnail","6":"product_cat-food_safety","8":"first","9":"instock","10":"shipping-taxable","11":"product-type-simple"},"yoast_head":"<!-- This site is optimized with the Yoast SEO plugin v24.3 - https:\/\/yoast.com\/wordpress\/plugins\/seo\/ -->\n<title>IR-95 Lebensmittelsicherheits-Infrarotthermometer - CEM Test Instruments GmbH<\/title>\n<meta name=\"description\" content=\"Das IR-95 Lebensmittelsicherheits-Infrarot- und Kontaktthermometer f\u00fcr Oberfl\u00e4chenscans mit einem Sondenthermometer und Alarm\u00fcberwachung zur Messung der Kerntemperatur.\" \/>\n<meta name=\"robots\" content=\"index, follow, max-snippet:-1, max-image-preview:large, max-video-preview:-1\" \/>\n<link rel=\"canonical\" href=\"https:\/\/cem-instruments.de\/de\/product\/ir95-lm-thermometer\/\" \/>\n<meta property=\"og:locale\" content=\"de_DE\" \/>\n<meta property=\"og:type\" content=\"article\" \/>\n<meta property=\"og:title\" content=\"IR-95 Lebensmittelsicherheits-Infrarotthermometer - CEM Test Instruments GmbH\" \/>\n<meta property=\"og:description\" content=\"Das IR-95 Lebensmittelsicherheits-Infrarot- und Kontaktthermometer f\u00fcr Oberfl\u00e4chenscans mit einem Sondenthermometer und Alarm\u00fcberwachung zur Messung der Kerntemperatur.\" \/>\n<meta property=\"og:url\" content=\"https:\/\/cem-instruments.de\/de\/product\/ir95-lm-thermometer\/\" \/>\n<meta property=\"og:site_name\" content=\"CEM Test Instruments GmbH\" \/>\n<meta property=\"article:modified_time\" content=\"2025-01-23T21:26:47+00:00\" \/>\n<meta property=\"og:image\" content=\"https:\/\/res.cloudinary.com\/dathdmgqz\/images\/f_auto,q_auto\/v1730126364\/kitchen and bathroom pic\/IR-95\/gv03wfw9ss9g0tyxfgfq\/gv03wfw9ss9g0tyxfgfq.jpg?_i=AA\" \/>\n\t<meta property=\"og:image:width\" content=\"540\" \/>\n\t<meta property=\"og:image:height\" content=\"720\" \/>\n\t<meta property=\"og:image:type\" content=\"image\/jpeg\" \/>\n<meta name=\"twitter:card\" content=\"summary_large_image\" \/>\n<meta name=\"twitter:label1\" content=\"Gesch\u00e4tzte Lesezeit\" \/>\n\t<meta name=\"twitter:data1\" content=\"2\u00a0Minuten\" \/>\n<script type=\"application\/ld+json\" class=\"yoast-schema-graph\">{\"@context\":\"https:\/\/schema.org\",\"@graph\":[{\"@type\":\"WebPage\",\"@id\":\"https:\/\/cem-instruments.de\/de\/product\/ir95-lm-thermometer\/\",\"url\":\"https:\/\/cem-instruments.de\/de\/product\/ir95-lm-thermometer\/\",\"name\":\"IR-95 Lebensmittelsicherheits-Infrarotthermometer - CEM Test Instruments GmbH\",\"isPartOf\":{\"@id\":\"https:\/\/cem-instruments.de\/de\/#website\"},\"primaryImageOfPage\":{\"@id\":\"https:\/\/cem-instruments.de\/de\/product\/ir95-lm-thermometer\/#primaryimage\"},\"image\":{\"@id\":\"https:\/\/cem-instruments.de\/de\/product\/ir95-lm-thermometer\/#primaryimage\"},\"thumbnailUrl\":\"https:\/\/res.cloudinary.com\/dathdmgqz\/images\/f_auto,q_auto\/v1730126364\/kitchen and bathroom pic\/IR-95\/gv03wfw9ss9g0tyxfgfq\/gv03wfw9ss9g0tyxfgfq.jpg?_i=AA\",\"datePublished\":\"2024-10-29T10:14:51+00:00\",\"dateModified\":\"2025-01-23T21:26:47+00:00\",\"description\":\"Das IR-95 Lebensmittelsicherheits-Infrarot- und Kontaktthermometer f\u00fcr Oberfl\u00e4chenscans mit einem Sondenthermometer und Alarm\u00fcberwachung zur Messung der Kerntemperatur.\",\"breadcrumb\":{\"@id\":\"https:\/\/cem-instruments.de\/de\/product\/ir95-lm-thermometer\/#breadcrumb\"},\"inLanguage\":\"de\",\"potentialAction\":[{\"@type\":\"ReadAction\",\"target\":[\"https:\/\/cem-instruments.de\/de\/product\/ir95-lm-thermometer\/\"]}]},{\"@type\":\"ImageObject\",\"inLanguage\":\"de\",\"@id\":\"https:\/\/cem-instruments.de\/de\/product\/ir95-lm-thermometer\/#primaryimage\",\"url\":\"https:\/\/res.cloudinary.com\/dathdmgqz\/images\/f_auto,q_auto\/v1730126364\/kitchen and bathroom pic\/IR-95\/gv03wfw9ss9g0tyxfgfq\/gv03wfw9ss9g0tyxfgfq.jpg?_i=AA\",\"contentUrl\":\"https:\/\/res.cloudinary.com\/dathdmgqz\/images\/f_auto,q_auto\/v1730126364\/kitchen and bathroom pic\/IR-95\/gv03wfw9ss9g0tyxfgfq\/gv03wfw9ss9g0tyxfgfq.jpg?_i=AA\",\"width\":540,\"height\":720},{\"@type\":\"BreadcrumbList\",\"@id\":\"https:\/\/cem-instruments.de\/de\/product\/ir95-lm-thermometer\/#breadcrumb\",\"itemListElement\":[{\"@type\":\"ListItem\",\"position\":1,\"name\":\"Home\",\"item\":\"https:\/\/cem-instruments.de\/de\/\"},{\"@type\":\"ListItem\",\"position\":2,\"name\":\"Products\",\"item\":\"https:\/\/cem-instruments.de\/de\/shop\/\"},{\"@type\":\"ListItem\",\"position\":3,\"name\":\"IR-95 Lebensmittelsicherheits-Infrarotthermometer\"}]},{\"@type\":\"WebSite\",\"@id\":\"https:\/\/cem-instruments.de\/de\/#website\",\"url\":\"https:\/\/cem-instruments.de\/de\/\",\"name\":\"CEM Test Instruments GmbH\",\"description\":\"CEM Test Instruments GmbH\",\"publisher\":{\"@id\":\"https:\/\/cem-instruments.de\/de\/#organization\"},\"alternateName\":\"best partner for electronic instruments\",\"potentialAction\":[{\"@type\":\"SearchAction\",\"target\":{\"@type\":\"EntryPoint\",\"urlTemplate\":\"https:\/\/cem-instruments.de\/de\/?s={search_term_string}\"},\"query-input\":{\"@type\":\"PropertyValueSpecification\",\"valueRequired\":true,\"valueName\":\"search_term_string\"}}],\"inLanguage\":\"de\"},{\"@type\":\"Organization\",\"@id\":\"https:\/\/cem-instruments.de\/de\/#organization\",\"name\":\"CEM Test Instruments GmbH\",\"url\":\"https:\/\/cem-instruments.de\/de\/\",\"logo\":{\"@type\":\"ImageObject\",\"inLanguage\":\"de\",\"@id\":\"https:\/\/cem-instruments.de\/de\/#\/schema\/logo\/image\/\",\"url\":\"https:\/\/res.cloudinary.com\/dathdmgqz\/images\/f_auto,q_auto\/v1728637129\/cropped-2024-10-11-10_57_57-cem-instruments.de-\u2013-CEM-instruments-GmbH\/cropped-2024-10-11-10_57_57-cem-instruments.de-\u2013-CEM-instruments-GmbH.jpg?_i=AA\",\"contentUrl\":\"https:\/\/res.cloudinary.com\/dathdmgqz\/images\/f_auto,q_auto\/v1728637129\/cropped-2024-10-11-10_57_57-cem-instruments.de-\u2013-CEM-instruments-GmbH\/cropped-2024-10-11-10_57_57-cem-instruments.de-\u2013-CEM-instruments-GmbH.jpg?_i=AA\",\"width\":512,\"height\":512,\"caption\":\"CEM Test Instruments GmbH\"},\"image\":{\"@id\":\"https:\/\/cem-instruments.de\/de\/#\/schema\/logo\/image\/\"}}]}<\/script>\n<!-- \/ Yoast SEO plugin. -->","yoast_head_json":{"title":"IR-95 Lebensmittelsicherheits-Infrarotthermometer - CEM Test Instruments GmbH","description":"Das IR-95 Lebensmittelsicherheits-Infrarot- und Kontaktthermometer f\u00fcr Oberfl\u00e4chenscans mit einem Sondenthermometer und Alarm\u00fcberwachung zur Messung der Kerntemperatur.","robots":{"index":"index","follow":"follow","max-snippet":"max-snippet:-1","max-image-preview":"max-image-preview:large","max-video-preview":"max-video-preview:-1"},"canonical":"https:\/\/cem-instruments.de\/de\/product\/ir95-lm-thermometer\/","og_locale":"de_DE","og_type":"article","og_title":"IR-95 Lebensmittelsicherheits-Infrarotthermometer - CEM Test Instruments GmbH","og_description":"Das IR-95 Lebensmittelsicherheits-Infrarot- und Kontaktthermometer f\u00fcr Oberfl\u00e4chenscans mit einem Sondenthermometer und Alarm\u00fcberwachung zur Messung der Kerntemperatur.","og_url":"https:\/\/cem-instruments.de\/de\/product\/ir95-lm-thermometer\/","og_site_name":"CEM Test Instruments GmbH","article_modified_time":"2025-01-23T21:26:47+00:00","og_image":[{"width":540,"height":720,"url":"https:\/\/res.cloudinary.com\/dathdmgqz\/images\/f_auto,q_auto\/v1730126364\/kitchen and bathroom pic\/IR-95\/gv03wfw9ss9g0tyxfgfq\/gv03wfw9ss9g0tyxfgfq.jpg?_i=AA","type":"image\/jpeg"}],"twitter_card":"summary_large_image","twitter_misc":{"Gesch\u00e4tzte Lesezeit":"2\u00a0Minuten"},"schema":{"@context":"https:\/\/schema.org","@graph":[{"@type":"WebPage","@id":"https:\/\/cem-instruments.de\/de\/product\/ir95-lm-thermometer\/","url":"https:\/\/cem-instruments.de\/de\/product\/ir95-lm-thermometer\/","name":"IR-95 Lebensmittelsicherheits-Infrarotthermometer - CEM Test Instruments GmbH","isPartOf":{"@id":"https:\/\/cem-instruments.de\/de\/#website"},"primaryImageOfPage":{"@id":"https:\/\/cem-instruments.de\/de\/product\/ir95-lm-thermometer\/#primaryimage"},"image":{"@id":"https:\/\/cem-instruments.de\/de\/product\/ir95-lm-thermometer\/#primaryimage"},"thumbnailUrl":"https:\/\/res.cloudinary.com\/dathdmgqz\/images\/f_auto,q_auto\/v1730126364\/kitchen and bathroom pic\/IR-95\/gv03wfw9ss9g0tyxfgfq\/gv03wfw9ss9g0tyxfgfq.jpg?_i=AA","datePublished":"2024-10-29T10:14:51+00:00","dateModified":"2025-01-23T21:26:47+00:00","description":"Das IR-95 Lebensmittelsicherheits-Infrarot- und Kontaktthermometer f\u00fcr Oberfl\u00e4chenscans mit einem Sondenthermometer und Alarm\u00fcberwachung zur Messung der Kerntemperatur.","breadcrumb":{"@id":"https:\/\/cem-instruments.de\/de\/product\/ir95-lm-thermometer\/#breadcrumb"},"inLanguage":"de","potentialAction":[{"@type":"ReadAction","target":["https:\/\/cem-instruments.de\/de\/product\/ir95-lm-thermometer\/"]}]},{"@type":"ImageObject","inLanguage":"de","@id":"https:\/\/cem-instruments.de\/de\/product\/ir95-lm-thermometer\/#primaryimage","url":"https:\/\/res.cloudinary.com\/dathdmgqz\/images\/f_auto,q_auto\/v1730126364\/kitchen and bathroom pic\/IR-95\/gv03wfw9ss9g0tyxfgfq\/gv03wfw9ss9g0tyxfgfq.jpg?_i=AA","contentUrl":"https:\/\/res.cloudinary.com\/dathdmgqz\/images\/f_auto,q_auto\/v1730126364\/kitchen and bathroom pic\/IR-95\/gv03wfw9ss9g0tyxfgfq\/gv03wfw9ss9g0tyxfgfq.jpg?_i=AA","width":540,"height":720},{"@type":"BreadcrumbList","@id":"https:\/\/cem-instruments.de\/de\/product\/ir95-lm-thermometer\/#breadcrumb","itemListElement":[{"@type":"ListItem","position":1,"name":"Home","item":"https:\/\/cem-instruments.de\/de\/"},{"@type":"ListItem","position":2,"name":"Products","item":"https:\/\/cem-instruments.de\/de\/shop\/"},{"@type":"ListItem","position":3,"name":"IR-95 Lebensmittelsicherheits-Infrarotthermometer"}]},{"@type":"WebSite","@id":"https:\/\/cem-instruments.de\/de\/#website","url":"https:\/\/cem-instruments.de\/de\/","name":"CEM Test Instruments GmbH","description":"CEM Test Instruments GmbH","publisher":{"@id":"https:\/\/cem-instruments.de\/de\/#organization"},"alternateName":"best partner for electronic instruments","potentialAction":[{"@type":"SearchAction","target":{"@type":"EntryPoint","urlTemplate":"https:\/\/cem-instruments.de\/de\/?s={search_term_string}"},"query-input":{"@type":"PropertyValueSpecification","valueRequired":true,"valueName":"search_term_string"}}],"inLanguage":"de"},{"@type":"Organization","@id":"https:\/\/cem-instruments.de\/de\/#organization","name":"CEM Test Instruments GmbH","url":"https:\/\/cem-instruments.de\/de\/","logo":{"@type":"ImageObject","inLanguage":"de","@id":"https:\/\/cem-instruments.de\/de\/#\/schema\/logo\/image\/","url":"https:\/\/res.cloudinary.com\/dathdmgqz\/images\/f_auto,q_auto\/v1728637129\/cropped-2024-10-11-10_57_57-cem-instruments.de-\u2013-CEM-instruments-GmbH\/cropped-2024-10-11-10_57_57-cem-instruments.de-\u2013-CEM-instruments-GmbH.jpg?_i=AA","contentUrl":"https:\/\/res.cloudinary.com\/dathdmgqz\/images\/f_auto,q_auto\/v1728637129\/cropped-2024-10-11-10_57_57-cem-instruments.de-\u2013-CEM-instruments-GmbH\/cropped-2024-10-11-10_57_57-cem-instruments.de-\u2013-CEM-instruments-GmbH.jpg?_i=AA","width":512,"height":512,"caption":"CEM Test Instruments GmbH"},"image":{"@id":"https:\/\/cem-instruments.de\/de\/#\/schema\/logo\/image\/"}}]}},"_links":{"self":[{"href":"https:\/\/cem-instruments.de\/de\/wp-json\/wp\/v2\/product\/31744","targetHints":{"allow":["GET"]}}],"collection":[{"href":"https:\/\/cem-instruments.de\/de\/wp-json\/wp\/v2\/product"}],"about":[{"href":"https:\/\/cem-instruments.de\/de\/wp-json\/wp\/v2\/types\/product"}],"version-history":[{"count":5,"href":"https:\/\/cem-instruments.de\/de\/wp-json\/wp\/v2\/product\/31744\/revisions"}],"predecessor-version":[{"id":32034,"href":"https:\/\/cem-instruments.de\/de\/wp-json\/wp\/v2\/product\/31744\/revisions\/32034"}],"wp:featuredmedia":[{"embeddable":true,"href":"https:\/\/cem-instruments.de\/de\/wp-json\/wp\/v2\/media\/31745"}],"wp:attachment":[{"href":"https:\/\/cem-instruments.de\/de\/wp-json\/wp\/v2\/media?parent=31744"}],"wp:term":[{"taxonomy":"product_brand","embeddable":true,"href":"https:\/\/cem-instruments.de\/de\/wp-json\/wp\/v2\/product_brand?post=31744"},{"taxonomy":"product_cat","embeddable":true,"href":"https:\/\/cem-instruments.de\/de\/wp-json\/wp\/v2\/product_cat?post=31744"},{"taxonomy":"product_tag","embeddable":true,"href":"https:\/\/cem-instruments.de\/de\/wp-json\/wp\/v2\/product_tag?post=31744"}],"curies":[{"name":"wp","href":"https:\/\/api.w.org\/{rel}","templated":true}]}}