{"id":32928,"date":"2025-05-25T22:59:36","date_gmt":"2025-05-25T20:59:36","guid":{"rendered":"https:\/\/cem-instruments.de\/de\/?post_type=product&#038;p=32928"},"modified":"2025-05-25T23:01:59","modified_gmt":"2025-05-25T21:01:59","slug":"gd-100-110-detektor-fuer-brennbare-gase","status":"publish","type":"product","link":"https:\/\/cem-instruments.de\/de\/product\/gd-100-110-detektor-fuer-brennbare-gase\/","title":{"rendered":"GD-100\/110  Detektor f\u00fcr brennbare Gase"},"content":{"rendered":"\t\t<div data-elementor-type=\"wp-post\" data-elementor-id=\"32928\" class=\"elementor elementor-32928\" data-elementor-post-type=\"product\">\n\t\t\t\t<div class=\"wd-negative-gap elementor-element elementor-element-9e17ca3 e-flex e-con-boxed e-con e-parent\" data-id=\"9e17ca3\" data-element_type=\"container\">\n\t\t\t\t\t<div class=\"e-con-inner\">\n\t\t<div class=\"elementor-element elementor-element-17e78b3 e-con-full e-flex e-con e-child\" data-id=\"17e78b3\" data-element_type=\"container\">\n\t\t<div class=\"elementor-element elementor-element-c568f4b e-con-full e-flex e-con e-child\" data-id=\"c568f4b\" data-element_type=\"container\">\n\t\t<div class=\"elementor-element elementor-element-c07b9c2 e-con-full e-flex e-con e-child\" data-id=\"c07b9c2\" data-element_type=\"container\">\n\t\t\t\t<div class=\"elementor-element elementor-element-c2f2e78 e-n-tabs-mobile elementor-widget elementor-widget-n-tabs\" data-id=\"c2f2e78\" data-element_type=\"widget\" data-settings=\"{&quot;tabs_justify_horizontal&quot;:&quot;start&quot;,&quot;horizontal_scroll&quot;:&quot;disable&quot;}\" data-widget_type=\"nested-tabs.default\">\n\t\t\t\t<div class=\"elementor-widget-container\">\n\t\t\t\t\t\t\t<div class=\"e-n-tabs\" data-widget-number=\"204418680\" aria-label=\"Tabs. Open items with Enter or Space, close with Escape and navigate using the Arrow keys.\">\n\t\t\t<div class=\"e-n-tabs-heading\" role=\"tablist\">\n\t\t\t\t\t<button id=\"e-n-tab-title-2044186801\" class=\"e-n-tab-title\" aria-selected=\"true\" data-tab-index=\"1\" role=\"tab\" tabindex=\"0\" aria-controls=\"e-n-tab-content-2044186801\" style=\"--n-tabs-title-order: 1;\">\n\t\t\t\t\t\t<span class=\"e-n-tab-title-text\">\n\t\t\t\tDescription\t\t\t<\/span>\n\t\t<\/button>\n\t\t\t\t<button id=\"e-n-tab-title-2044186802\" class=\"e-n-tab-title\" aria-selected=\"false\" data-tab-index=\"2\" role=\"tab\" tabindex=\"-1\" aria-controls=\"e-n-tab-content-2044186802\" style=\"--n-tabs-title-order: 2;\">\n\t\t\t\t\t\t<span class=\"e-n-tab-title-text\">\n\t\t\t\tSpecification\t\t\t<\/span>\n\t\t<\/button>\n\t\t\t\t<button id=\"e-n-tab-title-2044186803\" class=\"e-n-tab-title\" aria-selected=\"false\" data-tab-index=\"3\" role=\"tab\" tabindex=\"-1\" aria-controls=\"e-n-tab-content-2044186803\" style=\"--n-tabs-title-order: 3;\">\n\t\t\t\t\t\t<span class=\"e-n-tab-title-text\">\n\t\t\t\tResources\t\t\t<\/span>\n\t\t<\/button>\n\t\t\t\t\t<\/div>\n\t\t\t<div class=\"e-n-tabs-content\">\n\t\t\t\t<div id=\"e-n-tab-content-2044186801\" role=\"tabpanel\" aria-labelledby=\"e-n-tab-title-2044186801\" data-tab-index=\"1\" style=\"--n-tabs-title-order: 1;\" class=\"e-active elementor-element elementor-element-6bc216d e-con-full e-flex e-con e-child\" data-id=\"6bc216d\" data-element_type=\"container\">\n\t\t<div class=\"wd-negative-gap elementor-element elementor-element-007bf15 e-flex e-con-boxed e-con e-child\" data-id=\"007bf15\" data-element_type=\"container\">\n\t\t\t\t\t<div class=\"e-con-inner\">\n\t\t\t\t<div class=\"elementor-element elementor-element-8ef103c elementor-widget elementor-widget-wd_text_block\" data-id=\"8ef103c\" data-element_type=\"widget\" data-widget_type=\"wd_text_block.default\">\n\t\t\t\t<div class=\"elementor-widget-container\">\n\t\t\t\t\t\t\t<div class=\"wd-text-block reset-last-child text-left\">\n\t\t\t\n\t\t\t<p dir=\"auto\">Dieses Produkt ist ein Detektor f\u00fcr brennbare Gase mit einem Messbereich von 0 bis 100 % LEL. Es verwendet einen Halbleitersensor und zeichnet sich durch hohe Stabilit\u00e4t und geringe Sensibilit\u00e4tsdrift aus. Es wird haupts\u00e4chlich an Orten eingesetzt, an denen brennbare Gase (wie CH\u2084, Erdgas, \u00d6l und Gas, Biogas usw.) austreten k\u00f6nnten, um die pers\u00f6nliche Sicherheit zu gew\u00e4hrleisten.<\/p><p dir=\"auto\"><strong>Eigenschaften:<\/strong><\/p><ul dir=\"auto\"><li>Hochzuverl\u00e4ssiger Halbleitersensor wird verwendet<\/li><li>Stromversorgung: DC 5V<\/li><li>Gasalarmindikator, akustischer und visueller Alarm<\/li><li>Sensorlebensdaueranzeige<\/li><li>Sensorlebensdaueranzeige<\/li><li>Display mit Hintergrundbeleuchtung<\/li><li>CO- und CH\u2084-Alarm<\/li><\/ul>\n\t\t\t\t\t<\/div>\n\t\t\t\t\t\t<\/div>\n\t\t\t\t<\/div>\n\t\t\t\t\t<\/div>\n\t\t\t\t<\/div>\n\t\t\t\t<\/div>\n\t\t<div id=\"e-n-tab-content-2044186802\" role=\"tabpanel\" aria-labelledby=\"e-n-tab-title-2044186802\" data-tab-index=\"2\" style=\"--n-tabs-title-order: 2;\" class=\" elementor-element elementor-element-6b6b9bf e-con-full e-flex e-con e-child\" data-id=\"6b6b9bf\" data-element_type=\"container\">\n\t\t<div class=\"wd-negative-gap elementor-element elementor-element-6b08da3 e-flex e-con-boxed e-con e-child\" data-id=\"6b08da3\" data-element_type=\"container\">\n\t\t\t\t\t<div class=\"e-con-inner\">\n\t\t\t\t<div class=\"elementor-element elementor-element-be1a692 elementor-widget elementor-widget-wd_text_block\" data-id=\"be1a692\" data-element_type=\"widget\" data-widget_type=\"wd_text_block.default\">\n\t\t\t\t<div class=\"elementor-widget-container\">\n\t\t\t\t\t\t\t<div class=\"wd-text-block reset-last-child text-left\">\n\t\t\t\n\t\t\t<p dir=\"auto\"><strong>Spezifikationen:<\/strong><\/p><ul dir=\"auto\"><li>Erkennungsgas: Brennbares Gas<\/li><li>Messbereich: 0~100 % LEL<\/li><li>Alarmsetpunkt: 10 % LEL<\/li><li>Alarmmodus: Akustischer und visueller Alarm<\/li><li>Arbeitsumgebung: Temperatur: 0~50 \u00b0C<\/li><li>Luftfeuchtigkeit: &lt;90 % RH<\/li><li>Stromversorgung: DC 5V, Adapter<\/li><\/ul><p dir=\"auto\"><strong>Gr\u00f6\u00dfe (HxBxT):<\/strong> 150 mm x 15 mm x 36 mm<br \/><strong>Gewicht:<\/strong> 504 g<\/p><p dir=\"auto\"><strong>Zubeh\u00f6r:<\/strong> 7,4-V-Lithiumbatterie, Stromversorgung, Geschenkbox mit Tragetasche<\/p>\n\t\t\t\t\t<\/div>\n\t\t\t\t\t\t<\/div>\n\t\t\t\t<\/div>\n\t\t\t\t\t<\/div>\n\t\t\t\t<\/div>\n\t\t\t\t<\/div>\n\t\t<div id=\"e-n-tab-content-2044186803\" role=\"tabpanel\" aria-labelledby=\"e-n-tab-title-2044186803\" data-tab-index=\"3\" style=\"--n-tabs-title-order: 3;\" class=\" elementor-element elementor-element-416561f e-con-full e-flex e-con e-child\" data-id=\"416561f\" data-element_type=\"container\">\n\t\t<div class=\"elementor-element elementor-element-1d4cd71 e-con-full e-flex e-con e-child\" data-id=\"1d4cd71\" data-element_type=\"container\">\n\t\t\t\t<div class=\"elementor-element elementor-element-a92c65e elementor-widget elementor-widget-wd_list\" data-id=\"a92c65e\" data-element_type=\"widget\" data-widget_type=\"wd_list.default\">\n\t\t\t\t<div class=\"elementor-widget-container\">\n\t\t\t\t\t\t\t<ul class=\"wd-list color-scheme- wd-fontsize-xs wd-type-icon wd-style-default text-left\">\n\t\t\t\t\t\t\t\t\t\t\t<li class=\"elementor-repeater-item-fe163c2\">\n\t\t\t\t\t\t\t\t\t\t\t<span class=\"wd-icon\"><svg class=\"e-font-icon-svg e-fas-star\" viewBox=\"0 0 576 512\" xmlns=\"http:\/\/www.w3.org\/2000\/svg\"><path d=\"M259.3 17.8L194 150.2 47.9 171.5c-26.2 3.8-36.7 36.1-17.7 54.6l105.7 103-25 145.5c-4.5 26.3 23.2 46 46.4 33.7L288 439.6l130.7 68.7c23.2 12.2 50.9-7.4 46.4-33.7l-25-145.5 105.7-103c19-18.5 8.5-50.8-17.7-54.6L382 150.2 316.7 17.8c-11.7-23.6-45.6-23.9-57.4 0z\"><\/path><\/svg><\/span>\t\t\t\t\t\n\t\t\t\t\t<span class=\"wd-list-content list-content\">\n\t\t\t\t\t\tapplication note\t\t\t\t\t<\/span>\n\n\t\t\t\t\t\t\t\t\t<\/li>\n\t\t\t\t\t<\/ul>\n\n\t\t\t\t\t\t<\/div>\n\t\t\t\t<\/div>\n\t\t\t\t<div class=\"elementor-element elementor-element-efd154b elementor-widget elementor-widget-wd_list\" data-id=\"efd154b\" data-element_type=\"widget\" data-widget_type=\"wd_list.default\">\n\t\t\t\t<div class=\"elementor-widget-container\">\n\t\t\t\t\t\t\t<ul class=\"wd-list color-scheme-custom wd-fontsize-xs wd-type-icon wd-style-default text-left\">\n\t\t\t\t\t\t\t\t\t\t\t<li class=\"elementor-repeater-item-fe163c2\">\n\t\t\t\t\t\t\t\t\t\t\t<span class=\"wd-icon\"><svg class=\"e-font-icon-svg e-fas-star\" viewBox=\"0 0 576 512\" xmlns=\"http:\/\/www.w3.org\/2000\/svg\"><path d=\"M259.3 17.8L194 150.2 47.9 171.5c-26.2 3.8-36.7 36.1-17.7 54.6l105.7 103-25 145.5c-4.5 26.3 23.2 46 46.4 33.7L288 439.6l130.7 68.7c23.2 12.2 50.9-7.4 46.4-33.7l-25-145.5 105.7-103c19-18.5 8.5-50.8-17.7-54.6L382 150.2 316.7 17.8c-11.7-23.6-45.6-23.9-57.4 0z\"><\/path><\/svg><\/span>\t\t\t\t\t\n\t\t\t\t\t<span class=\"wd-list-content list-content\">\n\t\t\t\t\t\tdatasheet\t\t\t\t\t<\/span>\n\n\t\t\t\t\t\t\t\t\t<\/li>\n\t\t\t\t\t\t\t\t\t\t\t<li class=\"elementor-repeater-item-66113ab\">\n\t\t\t\t\t\t\t\t\t\t\t<span class=\"wd-icon\"><svg class=\"e-font-icon-svg e-fas-star\" viewBox=\"0 0 576 512\" xmlns=\"http:\/\/www.w3.org\/2000\/svg\"><path d=\"M259.3 17.8L194 150.2 47.9 171.5c-26.2 3.8-36.7 36.1-17.7 54.6l105.7 103-25 145.5c-4.5 26.3 23.2 46 46.4 33.7L288 439.6l130.7 68.7c23.2 12.2 50.9-7.4 46.4-33.7l-25-145.5 105.7-103c19-18.5 8.5-50.8-17.7-54.6L382 150.2 316.7 17.8c-11.7-23.6-45.6-23.9-57.4 0z\"><\/path><\/svg><\/span>\t\t\t\t\t\n\t\t\t\t\t<span class=\"wd-list-content list-content\">\n\t\t\t\t\t\tuser manual\t\t\t\t\t<\/span>\n\n\t\t\t\t\t\t\t\t\t<\/li>\n\t\t\t\t\t<\/ul>\n\n\t\t\t\t\t\t<\/div>\n\t\t\t\t<\/div>\n\t\t\t\t<\/div>\n\t\t<div class=\"elementor-element elementor-element-a6393fc e-con-full e-flex e-con e-child\" data-id=\"a6393fc\" data-element_type=\"container\">\n\t\t\t\t<\/div>\n\t\t\t\t<\/div>\n\t\t\t\t\t<\/div>\n\t\t<\/div>\n\t\t\t\t\t\t<\/div>\n\t\t\t\t<\/div>\n\t\t\t\t<\/div>\n\t\t\t\t<\/div>\n\t\t\t\t<\/div>\n\t\t\t\t\t<\/div>\n\t\t\t\t<\/div>\n\t\t\t\t<\/div>\n\t\t","protected":false},"excerpt":{"rendered":"<p dir=\"auto\">Dieses Produkt ist ein Detektor f\u00fcr brennbare Gase mit einem Messbereich von 0 bis 100 % LEL. Es verwendet einen Halbleitersensor und zeichnet sich durch hohe Stabilit\u00e4t und geringe Sensibilit\u00e4tsdrift aus. Es wird haupts\u00e4chlich an Orten eingesetzt, an denen brennbare Gase (wie CH\u2084, Erdgas, \u00d6l und Gas, Biogas usw.) austreten k\u00f6nnten, um die pers\u00f6nliche Sicherheit zu gew\u00e4hrleisten.<\/p>\n","protected":false},"featured_media":32929,"template":"","meta":{"_cloudinary_featured_overwrite":false},"product_brand":[],"product_cat":[441],"product_tag":[],"class_list":{"0":"post-32928","1":"product","2":"type-product","3":"status-publish","4":"has-post-thumbnail","6":"product_cat-home_technology","8":"first","9":"instock","10":"shipping-taxable","11":"product-type-simple"},"yoast_head":"<!-- This site is optimized with the Yoast SEO plugin v24.3 - https:\/\/yoast.com\/wordpress\/plugins\/seo\/ -->\n<title>GD-100\/110 Detektor f\u00fcr brennbare Gase - CEM Test Instruments GmbH<\/title>\n<meta name=\"description\" content=\"DT-70 ist ein handliches Messger\u00e4t f\u00fcr die schnelle Pr\u00fcfung von Speise\u00f6len. Es kann die Temperatur des Speise\u00f6ls sowie den TPM-Wert anzeigen. Der TPM-Wert (Total Polar Materials) erm\u00f6glicht eine Aussage \u00fcber die Alterung von Speise\u00f6len durch die Einwirkung von Hitze.\" \/>\n<meta name=\"robots\" content=\"index, follow, max-snippet:-1, max-image-preview:large, max-video-preview:-1\" \/>\n<link rel=\"canonical\" href=\"https:\/\/cem-instruments.de\/de\/product\/gd-100-110-detektor-fuer-brennbare-gase\/\" \/>\n<meta property=\"og:locale\" content=\"de_DE\" \/>\n<meta property=\"og:type\" content=\"article\" \/>\n<meta property=\"og:title\" content=\"GD-100\/110 Detektor f\u00fcr brennbare Gase - CEM Test Instruments GmbH\" \/>\n<meta property=\"og:description\" content=\"DT-70 ist ein handliches Messger\u00e4t f\u00fcr die schnelle Pr\u00fcfung von Speise\u00f6len. Es kann die Temperatur des Speise\u00f6ls sowie den TPM-Wert anzeigen. Der TPM-Wert (Total Polar Materials) erm\u00f6glicht eine Aussage \u00fcber die Alterung von Speise\u00f6len durch die Einwirkung von Hitze.\" \/>\n<meta property=\"og:url\" content=\"https:\/\/cem-instruments.de\/de\/product\/gd-100-110-detektor-fuer-brennbare-gase\/\" \/>\n<meta property=\"og:site_name\" content=\"CEM Test Instruments GmbH\" \/>\n<meta property=\"article:modified_time\" content=\"2025-05-25T21:01:59+00:00\" \/>\n<meta property=\"og:image\" content=\"https:\/\/res.cloudinary.com\/dathdmgqz\/images\/f_auto,q_auto\/v1748206857\/screenshot-1748206133073_32929503aa\/screenshot-1748206133073_32929503aa.png?_i=AA\" \/>\n\t<meta property=\"og:image:width\" content=\"240\" \/>\n\t<meta property=\"og:image:height\" content=\"235\" \/>\n\t<meta property=\"og:image:type\" content=\"image\/png\" \/>\n<meta name=\"twitter:card\" content=\"summary_large_image\" \/>\n<meta name=\"twitter:label1\" content=\"Gesch\u00e4tzte Lesezeit\" \/>\n\t<meta name=\"twitter:data1\" content=\"2\u00a0Minuten\" \/>\n<script type=\"application\/ld+json\" class=\"yoast-schema-graph\">{\"@context\":\"https:\/\/schema.org\",\"@graph\":[{\"@type\":\"WebPage\",\"@id\":\"https:\/\/cem-instruments.de\/de\/product\/gd-100-110-detektor-fuer-brennbare-gase\/\",\"url\":\"https:\/\/cem-instruments.de\/de\/product\/gd-100-110-detektor-fuer-brennbare-gase\/\",\"name\":\"GD-100\/110 Detektor f\u00fcr brennbare Gase - CEM Test Instruments GmbH\",\"isPartOf\":{\"@id\":\"https:\/\/cem-instruments.de\/de\/#website\"},\"primaryImageOfPage\":{\"@id\":\"https:\/\/cem-instruments.de\/de\/product\/gd-100-110-detektor-fuer-brennbare-gase\/#primaryimage\"},\"image\":{\"@id\":\"https:\/\/cem-instruments.de\/de\/product\/gd-100-110-detektor-fuer-brennbare-gase\/#primaryimage\"},\"thumbnailUrl\":\"https:\/\/res.cloudinary.com\/dathdmgqz\/images\/f_auto,q_auto\/v1748206857\/screenshot-1748206133073_32929503aa\/screenshot-1748206133073_32929503aa.png?_i=AA\",\"datePublished\":\"2025-05-25T20:59:36+00:00\",\"dateModified\":\"2025-05-25T21:01:59+00:00\",\"description\":\"DT-70 ist ein handliches Messger\u00e4t f\u00fcr die schnelle Pr\u00fcfung von Speise\u00f6len. Es kann die Temperatur des Speise\u00f6ls sowie den TPM-Wert anzeigen. Der TPM-Wert (Total Polar Materials) erm\u00f6glicht eine Aussage \u00fcber die Alterung von Speise\u00f6len durch die Einwirkung von Hitze.\",\"breadcrumb\":{\"@id\":\"https:\/\/cem-instruments.de\/de\/product\/gd-100-110-detektor-fuer-brennbare-gase\/#breadcrumb\"},\"inLanguage\":\"de\",\"potentialAction\":[{\"@type\":\"ReadAction\",\"target\":[\"https:\/\/cem-instruments.de\/de\/product\/gd-100-110-detektor-fuer-brennbare-gase\/\"]}]},{\"@type\":\"ImageObject\",\"inLanguage\":\"de\",\"@id\":\"https:\/\/cem-instruments.de\/de\/product\/gd-100-110-detektor-fuer-brennbare-gase\/#primaryimage\",\"url\":\"https:\/\/res.cloudinary.com\/dathdmgqz\/images\/f_auto,q_auto\/v1748206857\/screenshot-1748206133073_32929503aa\/screenshot-1748206133073_32929503aa.png?_i=AA\",\"contentUrl\":\"https:\/\/res.cloudinary.com\/dathdmgqz\/images\/f_auto,q_auto\/v1748206857\/screenshot-1748206133073_32929503aa\/screenshot-1748206133073_32929503aa.png?_i=AA\",\"width\":240,\"height\":235},{\"@type\":\"BreadcrumbList\",\"@id\":\"https:\/\/cem-instruments.de\/de\/product\/gd-100-110-detektor-fuer-brennbare-gase\/#breadcrumb\",\"itemListElement\":[{\"@type\":\"ListItem\",\"position\":1,\"name\":\"Home\",\"item\":\"https:\/\/cem-instruments.de\/de\/\"},{\"@type\":\"ListItem\",\"position\":2,\"name\":\"Products\",\"item\":\"https:\/\/cem-instruments.de\/de\/shop\/\"},{\"@type\":\"ListItem\",\"position\":3,\"name\":\"GD-100\/110 Detektor f\u00fcr brennbare Gase\"}]},{\"@type\":\"WebSite\",\"@id\":\"https:\/\/cem-instruments.de\/de\/#website\",\"url\":\"https:\/\/cem-instruments.de\/de\/\",\"name\":\"CEM Test Instruments GmbH\",\"description\":\"CEM Test Instruments GmbH\",\"publisher\":{\"@id\":\"https:\/\/cem-instruments.de\/de\/#organization\"},\"alternateName\":\"best partner for electronic instruments\",\"potentialAction\":[{\"@type\":\"SearchAction\",\"target\":{\"@type\":\"EntryPoint\",\"urlTemplate\":\"https:\/\/cem-instruments.de\/de\/?s={search_term_string}\"},\"query-input\":{\"@type\":\"PropertyValueSpecification\",\"valueRequired\":true,\"valueName\":\"search_term_string\"}}],\"inLanguage\":\"de\"},{\"@type\":\"Organization\",\"@id\":\"https:\/\/cem-instruments.de\/de\/#organization\",\"name\":\"CEM Test Instruments GmbH\",\"url\":\"https:\/\/cem-instruments.de\/de\/\",\"logo\":{\"@type\":\"ImageObject\",\"inLanguage\":\"de\",\"@id\":\"https:\/\/cem-instruments.de\/de\/#\/schema\/logo\/image\/\",\"url\":\"https:\/\/res.cloudinary.com\/dathdmgqz\/images\/f_auto,q_auto\/v1728637129\/cropped-2024-10-11-10_57_57-cem-instruments.de-\u2013-CEM-instruments-GmbH\/cropped-2024-10-11-10_57_57-cem-instruments.de-\u2013-CEM-instruments-GmbH.jpg?_i=AA\",\"contentUrl\":\"https:\/\/res.cloudinary.com\/dathdmgqz\/images\/f_auto,q_auto\/v1728637129\/cropped-2024-10-11-10_57_57-cem-instruments.de-\u2013-CEM-instruments-GmbH\/cropped-2024-10-11-10_57_57-cem-instruments.de-\u2013-CEM-instruments-GmbH.jpg?_i=AA\",\"width\":512,\"height\":512,\"caption\":\"CEM Test Instruments GmbH\"},\"image\":{\"@id\":\"https:\/\/cem-instruments.de\/de\/#\/schema\/logo\/image\/\"}}]}<\/script>\n<!-- \/ Yoast SEO plugin. -->","yoast_head_json":{"title":"GD-100\/110 Detektor f\u00fcr brennbare Gase - CEM Test Instruments GmbH","description":"DT-70 ist ein handliches Messger\u00e4t f\u00fcr die schnelle Pr\u00fcfung von Speise\u00f6len. Es kann die Temperatur des Speise\u00f6ls sowie den TPM-Wert anzeigen. Der TPM-Wert (Total Polar Materials) erm\u00f6glicht eine Aussage \u00fcber die Alterung von Speise\u00f6len durch die Einwirkung von Hitze.","robots":{"index":"index","follow":"follow","max-snippet":"max-snippet:-1","max-image-preview":"max-image-preview:large","max-video-preview":"max-video-preview:-1"},"canonical":"https:\/\/cem-instruments.de\/de\/product\/gd-100-110-detektor-fuer-brennbare-gase\/","og_locale":"de_DE","og_type":"article","og_title":"GD-100\/110 Detektor f\u00fcr brennbare Gase - CEM Test Instruments GmbH","og_description":"DT-70 ist ein handliches Messger\u00e4t f\u00fcr die schnelle Pr\u00fcfung von Speise\u00f6len. Es kann die Temperatur des Speise\u00f6ls sowie den TPM-Wert anzeigen. Der TPM-Wert (Total Polar Materials) erm\u00f6glicht eine Aussage \u00fcber die Alterung von Speise\u00f6len durch die Einwirkung von Hitze.","og_url":"https:\/\/cem-instruments.de\/de\/product\/gd-100-110-detektor-fuer-brennbare-gase\/","og_site_name":"CEM Test Instruments GmbH","article_modified_time":"2025-05-25T21:01:59+00:00","og_image":[{"width":240,"height":235,"url":"https:\/\/res.cloudinary.com\/dathdmgqz\/images\/f_auto,q_auto\/v1748206857\/screenshot-1748206133073_32929503aa\/screenshot-1748206133073_32929503aa.png?_i=AA","type":"image\/png"}],"twitter_card":"summary_large_image","twitter_misc":{"Gesch\u00e4tzte Lesezeit":"2\u00a0Minuten"},"schema":{"@context":"https:\/\/schema.org","@graph":[{"@type":"WebPage","@id":"https:\/\/cem-instruments.de\/de\/product\/gd-100-110-detektor-fuer-brennbare-gase\/","url":"https:\/\/cem-instruments.de\/de\/product\/gd-100-110-detektor-fuer-brennbare-gase\/","name":"GD-100\/110 Detektor f\u00fcr brennbare Gase - CEM Test Instruments GmbH","isPartOf":{"@id":"https:\/\/cem-instruments.de\/de\/#website"},"primaryImageOfPage":{"@id":"https:\/\/cem-instruments.de\/de\/product\/gd-100-110-detektor-fuer-brennbare-gase\/#primaryimage"},"image":{"@id":"https:\/\/cem-instruments.de\/de\/product\/gd-100-110-detektor-fuer-brennbare-gase\/#primaryimage"},"thumbnailUrl":"https:\/\/res.cloudinary.com\/dathdmgqz\/images\/f_auto,q_auto\/v1748206857\/screenshot-1748206133073_32929503aa\/screenshot-1748206133073_32929503aa.png?_i=AA","datePublished":"2025-05-25T20:59:36+00:00","dateModified":"2025-05-25T21:01:59+00:00","description":"DT-70 ist ein handliches Messger\u00e4t f\u00fcr die schnelle Pr\u00fcfung von Speise\u00f6len. Es kann die Temperatur des Speise\u00f6ls sowie den TPM-Wert anzeigen. Der TPM-Wert (Total Polar Materials) erm\u00f6glicht eine Aussage \u00fcber die Alterung von Speise\u00f6len durch die Einwirkung von Hitze.","breadcrumb":{"@id":"https:\/\/cem-instruments.de\/de\/product\/gd-100-110-detektor-fuer-brennbare-gase\/#breadcrumb"},"inLanguage":"de","potentialAction":[{"@type":"ReadAction","target":["https:\/\/cem-instruments.de\/de\/product\/gd-100-110-detektor-fuer-brennbare-gase\/"]}]},{"@type":"ImageObject","inLanguage":"de","@id":"https:\/\/cem-instruments.de\/de\/product\/gd-100-110-detektor-fuer-brennbare-gase\/#primaryimage","url":"https:\/\/res.cloudinary.com\/dathdmgqz\/images\/f_auto,q_auto\/v1748206857\/screenshot-1748206133073_32929503aa\/screenshot-1748206133073_32929503aa.png?_i=AA","contentUrl":"https:\/\/res.cloudinary.com\/dathdmgqz\/images\/f_auto,q_auto\/v1748206857\/screenshot-1748206133073_32929503aa\/screenshot-1748206133073_32929503aa.png?_i=AA","width":240,"height":235},{"@type":"BreadcrumbList","@id":"https:\/\/cem-instruments.de\/de\/product\/gd-100-110-detektor-fuer-brennbare-gase\/#breadcrumb","itemListElement":[{"@type":"ListItem","position":1,"name":"Home","item":"https:\/\/cem-instruments.de\/de\/"},{"@type":"ListItem","position":2,"name":"Products","item":"https:\/\/cem-instruments.de\/de\/shop\/"},{"@type":"ListItem","position":3,"name":"GD-100\/110 Detektor f\u00fcr brennbare Gase"}]},{"@type":"WebSite","@id":"https:\/\/cem-instruments.de\/de\/#website","url":"https:\/\/cem-instruments.de\/de\/","name":"CEM Test Instruments GmbH","description":"CEM Test Instruments GmbH","publisher":{"@id":"https:\/\/cem-instruments.de\/de\/#organization"},"alternateName":"best partner for electronic instruments","potentialAction":[{"@type":"SearchAction","target":{"@type":"EntryPoint","urlTemplate":"https:\/\/cem-instruments.de\/de\/?s={search_term_string}"},"query-input":{"@type":"PropertyValueSpecification","valueRequired":true,"valueName":"search_term_string"}}],"inLanguage":"de"},{"@type":"Organization","@id":"https:\/\/cem-instruments.de\/de\/#organization","name":"CEM Test Instruments GmbH","url":"https:\/\/cem-instruments.de\/de\/","logo":{"@type":"ImageObject","inLanguage":"de","@id":"https:\/\/cem-instruments.de\/de\/#\/schema\/logo\/image\/","url":"https:\/\/res.cloudinary.com\/dathdmgqz\/images\/f_auto,q_auto\/v1728637129\/cropped-2024-10-11-10_57_57-cem-instruments.de-\u2013-CEM-instruments-GmbH\/cropped-2024-10-11-10_57_57-cem-instruments.de-\u2013-CEM-instruments-GmbH.jpg?_i=AA","contentUrl":"https:\/\/res.cloudinary.com\/dathdmgqz\/images\/f_auto,q_auto\/v1728637129\/cropped-2024-10-11-10_57_57-cem-instruments.de-\u2013-CEM-instruments-GmbH\/cropped-2024-10-11-10_57_57-cem-instruments.de-\u2013-CEM-instruments-GmbH.jpg?_i=AA","width":512,"height":512,"caption":"CEM Test Instruments GmbH"},"image":{"@id":"https:\/\/cem-instruments.de\/de\/#\/schema\/logo\/image\/"}}]}},"_links":{"self":[{"href":"https:\/\/cem-instruments.de\/de\/wp-json\/wp\/v2\/product\/32928","targetHints":{"allow":["GET"]}}],"collection":[{"href":"https:\/\/cem-instruments.de\/de\/wp-json\/wp\/v2\/product"}],"about":[{"href":"https:\/\/cem-instruments.de\/de\/wp-json\/wp\/v2\/types\/product"}],"version-history":[{"count":5,"href":"https:\/\/cem-instruments.de\/de\/wp-json\/wp\/v2\/product\/32928\/revisions"}],"predecessor-version":[{"id":32937,"href":"https:\/\/cem-instruments.de\/de\/wp-json\/wp\/v2\/product\/32928\/revisions\/32937"}],"wp:featuredmedia":[{"embeddable":true,"href":"https:\/\/cem-instruments.de\/de\/wp-json\/wp\/v2\/media\/32929"}],"wp:attachment":[{"href":"https:\/\/cem-instruments.de\/de\/wp-json\/wp\/v2\/media?parent=32928"}],"wp:term":[{"taxonomy":"product_brand","embeddable":true,"href":"https:\/\/cem-instruments.de\/de\/wp-json\/wp\/v2\/product_brand?post=32928"},{"taxonomy":"product_cat","embeddable":true,"href":"https:\/\/cem-instruments.de\/de\/wp-json\/wp\/v2\/product_cat?post=32928"},{"taxonomy":"product_tag","embeddable":true,"href":"https:\/\/cem-instruments.de\/de\/wp-json\/wp\/v2\/product_tag?post=32928"}],"curies":[{"name":"wp","href":"https:\/\/api.w.org\/{rel}","templated":true}]}}