{"id":32938,"date":"2025-05-25T23:02:17","date_gmt":"2025-05-25T21:02:17","guid":{"rendered":"https:\/\/cem-instruments.de\/de\/?post_type=product&#038;p=32938"},"modified":"2025-05-25T23:03:39","modified_gmt":"2025-05-25T21:03:39","slug":"gd-201-202-203-co-und-rauchmelder","status":"publish","type":"product","link":"https:\/\/cem-instruments.de\/de\/product\/gd-201-202-203-co-und-rauchmelder\/","title":{"rendered":"GD-201\/202\/203 CO- und Rauchmelder"},"content":{"rendered":"\t\t<div data-elementor-type=\"wp-post\" data-elementor-id=\"32938\" class=\"elementor elementor-32938\" data-elementor-post-type=\"product\">\n\t\t\t\t<div class=\"wd-negative-gap elementor-element elementor-element-9e17ca3 e-flex e-con-boxed e-con e-parent\" data-id=\"9e17ca3\" data-element_type=\"container\">\n\t\t\t\t\t<div class=\"e-con-inner\">\n\t\t<div class=\"elementor-element elementor-element-17e78b3 e-con-full e-flex e-con e-child\" data-id=\"17e78b3\" data-element_type=\"container\">\n\t\t<div class=\"elementor-element elementor-element-c568f4b e-con-full e-flex e-con e-child\" data-id=\"c568f4b\" data-element_type=\"container\">\n\t\t<div class=\"elementor-element elementor-element-c07b9c2 e-con-full e-flex e-con e-child\" data-id=\"c07b9c2\" data-element_type=\"container\">\n\t\t\t\t<div class=\"elementor-element elementor-element-c2f2e78 e-n-tabs-mobile elementor-widget elementor-widget-n-tabs\" data-id=\"c2f2e78\" data-element_type=\"widget\" data-settings=\"{&quot;tabs_justify_horizontal&quot;:&quot;start&quot;,&quot;horizontal_scroll&quot;:&quot;disable&quot;}\" data-widget_type=\"nested-tabs.default\">\n\t\t\t\t<div class=\"elementor-widget-container\">\n\t\t\t\t\t\t\t<div class=\"e-n-tabs\" data-widget-number=\"204418680\" aria-label=\"Tabs. Open items with Enter or Space, close with Escape and navigate using the Arrow keys.\">\n\t\t\t<div class=\"e-n-tabs-heading\" role=\"tablist\">\n\t\t\t\t\t<button id=\"e-n-tab-title-2044186801\" class=\"e-n-tab-title\" aria-selected=\"true\" data-tab-index=\"1\" role=\"tab\" tabindex=\"0\" aria-controls=\"e-n-tab-content-2044186801\" style=\"--n-tabs-title-order: 1;\">\n\t\t\t\t\t\t<span class=\"e-n-tab-title-text\">\n\t\t\t\tDescription\t\t\t<\/span>\n\t\t<\/button>\n\t\t\t\t<button id=\"e-n-tab-title-2044186802\" class=\"e-n-tab-title\" aria-selected=\"false\" data-tab-index=\"2\" role=\"tab\" tabindex=\"-1\" aria-controls=\"e-n-tab-content-2044186802\" style=\"--n-tabs-title-order: 2;\">\n\t\t\t\t\t\t<span class=\"e-n-tab-title-text\">\n\t\t\t\tSpecification\t\t\t<\/span>\n\t\t<\/button>\n\t\t\t\t<button id=\"e-n-tab-title-2044186803\" class=\"e-n-tab-title\" aria-selected=\"false\" data-tab-index=\"3\" role=\"tab\" tabindex=\"-1\" aria-controls=\"e-n-tab-content-2044186803\" style=\"--n-tabs-title-order: 3;\">\n\t\t\t\t\t\t<span class=\"e-n-tab-title-text\">\n\t\t\t\tResources\t\t\t<\/span>\n\t\t<\/button>\n\t\t\t\t\t<\/div>\n\t\t\t<div class=\"e-n-tabs-content\">\n\t\t\t\t<div id=\"e-n-tab-content-2044186801\" role=\"tabpanel\" aria-labelledby=\"e-n-tab-title-2044186801\" data-tab-index=\"1\" style=\"--n-tabs-title-order: 1;\" class=\"e-active elementor-element elementor-element-6bc216d e-con-full e-flex e-con e-child\" data-id=\"6bc216d\" data-element_type=\"container\">\n\t\t<div class=\"wd-negative-gap elementor-element elementor-element-007bf15 e-flex e-con-boxed e-con e-child\" data-id=\"007bf15\" data-element_type=\"container\">\n\t\t\t\t\t<div class=\"e-con-inner\">\n\t\t\t\t<div class=\"elementor-element elementor-element-8ef103c elementor-widget elementor-widget-wd_text_block\" data-id=\"8ef103c\" data-element_type=\"widget\" data-widget_type=\"wd_text_block.default\">\n\t\t\t\t<div class=\"elementor-widget-container\">\n\t\t\t\t\t\t\t<div class=\"wd-text-block reset-last-child text-left\">\n\t\t\t\n\t\t\t<p dir=\"auto\">Der GD-201\/202 verf\u00fcgt \u00fcber einen eingebauten, hochpr\u00e4zisen elektrochemischen CO-Sensor, der die CO-Konzentration in der Umgebung empfindlich und genau erfassen kann. Er ist f\u00fcr den Hausgebrauch geeignet, um CO-Vergiftungen, Br\u00e4nde, Gas-, \u00d6l-, Chemie-, Bergbau- und andere Anwendungsszenarien zu verhindern, Unf\u00e4lle und Sachsch\u00e4den effektiv zu vermeiden und Ihre Gesundheit stets zu sch\u00fctzen. Er hat ein einzigartiges Ringdesign, ein sch\u00f6nes Erscheinungsbild, eine akustische und optische Alarmfunktion sowie einen hochempfindlichen Alarm-Summer.<br \/>Der GD-203 verf\u00fcgt \u00fcber einen eingebauten, hochpr\u00e4zisen Rauchsensor, der Rauch in der Umgebung empfindlich und genau erfassen kann. Er ist f\u00fcr Rauchalarme im Haushalt, in Gas-, \u00d6l-, Chemie-, Bergbau- und anderen Anwendungsszenarien geeignet, um Opfer und Sachsch\u00e4den effektiv zu vermeiden und Ihre Gesundheit stets zu sch\u00fctzen. Er hat ein einzigartiges Ringdesign, ein sch\u00f6nes Erscheinungsbild, eine akustische und optische Alarmfunktion, wobei ein rotes Blinklicht den Rauchalarm anzeigt, sowie einen Alarm-Summer mit hohem Dezibel. Die Stromversorgung erfolgt \u00fcber eine 3,7-V-200-mAh-Batterie mit gro\u00dfer Kapazit\u00e4t, einfach zu installieren, mit externem Trockenkontakt oder RS-485-Schnittstelle (optional).<\/p><p dir=\"auto\"><strong>Eigenschaften:<\/strong><\/p><ul dir=\"auto\"><li>CO-Konzentrationserkennung<\/li><li>Akustischer Alarm gr\u00f6\u00dfer als 45 dB<\/li><li>RGB-Atmungslicht, Alarmfrequenz zeigt den Alarmpegel an<\/li><li>Erfassung von Temperatur- und CO-Daten m\u00f6glich<\/li><li>Modbus RS-485-Kommunikation<\/li><li>Externer Kontakt<\/li><li>UART-Datenschnittstelle<\/li><li>Hohe Empfindlichkeit gegen\u00fcber CO<\/li><li>Einfache Installation<\/li><\/ul>\n\t\t\t\t\t<\/div>\n\t\t\t\t\t\t<\/div>\n\t\t\t\t<\/div>\n\t\t\t\t\t<\/div>\n\t\t\t\t<\/div>\n\t\t\t\t<\/div>\n\t\t<div id=\"e-n-tab-content-2044186802\" role=\"tabpanel\" aria-labelledby=\"e-n-tab-title-2044186802\" data-tab-index=\"2\" style=\"--n-tabs-title-order: 2;\" class=\" elementor-element elementor-element-6b6b9bf e-con-full e-flex e-con e-child\" data-id=\"6b6b9bf\" data-element_type=\"container\">\n\t\t<div class=\"wd-negative-gap elementor-element elementor-element-6b08da3 e-flex e-con-boxed e-con e-child\" data-id=\"6b08da3\" data-element_type=\"container\">\n\t\t\t\t\t<div class=\"e-con-inner\">\n\t\t\t\t<div class=\"elementor-element elementor-element-be1a692 elementor-widget elementor-widget-wd_text_block\" data-id=\"be1a692\" data-element_type=\"widget\" data-widget_type=\"wd_text_block.default\">\n\t\t\t\t<div class=\"elementor-widget-container\">\n\t\t\t\t\t\t\t<div class=\"wd-text-block reset-last-child text-left\">\n\t\t\t\n\t\t\t<p dir=\"auto\"><strong>Spezifikationen:<\/strong><\/p><ul dir=\"auto\"><li>Bereich: 0~1000 ppm<\/li><li>Aufl\u00f6sung: 1 ppm<\/li><li>Genauigkeit: \u00b15 % FS<\/li><li>Arbeitstemperatur: 0~50 \u00b0C<\/li><li>Arbeitsfeuchtigkeit: &lt;90 % RH<\/li><\/ul><p dir=\"auto\"><strong>Gr\u00f6\u00dfe (HxBxT):<\/strong> 150 mm x 15 mm x 36 mm<br \/><strong>Gewicht:<\/strong> 504 g<\/p><p dir=\"auto\"><strong>Zubeh\u00f6r:<\/strong> Stromversorgung, Geschenkbox mit Tragetasche<\/p>\n\t\t\t\t\t<\/div>\n\t\t\t\t\t\t<\/div>\n\t\t\t\t<\/div>\n\t\t\t\t\t<\/div>\n\t\t\t\t<\/div>\n\t\t\t\t<\/div>\n\t\t<div id=\"e-n-tab-content-2044186803\" role=\"tabpanel\" aria-labelledby=\"e-n-tab-title-2044186803\" data-tab-index=\"3\" style=\"--n-tabs-title-order: 3;\" class=\" elementor-element elementor-element-416561f e-con-full e-flex e-con e-child\" data-id=\"416561f\" data-element_type=\"container\">\n\t\t<div class=\"elementor-element elementor-element-1d4cd71 e-con-full e-flex e-con e-child\" data-id=\"1d4cd71\" data-element_type=\"container\">\n\t\t\t\t<div class=\"elementor-element elementor-element-a92c65e elementor-widget elementor-widget-wd_list\" data-id=\"a92c65e\" data-element_type=\"widget\" data-widget_type=\"wd_list.default\">\n\t\t\t\t<div class=\"elementor-widget-container\">\n\t\t\t\t\t\t\t<ul class=\"wd-list color-scheme- wd-fontsize-xs wd-type-icon wd-style-default text-left\">\n\t\t\t\t\t\t\t\t\t\t\t<li class=\"elementor-repeater-item-fe163c2\">\n\t\t\t\t\t\t\t\t\t\t\t<span class=\"wd-icon\"><svg class=\"e-font-icon-svg e-fas-star\" viewBox=\"0 0 576 512\" xmlns=\"http:\/\/www.w3.org\/2000\/svg\"><path d=\"M259.3 17.8L194 150.2 47.9 171.5c-26.2 3.8-36.7 36.1-17.7 54.6l105.7 103-25 145.5c-4.5 26.3 23.2 46 46.4 33.7L288 439.6l130.7 68.7c23.2 12.2 50.9-7.4 46.4-33.7l-25-145.5 105.7-103c19-18.5 8.5-50.8-17.7-54.6L382 150.2 316.7 17.8c-11.7-23.6-45.6-23.9-57.4 0z\"><\/path><\/svg><\/span>\t\t\t\t\t\n\t\t\t\t\t<span class=\"wd-list-content list-content\">\n\t\t\t\t\t\tapplication note\t\t\t\t\t<\/span>\n\n\t\t\t\t\t\t\t\t\t<\/li>\n\t\t\t\t\t<\/ul>\n\n\t\t\t\t\t\t<\/div>\n\t\t\t\t<\/div>\n\t\t\t\t<div class=\"elementor-element elementor-element-efd154b elementor-widget elementor-widget-wd_list\" data-id=\"efd154b\" data-element_type=\"widget\" data-widget_type=\"wd_list.default\">\n\t\t\t\t<div class=\"elementor-widget-container\">\n\t\t\t\t\t\t\t<ul class=\"wd-list color-scheme-custom wd-fontsize-xs wd-type-icon wd-style-default text-left\">\n\t\t\t\t\t\t\t\t\t\t\t<li class=\"elementor-repeater-item-fe163c2\">\n\t\t\t\t\t\t\t\t\t\t\t<span class=\"wd-icon\"><svg class=\"e-font-icon-svg e-fas-star\" viewBox=\"0 0 576 512\" xmlns=\"http:\/\/www.w3.org\/2000\/svg\"><path d=\"M259.3 17.8L194 150.2 47.9 171.5c-26.2 3.8-36.7 36.1-17.7 54.6l105.7 103-25 145.5c-4.5 26.3 23.2 46 46.4 33.7L288 439.6l130.7 68.7c23.2 12.2 50.9-7.4 46.4-33.7l-25-145.5 105.7-103c19-18.5 8.5-50.8-17.7-54.6L382 150.2 316.7 17.8c-11.7-23.6-45.6-23.9-57.4 0z\"><\/path><\/svg><\/span>\t\t\t\t\t\n\t\t\t\t\t<span class=\"wd-list-content list-content\">\n\t\t\t\t\t\tdatasheet\t\t\t\t\t<\/span>\n\n\t\t\t\t\t\t\t\t\t<\/li>\n\t\t\t\t\t\t\t\t\t\t\t<li class=\"elementor-repeater-item-66113ab\">\n\t\t\t\t\t\t\t\t\t\t\t<span class=\"wd-icon\"><svg class=\"e-font-icon-svg e-fas-star\" viewBox=\"0 0 576 512\" xmlns=\"http:\/\/www.w3.org\/2000\/svg\"><path d=\"M259.3 17.8L194 150.2 47.9 171.5c-26.2 3.8-36.7 36.1-17.7 54.6l105.7 103-25 145.5c-4.5 26.3 23.2 46 46.4 33.7L288 439.6l130.7 68.7c23.2 12.2 50.9-7.4 46.4-33.7l-25-145.5 105.7-103c19-18.5 8.5-50.8-17.7-54.6L382 150.2 316.7 17.8c-11.7-23.6-45.6-23.9-57.4 0z\"><\/path><\/svg><\/span>\t\t\t\t\t\n\t\t\t\t\t<span class=\"wd-list-content list-content\">\n\t\t\t\t\t\tuser manual\t\t\t\t\t<\/span>\n\n\t\t\t\t\t\t\t\t\t<\/li>\n\t\t\t\t\t<\/ul>\n\n\t\t\t\t\t\t<\/div>\n\t\t\t\t<\/div>\n\t\t\t\t<\/div>\n\t\t<div class=\"elementor-element elementor-element-a6393fc e-con-full e-flex e-con e-child\" data-id=\"a6393fc\" data-element_type=\"container\">\n\t\t\t\t<\/div>\n\t\t\t\t<\/div>\n\t\t\t\t\t<\/div>\n\t\t<\/div>\n\t\t\t\t\t\t<\/div>\n\t\t\t\t<\/div>\n\t\t\t\t<\/div>\n\t\t\t\t<\/div>\n\t\t\t\t<\/div>\n\t\t\t\t\t<\/div>\n\t\t\t\t<\/div>\n\t\t\t\t<\/div>\n\t\t","protected":false},"excerpt":{"rendered":"<p dir=\"auto\">Der GD-201\/202 verf\u00fcgt \u00fcber einen eingebauten, hochpr\u00e4zisen elektrochemischen CO-Sensor, der die CO-Konzentration in der Umgebung empfindlich und genau erfassen kann. Er ist f\u00fcr den Hausgebrauch geeignet, um CO-Vergiftungen, Br\u00e4nde, Gas-, \u00d6l-, Chemie-, Bergbau- und andere Anwendungsszenarien zu verhindern, Unf\u00e4lle und Sachsch\u00e4den effektiv zu vermeiden und Ihre Gesundheit stets zu sch\u00fctzen. Er hat ein einzigartiges Ringdesign, ein sch\u00f6nes Erscheinungsbild, eine akustische und optische Alarmfunktion sowie einen hochempfindlichen Alarm-Summer.<\/p>\n<p dir=\"auto\">Der GD-203 verf\u00fcgt \u00fcber einen eingebauten, hochpr\u00e4zisen Rauchsensor, der Rauch in der Umgebung empfindlich und genau erfassen kann. Er ist f\u00fcr Rauchalarme im Haushalt, in Gas-, \u00d6l-, Chemie-, Bergbau- und anderen Anwendungsszenarien geeignet, um Opfer und Sachsch\u00e4den effektiv zu vermeiden und Ihre Gesundheit stets zu sch\u00fctzen. Er hat ein einzigartiges Ringdesign, ein sch\u00f6nes Erscheinungsbild, eine akustische und optische Alarmfunktion, wobei ein rotes Blinklicht den Rauchalarm anzeigt, sowie einen Alarm-Summer mit hohem Dezibel. Die Stromversorgung erfolgt \u00fcber eine 3,7-V-200-mAh-Batterie mit gro\u00dfer Kapazit\u00e4t, einfach zu installieren, mit externem Trockenkontakt oder RS-485-Schnittstelle (optional).<\/p>\n","protected":false},"featured_media":32931,"template":"","meta":{"_cloudinary_featured_overwrite":false},"product_brand":[],"product_cat":[441],"product_tag":[],"class_list":{"0":"post-32938","1":"product","2":"type-product","3":"status-publish","4":"has-post-thumbnail","6":"product_cat-home_technology","8":"first","9":"instock","10":"shipping-taxable","11":"product-type-simple"},"yoast_head":"<!-- This site is optimized with the Yoast SEO plugin v24.3 - https:\/\/yoast.com\/wordpress\/plugins\/seo\/ -->\n<title>GD-201\/202\/203 CO- und Rauchmelder - CEM Test Instruments GmbH<\/title>\n<meta name=\"description\" content=\"DT-70 ist ein handliches Messger\u00e4t f\u00fcr die schnelle Pr\u00fcfung von Speise\u00f6len. Es kann die Temperatur des Speise\u00f6ls sowie den TPM-Wert anzeigen. Der TPM-Wert (Total Polar Materials) erm\u00f6glicht eine Aussage \u00fcber die Alterung von Speise\u00f6len durch die Einwirkung von Hitze.\" \/>\n<meta name=\"robots\" content=\"index, follow, max-snippet:-1, max-image-preview:large, max-video-preview:-1\" \/>\n<link rel=\"canonical\" href=\"https:\/\/cem-instruments.de\/de\/product\/gd-201-202-203-co-und-rauchmelder\/\" \/>\n<meta property=\"og:locale\" content=\"de_DE\" \/>\n<meta property=\"og:type\" content=\"article\" \/>\n<meta property=\"og:title\" content=\"GD-201\/202\/203 CO- und Rauchmelder - CEM Test Instruments GmbH\" \/>\n<meta property=\"og:description\" content=\"DT-70 ist ein handliches Messger\u00e4t f\u00fcr die schnelle Pr\u00fcfung von Speise\u00f6len. Es kann die Temperatur des Speise\u00f6ls sowie den TPM-Wert anzeigen. Der TPM-Wert (Total Polar Materials) erm\u00f6glicht eine Aussage \u00fcber die Alterung von Speise\u00f6len durch die Einwirkung von Hitze.\" \/>\n<meta property=\"og:url\" content=\"https:\/\/cem-instruments.de\/de\/product\/gd-201-202-203-co-und-rauchmelder\/\" \/>\n<meta property=\"og:site_name\" content=\"CEM Test Instruments GmbH\" \/>\n<meta property=\"article:modified_time\" content=\"2025-05-25T21:03:39+00:00\" \/>\n<meta property=\"og:image\" content=\"https:\/\/res.cloudinary.com\/dathdmgqz\/images\/f_auto,q_auto\/v1748206863\/screenshot-1748206155484_3293190d66\/screenshot-1748206155484_3293190d66.png?_i=AA\" \/>\n\t<meta property=\"og:image:width\" content=\"217\" \/>\n\t<meta property=\"og:image:height\" content=\"227\" \/>\n\t<meta property=\"og:image:type\" content=\"image\/png\" \/>\n<meta name=\"twitter:card\" content=\"summary_large_image\" \/>\n<meta name=\"twitter:label1\" content=\"Gesch\u00e4tzte Lesezeit\" \/>\n\t<meta name=\"twitter:data1\" content=\"3\u00a0Minuten\" \/>\n<script type=\"application\/ld+json\" class=\"yoast-schema-graph\">{\"@context\":\"https:\/\/schema.org\",\"@graph\":[{\"@type\":\"WebPage\",\"@id\":\"https:\/\/cem-instruments.de\/de\/product\/gd-201-202-203-co-und-rauchmelder\/\",\"url\":\"https:\/\/cem-instruments.de\/de\/product\/gd-201-202-203-co-und-rauchmelder\/\",\"name\":\"GD-201\/202\/203 CO- und Rauchmelder - CEM Test Instruments GmbH\",\"isPartOf\":{\"@id\":\"https:\/\/cem-instruments.de\/de\/#website\"},\"primaryImageOfPage\":{\"@id\":\"https:\/\/cem-instruments.de\/de\/product\/gd-201-202-203-co-und-rauchmelder\/#primaryimage\"},\"image\":{\"@id\":\"https:\/\/cem-instruments.de\/de\/product\/gd-201-202-203-co-und-rauchmelder\/#primaryimage\"},\"thumbnailUrl\":\"https:\/\/res.cloudinary.com\/dathdmgqz\/images\/f_auto,q_auto\/v1748206863\/screenshot-1748206155484_3293190d66\/screenshot-1748206155484_3293190d66.png?_i=AA\",\"datePublished\":\"2025-05-25T21:02:17+00:00\",\"dateModified\":\"2025-05-25T21:03:39+00:00\",\"description\":\"DT-70 ist ein handliches Messger\u00e4t f\u00fcr die schnelle Pr\u00fcfung von Speise\u00f6len. Es kann die Temperatur des Speise\u00f6ls sowie den TPM-Wert anzeigen. Der TPM-Wert (Total Polar Materials) erm\u00f6glicht eine Aussage \u00fcber die Alterung von Speise\u00f6len durch die Einwirkung von Hitze.\",\"breadcrumb\":{\"@id\":\"https:\/\/cem-instruments.de\/de\/product\/gd-201-202-203-co-und-rauchmelder\/#breadcrumb\"},\"inLanguage\":\"de\",\"potentialAction\":[{\"@type\":\"ReadAction\",\"target\":[\"https:\/\/cem-instruments.de\/de\/product\/gd-201-202-203-co-und-rauchmelder\/\"]}]},{\"@type\":\"ImageObject\",\"inLanguage\":\"de\",\"@id\":\"https:\/\/cem-instruments.de\/de\/product\/gd-201-202-203-co-und-rauchmelder\/#primaryimage\",\"url\":\"https:\/\/res.cloudinary.com\/dathdmgqz\/images\/f_auto,q_auto\/v1748206863\/screenshot-1748206155484_3293190d66\/screenshot-1748206155484_3293190d66.png?_i=AA\",\"contentUrl\":\"https:\/\/res.cloudinary.com\/dathdmgqz\/images\/f_auto,q_auto\/v1748206863\/screenshot-1748206155484_3293190d66\/screenshot-1748206155484_3293190d66.png?_i=AA\",\"width\":217,\"height\":227},{\"@type\":\"BreadcrumbList\",\"@id\":\"https:\/\/cem-instruments.de\/de\/product\/gd-201-202-203-co-und-rauchmelder\/#breadcrumb\",\"itemListElement\":[{\"@type\":\"ListItem\",\"position\":1,\"name\":\"Home\",\"item\":\"https:\/\/cem-instruments.de\/de\/\"},{\"@type\":\"ListItem\",\"position\":2,\"name\":\"Products\",\"item\":\"https:\/\/cem-instruments.de\/de\/shop\/\"},{\"@type\":\"ListItem\",\"position\":3,\"name\":\"GD-201\/202\/203 CO- und Rauchmelder\"}]},{\"@type\":\"WebSite\",\"@id\":\"https:\/\/cem-instruments.de\/de\/#website\",\"url\":\"https:\/\/cem-instruments.de\/de\/\",\"name\":\"CEM Test Instruments GmbH\",\"description\":\"CEM Test Instruments GmbH\",\"publisher\":{\"@id\":\"https:\/\/cem-instruments.de\/de\/#organization\"},\"alternateName\":\"best partner for electronic instruments\",\"potentialAction\":[{\"@type\":\"SearchAction\",\"target\":{\"@type\":\"EntryPoint\",\"urlTemplate\":\"https:\/\/cem-instruments.de\/de\/?s={search_term_string}\"},\"query-input\":{\"@type\":\"PropertyValueSpecification\",\"valueRequired\":true,\"valueName\":\"search_term_string\"}}],\"inLanguage\":\"de\"},{\"@type\":\"Organization\",\"@id\":\"https:\/\/cem-instruments.de\/de\/#organization\",\"name\":\"CEM Test Instruments GmbH\",\"url\":\"https:\/\/cem-instruments.de\/de\/\",\"logo\":{\"@type\":\"ImageObject\",\"inLanguage\":\"de\",\"@id\":\"https:\/\/cem-instruments.de\/de\/#\/schema\/logo\/image\/\",\"url\":\"https:\/\/res.cloudinary.com\/dathdmgqz\/images\/f_auto,q_auto\/v1728637129\/cropped-2024-10-11-10_57_57-cem-instruments.de-\u2013-CEM-instruments-GmbH\/cropped-2024-10-11-10_57_57-cem-instruments.de-\u2013-CEM-instruments-GmbH.jpg?_i=AA\",\"contentUrl\":\"https:\/\/res.cloudinary.com\/dathdmgqz\/images\/f_auto,q_auto\/v1728637129\/cropped-2024-10-11-10_57_57-cem-instruments.de-\u2013-CEM-instruments-GmbH\/cropped-2024-10-11-10_57_57-cem-instruments.de-\u2013-CEM-instruments-GmbH.jpg?_i=AA\",\"width\":512,\"height\":512,\"caption\":\"CEM Test Instruments GmbH\"},\"image\":{\"@id\":\"https:\/\/cem-instruments.de\/de\/#\/schema\/logo\/image\/\"}}]}<\/script>\n<!-- \/ Yoast SEO plugin. -->","yoast_head_json":{"title":"GD-201\/202\/203 CO- und Rauchmelder - CEM Test Instruments GmbH","description":"DT-70 ist ein handliches Messger\u00e4t f\u00fcr die schnelle Pr\u00fcfung von Speise\u00f6len. Es kann die Temperatur des Speise\u00f6ls sowie den TPM-Wert anzeigen. Der TPM-Wert (Total Polar Materials) erm\u00f6glicht eine Aussage \u00fcber die Alterung von Speise\u00f6len durch die Einwirkung von Hitze.","robots":{"index":"index","follow":"follow","max-snippet":"max-snippet:-1","max-image-preview":"max-image-preview:large","max-video-preview":"max-video-preview:-1"},"canonical":"https:\/\/cem-instruments.de\/de\/product\/gd-201-202-203-co-und-rauchmelder\/","og_locale":"de_DE","og_type":"article","og_title":"GD-201\/202\/203 CO- und Rauchmelder - CEM Test Instruments GmbH","og_description":"DT-70 ist ein handliches Messger\u00e4t f\u00fcr die schnelle Pr\u00fcfung von Speise\u00f6len. Es kann die Temperatur des Speise\u00f6ls sowie den TPM-Wert anzeigen. Der TPM-Wert (Total Polar Materials) erm\u00f6glicht eine Aussage \u00fcber die Alterung von Speise\u00f6len durch die Einwirkung von Hitze.","og_url":"https:\/\/cem-instruments.de\/de\/product\/gd-201-202-203-co-und-rauchmelder\/","og_site_name":"CEM Test Instruments GmbH","article_modified_time":"2025-05-25T21:03:39+00:00","og_image":[{"width":217,"height":227,"url":"https:\/\/res.cloudinary.com\/dathdmgqz\/images\/f_auto,q_auto\/v1748206863\/screenshot-1748206155484_3293190d66\/screenshot-1748206155484_3293190d66.png?_i=AA","type":"image\/png"}],"twitter_card":"summary_large_image","twitter_misc":{"Gesch\u00e4tzte Lesezeit":"3\u00a0Minuten"},"schema":{"@context":"https:\/\/schema.org","@graph":[{"@type":"WebPage","@id":"https:\/\/cem-instruments.de\/de\/product\/gd-201-202-203-co-und-rauchmelder\/","url":"https:\/\/cem-instruments.de\/de\/product\/gd-201-202-203-co-und-rauchmelder\/","name":"GD-201\/202\/203 CO- und Rauchmelder - CEM Test Instruments GmbH","isPartOf":{"@id":"https:\/\/cem-instruments.de\/de\/#website"},"primaryImageOfPage":{"@id":"https:\/\/cem-instruments.de\/de\/product\/gd-201-202-203-co-und-rauchmelder\/#primaryimage"},"image":{"@id":"https:\/\/cem-instruments.de\/de\/product\/gd-201-202-203-co-und-rauchmelder\/#primaryimage"},"thumbnailUrl":"https:\/\/res.cloudinary.com\/dathdmgqz\/images\/f_auto,q_auto\/v1748206863\/screenshot-1748206155484_3293190d66\/screenshot-1748206155484_3293190d66.png?_i=AA","datePublished":"2025-05-25T21:02:17+00:00","dateModified":"2025-05-25T21:03:39+00:00","description":"DT-70 ist ein handliches Messger\u00e4t f\u00fcr die schnelle Pr\u00fcfung von Speise\u00f6len. Es kann die Temperatur des Speise\u00f6ls sowie den TPM-Wert anzeigen. Der TPM-Wert (Total Polar Materials) erm\u00f6glicht eine Aussage \u00fcber die Alterung von Speise\u00f6len durch die Einwirkung von Hitze.","breadcrumb":{"@id":"https:\/\/cem-instruments.de\/de\/product\/gd-201-202-203-co-und-rauchmelder\/#breadcrumb"},"inLanguage":"de","potentialAction":[{"@type":"ReadAction","target":["https:\/\/cem-instruments.de\/de\/product\/gd-201-202-203-co-und-rauchmelder\/"]}]},{"@type":"ImageObject","inLanguage":"de","@id":"https:\/\/cem-instruments.de\/de\/product\/gd-201-202-203-co-und-rauchmelder\/#primaryimage","url":"https:\/\/res.cloudinary.com\/dathdmgqz\/images\/f_auto,q_auto\/v1748206863\/screenshot-1748206155484_3293190d66\/screenshot-1748206155484_3293190d66.png?_i=AA","contentUrl":"https:\/\/res.cloudinary.com\/dathdmgqz\/images\/f_auto,q_auto\/v1748206863\/screenshot-1748206155484_3293190d66\/screenshot-1748206155484_3293190d66.png?_i=AA","width":217,"height":227},{"@type":"BreadcrumbList","@id":"https:\/\/cem-instruments.de\/de\/product\/gd-201-202-203-co-und-rauchmelder\/#breadcrumb","itemListElement":[{"@type":"ListItem","position":1,"name":"Home","item":"https:\/\/cem-instruments.de\/de\/"},{"@type":"ListItem","position":2,"name":"Products","item":"https:\/\/cem-instruments.de\/de\/shop\/"},{"@type":"ListItem","position":3,"name":"GD-201\/202\/203 CO- und Rauchmelder"}]},{"@type":"WebSite","@id":"https:\/\/cem-instruments.de\/de\/#website","url":"https:\/\/cem-instruments.de\/de\/","name":"CEM Test Instruments GmbH","description":"CEM Test Instruments GmbH","publisher":{"@id":"https:\/\/cem-instruments.de\/de\/#organization"},"alternateName":"best partner for electronic instruments","potentialAction":[{"@type":"SearchAction","target":{"@type":"EntryPoint","urlTemplate":"https:\/\/cem-instruments.de\/de\/?s={search_term_string}"},"query-input":{"@type":"PropertyValueSpecification","valueRequired":true,"valueName":"search_term_string"}}],"inLanguage":"de"},{"@type":"Organization","@id":"https:\/\/cem-instruments.de\/de\/#organization","name":"CEM Test Instruments GmbH","url":"https:\/\/cem-instruments.de\/de\/","logo":{"@type":"ImageObject","inLanguage":"de","@id":"https:\/\/cem-instruments.de\/de\/#\/schema\/logo\/image\/","url":"https:\/\/res.cloudinary.com\/dathdmgqz\/images\/f_auto,q_auto\/v1728637129\/cropped-2024-10-11-10_57_57-cem-instruments.de-\u2013-CEM-instruments-GmbH\/cropped-2024-10-11-10_57_57-cem-instruments.de-\u2013-CEM-instruments-GmbH.jpg?_i=AA","contentUrl":"https:\/\/res.cloudinary.com\/dathdmgqz\/images\/f_auto,q_auto\/v1728637129\/cropped-2024-10-11-10_57_57-cem-instruments.de-\u2013-CEM-instruments-GmbH\/cropped-2024-10-11-10_57_57-cem-instruments.de-\u2013-CEM-instruments-GmbH.jpg?_i=AA","width":512,"height":512,"caption":"CEM Test Instruments GmbH"},"image":{"@id":"https:\/\/cem-instruments.de\/de\/#\/schema\/logo\/image\/"}}]}},"_links":{"self":[{"href":"https:\/\/cem-instruments.de\/de\/wp-json\/wp\/v2\/product\/32938","targetHints":{"allow":["GET"]}}],"collection":[{"href":"https:\/\/cem-instruments.de\/de\/wp-json\/wp\/v2\/product"}],"about":[{"href":"https:\/\/cem-instruments.de\/de\/wp-json\/wp\/v2\/types\/product"}],"version-history":[{"count":4,"href":"https:\/\/cem-instruments.de\/de\/wp-json\/wp\/v2\/product\/32938\/revisions"}],"predecessor-version":[{"id":32942,"href":"https:\/\/cem-instruments.de\/de\/wp-json\/wp\/v2\/product\/32938\/revisions\/32942"}],"wp:featuredmedia":[{"embeddable":true,"href":"https:\/\/cem-instruments.de\/de\/wp-json\/wp\/v2\/media\/32931"}],"wp:attachment":[{"href":"https:\/\/cem-instruments.de\/de\/wp-json\/wp\/v2\/media?parent=32938"}],"wp:term":[{"taxonomy":"product_brand","embeddable":true,"href":"https:\/\/cem-instruments.de\/de\/wp-json\/wp\/v2\/product_brand?post=32938"},{"taxonomy":"product_cat","embeddable":true,"href":"https:\/\/cem-instruments.de\/de\/wp-json\/wp\/v2\/product_cat?post=32938"},{"taxonomy":"product_tag","embeddable":true,"href":"https:\/\/cem-instruments.de\/de\/wp-json\/wp\/v2\/product_tag?post=32938"}],"curies":[{"name":"wp","href":"https:\/\/api.w.org\/{rel}","templated":true}]}}