{"id":372,"date":"2023-08-27T11:59:19","date_gmt":"2023-08-27T09:59:19","guid":{"rendered":"http:\/\/dummy.xtemos.com\/woodmart2\/elementor\/?post_type=product&#038;p=372"},"modified":"2025-01-25T16:10:11","modified_gmt":"2025-01-25T15:10:11","slug":"dt9989-oszilloskop","status":"publish","type":"product","link":"https:\/\/cem-instruments.de\/de\/product\/dt9989-oszilloskop\/","title":{"rendered":"DT-9989 Professionelles True-RMS-Industrie-Multimeter\/Oszilloskop mit TFT-Farb-LCD-Display"},"content":{"rendered":"\t\t<div data-elementor-type=\"wp-post\" data-elementor-id=\"372\" class=\"elementor elementor-372\" data-elementor-post-type=\"product\">\n\t\t\t\t<div class=\"elementor-element elementor-element-4dd098bb e-con-full e-flex e-con e-child\" data-id=\"4dd098bb\" data-element_type=\"container\">\n\t\t<div class=\"elementor-element elementor-element-1fa0d91e e-con-full e-flex e-con e-child\" data-id=\"1fa0d91e\" data-element_type=\"container\">\n\t\t\t\t<div class=\"elementor-element elementor-element-5c14b601 e-n-tabs-mobile elementor-widget elementor-widget-n-tabs\" data-id=\"5c14b601\" data-element_type=\"widget\" data-settings=\"{&quot;tabs_justify_horizontal&quot;:&quot;start&quot;,&quot;horizontal_scroll&quot;:&quot;disable&quot;}\" data-widget_type=\"nested-tabs.default\">\n\t\t\t\t<div class=\"elementor-widget-container\">\n\t\t\t\t\t\t\t<div class=\"e-n-tabs\" data-widget-number=\"1544861185\" aria-label=\"Tabs. Open items with Enter or Space, close with Escape and navigate using the Arrow keys.\">\n\t\t\t<div class=\"e-n-tabs-heading\" role=\"tablist\">\n\t\t\t\t\t<button id=\"e-n-tab-title-15448611851\" class=\"e-n-tab-title\" aria-selected=\"true\" data-tab-index=\"1\" role=\"tab\" tabindex=\"0\" aria-controls=\"e-n-tab-content-15448611851\" style=\"--n-tabs-title-order: 1;\">\n\t\t\t\t\t\t<span class=\"e-n-tab-title-text\">\n\t\t\t\tDESCRIPTION\t\t\t<\/span>\n\t\t<\/button>\n\t\t\t\t<button id=\"e-n-tab-title-15448611852\" class=\"e-n-tab-title\" aria-selected=\"false\" data-tab-index=\"2\" role=\"tab\" tabindex=\"-1\" aria-controls=\"e-n-tab-content-15448611852\" style=\"--n-tabs-title-order: 2;\">\n\t\t\t\t\t\t<span class=\"e-n-tab-title-text\">\n\t\t\t\tspecification\t\t\t<\/span>\n\t\t<\/button>\n\t\t\t\t<button id=\"e-n-tab-title-15448611853\" class=\"e-n-tab-title\" aria-selected=\"false\" data-tab-index=\"3\" role=\"tab\" tabindex=\"-1\" aria-controls=\"e-n-tab-content-15448611853\" style=\"--n-tabs-title-order: 3;\">\n\t\t\t\t\t\t<span class=\"e-n-tab-title-text\">\n\t\t\t\tResources\t\t\t<\/span>\n\t\t<\/button>\n\t\t\t\t\t<\/div>\n\t\t\t<div class=\"e-n-tabs-content\">\n\t\t\t\t<div id=\"e-n-tab-content-15448611851\" role=\"tabpanel\" aria-labelledby=\"e-n-tab-title-15448611851\" data-tab-index=\"1\" style=\"--n-tabs-title-order: 1;\" class=\"e-active elementor-element elementor-element-417f8ca7 e-con-full e-flex e-con e-child\" data-id=\"417f8ca7\" data-element_type=\"container\">\n\t\t<div class=\"wd-negative-gap elementor-element elementor-element-2f637271 e-flex e-con-boxed e-con e-child\" data-id=\"2f637271\" data-element_type=\"container\">\n\t\t\t\t\t<div class=\"e-con-inner\">\n\t\t\t\t<div class=\"elementor-element elementor-element-3b23531e elementor-widget elementor-widget-wd_text_block\" data-id=\"3b23531e\" data-element_type=\"widget\" data-widget_type=\"wd_text_block.default\">\n\t\t\t\t<div class=\"elementor-widget-container\">\n\t\t\t\t\t\t\t<div class=\"wd-text-block reset-last-child text-left\">\n\t\t\t\n\t\t\t<p>9989 Professionelles True-RMS-Industrie-Digitalmultimeter mit Oszilloskopfunktion und TFT-Farb-LCD-Display. Es bietet schnelle A\/D-Wandlung, hohe Genauigkeit, integrierte Datenprotokollierung und Trendaufzeichnungsfunktionen.<\/p><p>Meter Box Pro-Software und Cloud-Server-Unterst\u00fctzung erm\u00f6glichen die \u00dcbertragung der gemessenen Daten auf das Smartphone des Kunden zur Bearbeitung und Speicherung.<\/p><h4><strong>Eigenschaften:<\/strong><\/h4>\n\t\t\t\t\t<\/div>\n\t\t\t\t\t\t<\/div>\n\t\t\t\t<\/div>\n\t\t\t\t\t<\/div>\n\t\t\t\t<\/div>\n\t\t<div class=\"elementor-element elementor-element-2550477 e-con-full e-flex e-con e-child\" data-id=\"2550477\" data-element_type=\"container\">\n\t\t\t\t<div class=\"elementor-element elementor-element-08def0f elementor-widget elementor-widget-wd_image_or_svg\" data-id=\"08def0f\" data-element_type=\"widget\" data-widget_type=\"wd_image_or_svg.default\">\n\t\t\t\t<div class=\"elementor-widget-container\">\n\t\t\t\t\t\n\t\t<div class=\"wd-image text-left\">\n\t\t\t\t\t\t\t\t<img width=\"498\" height=\"372\" data-public-id=\"eletrical tools pic\/DT-9989\/q4ufgb0pvvmnwflin80d\/q4ufgb0pvvmnwflin80d.png\" fetchpriority=\"high\" decoding=\"async\" src=\"https:\/\/res.cloudinary.com\/dathdmgqz\/images\/w_498,h_372,c_scale\/f_auto,q_auto\/v1728293117\/eletrical tools pic\/DT-9989\/q4ufgb0pvvmnwflin80d\/q4ufgb0pvvmnwflin80d.png?_i=AA\" class=\"attachment-full size-full wp-image-30556\" alt=\"\" data-format=\"png\" data-transformations=\"f_auto,q_auto\" data-version=\"1728293117\" data-seo=\"1\" data-responsive=\"1\" srcset=\"https:\/\/res.cloudinary.com\/dathdmgqz\/images\/w_498,h_372,c_scale\/f_auto,q_auto\/v1728293117\/eletrical tools pic\/DT-9989\/q4ufgb0pvvmnwflin80d\/q4ufgb0pvvmnwflin80d.png?_i=AA 498w, https:\/\/res.cloudinary.com\/dathdmgqz\/images\/w_448,h_334,c_scale\/f_auto,q_auto\/v1728293117\/eletrical tools pic\/DT-9989\/q4ufgb0pvvmnwflin80d\/q4ufgb0pvvmnwflin80d.png?_i=AA 448w, https:\/\/res.cloudinary.com\/dathdmgqz\/images\/w_248,h_185,c_scale\/f_auto,q_auto\/v1728293117\/eletrical tools pic\/DT-9989\/q4ufgb0pvvmnwflin80d\/q4ufgb0pvvmnwflin80d.png?_i=AA 248w\" sizes=\"(max-width: 498px) 100vw, 498px\" \/>\t\t\t\t\t<\/div>\n\n\t\t\t\t\t\t<\/div>\n\t\t\t\t<\/div>\n\t\t\t\t<\/div>\n\t\t\t\t<\/div>\n\t\t<div id=\"e-n-tab-content-15448611852\" role=\"tabpanel\" aria-labelledby=\"e-n-tab-title-15448611852\" data-tab-index=\"2\" style=\"--n-tabs-title-order: 2;\" class=\" elementor-element elementor-element-7ff136dc e-con-full e-flex e-con e-child\" data-id=\"7ff136dc\" data-element_type=\"container\">\n\t\t<div class=\"wd-negative-gap elementor-element elementor-element-c94fbd2 e-flex e-con-boxed e-con e-child\" data-id=\"c94fbd2\" data-element_type=\"container\">\n\t\t\t\t\t<div class=\"e-con-inner\">\n\t\t\t\t<div class=\"elementor-element elementor-element-5f4213f elementor-widget elementor-widget-wd_image_or_svg\" data-id=\"5f4213f\" data-element_type=\"widget\" data-widget_type=\"wd_image_or_svg.default\">\n\t\t\t\t<div class=\"elementor-widget-container\">\n\t\t\t\t\t\n\t\t<div class=\"wd-image text-left\">\n\t\t\t\t\t\t\t\t<img width=\"547\" height=\"520\" data-public-id=\"eletrical tools pic\/DT-9989\/h4dzbpbnjdloz4dprtto\/h4dzbpbnjdloz4dprtto.png\" decoding=\"async\" src=\"https:\/\/res.cloudinary.com\/dathdmgqz\/images\/w_547,h_520,c_scale\/f_auto,q_auto\/v1728293117\/eletrical tools pic\/DT-9989\/h4dzbpbnjdloz4dprtto\/h4dzbpbnjdloz4dprtto.png?_i=AA\" class=\"attachment-full size-full wp-image-30552\" alt=\"\" data-format=\"png\" data-transformations=\"f_auto,q_auto\" data-version=\"1728293117\" data-seo=\"1\" data-responsive=\"1\" srcset=\"https:\/\/res.cloudinary.com\/dathdmgqz\/images\/w_547,h_520,c_scale\/f_auto,q_auto\/v1728293117\/eletrical tools pic\/DT-9989\/h4dzbpbnjdloz4dprtto\/h4dzbpbnjdloz4dprtto.png?_i=AA 547w, https:\/\/res.cloudinary.com\/dathdmgqz\/images\/w_448,h_425,c_scale\/f_auto,q_auto\/v1728293117\/eletrical tools pic\/DT-9989\/h4dzbpbnjdloz4dprtto\/h4dzbpbnjdloz4dprtto.png?_i=AA 448w, https:\/\/res.cloudinary.com\/dathdmgqz\/images\/w_248,h_235,c_scale\/f_auto,q_auto\/v1728293117\/eletrical tools pic\/DT-9989\/h4dzbpbnjdloz4dprtto\/h4dzbpbnjdloz4dprtto.png?_i=AA 248w\" sizes=\"(max-width: 547px) 100vw, 547px\" \/>\t\t\t\t\t<\/div>\n\n\t\t\t\t\t\t<\/div>\n\t\t\t\t<\/div>\n\t\t\t\t\t<\/div>\n\t\t\t\t<\/div>\n\t\t\t\t<\/div>\n\t\t<div id=\"e-n-tab-content-15448611853\" role=\"tabpanel\" aria-labelledby=\"e-n-tab-title-15448611853\" data-tab-index=\"3\" style=\"--n-tabs-title-order: 3;\" class=\" elementor-element elementor-element-199d93c e-con-full e-flex e-con e-child\" data-id=\"199d93c\" data-element_type=\"container\">\n\t\t<div class=\"elementor-element elementor-element-e9200ae e-con-full e-flex e-con e-child\" data-id=\"e9200ae\" data-element_type=\"container\">\n\t\t\t\t<div class=\"elementor-element elementor-element-98c1ac2 elementor-widget elementor-widget-wd_list\" data-id=\"98c1ac2\" data-element_type=\"widget\" data-widget_type=\"wd_list.default\">\n\t\t\t\t<div class=\"elementor-widget-container\">\n\t\t\t\t\t\t\t<ul class=\"wd-list color-scheme- wd-fontsize-xs wd-type-icon wd-style-default text-left\">\n\t\t\t\t\t\t\t\t\t\t\t<li class=\"elementor-repeater-item-fe163c2\">\n\t\t\t\t\t\t\t\t\t\t\t<span class=\"wd-icon\"><svg class=\"e-font-icon-svg e-fas-star\" viewBox=\"0 0 576 512\" xmlns=\"http:\/\/www.w3.org\/2000\/svg\"><path d=\"M259.3 17.8L194 150.2 47.9 171.5c-26.2 3.8-36.7 36.1-17.7 54.6l105.7 103-25 145.5c-4.5 26.3 23.2 46 46.4 33.7L288 439.6l130.7 68.7c23.2 12.2 50.9-7.4 46.4-33.7l-25-145.5 105.7-103c19-18.5 8.5-50.8-17.7-54.6L382 150.2 316.7 17.8c-11.7-23.6-45.6-23.9-57.4 0z\"><\/path><\/svg><\/span>\t\t\t\t\t\n\t\t\t\t\t<span class=\"wd-list-content list-content\">\n\t\t\t\t\t\tapplication note\t\t\t\t\t<\/span>\n\n\t\t\t\t\t\t\t\t\t<\/li>\n\t\t\t\t\t<\/ul>\n\n\t\t\t\t\t\t<\/div>\n\t\t\t\t<\/div>\n\t\t\t\t<div class=\"elementor-element elementor-element-33cea28 elementor-widget elementor-widget-wd_list\" data-id=\"33cea28\" data-element_type=\"widget\" data-widget_type=\"wd_list.default\">\n\t\t\t\t<div class=\"elementor-widget-container\">\n\t\t\t\t\t\t\t<ul class=\"wd-list color-scheme-custom wd-fontsize-xs wd-type-icon wd-style-default text-left\">\n\t\t\t\t\t\t\t\t\t\t\t<li class=\"elementor-repeater-item-fe163c2\">\n\t\t\t\t\t\t\t\t\t\t\t<span class=\"wd-icon\"><svg class=\"e-font-icon-svg e-fas-star\" viewBox=\"0 0 576 512\" xmlns=\"http:\/\/www.w3.org\/2000\/svg\"><path d=\"M259.3 17.8L194 150.2 47.9 171.5c-26.2 3.8-36.7 36.1-17.7 54.6l105.7 103-25 145.5c-4.5 26.3 23.2 46 46.4 33.7L288 439.6l130.7 68.7c23.2 12.2 50.9-7.4 46.4-33.7l-25-145.5 105.7-103c19-18.5 8.5-50.8-17.7-54.6L382 150.2 316.7 17.8c-11.7-23.6-45.6-23.9-57.4 0z\"><\/path><\/svg><\/span>\t\t\t\t\t\n\t\t\t\t\t<span class=\"wd-list-content list-content\">\n\t\t\t\t\t\tdatasheet\t\t\t\t\t<\/span>\n\n\t\t\t\t\t\t\t\t\t<\/li>\n\t\t\t\t\t\t\t\t\t\t\t<li class=\"elementor-repeater-item-66113ab\">\n\t\t\t\t\t\t\t\t\t\t\t<span class=\"wd-icon\"><svg class=\"e-font-icon-svg e-fas-star\" viewBox=\"0 0 576 512\" xmlns=\"http:\/\/www.w3.org\/2000\/svg\"><path d=\"M259.3 17.8L194 150.2 47.9 171.5c-26.2 3.8-36.7 36.1-17.7 54.6l105.7 103-25 145.5c-4.5 26.3 23.2 46 46.4 33.7L288 439.6l130.7 68.7c23.2 12.2 50.9-7.4 46.4-33.7l-25-145.5 105.7-103c19-18.5 8.5-50.8-17.7-54.6L382 150.2 316.7 17.8c-11.7-23.6-45.6-23.9-57.4 0z\"><\/path><\/svg><\/span>\t\t\t\t\t\n\t\t\t\t\t<span class=\"wd-list-content list-content\">\n\t\t\t\t\t\tuser manual\t\t\t\t\t<\/span>\n\n\t\t\t\t\t\n\t\t\t\t\t\t<a  href=\"https:\/\/cemtestinstrumentsgmbh357-my.sharepoint.com\/:b:\/g\/personal\/sh_li_cemtestinstrumentsgmbh357_onmicrosoft_com\/EUUbTZM0vxhLnl7HfJ2j3QABpnLpOXYlSawqbl4IW_QA0w?e=DWxoWj\" class=\"wd-fill\" aria-label=\"List item link\" target=\"_blank\" rel=\"nofollow\"><\/a>\n\t\t\t\t\t\t\t\t\t<\/li>\n\t\t\t\t\t<\/ul>\n\n\t\t\t\t\t\t<\/div>\n\t\t\t\t<\/div>\n\t\t\t\t<\/div>\n\t\t\t\t<\/div>\n\t\t\t\t\t<\/div>\n\t\t<\/div>\n\t\t\t\t\t\t<\/div>\n\t\t\t\t<\/div>\n\t\t\t\t<\/div>\n\t\t\t\t<\/div>\n\t\t\t\t<\/div>\n\t\t","protected":false},"excerpt":{"rendered":"<p>9989 Professionelles True-RMS-Industrie-Digitalmultimeter mit Oszilloskopfunktion und TFT-Farb-LCD-Display. Es bietet schnelle A\/D-Wandlung, hohe Genauigkeit, integrierte Datenprotokollierung und Trendaufzeichnungsfunktionen.<\/p>\n<p>Meter Box Pro-Software und Cloud-Server-Unterst\u00fctzung erm\u00f6glichen die \u00dcbertragung der gemessenen Daten auf das Smartphone des Kunden zur Bearbeitung und Speicherung.<\/p>\n","protected":false},"featured_media":30058,"template":"","meta":{"_cloudinary_featured_overwrite":false},"product_brand":[],"product_cat":[333,386],"product_tag":[],"class_list":{"0":"post-372","1":"product","2":"type-product","3":"status-publish","4":"has-post-thumbnail","6":"product_cat-electrical_tools","7":"product_cat-digital_multimeters","9":"first","10":"instock","11":"shipping-taxable","12":"product-type-simple"},"yoast_head":"<!-- This site is optimized with the Yoast SEO plugin v24.3 - https:\/\/yoast.com\/wordpress\/plugins\/seo\/ -->\n<title>DT-9989 Professionelles True-RMS-Industrie-Multimeter\/Oszilloskop mit TFT-Farb-LCD-Display - CEM Test Instruments GmbH<\/title>\n<meta name=\"description\" content=\"9989 Professionelles True-RMS-Industrie-Digitalmultimeter mit Oszilloskopfunktion und TFT-Farb-LCD-Display. Es bietet schnelle A\/D-Wandlung, hohe Genauigkeit, integrierte Datenprotokollierung und Trendaufzeichnungsfunktionen. Meter Box Pro-Software und Cloud-Server-Unterst\u00fctzung erm\u00f6glichen die \u00dcbertragung der gemessenen Daten auf das Smartphone des Kunden zur Bearbeitung und Speicherung.\" \/>\n<meta name=\"robots\" content=\"index, follow, max-snippet:-1, max-image-preview:large, max-video-preview:-1\" \/>\n<link rel=\"canonical\" href=\"https:\/\/cem-instruments.de\/de\/product\/dt9989-oszilloskop\/\" \/>\n<meta property=\"og:locale\" content=\"de_DE\" \/>\n<meta property=\"og:type\" content=\"article\" \/>\n<meta property=\"og:title\" content=\"DT-9989 Professionelles True-RMS-Industrie-Multimeter\/Oszilloskop mit TFT-Farb-LCD-Display - CEM Test Instruments GmbH\" \/>\n<meta property=\"og:description\" content=\"9989 Professionelles True-RMS-Industrie-Digitalmultimeter mit Oszilloskopfunktion und TFT-Farb-LCD-Display. Es bietet schnelle A\/D-Wandlung, hohe Genauigkeit, integrierte Datenprotokollierung und Trendaufzeichnungsfunktionen. Meter Box Pro-Software und Cloud-Server-Unterst\u00fctzung erm\u00f6glichen die \u00dcbertragung der gemessenen Daten auf das Smartphone des Kunden zur Bearbeitung und Speicherung.\" \/>\n<meta property=\"og:url\" content=\"https:\/\/cem-instruments.de\/de\/product\/dt9989-oszilloskop\/\" \/>\n<meta property=\"og:site_name\" content=\"CEM Test Instruments GmbH\" \/>\n<meta property=\"article:modified_time\" content=\"2025-01-25T15:10:11+00:00\" \/>\n<meta property=\"og:image\" content=\"https:\/\/res.cloudinary.com\/dathdmgqz\/images\/f_auto,q_auto\/v1727712952\/eletrical tools pic\/DT-9989\/btau6uygtfeo2fdgzkcy\/btau6uygtfeo2fdgzkcy.png?_i=AA\" \/>\n\t<meta property=\"og:image:width\" content=\"540\" \/>\n\t<meta property=\"og:image:height\" content=\"720\" \/>\n\t<meta property=\"og:image:type\" content=\"image\/png\" \/>\n<meta name=\"twitter:card\" content=\"summary_large_image\" \/>\n<meta name=\"twitter:label1\" content=\"Gesch\u00e4tzte Lesezeit\" \/>\n\t<meta name=\"twitter:data1\" content=\"2\u00a0Minuten\" \/>\n<script type=\"application\/ld+json\" class=\"yoast-schema-graph\">{\"@context\":\"https:\/\/schema.org\",\"@graph\":[{\"@type\":\"WebPage\",\"@id\":\"https:\/\/cem-instruments.de\/de\/product\/dt9989-oszilloskop\/\",\"url\":\"https:\/\/cem-instruments.de\/de\/product\/dt9989-oszilloskop\/\",\"name\":\"DT-9989 Professionelles True-RMS-Industrie-Multimeter\/Oszilloskop mit TFT-Farb-LCD-Display - CEM Test Instruments GmbH\",\"isPartOf\":{\"@id\":\"https:\/\/cem-instruments.de\/de\/#website\"},\"primaryImageOfPage\":{\"@id\":\"https:\/\/cem-instruments.de\/de\/product\/dt9989-oszilloskop\/#primaryimage\"},\"image\":{\"@id\":\"https:\/\/cem-instruments.de\/de\/product\/dt9989-oszilloskop\/#primaryimage\"},\"thumbnailUrl\":\"https:\/\/res.cloudinary.com\/dathdmgqz\/images\/f_auto,q_auto\/v1727712952\/eletrical tools pic\/DT-9989\/btau6uygtfeo2fdgzkcy\/btau6uygtfeo2fdgzkcy.png?_i=AA\",\"datePublished\":\"2023-08-27T09:59:19+00:00\",\"dateModified\":\"2025-01-25T15:10:11+00:00\",\"description\":\"9989 Professionelles True-RMS-Industrie-Digitalmultimeter mit Oszilloskopfunktion und TFT-Farb-LCD-Display. Es bietet schnelle A\/D-Wandlung, hohe Genauigkeit, integrierte Datenprotokollierung und Trendaufzeichnungsfunktionen. Meter Box Pro-Software und Cloud-Server-Unterst\u00fctzung erm\u00f6glichen die \u00dcbertragung der gemessenen Daten auf das Smartphone des Kunden zur Bearbeitung und Speicherung.\",\"breadcrumb\":{\"@id\":\"https:\/\/cem-instruments.de\/de\/product\/dt9989-oszilloskop\/#breadcrumb\"},\"inLanguage\":\"de\",\"potentialAction\":[{\"@type\":\"ReadAction\",\"target\":[\"https:\/\/cem-instruments.de\/de\/product\/dt9989-oszilloskop\/\"]}]},{\"@type\":\"ImageObject\",\"inLanguage\":\"de\",\"@id\":\"https:\/\/cem-instruments.de\/de\/product\/dt9989-oszilloskop\/#primaryimage\",\"url\":\"https:\/\/res.cloudinary.com\/dathdmgqz\/images\/f_auto,q_auto\/v1727712952\/eletrical tools pic\/DT-9989\/btau6uygtfeo2fdgzkcy\/btau6uygtfeo2fdgzkcy.png?_i=AA\",\"contentUrl\":\"https:\/\/res.cloudinary.com\/dathdmgqz\/images\/f_auto,q_auto\/v1727712952\/eletrical tools pic\/DT-9989\/btau6uygtfeo2fdgzkcy\/btau6uygtfeo2fdgzkcy.png?_i=AA\",\"width\":540,\"height\":720},{\"@type\":\"BreadcrumbList\",\"@id\":\"https:\/\/cem-instruments.de\/de\/product\/dt9989-oszilloskop\/#breadcrumb\",\"itemListElement\":[{\"@type\":\"ListItem\",\"position\":1,\"name\":\"Home\",\"item\":\"https:\/\/cem-instruments.de\/de\/\"},{\"@type\":\"ListItem\",\"position\":2,\"name\":\"Products\",\"item\":\"https:\/\/cem-instruments.de\/de\/shop\/\"},{\"@type\":\"ListItem\",\"position\":3,\"name\":\"DT-9989 Professionelles True-RMS-Industrie-Multimeter\/Oszilloskop mit TFT-Farb-LCD-Display\"}]},{\"@type\":\"WebSite\",\"@id\":\"https:\/\/cem-instruments.de\/de\/#website\",\"url\":\"https:\/\/cem-instruments.de\/de\/\",\"name\":\"CEM Test Instruments GmbH\",\"description\":\"CEM Test Instruments GmbH\",\"publisher\":{\"@id\":\"https:\/\/cem-instruments.de\/de\/#organization\"},\"alternateName\":\"best partner for electronic instruments\",\"potentialAction\":[{\"@type\":\"SearchAction\",\"target\":{\"@type\":\"EntryPoint\",\"urlTemplate\":\"https:\/\/cem-instruments.de\/de\/?s={search_term_string}\"},\"query-input\":{\"@type\":\"PropertyValueSpecification\",\"valueRequired\":true,\"valueName\":\"search_term_string\"}}],\"inLanguage\":\"de\"},{\"@type\":\"Organization\",\"@id\":\"https:\/\/cem-instruments.de\/de\/#organization\",\"name\":\"CEM Test Instruments GmbH\",\"url\":\"https:\/\/cem-instruments.de\/de\/\",\"logo\":{\"@type\":\"ImageObject\",\"inLanguage\":\"de\",\"@id\":\"https:\/\/cem-instruments.de\/de\/#\/schema\/logo\/image\/\",\"url\":\"https:\/\/res.cloudinary.com\/dathdmgqz\/images\/f_auto,q_auto\/v1728637129\/cropped-2024-10-11-10_57_57-cem-instruments.de-\u2013-CEM-instruments-GmbH\/cropped-2024-10-11-10_57_57-cem-instruments.de-\u2013-CEM-instruments-GmbH.jpg?_i=AA\",\"contentUrl\":\"https:\/\/res.cloudinary.com\/dathdmgqz\/images\/f_auto,q_auto\/v1728637129\/cropped-2024-10-11-10_57_57-cem-instruments.de-\u2013-CEM-instruments-GmbH\/cropped-2024-10-11-10_57_57-cem-instruments.de-\u2013-CEM-instruments-GmbH.jpg?_i=AA\",\"width\":512,\"height\":512,\"caption\":\"CEM Test Instruments GmbH\"},\"image\":{\"@id\":\"https:\/\/cem-instruments.de\/de\/#\/schema\/logo\/image\/\"}}]}<\/script>\n<!-- \/ Yoast SEO plugin. -->","yoast_head_json":{"title":"DT-9989 Professionelles True-RMS-Industrie-Multimeter\/Oszilloskop mit TFT-Farb-LCD-Display - CEM Test Instruments GmbH","description":"9989 Professionelles True-RMS-Industrie-Digitalmultimeter mit Oszilloskopfunktion und TFT-Farb-LCD-Display. Es bietet schnelle A\/D-Wandlung, hohe Genauigkeit, integrierte Datenprotokollierung und Trendaufzeichnungsfunktionen. Meter Box Pro-Software und Cloud-Server-Unterst\u00fctzung erm\u00f6glichen die \u00dcbertragung der gemessenen Daten auf das Smartphone des Kunden zur Bearbeitung und Speicherung.","robots":{"index":"index","follow":"follow","max-snippet":"max-snippet:-1","max-image-preview":"max-image-preview:large","max-video-preview":"max-video-preview:-1"},"canonical":"https:\/\/cem-instruments.de\/de\/product\/dt9989-oszilloskop\/","og_locale":"de_DE","og_type":"article","og_title":"DT-9989 Professionelles True-RMS-Industrie-Multimeter\/Oszilloskop mit TFT-Farb-LCD-Display - CEM Test Instruments GmbH","og_description":"9989 Professionelles True-RMS-Industrie-Digitalmultimeter mit Oszilloskopfunktion und TFT-Farb-LCD-Display. Es bietet schnelle A\/D-Wandlung, hohe Genauigkeit, integrierte Datenprotokollierung und Trendaufzeichnungsfunktionen. Meter Box Pro-Software und Cloud-Server-Unterst\u00fctzung erm\u00f6glichen die \u00dcbertragung der gemessenen Daten auf das Smartphone des Kunden zur Bearbeitung und Speicherung.","og_url":"https:\/\/cem-instruments.de\/de\/product\/dt9989-oszilloskop\/","og_site_name":"CEM Test Instruments GmbH","article_modified_time":"2025-01-25T15:10:11+00:00","og_image":[{"width":540,"height":720,"url":"https:\/\/res.cloudinary.com\/dathdmgqz\/images\/f_auto,q_auto\/v1727712952\/eletrical tools pic\/DT-9989\/btau6uygtfeo2fdgzkcy\/btau6uygtfeo2fdgzkcy.png?_i=AA","type":"image\/png"}],"twitter_card":"summary_large_image","twitter_misc":{"Gesch\u00e4tzte Lesezeit":"2\u00a0Minuten"},"schema":{"@context":"https:\/\/schema.org","@graph":[{"@type":"WebPage","@id":"https:\/\/cem-instruments.de\/de\/product\/dt9989-oszilloskop\/","url":"https:\/\/cem-instruments.de\/de\/product\/dt9989-oszilloskop\/","name":"DT-9989 Professionelles True-RMS-Industrie-Multimeter\/Oszilloskop mit TFT-Farb-LCD-Display - CEM Test Instruments GmbH","isPartOf":{"@id":"https:\/\/cem-instruments.de\/de\/#website"},"primaryImageOfPage":{"@id":"https:\/\/cem-instruments.de\/de\/product\/dt9989-oszilloskop\/#primaryimage"},"image":{"@id":"https:\/\/cem-instruments.de\/de\/product\/dt9989-oszilloskop\/#primaryimage"},"thumbnailUrl":"https:\/\/res.cloudinary.com\/dathdmgqz\/images\/f_auto,q_auto\/v1727712952\/eletrical tools pic\/DT-9989\/btau6uygtfeo2fdgzkcy\/btau6uygtfeo2fdgzkcy.png?_i=AA","datePublished":"2023-08-27T09:59:19+00:00","dateModified":"2025-01-25T15:10:11+00:00","description":"9989 Professionelles True-RMS-Industrie-Digitalmultimeter mit Oszilloskopfunktion und TFT-Farb-LCD-Display. Es bietet schnelle A\/D-Wandlung, hohe Genauigkeit, integrierte Datenprotokollierung und Trendaufzeichnungsfunktionen. Meter Box Pro-Software und Cloud-Server-Unterst\u00fctzung erm\u00f6glichen die \u00dcbertragung der gemessenen Daten auf das Smartphone des Kunden zur Bearbeitung und Speicherung.","breadcrumb":{"@id":"https:\/\/cem-instruments.de\/de\/product\/dt9989-oszilloskop\/#breadcrumb"},"inLanguage":"de","potentialAction":[{"@type":"ReadAction","target":["https:\/\/cem-instruments.de\/de\/product\/dt9989-oszilloskop\/"]}]},{"@type":"ImageObject","inLanguage":"de","@id":"https:\/\/cem-instruments.de\/de\/product\/dt9989-oszilloskop\/#primaryimage","url":"https:\/\/res.cloudinary.com\/dathdmgqz\/images\/f_auto,q_auto\/v1727712952\/eletrical tools pic\/DT-9989\/btau6uygtfeo2fdgzkcy\/btau6uygtfeo2fdgzkcy.png?_i=AA","contentUrl":"https:\/\/res.cloudinary.com\/dathdmgqz\/images\/f_auto,q_auto\/v1727712952\/eletrical tools pic\/DT-9989\/btau6uygtfeo2fdgzkcy\/btau6uygtfeo2fdgzkcy.png?_i=AA","width":540,"height":720},{"@type":"BreadcrumbList","@id":"https:\/\/cem-instruments.de\/de\/product\/dt9989-oszilloskop\/#breadcrumb","itemListElement":[{"@type":"ListItem","position":1,"name":"Home","item":"https:\/\/cem-instruments.de\/de\/"},{"@type":"ListItem","position":2,"name":"Products","item":"https:\/\/cem-instruments.de\/de\/shop\/"},{"@type":"ListItem","position":3,"name":"DT-9989 Professionelles True-RMS-Industrie-Multimeter\/Oszilloskop mit TFT-Farb-LCD-Display"}]},{"@type":"WebSite","@id":"https:\/\/cem-instruments.de\/de\/#website","url":"https:\/\/cem-instruments.de\/de\/","name":"CEM Test Instruments GmbH","description":"CEM Test Instruments GmbH","publisher":{"@id":"https:\/\/cem-instruments.de\/de\/#organization"},"alternateName":"best partner for electronic instruments","potentialAction":[{"@type":"SearchAction","target":{"@type":"EntryPoint","urlTemplate":"https:\/\/cem-instruments.de\/de\/?s={search_term_string}"},"query-input":{"@type":"PropertyValueSpecification","valueRequired":true,"valueName":"search_term_string"}}],"inLanguage":"de"},{"@type":"Organization","@id":"https:\/\/cem-instruments.de\/de\/#organization","name":"CEM Test Instruments GmbH","url":"https:\/\/cem-instruments.de\/de\/","logo":{"@type":"ImageObject","inLanguage":"de","@id":"https:\/\/cem-instruments.de\/de\/#\/schema\/logo\/image\/","url":"https:\/\/res.cloudinary.com\/dathdmgqz\/images\/f_auto,q_auto\/v1728637129\/cropped-2024-10-11-10_57_57-cem-instruments.de-\u2013-CEM-instruments-GmbH\/cropped-2024-10-11-10_57_57-cem-instruments.de-\u2013-CEM-instruments-GmbH.jpg?_i=AA","contentUrl":"https:\/\/res.cloudinary.com\/dathdmgqz\/images\/f_auto,q_auto\/v1728637129\/cropped-2024-10-11-10_57_57-cem-instruments.de-\u2013-CEM-instruments-GmbH\/cropped-2024-10-11-10_57_57-cem-instruments.de-\u2013-CEM-instruments-GmbH.jpg?_i=AA","width":512,"height":512,"caption":"CEM Test Instruments GmbH"},"image":{"@id":"https:\/\/cem-instruments.de\/de\/#\/schema\/logo\/image\/"}}]}},"_links":{"self":[{"href":"https:\/\/cem-instruments.de\/de\/wp-json\/wp\/v2\/product\/372","targetHints":{"allow":["GET"]}}],"collection":[{"href":"https:\/\/cem-instruments.de\/de\/wp-json\/wp\/v2\/product"}],"about":[{"href":"https:\/\/cem-instruments.de\/de\/wp-json\/wp\/v2\/types\/product"}],"version-history":[{"count":4,"href":"https:\/\/cem-instruments.de\/de\/wp-json\/wp\/v2\/product\/372\/revisions"}],"predecessor-version":[{"id":32285,"href":"https:\/\/cem-instruments.de\/de\/wp-json\/wp\/v2\/product\/372\/revisions\/32285"}],"wp:featuredmedia":[{"embeddable":true,"href":"https:\/\/cem-instruments.de\/de\/wp-json\/wp\/v2\/media\/30058"}],"wp:attachment":[{"href":"https:\/\/cem-instruments.de\/de\/wp-json\/wp\/v2\/media?parent=372"}],"wp:term":[{"taxonomy":"product_brand","embeddable":true,"href":"https:\/\/cem-instruments.de\/de\/wp-json\/wp\/v2\/product_brand?post=372"},{"taxonomy":"product_cat","embeddable":true,"href":"https:\/\/cem-instruments.de\/de\/wp-json\/wp\/v2\/product_cat?post=372"},{"taxonomy":"product_tag","embeddable":true,"href":"https:\/\/cem-instruments.de\/de\/wp-json\/wp\/v2\/product_tag?post=372"}],"curies":[{"name":"wp","href":"https:\/\/api.w.org\/{rel}","templated":true}]}}